{"id":18022,"date":"2022-08-18T20:00:35","date_gmt":"2022-08-19T01:00:35","guid":{"rendered":"https:\/\/www.mexicanguitarplayers.com\/tienda\/sin%20categor\u00eda\/formula-music-nomad-drum-detailer\/"},"modified":"2026-05-01T07:36:47","modified_gmt":"2026-05-01T13:36:47","slug":"formula-music-nomad-drum-detailer","status":"publish","type":"product","link":"https:\/\/www.mexicanguitarplayers.com\/en\/tienda\/accesorios\/para-bateria\/cuidado-y-proteccion\/formula-music-nomad-drum-detailer\/","title":{"rendered":"FORMULA MUSIC NOMAD DRUM DETAILER"},"content":{"rendered":"<div style=\"text-align: justify\">\n<div>\n<h3>FORMULA MUSIC NOMAD DRUM DETAILER<\/h3>\n<\/div>\n<div>Drum Set Formula, Safely Cleans Your Complete Set Quickly and Easily, A Single Spray of Our Spray Cleans Tumblers, Hardware, Electronic Pads, and Drum Banks, Can Even Clean Dirt and Grime on Cymbals, Safe on all matte and lacquer finishes, silicone-free and water-based formulation, cleans, shines and protects, removes fingerprints, dust and grime, advanced biodegradable formula, UV protectors to reduce sun damage, shine enhancer, smells good, anti-static, dust-repellent formula, 100% PET bottle, environmentally friendly, 8 oz (240 ml) content.<\/div>\n<\/div>","protected":false},"excerpt":{"rendered":"<p>F\u00f3rmula para set de bater\u00eda, limpia de forma segura tu set completo de una forma r\u00e1pida y sencilla, una sola rociada de nuestro atomizador limpia vasos, hardware, pads electr\u00f3nicos y bancos de bater\u00eda, puede limpiar incluso suciedad y mugre en platillos, es seguro en todos los terminados mate y laca, formulaci\u00f3n a base de agua y libre de silicona, limpieza, brillo y protecci\u00f3n, remueve huellas dactilares, polvo y mugre, f\u00f3rmula biodegradable avanzada, protectores UV para disminuir el da\u00f1o solar, intensificador de brillo, huele bien, f\u00f3rmula antiest\u00e1tica que repele el polvo, botella 100% PET, amigable con el medio ambiente, contenido 8 oz (240 ml).&hellip; <a class=\"kt-excerpt-readmore more-link\" href=\"https:\/\/www.mexicanguitarplayers.com\/en\/tienda\/accesorios\/para-bateria\/cuidado-y-proteccion\/formula-music-nomad-drum-detailer\/\">Read more<\/a><\/p>","protected":false},"featured_media":18021,"comment_status":"open","ping_status":"closed","template":"","meta":{"kt_blocks_editor_width":""},"pwb-brand":[622],"product_brand":[],"product_cat":[85,421,306],"product_tag":[],"class_list":{"0":"post-18022","1":"product","2":"type-product","3":"status-publish","4":"has-post-thumbnail","6":"pwb-brand-music-nomad","7":"product_cat-accesorios","8":"product_cat-cuidado-y-proteccion","9":"product_cat-para-bateria","10":"product_shipping_class-0-5-kg","12":"first","13":"instock","14":"taxable","15":"shipping-taxable","16":"purchasable","17":"product-type-simple"},"yoast_head":"<!-- This site is optimized with the Yoast SEO plugin v27.5 - https:\/\/yoast.com\/product\/yoast-seo-wordpress\/ -->\n<title>FORMULA MUSIC NOMAD DRUM DETAILER - Mexican Guitar Players<\/title>\n<meta name=\"description\" content=\"FORMULA MUSIC NOMAD DRUM DETAILER. F\u00f3rmula para set de bater\u00eda, limpia de forma segura tu set completo de una forma r\u00e1pida y sencilla, una sola rociada de nuestro atomizador limpia vasos, hardware, pads electr\u00f3nicos y bancos de bater\u00eda, puede limpiar incluso suciedad y mugre en platillos, es seguro en todos los terminados mate y laca, formulaci\u00f3n a base de agua y libre de silicona, limpieza, brillo y protecci\u00f3n, remueve huellas dactilares, polvo y mugre, f\u00f3rmula biodegradable avanzada, protectores UV para disminuir el da\u00f1o solar, intensificador de brillo, huele bien, f\u00f3rmula antiest\u00e1tica que repele el polvo, botella 100% PET, amigable con el medio ambiente, contenido 8 oz (240 ml).\" \/>\n<meta name=\"robots\" content=\"index, follow, max-snippet:-1, max-image-preview:large, max-video-preview:-1\" \/>\n<link rel=\"canonical\" href=\"https:\/\/www.mexicanguitarplayers.com\/en\/tienda\/accesorios\/para-bateria\/cuidado-y-proteccion\/formula-music-nomad-drum-detailer\/\" \/>\n<meta property=\"og:locale\" content=\"en_US\" \/>\n<meta property=\"og:type\" content=\"article\" \/>\n<meta property=\"og:title\" content=\"FORMULA MUSIC NOMAD DRUM DETAILER - Mexican Guitar Players\" \/>\n<meta property=\"og:description\" content=\"FORMULA MUSIC NOMAD DRUM DETAILER. F\u00f3rmula para set de bater\u00eda, limpia de forma segura tu set completo de una forma r\u00e1pida y sencilla, una sola rociada de nuestro atomizador limpia vasos, hardware, pads electr\u00f3nicos y bancos de bater\u00eda, puede limpiar incluso suciedad y mugre en platillos, es seguro en todos los terminados mate y laca, formulaci\u00f3n a base de agua y libre de silicona, limpieza, brillo y protecci\u00f3n, remueve huellas dactilares, polvo y mugre, f\u00f3rmula biodegradable avanzada, protectores UV para disminuir el da\u00f1o solar, intensificador de brillo, huele bien, f\u00f3rmula antiest\u00e1tica que repele el polvo, botella 100% PET, amigable con el medio ambiente, contenido 8 oz (240 ml).\" \/>\n<meta property=\"og:url\" content=\"https:\/\/www.mexicanguitarplayers.com\/en\/tienda\/accesorios\/para-bateria\/cuidado-y-proteccion\/formula-music-nomad-drum-detailer\/\" \/>\n<meta property=\"og:site_name\" content=\"Mexican Guitar Players\" \/>\n<meta property=\"article:modified_time\" content=\"2026-05-01T13:36:47+00:00\" \/>\n<meta property=\"og:image\" content=\"https:\/\/www.mexicanguitarplayers.com\/wp-content\/uploads\/2022\/08\/RAMNDMN110.jpg\" \/>\n\t<meta property=\"og:image:width\" content=\"800\" \/>\n\t<meta property=\"og:image:height\" content=\"1600\" \/>\n\t<meta property=\"og:image:type\" content=\"image\/jpeg\" \/>\n<meta name=\"twitter:card\" content=\"summary_large_image\" \/>\n<meta name=\"twitter:label1\" content=\"Est. reading time\" \/>\n\t<meta name=\"twitter:data1\" content=\"1 minute\" \/>\n<script type=\"application\/ld+json\" class=\"yoast-schema-graph\">{\"@context\":\"https:\\\/\\\/schema.org\",\"@graph\":[{\"@type\":[\"WebPage\",\"ItemPage\"],\"@id\":\"https:\\\/\\\/www.mexicanguitarplayers.com\\\/tienda\\\/accesorios\\\/para-bateria\\\/cuidado-y-proteccion\\\/formula-music-nomad-drum-detailer\\\/\",\"url\":\"https:\\\/\\\/www.mexicanguitarplayers.com\\\/tienda\\\/accesorios\\\/para-bateria\\\/cuidado-y-proteccion\\\/formula-music-nomad-drum-detailer\\\/\",\"name\":\"FORMULA MUSIC NOMAD DRUM DETAILER - Mexican Guitar Players\",\"isPartOf\":{\"@id\":\"https:\\\/\\\/www.mexicanguitarplayers.com\\\/#website\"},\"primaryImageOfPage\":{\"@id\":\"https:\\\/\\\/www.mexicanguitarplayers.com\\\/tienda\\\/accesorios\\\/para-bateria\\\/cuidado-y-proteccion\\\/formula-music-nomad-drum-detailer\\\/#primaryimage\"},\"image\":{\"@id\":\"https:\\\/\\\/www.mexicanguitarplayers.com\\\/tienda\\\/accesorios\\\/para-bateria\\\/cuidado-y-proteccion\\\/formula-music-nomad-drum-detailer\\\/#primaryimage\"},\"thumbnailUrl\":\"https:\\\/\\\/www.mexicanguitarplayers.com\\\/wp-content\\\/uploads\\\/2022\\\/08\\\/RAMNDMN110.jpg\",\"datePublished\":\"2022-08-19T01:00:35+00:00\",\"dateModified\":\"2026-05-01T13:36:47+00:00\",\"description\":\"FORMULA MUSIC NOMAD DRUM DETAILER. F\u00f3rmula para set de bater\u00eda, limpia de forma segura tu set completo de una forma r\u00e1pida y sencilla, una sola rociada de nuestro atomizador limpia vasos, hardware, pads electr\u00f3nicos y bancos de bater\u00eda, puede limpiar incluso suciedad y mugre en platillos, es seguro en todos los terminados mate y laca, formulaci\u00f3n a base de agua y libre de silicona, limpieza, brillo y protecci\u00f3n, remueve huellas dactilares, polvo y mugre, f\u00f3rmula biodegradable avanzada, protectores UV para disminuir el da\u00f1o solar, intensificador de brillo, huele bien, f\u00f3rmula antiest\u00e1tica que repele el polvo, botella 100% PET, amigable con el medio ambiente, contenido 8 oz (240 ml).\",\"breadcrumb\":{\"@id\":\"https:\\\/\\\/www.mexicanguitarplayers.com\\\/tienda\\\/accesorios\\\/para-bateria\\\/cuidado-y-proteccion\\\/formula-music-nomad-drum-detailer\\\/#breadcrumb\"},\"inLanguage\":\"en-US\",\"potentialAction\":[{\"@type\":\"ReadAction\",\"target\":[\"https:\\\/\\\/www.mexicanguitarplayers.com\\\/tienda\\\/accesorios\\\/para-bateria\\\/cuidado-y-proteccion\\\/formula-music-nomad-drum-detailer\\\/\"]}]},{\"@type\":\"ImageObject\",\"inLanguage\":\"en-US\",\"@id\":\"https:\\\/\\\/www.mexicanguitarplayers.com\\\/tienda\\\/accesorios\\\/para-bateria\\\/cuidado-y-proteccion\\\/formula-music-nomad-drum-detailer\\\/#primaryimage\",\"url\":\"https:\\\/\\\/www.mexicanguitarplayers.com\\\/wp-content\\\/uploads\\\/2022\\\/08\\\/RAMNDMN110.jpg\",\"contentUrl\":\"https:\\\/\\\/www.mexicanguitarplayers.com\\\/wp-content\\\/uploads\\\/2022\\\/08\\\/RAMNDMN110.jpg\",\"width\":800,\"height\":1600},{\"@type\":\"BreadcrumbList\",\"@id\":\"https:\\\/\\\/www.mexicanguitarplayers.com\\\/tienda\\\/accesorios\\\/para-bateria\\\/cuidado-y-proteccion\\\/formula-music-nomad-drum-detailer\\\/#breadcrumb\",\"itemListElement\":[{\"@type\":\"ListItem\",\"position\":1,\"name\":\"Portada\",\"item\":\"https:\\\/\\\/www.mexicanguitarplayers.com\\\/\"},{\"@type\":\"ListItem\",\"position\":2,\"name\":\"Tienda\",\"item\":\"https:\\\/\\\/www.mexicanguitarplayers.com\\\/tienda\\\/\"},{\"@type\":\"ListItem\",\"position\":3,\"name\":\"FORMULA MUSIC NOMAD DRUM DETAILER\"}]},{\"@type\":\"WebSite\",\"@id\":\"https:\\\/\\\/www.mexicanguitarplayers.com\\\/#website\",\"url\":\"https:\\\/\\\/www.mexicanguitarplayers.com\\\/\",\"name\":\"Mexican Guitar Players\",\"description\":\"Website\",\"publisher\":{\"@id\":\"https:\\\/\\\/www.mexicanguitarplayers.com\\\/#organization\"},\"potentialAction\":[{\"@type\":\"SearchAction\",\"target\":{\"@type\":\"EntryPoint\",\"urlTemplate\":\"https:\\\/\\\/www.mexicanguitarplayers.com\\\/?s={search_term_string}\"},\"query-input\":{\"@type\":\"PropertyValueSpecification\",\"valueRequired\":true,\"valueName\":\"search_term_string\"}}],\"inLanguage\":\"en-US\"},{\"@type\":\"Organization\",\"@id\":\"https:\\\/\\\/www.mexicanguitarplayers.com\\\/#organization\",\"name\":\"Mexican Guitar Players\",\"url\":\"https:\\\/\\\/www.mexicanguitarplayers.com\\\/\",\"logo\":{\"@type\":\"ImageObject\",\"inLanguage\":\"en-US\",\"@id\":\"https:\\\/\\\/www.mexicanguitarplayers.com\\\/#\\\/schema\\\/logo\\\/image\\\/\",\"url\":\"\",\"contentUrl\":\"\",\"caption\":\"Mexican Guitar Players\"},\"image\":{\"@id\":\"https:\\\/\\\/www.mexicanguitarplayers.com\\\/#\\\/schema\\\/logo\\\/image\\\/\"}}]}<\/script>\n<!-- \/ Yoast SEO plugin. -->","yoast_head_json":{"title":"FORMULA MUSIC NOMAD DRUM DETAILER - Mexican Guitar Players","description":"FORMULA MUSIC NOMAD DRUM DETAILER. F\u00f3rmula para set de bater\u00eda, limpia de forma segura tu set completo de una forma r\u00e1pida y sencilla, una sola rociada de nuestro atomizador limpia vasos, hardware, pads electr\u00f3nicos y bancos de bater\u00eda, puede limpiar incluso suciedad y mugre en platillos, es seguro en todos los terminados mate y laca, formulaci\u00f3n a base de agua y libre de silicona, limpieza, brillo y protecci\u00f3n, remueve huellas dactilares, polvo y mugre, f\u00f3rmula biodegradable avanzada, protectores UV para disminuir el da\u00f1o solar, intensificador de brillo, huele bien, f\u00f3rmula antiest\u00e1tica que repele el polvo, botella 100% PET, amigable con el medio ambiente, contenido 8 oz (240 ml).","robots":{"index":"index","follow":"follow","max-snippet":"max-snippet:-1","max-image-preview":"max-image-preview:large","max-video-preview":"max-video-preview:-1"},"canonical":"https:\/\/www.mexicanguitarplayers.com\/en\/tienda\/accesorios\/para-bateria\/cuidado-y-proteccion\/formula-music-nomad-drum-detailer\/","og_locale":"en_US","og_type":"article","og_title":"FORMULA MUSIC NOMAD DRUM DETAILER - Mexican Guitar Players","og_description":"FORMULA MUSIC NOMAD DRUM DETAILER. F\u00f3rmula para set de bater\u00eda, limpia de forma segura tu set completo de una forma r\u00e1pida y sencilla, una sola rociada de nuestro atomizador limpia vasos, hardware, pads electr\u00f3nicos y bancos de bater\u00eda, puede limpiar incluso suciedad y mugre en platillos, es seguro en todos los terminados mate y laca, formulaci\u00f3n a base de agua y libre de silicona, limpieza, brillo y protecci\u00f3n, remueve huellas dactilares, polvo y mugre, f\u00f3rmula biodegradable avanzada, protectores UV para disminuir el da\u00f1o solar, intensificador de brillo, huele bien, f\u00f3rmula antiest\u00e1tica que repele el polvo, botella 100% PET, amigable con el medio ambiente, contenido 8 oz (240 ml).","og_url":"https:\/\/www.mexicanguitarplayers.com\/en\/tienda\/accesorios\/para-bateria\/cuidado-y-proteccion\/formula-music-nomad-drum-detailer\/","og_site_name":"Mexican Guitar Players","article_modified_time":"2026-05-01T13:36:47+00:00","og_image":[{"width":800,"height":1600,"url":"https:\/\/www.mexicanguitarplayers.com\/wp-content\/uploads\/2022\/08\/RAMNDMN110.jpg","type":"image\/jpeg"}],"twitter_card":"summary_large_image","twitter_misc":{"Est. reading time":"1 minute"},"schema":{"@context":"https:\/\/schema.org","@graph":[{"@type":["WebPage","ItemPage"],"@id":"https:\/\/www.mexicanguitarplayers.com\/tienda\/accesorios\/para-bateria\/cuidado-y-proteccion\/formula-music-nomad-drum-detailer\/","url":"https:\/\/www.mexicanguitarplayers.com\/tienda\/accesorios\/para-bateria\/cuidado-y-proteccion\/formula-music-nomad-drum-detailer\/","name":"FORMULA MUSIC NOMAD DRUM DETAILER - Mexican Guitar Players","isPartOf":{"@id":"https:\/\/www.mexicanguitarplayers.com\/#website"},"primaryImageOfPage":{"@id":"https:\/\/www.mexicanguitarplayers.com\/tienda\/accesorios\/para-bateria\/cuidado-y-proteccion\/formula-music-nomad-drum-detailer\/#primaryimage"},"image":{"@id":"https:\/\/www.mexicanguitarplayers.com\/tienda\/accesorios\/para-bateria\/cuidado-y-proteccion\/formula-music-nomad-drum-detailer\/#primaryimage"},"thumbnailUrl":"https:\/\/www.mexicanguitarplayers.com\/wp-content\/uploads\/2022\/08\/RAMNDMN110.jpg","datePublished":"2022-08-19T01:00:35+00:00","dateModified":"2026-05-01T13:36:47+00:00","description":"FORMULA MUSIC NOMAD DRUM DETAILER. F\u00f3rmula para set de bater\u00eda, limpia de forma segura tu set completo de una forma r\u00e1pida y sencilla, una sola rociada de nuestro atomizador limpia vasos, hardware, pads electr\u00f3nicos y bancos de bater\u00eda, puede limpiar incluso suciedad y mugre en platillos, es seguro en todos los terminados mate y laca, formulaci\u00f3n a base de agua y libre de silicona, limpieza, brillo y protecci\u00f3n, remueve huellas dactilares, polvo y mugre, f\u00f3rmula biodegradable avanzada, protectores UV para disminuir el da\u00f1o solar, intensificador de brillo, huele bien, f\u00f3rmula antiest\u00e1tica que repele el polvo, botella 100% PET, amigable con el medio ambiente, contenido 8 oz (240 ml).","breadcrumb":{"@id":"https:\/\/www.mexicanguitarplayers.com\/tienda\/accesorios\/para-bateria\/cuidado-y-proteccion\/formula-music-nomad-drum-detailer\/#breadcrumb"},"inLanguage":"en-US","potentialAction":[{"@type":"ReadAction","target":["https:\/\/www.mexicanguitarplayers.com\/tienda\/accesorios\/para-bateria\/cuidado-y-proteccion\/formula-music-nomad-drum-detailer\/"]}]},{"@type":"ImageObject","inLanguage":"en-US","@id":"https:\/\/www.mexicanguitarplayers.com\/tienda\/accesorios\/para-bateria\/cuidado-y-proteccion\/formula-music-nomad-drum-detailer\/#primaryimage","url":"https:\/\/www.mexicanguitarplayers.com\/wp-content\/uploads\/2022\/08\/RAMNDMN110.jpg","contentUrl":"https:\/\/www.mexicanguitarplayers.com\/wp-content\/uploads\/2022\/08\/RAMNDMN110.jpg","width":800,"height":1600},{"@type":"BreadcrumbList","@id":"https:\/\/www.mexicanguitarplayers.com\/tienda\/accesorios\/para-bateria\/cuidado-y-proteccion\/formula-music-nomad-drum-detailer\/#breadcrumb","itemListElement":[{"@type":"ListItem","position":1,"name":"Portada","item":"https:\/\/www.mexicanguitarplayers.com\/"},{"@type":"ListItem","position":2,"name":"Tienda","item":"https:\/\/www.mexicanguitarplayers.com\/tienda\/"},{"@type":"ListItem","position":3,"name":"FORMULA MUSIC NOMAD DRUM DETAILER"}]},{"@type":"WebSite","@id":"https:\/\/www.mexicanguitarplayers.com\/#website","url":"https:\/\/www.mexicanguitarplayers.com\/","name":"Mexican Guitar Players","description":"Website","publisher":{"@id":"https:\/\/www.mexicanguitarplayers.com\/#organization"},"potentialAction":[{"@type":"SearchAction","target":{"@type":"EntryPoint","urlTemplate":"https:\/\/www.mexicanguitarplayers.com\/?s={search_term_string}"},"query-input":{"@type":"PropertyValueSpecification","valueRequired":true,"valueName":"search_term_string"}}],"inLanguage":"en-US"},{"@type":"Organization","@id":"https:\/\/www.mexicanguitarplayers.com\/#organization","name":"Mexican Guitar Players","url":"https:\/\/www.mexicanguitarplayers.com\/","logo":{"@type":"ImageObject","inLanguage":"en-US","@id":"https:\/\/www.mexicanguitarplayers.com\/#\/schema\/logo\/image\/","url":"","contentUrl":"","caption":"Mexican Guitar Players"},"image":{"@id":"https:\/\/www.mexicanguitarplayers.com\/#\/schema\/logo\/image\/"}}]}},"brands":[{"id":622,"name":"MUSIC NOMAD","slug":"music-nomad"}],"_links":{"self":[{"href":"https:\/\/www.mexicanguitarplayers.com\/en\/wp-json\/wp\/v2\/product\/18022","targetHints":{"allow":["GET"]}}],"collection":[{"href":"https:\/\/www.mexicanguitarplayers.com\/en\/wp-json\/wp\/v2\/product"}],"about":[{"href":"https:\/\/www.mexicanguitarplayers.com\/en\/wp-json\/wp\/v2\/types\/product"}],"replies":[{"embeddable":true,"href":"https:\/\/www.mexicanguitarplayers.com\/en\/wp-json\/wp\/v2\/comments?post=18022"}],"wp:featuredmedia":[{"embeddable":true,"href":"https:\/\/www.mexicanguitarplayers.com\/en\/wp-json\/wp\/v2\/media\/18021"}],"wp:attachment":[{"href":"https:\/\/www.mexicanguitarplayers.com\/en\/wp-json\/wp\/v2\/media?parent=18022"}],"wp:term":[{"taxonomy":"pwb-brand","embeddable":true,"href":"https:\/\/www.mexicanguitarplayers.com\/en\/wp-json\/wp\/v2\/pwb-brand?post=18022"},{"taxonomy":"product_brand","embeddable":true,"href":"https:\/\/www.mexicanguitarplayers.com\/en\/wp-json\/wp\/v2\/product_brand?post=18022"},{"taxonomy":"product_cat","embeddable":true,"href":"https:\/\/www.mexicanguitarplayers.com\/en\/wp-json\/wp\/v2\/product_cat?post=18022"},{"taxonomy":"product_tag","embeddable":true,"href":"https:\/\/www.mexicanguitarplayers.com\/en\/wp-json\/wp\/v2\/product_tag?post=18022"}],"curies":[{"name":"wp","href":"https:\/\/api.w.org\/{rel}","templated":true}]}}