{"id":18040,"date":"2022-08-18T20:01:09","date_gmt":"2022-08-19T01:01:09","guid":{"rendered":"https:\/\/www.mexicanguitarplayers.com\/tienda\/sin%20categor\u00eda\/limpiador-music-nomad-trastes-frine-kit\/"},"modified":"2026-05-01T07:36:45","modified_gmt":"2026-05-01T13:36:45","slug":"limpiador-music-nomad-trastes-frine-kit","status":"publish","type":"product","link":"https:\/\/www.mexicanguitarplayers.com\/en\/tienda\/accesorios\/para-alientos\/cuidado-y-proteccion-para-alientos\/limpiador-music-nomad-trastes-frine-kit\/","title":{"rendered":"MUSIC NOMAD FRET CLEANER FRINE KIT"},"content":{"rendered":"<div style=\"text-align: justify\">\n<div>\n<h3>MUSIC NOMAD FRET CLEANER FRINE KIT<\/h3>\n<\/div>\n<div>FRINE Fret Polish Kit, Revolutionary Petroleum-Free Formula, Designed To Clean And Polish All Frets Safely And Quickly, 30ml, 3 Fingerboard Protectors With Grip Handle Keeps Them Out Of The Way And Curved Angle Contours designed for all fingerboards, one of each for all fret slot sizes: small, medium and jumbo, microfiber chamois cloth specially designed to work with our 8\u201d x 6\u201d FRINE fret polish and machine washable , safe for all metal frets.<\/div>\n<\/div>","protected":false},"excerpt":{"rendered":"<p>Kit de pulido de trastes FRINE, f\u00f3rmula revolucionaria sin petr\u00f3leo, dise\u00f1ada para limpiar y pulir todos los trastes de forma segura y r\u00e1pida, 30 ml, 3 protectores de diapas\u00f3n con mango de agarre que evita que se interpongan en el camino y contornos de \u00e1ngulo curvo dise\u00f1ado para todos los diapasones, uno de cada uno para todos los tama\u00f1os de ranura de traste: peque\u00f1o, mediano y jumbo, pa\u00f1o de microfibra de gamuza especialmente dise\u00f1ado para trabajar con nuestro pulidos de trastes FRINE de 8\u201d x 6\u201d y lavable en lavadora, seguro para todos los trastes de metal.&hellip; <a class=\"kt-excerpt-readmore more-link\" href=\"https:\/\/www.mexicanguitarplayers.com\/en\/tienda\/accesorios\/para-alientos\/cuidado-y-proteccion-para-alientos\/limpiador-music-nomad-trastes-frine-kit\/\">Read more<\/a><\/p>","protected":false},"featured_media":18035,"comment_status":"open","ping_status":"closed","template":"","meta":{"kt_blocks_editor_width":""},"pwb-brand":[622],"product_brand":[],"product_cat":[85,620,441],"product_tag":[],"class_list":{"0":"post-18040","1":"product","2":"type-product","3":"status-publish","4":"has-post-thumbnail","6":"pwb-brand-music-nomad","7":"product_cat-accesorios","8":"product_cat-cuidado-y-proteccion-para-alientos","9":"product_cat-para-alientos","10":"product_shipping_class-0-5-kg","12":"first","13":"instock","14":"taxable","15":"shipping-taxable","16":"purchasable","17":"product-type-simple"},"yoast_head":"<!-- This site is optimized with the Yoast SEO plugin v27.5 - https:\/\/yoast.com\/product\/yoast-seo-wordpress\/ -->\n<title>LIMPIADOR MUSIC NOMAD TRASTES FRINE KIT - Mexican Guitar Players<\/title>\n<meta name=\"description\" content=\"LIMPIADOR MUSIC NOMAD TRASTES FRINE KIT. Kit de pulido de trastes FRINE, f\u00f3rmula revolucionaria sin petr\u00f3leo, dise\u00f1ada para limpiar y pulir todos los trastes de forma segura y r\u00e1pida, 30 ml, 3 protectores de diapas\u00f3n con mango de agarre que evita que se interpongan en el camino y contornos de \u00e1ngulo curvo dise\u00f1ado para todos los diapasones, uno de cada uno para todos los tama\u00f1os de ranura de traste: peque\u00f1o, mediano y jumbo, pa\u00f1o de microfibra de gamuza especialmente dise\u00f1ado para trabajar con nuestro pulidos de trastes FRINE de 8\u201d x 6\u201d y lavable en lavadora, seguro para todos los trastes de metal.\" \/>\n<meta name=\"robots\" content=\"index, follow, max-snippet:-1, max-image-preview:large, max-video-preview:-1\" \/>\n<link rel=\"canonical\" href=\"https:\/\/www.mexicanguitarplayers.com\/en\/tienda\/accesorios\/para-alientos\/cuidado-y-proteccion-para-alientos\/limpiador-music-nomad-trastes-frine-kit\/\" \/>\n<meta property=\"og:locale\" content=\"en_US\" \/>\n<meta property=\"og:type\" content=\"article\" \/>\n<meta property=\"og:title\" content=\"LIMPIADOR MUSIC NOMAD TRASTES FRINE KIT - Mexican Guitar Players\" \/>\n<meta property=\"og:description\" content=\"LIMPIADOR MUSIC NOMAD TRASTES FRINE KIT. Kit de pulido de trastes FRINE, f\u00f3rmula revolucionaria sin petr\u00f3leo, dise\u00f1ada para limpiar y pulir todos los trastes de forma segura y r\u00e1pida, 30 ml, 3 protectores de diapas\u00f3n con mango de agarre que evita que se interpongan en el camino y contornos de \u00e1ngulo curvo dise\u00f1ado para todos los diapasones, uno de cada uno para todos los tama\u00f1os de ranura de traste: peque\u00f1o, mediano y jumbo, pa\u00f1o de microfibra de gamuza especialmente dise\u00f1ado para trabajar con nuestro pulidos de trastes FRINE de 8\u201d x 6\u201d y lavable en lavadora, seguro para todos los trastes de metal.\" \/>\n<meta property=\"og:url\" content=\"https:\/\/www.mexicanguitarplayers.com\/en\/tienda\/accesorios\/para-alientos\/cuidado-y-proteccion-para-alientos\/limpiador-music-nomad-trastes-frine-kit\/\" \/>\n<meta property=\"og:site_name\" content=\"Mexican Guitar Players\" \/>\n<meta property=\"article:modified_time\" content=\"2026-05-01T13:36:45+00:00\" \/>\n<meta property=\"og:image\" content=\"https:\/\/www.mexicanguitarplayers.com\/wp-content\/uploads\/2022\/08\/RAMNDMN124.jpg\" \/>\n\t<meta property=\"og:image:width\" content=\"1200\" \/>\n\t<meta property=\"og:image:height\" content=\"1200\" \/>\n\t<meta property=\"og:image:type\" content=\"image\/jpeg\" \/>\n<meta name=\"twitter:card\" content=\"summary_large_image\" \/>\n<meta name=\"twitter:label1\" content=\"Est. reading time\" \/>\n\t<meta name=\"twitter:data1\" content=\"1 minute\" \/>\n<script type=\"application\/ld+json\" class=\"yoast-schema-graph\">{\"@context\":\"https:\\\/\\\/schema.org\",\"@graph\":[{\"@type\":[\"WebPage\",\"ItemPage\"],\"@id\":\"https:\\\/\\\/www.mexicanguitarplayers.com\\\/tienda\\\/accesorios\\\/para-alientos\\\/cuidado-y-proteccion-para-alientos\\\/limpiador-music-nomad-trastes-frine-kit\\\/\",\"url\":\"https:\\\/\\\/www.mexicanguitarplayers.com\\\/tienda\\\/accesorios\\\/para-alientos\\\/cuidado-y-proteccion-para-alientos\\\/limpiador-music-nomad-trastes-frine-kit\\\/\",\"name\":\"LIMPIADOR MUSIC NOMAD TRASTES FRINE KIT - Mexican Guitar Players\",\"isPartOf\":{\"@id\":\"https:\\\/\\\/www.mexicanguitarplayers.com\\\/#website\"},\"primaryImageOfPage\":{\"@id\":\"https:\\\/\\\/www.mexicanguitarplayers.com\\\/tienda\\\/accesorios\\\/para-alientos\\\/cuidado-y-proteccion-para-alientos\\\/limpiador-music-nomad-trastes-frine-kit\\\/#primaryimage\"},\"image\":{\"@id\":\"https:\\\/\\\/www.mexicanguitarplayers.com\\\/tienda\\\/accesorios\\\/para-alientos\\\/cuidado-y-proteccion-para-alientos\\\/limpiador-music-nomad-trastes-frine-kit\\\/#primaryimage\"},\"thumbnailUrl\":\"https:\\\/\\\/www.mexicanguitarplayers.com\\\/wp-content\\\/uploads\\\/2022\\\/08\\\/RAMNDMN124.jpg\",\"datePublished\":\"2022-08-19T01:01:09+00:00\",\"dateModified\":\"2026-05-01T13:36:45+00:00\",\"description\":\"LIMPIADOR MUSIC NOMAD TRASTES FRINE KIT. Kit de pulido de trastes FRINE, f\u00f3rmula revolucionaria sin petr\u00f3leo, dise\u00f1ada para limpiar y pulir todos los trastes de forma segura y r\u00e1pida, 30 ml, 3 protectores de diapas\u00f3n con mango de agarre que evita que se interpongan en el camino y contornos de \u00e1ngulo curvo dise\u00f1ado para todos los diapasones, uno de cada uno para todos los tama\u00f1os de ranura de traste: peque\u00f1o, mediano y jumbo, pa\u00f1o de microfibra de gamuza especialmente dise\u00f1ado para trabajar con nuestro pulidos de trastes FRINE de 8\u201d x 6\u201d y lavable en lavadora, seguro para todos los trastes de metal.\",\"breadcrumb\":{\"@id\":\"https:\\\/\\\/www.mexicanguitarplayers.com\\\/tienda\\\/accesorios\\\/para-alientos\\\/cuidado-y-proteccion-para-alientos\\\/limpiador-music-nomad-trastes-frine-kit\\\/#breadcrumb\"},\"inLanguage\":\"en-US\",\"potentialAction\":[{\"@type\":\"ReadAction\",\"target\":[\"https:\\\/\\\/www.mexicanguitarplayers.com\\\/tienda\\\/accesorios\\\/para-alientos\\\/cuidado-y-proteccion-para-alientos\\\/limpiador-music-nomad-trastes-frine-kit\\\/\"]}]},{\"@type\":\"ImageObject\",\"inLanguage\":\"en-US\",\"@id\":\"https:\\\/\\\/www.mexicanguitarplayers.com\\\/tienda\\\/accesorios\\\/para-alientos\\\/cuidado-y-proteccion-para-alientos\\\/limpiador-music-nomad-trastes-frine-kit\\\/#primaryimage\",\"url\":\"https:\\\/\\\/www.mexicanguitarplayers.com\\\/wp-content\\\/uploads\\\/2022\\\/08\\\/RAMNDMN124.jpg\",\"contentUrl\":\"https:\\\/\\\/www.mexicanguitarplayers.com\\\/wp-content\\\/uploads\\\/2022\\\/08\\\/RAMNDMN124.jpg\",\"width\":1200,\"height\":1200},{\"@type\":\"BreadcrumbList\",\"@id\":\"https:\\\/\\\/www.mexicanguitarplayers.com\\\/tienda\\\/accesorios\\\/para-alientos\\\/cuidado-y-proteccion-para-alientos\\\/limpiador-music-nomad-trastes-frine-kit\\\/#breadcrumb\",\"itemListElement\":[{\"@type\":\"ListItem\",\"position\":1,\"name\":\"Portada\",\"item\":\"https:\\\/\\\/www.mexicanguitarplayers.com\\\/\"},{\"@type\":\"ListItem\",\"position\":2,\"name\":\"Tienda\",\"item\":\"https:\\\/\\\/www.mexicanguitarplayers.com\\\/tienda\\\/\"},{\"@type\":\"ListItem\",\"position\":3,\"name\":\"LIMPIADOR MUSIC NOMAD TRASTES FRINE KIT\"}]},{\"@type\":\"WebSite\",\"@id\":\"https:\\\/\\\/www.mexicanguitarplayers.com\\\/#website\",\"url\":\"https:\\\/\\\/www.mexicanguitarplayers.com\\\/\",\"name\":\"Mexican Guitar Players\",\"description\":\"Website\",\"publisher\":{\"@id\":\"https:\\\/\\\/www.mexicanguitarplayers.com\\\/#organization\"},\"potentialAction\":[{\"@type\":\"SearchAction\",\"target\":{\"@type\":\"EntryPoint\",\"urlTemplate\":\"https:\\\/\\\/www.mexicanguitarplayers.com\\\/?s={search_term_string}\"},\"query-input\":{\"@type\":\"PropertyValueSpecification\",\"valueRequired\":true,\"valueName\":\"search_term_string\"}}],\"inLanguage\":\"en-US\"},{\"@type\":\"Organization\",\"@id\":\"https:\\\/\\\/www.mexicanguitarplayers.com\\\/#organization\",\"name\":\"Mexican Guitar Players\",\"url\":\"https:\\\/\\\/www.mexicanguitarplayers.com\\\/\",\"logo\":{\"@type\":\"ImageObject\",\"inLanguage\":\"en-US\",\"@id\":\"https:\\\/\\\/www.mexicanguitarplayers.com\\\/#\\\/schema\\\/logo\\\/image\\\/\",\"url\":\"\",\"contentUrl\":\"\",\"caption\":\"Mexican Guitar Players\"},\"image\":{\"@id\":\"https:\\\/\\\/www.mexicanguitarplayers.com\\\/#\\\/schema\\\/logo\\\/image\\\/\"}}]}<\/script>\n<!-- \/ Yoast SEO plugin. -->","yoast_head_json":{"title":"LIMPIADOR MUSIC NOMAD TRASTES FRINE KIT - Mexican Guitar Players","description":"LIMPIADOR MUSIC NOMAD TRASTES FRINE KIT. Kit de pulido de trastes FRINE, f\u00f3rmula revolucionaria sin petr\u00f3leo, dise\u00f1ada para limpiar y pulir todos los trastes de forma segura y r\u00e1pida, 30 ml, 3 protectores de diapas\u00f3n con mango de agarre que evita que se interpongan en el camino y contornos de \u00e1ngulo curvo dise\u00f1ado para todos los diapasones, uno de cada uno para todos los tama\u00f1os de ranura de traste: peque\u00f1o, mediano y jumbo, pa\u00f1o de microfibra de gamuza especialmente dise\u00f1ado para trabajar con nuestro pulidos de trastes FRINE de 8\u201d x 6\u201d y lavable en lavadora, seguro para todos los trastes de metal.","robots":{"index":"index","follow":"follow","max-snippet":"max-snippet:-1","max-image-preview":"max-image-preview:large","max-video-preview":"max-video-preview:-1"},"canonical":"https:\/\/www.mexicanguitarplayers.com\/en\/tienda\/accesorios\/para-alientos\/cuidado-y-proteccion-para-alientos\/limpiador-music-nomad-trastes-frine-kit\/","og_locale":"en_US","og_type":"article","og_title":"LIMPIADOR MUSIC NOMAD TRASTES FRINE KIT - Mexican Guitar Players","og_description":"LIMPIADOR MUSIC NOMAD TRASTES FRINE KIT. Kit de pulido de trastes FRINE, f\u00f3rmula revolucionaria sin petr\u00f3leo, dise\u00f1ada para limpiar y pulir todos los trastes de forma segura y r\u00e1pida, 30 ml, 3 protectores de diapas\u00f3n con mango de agarre que evita que se interpongan en el camino y contornos de \u00e1ngulo curvo dise\u00f1ado para todos los diapasones, uno de cada uno para todos los tama\u00f1os de ranura de traste: peque\u00f1o, mediano y jumbo, pa\u00f1o de microfibra de gamuza especialmente dise\u00f1ado para trabajar con nuestro pulidos de trastes FRINE de 8\u201d x 6\u201d y lavable en lavadora, seguro para todos los trastes de metal.","og_url":"https:\/\/www.mexicanguitarplayers.com\/en\/tienda\/accesorios\/para-alientos\/cuidado-y-proteccion-para-alientos\/limpiador-music-nomad-trastes-frine-kit\/","og_site_name":"Mexican Guitar Players","article_modified_time":"2026-05-01T13:36:45+00:00","og_image":[{"width":1200,"height":1200,"url":"https:\/\/www.mexicanguitarplayers.com\/wp-content\/uploads\/2022\/08\/RAMNDMN124.jpg","type":"image\/jpeg"}],"twitter_card":"summary_large_image","twitter_misc":{"Est. reading time":"1 minute"},"schema":{"@context":"https:\/\/schema.org","@graph":[{"@type":["WebPage","ItemPage"],"@id":"https:\/\/www.mexicanguitarplayers.com\/tienda\/accesorios\/para-alientos\/cuidado-y-proteccion-para-alientos\/limpiador-music-nomad-trastes-frine-kit\/","url":"https:\/\/www.mexicanguitarplayers.com\/tienda\/accesorios\/para-alientos\/cuidado-y-proteccion-para-alientos\/limpiador-music-nomad-trastes-frine-kit\/","name":"LIMPIADOR MUSIC NOMAD TRASTES FRINE KIT - Mexican Guitar Players","isPartOf":{"@id":"https:\/\/www.mexicanguitarplayers.com\/#website"},"primaryImageOfPage":{"@id":"https:\/\/www.mexicanguitarplayers.com\/tienda\/accesorios\/para-alientos\/cuidado-y-proteccion-para-alientos\/limpiador-music-nomad-trastes-frine-kit\/#primaryimage"},"image":{"@id":"https:\/\/www.mexicanguitarplayers.com\/tienda\/accesorios\/para-alientos\/cuidado-y-proteccion-para-alientos\/limpiador-music-nomad-trastes-frine-kit\/#primaryimage"},"thumbnailUrl":"https:\/\/www.mexicanguitarplayers.com\/wp-content\/uploads\/2022\/08\/RAMNDMN124.jpg","datePublished":"2022-08-19T01:01:09+00:00","dateModified":"2026-05-01T13:36:45+00:00","description":"LIMPIADOR MUSIC NOMAD TRASTES FRINE KIT. Kit de pulido de trastes FRINE, f\u00f3rmula revolucionaria sin petr\u00f3leo, dise\u00f1ada para limpiar y pulir todos los trastes de forma segura y r\u00e1pida, 30 ml, 3 protectores de diapas\u00f3n con mango de agarre que evita que se interpongan en el camino y contornos de \u00e1ngulo curvo dise\u00f1ado para todos los diapasones, uno de cada uno para todos los tama\u00f1os de ranura de traste: peque\u00f1o, mediano y jumbo, pa\u00f1o de microfibra de gamuza especialmente dise\u00f1ado para trabajar con nuestro pulidos de trastes FRINE de 8\u201d x 6\u201d y lavable en lavadora, seguro para todos los trastes de metal.","breadcrumb":{"@id":"https:\/\/www.mexicanguitarplayers.com\/tienda\/accesorios\/para-alientos\/cuidado-y-proteccion-para-alientos\/limpiador-music-nomad-trastes-frine-kit\/#breadcrumb"},"inLanguage":"en-US","potentialAction":[{"@type":"ReadAction","target":["https:\/\/www.mexicanguitarplayers.com\/tienda\/accesorios\/para-alientos\/cuidado-y-proteccion-para-alientos\/limpiador-music-nomad-trastes-frine-kit\/"]}]},{"@type":"ImageObject","inLanguage":"en-US","@id":"https:\/\/www.mexicanguitarplayers.com\/tienda\/accesorios\/para-alientos\/cuidado-y-proteccion-para-alientos\/limpiador-music-nomad-trastes-frine-kit\/#primaryimage","url":"https:\/\/www.mexicanguitarplayers.com\/wp-content\/uploads\/2022\/08\/RAMNDMN124.jpg","contentUrl":"https:\/\/www.mexicanguitarplayers.com\/wp-content\/uploads\/2022\/08\/RAMNDMN124.jpg","width":1200,"height":1200},{"@type":"BreadcrumbList","@id":"https:\/\/www.mexicanguitarplayers.com\/tienda\/accesorios\/para-alientos\/cuidado-y-proteccion-para-alientos\/limpiador-music-nomad-trastes-frine-kit\/#breadcrumb","itemListElement":[{"@type":"ListItem","position":1,"name":"Portada","item":"https:\/\/www.mexicanguitarplayers.com\/"},{"@type":"ListItem","position":2,"name":"Tienda","item":"https:\/\/www.mexicanguitarplayers.com\/tienda\/"},{"@type":"ListItem","position":3,"name":"LIMPIADOR MUSIC NOMAD TRASTES FRINE KIT"}]},{"@type":"WebSite","@id":"https:\/\/www.mexicanguitarplayers.com\/#website","url":"https:\/\/www.mexicanguitarplayers.com\/","name":"Mexican Guitar Players","description":"Website","publisher":{"@id":"https:\/\/www.mexicanguitarplayers.com\/#organization"},"potentialAction":[{"@type":"SearchAction","target":{"@type":"EntryPoint","urlTemplate":"https:\/\/www.mexicanguitarplayers.com\/?s={search_term_string}"},"query-input":{"@type":"PropertyValueSpecification","valueRequired":true,"valueName":"search_term_string"}}],"inLanguage":"en-US"},{"@type":"Organization","@id":"https:\/\/www.mexicanguitarplayers.com\/#organization","name":"Mexican Guitar Players","url":"https:\/\/www.mexicanguitarplayers.com\/","logo":{"@type":"ImageObject","inLanguage":"en-US","@id":"https:\/\/www.mexicanguitarplayers.com\/#\/schema\/logo\/image\/","url":"","contentUrl":"","caption":"Mexican Guitar Players"},"image":{"@id":"https:\/\/www.mexicanguitarplayers.com\/#\/schema\/logo\/image\/"}}]}},"brands":[{"id":622,"name":"MUSIC NOMAD","slug":"music-nomad"}],"_links":{"self":[{"href":"https:\/\/www.mexicanguitarplayers.com\/en\/wp-json\/wp\/v2\/product\/18040","targetHints":{"allow":["GET"]}}],"collection":[{"href":"https:\/\/www.mexicanguitarplayers.com\/en\/wp-json\/wp\/v2\/product"}],"about":[{"href":"https:\/\/www.mexicanguitarplayers.com\/en\/wp-json\/wp\/v2\/types\/product"}],"replies":[{"embeddable":true,"href":"https:\/\/www.mexicanguitarplayers.com\/en\/wp-json\/wp\/v2\/comments?post=18040"}],"wp:featuredmedia":[{"embeddable":true,"href":"https:\/\/www.mexicanguitarplayers.com\/en\/wp-json\/wp\/v2\/media\/18035"}],"wp:attachment":[{"href":"https:\/\/www.mexicanguitarplayers.com\/en\/wp-json\/wp\/v2\/media?parent=18040"}],"wp:term":[{"taxonomy":"pwb-brand","embeddable":true,"href":"https:\/\/www.mexicanguitarplayers.com\/en\/wp-json\/wp\/v2\/pwb-brand?post=18040"},{"taxonomy":"product_brand","embeddable":true,"href":"https:\/\/www.mexicanguitarplayers.com\/en\/wp-json\/wp\/v2\/product_brand?post=18040"},{"taxonomy":"product_cat","embeddable":true,"href":"https:\/\/www.mexicanguitarplayers.com\/en\/wp-json\/wp\/v2\/product_cat?post=18040"},{"taxonomy":"product_tag","embeddable":true,"href":"https:\/\/www.mexicanguitarplayers.com\/en\/wp-json\/wp\/v2\/product_tag?post=18040"}],"curies":[{"name":"wp","href":"https:\/\/api.w.org\/{rel}","templated":true}]}}