{"id":18110,"date":"2022-08-18T20:03:17","date_gmt":"2022-08-19T01:03:17","guid":{"rendered":"https:\/\/www.mexicanguitarplayers.com\/tienda\/sin%20categor\u00eda\/llave-music-nomad-ajuste-alma-mod-mn231\/"},"modified":"2026-05-01T07:36:39","modified_gmt":"2026-05-01T13:36:39","slug":"llave-music-nomad-ajuste-alma-mod-mn231","status":"publish","type":"product","link":"https:\/\/www.mexicanguitarplayers.com\/en\/tienda\/accesorios\/para-guitarras\/cuidado-y-proteccion-para-guitarras\/llave-music-nomad-ajuste-alma-mod-mn231\/","title":{"rendered":"KEY MUSIC NOMAD ADJUSTMENT ALMA MOD. MN231"},"content":{"rendered":"<div style=\"text-align: justify\">\n<div>\n<h3>KEY MUSIC NOMAD ADJUSTMENT ALMA MOD. MN231<\/h3>\n<\/div>\n<div>Premium 1\/4&quot; Guitar Truss Rod Wrench, Strong Carbon Steel Construction &amp; Ergonomic Comfort Handle, Magnetic Screwdriver, Headstock Protection Panel, Works Great On Headstock-Fitting Taylor Models, But not on mouth-fit models (pre-2012 Big Baby and Nylon models).<\/div>\n<\/div>","protected":false},"excerpt":{"rendered":"<p>Llave premium de 1\/4\u201d para alma de guitarra, fuerte construcci\u00f3n de acero al carbono y mango ergon\u00f3mico y c\u00f3modo, desarmador magn\u00e9tico, panel para proteger el cabezal, funciona muy bien en los modelos de guitarra Taylor que se ajustan en el cabezal, pero no en los modelos que se ajustan en la boca (modelos Big Baby y Nylon anteriores al 2012).&hellip; <a class=\"kt-excerpt-readmore more-link\" href=\"https:\/\/www.mexicanguitarplayers.com\/en\/tienda\/accesorios\/para-guitarras\/cuidado-y-proteccion-para-guitarras\/llave-music-nomad-ajuste-alma-mod-mn231\/\">Read more<\/a><\/p>","protected":false},"featured_media":18105,"comment_status":"open","ping_status":"closed","template":"","meta":{"kt_blocks_editor_width":""},"pwb-brand":[622],"product_brand":[],"product_cat":[85,619,336],"product_tag":[],"class_list":{"0":"post-18110","1":"product","2":"type-product","3":"status-publish","4":"has-post-thumbnail","6":"pwb-brand-music-nomad","7":"product_cat-accesorios","8":"product_cat-cuidado-y-proteccion-para-guitarras","9":"product_cat-para-guitarras","10":"product_shipping_class-0-5-kg","12":"first","13":"instock","14":"taxable","15":"shipping-taxable","16":"purchasable","17":"product-type-simple"},"yoast_head":"<!-- This site is optimized with the Yoast SEO plugin v27.6 - https:\/\/yoast.com\/product\/yoast-seo-wordpress\/ -->\n<title>LLAVE MUSIC NOMAD AJUSTE ALMA MOD. MN231 - Mexican Guitar Players<\/title>\n<meta name=\"description\" content=\"LLAVE MUSIC NOMAD AJUSTE ALMA MOD. MN231. Llave premium de 1\/4\u201d para alma de guitarra, fuerte construcci\u00f3n de acero al carbono y mango ergon\u00f3mico y c\u00f3modo, desarmador magn\u00e9tico, panel para proteger el cabezal, funciona muy bien en los modelos de guitarra Taylor que se ajustan en el cabezal, pero no en los modelos que se ajustan en la boca (modelos Big Baby y Nylon anteriores al 2012).\" \/>\n<meta name=\"robots\" content=\"index, follow, max-snippet:-1, max-image-preview:large, max-video-preview:-1\" \/>\n<link rel=\"canonical\" href=\"https:\/\/www.mexicanguitarplayers.com\/en\/tienda\/accesorios\/para-guitarras\/cuidado-y-proteccion-para-guitarras\/llave-music-nomad-ajuste-alma-mod-mn231\/\" \/>\n<meta property=\"og:locale\" content=\"en_US\" \/>\n<meta property=\"og:type\" content=\"article\" \/>\n<meta property=\"og:title\" content=\"LLAVE MUSIC NOMAD AJUSTE ALMA MOD. MN231 - Mexican Guitar Players\" \/>\n<meta property=\"og:description\" content=\"LLAVE MUSIC NOMAD AJUSTE ALMA MOD. MN231. Llave premium de 1\/4\u201d para alma de guitarra, fuerte construcci\u00f3n de acero al carbono y mango ergon\u00f3mico y c\u00f3modo, desarmador magn\u00e9tico, panel para proteger el cabezal, funciona muy bien en los modelos de guitarra Taylor que se ajustan en el cabezal, pero no en los modelos que se ajustan en la boca (modelos Big Baby y Nylon anteriores al 2012).\" \/>\n<meta property=\"og:url\" content=\"https:\/\/www.mexicanguitarplayers.com\/en\/tienda\/accesorios\/para-guitarras\/cuidado-y-proteccion-para-guitarras\/llave-music-nomad-ajuste-alma-mod-mn231\/\" \/>\n<meta property=\"og:site_name\" content=\"Mexican Guitar Players\" \/>\n<meta property=\"article:modified_time\" content=\"2026-05-01T13:36:39+00:00\" \/>\n<meta property=\"og:image\" content=\"https:\/\/www.mexicanguitarplayers.com\/wp-content\/uploads\/2022\/08\/RAMNDMN231.jpg\" \/>\n\t<meta property=\"og:image:width\" content=\"1200\" \/>\n\t<meta property=\"og:image:height\" content=\"1200\" \/>\n\t<meta property=\"og:image:type\" content=\"image\/jpeg\" \/>\n<meta name=\"twitter:card\" content=\"summary_large_image\" \/>\n<script type=\"application\/ld+json\" class=\"yoast-schema-graph\">{\"@context\":\"https:\\\/\\\/schema.org\",\"@graph\":[{\"@type\":[\"WebPage\",\"ItemPage\"],\"@id\":\"https:\\\/\\\/www.mexicanguitarplayers.com\\\/tienda\\\/accesorios\\\/para-guitarras\\\/cuidado-y-proteccion-para-guitarras\\\/llave-music-nomad-ajuste-alma-mod-mn231\\\/\",\"url\":\"https:\\\/\\\/www.mexicanguitarplayers.com\\\/tienda\\\/accesorios\\\/para-guitarras\\\/cuidado-y-proteccion-para-guitarras\\\/llave-music-nomad-ajuste-alma-mod-mn231\\\/\",\"name\":\"LLAVE MUSIC NOMAD AJUSTE ALMA MOD. MN231 - Mexican Guitar Players\",\"isPartOf\":{\"@id\":\"https:\\\/\\\/www.mexicanguitarplayers.com\\\/#website\"},\"primaryImageOfPage\":{\"@id\":\"https:\\\/\\\/www.mexicanguitarplayers.com\\\/tienda\\\/accesorios\\\/para-guitarras\\\/cuidado-y-proteccion-para-guitarras\\\/llave-music-nomad-ajuste-alma-mod-mn231\\\/#primaryimage\"},\"image\":{\"@id\":\"https:\\\/\\\/www.mexicanguitarplayers.com\\\/tienda\\\/accesorios\\\/para-guitarras\\\/cuidado-y-proteccion-para-guitarras\\\/llave-music-nomad-ajuste-alma-mod-mn231\\\/#primaryimage\"},\"thumbnailUrl\":\"https:\\\/\\\/www.mexicanguitarplayers.com\\\/wp-content\\\/uploads\\\/2022\\\/08\\\/RAMNDMN231.jpg\",\"datePublished\":\"2022-08-19T01:03:17+00:00\",\"dateModified\":\"2026-05-01T13:36:39+00:00\",\"description\":\"LLAVE MUSIC NOMAD AJUSTE ALMA MOD. MN231. Llave premium de 1\\\/4\u201d para alma de guitarra, fuerte construcci\u00f3n de acero al carbono y mango ergon\u00f3mico y c\u00f3modo, desarmador magn\u00e9tico, panel para proteger el cabezal, funciona muy bien en los modelos de guitarra Taylor que se ajustan en el cabezal, pero no en los modelos que se ajustan en la boca (modelos Big Baby y Nylon anteriores al 2012).\",\"breadcrumb\":{\"@id\":\"https:\\\/\\\/www.mexicanguitarplayers.com\\\/tienda\\\/accesorios\\\/para-guitarras\\\/cuidado-y-proteccion-para-guitarras\\\/llave-music-nomad-ajuste-alma-mod-mn231\\\/#breadcrumb\"},\"inLanguage\":\"en-US\",\"potentialAction\":[{\"@type\":\"ReadAction\",\"target\":[\"https:\\\/\\\/www.mexicanguitarplayers.com\\\/tienda\\\/accesorios\\\/para-guitarras\\\/cuidado-y-proteccion-para-guitarras\\\/llave-music-nomad-ajuste-alma-mod-mn231\\\/\"]}]},{\"@type\":\"ImageObject\",\"inLanguage\":\"en-US\",\"@id\":\"https:\\\/\\\/www.mexicanguitarplayers.com\\\/tienda\\\/accesorios\\\/para-guitarras\\\/cuidado-y-proteccion-para-guitarras\\\/llave-music-nomad-ajuste-alma-mod-mn231\\\/#primaryimage\",\"url\":\"https:\\\/\\\/www.mexicanguitarplayers.com\\\/wp-content\\\/uploads\\\/2022\\\/08\\\/RAMNDMN231.jpg\",\"contentUrl\":\"https:\\\/\\\/www.mexicanguitarplayers.com\\\/wp-content\\\/uploads\\\/2022\\\/08\\\/RAMNDMN231.jpg\",\"width\":1200,\"height\":1200},{\"@type\":\"BreadcrumbList\",\"@id\":\"https:\\\/\\\/www.mexicanguitarplayers.com\\\/tienda\\\/accesorios\\\/para-guitarras\\\/cuidado-y-proteccion-para-guitarras\\\/llave-music-nomad-ajuste-alma-mod-mn231\\\/#breadcrumb\",\"itemListElement\":[{\"@type\":\"ListItem\",\"position\":1,\"name\":\"Portada\",\"item\":\"https:\\\/\\\/www.mexicanguitarplayers.com\\\/\"},{\"@type\":\"ListItem\",\"position\":2,\"name\":\"Tienda\",\"item\":\"https:\\\/\\\/www.mexicanguitarplayers.com\\\/tienda\\\/\"},{\"@type\":\"ListItem\",\"position\":3,\"name\":\"LLAVE MUSIC NOMAD AJUSTE ALMA MOD. MN231\"}]},{\"@type\":\"WebSite\",\"@id\":\"https:\\\/\\\/www.mexicanguitarplayers.com\\\/#website\",\"url\":\"https:\\\/\\\/www.mexicanguitarplayers.com\\\/\",\"name\":\"Mexican Guitar Players\",\"description\":\"Website\",\"publisher\":{\"@id\":\"https:\\\/\\\/www.mexicanguitarplayers.com\\\/#organization\"},\"potentialAction\":[{\"@type\":\"SearchAction\",\"target\":{\"@type\":\"EntryPoint\",\"urlTemplate\":\"https:\\\/\\\/www.mexicanguitarplayers.com\\\/?s={search_term_string}\"},\"query-input\":{\"@type\":\"PropertyValueSpecification\",\"valueRequired\":true,\"valueName\":\"search_term_string\"}}],\"inLanguage\":\"en-US\"},{\"@type\":\"Organization\",\"@id\":\"https:\\\/\\\/www.mexicanguitarplayers.com\\\/#organization\",\"name\":\"Mexican Guitar Players\",\"url\":\"https:\\\/\\\/www.mexicanguitarplayers.com\\\/\",\"logo\":{\"@type\":\"ImageObject\",\"inLanguage\":\"en-US\",\"@id\":\"https:\\\/\\\/www.mexicanguitarplayers.com\\\/#\\\/schema\\\/logo\\\/image\\\/\",\"url\":\"\",\"contentUrl\":\"\",\"caption\":\"Mexican Guitar Players\"},\"image\":{\"@id\":\"https:\\\/\\\/www.mexicanguitarplayers.com\\\/#\\\/schema\\\/logo\\\/image\\\/\"}}]}<\/script>\n<!-- \/ Yoast SEO plugin. -->","yoast_head_json":{"title":"LLAVE MUSIC NOMAD AJUSTE ALMA MOD. MN231 - Mexican Guitar Players","description":"LLAVE MUSIC NOMAD AJUSTE ALMA MOD. MN231. Llave premium de 1\/4\u201d para alma de guitarra, fuerte construcci\u00f3n de acero al carbono y mango ergon\u00f3mico y c\u00f3modo, desarmador magn\u00e9tico, panel para proteger el cabezal, funciona muy bien en los modelos de guitarra Taylor que se ajustan en el cabezal, pero no en los modelos que se ajustan en la boca (modelos Big Baby y Nylon anteriores al 2012).","robots":{"index":"index","follow":"follow","max-snippet":"max-snippet:-1","max-image-preview":"max-image-preview:large","max-video-preview":"max-video-preview:-1"},"canonical":"https:\/\/www.mexicanguitarplayers.com\/en\/tienda\/accesorios\/para-guitarras\/cuidado-y-proteccion-para-guitarras\/llave-music-nomad-ajuste-alma-mod-mn231\/","og_locale":"en_US","og_type":"article","og_title":"LLAVE MUSIC NOMAD AJUSTE ALMA MOD. MN231 - Mexican Guitar Players","og_description":"LLAVE MUSIC NOMAD AJUSTE ALMA MOD. MN231. Llave premium de 1\/4\u201d para alma de guitarra, fuerte construcci\u00f3n de acero al carbono y mango ergon\u00f3mico y c\u00f3modo, desarmador magn\u00e9tico, panel para proteger el cabezal, funciona muy bien en los modelos de guitarra Taylor que se ajustan en el cabezal, pero no en los modelos que se ajustan en la boca (modelos Big Baby y Nylon anteriores al 2012).","og_url":"https:\/\/www.mexicanguitarplayers.com\/en\/tienda\/accesorios\/para-guitarras\/cuidado-y-proteccion-para-guitarras\/llave-music-nomad-ajuste-alma-mod-mn231\/","og_site_name":"Mexican Guitar Players","article_modified_time":"2026-05-01T13:36:39+00:00","og_image":[{"width":1200,"height":1200,"url":"https:\/\/www.mexicanguitarplayers.com\/wp-content\/uploads\/2022\/08\/RAMNDMN231.jpg","type":"image\/jpeg"}],"twitter_card":"summary_large_image","schema":{"@context":"https:\/\/schema.org","@graph":[{"@type":["WebPage","ItemPage"],"@id":"https:\/\/www.mexicanguitarplayers.com\/tienda\/accesorios\/para-guitarras\/cuidado-y-proteccion-para-guitarras\/llave-music-nomad-ajuste-alma-mod-mn231\/","url":"https:\/\/www.mexicanguitarplayers.com\/tienda\/accesorios\/para-guitarras\/cuidado-y-proteccion-para-guitarras\/llave-music-nomad-ajuste-alma-mod-mn231\/","name":"LLAVE MUSIC NOMAD AJUSTE ALMA MOD. MN231 - Mexican Guitar Players","isPartOf":{"@id":"https:\/\/www.mexicanguitarplayers.com\/#website"},"primaryImageOfPage":{"@id":"https:\/\/www.mexicanguitarplayers.com\/tienda\/accesorios\/para-guitarras\/cuidado-y-proteccion-para-guitarras\/llave-music-nomad-ajuste-alma-mod-mn231\/#primaryimage"},"image":{"@id":"https:\/\/www.mexicanguitarplayers.com\/tienda\/accesorios\/para-guitarras\/cuidado-y-proteccion-para-guitarras\/llave-music-nomad-ajuste-alma-mod-mn231\/#primaryimage"},"thumbnailUrl":"https:\/\/www.mexicanguitarplayers.com\/wp-content\/uploads\/2022\/08\/RAMNDMN231.jpg","datePublished":"2022-08-19T01:03:17+00:00","dateModified":"2026-05-01T13:36:39+00:00","description":"LLAVE MUSIC NOMAD AJUSTE ALMA MOD. MN231. Llave premium de 1\/4\u201d para alma de guitarra, fuerte construcci\u00f3n de acero al carbono y mango ergon\u00f3mico y c\u00f3modo, desarmador magn\u00e9tico, panel para proteger el cabezal, funciona muy bien en los modelos de guitarra Taylor que se ajustan en el cabezal, pero no en los modelos que se ajustan en la boca (modelos Big Baby y Nylon anteriores al 2012).","breadcrumb":{"@id":"https:\/\/www.mexicanguitarplayers.com\/tienda\/accesorios\/para-guitarras\/cuidado-y-proteccion-para-guitarras\/llave-music-nomad-ajuste-alma-mod-mn231\/#breadcrumb"},"inLanguage":"en-US","potentialAction":[{"@type":"ReadAction","target":["https:\/\/www.mexicanguitarplayers.com\/tienda\/accesorios\/para-guitarras\/cuidado-y-proteccion-para-guitarras\/llave-music-nomad-ajuste-alma-mod-mn231\/"]}]},{"@type":"ImageObject","inLanguage":"en-US","@id":"https:\/\/www.mexicanguitarplayers.com\/tienda\/accesorios\/para-guitarras\/cuidado-y-proteccion-para-guitarras\/llave-music-nomad-ajuste-alma-mod-mn231\/#primaryimage","url":"https:\/\/www.mexicanguitarplayers.com\/wp-content\/uploads\/2022\/08\/RAMNDMN231.jpg","contentUrl":"https:\/\/www.mexicanguitarplayers.com\/wp-content\/uploads\/2022\/08\/RAMNDMN231.jpg","width":1200,"height":1200},{"@type":"BreadcrumbList","@id":"https:\/\/www.mexicanguitarplayers.com\/tienda\/accesorios\/para-guitarras\/cuidado-y-proteccion-para-guitarras\/llave-music-nomad-ajuste-alma-mod-mn231\/#breadcrumb","itemListElement":[{"@type":"ListItem","position":1,"name":"Portada","item":"https:\/\/www.mexicanguitarplayers.com\/"},{"@type":"ListItem","position":2,"name":"Tienda","item":"https:\/\/www.mexicanguitarplayers.com\/tienda\/"},{"@type":"ListItem","position":3,"name":"LLAVE MUSIC NOMAD AJUSTE ALMA MOD. MN231"}]},{"@type":"WebSite","@id":"https:\/\/www.mexicanguitarplayers.com\/#website","url":"https:\/\/www.mexicanguitarplayers.com\/","name":"Mexican Guitar Players","description":"Website","publisher":{"@id":"https:\/\/www.mexicanguitarplayers.com\/#organization"},"potentialAction":[{"@type":"SearchAction","target":{"@type":"EntryPoint","urlTemplate":"https:\/\/www.mexicanguitarplayers.com\/?s={search_term_string}"},"query-input":{"@type":"PropertyValueSpecification","valueRequired":true,"valueName":"search_term_string"}}],"inLanguage":"en-US"},{"@type":"Organization","@id":"https:\/\/www.mexicanguitarplayers.com\/#organization","name":"Mexican Guitar Players","url":"https:\/\/www.mexicanguitarplayers.com\/","logo":{"@type":"ImageObject","inLanguage":"en-US","@id":"https:\/\/www.mexicanguitarplayers.com\/#\/schema\/logo\/image\/","url":"","contentUrl":"","caption":"Mexican Guitar Players"},"image":{"@id":"https:\/\/www.mexicanguitarplayers.com\/#\/schema\/logo\/image\/"}}]}},"brands":[{"id":622,"name":"MUSIC NOMAD","slug":"music-nomad"}],"_links":{"self":[{"href":"https:\/\/www.mexicanguitarplayers.com\/en\/wp-json\/wp\/v2\/product\/18110","targetHints":{"allow":["GET"]}}],"collection":[{"href":"https:\/\/www.mexicanguitarplayers.com\/en\/wp-json\/wp\/v2\/product"}],"about":[{"href":"https:\/\/www.mexicanguitarplayers.com\/en\/wp-json\/wp\/v2\/types\/product"}],"replies":[{"embeddable":true,"href":"https:\/\/www.mexicanguitarplayers.com\/en\/wp-json\/wp\/v2\/comments?post=18110"}],"wp:featuredmedia":[{"embeddable":true,"href":"https:\/\/www.mexicanguitarplayers.com\/en\/wp-json\/wp\/v2\/media\/18105"}],"wp:attachment":[{"href":"https:\/\/www.mexicanguitarplayers.com\/en\/wp-json\/wp\/v2\/media?parent=18110"}],"wp:term":[{"taxonomy":"pwb-brand","embeddable":true,"href":"https:\/\/www.mexicanguitarplayers.com\/en\/wp-json\/wp\/v2\/pwb-brand?post=18110"},{"taxonomy":"product_brand","embeddable":true,"href":"https:\/\/www.mexicanguitarplayers.com\/en\/wp-json\/wp\/v2\/product_brand?post=18110"},{"taxonomy":"product_cat","embeddable":true,"href":"https:\/\/www.mexicanguitarplayers.com\/en\/wp-json\/wp\/v2\/product_cat?post=18110"},{"taxonomy":"product_tag","embeddable":true,"href":"https:\/\/www.mexicanguitarplayers.com\/en\/wp-json\/wp\/v2\/product_tag?post=18110"}],"curies":[{"name":"wp","href":"https:\/\/api.w.org\/{rel}","templated":true}]}}