{"id":18132,"date":"2022-08-18T20:03:51","date_gmt":"2022-08-19T01:03:51","guid":{"rendered":"https:\/\/www.mexicanguitarplayers.com\/tienda\/sin%20categor\u00eda\/kit-music-nomad-mod-mn614-mn600mn602\/"},"modified":"2026-05-01T07:36:36","modified_gmt":"2026-05-01T13:36:36","slug":"kit-music-nomad-mod-mn614-mn600mn602","status":"publish","type":"product","link":"https:\/\/www.mexicanguitarplayers.com\/en\/tienda\/accesorios\/para-guitarras\/cuidado-y-proteccion-para-guitarras\/kit-music-nomad-mod-mn614-mn600mn602\/","title":{"rendered":"KIT MUSIC NOMAD MOD. MN614 (MN600+MN602)"},"content":{"rendered":"<div style=\"text-align: justify\">\n<div>\n<h3>KIT MUSIC NOMAD MOD. MN614 (MN600+MN602)<\/h3>\n<\/div>\n<div>Combo Gauges and Gauges, Gauges Includes 3 Relief Measurements (.006\u201d, .008\u201d, .010\u201d) for Electric, Acoustic, Classical and Bass Guitar, Made of Stainless Steel, High Precision, Without the annoying and messy oil found in traditional gauge sets, laser-engraved sizes (inches and millimeters) and non-dislodge instrument type, easy-to-follow instructions printed on the handle, and an innovative tab to help, this gauge is part of our method KKEP IT SIMPLE SETUP (KISS) Using our precision gauges and tool sets, the String Height Gauge features precise, easy-to-read measurements in a contrasting black finish with deeply etched white markings, we include inch, metric and 64&quot; measurements To customize to your preferences, handy chart for proper height by instrument type and measuring instructions eliminates guesswork, pickup ruler helps you dial in even more your sound, high quality stainless steel design with smooth edges combined with numbers and lines that won&#039;t rub off ensures years of use, find the side that meets through 3 frets and use it as a fret rocker to check if it has uneven fret heights. Product dimensions: 12.7 x 10.5 x 1.5 cm. Weight: 0.04kg<\/div>\n<\/div>","protected":false},"excerpt":{"rendered":"<p>Combo de galgas y calibrador, las galgas incluyen 3 medidas de relieve (.006\u201d, .008\u201d, .010\u201d) para guitarra el\u00e9ctrica, ac\u00fastica, cl\u00e1sica y bajo, fabricada con acero inoxidable, alta precisi\u00f3n, sin el molesto y sucio aceite que se encuentra en los juegos de galgas tradicionales, tama\u00f1os grabados con l\u00e1ser (pulgadas y mil\u00edmetros) y tipo de instrumento que no se desprende, instrucciones f\u00e1ciles de seguir impresas en el mango y una innovadora cejilla para ayudar, este medidor es parte de nuestro m\u00e9todo KKEP IT SIMPLE SETUP (KISS) utilizando nuestros juegos de herramientas y medidores de precisi\u00f3n, el calibrador de altura de cuerda cuenta con medidas precisas f\u00e1ciles de leer en un terminado negro en contraste con marcas blancas grabadas profundamente, incluimos medidas en pulgadas, m\u00e9tricas y 64 para personalizar seg\u00fan tus preferencias, pr\u00e1ctica tabla de altura adecuada por tipo de instrumento e instrucciones de medici\u00f3n que elimina las conjeturas, la regla de pastilla te ayuda a marcar a\u00fan m\u00e1s tu sonido, dise\u00f1o de acero inoxidable de alta calidad con bordes lisos combinados con n\u00fameros y l\u00edneas que no se borran garantiza a\u00f1os de uso, encuentra el lado que se encuentra a trav\u00e9s de 3 trastes y \u00fasalo como un balanc\u00edn de trastes para verificar si tiene alturas de traste desiguales. Dimensiones del producto: 12.7 x 10.5 x 1.5 cm. Peso: 0.04 kg&hellip; <a class=\"kt-excerpt-readmore more-link\" href=\"https:\/\/www.mexicanguitarplayers.com\/en\/tienda\/accesorios\/para-guitarras\/cuidado-y-proteccion-para-guitarras\/kit-music-nomad-mod-mn614-mn600mn602\/\">Read more<\/a><\/p>","protected":false},"featured_media":18128,"comment_status":"open","ping_status":"closed","template":"","meta":{"kt_blocks_editor_width":""},"pwb-brand":[622],"product_brand":[],"product_cat":[85,619,336],"product_tag":[],"class_list":{"0":"post-18132","1":"product","2":"type-product","3":"status-publish","4":"has-post-thumbnail","6":"pwb-brand-music-nomad","7":"product_cat-accesorios","8":"product_cat-cuidado-y-proteccion-para-guitarras","9":"product_cat-para-guitarras","10":"product_shipping_class-0-5-kg","12":"first","13":"instock","14":"taxable","15":"shipping-taxable","16":"purchasable","17":"product-type-simple"},"yoast_head":"<!-- This site is optimized with the Yoast SEO plugin v27.6 - https:\/\/yoast.com\/product\/yoast-seo-wordpress\/ -->\n<title>KIT MUSIC NOMAD MOD. MN614 (MN600+MN602) - Mexican Guitar Players<\/title>\n<meta name=\"description\" content=\"KIT MUSIC NOMAD MOD. MN614 (MN600+MN602). Combo de galgas y calibrador, las galgas incluyen 3 medidas de relieve (.006\u201d, .008\u201d, .010\u201d) para guitarra el\u00e9ctrica, ac\u00fastica, cl\u00e1sica y bajo, fabricada con acero inoxidable, alta precisi\u00f3n, sin el molesto y sucio aceite que se encuentra en los juegos de galgas tradicionales, tama\u00f1os grabados con l\u00e1ser (pulgadas y mil\u00edmetros) y tipo de instrumento que no se desprende, instrucciones f\u00e1ciles de seguir impresas en el mango y una innovadora cejilla para ayudar, este medidor es parte de nuestro m\u00e9todo KKEP IT SIMPLE SETUP (KISS) utilizando nuestros juegos de herramientas y medidores de precisi\u00f3n, el calibrador de altura de cuerda cuenta con medidas precisas f\u00e1ciles de leer en un terminado negro en contraste con marcas blancas grabadas profundamente, incluimos medidas en pulgadas, m\u00e9tricas y 64 para personalizar seg\u00fan tus preferencias, pr\u00e1ctica tabla de altura adecuada por tipo de instrumento e instrucciones de medici\u00f3n que elimina las conjeturas, la regla de pastilla te ayuda a marcar a\u00fan m\u00e1s tu sonido, dise\u00f1o de acero inoxidable de alta calidad con bordes lisos combinados con n\u00fameros y l\u00edneas que no se borran garantiza a\u00f1os de uso, encuentra el lado que se encuentra a trav\u00e9s de 3 trastes y \u00fasalo como un balanc\u00edn de trastes para verificar si tiene alturas de traste desiguales. Dimensiones del producto: 12.7 x 10.5 x 1.5 cm. Peso: 0.04 kg\" \/>\n<meta name=\"robots\" content=\"index, follow, max-snippet:-1, max-image-preview:large, max-video-preview:-1\" \/>\n<link rel=\"canonical\" href=\"https:\/\/www.mexicanguitarplayers.com\/en\/tienda\/accesorios\/para-guitarras\/cuidado-y-proteccion-para-guitarras\/kit-music-nomad-mod-mn614-mn600mn602\/\" \/>\n<meta property=\"og:locale\" content=\"en_US\" \/>\n<meta property=\"og:type\" content=\"article\" \/>\n<meta property=\"og:title\" content=\"KIT MUSIC NOMAD MOD. MN614 (MN600+MN602) - Mexican Guitar Players\" \/>\n<meta property=\"og:description\" content=\"KIT MUSIC NOMAD MOD. MN614 (MN600+MN602). Combo de galgas y calibrador, las galgas incluyen 3 medidas de relieve (.006\u201d, .008\u201d, .010\u201d) para guitarra el\u00e9ctrica, ac\u00fastica, cl\u00e1sica y bajo, fabricada con acero inoxidable, alta precisi\u00f3n, sin el molesto y sucio aceite que se encuentra en los juegos de galgas tradicionales, tama\u00f1os grabados con l\u00e1ser (pulgadas y mil\u00edmetros) y tipo de instrumento que no se desprende, instrucciones f\u00e1ciles de seguir impresas en el mango y una innovadora cejilla para ayudar, este medidor es parte de nuestro m\u00e9todo KKEP IT SIMPLE SETUP (KISS) utilizando nuestros juegos de herramientas y medidores de precisi\u00f3n, el calibrador de altura de cuerda cuenta con medidas precisas f\u00e1ciles de leer en un terminado negro en contraste con marcas blancas grabadas profundamente, incluimos medidas en pulgadas, m\u00e9tricas y 64 para personalizar seg\u00fan tus preferencias, pr\u00e1ctica tabla de altura adecuada por tipo de instrumento e instrucciones de medici\u00f3n que elimina las conjeturas, la regla de pastilla te ayuda a marcar a\u00fan m\u00e1s tu sonido, dise\u00f1o de acero inoxidable de alta calidad con bordes lisos combinados con n\u00fameros y l\u00edneas que no se borran garantiza a\u00f1os de uso, encuentra el lado que se encuentra a trav\u00e9s de 3 trastes y \u00fasalo como un balanc\u00edn de trastes para verificar si tiene alturas de traste desiguales. Dimensiones del producto: 12.7 x 10.5 x 1.5 cm. Peso: 0.04 kg\" \/>\n<meta property=\"og:url\" content=\"https:\/\/www.mexicanguitarplayers.com\/en\/tienda\/accesorios\/para-guitarras\/cuidado-y-proteccion-para-guitarras\/kit-music-nomad-mod-mn614-mn600mn602\/\" \/>\n<meta property=\"og:site_name\" content=\"Mexican Guitar Players\" \/>\n<meta property=\"article:modified_time\" content=\"2026-05-01T13:36:36+00:00\" \/>\n<meta property=\"og:image\" content=\"https:\/\/www.mexicanguitarplayers.com\/wp-content\/uploads\/2022\/08\/RAMNDMN614.jpg\" \/>\n\t<meta property=\"og:image:width\" content=\"1200\" \/>\n\t<meta property=\"og:image:height\" content=\"1200\" \/>\n\t<meta property=\"og:image:type\" content=\"image\/jpeg\" \/>\n<meta name=\"twitter:card\" content=\"summary_large_image\" \/>\n<meta name=\"twitter:label1\" content=\"Est. reading time\" \/>\n\t<meta name=\"twitter:data1\" content=\"1 minute\" \/>\n<script type=\"application\/ld+json\" class=\"yoast-schema-graph\">{\"@context\":\"https:\\\/\\\/schema.org\",\"@graph\":[{\"@type\":[\"WebPage\",\"ItemPage\"],\"@id\":\"https:\\\/\\\/www.mexicanguitarplayers.com\\\/tienda\\\/accesorios\\\/para-guitarras\\\/cuidado-y-proteccion-para-guitarras\\\/kit-music-nomad-mod-mn614-mn600mn602\\\/\",\"url\":\"https:\\\/\\\/www.mexicanguitarplayers.com\\\/tienda\\\/accesorios\\\/para-guitarras\\\/cuidado-y-proteccion-para-guitarras\\\/kit-music-nomad-mod-mn614-mn600mn602\\\/\",\"name\":\"KIT MUSIC NOMAD MOD. MN614 (MN600+MN602) - Mexican Guitar Players\",\"isPartOf\":{\"@id\":\"https:\\\/\\\/www.mexicanguitarplayers.com\\\/#website\"},\"primaryImageOfPage\":{\"@id\":\"https:\\\/\\\/www.mexicanguitarplayers.com\\\/tienda\\\/accesorios\\\/para-guitarras\\\/cuidado-y-proteccion-para-guitarras\\\/kit-music-nomad-mod-mn614-mn600mn602\\\/#primaryimage\"},\"image\":{\"@id\":\"https:\\\/\\\/www.mexicanguitarplayers.com\\\/tienda\\\/accesorios\\\/para-guitarras\\\/cuidado-y-proteccion-para-guitarras\\\/kit-music-nomad-mod-mn614-mn600mn602\\\/#primaryimage\"},\"thumbnailUrl\":\"https:\\\/\\\/www.mexicanguitarplayers.com\\\/wp-content\\\/uploads\\\/2022\\\/08\\\/RAMNDMN614.jpg\",\"datePublished\":\"2022-08-19T01:03:51+00:00\",\"dateModified\":\"2026-05-01T13:36:36+00:00\",\"description\":\"KIT MUSIC NOMAD MOD. MN614 (MN600+MN602). Combo de galgas y calibrador, las galgas incluyen 3 medidas de relieve (.006\u201d, .008\u201d, .010\u201d) para guitarra el\u00e9ctrica, ac\u00fastica, cl\u00e1sica y bajo, fabricada con acero inoxidable, alta precisi\u00f3n, sin el molesto y sucio aceite que se encuentra en los juegos de galgas tradicionales, tama\u00f1os grabados con l\u00e1ser (pulgadas y mil\u00edmetros) y tipo de instrumento que no se desprende, instrucciones f\u00e1ciles de seguir impresas en el mango y una innovadora cejilla para ayudar, este medidor es parte de nuestro m\u00e9todo KKEP IT SIMPLE SETUP (KISS) utilizando nuestros juegos de herramientas y medidores de precisi\u00f3n, el calibrador de altura de cuerda cuenta con medidas precisas f\u00e1ciles de leer en un terminado negro en contraste con marcas blancas grabadas profundamente, incluimos medidas en pulgadas, m\u00e9tricas y 64 para personalizar seg\u00fan tus preferencias, pr\u00e1ctica tabla de altura adecuada por tipo de instrumento e instrucciones de medici\u00f3n que elimina las conjeturas, la regla de pastilla te ayuda a marcar a\u00fan m\u00e1s tu sonido, dise\u00f1o de acero inoxidable de alta calidad con bordes lisos combinados con n\u00fameros y l\u00edneas que no se borran garantiza a\u00f1os de uso, encuentra el lado que se encuentra a trav\u00e9s de 3 trastes y \u00fasalo como un balanc\u00edn de trastes para verificar si tiene alturas de traste desiguales. Dimensiones del producto: 12.7 x 10.5 x 1.5 cm. Peso: 0.04 kg\",\"breadcrumb\":{\"@id\":\"https:\\\/\\\/www.mexicanguitarplayers.com\\\/tienda\\\/accesorios\\\/para-guitarras\\\/cuidado-y-proteccion-para-guitarras\\\/kit-music-nomad-mod-mn614-mn600mn602\\\/#breadcrumb\"},\"inLanguage\":\"en-US\",\"potentialAction\":[{\"@type\":\"ReadAction\",\"target\":[\"https:\\\/\\\/www.mexicanguitarplayers.com\\\/tienda\\\/accesorios\\\/para-guitarras\\\/cuidado-y-proteccion-para-guitarras\\\/kit-music-nomad-mod-mn614-mn600mn602\\\/\"]}]},{\"@type\":\"ImageObject\",\"inLanguage\":\"en-US\",\"@id\":\"https:\\\/\\\/www.mexicanguitarplayers.com\\\/tienda\\\/accesorios\\\/para-guitarras\\\/cuidado-y-proteccion-para-guitarras\\\/kit-music-nomad-mod-mn614-mn600mn602\\\/#primaryimage\",\"url\":\"https:\\\/\\\/www.mexicanguitarplayers.com\\\/wp-content\\\/uploads\\\/2022\\\/08\\\/RAMNDMN614.jpg\",\"contentUrl\":\"https:\\\/\\\/www.mexicanguitarplayers.com\\\/wp-content\\\/uploads\\\/2022\\\/08\\\/RAMNDMN614.jpg\",\"width\":1200,\"height\":1200},{\"@type\":\"BreadcrumbList\",\"@id\":\"https:\\\/\\\/www.mexicanguitarplayers.com\\\/tienda\\\/accesorios\\\/para-guitarras\\\/cuidado-y-proteccion-para-guitarras\\\/kit-music-nomad-mod-mn614-mn600mn602\\\/#breadcrumb\",\"itemListElement\":[{\"@type\":\"ListItem\",\"position\":1,\"name\":\"Portada\",\"item\":\"https:\\\/\\\/www.mexicanguitarplayers.com\\\/\"},{\"@type\":\"ListItem\",\"position\":2,\"name\":\"Tienda\",\"item\":\"https:\\\/\\\/www.mexicanguitarplayers.com\\\/tienda\\\/\"},{\"@type\":\"ListItem\",\"position\":3,\"name\":\"KIT MUSIC NOMAD MOD. MN614 (MN600+MN602)\"}]},{\"@type\":\"WebSite\",\"@id\":\"https:\\\/\\\/www.mexicanguitarplayers.com\\\/#website\",\"url\":\"https:\\\/\\\/www.mexicanguitarplayers.com\\\/\",\"name\":\"Mexican Guitar Players\",\"description\":\"Website\",\"publisher\":{\"@id\":\"https:\\\/\\\/www.mexicanguitarplayers.com\\\/#organization\"},\"potentialAction\":[{\"@type\":\"SearchAction\",\"target\":{\"@type\":\"EntryPoint\",\"urlTemplate\":\"https:\\\/\\\/www.mexicanguitarplayers.com\\\/?s={search_term_string}\"},\"query-input\":{\"@type\":\"PropertyValueSpecification\",\"valueRequired\":true,\"valueName\":\"search_term_string\"}}],\"inLanguage\":\"en-US\"},{\"@type\":\"Organization\",\"@id\":\"https:\\\/\\\/www.mexicanguitarplayers.com\\\/#organization\",\"name\":\"Mexican Guitar Players\",\"url\":\"https:\\\/\\\/www.mexicanguitarplayers.com\\\/\",\"logo\":{\"@type\":\"ImageObject\",\"inLanguage\":\"en-US\",\"@id\":\"https:\\\/\\\/www.mexicanguitarplayers.com\\\/#\\\/schema\\\/logo\\\/image\\\/\",\"url\":\"\",\"contentUrl\":\"\",\"caption\":\"Mexican Guitar Players\"},\"image\":{\"@id\":\"https:\\\/\\\/www.mexicanguitarplayers.com\\\/#\\\/schema\\\/logo\\\/image\\\/\"}}]}<\/script>\n<!-- \/ Yoast SEO plugin. -->","yoast_head_json":{"title":"KIT MUSIC NOMAD MOD. MN614 (MN600+MN602) - Mexican Guitar Players","description":"KIT MUSIC NOMAD MOD. MN614 (MN600+MN602). Combo de galgas y calibrador, las galgas incluyen 3 medidas de relieve (.006\u201d, .008\u201d, .010\u201d) para guitarra el\u00e9ctrica, ac\u00fastica, cl\u00e1sica y bajo, fabricada con acero inoxidable, alta precisi\u00f3n, sin el molesto y sucio aceite que se encuentra en los juegos de galgas tradicionales, tama\u00f1os grabados con l\u00e1ser (pulgadas y mil\u00edmetros) y tipo de instrumento que no se desprende, instrucciones f\u00e1ciles de seguir impresas en el mango y una innovadora cejilla para ayudar, este medidor es parte de nuestro m\u00e9todo KKEP IT SIMPLE SETUP (KISS) utilizando nuestros juegos de herramientas y medidores de precisi\u00f3n, el calibrador de altura de cuerda cuenta con medidas precisas f\u00e1ciles de leer en un terminado negro en contraste con marcas blancas grabadas profundamente, incluimos medidas en pulgadas, m\u00e9tricas y 64 para personalizar seg\u00fan tus preferencias, pr\u00e1ctica tabla de altura adecuada por tipo de instrumento e instrucciones de medici\u00f3n que elimina las conjeturas, la regla de pastilla te ayuda a marcar a\u00fan m\u00e1s tu sonido, dise\u00f1o de acero inoxidable de alta calidad con bordes lisos combinados con n\u00fameros y l\u00edneas que no se borran garantiza a\u00f1os de uso, encuentra el lado que se encuentra a trav\u00e9s de 3 trastes y \u00fasalo como un balanc\u00edn de trastes para verificar si tiene alturas de traste desiguales. Dimensiones del producto: 12.7 x 10.5 x 1.5 cm. Peso: 0.04 kg","robots":{"index":"index","follow":"follow","max-snippet":"max-snippet:-1","max-image-preview":"max-image-preview:large","max-video-preview":"max-video-preview:-1"},"canonical":"https:\/\/www.mexicanguitarplayers.com\/en\/tienda\/accesorios\/para-guitarras\/cuidado-y-proteccion-para-guitarras\/kit-music-nomad-mod-mn614-mn600mn602\/","og_locale":"en_US","og_type":"article","og_title":"KIT MUSIC NOMAD MOD. MN614 (MN600+MN602) - Mexican Guitar Players","og_description":"KIT MUSIC NOMAD MOD. MN614 (MN600+MN602). Combo de galgas y calibrador, las galgas incluyen 3 medidas de relieve (.006\u201d, .008\u201d, .010\u201d) para guitarra el\u00e9ctrica, ac\u00fastica, cl\u00e1sica y bajo, fabricada con acero inoxidable, alta precisi\u00f3n, sin el molesto y sucio aceite que se encuentra en los juegos de galgas tradicionales, tama\u00f1os grabados con l\u00e1ser (pulgadas y mil\u00edmetros) y tipo de instrumento que no se desprende, instrucciones f\u00e1ciles de seguir impresas en el mango y una innovadora cejilla para ayudar, este medidor es parte de nuestro m\u00e9todo KKEP IT SIMPLE SETUP (KISS) utilizando nuestros juegos de herramientas y medidores de precisi\u00f3n, el calibrador de altura de cuerda cuenta con medidas precisas f\u00e1ciles de leer en un terminado negro en contraste con marcas blancas grabadas profundamente, incluimos medidas en pulgadas, m\u00e9tricas y 64 para personalizar seg\u00fan tus preferencias, pr\u00e1ctica tabla de altura adecuada por tipo de instrumento e instrucciones de medici\u00f3n que elimina las conjeturas, la regla de pastilla te ayuda a marcar a\u00fan m\u00e1s tu sonido, dise\u00f1o de acero inoxidable de alta calidad con bordes lisos combinados con n\u00fameros y l\u00edneas que no se borran garantiza a\u00f1os de uso, encuentra el lado que se encuentra a trav\u00e9s de 3 trastes y \u00fasalo como un balanc\u00edn de trastes para verificar si tiene alturas de traste desiguales. Dimensiones del producto: 12.7 x 10.5 x 1.5 cm. Peso: 0.04 kg","og_url":"https:\/\/www.mexicanguitarplayers.com\/en\/tienda\/accesorios\/para-guitarras\/cuidado-y-proteccion-para-guitarras\/kit-music-nomad-mod-mn614-mn600mn602\/","og_site_name":"Mexican Guitar Players","article_modified_time":"2026-05-01T13:36:36+00:00","og_image":[{"width":1200,"height":1200,"url":"https:\/\/www.mexicanguitarplayers.com\/wp-content\/uploads\/2022\/08\/RAMNDMN614.jpg","type":"image\/jpeg"}],"twitter_card":"summary_large_image","twitter_misc":{"Est. reading time":"1 minute"},"schema":{"@context":"https:\/\/schema.org","@graph":[{"@type":["WebPage","ItemPage"],"@id":"https:\/\/www.mexicanguitarplayers.com\/tienda\/accesorios\/para-guitarras\/cuidado-y-proteccion-para-guitarras\/kit-music-nomad-mod-mn614-mn600mn602\/","url":"https:\/\/www.mexicanguitarplayers.com\/tienda\/accesorios\/para-guitarras\/cuidado-y-proteccion-para-guitarras\/kit-music-nomad-mod-mn614-mn600mn602\/","name":"KIT MUSIC NOMAD MOD. MN614 (MN600+MN602) - Mexican Guitar Players","isPartOf":{"@id":"https:\/\/www.mexicanguitarplayers.com\/#website"},"primaryImageOfPage":{"@id":"https:\/\/www.mexicanguitarplayers.com\/tienda\/accesorios\/para-guitarras\/cuidado-y-proteccion-para-guitarras\/kit-music-nomad-mod-mn614-mn600mn602\/#primaryimage"},"image":{"@id":"https:\/\/www.mexicanguitarplayers.com\/tienda\/accesorios\/para-guitarras\/cuidado-y-proteccion-para-guitarras\/kit-music-nomad-mod-mn614-mn600mn602\/#primaryimage"},"thumbnailUrl":"https:\/\/www.mexicanguitarplayers.com\/wp-content\/uploads\/2022\/08\/RAMNDMN614.jpg","datePublished":"2022-08-19T01:03:51+00:00","dateModified":"2026-05-01T13:36:36+00:00","description":"KIT MUSIC NOMAD MOD. MN614 (MN600+MN602). Combo de galgas y calibrador, las galgas incluyen 3 medidas de relieve (.006\u201d, .008\u201d, .010\u201d) para guitarra el\u00e9ctrica, ac\u00fastica, cl\u00e1sica y bajo, fabricada con acero inoxidable, alta precisi\u00f3n, sin el molesto y sucio aceite que se encuentra en los juegos de galgas tradicionales, tama\u00f1os grabados con l\u00e1ser (pulgadas y mil\u00edmetros) y tipo de instrumento que no se desprende, instrucciones f\u00e1ciles de seguir impresas en el mango y una innovadora cejilla para ayudar, este medidor es parte de nuestro m\u00e9todo KKEP IT SIMPLE SETUP (KISS) utilizando nuestros juegos de herramientas y medidores de precisi\u00f3n, el calibrador de altura de cuerda cuenta con medidas precisas f\u00e1ciles de leer en un terminado negro en contraste con marcas blancas grabadas profundamente, incluimos medidas en pulgadas, m\u00e9tricas y 64 para personalizar seg\u00fan tus preferencias, pr\u00e1ctica tabla de altura adecuada por tipo de instrumento e instrucciones de medici\u00f3n que elimina las conjeturas, la regla de pastilla te ayuda a marcar a\u00fan m\u00e1s tu sonido, dise\u00f1o de acero inoxidable de alta calidad con bordes lisos combinados con n\u00fameros y l\u00edneas que no se borran garantiza a\u00f1os de uso, encuentra el lado que se encuentra a trav\u00e9s de 3 trastes y \u00fasalo como un balanc\u00edn de trastes para verificar si tiene alturas de traste desiguales. Dimensiones del producto: 12.7 x 10.5 x 1.5 cm. Peso: 0.04 kg","breadcrumb":{"@id":"https:\/\/www.mexicanguitarplayers.com\/tienda\/accesorios\/para-guitarras\/cuidado-y-proteccion-para-guitarras\/kit-music-nomad-mod-mn614-mn600mn602\/#breadcrumb"},"inLanguage":"en-US","potentialAction":[{"@type":"ReadAction","target":["https:\/\/www.mexicanguitarplayers.com\/tienda\/accesorios\/para-guitarras\/cuidado-y-proteccion-para-guitarras\/kit-music-nomad-mod-mn614-mn600mn602\/"]}]},{"@type":"ImageObject","inLanguage":"en-US","@id":"https:\/\/www.mexicanguitarplayers.com\/tienda\/accesorios\/para-guitarras\/cuidado-y-proteccion-para-guitarras\/kit-music-nomad-mod-mn614-mn600mn602\/#primaryimage","url":"https:\/\/www.mexicanguitarplayers.com\/wp-content\/uploads\/2022\/08\/RAMNDMN614.jpg","contentUrl":"https:\/\/www.mexicanguitarplayers.com\/wp-content\/uploads\/2022\/08\/RAMNDMN614.jpg","width":1200,"height":1200},{"@type":"BreadcrumbList","@id":"https:\/\/www.mexicanguitarplayers.com\/tienda\/accesorios\/para-guitarras\/cuidado-y-proteccion-para-guitarras\/kit-music-nomad-mod-mn614-mn600mn602\/#breadcrumb","itemListElement":[{"@type":"ListItem","position":1,"name":"Portada","item":"https:\/\/www.mexicanguitarplayers.com\/"},{"@type":"ListItem","position":2,"name":"Tienda","item":"https:\/\/www.mexicanguitarplayers.com\/tienda\/"},{"@type":"ListItem","position":3,"name":"KIT MUSIC NOMAD MOD. MN614 (MN600+MN602)"}]},{"@type":"WebSite","@id":"https:\/\/www.mexicanguitarplayers.com\/#website","url":"https:\/\/www.mexicanguitarplayers.com\/","name":"Mexican Guitar Players","description":"Website","publisher":{"@id":"https:\/\/www.mexicanguitarplayers.com\/#organization"},"potentialAction":[{"@type":"SearchAction","target":{"@type":"EntryPoint","urlTemplate":"https:\/\/www.mexicanguitarplayers.com\/?s={search_term_string}"},"query-input":{"@type":"PropertyValueSpecification","valueRequired":true,"valueName":"search_term_string"}}],"inLanguage":"en-US"},{"@type":"Organization","@id":"https:\/\/www.mexicanguitarplayers.com\/#organization","name":"Mexican Guitar Players","url":"https:\/\/www.mexicanguitarplayers.com\/","logo":{"@type":"ImageObject","inLanguage":"en-US","@id":"https:\/\/www.mexicanguitarplayers.com\/#\/schema\/logo\/image\/","url":"","contentUrl":"","caption":"Mexican Guitar Players"},"image":{"@id":"https:\/\/www.mexicanguitarplayers.com\/#\/schema\/logo\/image\/"}}]}},"brands":[{"id":622,"name":"MUSIC NOMAD","slug":"music-nomad"}],"_links":{"self":[{"href":"https:\/\/www.mexicanguitarplayers.com\/en\/wp-json\/wp\/v2\/product\/18132","targetHints":{"allow":["GET"]}}],"collection":[{"href":"https:\/\/www.mexicanguitarplayers.com\/en\/wp-json\/wp\/v2\/product"}],"about":[{"href":"https:\/\/www.mexicanguitarplayers.com\/en\/wp-json\/wp\/v2\/types\/product"}],"replies":[{"embeddable":true,"href":"https:\/\/www.mexicanguitarplayers.com\/en\/wp-json\/wp\/v2\/comments?post=18132"}],"wp:featuredmedia":[{"embeddable":true,"href":"https:\/\/www.mexicanguitarplayers.com\/en\/wp-json\/wp\/v2\/media\/18128"}],"wp:attachment":[{"href":"https:\/\/www.mexicanguitarplayers.com\/en\/wp-json\/wp\/v2\/media?parent=18132"}],"wp:term":[{"taxonomy":"pwb-brand","embeddable":true,"href":"https:\/\/www.mexicanguitarplayers.com\/en\/wp-json\/wp\/v2\/pwb-brand?post=18132"},{"taxonomy":"product_brand","embeddable":true,"href":"https:\/\/www.mexicanguitarplayers.com\/en\/wp-json\/wp\/v2\/product_brand?post=18132"},{"taxonomy":"product_cat","embeddable":true,"href":"https:\/\/www.mexicanguitarplayers.com\/en\/wp-json\/wp\/v2\/product_cat?post=18132"},{"taxonomy":"product_tag","embeddable":true,"href":"https:\/\/www.mexicanguitarplayers.com\/en\/wp-json\/wp\/v2\/product_tag?post=18132"}],"curies":[{"name":"wp","href":"https:\/\/api.w.org\/{rel}","templated":true}]}}