{"id":18137,"date":"2022-08-18T20:04:00","date_gmt":"2022-08-19T01:04:00","guid":{"rendered":"https:\/\/www.mexicanguitarplayers.com\/tienda\/sin%20categor\u00eda\/limas-music-nomad-jgo-mod-mn667\/"},"modified":"2026-05-01T07:36:35","modified_gmt":"2026-05-01T13:36:35","slug":"limas-music-nomad-jgo-mod-mn667","status":"publish","type":"product","link":"https:\/\/www.mexicanguitarplayers.com\/en\/tienda\/accesorios\/para-guitarras\/cuidado-y-proteccion-para-guitarras\/limas-music-nomad-jgo-mod-mn667\/","title":{"rendered":"MUSIC NOMAD FILES (GAME) MOD. MN667"},"content":{"rendered":"<div style=\"text-align: justify\">\n<div>\n<h3>MUSIC NOMAD FILES (GAME) MOD. MN667<\/h3>\n<\/div>\n<div>Electric Guitar File Set for Super Light Strings (.010\u201d, .013\u201d, .017\u201d, .024\u201d, .032\u201d, .042\u201d) Industrial Strength Diamond Coated, Comes in Compact Aluminum Case 3&quot; x 6&quot; x 1.4&quot; strong, lightweight, innovative round rope-shaped blade design that won&#039;t bend, resulting in smooth, precise cuts, laser-engraved size on each blade plus ergonomic, convenient handle workbench hang hole, perfect for simultaneously cutting and grinding new or existing nut slots, ideal for all common nut materials like nylon, bone, graphite and TUSQ, even work great in saddles.<\/div>\n<\/div>","protected":false},"excerpt":{"rendered":"<p>Set de limas para guitarra el\u00e9ctrica, para cuerdas s\u00faper ligeras (.010\u201d, .013\u201d, .017\u201d, .024\u201d, .032\u201d, .042\u201d) con revestimiento de diamante de resistencia industrial, viene en caja de aluminio compacta, liviana y fuerte de 3\u201d x 6\u201d x 1.4\u201d, innovador dise\u00f1o de hoja redonda en forma de cuerda que no se dobla, lo que da como resultado cortes suaves y precisos, tama\u00f1o grabado con l\u00e1ser en cada hoja m\u00e1s mango ergon\u00f3mico y pr\u00e1ctico orificio para colgar en el banco de trabajo, perfecto para cortar y pulir al mismo tiempo ranuras para tuercas nuevas o existentes, ideal para todos los materiales de cejuela m\u00e1s comunes como nylon, hueso, grafito y TUSQ, incluso funcionan de maravilla en monturas.&hellip; <a class=\"kt-excerpt-readmore more-link\" href=\"https:\/\/www.mexicanguitarplayers.com\/en\/tienda\/accesorios\/para-guitarras\/cuidado-y-proteccion-para-guitarras\/limas-music-nomad-jgo-mod-mn667\/\">Read more<\/a><\/p>","protected":false},"featured_media":18133,"comment_status":"open","ping_status":"closed","template":"","meta":{"kt_blocks_editor_width":""},"pwb-brand":[622],"product_brand":[],"product_cat":[85,619,336],"product_tag":[],"class_list":{"0":"post-18137","1":"product","2":"type-product","3":"status-publish","4":"has-post-thumbnail","6":"pwb-brand-music-nomad","7":"product_cat-accesorios","8":"product_cat-cuidado-y-proteccion-para-guitarras","9":"product_cat-para-guitarras","10":"product_shipping_class-0-5-kg","12":"first","13":"instock","14":"taxable","15":"shipping-taxable","16":"purchasable","17":"product-type-simple"},"yoast_head":"<!-- This site is optimized with the Yoast SEO plugin v27.6 - https:\/\/yoast.com\/product\/yoast-seo-wordpress\/ -->\n<title>LIMAS MUSIC NOMAD (JGO.) MOD. MN667 - Mexican Guitar Players<\/title>\n<meta name=\"description\" content=\"LIMAS MUSIC NOMAD (JGO.) MOD. MN667. Set de limas para guitarra el\u00e9ctrica, para cuerdas s\u00faper ligeras (.010\u201d, .013\u201d, .017\u201d, .024\u201d, .032\u201d, .042\u201d) con revestimiento de diamante de resistencia industrial, viene en caja de aluminio compacta, liviana y fuerte de 3\u201d x 6\u201d x 1.4\u201d, innovador dise\u00f1o de hoja redonda en forma de cuerda que no se dobla, lo que da como resultado cortes suaves y precisos, tama\u00f1o grabado con l\u00e1ser en cada hoja m\u00e1s mango ergon\u00f3mico y pr\u00e1ctico orificio para colgar en el banco de trabajo, perfecto para cortar y pulir al mismo tiempo ranuras para tuercas nuevas o existentes, ideal para todos los materiales de cejuela m\u00e1s comunes como nylon, hueso, grafito y TUSQ, incluso funcionan de maravilla en monturas.\" \/>\n<meta name=\"robots\" content=\"index, follow, max-snippet:-1, max-image-preview:large, max-video-preview:-1\" \/>\n<link rel=\"canonical\" href=\"https:\/\/www.mexicanguitarplayers.com\/en\/tienda\/accesorios\/para-guitarras\/cuidado-y-proteccion-para-guitarras\/limas-music-nomad-jgo-mod-mn667\/\" \/>\n<meta property=\"og:locale\" content=\"en_US\" \/>\n<meta property=\"og:type\" content=\"article\" \/>\n<meta property=\"og:title\" content=\"LIMAS MUSIC NOMAD (JGO.) MOD. MN667 - Mexican Guitar Players\" \/>\n<meta property=\"og:description\" content=\"LIMAS MUSIC NOMAD (JGO.) MOD. MN667. Set de limas para guitarra el\u00e9ctrica, para cuerdas s\u00faper ligeras (.010\u201d, .013\u201d, .017\u201d, .024\u201d, .032\u201d, .042\u201d) con revestimiento de diamante de resistencia industrial, viene en caja de aluminio compacta, liviana y fuerte de 3\u201d x 6\u201d x 1.4\u201d, innovador dise\u00f1o de hoja redonda en forma de cuerda que no se dobla, lo que da como resultado cortes suaves y precisos, tama\u00f1o grabado con l\u00e1ser en cada hoja m\u00e1s mango ergon\u00f3mico y pr\u00e1ctico orificio para colgar en el banco de trabajo, perfecto para cortar y pulir al mismo tiempo ranuras para tuercas nuevas o existentes, ideal para todos los materiales de cejuela m\u00e1s comunes como nylon, hueso, grafito y TUSQ, incluso funcionan de maravilla en monturas.\" \/>\n<meta property=\"og:url\" content=\"https:\/\/www.mexicanguitarplayers.com\/en\/tienda\/accesorios\/para-guitarras\/cuidado-y-proteccion-para-guitarras\/limas-music-nomad-jgo-mod-mn667\/\" \/>\n<meta property=\"og:site_name\" content=\"Mexican Guitar Players\" \/>\n<meta property=\"article:modified_time\" content=\"2026-05-01T13:36:35+00:00\" \/>\n<meta property=\"og:image\" content=\"https:\/\/www.mexicanguitarplayers.com\/wp-content\/uploads\/2022\/08\/RAMNDMN667.jpg\" \/>\n\t<meta property=\"og:image:width\" content=\"1200\" \/>\n\t<meta property=\"og:image:height\" content=\"1200\" \/>\n\t<meta property=\"og:image:type\" content=\"image\/jpeg\" \/>\n<meta name=\"twitter:card\" content=\"summary_large_image\" \/>\n<meta name=\"twitter:label1\" content=\"Est. reading time\" \/>\n\t<meta name=\"twitter:data1\" content=\"1 minute\" \/>\n<script type=\"application\/ld+json\" class=\"yoast-schema-graph\">{\"@context\":\"https:\\\/\\\/schema.org\",\"@graph\":[{\"@type\":[\"WebPage\",\"ItemPage\"],\"@id\":\"https:\\\/\\\/www.mexicanguitarplayers.com\\\/tienda\\\/accesorios\\\/para-guitarras\\\/cuidado-y-proteccion-para-guitarras\\\/limas-music-nomad-jgo-mod-mn667\\\/\",\"url\":\"https:\\\/\\\/www.mexicanguitarplayers.com\\\/tienda\\\/accesorios\\\/para-guitarras\\\/cuidado-y-proteccion-para-guitarras\\\/limas-music-nomad-jgo-mod-mn667\\\/\",\"name\":\"LIMAS MUSIC NOMAD (JGO.) MOD. MN667 - Mexican Guitar Players\",\"isPartOf\":{\"@id\":\"https:\\\/\\\/www.mexicanguitarplayers.com\\\/#website\"},\"primaryImageOfPage\":{\"@id\":\"https:\\\/\\\/www.mexicanguitarplayers.com\\\/tienda\\\/accesorios\\\/para-guitarras\\\/cuidado-y-proteccion-para-guitarras\\\/limas-music-nomad-jgo-mod-mn667\\\/#primaryimage\"},\"image\":{\"@id\":\"https:\\\/\\\/www.mexicanguitarplayers.com\\\/tienda\\\/accesorios\\\/para-guitarras\\\/cuidado-y-proteccion-para-guitarras\\\/limas-music-nomad-jgo-mod-mn667\\\/#primaryimage\"},\"thumbnailUrl\":\"https:\\\/\\\/www.mexicanguitarplayers.com\\\/wp-content\\\/uploads\\\/2022\\\/08\\\/RAMNDMN667.jpg\",\"datePublished\":\"2022-08-19T01:04:00+00:00\",\"dateModified\":\"2026-05-01T13:36:35+00:00\",\"description\":\"LIMAS MUSIC NOMAD (JGO.) MOD. MN667. Set de limas para guitarra el\u00e9ctrica, para cuerdas s\u00faper ligeras (.010\u201d, .013\u201d, .017\u201d, .024\u201d, .032\u201d, .042\u201d) con revestimiento de diamante de resistencia industrial, viene en caja de aluminio compacta, liviana y fuerte de 3\u201d x 6\u201d x 1.4\u201d, innovador dise\u00f1o de hoja redonda en forma de cuerda que no se dobla, lo que da como resultado cortes suaves y precisos, tama\u00f1o grabado con l\u00e1ser en cada hoja m\u00e1s mango ergon\u00f3mico y pr\u00e1ctico orificio para colgar en el banco de trabajo, perfecto para cortar y pulir al mismo tiempo ranuras para tuercas nuevas o existentes, ideal para todos los materiales de cejuela m\u00e1s comunes como nylon, hueso, grafito y TUSQ, incluso funcionan de maravilla en monturas.\",\"breadcrumb\":{\"@id\":\"https:\\\/\\\/www.mexicanguitarplayers.com\\\/tienda\\\/accesorios\\\/para-guitarras\\\/cuidado-y-proteccion-para-guitarras\\\/limas-music-nomad-jgo-mod-mn667\\\/#breadcrumb\"},\"inLanguage\":\"en-US\",\"potentialAction\":[{\"@type\":\"ReadAction\",\"target\":[\"https:\\\/\\\/www.mexicanguitarplayers.com\\\/tienda\\\/accesorios\\\/para-guitarras\\\/cuidado-y-proteccion-para-guitarras\\\/limas-music-nomad-jgo-mod-mn667\\\/\"]}]},{\"@type\":\"ImageObject\",\"inLanguage\":\"en-US\",\"@id\":\"https:\\\/\\\/www.mexicanguitarplayers.com\\\/tienda\\\/accesorios\\\/para-guitarras\\\/cuidado-y-proteccion-para-guitarras\\\/limas-music-nomad-jgo-mod-mn667\\\/#primaryimage\",\"url\":\"https:\\\/\\\/www.mexicanguitarplayers.com\\\/wp-content\\\/uploads\\\/2022\\\/08\\\/RAMNDMN667.jpg\",\"contentUrl\":\"https:\\\/\\\/www.mexicanguitarplayers.com\\\/wp-content\\\/uploads\\\/2022\\\/08\\\/RAMNDMN667.jpg\",\"width\":1200,\"height\":1200},{\"@type\":\"BreadcrumbList\",\"@id\":\"https:\\\/\\\/www.mexicanguitarplayers.com\\\/tienda\\\/accesorios\\\/para-guitarras\\\/cuidado-y-proteccion-para-guitarras\\\/limas-music-nomad-jgo-mod-mn667\\\/#breadcrumb\",\"itemListElement\":[{\"@type\":\"ListItem\",\"position\":1,\"name\":\"Portada\",\"item\":\"https:\\\/\\\/www.mexicanguitarplayers.com\\\/\"},{\"@type\":\"ListItem\",\"position\":2,\"name\":\"Tienda\",\"item\":\"https:\\\/\\\/www.mexicanguitarplayers.com\\\/tienda\\\/\"},{\"@type\":\"ListItem\",\"position\":3,\"name\":\"LIMAS MUSIC NOMAD (JGO.) MOD. MN667\"}]},{\"@type\":\"WebSite\",\"@id\":\"https:\\\/\\\/www.mexicanguitarplayers.com\\\/#website\",\"url\":\"https:\\\/\\\/www.mexicanguitarplayers.com\\\/\",\"name\":\"Mexican Guitar Players\",\"description\":\"Website\",\"publisher\":{\"@id\":\"https:\\\/\\\/www.mexicanguitarplayers.com\\\/#organization\"},\"potentialAction\":[{\"@type\":\"SearchAction\",\"target\":{\"@type\":\"EntryPoint\",\"urlTemplate\":\"https:\\\/\\\/www.mexicanguitarplayers.com\\\/?s={search_term_string}\"},\"query-input\":{\"@type\":\"PropertyValueSpecification\",\"valueRequired\":true,\"valueName\":\"search_term_string\"}}],\"inLanguage\":\"en-US\"},{\"@type\":\"Organization\",\"@id\":\"https:\\\/\\\/www.mexicanguitarplayers.com\\\/#organization\",\"name\":\"Mexican Guitar Players\",\"url\":\"https:\\\/\\\/www.mexicanguitarplayers.com\\\/\",\"logo\":{\"@type\":\"ImageObject\",\"inLanguage\":\"en-US\",\"@id\":\"https:\\\/\\\/www.mexicanguitarplayers.com\\\/#\\\/schema\\\/logo\\\/image\\\/\",\"url\":\"\",\"contentUrl\":\"\",\"caption\":\"Mexican Guitar Players\"},\"image\":{\"@id\":\"https:\\\/\\\/www.mexicanguitarplayers.com\\\/#\\\/schema\\\/logo\\\/image\\\/\"}}]}<\/script>\n<!-- \/ Yoast SEO plugin. -->","yoast_head_json":{"title":"LIMAS MUSIC NOMAD (JGO.) MOD. MN667 - Mexican Guitar Players","description":"LIMAS MUSIC NOMAD (JGO.) MOD. MN667. Set de limas para guitarra el\u00e9ctrica, para cuerdas s\u00faper ligeras (.010\u201d, .013\u201d, .017\u201d, .024\u201d, .032\u201d, .042\u201d) con revestimiento de diamante de resistencia industrial, viene en caja de aluminio compacta, liviana y fuerte de 3\u201d x 6\u201d x 1.4\u201d, innovador dise\u00f1o de hoja redonda en forma de cuerda que no se dobla, lo que da como resultado cortes suaves y precisos, tama\u00f1o grabado con l\u00e1ser en cada hoja m\u00e1s mango ergon\u00f3mico y pr\u00e1ctico orificio para colgar en el banco de trabajo, perfecto para cortar y pulir al mismo tiempo ranuras para tuercas nuevas o existentes, ideal para todos los materiales de cejuela m\u00e1s comunes como nylon, hueso, grafito y TUSQ, incluso funcionan de maravilla en monturas.","robots":{"index":"index","follow":"follow","max-snippet":"max-snippet:-1","max-image-preview":"max-image-preview:large","max-video-preview":"max-video-preview:-1"},"canonical":"https:\/\/www.mexicanguitarplayers.com\/en\/tienda\/accesorios\/para-guitarras\/cuidado-y-proteccion-para-guitarras\/limas-music-nomad-jgo-mod-mn667\/","og_locale":"en_US","og_type":"article","og_title":"LIMAS MUSIC NOMAD (JGO.) MOD. MN667 - Mexican Guitar Players","og_description":"LIMAS MUSIC NOMAD (JGO.) MOD. MN667. Set de limas para guitarra el\u00e9ctrica, para cuerdas s\u00faper ligeras (.010\u201d, .013\u201d, .017\u201d, .024\u201d, .032\u201d, .042\u201d) con revestimiento de diamante de resistencia industrial, viene en caja de aluminio compacta, liviana y fuerte de 3\u201d x 6\u201d x 1.4\u201d, innovador dise\u00f1o de hoja redonda en forma de cuerda que no se dobla, lo que da como resultado cortes suaves y precisos, tama\u00f1o grabado con l\u00e1ser en cada hoja m\u00e1s mango ergon\u00f3mico y pr\u00e1ctico orificio para colgar en el banco de trabajo, perfecto para cortar y pulir al mismo tiempo ranuras para tuercas nuevas o existentes, ideal para todos los materiales de cejuela m\u00e1s comunes como nylon, hueso, grafito y TUSQ, incluso funcionan de maravilla en monturas.","og_url":"https:\/\/www.mexicanguitarplayers.com\/en\/tienda\/accesorios\/para-guitarras\/cuidado-y-proteccion-para-guitarras\/limas-music-nomad-jgo-mod-mn667\/","og_site_name":"Mexican Guitar Players","article_modified_time":"2026-05-01T13:36:35+00:00","og_image":[{"width":1200,"height":1200,"url":"https:\/\/www.mexicanguitarplayers.com\/wp-content\/uploads\/2022\/08\/RAMNDMN667.jpg","type":"image\/jpeg"}],"twitter_card":"summary_large_image","twitter_misc":{"Est. reading time":"1 minute"},"schema":{"@context":"https:\/\/schema.org","@graph":[{"@type":["WebPage","ItemPage"],"@id":"https:\/\/www.mexicanguitarplayers.com\/tienda\/accesorios\/para-guitarras\/cuidado-y-proteccion-para-guitarras\/limas-music-nomad-jgo-mod-mn667\/","url":"https:\/\/www.mexicanguitarplayers.com\/tienda\/accesorios\/para-guitarras\/cuidado-y-proteccion-para-guitarras\/limas-music-nomad-jgo-mod-mn667\/","name":"LIMAS MUSIC NOMAD (JGO.) MOD. MN667 - Mexican Guitar Players","isPartOf":{"@id":"https:\/\/www.mexicanguitarplayers.com\/#website"},"primaryImageOfPage":{"@id":"https:\/\/www.mexicanguitarplayers.com\/tienda\/accesorios\/para-guitarras\/cuidado-y-proteccion-para-guitarras\/limas-music-nomad-jgo-mod-mn667\/#primaryimage"},"image":{"@id":"https:\/\/www.mexicanguitarplayers.com\/tienda\/accesorios\/para-guitarras\/cuidado-y-proteccion-para-guitarras\/limas-music-nomad-jgo-mod-mn667\/#primaryimage"},"thumbnailUrl":"https:\/\/www.mexicanguitarplayers.com\/wp-content\/uploads\/2022\/08\/RAMNDMN667.jpg","datePublished":"2022-08-19T01:04:00+00:00","dateModified":"2026-05-01T13:36:35+00:00","description":"LIMAS MUSIC NOMAD (JGO.) MOD. MN667. Set de limas para guitarra el\u00e9ctrica, para cuerdas s\u00faper ligeras (.010\u201d, .013\u201d, .017\u201d, .024\u201d, .032\u201d, .042\u201d) con revestimiento de diamante de resistencia industrial, viene en caja de aluminio compacta, liviana y fuerte de 3\u201d x 6\u201d x 1.4\u201d, innovador dise\u00f1o de hoja redonda en forma de cuerda que no se dobla, lo que da como resultado cortes suaves y precisos, tama\u00f1o grabado con l\u00e1ser en cada hoja m\u00e1s mango ergon\u00f3mico y pr\u00e1ctico orificio para colgar en el banco de trabajo, perfecto para cortar y pulir al mismo tiempo ranuras para tuercas nuevas o existentes, ideal para todos los materiales de cejuela m\u00e1s comunes como nylon, hueso, grafito y TUSQ, incluso funcionan de maravilla en monturas.","breadcrumb":{"@id":"https:\/\/www.mexicanguitarplayers.com\/tienda\/accesorios\/para-guitarras\/cuidado-y-proteccion-para-guitarras\/limas-music-nomad-jgo-mod-mn667\/#breadcrumb"},"inLanguage":"en-US","potentialAction":[{"@type":"ReadAction","target":["https:\/\/www.mexicanguitarplayers.com\/tienda\/accesorios\/para-guitarras\/cuidado-y-proteccion-para-guitarras\/limas-music-nomad-jgo-mod-mn667\/"]}]},{"@type":"ImageObject","inLanguage":"en-US","@id":"https:\/\/www.mexicanguitarplayers.com\/tienda\/accesorios\/para-guitarras\/cuidado-y-proteccion-para-guitarras\/limas-music-nomad-jgo-mod-mn667\/#primaryimage","url":"https:\/\/www.mexicanguitarplayers.com\/wp-content\/uploads\/2022\/08\/RAMNDMN667.jpg","contentUrl":"https:\/\/www.mexicanguitarplayers.com\/wp-content\/uploads\/2022\/08\/RAMNDMN667.jpg","width":1200,"height":1200},{"@type":"BreadcrumbList","@id":"https:\/\/www.mexicanguitarplayers.com\/tienda\/accesorios\/para-guitarras\/cuidado-y-proteccion-para-guitarras\/limas-music-nomad-jgo-mod-mn667\/#breadcrumb","itemListElement":[{"@type":"ListItem","position":1,"name":"Portada","item":"https:\/\/www.mexicanguitarplayers.com\/"},{"@type":"ListItem","position":2,"name":"Tienda","item":"https:\/\/www.mexicanguitarplayers.com\/tienda\/"},{"@type":"ListItem","position":3,"name":"LIMAS MUSIC NOMAD (JGO.) MOD. MN667"}]},{"@type":"WebSite","@id":"https:\/\/www.mexicanguitarplayers.com\/#website","url":"https:\/\/www.mexicanguitarplayers.com\/","name":"Mexican Guitar Players","description":"Website","publisher":{"@id":"https:\/\/www.mexicanguitarplayers.com\/#organization"},"potentialAction":[{"@type":"SearchAction","target":{"@type":"EntryPoint","urlTemplate":"https:\/\/www.mexicanguitarplayers.com\/?s={search_term_string}"},"query-input":{"@type":"PropertyValueSpecification","valueRequired":true,"valueName":"search_term_string"}}],"inLanguage":"en-US"},{"@type":"Organization","@id":"https:\/\/www.mexicanguitarplayers.com\/#organization","name":"Mexican Guitar Players","url":"https:\/\/www.mexicanguitarplayers.com\/","logo":{"@type":"ImageObject","inLanguage":"en-US","@id":"https:\/\/www.mexicanguitarplayers.com\/#\/schema\/logo\/image\/","url":"","contentUrl":"","caption":"Mexican Guitar Players"},"image":{"@id":"https:\/\/www.mexicanguitarplayers.com\/#\/schema\/logo\/image\/"}}]}},"brands":[{"id":622,"name":"MUSIC NOMAD","slug":"music-nomad"}],"_links":{"self":[{"href":"https:\/\/www.mexicanguitarplayers.com\/en\/wp-json\/wp\/v2\/product\/18137","targetHints":{"allow":["GET"]}}],"collection":[{"href":"https:\/\/www.mexicanguitarplayers.com\/en\/wp-json\/wp\/v2\/product"}],"about":[{"href":"https:\/\/www.mexicanguitarplayers.com\/en\/wp-json\/wp\/v2\/types\/product"}],"replies":[{"embeddable":true,"href":"https:\/\/www.mexicanguitarplayers.com\/en\/wp-json\/wp\/v2\/comments?post=18137"}],"wp:featuredmedia":[{"embeddable":true,"href":"https:\/\/www.mexicanguitarplayers.com\/en\/wp-json\/wp\/v2\/media\/18133"}],"wp:attachment":[{"href":"https:\/\/www.mexicanguitarplayers.com\/en\/wp-json\/wp\/v2\/media?parent=18137"}],"wp:term":[{"taxonomy":"pwb-brand","embeddable":true,"href":"https:\/\/www.mexicanguitarplayers.com\/en\/wp-json\/wp\/v2\/pwb-brand?post=18137"},{"taxonomy":"product_brand","embeddable":true,"href":"https:\/\/www.mexicanguitarplayers.com\/en\/wp-json\/wp\/v2\/product_brand?post=18137"},{"taxonomy":"product_cat","embeddable":true,"href":"https:\/\/www.mexicanguitarplayers.com\/en\/wp-json\/wp\/v2\/product_cat?post=18137"},{"taxonomy":"product_tag","embeddable":true,"href":"https:\/\/www.mexicanguitarplayers.com\/en\/wp-json\/wp\/v2\/product_tag?post=18137"}],"curies":[{"name":"wp","href":"https:\/\/api.w.org\/{rel}","templated":true}]}}