{"id":18166,"date":"2022-08-18T20:04:52","date_gmt":"2022-08-19T01:04:52","guid":{"rendered":"https:\/\/www.mexicanguitarplayers.com\/tienda\/sin%20categor\u00eda\/aceite-music-nomad-p-embolos-valve-oil\/"},"modified":"2026-05-01T07:36:32","modified_gmt":"2026-05-01T13:36:32","slug":"aceite-music-nomad-p-embolos-valve-oil","status":"publish","type":"product","link":"https:\/\/www.mexicanguitarplayers.com\/en\/tienda\/accesorios\/para-alientos\/cuidado-y-proteccion-para-alientos\/aceite-music-nomad-p-embolos-valve-oil\/","title":{"rendered":"MUSIC NOMAD OIL FOR PLUNGERS VALVE OIL"},"content":{"rendered":"<div style=\"text-align: justify\">\n<div>\n<h3>MUSIC NOMAD OIL FOR PLUNGERS VALVE OIL<\/h3>\n<\/div>\n<div>Breath Oil, Designed for Valves, Long Lasting Pro Strength Synthetic Formula, Biodegradable, Non-Toxic, Odorless and Petroleum Free, Scientifically Engineered to Provide Fast, Long Lasting Valve Action, Made in USA, Used by Beginners, Professionals, repair shops and instrument makers, content: 2 oz (60 ml).<\/div>\n<\/div>","protected":false},"excerpt":{"rendered":"<p>Aceite para alientos, dise\u00f1ado para v\u00e1lvulas, f\u00f3rmula sint\u00e9tica de fuerza pro duradera, biodegradable, no t\u00f3xico, inodoro y libre de petr\u00f3leo, cient\u00edficamente dise\u00f1ado para proporcionar una acci\u00f3n de v\u00e1lvula r\u00e1pida y de larga duraci\u00f3n, hecho en USA, utilizado por principiantes, profesionales, talleres de reparaci\u00f3n y fabricantes de instrumentos, contenido: 2 oz (60 ml).&hellip; <a class=\"kt-excerpt-readmore more-link\" href=\"https:\/\/www.mexicanguitarplayers.com\/en\/tienda\/accesorios\/para-alientos\/cuidado-y-proteccion-para-alientos\/aceite-music-nomad-p-embolos-valve-oil\/\">Read more<\/a><\/p>","protected":false},"featured_media":18165,"comment_status":"open","ping_status":"closed","template":"","meta":{"kt_blocks_editor_width":""},"pwb-brand":[622],"product_brand":[],"product_cat":[85,620,441],"product_tag":[],"class_list":{"0":"post-18166","1":"product","2":"type-product","3":"status-publish","4":"has-post-thumbnail","6":"pwb-brand-music-nomad","7":"product_cat-accesorios","8":"product_cat-cuidado-y-proteccion-para-alientos","9":"product_cat-para-alientos","10":"product_shipping_class-0-5-kg","12":"first","13":"instock","14":"taxable","15":"shipping-taxable","16":"purchasable","17":"product-type-simple"},"yoast_head":"<!-- This site is optimized with the Yoast SEO plugin v27.5 - https:\/\/yoast.com\/product\/yoast-seo-wordpress\/ -->\n<title>ACEITE MUSIC NOMAD P\/EMBOLOS VALVE OIL - Mexican Guitar Players<\/title>\n<meta name=\"description\" content=\"ACEITE MUSIC NOMAD P\/EMBOLOS VALVE OIL. Aceite para alientos, dise\u00f1ado para v\u00e1lvulas, f\u00f3rmula sint\u00e9tica de fuerza pro duradera, biodegradable, no t\u00f3xico, inodoro y libre de petr\u00f3leo, cient\u00edficamente dise\u00f1ado para proporcionar una acci\u00f3n de v\u00e1lvula r\u00e1pida y de larga duraci\u00f3n, hecho en USA, utilizado por principiantes, profesionales, talleres de reparaci\u00f3n y fabricantes de instrumentos, contenido: 2 oz (60 ml).\" \/>\n<meta name=\"robots\" content=\"index, follow, max-snippet:-1, max-image-preview:large, max-video-preview:-1\" \/>\n<link rel=\"canonical\" href=\"https:\/\/www.mexicanguitarplayers.com\/en\/tienda\/accesorios\/para-alientos\/cuidado-y-proteccion-para-alientos\/aceite-music-nomad-p-embolos-valve-oil\/\" \/>\n<meta property=\"og:locale\" content=\"en_US\" \/>\n<meta property=\"og:type\" content=\"article\" \/>\n<meta property=\"og:title\" content=\"ACEITE MUSIC NOMAD P\/EMBOLOS VALVE OIL - Mexican Guitar Players\" \/>\n<meta property=\"og:description\" content=\"ACEITE MUSIC NOMAD P\/EMBOLOS VALVE OIL. Aceite para alientos, dise\u00f1ado para v\u00e1lvulas, f\u00f3rmula sint\u00e9tica de fuerza pro duradera, biodegradable, no t\u00f3xico, inodoro y libre de petr\u00f3leo, cient\u00edficamente dise\u00f1ado para proporcionar una acci\u00f3n de v\u00e1lvula r\u00e1pida y de larga duraci\u00f3n, hecho en USA, utilizado por principiantes, profesionales, talleres de reparaci\u00f3n y fabricantes de instrumentos, contenido: 2 oz (60 ml).\" \/>\n<meta property=\"og:url\" content=\"https:\/\/www.mexicanguitarplayers.com\/en\/tienda\/accesorios\/para-alientos\/cuidado-y-proteccion-para-alientos\/aceite-music-nomad-p-embolos-valve-oil\/\" \/>\n<meta property=\"og:site_name\" content=\"Mexican Guitar Players\" \/>\n<meta property=\"article:modified_time\" content=\"2026-05-01T13:36:32+00:00\" \/>\n<meta property=\"og:image\" content=\"https:\/\/www.mexicanguitarplayers.com\/wp-content\/uploads\/2022\/08\/RAMNDMN703.jpg\" \/>\n\t<meta property=\"og:image:width\" content=\"800\" \/>\n\t<meta property=\"og:image:height\" content=\"1600\" \/>\n\t<meta property=\"og:image:type\" content=\"image\/jpeg\" \/>\n<meta name=\"twitter:card\" content=\"summary_large_image\" \/>\n<script type=\"application\/ld+json\" class=\"yoast-schema-graph\">{\"@context\":\"https:\\\/\\\/schema.org\",\"@graph\":[{\"@type\":[\"WebPage\",\"ItemPage\"],\"@id\":\"https:\\\/\\\/www.mexicanguitarplayers.com\\\/tienda\\\/accesorios\\\/para-alientos\\\/cuidado-y-proteccion-para-alientos\\\/aceite-music-nomad-p-embolos-valve-oil\\\/\",\"url\":\"https:\\\/\\\/www.mexicanguitarplayers.com\\\/tienda\\\/accesorios\\\/para-alientos\\\/cuidado-y-proteccion-para-alientos\\\/aceite-music-nomad-p-embolos-valve-oil\\\/\",\"name\":\"ACEITE MUSIC NOMAD P\\\/EMBOLOS VALVE OIL - Mexican Guitar Players\",\"isPartOf\":{\"@id\":\"https:\\\/\\\/www.mexicanguitarplayers.com\\\/#website\"},\"primaryImageOfPage\":{\"@id\":\"https:\\\/\\\/www.mexicanguitarplayers.com\\\/tienda\\\/accesorios\\\/para-alientos\\\/cuidado-y-proteccion-para-alientos\\\/aceite-music-nomad-p-embolos-valve-oil\\\/#primaryimage\"},\"image\":{\"@id\":\"https:\\\/\\\/www.mexicanguitarplayers.com\\\/tienda\\\/accesorios\\\/para-alientos\\\/cuidado-y-proteccion-para-alientos\\\/aceite-music-nomad-p-embolos-valve-oil\\\/#primaryimage\"},\"thumbnailUrl\":\"https:\\\/\\\/www.mexicanguitarplayers.com\\\/wp-content\\\/uploads\\\/2022\\\/08\\\/RAMNDMN703.jpg\",\"datePublished\":\"2022-08-19T01:04:52+00:00\",\"dateModified\":\"2026-05-01T13:36:32+00:00\",\"description\":\"ACEITE MUSIC NOMAD P\\\/EMBOLOS VALVE OIL. Aceite para alientos, dise\u00f1ado para v\u00e1lvulas, f\u00f3rmula sint\u00e9tica de fuerza pro duradera, biodegradable, no t\u00f3xico, inodoro y libre de petr\u00f3leo, cient\u00edficamente dise\u00f1ado para proporcionar una acci\u00f3n de v\u00e1lvula r\u00e1pida y de larga duraci\u00f3n, hecho en USA, utilizado por principiantes, profesionales, talleres de reparaci\u00f3n y fabricantes de instrumentos, contenido: 2 oz (60 ml).\",\"breadcrumb\":{\"@id\":\"https:\\\/\\\/www.mexicanguitarplayers.com\\\/tienda\\\/accesorios\\\/para-alientos\\\/cuidado-y-proteccion-para-alientos\\\/aceite-music-nomad-p-embolos-valve-oil\\\/#breadcrumb\"},\"inLanguage\":\"en-US\",\"potentialAction\":[{\"@type\":\"ReadAction\",\"target\":[\"https:\\\/\\\/www.mexicanguitarplayers.com\\\/tienda\\\/accesorios\\\/para-alientos\\\/cuidado-y-proteccion-para-alientos\\\/aceite-music-nomad-p-embolos-valve-oil\\\/\"]}]},{\"@type\":\"ImageObject\",\"inLanguage\":\"en-US\",\"@id\":\"https:\\\/\\\/www.mexicanguitarplayers.com\\\/tienda\\\/accesorios\\\/para-alientos\\\/cuidado-y-proteccion-para-alientos\\\/aceite-music-nomad-p-embolos-valve-oil\\\/#primaryimage\",\"url\":\"https:\\\/\\\/www.mexicanguitarplayers.com\\\/wp-content\\\/uploads\\\/2022\\\/08\\\/RAMNDMN703.jpg\",\"contentUrl\":\"https:\\\/\\\/www.mexicanguitarplayers.com\\\/wp-content\\\/uploads\\\/2022\\\/08\\\/RAMNDMN703.jpg\",\"width\":800,\"height\":1600},{\"@type\":\"BreadcrumbList\",\"@id\":\"https:\\\/\\\/www.mexicanguitarplayers.com\\\/tienda\\\/accesorios\\\/para-alientos\\\/cuidado-y-proteccion-para-alientos\\\/aceite-music-nomad-p-embolos-valve-oil\\\/#breadcrumb\",\"itemListElement\":[{\"@type\":\"ListItem\",\"position\":1,\"name\":\"Portada\",\"item\":\"https:\\\/\\\/www.mexicanguitarplayers.com\\\/\"},{\"@type\":\"ListItem\",\"position\":2,\"name\":\"Tienda\",\"item\":\"https:\\\/\\\/www.mexicanguitarplayers.com\\\/tienda\\\/\"},{\"@type\":\"ListItem\",\"position\":3,\"name\":\"ACEITE MUSIC NOMAD P\\\/EMBOLOS VALVE OIL\"}]},{\"@type\":\"WebSite\",\"@id\":\"https:\\\/\\\/www.mexicanguitarplayers.com\\\/#website\",\"url\":\"https:\\\/\\\/www.mexicanguitarplayers.com\\\/\",\"name\":\"Mexican Guitar Players\",\"description\":\"Website\",\"publisher\":{\"@id\":\"https:\\\/\\\/www.mexicanguitarplayers.com\\\/#organization\"},\"potentialAction\":[{\"@type\":\"SearchAction\",\"target\":{\"@type\":\"EntryPoint\",\"urlTemplate\":\"https:\\\/\\\/www.mexicanguitarplayers.com\\\/?s={search_term_string}\"},\"query-input\":{\"@type\":\"PropertyValueSpecification\",\"valueRequired\":true,\"valueName\":\"search_term_string\"}}],\"inLanguage\":\"en-US\"},{\"@type\":\"Organization\",\"@id\":\"https:\\\/\\\/www.mexicanguitarplayers.com\\\/#organization\",\"name\":\"Mexican Guitar Players\",\"url\":\"https:\\\/\\\/www.mexicanguitarplayers.com\\\/\",\"logo\":{\"@type\":\"ImageObject\",\"inLanguage\":\"en-US\",\"@id\":\"https:\\\/\\\/www.mexicanguitarplayers.com\\\/#\\\/schema\\\/logo\\\/image\\\/\",\"url\":\"\",\"contentUrl\":\"\",\"caption\":\"Mexican Guitar Players\"},\"image\":{\"@id\":\"https:\\\/\\\/www.mexicanguitarplayers.com\\\/#\\\/schema\\\/logo\\\/image\\\/\"}}]}<\/script>\n<!-- \/ Yoast SEO plugin. -->","yoast_head_json":{"title":"ACEITE MUSIC NOMAD P\/EMBOLOS VALVE OIL - Mexican Guitar Players","description":"ACEITE MUSIC NOMAD P\/EMBOLOS VALVE OIL. Aceite para alientos, dise\u00f1ado para v\u00e1lvulas, f\u00f3rmula sint\u00e9tica de fuerza pro duradera, biodegradable, no t\u00f3xico, inodoro y libre de petr\u00f3leo, cient\u00edficamente dise\u00f1ado para proporcionar una acci\u00f3n de v\u00e1lvula r\u00e1pida y de larga duraci\u00f3n, hecho en USA, utilizado por principiantes, profesionales, talleres de reparaci\u00f3n y fabricantes de instrumentos, contenido: 2 oz (60 ml).","robots":{"index":"index","follow":"follow","max-snippet":"max-snippet:-1","max-image-preview":"max-image-preview:large","max-video-preview":"max-video-preview:-1"},"canonical":"https:\/\/www.mexicanguitarplayers.com\/en\/tienda\/accesorios\/para-alientos\/cuidado-y-proteccion-para-alientos\/aceite-music-nomad-p-embolos-valve-oil\/","og_locale":"en_US","og_type":"article","og_title":"ACEITE MUSIC NOMAD P\/EMBOLOS VALVE OIL - Mexican Guitar Players","og_description":"ACEITE MUSIC NOMAD P\/EMBOLOS VALVE OIL. Aceite para alientos, dise\u00f1ado para v\u00e1lvulas, f\u00f3rmula sint\u00e9tica de fuerza pro duradera, biodegradable, no t\u00f3xico, inodoro y libre de petr\u00f3leo, cient\u00edficamente dise\u00f1ado para proporcionar una acci\u00f3n de v\u00e1lvula r\u00e1pida y de larga duraci\u00f3n, hecho en USA, utilizado por principiantes, profesionales, talleres de reparaci\u00f3n y fabricantes de instrumentos, contenido: 2 oz (60 ml).","og_url":"https:\/\/www.mexicanguitarplayers.com\/en\/tienda\/accesorios\/para-alientos\/cuidado-y-proteccion-para-alientos\/aceite-music-nomad-p-embolos-valve-oil\/","og_site_name":"Mexican Guitar Players","article_modified_time":"2026-05-01T13:36:32+00:00","og_image":[{"width":800,"height":1600,"url":"https:\/\/www.mexicanguitarplayers.com\/wp-content\/uploads\/2022\/08\/RAMNDMN703.jpg","type":"image\/jpeg"}],"twitter_card":"summary_large_image","schema":{"@context":"https:\/\/schema.org","@graph":[{"@type":["WebPage","ItemPage"],"@id":"https:\/\/www.mexicanguitarplayers.com\/tienda\/accesorios\/para-alientos\/cuidado-y-proteccion-para-alientos\/aceite-music-nomad-p-embolos-valve-oil\/","url":"https:\/\/www.mexicanguitarplayers.com\/tienda\/accesorios\/para-alientos\/cuidado-y-proteccion-para-alientos\/aceite-music-nomad-p-embolos-valve-oil\/","name":"ACEITE MUSIC NOMAD P\/EMBOLOS VALVE OIL - Mexican Guitar Players","isPartOf":{"@id":"https:\/\/www.mexicanguitarplayers.com\/#website"},"primaryImageOfPage":{"@id":"https:\/\/www.mexicanguitarplayers.com\/tienda\/accesorios\/para-alientos\/cuidado-y-proteccion-para-alientos\/aceite-music-nomad-p-embolos-valve-oil\/#primaryimage"},"image":{"@id":"https:\/\/www.mexicanguitarplayers.com\/tienda\/accesorios\/para-alientos\/cuidado-y-proteccion-para-alientos\/aceite-music-nomad-p-embolos-valve-oil\/#primaryimage"},"thumbnailUrl":"https:\/\/www.mexicanguitarplayers.com\/wp-content\/uploads\/2022\/08\/RAMNDMN703.jpg","datePublished":"2022-08-19T01:04:52+00:00","dateModified":"2026-05-01T13:36:32+00:00","description":"ACEITE MUSIC NOMAD P\/EMBOLOS VALVE OIL. Aceite para alientos, dise\u00f1ado para v\u00e1lvulas, f\u00f3rmula sint\u00e9tica de fuerza pro duradera, biodegradable, no t\u00f3xico, inodoro y libre de petr\u00f3leo, cient\u00edficamente dise\u00f1ado para proporcionar una acci\u00f3n de v\u00e1lvula r\u00e1pida y de larga duraci\u00f3n, hecho en USA, utilizado por principiantes, profesionales, talleres de reparaci\u00f3n y fabricantes de instrumentos, contenido: 2 oz (60 ml).","breadcrumb":{"@id":"https:\/\/www.mexicanguitarplayers.com\/tienda\/accesorios\/para-alientos\/cuidado-y-proteccion-para-alientos\/aceite-music-nomad-p-embolos-valve-oil\/#breadcrumb"},"inLanguage":"en-US","potentialAction":[{"@type":"ReadAction","target":["https:\/\/www.mexicanguitarplayers.com\/tienda\/accesorios\/para-alientos\/cuidado-y-proteccion-para-alientos\/aceite-music-nomad-p-embolos-valve-oil\/"]}]},{"@type":"ImageObject","inLanguage":"en-US","@id":"https:\/\/www.mexicanguitarplayers.com\/tienda\/accesorios\/para-alientos\/cuidado-y-proteccion-para-alientos\/aceite-music-nomad-p-embolos-valve-oil\/#primaryimage","url":"https:\/\/www.mexicanguitarplayers.com\/wp-content\/uploads\/2022\/08\/RAMNDMN703.jpg","contentUrl":"https:\/\/www.mexicanguitarplayers.com\/wp-content\/uploads\/2022\/08\/RAMNDMN703.jpg","width":800,"height":1600},{"@type":"BreadcrumbList","@id":"https:\/\/www.mexicanguitarplayers.com\/tienda\/accesorios\/para-alientos\/cuidado-y-proteccion-para-alientos\/aceite-music-nomad-p-embolos-valve-oil\/#breadcrumb","itemListElement":[{"@type":"ListItem","position":1,"name":"Portada","item":"https:\/\/www.mexicanguitarplayers.com\/"},{"@type":"ListItem","position":2,"name":"Tienda","item":"https:\/\/www.mexicanguitarplayers.com\/tienda\/"},{"@type":"ListItem","position":3,"name":"ACEITE MUSIC NOMAD P\/EMBOLOS VALVE OIL"}]},{"@type":"WebSite","@id":"https:\/\/www.mexicanguitarplayers.com\/#website","url":"https:\/\/www.mexicanguitarplayers.com\/","name":"Mexican Guitar Players","description":"Website","publisher":{"@id":"https:\/\/www.mexicanguitarplayers.com\/#organization"},"potentialAction":[{"@type":"SearchAction","target":{"@type":"EntryPoint","urlTemplate":"https:\/\/www.mexicanguitarplayers.com\/?s={search_term_string}"},"query-input":{"@type":"PropertyValueSpecification","valueRequired":true,"valueName":"search_term_string"}}],"inLanguage":"en-US"},{"@type":"Organization","@id":"https:\/\/www.mexicanguitarplayers.com\/#organization","name":"Mexican Guitar Players","url":"https:\/\/www.mexicanguitarplayers.com\/","logo":{"@type":"ImageObject","inLanguage":"en-US","@id":"https:\/\/www.mexicanguitarplayers.com\/#\/schema\/logo\/image\/","url":"","contentUrl":"","caption":"Mexican Guitar Players"},"image":{"@id":"https:\/\/www.mexicanguitarplayers.com\/#\/schema\/logo\/image\/"}}]}},"brands":[{"id":622,"name":"MUSIC NOMAD","slug":"music-nomad"}],"_links":{"self":[{"href":"https:\/\/www.mexicanguitarplayers.com\/en\/wp-json\/wp\/v2\/product\/18166","targetHints":{"allow":["GET"]}}],"collection":[{"href":"https:\/\/www.mexicanguitarplayers.com\/en\/wp-json\/wp\/v2\/product"}],"about":[{"href":"https:\/\/www.mexicanguitarplayers.com\/en\/wp-json\/wp\/v2\/types\/product"}],"replies":[{"embeddable":true,"href":"https:\/\/www.mexicanguitarplayers.com\/en\/wp-json\/wp\/v2\/comments?post=18166"}],"wp:featuredmedia":[{"embeddable":true,"href":"https:\/\/www.mexicanguitarplayers.com\/en\/wp-json\/wp\/v2\/media\/18165"}],"wp:attachment":[{"href":"https:\/\/www.mexicanguitarplayers.com\/en\/wp-json\/wp\/v2\/media?parent=18166"}],"wp:term":[{"taxonomy":"pwb-brand","embeddable":true,"href":"https:\/\/www.mexicanguitarplayers.com\/en\/wp-json\/wp\/v2\/pwb-brand?post=18166"},{"taxonomy":"product_brand","embeddable":true,"href":"https:\/\/www.mexicanguitarplayers.com\/en\/wp-json\/wp\/v2\/product_brand?post=18166"},{"taxonomy":"product_cat","embeddable":true,"href":"https:\/\/www.mexicanguitarplayers.com\/en\/wp-json\/wp\/v2\/product_cat?post=18166"},{"taxonomy":"product_tag","embeddable":true,"href":"https:\/\/www.mexicanguitarplayers.com\/en\/wp-json\/wp\/v2\/product_tag?post=18166"}],"curies":[{"name":"wp","href":"https:\/\/api.w.org\/{rel}","templated":true}]}}