{"id":18332,"date":"2022-08-18T20:08:47","date_gmt":"2022-08-19T01:08:47","guid":{"rendered":"https:\/\/www.mexicanguitarplayers.com\/tienda\/sin%20categor\u00eda\/cana-superieure-p-clarinete-mi-bemol-3\/"},"modified":"2026-05-01T04:35:40","modified_gmt":"2026-05-01T10:35:40","slug":"cana-superieure-p-clarinete-mi-bemol-3","status":"publish","type":"product","link":"https:\/\/www.mexicanguitarplayers.com\/en\/tienda\/accesorios\/para-alientos\/boquillas\/cana-superieure-p-clarinete-mi-bemol-3\/","title":{"rendered":"UPPER REED FOR CLARINET E-FLAT 3"},"content":{"rendered":"<div style=\"text-align: justify\">\n<div>\n<h3>UPPER REED FOR CLARINET E-FLAT 3<\/h3>\n<\/div>\n<div>Reed for clarinet, strength: 3, note: Eb, all reeds are controlled during the manufacturing process, flexible reeds of the highest quality with balance and resistance, hand-selected fine reeds, high quality and French tradition, dimensions: 82 \u00d7 68 \u00d7 22mm, weight: 50g.<\/div>\n<\/div>","protected":false},"excerpt":{"rendered":"<p>Ca\u00f1a para clarinete, fuerza: 3, nota: Eb, todas las ca\u00f1as se controlan durante el proceso de fabricaci\u00f3n, ca\u00f1as flexibles y de la m\u00e1s alta calidad con equilibrio y resistencia, ca\u00f1as finas seleccionadas a mano, alta calidad y tradici\u00f3n francesa, dimensiones: 82 \u00d7 68 \u00d7 22 mm, peso: 50 g.&hellip; <a class=\"kt-excerpt-readmore more-link\" href=\"https:\/\/www.mexicanguitarplayers.com\/en\/tienda\/accesorios\/para-alientos\/boquillas\/cana-superieure-p-clarinete-mi-bemol-3\/\">Read more<\/a><\/p>","protected":false},"featured_media":18331,"comment_status":"open","ping_status":"closed","template":"","meta":{"kt_blocks_editor_width":""},"pwb-brand":[625],"product_brand":[],"product_cat":[85,624,441],"product_tag":[],"class_list":{"0":"post-18332","1":"product","2":"type-product","3":"status-publish","4":"has-post-thumbnail","6":"pwb-brand-marca-reeds","7":"product_cat-accesorios","8":"product_cat-boquillas","9":"product_cat-para-alientos","10":"product_shipping_class-0-5-kg","12":"first","13":"outofstock","14":"taxable","15":"shipping-taxable","16":"purchasable","17":"product-type-simple"},"yoast_head":"<!-- This site is optimized with the Yoast SEO plugin v27.5 - https:\/\/yoast.com\/product\/yoast-seo-wordpress\/ -->\n<title>CA\u00d1A SUPERIEURE P\/CLARINETE MI BEMOL 3 - Mexican Guitar Players<\/title>\n<meta name=\"description\" content=\"CA\u00d1A SUPERIEURE P\/CLARINETE MI BEMOL 3. Ca\u00f1a para clarinete, fuerza: 3, nota: Eb, todas las ca\u00f1as se controlan durante el proceso de fabricaci\u00f3n, ca\u00f1as flexibles y de la m\u00e1s alta calidad con equilibrio y resistencia, ca\u00f1as finas seleccionadas a mano, alta calidad y tradici\u00f3n francesa, dimensiones: 82 \u00d7 68 \u00d7 22 mm, peso: 50 g.\" \/>\n<meta name=\"robots\" content=\"index, follow, max-snippet:-1, max-image-preview:large, max-video-preview:-1\" \/>\n<link rel=\"canonical\" href=\"https:\/\/www.mexicanguitarplayers.com\/en\/tienda\/accesorios\/para-alientos\/boquillas\/cana-superieure-p-clarinete-mi-bemol-3\/\" \/>\n<meta property=\"og:locale\" content=\"en_US\" \/>\n<meta property=\"og:type\" content=\"article\" \/>\n<meta property=\"og:title\" content=\"CA\u00d1A SUPERIEURE P\/CLARINETE MI BEMOL 3 - Mexican Guitar Players\" \/>\n<meta property=\"og:description\" content=\"CA\u00d1A SUPERIEURE P\/CLARINETE MI BEMOL 3. Ca\u00f1a para clarinete, fuerza: 3, nota: Eb, todas las ca\u00f1as se controlan durante el proceso de fabricaci\u00f3n, ca\u00f1as flexibles y de la m\u00e1s alta calidad con equilibrio y resistencia, ca\u00f1as finas seleccionadas a mano, alta calidad y tradici\u00f3n francesa, dimensiones: 82 \u00d7 68 \u00d7 22 mm, peso: 50 g.\" \/>\n<meta property=\"og:url\" content=\"https:\/\/www.mexicanguitarplayers.com\/en\/tienda\/accesorios\/para-alientos\/boquillas\/cana-superieure-p-clarinete-mi-bemol-3\/\" \/>\n<meta property=\"og:site_name\" content=\"Mexican Guitar Players\" \/>\n<meta property=\"article:modified_time\" content=\"2026-05-01T10:35:40+00:00\" \/>\n<meta property=\"og:image\" content=\"https:\/\/www.mexicanguitarplayers.com\/wp-content\/uploads\/2022\/08\/RAMRDSP130.jpg\" \/>\n\t<meta property=\"og:image:width\" content=\"1200\" \/>\n\t<meta property=\"og:image:height\" content=\"1200\" \/>\n\t<meta property=\"og:image:type\" content=\"image\/jpeg\" \/>\n<meta name=\"twitter:card\" content=\"summary_large_image\" \/>\n<script type=\"application\/ld+json\" class=\"yoast-schema-graph\">{\"@context\":\"https:\\\/\\\/schema.org\",\"@graph\":[{\"@type\":[\"WebPage\",\"ItemPage\"],\"@id\":\"https:\\\/\\\/www.mexicanguitarplayers.com\\\/tienda\\\/accesorios\\\/para-alientos\\\/boquillas\\\/cana-superieure-p-clarinete-mi-bemol-3\\\/\",\"url\":\"https:\\\/\\\/www.mexicanguitarplayers.com\\\/tienda\\\/accesorios\\\/para-alientos\\\/boquillas\\\/cana-superieure-p-clarinete-mi-bemol-3\\\/\",\"name\":\"CA\u00d1A SUPERIEURE P\\\/CLARINETE MI BEMOL 3 - Mexican Guitar Players\",\"isPartOf\":{\"@id\":\"https:\\\/\\\/www.mexicanguitarplayers.com\\\/#website\"},\"primaryImageOfPage\":{\"@id\":\"https:\\\/\\\/www.mexicanguitarplayers.com\\\/tienda\\\/accesorios\\\/para-alientos\\\/boquillas\\\/cana-superieure-p-clarinete-mi-bemol-3\\\/#primaryimage\"},\"image\":{\"@id\":\"https:\\\/\\\/www.mexicanguitarplayers.com\\\/tienda\\\/accesorios\\\/para-alientos\\\/boquillas\\\/cana-superieure-p-clarinete-mi-bemol-3\\\/#primaryimage\"},\"thumbnailUrl\":\"https:\\\/\\\/www.mexicanguitarplayers.com\\\/wp-content\\\/uploads\\\/2022\\\/08\\\/RAMRDSP130.jpg\",\"datePublished\":\"2022-08-19T01:08:47+00:00\",\"dateModified\":\"2026-05-01T10:35:40+00:00\",\"description\":\"CA\u00d1A SUPERIEURE P\\\/CLARINETE MI BEMOL 3. Ca\u00f1a para clarinete, fuerza: 3, nota: Eb, todas las ca\u00f1as se controlan durante el proceso de fabricaci\u00f3n, ca\u00f1as flexibles y de la m\u00e1s alta calidad con equilibrio y resistencia, ca\u00f1as finas seleccionadas a mano, alta calidad y tradici\u00f3n francesa, dimensiones: 82 \u00d7 68 \u00d7 22 mm, peso: 50 g.\",\"breadcrumb\":{\"@id\":\"https:\\\/\\\/www.mexicanguitarplayers.com\\\/tienda\\\/accesorios\\\/para-alientos\\\/boquillas\\\/cana-superieure-p-clarinete-mi-bemol-3\\\/#breadcrumb\"},\"inLanguage\":\"en-US\",\"potentialAction\":[{\"@type\":\"ReadAction\",\"target\":[\"https:\\\/\\\/www.mexicanguitarplayers.com\\\/tienda\\\/accesorios\\\/para-alientos\\\/boquillas\\\/cana-superieure-p-clarinete-mi-bemol-3\\\/\"]}]},{\"@type\":\"ImageObject\",\"inLanguage\":\"en-US\",\"@id\":\"https:\\\/\\\/www.mexicanguitarplayers.com\\\/tienda\\\/accesorios\\\/para-alientos\\\/boquillas\\\/cana-superieure-p-clarinete-mi-bemol-3\\\/#primaryimage\",\"url\":\"https:\\\/\\\/www.mexicanguitarplayers.com\\\/wp-content\\\/uploads\\\/2022\\\/08\\\/RAMRDSP130.jpg\",\"contentUrl\":\"https:\\\/\\\/www.mexicanguitarplayers.com\\\/wp-content\\\/uploads\\\/2022\\\/08\\\/RAMRDSP130.jpg\",\"width\":1200,\"height\":1200},{\"@type\":\"BreadcrumbList\",\"@id\":\"https:\\\/\\\/www.mexicanguitarplayers.com\\\/tienda\\\/accesorios\\\/para-alientos\\\/boquillas\\\/cana-superieure-p-clarinete-mi-bemol-3\\\/#breadcrumb\",\"itemListElement\":[{\"@type\":\"ListItem\",\"position\":1,\"name\":\"Portada\",\"item\":\"https:\\\/\\\/www.mexicanguitarplayers.com\\\/\"},{\"@type\":\"ListItem\",\"position\":2,\"name\":\"Tienda\",\"item\":\"https:\\\/\\\/www.mexicanguitarplayers.com\\\/tienda\\\/\"},{\"@type\":\"ListItem\",\"position\":3,\"name\":\"CA\u00d1A SUPERIEURE P\\\/CLARINETE MI BEMOL 3\"}]},{\"@type\":\"WebSite\",\"@id\":\"https:\\\/\\\/www.mexicanguitarplayers.com\\\/#website\",\"url\":\"https:\\\/\\\/www.mexicanguitarplayers.com\\\/\",\"name\":\"Mexican Guitar Players\",\"description\":\"Website\",\"publisher\":{\"@id\":\"https:\\\/\\\/www.mexicanguitarplayers.com\\\/#organization\"},\"potentialAction\":[{\"@type\":\"SearchAction\",\"target\":{\"@type\":\"EntryPoint\",\"urlTemplate\":\"https:\\\/\\\/www.mexicanguitarplayers.com\\\/?s={search_term_string}\"},\"query-input\":{\"@type\":\"PropertyValueSpecification\",\"valueRequired\":true,\"valueName\":\"search_term_string\"}}],\"inLanguage\":\"en-US\"},{\"@type\":\"Organization\",\"@id\":\"https:\\\/\\\/www.mexicanguitarplayers.com\\\/#organization\",\"name\":\"Mexican Guitar Players\",\"url\":\"https:\\\/\\\/www.mexicanguitarplayers.com\\\/\",\"logo\":{\"@type\":\"ImageObject\",\"inLanguage\":\"en-US\",\"@id\":\"https:\\\/\\\/www.mexicanguitarplayers.com\\\/#\\\/schema\\\/logo\\\/image\\\/\",\"url\":\"\",\"contentUrl\":\"\",\"caption\":\"Mexican Guitar Players\"},\"image\":{\"@id\":\"https:\\\/\\\/www.mexicanguitarplayers.com\\\/#\\\/schema\\\/logo\\\/image\\\/\"}}]}<\/script>\n<!-- \/ Yoast SEO plugin. -->","yoast_head_json":{"title":"CA\u00d1A SUPERIEURE P\/CLARINETE MI BEMOL 3 - Mexican Guitar Players","description":"CA\u00d1A SUPERIEURE P\/CLARINETE MI BEMOL 3. Ca\u00f1a para clarinete, fuerza: 3, nota: Eb, todas las ca\u00f1as se controlan durante el proceso de fabricaci\u00f3n, ca\u00f1as flexibles y de la m\u00e1s alta calidad con equilibrio y resistencia, ca\u00f1as finas seleccionadas a mano, alta calidad y tradici\u00f3n francesa, dimensiones: 82 \u00d7 68 \u00d7 22 mm, peso: 50 g.","robots":{"index":"index","follow":"follow","max-snippet":"max-snippet:-1","max-image-preview":"max-image-preview:large","max-video-preview":"max-video-preview:-1"},"canonical":"https:\/\/www.mexicanguitarplayers.com\/en\/tienda\/accesorios\/para-alientos\/boquillas\/cana-superieure-p-clarinete-mi-bemol-3\/","og_locale":"en_US","og_type":"article","og_title":"CA\u00d1A SUPERIEURE P\/CLARINETE MI BEMOL 3 - Mexican Guitar Players","og_description":"CA\u00d1A SUPERIEURE P\/CLARINETE MI BEMOL 3. Ca\u00f1a para clarinete, fuerza: 3, nota: Eb, todas las ca\u00f1as se controlan durante el proceso de fabricaci\u00f3n, ca\u00f1as flexibles y de la m\u00e1s alta calidad con equilibrio y resistencia, ca\u00f1as finas seleccionadas a mano, alta calidad y tradici\u00f3n francesa, dimensiones: 82 \u00d7 68 \u00d7 22 mm, peso: 50 g.","og_url":"https:\/\/www.mexicanguitarplayers.com\/en\/tienda\/accesorios\/para-alientos\/boquillas\/cana-superieure-p-clarinete-mi-bemol-3\/","og_site_name":"Mexican Guitar Players","article_modified_time":"2026-05-01T10:35:40+00:00","og_image":[{"width":1200,"height":1200,"url":"https:\/\/www.mexicanguitarplayers.com\/wp-content\/uploads\/2022\/08\/RAMRDSP130.jpg","type":"image\/jpeg"}],"twitter_card":"summary_large_image","schema":{"@context":"https:\/\/schema.org","@graph":[{"@type":["WebPage","ItemPage"],"@id":"https:\/\/www.mexicanguitarplayers.com\/tienda\/accesorios\/para-alientos\/boquillas\/cana-superieure-p-clarinete-mi-bemol-3\/","url":"https:\/\/www.mexicanguitarplayers.com\/tienda\/accesorios\/para-alientos\/boquillas\/cana-superieure-p-clarinete-mi-bemol-3\/","name":"CA\u00d1A SUPERIEURE P\/CLARINETE MI BEMOL 3 - Mexican Guitar Players","isPartOf":{"@id":"https:\/\/www.mexicanguitarplayers.com\/#website"},"primaryImageOfPage":{"@id":"https:\/\/www.mexicanguitarplayers.com\/tienda\/accesorios\/para-alientos\/boquillas\/cana-superieure-p-clarinete-mi-bemol-3\/#primaryimage"},"image":{"@id":"https:\/\/www.mexicanguitarplayers.com\/tienda\/accesorios\/para-alientos\/boquillas\/cana-superieure-p-clarinete-mi-bemol-3\/#primaryimage"},"thumbnailUrl":"https:\/\/www.mexicanguitarplayers.com\/wp-content\/uploads\/2022\/08\/RAMRDSP130.jpg","datePublished":"2022-08-19T01:08:47+00:00","dateModified":"2026-05-01T10:35:40+00:00","description":"CA\u00d1A SUPERIEURE P\/CLARINETE MI BEMOL 3. Ca\u00f1a para clarinete, fuerza: 3, nota: Eb, todas las ca\u00f1as se controlan durante el proceso de fabricaci\u00f3n, ca\u00f1as flexibles y de la m\u00e1s alta calidad con equilibrio y resistencia, ca\u00f1as finas seleccionadas a mano, alta calidad y tradici\u00f3n francesa, dimensiones: 82 \u00d7 68 \u00d7 22 mm, peso: 50 g.","breadcrumb":{"@id":"https:\/\/www.mexicanguitarplayers.com\/tienda\/accesorios\/para-alientos\/boquillas\/cana-superieure-p-clarinete-mi-bemol-3\/#breadcrumb"},"inLanguage":"en-US","potentialAction":[{"@type":"ReadAction","target":["https:\/\/www.mexicanguitarplayers.com\/tienda\/accesorios\/para-alientos\/boquillas\/cana-superieure-p-clarinete-mi-bemol-3\/"]}]},{"@type":"ImageObject","inLanguage":"en-US","@id":"https:\/\/www.mexicanguitarplayers.com\/tienda\/accesorios\/para-alientos\/boquillas\/cana-superieure-p-clarinete-mi-bemol-3\/#primaryimage","url":"https:\/\/www.mexicanguitarplayers.com\/wp-content\/uploads\/2022\/08\/RAMRDSP130.jpg","contentUrl":"https:\/\/www.mexicanguitarplayers.com\/wp-content\/uploads\/2022\/08\/RAMRDSP130.jpg","width":1200,"height":1200},{"@type":"BreadcrumbList","@id":"https:\/\/www.mexicanguitarplayers.com\/tienda\/accesorios\/para-alientos\/boquillas\/cana-superieure-p-clarinete-mi-bemol-3\/#breadcrumb","itemListElement":[{"@type":"ListItem","position":1,"name":"Portada","item":"https:\/\/www.mexicanguitarplayers.com\/"},{"@type":"ListItem","position":2,"name":"Tienda","item":"https:\/\/www.mexicanguitarplayers.com\/tienda\/"},{"@type":"ListItem","position":3,"name":"CA\u00d1A SUPERIEURE P\/CLARINETE MI BEMOL 3"}]},{"@type":"WebSite","@id":"https:\/\/www.mexicanguitarplayers.com\/#website","url":"https:\/\/www.mexicanguitarplayers.com\/","name":"Mexican Guitar Players","description":"Website","publisher":{"@id":"https:\/\/www.mexicanguitarplayers.com\/#organization"},"potentialAction":[{"@type":"SearchAction","target":{"@type":"EntryPoint","urlTemplate":"https:\/\/www.mexicanguitarplayers.com\/?s={search_term_string}"},"query-input":{"@type":"PropertyValueSpecification","valueRequired":true,"valueName":"search_term_string"}}],"inLanguage":"en-US"},{"@type":"Organization","@id":"https:\/\/www.mexicanguitarplayers.com\/#organization","name":"Mexican Guitar Players","url":"https:\/\/www.mexicanguitarplayers.com\/","logo":{"@type":"ImageObject","inLanguage":"en-US","@id":"https:\/\/www.mexicanguitarplayers.com\/#\/schema\/logo\/image\/","url":"","contentUrl":"","caption":"Mexican Guitar Players"},"image":{"@id":"https:\/\/www.mexicanguitarplayers.com\/#\/schema\/logo\/image\/"}}]}},"brands":[{"id":625,"name":"REEDS BRAND","slug":"marca-reeds"}],"_links":{"self":[{"href":"https:\/\/www.mexicanguitarplayers.com\/en\/wp-json\/wp\/v2\/product\/18332","targetHints":{"allow":["GET"]}}],"collection":[{"href":"https:\/\/www.mexicanguitarplayers.com\/en\/wp-json\/wp\/v2\/product"}],"about":[{"href":"https:\/\/www.mexicanguitarplayers.com\/en\/wp-json\/wp\/v2\/types\/product"}],"replies":[{"embeddable":true,"href":"https:\/\/www.mexicanguitarplayers.com\/en\/wp-json\/wp\/v2\/comments?post=18332"}],"wp:featuredmedia":[{"embeddable":true,"href":"https:\/\/www.mexicanguitarplayers.com\/en\/wp-json\/wp\/v2\/media\/18331"}],"wp:attachment":[{"href":"https:\/\/www.mexicanguitarplayers.com\/en\/wp-json\/wp\/v2\/media?parent=18332"}],"wp:term":[{"taxonomy":"pwb-brand","embeddable":true,"href":"https:\/\/www.mexicanguitarplayers.com\/en\/wp-json\/wp\/v2\/pwb-brand?post=18332"},{"taxonomy":"product_brand","embeddable":true,"href":"https:\/\/www.mexicanguitarplayers.com\/en\/wp-json\/wp\/v2\/product_brand?post=18332"},{"taxonomy":"product_cat","embeddable":true,"href":"https:\/\/www.mexicanguitarplayers.com\/en\/wp-json\/wp\/v2\/product_cat?post=18332"},{"taxonomy":"product_tag","embeddable":true,"href":"https:\/\/www.mexicanguitarplayers.com\/en\/wp-json\/wp\/v2\/product_tag?post=18332"}],"curies":[{"name":"wp","href":"https:\/\/api.w.org\/{rel}","templated":true}]}}