{"id":18394,"date":"2022-08-18T20:10:06","date_gmt":"2022-08-19T01:10:06","guid":{"rendered":"https:\/\/www.mexicanguitarplayers.com\/tienda\/sin%20categor\u00eda\/cana-tradition-p-saxofon-alto-2-5\/"},"modified":"2026-04-10T04:58:37","modified_gmt":"2026-04-10T10:58:37","slug":"cana-tradition-p-saxofon-alto-2-5","status":"publish","type":"product","link":"https:\/\/www.mexicanguitarplayers.com\/en\/tienda\/accesorios\/para-alientos\/boquillas\/cana-tradition-p-saxofon-alto-2-5\/","title":{"rendered":"TRADITION REED FOR ALTO SAXOPHONE 2.5"},"content":{"rendered":"<div style=\"text-align: justify\">\n<div>\n<h3>TRADITION REED FOR ALTO SAXOPHONE 2.5<\/h3>\n<\/div>\n<div>Reed for alto saxophone, force: 2.5, note: Eb, designed for all-round use with special emphasis on wind ensembles and chamber music, premium reed, consistent cut and flexible tip, large body and resonant dark timbre, finished by hand and Made only from French-grown cane, high-quality cut and French tradition, weight: 50 g.<\/div>\n<\/div>","protected":false},"excerpt":{"rendered":"<p>Ca\u00f1a para saxof\u00f3n alto, fuerza: 2.5, nota: Eb, dise\u00f1ado para su uso integral con \u00e9nfasis especial en ensambles de viento y m\u00fasica de c\u00e1mara, ca\u00f1a premium, corte consistente y punta flexible, gran cuerpo y timbre oscuro resonante, terminados a mano y hechos \u00fanicamente de ca\u00f1a de cultivo franc\u00e9s, corte de alta calidad y tradici\u00f3n francesa, peso: 50 g.&hellip; <a class=\"kt-excerpt-readmore more-link\" href=\"https:\/\/www.mexicanguitarplayers.com\/en\/tienda\/accesorios\/para-alientos\/boquillas\/cana-tradition-p-saxofon-alto-2-5\/\">Read more<\/a><\/p>","protected":false},"featured_media":18393,"comment_status":"open","ping_status":"closed","template":"","meta":{"kt_blocks_editor_width":""},"pwb-brand":[625],"product_brand":[],"product_cat":[85,624,441],"product_tag":[],"class_list":{"0":"post-18394","1":"product","2":"type-product","3":"status-publish","4":"has-post-thumbnail","6":"pwb-brand-marca-reeds","7":"product_cat-accesorios","8":"product_cat-boquillas","9":"product_cat-para-alientos","10":"product_shipping_class-0-5-kg","12":"first","13":"outofstock","14":"taxable","15":"shipping-taxable","16":"purchasable","17":"product-type-simple"},"yoast_head":"<!-- This site is optimized with the Yoast SEO plugin v27.6 - https:\/\/yoast.com\/product\/yoast-seo-wordpress\/ -->\n<title>CA\u00d1A TRADITION P\/SAXOFON ALTO 2.5 - Mexican Guitar Players<\/title>\n<meta name=\"description\" content=\"CA\u00d1A TRADITION P\/SAXOFON ALTO 2.5. Ca\u00f1a para saxof\u00f3n alto, fuerza: 2.5, nota: Eb, dise\u00f1ado para su uso integral con \u00e9nfasis especial en ensambles de viento y m\u00fasica de c\u00e1mara, ca\u00f1a premium, corte consistente y punta flexible, gran cuerpo y timbre oscuro resonante, terminados a mano y hechos \u00fanicamente de ca\u00f1a de cultivo franc\u00e9s, corte de alta calidad y tradici\u00f3n francesa, peso: 50 g.\" \/>\n<meta name=\"robots\" content=\"index, follow, max-snippet:-1, max-image-preview:large, max-video-preview:-1\" \/>\n<link rel=\"canonical\" href=\"https:\/\/www.mexicanguitarplayers.com\/en\/tienda\/accesorios\/para-alientos\/boquillas\/cana-tradition-p-saxofon-alto-2-5\/\" \/>\n<meta property=\"og:locale\" content=\"en_US\" \/>\n<meta property=\"og:type\" content=\"article\" \/>\n<meta property=\"og:title\" content=\"CA\u00d1A TRADITION P\/SAXOFON ALTO 2.5 - Mexican Guitar Players\" \/>\n<meta property=\"og:description\" content=\"CA\u00d1A TRADITION P\/SAXOFON ALTO 2.5. Ca\u00f1a para saxof\u00f3n alto, fuerza: 2.5, nota: Eb, dise\u00f1ado para su uso integral con \u00e9nfasis especial en ensambles de viento y m\u00fasica de c\u00e1mara, ca\u00f1a premium, corte consistente y punta flexible, gran cuerpo y timbre oscuro resonante, terminados a mano y hechos \u00fanicamente de ca\u00f1a de cultivo franc\u00e9s, corte de alta calidad y tradici\u00f3n francesa, peso: 50 g.\" \/>\n<meta property=\"og:url\" content=\"https:\/\/www.mexicanguitarplayers.com\/en\/tienda\/accesorios\/para-alientos\/boquillas\/cana-tradition-p-saxofon-alto-2-5\/\" \/>\n<meta property=\"og:site_name\" content=\"Mexican Guitar Players\" \/>\n<meta property=\"article:modified_time\" content=\"2026-04-10T10:58:37+00:00\" \/>\n<meta property=\"og:image\" content=\"https:\/\/www.mexicanguitarplayers.com\/wp-content\/uploads\/2022\/08\/RAMRDTR425.jpg\" \/>\n\t<meta property=\"og:image:width\" content=\"1200\" \/>\n\t<meta property=\"og:image:height\" content=\"1200\" \/>\n\t<meta property=\"og:image:type\" content=\"image\/jpeg\" \/>\n<meta name=\"twitter:card\" content=\"summary_large_image\" \/>\n<script type=\"application\/ld+json\" class=\"yoast-schema-graph\">{\"@context\":\"https:\\\/\\\/schema.org\",\"@graph\":[{\"@type\":[\"WebPage\",\"ItemPage\"],\"@id\":\"https:\\\/\\\/www.mexicanguitarplayers.com\\\/tienda\\\/accesorios\\\/para-alientos\\\/boquillas\\\/cana-tradition-p-saxofon-alto-2-5\\\/\",\"url\":\"https:\\\/\\\/www.mexicanguitarplayers.com\\\/tienda\\\/accesorios\\\/para-alientos\\\/boquillas\\\/cana-tradition-p-saxofon-alto-2-5\\\/\",\"name\":\"CA\u00d1A TRADITION P\\\/SAXOFON ALTO 2.5 - Mexican Guitar Players\",\"isPartOf\":{\"@id\":\"https:\\\/\\\/www.mexicanguitarplayers.com\\\/#website\"},\"primaryImageOfPage\":{\"@id\":\"https:\\\/\\\/www.mexicanguitarplayers.com\\\/tienda\\\/accesorios\\\/para-alientos\\\/boquillas\\\/cana-tradition-p-saxofon-alto-2-5\\\/#primaryimage\"},\"image\":{\"@id\":\"https:\\\/\\\/www.mexicanguitarplayers.com\\\/tienda\\\/accesorios\\\/para-alientos\\\/boquillas\\\/cana-tradition-p-saxofon-alto-2-5\\\/#primaryimage\"},\"thumbnailUrl\":\"https:\\\/\\\/www.mexicanguitarplayers.com\\\/wp-content\\\/uploads\\\/2022\\\/08\\\/RAMRDTR425.jpg\",\"datePublished\":\"2022-08-19T01:10:06+00:00\",\"dateModified\":\"2026-04-10T10:58:37+00:00\",\"description\":\"CA\u00d1A TRADITION P\\\/SAXOFON ALTO 2.5. Ca\u00f1a para saxof\u00f3n alto, fuerza: 2.5, nota: Eb, dise\u00f1ado para su uso integral con \u00e9nfasis especial en ensambles de viento y m\u00fasica de c\u00e1mara, ca\u00f1a premium, corte consistente y punta flexible, gran cuerpo y timbre oscuro resonante, terminados a mano y hechos \u00fanicamente de ca\u00f1a de cultivo franc\u00e9s, corte de alta calidad y tradici\u00f3n francesa, peso: 50 g.\",\"breadcrumb\":{\"@id\":\"https:\\\/\\\/www.mexicanguitarplayers.com\\\/tienda\\\/accesorios\\\/para-alientos\\\/boquillas\\\/cana-tradition-p-saxofon-alto-2-5\\\/#breadcrumb\"},\"inLanguage\":\"en-US\",\"potentialAction\":[{\"@type\":\"ReadAction\",\"target\":[\"https:\\\/\\\/www.mexicanguitarplayers.com\\\/tienda\\\/accesorios\\\/para-alientos\\\/boquillas\\\/cana-tradition-p-saxofon-alto-2-5\\\/\"]}]},{\"@type\":\"ImageObject\",\"inLanguage\":\"en-US\",\"@id\":\"https:\\\/\\\/www.mexicanguitarplayers.com\\\/tienda\\\/accesorios\\\/para-alientos\\\/boquillas\\\/cana-tradition-p-saxofon-alto-2-5\\\/#primaryimage\",\"url\":\"https:\\\/\\\/www.mexicanguitarplayers.com\\\/wp-content\\\/uploads\\\/2022\\\/08\\\/RAMRDTR425.jpg\",\"contentUrl\":\"https:\\\/\\\/www.mexicanguitarplayers.com\\\/wp-content\\\/uploads\\\/2022\\\/08\\\/RAMRDTR425.jpg\",\"width\":1200,\"height\":1200},{\"@type\":\"BreadcrumbList\",\"@id\":\"https:\\\/\\\/www.mexicanguitarplayers.com\\\/tienda\\\/accesorios\\\/para-alientos\\\/boquillas\\\/cana-tradition-p-saxofon-alto-2-5\\\/#breadcrumb\",\"itemListElement\":[{\"@type\":\"ListItem\",\"position\":1,\"name\":\"Portada\",\"item\":\"https:\\\/\\\/www.mexicanguitarplayers.com\\\/\"},{\"@type\":\"ListItem\",\"position\":2,\"name\":\"Tienda\",\"item\":\"https:\\\/\\\/www.mexicanguitarplayers.com\\\/tienda\\\/\"},{\"@type\":\"ListItem\",\"position\":3,\"name\":\"CA\u00d1A TRADITION P\\\/SAXOFON ALTO 2.5\"}]},{\"@type\":\"WebSite\",\"@id\":\"https:\\\/\\\/www.mexicanguitarplayers.com\\\/#website\",\"url\":\"https:\\\/\\\/www.mexicanguitarplayers.com\\\/\",\"name\":\"Mexican Guitar Players\",\"description\":\"Website\",\"publisher\":{\"@id\":\"https:\\\/\\\/www.mexicanguitarplayers.com\\\/#organization\"},\"potentialAction\":[{\"@type\":\"SearchAction\",\"target\":{\"@type\":\"EntryPoint\",\"urlTemplate\":\"https:\\\/\\\/www.mexicanguitarplayers.com\\\/?s={search_term_string}\"},\"query-input\":{\"@type\":\"PropertyValueSpecification\",\"valueRequired\":true,\"valueName\":\"search_term_string\"}}],\"inLanguage\":\"en-US\"},{\"@type\":\"Organization\",\"@id\":\"https:\\\/\\\/www.mexicanguitarplayers.com\\\/#organization\",\"name\":\"Mexican Guitar Players\",\"url\":\"https:\\\/\\\/www.mexicanguitarplayers.com\\\/\",\"logo\":{\"@type\":\"ImageObject\",\"inLanguage\":\"en-US\",\"@id\":\"https:\\\/\\\/www.mexicanguitarplayers.com\\\/#\\\/schema\\\/logo\\\/image\\\/\",\"url\":\"\",\"contentUrl\":\"\",\"caption\":\"Mexican Guitar Players\"},\"image\":{\"@id\":\"https:\\\/\\\/www.mexicanguitarplayers.com\\\/#\\\/schema\\\/logo\\\/image\\\/\"}}]}<\/script>\n<!-- \/ Yoast SEO plugin. -->","yoast_head_json":{"title":"CA\u00d1A TRADITION P\/SAXOFON ALTO 2.5 - Mexican Guitar Players","description":"CA\u00d1A TRADITION P\/SAXOFON ALTO 2.5. Ca\u00f1a para saxof\u00f3n alto, fuerza: 2.5, nota: Eb, dise\u00f1ado para su uso integral con \u00e9nfasis especial en ensambles de viento y m\u00fasica de c\u00e1mara, ca\u00f1a premium, corte consistente y punta flexible, gran cuerpo y timbre oscuro resonante, terminados a mano y hechos \u00fanicamente de ca\u00f1a de cultivo franc\u00e9s, corte de alta calidad y tradici\u00f3n francesa, peso: 50 g.","robots":{"index":"index","follow":"follow","max-snippet":"max-snippet:-1","max-image-preview":"max-image-preview:large","max-video-preview":"max-video-preview:-1"},"canonical":"https:\/\/www.mexicanguitarplayers.com\/en\/tienda\/accesorios\/para-alientos\/boquillas\/cana-tradition-p-saxofon-alto-2-5\/","og_locale":"en_US","og_type":"article","og_title":"CA\u00d1A TRADITION P\/SAXOFON ALTO 2.5 - Mexican Guitar Players","og_description":"CA\u00d1A TRADITION P\/SAXOFON ALTO 2.5. Ca\u00f1a para saxof\u00f3n alto, fuerza: 2.5, nota: Eb, dise\u00f1ado para su uso integral con \u00e9nfasis especial en ensambles de viento y m\u00fasica de c\u00e1mara, ca\u00f1a premium, corte consistente y punta flexible, gran cuerpo y timbre oscuro resonante, terminados a mano y hechos \u00fanicamente de ca\u00f1a de cultivo franc\u00e9s, corte de alta calidad y tradici\u00f3n francesa, peso: 50 g.","og_url":"https:\/\/www.mexicanguitarplayers.com\/en\/tienda\/accesorios\/para-alientos\/boquillas\/cana-tradition-p-saxofon-alto-2-5\/","og_site_name":"Mexican Guitar Players","article_modified_time":"2026-04-10T10:58:37+00:00","og_image":[{"width":1200,"height":1200,"url":"https:\/\/www.mexicanguitarplayers.com\/wp-content\/uploads\/2022\/08\/RAMRDTR425.jpg","type":"image\/jpeg"}],"twitter_card":"summary_large_image","schema":{"@context":"https:\/\/schema.org","@graph":[{"@type":["WebPage","ItemPage"],"@id":"https:\/\/www.mexicanguitarplayers.com\/tienda\/accesorios\/para-alientos\/boquillas\/cana-tradition-p-saxofon-alto-2-5\/","url":"https:\/\/www.mexicanguitarplayers.com\/tienda\/accesorios\/para-alientos\/boquillas\/cana-tradition-p-saxofon-alto-2-5\/","name":"CA\u00d1A TRADITION P\/SAXOFON ALTO 2.5 - Mexican Guitar Players","isPartOf":{"@id":"https:\/\/www.mexicanguitarplayers.com\/#website"},"primaryImageOfPage":{"@id":"https:\/\/www.mexicanguitarplayers.com\/tienda\/accesorios\/para-alientos\/boquillas\/cana-tradition-p-saxofon-alto-2-5\/#primaryimage"},"image":{"@id":"https:\/\/www.mexicanguitarplayers.com\/tienda\/accesorios\/para-alientos\/boquillas\/cana-tradition-p-saxofon-alto-2-5\/#primaryimage"},"thumbnailUrl":"https:\/\/www.mexicanguitarplayers.com\/wp-content\/uploads\/2022\/08\/RAMRDTR425.jpg","datePublished":"2022-08-19T01:10:06+00:00","dateModified":"2026-04-10T10:58:37+00:00","description":"CA\u00d1A TRADITION P\/SAXOFON ALTO 2.5. Ca\u00f1a para saxof\u00f3n alto, fuerza: 2.5, nota: Eb, dise\u00f1ado para su uso integral con \u00e9nfasis especial en ensambles de viento y m\u00fasica de c\u00e1mara, ca\u00f1a premium, corte consistente y punta flexible, gran cuerpo y timbre oscuro resonante, terminados a mano y hechos \u00fanicamente de ca\u00f1a de cultivo franc\u00e9s, corte de alta calidad y tradici\u00f3n francesa, peso: 50 g.","breadcrumb":{"@id":"https:\/\/www.mexicanguitarplayers.com\/tienda\/accesorios\/para-alientos\/boquillas\/cana-tradition-p-saxofon-alto-2-5\/#breadcrumb"},"inLanguage":"en-US","potentialAction":[{"@type":"ReadAction","target":["https:\/\/www.mexicanguitarplayers.com\/tienda\/accesorios\/para-alientos\/boquillas\/cana-tradition-p-saxofon-alto-2-5\/"]}]},{"@type":"ImageObject","inLanguage":"en-US","@id":"https:\/\/www.mexicanguitarplayers.com\/tienda\/accesorios\/para-alientos\/boquillas\/cana-tradition-p-saxofon-alto-2-5\/#primaryimage","url":"https:\/\/www.mexicanguitarplayers.com\/wp-content\/uploads\/2022\/08\/RAMRDTR425.jpg","contentUrl":"https:\/\/www.mexicanguitarplayers.com\/wp-content\/uploads\/2022\/08\/RAMRDTR425.jpg","width":1200,"height":1200},{"@type":"BreadcrumbList","@id":"https:\/\/www.mexicanguitarplayers.com\/tienda\/accesorios\/para-alientos\/boquillas\/cana-tradition-p-saxofon-alto-2-5\/#breadcrumb","itemListElement":[{"@type":"ListItem","position":1,"name":"Portada","item":"https:\/\/www.mexicanguitarplayers.com\/"},{"@type":"ListItem","position":2,"name":"Tienda","item":"https:\/\/www.mexicanguitarplayers.com\/tienda\/"},{"@type":"ListItem","position":3,"name":"CA\u00d1A TRADITION P\/SAXOFON ALTO 2.5"}]},{"@type":"WebSite","@id":"https:\/\/www.mexicanguitarplayers.com\/#website","url":"https:\/\/www.mexicanguitarplayers.com\/","name":"Mexican Guitar Players","description":"Website","publisher":{"@id":"https:\/\/www.mexicanguitarplayers.com\/#organization"},"potentialAction":[{"@type":"SearchAction","target":{"@type":"EntryPoint","urlTemplate":"https:\/\/www.mexicanguitarplayers.com\/?s={search_term_string}"},"query-input":{"@type":"PropertyValueSpecification","valueRequired":true,"valueName":"search_term_string"}}],"inLanguage":"en-US"},{"@type":"Organization","@id":"https:\/\/www.mexicanguitarplayers.com\/#organization","name":"Mexican Guitar Players","url":"https:\/\/www.mexicanguitarplayers.com\/","logo":{"@type":"ImageObject","inLanguage":"en-US","@id":"https:\/\/www.mexicanguitarplayers.com\/#\/schema\/logo\/image\/","url":"","contentUrl":"","caption":"Mexican Guitar Players"},"image":{"@id":"https:\/\/www.mexicanguitarplayers.com\/#\/schema\/logo\/image\/"}}]}},"brands":[{"id":625,"name":"REEDS BRAND","slug":"marca-reeds"}],"_links":{"self":[{"href":"https:\/\/www.mexicanguitarplayers.com\/en\/wp-json\/wp\/v2\/product\/18394","targetHints":{"allow":["GET"]}}],"collection":[{"href":"https:\/\/www.mexicanguitarplayers.com\/en\/wp-json\/wp\/v2\/product"}],"about":[{"href":"https:\/\/www.mexicanguitarplayers.com\/en\/wp-json\/wp\/v2\/types\/product"}],"replies":[{"embeddable":true,"href":"https:\/\/www.mexicanguitarplayers.com\/en\/wp-json\/wp\/v2\/comments?post=18394"}],"wp:featuredmedia":[{"embeddable":true,"href":"https:\/\/www.mexicanguitarplayers.com\/en\/wp-json\/wp\/v2\/media\/18393"}],"wp:attachment":[{"href":"https:\/\/www.mexicanguitarplayers.com\/en\/wp-json\/wp\/v2\/media?parent=18394"}],"wp:term":[{"taxonomy":"pwb-brand","embeddable":true,"href":"https:\/\/www.mexicanguitarplayers.com\/en\/wp-json\/wp\/v2\/pwb-brand?post=18394"},{"taxonomy":"product_brand","embeddable":true,"href":"https:\/\/www.mexicanguitarplayers.com\/en\/wp-json\/wp\/v2\/product_brand?post=18394"},{"taxonomy":"product_cat","embeddable":true,"href":"https:\/\/www.mexicanguitarplayers.com\/en\/wp-json\/wp\/v2\/product_cat?post=18394"},{"taxonomy":"product_tag","embeddable":true,"href":"https:\/\/www.mexicanguitarplayers.com\/en\/wp-json\/wp\/v2\/product_tag?post=18394"}],"curies":[{"name":"wp","href":"https:\/\/api.w.org\/{rel}","templated":true}]}}