{"id":19285,"date":"2022-08-18T20:52:13","date_gmt":"2022-08-19T01:52:13","guid":{"rendered":"https:\/\/www.mexicanguitarplayers.com\/tienda\/sin%20categor\u00eda\/tahali-planet-waves-p-guit-50btys01\/"},"modified":"2025-03-26T21:20:37","modified_gmt":"2025-03-27T03:20:37","slug":"tahali-planet-waves-p-guit-50btys01","status":"publish","type":"product","link":"https:\/\/www.mexicanguitarplayers.com\/en\/tienda\/accesorios\/para-guitarras\/straps\/tahali-planet-waves-p-guit-50btys01\/","title":{"rendered":"TAHALI PLANET WAVES P\/GUIT 50BTYS01"},"content":{"rendered":"<div style=\"text-align: justify\">\n<div>\n<h3>TAHALI PLANET WAVES P\/GUIT 50BTYS01<\/h3>\n<\/div>\n<div>Tahal\u00ed para guitarra o bajo, dise\u00f1o que conmemora los 50 a\u00f1os de la pel\u00edcula animada Yellow Submarine de The Beatles, homenaje al aspecto ilustrado de Paul, fabricado con poli\u00e9ster impreso, ancho de 2\u201d pulgadas, longitud de 35\u201d a 59.5\u201d pulgadas, m\u00e1xima comodidad para situaciones de pie, extremos veganos de nylon fuertes y reforzados, incluye una lata coleccionable con arte y personajes de la pel\u00edcula.<\/div>\n<\/div>","protected":false},"excerpt":{"rendered":"<p>Tahal\u00ed para guitarra o bajo, dise\u00f1o que conmemora los 50 a\u00f1os de la pel\u00edcula animada Yellow Submarine de The Beatles, homenaje al aspecto ilustrado de Paul, fabricado con poli\u00e9ster impreso, ancho de 2\u201d pulgadas, longitud de 35\u201d a 59.5\u201d pulgadas, m\u00e1xima comodidad para situaciones de pie, extremos veganos de nylon fuertes y reforzados, incluye una lata coleccionable con arte y personajes de la pel\u00edcula.&hellip; <a class=\"kt-excerpt-readmore more-link\" href=\"https:\/\/www.mexicanguitarplayers.com\/en\/tienda\/accesorios\/para-guitarras\/straps\/tahali-planet-waves-p-guit-50btys01\/\">Read more<\/a><\/p>","protected":false},"featured_media":19282,"comment_status":"open","ping_status":"closed","template":"","meta":{"kt_blocks_editor_width":""},"pwb-brand":[604],"product_brand":[],"product_cat":[85,336,352],"product_tag":[],"class_list":{"0":"post-19285","1":"product","2":"type-product","3":"status-publish","4":"has-post-thumbnail","6":"pwb-brand-planet-waves","7":"product_cat-accesorios","8":"product_cat-para-guitarras","9":"product_cat-straps","10":"product_shipping_class-0-5-kg","12":"first","13":"outofstock","14":"taxable","15":"shipping-taxable","16":"purchasable","17":"product-type-simple"},"yoast_head":"<!-- This site is optimized with the Yoast SEO plugin v27.6 - https:\/\/yoast.com\/product\/yoast-seo-wordpress\/ -->\n<title>TAHALI PLANET WAVES P\/GUIT 50BTYS01 - Mexican Guitar Players<\/title>\n<meta name=\"description\" content=\"TAHALI PLANET WAVES P\/GUIT 50BTYS01. Tahal\u00ed para guitarra o bajo, dise\u00f1o que conmemora los 50 a\u00f1os de la pel\u00edcula animada Yellow Submarine de The Beatles, homenaje al aspecto ilustrado de Paul, fabricado con poli\u00e9ster impreso, ancho de 2\u201d pulgadas, longitud de 35\u201d a 59.5\u201d pulgadas, m\u00e1xima comodidad para situaciones de pie, extremos veganos de nylon fuertes y reforzados, incluye una lata coleccionable con arte y personajes de la pel\u00edcula.\" \/>\n<meta name=\"robots\" content=\"index, follow, max-snippet:-1, max-image-preview:large, max-video-preview:-1\" \/>\n<link rel=\"canonical\" href=\"https:\/\/www.mexicanguitarplayers.com\/en\/tienda\/accesorios\/para-guitarras\/straps\/tahali-planet-waves-p-guit-50btys01\/\" \/>\n<meta property=\"og:locale\" content=\"en_US\" \/>\n<meta property=\"og:type\" content=\"article\" \/>\n<meta property=\"og:title\" content=\"TAHALI PLANET WAVES P\/GUIT 50BTYS01 - Mexican Guitar Players\" \/>\n<meta property=\"og:description\" content=\"TAHALI PLANET WAVES P\/GUIT 50BTYS01. Tahal\u00ed para guitarra o bajo, dise\u00f1o que conmemora los 50 a\u00f1os de la pel\u00edcula animada Yellow Submarine de The Beatles, homenaje al aspecto ilustrado de Paul, fabricado con poli\u00e9ster impreso, ancho de 2\u201d pulgadas, longitud de 35\u201d a 59.5\u201d pulgadas, m\u00e1xima comodidad para situaciones de pie, extremos veganos de nylon fuertes y reforzados, incluye una lata coleccionable con arte y personajes de la pel\u00edcula.\" \/>\n<meta property=\"og:url\" content=\"https:\/\/www.mexicanguitarplayers.com\/en\/tienda\/accesorios\/para-guitarras\/straps\/tahali-planet-waves-p-guit-50btys01\/\" \/>\n<meta property=\"og:site_name\" content=\"Mexican Guitar Players\" \/>\n<meta property=\"article:modified_time\" content=\"2025-03-27T03:20:37+00:00\" \/>\n<meta property=\"og:image\" content=\"https:\/\/www.mexicanguitarplayers.com\/wp-content\/uploads\/2022\/08\/RAPWA50BTYS01.jpg\" \/>\n\t<meta property=\"og:image:width\" content=\"1200\" \/>\n\t<meta property=\"og:image:height\" content=\"1200\" \/>\n\t<meta property=\"og:image:type\" content=\"image\/jpeg\" \/>\n<meta name=\"twitter:card\" content=\"summary_large_image\" \/>\n<script type=\"application\/ld+json\" class=\"yoast-schema-graph\">{\"@context\":\"https:\\\/\\\/schema.org\",\"@graph\":[{\"@type\":[\"WebPage\",\"ItemPage\"],\"@id\":\"https:\\\/\\\/www.mexicanguitarplayers.com\\\/tienda\\\/accesorios\\\/para-guitarras\\\/straps\\\/tahali-planet-waves-p-guit-50btys01\\\/\",\"url\":\"https:\\\/\\\/www.mexicanguitarplayers.com\\\/tienda\\\/accesorios\\\/para-guitarras\\\/straps\\\/tahali-planet-waves-p-guit-50btys01\\\/\",\"name\":\"TAHALI PLANET WAVES P\\\/GUIT 50BTYS01 - Mexican Guitar Players\",\"isPartOf\":{\"@id\":\"https:\\\/\\\/www.mexicanguitarplayers.com\\\/#website\"},\"primaryImageOfPage\":{\"@id\":\"https:\\\/\\\/www.mexicanguitarplayers.com\\\/tienda\\\/accesorios\\\/para-guitarras\\\/straps\\\/tahali-planet-waves-p-guit-50btys01\\\/#primaryimage\"},\"image\":{\"@id\":\"https:\\\/\\\/www.mexicanguitarplayers.com\\\/tienda\\\/accesorios\\\/para-guitarras\\\/straps\\\/tahali-planet-waves-p-guit-50btys01\\\/#primaryimage\"},\"thumbnailUrl\":\"https:\\\/\\\/www.mexicanguitarplayers.com\\\/wp-content\\\/uploads\\\/2022\\\/08\\\/RAPWA50BTYS01.jpg\",\"datePublished\":\"2022-08-19T01:52:13+00:00\",\"dateModified\":\"2025-03-27T03:20:37+00:00\",\"description\":\"TAHALI PLANET WAVES P\\\/GUIT 50BTYS01. Tahal\u00ed para guitarra o bajo, dise\u00f1o que conmemora los 50 a\u00f1os de la pel\u00edcula animada Yellow Submarine de The Beatles, homenaje al aspecto ilustrado de Paul, fabricado con poli\u00e9ster impreso, ancho de 2\u201d pulgadas, longitud de 35\u201d a 59.5\u201d pulgadas, m\u00e1xima comodidad para situaciones de pie, extremos veganos de nylon fuertes y reforzados, incluye una lata coleccionable con arte y personajes de la pel\u00edcula.\",\"breadcrumb\":{\"@id\":\"https:\\\/\\\/www.mexicanguitarplayers.com\\\/tienda\\\/accesorios\\\/para-guitarras\\\/straps\\\/tahali-planet-waves-p-guit-50btys01\\\/#breadcrumb\"},\"inLanguage\":\"en-US\",\"potentialAction\":[{\"@type\":\"ReadAction\",\"target\":[\"https:\\\/\\\/www.mexicanguitarplayers.com\\\/tienda\\\/accesorios\\\/para-guitarras\\\/straps\\\/tahali-planet-waves-p-guit-50btys01\\\/\"]}]},{\"@type\":\"ImageObject\",\"inLanguage\":\"en-US\",\"@id\":\"https:\\\/\\\/www.mexicanguitarplayers.com\\\/tienda\\\/accesorios\\\/para-guitarras\\\/straps\\\/tahali-planet-waves-p-guit-50btys01\\\/#primaryimage\",\"url\":\"https:\\\/\\\/www.mexicanguitarplayers.com\\\/wp-content\\\/uploads\\\/2022\\\/08\\\/RAPWA50BTYS01.jpg\",\"contentUrl\":\"https:\\\/\\\/www.mexicanguitarplayers.com\\\/wp-content\\\/uploads\\\/2022\\\/08\\\/RAPWA50BTYS01.jpg\",\"width\":1200,\"height\":1200},{\"@type\":\"BreadcrumbList\",\"@id\":\"https:\\\/\\\/www.mexicanguitarplayers.com\\\/tienda\\\/accesorios\\\/para-guitarras\\\/straps\\\/tahali-planet-waves-p-guit-50btys01\\\/#breadcrumb\",\"itemListElement\":[{\"@type\":\"ListItem\",\"position\":1,\"name\":\"Portada\",\"item\":\"https:\\\/\\\/www.mexicanguitarplayers.com\\\/\"},{\"@type\":\"ListItem\",\"position\":2,\"name\":\"Tienda\",\"item\":\"https:\\\/\\\/www.mexicanguitarplayers.com\\\/tienda\\\/\"},{\"@type\":\"ListItem\",\"position\":3,\"name\":\"TAHALI PLANET WAVES P\\\/GUIT 50BTYS01\"}]},{\"@type\":\"WebSite\",\"@id\":\"https:\\\/\\\/www.mexicanguitarplayers.com\\\/#website\",\"url\":\"https:\\\/\\\/www.mexicanguitarplayers.com\\\/\",\"name\":\"Mexican Guitar Players\",\"description\":\"Website\",\"publisher\":{\"@id\":\"https:\\\/\\\/www.mexicanguitarplayers.com\\\/#organization\"},\"potentialAction\":[{\"@type\":\"SearchAction\",\"target\":{\"@type\":\"EntryPoint\",\"urlTemplate\":\"https:\\\/\\\/www.mexicanguitarplayers.com\\\/?s={search_term_string}\"},\"query-input\":{\"@type\":\"PropertyValueSpecification\",\"valueRequired\":true,\"valueName\":\"search_term_string\"}}],\"inLanguage\":\"en-US\"},{\"@type\":\"Organization\",\"@id\":\"https:\\\/\\\/www.mexicanguitarplayers.com\\\/#organization\",\"name\":\"Mexican Guitar Players\",\"url\":\"https:\\\/\\\/www.mexicanguitarplayers.com\\\/\",\"logo\":{\"@type\":\"ImageObject\",\"inLanguage\":\"en-US\",\"@id\":\"https:\\\/\\\/www.mexicanguitarplayers.com\\\/#\\\/schema\\\/logo\\\/image\\\/\",\"url\":\"\",\"contentUrl\":\"\",\"caption\":\"Mexican Guitar Players\"},\"image\":{\"@id\":\"https:\\\/\\\/www.mexicanguitarplayers.com\\\/#\\\/schema\\\/logo\\\/image\\\/\"}}]}<\/script>\n<!-- \/ Yoast SEO plugin. -->","yoast_head_json":{"title":"TAHALI PLANET WAVES P\/GUIT 50BTYS01 - Mexican Guitar Players","description":"TAHALI PLANET WAVES P\/GUIT 50BTYS01. Tahal\u00ed para guitarra o bajo, dise\u00f1o que conmemora los 50 a\u00f1os de la pel\u00edcula animada Yellow Submarine de The Beatles, homenaje al aspecto ilustrado de Paul, fabricado con poli\u00e9ster impreso, ancho de 2\u201d pulgadas, longitud de 35\u201d a 59.5\u201d pulgadas, m\u00e1xima comodidad para situaciones de pie, extremos veganos de nylon fuertes y reforzados, incluye una lata coleccionable con arte y personajes de la pel\u00edcula.","robots":{"index":"index","follow":"follow","max-snippet":"max-snippet:-1","max-image-preview":"max-image-preview:large","max-video-preview":"max-video-preview:-1"},"canonical":"https:\/\/www.mexicanguitarplayers.com\/en\/tienda\/accesorios\/para-guitarras\/straps\/tahali-planet-waves-p-guit-50btys01\/","og_locale":"en_US","og_type":"article","og_title":"TAHALI PLANET WAVES P\/GUIT 50BTYS01 - Mexican Guitar Players","og_description":"TAHALI PLANET WAVES P\/GUIT 50BTYS01. Tahal\u00ed para guitarra o bajo, dise\u00f1o que conmemora los 50 a\u00f1os de la pel\u00edcula animada Yellow Submarine de The Beatles, homenaje al aspecto ilustrado de Paul, fabricado con poli\u00e9ster impreso, ancho de 2\u201d pulgadas, longitud de 35\u201d a 59.5\u201d pulgadas, m\u00e1xima comodidad para situaciones de pie, extremos veganos de nylon fuertes y reforzados, incluye una lata coleccionable con arte y personajes de la pel\u00edcula.","og_url":"https:\/\/www.mexicanguitarplayers.com\/en\/tienda\/accesorios\/para-guitarras\/straps\/tahali-planet-waves-p-guit-50btys01\/","og_site_name":"Mexican Guitar Players","article_modified_time":"2025-03-27T03:20:37+00:00","og_image":[{"width":1200,"height":1200,"url":"https:\/\/www.mexicanguitarplayers.com\/wp-content\/uploads\/2022\/08\/RAPWA50BTYS01.jpg","type":"image\/jpeg"}],"twitter_card":"summary_large_image","schema":{"@context":"https:\/\/schema.org","@graph":[{"@type":["WebPage","ItemPage"],"@id":"https:\/\/www.mexicanguitarplayers.com\/tienda\/accesorios\/para-guitarras\/straps\/tahali-planet-waves-p-guit-50btys01\/","url":"https:\/\/www.mexicanguitarplayers.com\/tienda\/accesorios\/para-guitarras\/straps\/tahali-planet-waves-p-guit-50btys01\/","name":"TAHALI PLANET WAVES P\/GUIT 50BTYS01 - Mexican Guitar Players","isPartOf":{"@id":"https:\/\/www.mexicanguitarplayers.com\/#website"},"primaryImageOfPage":{"@id":"https:\/\/www.mexicanguitarplayers.com\/tienda\/accesorios\/para-guitarras\/straps\/tahali-planet-waves-p-guit-50btys01\/#primaryimage"},"image":{"@id":"https:\/\/www.mexicanguitarplayers.com\/tienda\/accesorios\/para-guitarras\/straps\/tahali-planet-waves-p-guit-50btys01\/#primaryimage"},"thumbnailUrl":"https:\/\/www.mexicanguitarplayers.com\/wp-content\/uploads\/2022\/08\/RAPWA50BTYS01.jpg","datePublished":"2022-08-19T01:52:13+00:00","dateModified":"2025-03-27T03:20:37+00:00","description":"TAHALI PLANET WAVES P\/GUIT 50BTYS01. Tahal\u00ed para guitarra o bajo, dise\u00f1o que conmemora los 50 a\u00f1os de la pel\u00edcula animada Yellow Submarine de The Beatles, homenaje al aspecto ilustrado de Paul, fabricado con poli\u00e9ster impreso, ancho de 2\u201d pulgadas, longitud de 35\u201d a 59.5\u201d pulgadas, m\u00e1xima comodidad para situaciones de pie, extremos veganos de nylon fuertes y reforzados, incluye una lata coleccionable con arte y personajes de la pel\u00edcula.","breadcrumb":{"@id":"https:\/\/www.mexicanguitarplayers.com\/tienda\/accesorios\/para-guitarras\/straps\/tahali-planet-waves-p-guit-50btys01\/#breadcrumb"},"inLanguage":"en-US","potentialAction":[{"@type":"ReadAction","target":["https:\/\/www.mexicanguitarplayers.com\/tienda\/accesorios\/para-guitarras\/straps\/tahali-planet-waves-p-guit-50btys01\/"]}]},{"@type":"ImageObject","inLanguage":"en-US","@id":"https:\/\/www.mexicanguitarplayers.com\/tienda\/accesorios\/para-guitarras\/straps\/tahali-planet-waves-p-guit-50btys01\/#primaryimage","url":"https:\/\/www.mexicanguitarplayers.com\/wp-content\/uploads\/2022\/08\/RAPWA50BTYS01.jpg","contentUrl":"https:\/\/www.mexicanguitarplayers.com\/wp-content\/uploads\/2022\/08\/RAPWA50BTYS01.jpg","width":1200,"height":1200},{"@type":"BreadcrumbList","@id":"https:\/\/www.mexicanguitarplayers.com\/tienda\/accesorios\/para-guitarras\/straps\/tahali-planet-waves-p-guit-50btys01\/#breadcrumb","itemListElement":[{"@type":"ListItem","position":1,"name":"Portada","item":"https:\/\/www.mexicanguitarplayers.com\/"},{"@type":"ListItem","position":2,"name":"Tienda","item":"https:\/\/www.mexicanguitarplayers.com\/tienda\/"},{"@type":"ListItem","position":3,"name":"TAHALI PLANET WAVES P\/GUIT 50BTYS01"}]},{"@type":"WebSite","@id":"https:\/\/www.mexicanguitarplayers.com\/#website","url":"https:\/\/www.mexicanguitarplayers.com\/","name":"Mexican Guitar Players","description":"Website","publisher":{"@id":"https:\/\/www.mexicanguitarplayers.com\/#organization"},"potentialAction":[{"@type":"SearchAction","target":{"@type":"EntryPoint","urlTemplate":"https:\/\/www.mexicanguitarplayers.com\/?s={search_term_string}"},"query-input":{"@type":"PropertyValueSpecification","valueRequired":true,"valueName":"search_term_string"}}],"inLanguage":"en-US"},{"@type":"Organization","@id":"https:\/\/www.mexicanguitarplayers.com\/#organization","name":"Mexican Guitar Players","url":"https:\/\/www.mexicanguitarplayers.com\/","logo":{"@type":"ImageObject","inLanguage":"en-US","@id":"https:\/\/www.mexicanguitarplayers.com\/#\/schema\/logo\/image\/","url":"","contentUrl":"","caption":"Mexican Guitar Players"},"image":{"@id":"https:\/\/www.mexicanguitarplayers.com\/#\/schema\/logo\/image\/"}}]}},"brands":[{"id":604,"name":"PLANET WAVES","slug":"planet-waves"}],"_links":{"self":[{"href":"https:\/\/www.mexicanguitarplayers.com\/en\/wp-json\/wp\/v2\/product\/19285","targetHints":{"allow":["GET"]}}],"collection":[{"href":"https:\/\/www.mexicanguitarplayers.com\/en\/wp-json\/wp\/v2\/product"}],"about":[{"href":"https:\/\/www.mexicanguitarplayers.com\/en\/wp-json\/wp\/v2\/types\/product"}],"replies":[{"embeddable":true,"href":"https:\/\/www.mexicanguitarplayers.com\/en\/wp-json\/wp\/v2\/comments?post=19285"}],"wp:featuredmedia":[{"embeddable":true,"href":"https:\/\/www.mexicanguitarplayers.com\/en\/wp-json\/wp\/v2\/media\/19282"}],"wp:attachment":[{"href":"https:\/\/www.mexicanguitarplayers.com\/en\/wp-json\/wp\/v2\/media?parent=19285"}],"wp:term":[{"taxonomy":"pwb-brand","embeddable":true,"href":"https:\/\/www.mexicanguitarplayers.com\/en\/wp-json\/wp\/v2\/pwb-brand?post=19285"},{"taxonomy":"product_brand","embeddable":true,"href":"https:\/\/www.mexicanguitarplayers.com\/en\/wp-json\/wp\/v2\/product_brand?post=19285"},{"taxonomy":"product_cat","embeddable":true,"href":"https:\/\/www.mexicanguitarplayers.com\/en\/wp-json\/wp\/v2\/product_cat?post=19285"},{"taxonomy":"product_tag","embeddable":true,"href":"https:\/\/www.mexicanguitarplayers.com\/en\/wp-json\/wp\/v2\/product_tag?post=19285"}],"curies":[{"name":"wp","href":"https:\/\/api.w.org\/{rel}","templated":true}]}}