{"id":19435,"date":"2022-08-18T20:56:40","date_gmt":"2022-08-19T01:56:40","guid":{"rendered":"https:\/\/www.mexicanguitarplayers.com\/tienda\/sin%20categor\u00eda\/puas-planet-wave-set-mod-7dbu5-25\/"},"modified":"2026-04-28T13:15:23","modified_gmt":"2026-04-28T19:15:23","slug":"puas-planet-wave-set-mod-7dbu5-25","status":"publish","type":"product","link":"https:\/\/www.mexicanguitarplayers.com\/en\/tienda\/accesorios\/para-guitarras\/unas-y-puas\/puas-planet-wave-set-mod-7dbu5-25\/","title":{"rendered":"PLANET WAVE SET MOD. 7DBU5-25"},"content":{"rendered":"<div style=\"text-align: justify\">\n<div>\n<h3>PLANET WAVE SET MOD. 7DBU5-25<\/h3>\n<\/div>\n<div>Pack of 25 picks, DuraGrip series, blue color, extra heavy gauge (1.25 mm), unique grip design for greater control, bright tone, ideal for playing jazz-derived styles, made in the USA.<\/div>\n<\/div>","protected":false},"excerpt":{"rendered":"<p>Paquete con 25 p\u00faas, serie DuraGrip, color azul, calibre extra pesado (1.25 mm),dise\u00f1o de agarre \u00fanico para un mayor control, tono brillante, ideal para tocarestilos derivados de jazz, fabricada en USA.&hellip; <a class=\"kt-excerpt-readmore more-link\" href=\"https:\/\/www.mexicanguitarplayers.com\/en\/tienda\/accesorios\/para-guitarras\/unas-y-puas\/puas-planet-wave-set-mod-7dbu5-25\/\">Read more<\/a><\/p>","protected":false},"featured_media":19434,"comment_status":"open","ping_status":"closed","template":"","meta":{"kt_blocks_editor_width":""},"pwb-brand":[604],"product_brand":[],"product_cat":[85,336,633],"product_tag":[],"class_list":{"0":"post-19435","1":"product","2":"type-product","3":"status-publish","4":"has-post-thumbnail","6":"pwb-brand-planet-waves","7":"product_cat-accesorios","8":"product_cat-para-guitarras","9":"product_cat-unas-y-puas","10":"product_shipping_class-0-5-kg","12":"first","13":"outofstock","14":"taxable","15":"shipping-taxable","16":"purchasable","17":"product-type-simple"},"yoast_head":"<!-- This site is optimized with the Yoast SEO plugin v27.6 - https:\/\/yoast.com\/product\/yoast-seo-wordpress\/ -->\n<title>PUAS PLANET WAVE SET MOD. 7DBU5-25 - Mexican Guitar Players<\/title>\n<meta name=\"description\" content=\"PUAS PLANET WAVE SET MOD. 7DBU5-25. Paquete con 25 p\u00faas, serie DuraGrip, color azul, calibre extra pesado (1.25 mm),dise\u00f1o de agarre \u00fanico para un mayor control, tono brillante, ideal para tocarestilos derivados de jazz, fabricada en USA.\" \/>\n<meta name=\"robots\" content=\"index, follow, max-snippet:-1, max-image-preview:large, max-video-preview:-1\" \/>\n<link rel=\"canonical\" href=\"https:\/\/www.mexicanguitarplayers.com\/en\/tienda\/accesorios\/para-guitarras\/unas-y-puas\/puas-planet-wave-set-mod-7dbu5-25\/\" \/>\n<meta property=\"og:locale\" content=\"en_US\" \/>\n<meta property=\"og:type\" content=\"article\" \/>\n<meta property=\"og:title\" content=\"PUAS PLANET WAVE SET MOD. 7DBU5-25 - Mexican Guitar Players\" \/>\n<meta property=\"og:description\" content=\"PUAS PLANET WAVE SET MOD. 7DBU5-25. Paquete con 25 p\u00faas, serie DuraGrip, color azul, calibre extra pesado (1.25 mm),dise\u00f1o de agarre \u00fanico para un mayor control, tono brillante, ideal para tocarestilos derivados de jazz, fabricada en USA.\" \/>\n<meta property=\"og:url\" content=\"https:\/\/www.mexicanguitarplayers.com\/en\/tienda\/accesorios\/para-guitarras\/unas-y-puas\/puas-planet-wave-set-mod-7dbu5-25\/\" \/>\n<meta property=\"og:site_name\" content=\"Mexican Guitar Players\" \/>\n<meta property=\"article:modified_time\" content=\"2026-04-28T19:15:23+00:00\" \/>\n<meta property=\"og:image\" content=\"https:\/\/www.mexicanguitarplayers.com\/wp-content\/uploads\/2022\/08\/RAPWA7DBU525.jpg\" \/>\n\t<meta property=\"og:image:width\" content=\"1200\" \/>\n\t<meta property=\"og:image:height\" content=\"1200\" \/>\n\t<meta property=\"og:image:type\" content=\"image\/jpeg\" \/>\n<meta name=\"twitter:card\" content=\"summary_large_image\" \/>\n<script type=\"application\/ld+json\" class=\"yoast-schema-graph\">{\"@context\":\"https:\\\/\\\/schema.org\",\"@graph\":[{\"@type\":[\"WebPage\",\"ItemPage\"],\"@id\":\"https:\\\/\\\/www.mexicanguitarplayers.com\\\/tienda\\\/accesorios\\\/para-guitarras\\\/unas-y-puas\\\/puas-planet-wave-set-mod-7dbu5-25\\\/\",\"url\":\"https:\\\/\\\/www.mexicanguitarplayers.com\\\/tienda\\\/accesorios\\\/para-guitarras\\\/unas-y-puas\\\/puas-planet-wave-set-mod-7dbu5-25\\\/\",\"name\":\"PUAS PLANET WAVE SET MOD. 7DBU5-25 - Mexican Guitar Players\",\"isPartOf\":{\"@id\":\"https:\\\/\\\/www.mexicanguitarplayers.com\\\/#website\"},\"primaryImageOfPage\":{\"@id\":\"https:\\\/\\\/www.mexicanguitarplayers.com\\\/tienda\\\/accesorios\\\/para-guitarras\\\/unas-y-puas\\\/puas-planet-wave-set-mod-7dbu5-25\\\/#primaryimage\"},\"image\":{\"@id\":\"https:\\\/\\\/www.mexicanguitarplayers.com\\\/tienda\\\/accesorios\\\/para-guitarras\\\/unas-y-puas\\\/puas-planet-wave-set-mod-7dbu5-25\\\/#primaryimage\"},\"thumbnailUrl\":\"https:\\\/\\\/www.mexicanguitarplayers.com\\\/wp-content\\\/uploads\\\/2022\\\/08\\\/RAPWA7DBU525.jpg\",\"datePublished\":\"2022-08-19T01:56:40+00:00\",\"dateModified\":\"2026-04-28T19:15:23+00:00\",\"description\":\"PUAS PLANET WAVE SET MOD. 7DBU5-25. Paquete con 25 p\u00faas, serie DuraGrip, color azul, calibre extra pesado (1.25 mm),dise\u00f1o de agarre \u00fanico para un mayor control, tono brillante, ideal para tocarestilos derivados de jazz, fabricada en USA.\",\"breadcrumb\":{\"@id\":\"https:\\\/\\\/www.mexicanguitarplayers.com\\\/tienda\\\/accesorios\\\/para-guitarras\\\/unas-y-puas\\\/puas-planet-wave-set-mod-7dbu5-25\\\/#breadcrumb\"},\"inLanguage\":\"en-US\",\"potentialAction\":[{\"@type\":\"ReadAction\",\"target\":[\"https:\\\/\\\/www.mexicanguitarplayers.com\\\/tienda\\\/accesorios\\\/para-guitarras\\\/unas-y-puas\\\/puas-planet-wave-set-mod-7dbu5-25\\\/\"]}]},{\"@type\":\"ImageObject\",\"inLanguage\":\"en-US\",\"@id\":\"https:\\\/\\\/www.mexicanguitarplayers.com\\\/tienda\\\/accesorios\\\/para-guitarras\\\/unas-y-puas\\\/puas-planet-wave-set-mod-7dbu5-25\\\/#primaryimage\",\"url\":\"https:\\\/\\\/www.mexicanguitarplayers.com\\\/wp-content\\\/uploads\\\/2022\\\/08\\\/RAPWA7DBU525.jpg\",\"contentUrl\":\"https:\\\/\\\/www.mexicanguitarplayers.com\\\/wp-content\\\/uploads\\\/2022\\\/08\\\/RAPWA7DBU525.jpg\",\"width\":1200,\"height\":1200},{\"@type\":\"BreadcrumbList\",\"@id\":\"https:\\\/\\\/www.mexicanguitarplayers.com\\\/tienda\\\/accesorios\\\/para-guitarras\\\/unas-y-puas\\\/puas-planet-wave-set-mod-7dbu5-25\\\/#breadcrumb\",\"itemListElement\":[{\"@type\":\"ListItem\",\"position\":1,\"name\":\"Portada\",\"item\":\"https:\\\/\\\/www.mexicanguitarplayers.com\\\/\"},{\"@type\":\"ListItem\",\"position\":2,\"name\":\"Tienda\",\"item\":\"https:\\\/\\\/www.mexicanguitarplayers.com\\\/tienda\\\/\"},{\"@type\":\"ListItem\",\"position\":3,\"name\":\"PUAS PLANET WAVE SET MOD. 7DBU5-25\"}]},{\"@type\":\"WebSite\",\"@id\":\"https:\\\/\\\/www.mexicanguitarplayers.com\\\/#website\",\"url\":\"https:\\\/\\\/www.mexicanguitarplayers.com\\\/\",\"name\":\"Mexican Guitar Players\",\"description\":\"Website\",\"publisher\":{\"@id\":\"https:\\\/\\\/www.mexicanguitarplayers.com\\\/#organization\"},\"potentialAction\":[{\"@type\":\"SearchAction\",\"target\":{\"@type\":\"EntryPoint\",\"urlTemplate\":\"https:\\\/\\\/www.mexicanguitarplayers.com\\\/?s={search_term_string}\"},\"query-input\":{\"@type\":\"PropertyValueSpecification\",\"valueRequired\":true,\"valueName\":\"search_term_string\"}}],\"inLanguage\":\"en-US\"},{\"@type\":\"Organization\",\"@id\":\"https:\\\/\\\/www.mexicanguitarplayers.com\\\/#organization\",\"name\":\"Mexican Guitar Players\",\"url\":\"https:\\\/\\\/www.mexicanguitarplayers.com\\\/\",\"logo\":{\"@type\":\"ImageObject\",\"inLanguage\":\"en-US\",\"@id\":\"https:\\\/\\\/www.mexicanguitarplayers.com\\\/#\\\/schema\\\/logo\\\/image\\\/\",\"url\":\"\",\"contentUrl\":\"\",\"caption\":\"Mexican Guitar Players\"},\"image\":{\"@id\":\"https:\\\/\\\/www.mexicanguitarplayers.com\\\/#\\\/schema\\\/logo\\\/image\\\/\"}}]}<\/script>\n<!-- \/ Yoast SEO plugin. -->","yoast_head_json":{"title":"PUAS PLANET WAVE SET MOD. 7DBU5-25 - Mexican Guitar Players","description":"PUAS PLANET WAVE SET MOD. 7DBU5-25. Paquete con 25 p\u00faas, serie DuraGrip, color azul, calibre extra pesado (1.25 mm),dise\u00f1o de agarre \u00fanico para un mayor control, tono brillante, ideal para tocarestilos derivados de jazz, fabricada en USA.","robots":{"index":"index","follow":"follow","max-snippet":"max-snippet:-1","max-image-preview":"max-image-preview:large","max-video-preview":"max-video-preview:-1"},"canonical":"https:\/\/www.mexicanguitarplayers.com\/en\/tienda\/accesorios\/para-guitarras\/unas-y-puas\/puas-planet-wave-set-mod-7dbu5-25\/","og_locale":"en_US","og_type":"article","og_title":"PUAS PLANET WAVE SET MOD. 7DBU5-25 - Mexican Guitar Players","og_description":"PUAS PLANET WAVE SET MOD. 7DBU5-25. Paquete con 25 p\u00faas, serie DuraGrip, color azul, calibre extra pesado (1.25 mm),dise\u00f1o de agarre \u00fanico para un mayor control, tono brillante, ideal para tocarestilos derivados de jazz, fabricada en USA.","og_url":"https:\/\/www.mexicanguitarplayers.com\/en\/tienda\/accesorios\/para-guitarras\/unas-y-puas\/puas-planet-wave-set-mod-7dbu5-25\/","og_site_name":"Mexican Guitar Players","article_modified_time":"2026-04-28T19:15:23+00:00","og_image":[{"width":1200,"height":1200,"url":"https:\/\/www.mexicanguitarplayers.com\/wp-content\/uploads\/2022\/08\/RAPWA7DBU525.jpg","type":"image\/jpeg"}],"twitter_card":"summary_large_image","schema":{"@context":"https:\/\/schema.org","@graph":[{"@type":["WebPage","ItemPage"],"@id":"https:\/\/www.mexicanguitarplayers.com\/tienda\/accesorios\/para-guitarras\/unas-y-puas\/puas-planet-wave-set-mod-7dbu5-25\/","url":"https:\/\/www.mexicanguitarplayers.com\/tienda\/accesorios\/para-guitarras\/unas-y-puas\/puas-planet-wave-set-mod-7dbu5-25\/","name":"PUAS PLANET WAVE SET MOD. 7DBU5-25 - Mexican Guitar Players","isPartOf":{"@id":"https:\/\/www.mexicanguitarplayers.com\/#website"},"primaryImageOfPage":{"@id":"https:\/\/www.mexicanguitarplayers.com\/tienda\/accesorios\/para-guitarras\/unas-y-puas\/puas-planet-wave-set-mod-7dbu5-25\/#primaryimage"},"image":{"@id":"https:\/\/www.mexicanguitarplayers.com\/tienda\/accesorios\/para-guitarras\/unas-y-puas\/puas-planet-wave-set-mod-7dbu5-25\/#primaryimage"},"thumbnailUrl":"https:\/\/www.mexicanguitarplayers.com\/wp-content\/uploads\/2022\/08\/RAPWA7DBU525.jpg","datePublished":"2022-08-19T01:56:40+00:00","dateModified":"2026-04-28T19:15:23+00:00","description":"PUAS PLANET WAVE SET MOD. 7DBU5-25. Paquete con 25 p\u00faas, serie DuraGrip, color azul, calibre extra pesado (1.25 mm),dise\u00f1o de agarre \u00fanico para un mayor control, tono brillante, ideal para tocarestilos derivados de jazz, fabricada en USA.","breadcrumb":{"@id":"https:\/\/www.mexicanguitarplayers.com\/tienda\/accesorios\/para-guitarras\/unas-y-puas\/puas-planet-wave-set-mod-7dbu5-25\/#breadcrumb"},"inLanguage":"en-US","potentialAction":[{"@type":"ReadAction","target":["https:\/\/www.mexicanguitarplayers.com\/tienda\/accesorios\/para-guitarras\/unas-y-puas\/puas-planet-wave-set-mod-7dbu5-25\/"]}]},{"@type":"ImageObject","inLanguage":"en-US","@id":"https:\/\/www.mexicanguitarplayers.com\/tienda\/accesorios\/para-guitarras\/unas-y-puas\/puas-planet-wave-set-mod-7dbu5-25\/#primaryimage","url":"https:\/\/www.mexicanguitarplayers.com\/wp-content\/uploads\/2022\/08\/RAPWA7DBU525.jpg","contentUrl":"https:\/\/www.mexicanguitarplayers.com\/wp-content\/uploads\/2022\/08\/RAPWA7DBU525.jpg","width":1200,"height":1200},{"@type":"BreadcrumbList","@id":"https:\/\/www.mexicanguitarplayers.com\/tienda\/accesorios\/para-guitarras\/unas-y-puas\/puas-planet-wave-set-mod-7dbu5-25\/#breadcrumb","itemListElement":[{"@type":"ListItem","position":1,"name":"Portada","item":"https:\/\/www.mexicanguitarplayers.com\/"},{"@type":"ListItem","position":2,"name":"Tienda","item":"https:\/\/www.mexicanguitarplayers.com\/tienda\/"},{"@type":"ListItem","position":3,"name":"PUAS PLANET WAVE SET MOD. 7DBU5-25"}]},{"@type":"WebSite","@id":"https:\/\/www.mexicanguitarplayers.com\/#website","url":"https:\/\/www.mexicanguitarplayers.com\/","name":"Mexican Guitar Players","description":"Website","publisher":{"@id":"https:\/\/www.mexicanguitarplayers.com\/#organization"},"potentialAction":[{"@type":"SearchAction","target":{"@type":"EntryPoint","urlTemplate":"https:\/\/www.mexicanguitarplayers.com\/?s={search_term_string}"},"query-input":{"@type":"PropertyValueSpecification","valueRequired":true,"valueName":"search_term_string"}}],"inLanguage":"en-US"},{"@type":"Organization","@id":"https:\/\/www.mexicanguitarplayers.com\/#organization","name":"Mexican Guitar Players","url":"https:\/\/www.mexicanguitarplayers.com\/","logo":{"@type":"ImageObject","inLanguage":"en-US","@id":"https:\/\/www.mexicanguitarplayers.com\/#\/schema\/logo\/image\/","url":"","contentUrl":"","caption":"Mexican Guitar Players"},"image":{"@id":"https:\/\/www.mexicanguitarplayers.com\/#\/schema\/logo\/image\/"}}]}},"brands":[{"id":604,"name":"PLANET WAVES","slug":"planet-waves"}],"_links":{"self":[{"href":"https:\/\/www.mexicanguitarplayers.com\/en\/wp-json\/wp\/v2\/product\/19435","targetHints":{"allow":["GET"]}}],"collection":[{"href":"https:\/\/www.mexicanguitarplayers.com\/en\/wp-json\/wp\/v2\/product"}],"about":[{"href":"https:\/\/www.mexicanguitarplayers.com\/en\/wp-json\/wp\/v2\/types\/product"}],"replies":[{"embeddable":true,"href":"https:\/\/www.mexicanguitarplayers.com\/en\/wp-json\/wp\/v2\/comments?post=19435"}],"wp:featuredmedia":[{"embeddable":true,"href":"https:\/\/www.mexicanguitarplayers.com\/en\/wp-json\/wp\/v2\/media\/19434"}],"wp:attachment":[{"href":"https:\/\/www.mexicanguitarplayers.com\/en\/wp-json\/wp\/v2\/media?parent=19435"}],"wp:term":[{"taxonomy":"pwb-brand","embeddable":true,"href":"https:\/\/www.mexicanguitarplayers.com\/en\/wp-json\/wp\/v2\/pwb-brand?post=19435"},{"taxonomy":"product_brand","embeddable":true,"href":"https:\/\/www.mexicanguitarplayers.com\/en\/wp-json\/wp\/v2\/product_brand?post=19435"},{"taxonomy":"product_cat","embeddable":true,"href":"https:\/\/www.mexicanguitarplayers.com\/en\/wp-json\/wp\/v2\/product_cat?post=19435"},{"taxonomy":"product_tag","embeddable":true,"href":"https:\/\/www.mexicanguitarplayers.com\/en\/wp-json\/wp\/v2\/product_tag?post=19435"}],"curies":[{"name":"wp","href":"https:\/\/api.w.org\/{rel}","templated":true}]}}