{"id":19653,"date":"2022-08-18T21:02:35","date_gmt":"2022-08-19T02:02:35","guid":{"rendered":"https:\/\/www.mexicanguitarplayers.com\/tienda\/sin%20categor\u00eda\/capodastro-planet-wave-mod-pw-cp-10mbr\/"},"modified":"2024-01-30T19:34:39","modified_gmt":"2024-01-31T01:34:39","slug":"capodastro-planet-wave-mod-pw-cp-10mbr","status":"publish","type":"product","link":"https:\/\/www.mexicanguitarplayers.com\/en\/tienda\/accesorios\/para-guitarras\/capodastros\/capodastro-planet-wave-mod-pw-cp-10mbr\/","title":{"rendered":"CAPODASTER PLANET WAVE MOD. PW-CP-10MBR"},"content":{"rendered":"<div style=\"text-align: justify\">\n<div>\n<h3>CAPODASTER PLANET WAVE MOD. PW-CP-10MBR<\/h3>\n<\/div>\n<div>Trigger-style capo, designed for use on 6-string electric and acoustic guitars, Micrometer tension adjustment ensures buzz-free tuning performance at every fret, Trigger geometry offers ease of use and uniform clamping tension, construction lightweight aircraft-grade aluminum, includes mounting bracket for NS micro tuner (tuner not included).<\/div>\n<\/div>","protected":false},"excerpt":{"rendered":"<p>Capo estilo gatillo, dise\u00f1ado para utilizarse en guitarras el\u00e9ctricas y ac\u00fasticas de 6 cuerdas, el ajuste de tensi\u00f3n del micr\u00f3metro asegura un rendimiento de afinaci\u00f3n libre de zumbidos en cada traste, la geometr\u00eda del gatillo ofrece un uso f\u00e1cil y una tensi\u00f3n de sujeci\u00f3n uniforme, construcci\u00f3n ligera de aluminio de grado aeron\u00e1utico, incluye soporte de montaje para micro afinador NS (no incluye el afinador).&hellip; <a class=\"kt-excerpt-readmore more-link\" href=\"https:\/\/www.mexicanguitarplayers.com\/en\/tienda\/accesorios\/para-guitarras\/capodastros\/capodastro-planet-wave-mod-pw-cp-10mbr\/\">Read more<\/a><\/p>","protected":false},"featured_media":19649,"comment_status":"open","ping_status":"closed","template":"","meta":{"kt_blocks_editor_width":""},"pwb-brand":[604],"product_brand":[],"product_cat":[85,613,336],"product_tag":[],"class_list":{"0":"post-19653","1":"product","2":"type-product","3":"status-publish","4":"has-post-thumbnail","6":"pwb-brand-planet-waves","7":"product_cat-accesorios","8":"product_cat-capodastros","9":"product_cat-para-guitarras","10":"product_shipping_class-0-5-kg","12":"first","13":"outofstock","14":"taxable","15":"shipping-taxable","16":"purchasable","17":"product-type-simple"},"yoast_head":"<!-- This site is optimized with the Yoast SEO plugin v27.3 - https:\/\/yoast.com\/product\/yoast-seo-wordpress\/ -->\n<title>CAPODASTRO PLANET WAVE MOD. PW-CP-10MBR - Mexican Guitar Players<\/title>\n<meta name=\"description\" content=\"CAPODASTRO PLANET WAVE MOD. PW-CP-10MBR. Capo estilo gatillo, dise\u00f1ado para utilizarse en guitarras el\u00e9ctricas y ac\u00fasticas de 6 cuerdas, el ajuste de tensi\u00f3n del micr\u00f3metro asegura un rendimiento de afinaci\u00f3n libre de zumbidos en cada traste, la geometr\u00eda del gatillo ofrece un uso f\u00e1cil y una tensi\u00f3n de sujeci\u00f3n uniforme, construcci\u00f3n ligera de aluminio de grado aeron\u00e1utico, incluye soporte de montaje para micro afinador NS (no incluye el afinador).\" \/>\n<meta name=\"robots\" content=\"index, follow, max-snippet:-1, max-image-preview:large, max-video-preview:-1\" \/>\n<link rel=\"canonical\" href=\"https:\/\/www.mexicanguitarplayers.com\/en\/tienda\/accesorios\/para-guitarras\/capodastros\/capodastro-planet-wave-mod-pw-cp-10mbr\/\" \/>\n<meta property=\"og:locale\" content=\"en_US\" \/>\n<meta property=\"og:type\" content=\"article\" \/>\n<meta property=\"og:title\" content=\"CAPODASTRO PLANET WAVE MOD. PW-CP-10MBR - Mexican Guitar Players\" \/>\n<meta property=\"og:description\" content=\"CAPODASTRO PLANET WAVE MOD. PW-CP-10MBR. Capo estilo gatillo, dise\u00f1ado para utilizarse en guitarras el\u00e9ctricas y ac\u00fasticas de 6 cuerdas, el ajuste de tensi\u00f3n del micr\u00f3metro asegura un rendimiento de afinaci\u00f3n libre de zumbidos en cada traste, la geometr\u00eda del gatillo ofrece un uso f\u00e1cil y una tensi\u00f3n de sujeci\u00f3n uniforme, construcci\u00f3n ligera de aluminio de grado aeron\u00e1utico, incluye soporte de montaje para micro afinador NS (no incluye el afinador).\" \/>\n<meta property=\"og:url\" content=\"https:\/\/www.mexicanguitarplayers.com\/en\/tienda\/accesorios\/para-guitarras\/capodastros\/capodastro-planet-wave-mod-pw-cp-10mbr\/\" \/>\n<meta property=\"og:site_name\" content=\"Mexican Guitar Players\" \/>\n<meta property=\"article:modified_time\" content=\"2024-01-31T01:34:39+00:00\" \/>\n<meta property=\"og:image\" content=\"https:\/\/www.mexicanguitarplayers.com\/wp-content\/uploads\/2022\/08\/RAPWAPWCP10MBR.jpg\" \/>\n\t<meta property=\"og:image:width\" content=\"1200\" \/>\n\t<meta property=\"og:image:height\" content=\"1200\" \/>\n\t<meta property=\"og:image:type\" content=\"image\/jpeg\" \/>\n<meta name=\"twitter:card\" content=\"summary_large_image\" \/>\n<script type=\"application\/ld+json\" class=\"yoast-schema-graph\">{\"@context\":\"https:\\\/\\\/schema.org\",\"@graph\":[{\"@type\":[\"WebPage\",\"ItemPage\"],\"@id\":\"https:\\\/\\\/www.mexicanguitarplayers.com\\\/tienda\\\/accesorios\\\/para-guitarras\\\/capodastros\\\/capodastro-planet-wave-mod-pw-cp-10mbr\\\/\",\"url\":\"https:\\\/\\\/www.mexicanguitarplayers.com\\\/tienda\\\/accesorios\\\/para-guitarras\\\/capodastros\\\/capodastro-planet-wave-mod-pw-cp-10mbr\\\/\",\"name\":\"CAPODASTRO PLANET WAVE MOD. PW-CP-10MBR - Mexican Guitar Players\",\"isPartOf\":{\"@id\":\"https:\\\/\\\/www.mexicanguitarplayers.com\\\/#website\"},\"primaryImageOfPage\":{\"@id\":\"https:\\\/\\\/www.mexicanguitarplayers.com\\\/tienda\\\/accesorios\\\/para-guitarras\\\/capodastros\\\/capodastro-planet-wave-mod-pw-cp-10mbr\\\/#primaryimage\"},\"image\":{\"@id\":\"https:\\\/\\\/www.mexicanguitarplayers.com\\\/tienda\\\/accesorios\\\/para-guitarras\\\/capodastros\\\/capodastro-planet-wave-mod-pw-cp-10mbr\\\/#primaryimage\"},\"thumbnailUrl\":\"https:\\\/\\\/www.mexicanguitarplayers.com\\\/wp-content\\\/uploads\\\/2022\\\/08\\\/RAPWAPWCP10MBR.jpg\",\"datePublished\":\"2022-08-19T02:02:35+00:00\",\"dateModified\":\"2024-01-31T01:34:39+00:00\",\"description\":\"CAPODASTRO PLANET WAVE MOD. PW-CP-10MBR. Capo estilo gatillo, dise\u00f1ado para utilizarse en guitarras el\u00e9ctricas y ac\u00fasticas de 6 cuerdas, el ajuste de tensi\u00f3n del micr\u00f3metro asegura un rendimiento de afinaci\u00f3n libre de zumbidos en cada traste, la geometr\u00eda del gatillo ofrece un uso f\u00e1cil y una tensi\u00f3n de sujeci\u00f3n uniforme, construcci\u00f3n ligera de aluminio de grado aeron\u00e1utico, incluye soporte de montaje para micro afinador NS (no incluye el afinador).\",\"breadcrumb\":{\"@id\":\"https:\\\/\\\/www.mexicanguitarplayers.com\\\/tienda\\\/accesorios\\\/para-guitarras\\\/capodastros\\\/capodastro-planet-wave-mod-pw-cp-10mbr\\\/#breadcrumb\"},\"inLanguage\":\"en-US\",\"potentialAction\":[{\"@type\":\"ReadAction\",\"target\":[\"https:\\\/\\\/www.mexicanguitarplayers.com\\\/tienda\\\/accesorios\\\/para-guitarras\\\/capodastros\\\/capodastro-planet-wave-mod-pw-cp-10mbr\\\/\"]}]},{\"@type\":\"ImageObject\",\"inLanguage\":\"en-US\",\"@id\":\"https:\\\/\\\/www.mexicanguitarplayers.com\\\/tienda\\\/accesorios\\\/para-guitarras\\\/capodastros\\\/capodastro-planet-wave-mod-pw-cp-10mbr\\\/#primaryimage\",\"url\":\"https:\\\/\\\/www.mexicanguitarplayers.com\\\/wp-content\\\/uploads\\\/2022\\\/08\\\/RAPWAPWCP10MBR.jpg\",\"contentUrl\":\"https:\\\/\\\/www.mexicanguitarplayers.com\\\/wp-content\\\/uploads\\\/2022\\\/08\\\/RAPWAPWCP10MBR.jpg\",\"width\":1200,\"height\":1200},{\"@type\":\"BreadcrumbList\",\"@id\":\"https:\\\/\\\/www.mexicanguitarplayers.com\\\/tienda\\\/accesorios\\\/para-guitarras\\\/capodastros\\\/capodastro-planet-wave-mod-pw-cp-10mbr\\\/#breadcrumb\",\"itemListElement\":[{\"@type\":\"ListItem\",\"position\":1,\"name\":\"Portada\",\"item\":\"https:\\\/\\\/www.mexicanguitarplayers.com\\\/\"},{\"@type\":\"ListItem\",\"position\":2,\"name\":\"Tienda\",\"item\":\"https:\\\/\\\/www.mexicanguitarplayers.com\\\/tienda\\\/\"},{\"@type\":\"ListItem\",\"position\":3,\"name\":\"CAPODASTRO PLANET WAVE MOD. PW-CP-10MBR\"}]},{\"@type\":\"WebSite\",\"@id\":\"https:\\\/\\\/www.mexicanguitarplayers.com\\\/#website\",\"url\":\"https:\\\/\\\/www.mexicanguitarplayers.com\\\/\",\"name\":\"Mexican Guitar Players\",\"description\":\"Website\",\"publisher\":{\"@id\":\"https:\\\/\\\/www.mexicanguitarplayers.com\\\/#organization\"},\"potentialAction\":[{\"@type\":\"SearchAction\",\"target\":{\"@type\":\"EntryPoint\",\"urlTemplate\":\"https:\\\/\\\/www.mexicanguitarplayers.com\\\/?s={search_term_string}\"},\"query-input\":{\"@type\":\"PropertyValueSpecification\",\"valueRequired\":true,\"valueName\":\"search_term_string\"}}],\"inLanguage\":\"en-US\"},{\"@type\":\"Organization\",\"@id\":\"https:\\\/\\\/www.mexicanguitarplayers.com\\\/#organization\",\"name\":\"Mexican Guitar Players\",\"url\":\"https:\\\/\\\/www.mexicanguitarplayers.com\\\/\",\"logo\":{\"@type\":\"ImageObject\",\"inLanguage\":\"en-US\",\"@id\":\"https:\\\/\\\/www.mexicanguitarplayers.com\\\/#\\\/schema\\\/logo\\\/image\\\/\",\"url\":\"\",\"contentUrl\":\"\",\"caption\":\"Mexican Guitar Players\"},\"image\":{\"@id\":\"https:\\\/\\\/www.mexicanguitarplayers.com\\\/#\\\/schema\\\/logo\\\/image\\\/\"}}]}<\/script>\n<!-- \/ Yoast SEO plugin. -->","yoast_head_json":{"title":"CAPODASTRO PLANET WAVE MOD. PW-CP-10MBR - Mexican Guitar Players","description":"CAPODASTRO PLANET WAVE MOD. PW-CP-10MBR. Capo estilo gatillo, dise\u00f1ado para utilizarse en guitarras el\u00e9ctricas y ac\u00fasticas de 6 cuerdas, el ajuste de tensi\u00f3n del micr\u00f3metro asegura un rendimiento de afinaci\u00f3n libre de zumbidos en cada traste, la geometr\u00eda del gatillo ofrece un uso f\u00e1cil y una tensi\u00f3n de sujeci\u00f3n uniforme, construcci\u00f3n ligera de aluminio de grado aeron\u00e1utico, incluye soporte de montaje para micro afinador NS (no incluye el afinador).","robots":{"index":"index","follow":"follow","max-snippet":"max-snippet:-1","max-image-preview":"max-image-preview:large","max-video-preview":"max-video-preview:-1"},"canonical":"https:\/\/www.mexicanguitarplayers.com\/en\/tienda\/accesorios\/para-guitarras\/capodastros\/capodastro-planet-wave-mod-pw-cp-10mbr\/","og_locale":"en_US","og_type":"article","og_title":"CAPODASTRO PLANET WAVE MOD. PW-CP-10MBR - Mexican Guitar Players","og_description":"CAPODASTRO PLANET WAVE MOD. PW-CP-10MBR. Capo estilo gatillo, dise\u00f1ado para utilizarse en guitarras el\u00e9ctricas y ac\u00fasticas de 6 cuerdas, el ajuste de tensi\u00f3n del micr\u00f3metro asegura un rendimiento de afinaci\u00f3n libre de zumbidos en cada traste, la geometr\u00eda del gatillo ofrece un uso f\u00e1cil y una tensi\u00f3n de sujeci\u00f3n uniforme, construcci\u00f3n ligera de aluminio de grado aeron\u00e1utico, incluye soporte de montaje para micro afinador NS (no incluye el afinador).","og_url":"https:\/\/www.mexicanguitarplayers.com\/en\/tienda\/accesorios\/para-guitarras\/capodastros\/capodastro-planet-wave-mod-pw-cp-10mbr\/","og_site_name":"Mexican Guitar Players","article_modified_time":"2024-01-31T01:34:39+00:00","og_image":[{"width":1200,"height":1200,"url":"https:\/\/www.mexicanguitarplayers.com\/wp-content\/uploads\/2022\/08\/RAPWAPWCP10MBR.jpg","type":"image\/jpeg"}],"twitter_card":"summary_large_image","schema":{"@context":"https:\/\/schema.org","@graph":[{"@type":["WebPage","ItemPage"],"@id":"https:\/\/www.mexicanguitarplayers.com\/tienda\/accesorios\/para-guitarras\/capodastros\/capodastro-planet-wave-mod-pw-cp-10mbr\/","url":"https:\/\/www.mexicanguitarplayers.com\/tienda\/accesorios\/para-guitarras\/capodastros\/capodastro-planet-wave-mod-pw-cp-10mbr\/","name":"CAPODASTRO PLANET WAVE MOD. PW-CP-10MBR - Mexican Guitar Players","isPartOf":{"@id":"https:\/\/www.mexicanguitarplayers.com\/#website"},"primaryImageOfPage":{"@id":"https:\/\/www.mexicanguitarplayers.com\/tienda\/accesorios\/para-guitarras\/capodastros\/capodastro-planet-wave-mod-pw-cp-10mbr\/#primaryimage"},"image":{"@id":"https:\/\/www.mexicanguitarplayers.com\/tienda\/accesorios\/para-guitarras\/capodastros\/capodastro-planet-wave-mod-pw-cp-10mbr\/#primaryimage"},"thumbnailUrl":"https:\/\/www.mexicanguitarplayers.com\/wp-content\/uploads\/2022\/08\/RAPWAPWCP10MBR.jpg","datePublished":"2022-08-19T02:02:35+00:00","dateModified":"2024-01-31T01:34:39+00:00","description":"CAPODASTRO PLANET WAVE MOD. PW-CP-10MBR. Capo estilo gatillo, dise\u00f1ado para utilizarse en guitarras el\u00e9ctricas y ac\u00fasticas de 6 cuerdas, el ajuste de tensi\u00f3n del micr\u00f3metro asegura un rendimiento de afinaci\u00f3n libre de zumbidos en cada traste, la geometr\u00eda del gatillo ofrece un uso f\u00e1cil y una tensi\u00f3n de sujeci\u00f3n uniforme, construcci\u00f3n ligera de aluminio de grado aeron\u00e1utico, incluye soporte de montaje para micro afinador NS (no incluye el afinador).","breadcrumb":{"@id":"https:\/\/www.mexicanguitarplayers.com\/tienda\/accesorios\/para-guitarras\/capodastros\/capodastro-planet-wave-mod-pw-cp-10mbr\/#breadcrumb"},"inLanguage":"en-US","potentialAction":[{"@type":"ReadAction","target":["https:\/\/www.mexicanguitarplayers.com\/tienda\/accesorios\/para-guitarras\/capodastros\/capodastro-planet-wave-mod-pw-cp-10mbr\/"]}]},{"@type":"ImageObject","inLanguage":"en-US","@id":"https:\/\/www.mexicanguitarplayers.com\/tienda\/accesorios\/para-guitarras\/capodastros\/capodastro-planet-wave-mod-pw-cp-10mbr\/#primaryimage","url":"https:\/\/www.mexicanguitarplayers.com\/wp-content\/uploads\/2022\/08\/RAPWAPWCP10MBR.jpg","contentUrl":"https:\/\/www.mexicanguitarplayers.com\/wp-content\/uploads\/2022\/08\/RAPWAPWCP10MBR.jpg","width":1200,"height":1200},{"@type":"BreadcrumbList","@id":"https:\/\/www.mexicanguitarplayers.com\/tienda\/accesorios\/para-guitarras\/capodastros\/capodastro-planet-wave-mod-pw-cp-10mbr\/#breadcrumb","itemListElement":[{"@type":"ListItem","position":1,"name":"Portada","item":"https:\/\/www.mexicanguitarplayers.com\/"},{"@type":"ListItem","position":2,"name":"Tienda","item":"https:\/\/www.mexicanguitarplayers.com\/tienda\/"},{"@type":"ListItem","position":3,"name":"CAPODASTRO PLANET WAVE MOD. PW-CP-10MBR"}]},{"@type":"WebSite","@id":"https:\/\/www.mexicanguitarplayers.com\/#website","url":"https:\/\/www.mexicanguitarplayers.com\/","name":"Mexican Guitar Players","description":"Website","publisher":{"@id":"https:\/\/www.mexicanguitarplayers.com\/#organization"},"potentialAction":[{"@type":"SearchAction","target":{"@type":"EntryPoint","urlTemplate":"https:\/\/www.mexicanguitarplayers.com\/?s={search_term_string}"},"query-input":{"@type":"PropertyValueSpecification","valueRequired":true,"valueName":"search_term_string"}}],"inLanguage":"en-US"},{"@type":"Organization","@id":"https:\/\/www.mexicanguitarplayers.com\/#organization","name":"Mexican Guitar Players","url":"https:\/\/www.mexicanguitarplayers.com\/","logo":{"@type":"ImageObject","inLanguage":"en-US","@id":"https:\/\/www.mexicanguitarplayers.com\/#\/schema\/logo\/image\/","url":"","contentUrl":"","caption":"Mexican Guitar Players"},"image":{"@id":"https:\/\/www.mexicanguitarplayers.com\/#\/schema\/logo\/image\/"}}]}},"brands":[{"id":604,"name":"PLANET WAVES","slug":"planet-waves"}],"_links":{"self":[{"href":"https:\/\/www.mexicanguitarplayers.com\/en\/wp-json\/wp\/v2\/product\/19653","targetHints":{"allow":["GET"]}}],"collection":[{"href":"https:\/\/www.mexicanguitarplayers.com\/en\/wp-json\/wp\/v2\/product"}],"about":[{"href":"https:\/\/www.mexicanguitarplayers.com\/en\/wp-json\/wp\/v2\/types\/product"}],"replies":[{"embeddable":true,"href":"https:\/\/www.mexicanguitarplayers.com\/en\/wp-json\/wp\/v2\/comments?post=19653"}],"wp:featuredmedia":[{"embeddable":true,"href":"https:\/\/www.mexicanguitarplayers.com\/en\/wp-json\/wp\/v2\/media\/19649"}],"wp:attachment":[{"href":"https:\/\/www.mexicanguitarplayers.com\/en\/wp-json\/wp\/v2\/media?parent=19653"}],"wp:term":[{"taxonomy":"pwb-brand","embeddable":true,"href":"https:\/\/www.mexicanguitarplayers.com\/en\/wp-json\/wp\/v2\/pwb-brand?post=19653"},{"taxonomy":"product_brand","embeddable":true,"href":"https:\/\/www.mexicanguitarplayers.com\/en\/wp-json\/wp\/v2\/product_brand?post=19653"},{"taxonomy":"product_cat","embeddable":true,"href":"https:\/\/www.mexicanguitarplayers.com\/en\/wp-json\/wp\/v2\/product_cat?post=19653"},{"taxonomy":"product_tag","embeddable":true,"href":"https:\/\/www.mexicanguitarplayers.com\/en\/wp-json\/wp\/v2\/product_tag?post=19653"}],"curies":[{"name":"wp","href":"https:\/\/api.w.org\/{rel}","templated":true}]}}