{"id":19669,"date":"2022-08-18T21:03:03","date_gmt":"2022-08-19T02:03:03","guid":{"rendered":"https:\/\/www.mexicanguitarplayers.com\/tienda\/sin%20categor\u00eda\/capodastro-planet-wave-mod-pw-cp-16\/"},"modified":"2026-04-10T04:54:57","modified_gmt":"2026-04-10T10:54:57","slug":"capodastro-planet-wave-mod-pw-cp-16","status":"publish","type":"product","link":"https:\/\/www.mexicanguitarplayers.com\/en\/tienda\/accesorios\/para-guitarras\/capodastros\/capodastro-planet-wave-mod-pw-cp-16\/","title":{"rendered":"CAPODASTER PLANET WAVE MOD. PW-CP-16"},"content":{"rendered":"<div style=\"text-align: justify\">\n<div>\n<h3>CAPODASTER PLANET WAVE MOD. PW-CP-16<\/h3>\n<\/div>\n<div>Screw-in Style Capo for 6-String Acoustic or Electric Guitar with Radial Fingerboard, Micrometer Tension Adjustment Ensures Tuned, Buzz-Free Performance at Every Fret, One-Handed Operation, Durable Molded ABS Thermoplastic Construction, Ned Steinberg Design .<\/div>\n<\/div>","protected":false},"excerpt":{"rendered":"<p>Capo estilo tornillo para guitarra el\u00e9ctrica o ac\u00fastica de 6 cuerdas con diapas\u00f3n radial, el ajuste de la tensi\u00f3n del micr\u00f3metro asegura un rendimiento afinado y sin zumbidos en cada traste, operaci\u00f3n de una sola mano, construcci\u00f3n termopl\u00e1stica ABS moldeada y duradera, dise\u00f1o de Ned Steinberg.&hellip; <a class=\"kt-excerpt-readmore more-link\" href=\"https:\/\/www.mexicanguitarplayers.com\/en\/tienda\/accesorios\/para-guitarras\/capodastros\/capodastro-planet-wave-mod-pw-cp-16\/\">Read more<\/a><\/p>","protected":false},"featured_media":19667,"comment_status":"open","ping_status":"closed","template":"","meta":{"kt_blocks_editor_width":""},"pwb-brand":[604],"product_brand":[],"product_cat":[85,613,336],"product_tag":[],"class_list":{"0":"post-19669","1":"product","2":"type-product","3":"status-publish","4":"has-post-thumbnail","6":"pwb-brand-planet-waves","7":"product_cat-accesorios","8":"product_cat-capodastros","9":"product_cat-para-guitarras","10":"product_shipping_class-0-5-kg","12":"first","13":"outofstock","14":"taxable","15":"shipping-taxable","16":"purchasable","17":"product-type-simple"},"yoast_head":"<!-- This site is optimized with the Yoast SEO plugin v27.6 - https:\/\/yoast.com\/product\/yoast-seo-wordpress\/ -->\n<title>CAPODASTRO PLANET WAVE MOD. PW-CP-16 - Mexican Guitar Players<\/title>\n<meta name=\"description\" content=\"CAPODASTRO PLANET WAVE MOD. PW-CP-16. Capo estilo tornillo para guitarra el\u00e9ctrica o ac\u00fastica de 6 cuerdas con diapas\u00f3n radial, el ajuste de la tensi\u00f3n del micr\u00f3metro asegura un rendimiento afinado y sin zumbidos en cada traste, operaci\u00f3n de una sola mano, construcci\u00f3n termopl\u00e1stica ABS moldeada y duradera, dise\u00f1o de Ned Steinberg.\" \/>\n<meta name=\"robots\" content=\"index, follow, max-snippet:-1, max-image-preview:large, max-video-preview:-1\" \/>\n<link rel=\"canonical\" href=\"https:\/\/www.mexicanguitarplayers.com\/en\/tienda\/accesorios\/para-guitarras\/capodastros\/capodastro-planet-wave-mod-pw-cp-16\/\" \/>\n<meta property=\"og:locale\" content=\"en_US\" \/>\n<meta property=\"og:type\" content=\"article\" \/>\n<meta property=\"og:title\" content=\"CAPODASTRO PLANET WAVE MOD. PW-CP-16 - Mexican Guitar Players\" \/>\n<meta property=\"og:description\" content=\"CAPODASTRO PLANET WAVE MOD. PW-CP-16. Capo estilo tornillo para guitarra el\u00e9ctrica o ac\u00fastica de 6 cuerdas con diapas\u00f3n radial, el ajuste de la tensi\u00f3n del micr\u00f3metro asegura un rendimiento afinado y sin zumbidos en cada traste, operaci\u00f3n de una sola mano, construcci\u00f3n termopl\u00e1stica ABS moldeada y duradera, dise\u00f1o de Ned Steinberg.\" \/>\n<meta property=\"og:url\" content=\"https:\/\/www.mexicanguitarplayers.com\/en\/tienda\/accesorios\/para-guitarras\/capodastros\/capodastro-planet-wave-mod-pw-cp-16\/\" \/>\n<meta property=\"og:site_name\" content=\"Mexican Guitar Players\" \/>\n<meta property=\"article:modified_time\" content=\"2026-04-10T10:54:57+00:00\" \/>\n<meta property=\"og:image\" content=\"https:\/\/www.mexicanguitarplayers.com\/wp-content\/uploads\/2022\/08\/RAPWAPWCP16.jpg\" \/>\n\t<meta property=\"og:image:width\" content=\"1200\" \/>\n\t<meta property=\"og:image:height\" content=\"1200\" \/>\n\t<meta property=\"og:image:type\" content=\"image\/jpeg\" \/>\n<meta name=\"twitter:card\" content=\"summary_large_image\" \/>\n<script type=\"application\/ld+json\" class=\"yoast-schema-graph\">{\"@context\":\"https:\\\/\\\/schema.org\",\"@graph\":[{\"@type\":[\"WebPage\",\"ItemPage\"],\"@id\":\"https:\\\/\\\/www.mexicanguitarplayers.com\\\/tienda\\\/accesorios\\\/para-guitarras\\\/capodastros\\\/capodastro-planet-wave-mod-pw-cp-16\\\/\",\"url\":\"https:\\\/\\\/www.mexicanguitarplayers.com\\\/tienda\\\/accesorios\\\/para-guitarras\\\/capodastros\\\/capodastro-planet-wave-mod-pw-cp-16\\\/\",\"name\":\"CAPODASTRO PLANET WAVE MOD. PW-CP-16 - Mexican Guitar Players\",\"isPartOf\":{\"@id\":\"https:\\\/\\\/www.mexicanguitarplayers.com\\\/#website\"},\"primaryImageOfPage\":{\"@id\":\"https:\\\/\\\/www.mexicanguitarplayers.com\\\/tienda\\\/accesorios\\\/para-guitarras\\\/capodastros\\\/capodastro-planet-wave-mod-pw-cp-16\\\/#primaryimage\"},\"image\":{\"@id\":\"https:\\\/\\\/www.mexicanguitarplayers.com\\\/tienda\\\/accesorios\\\/para-guitarras\\\/capodastros\\\/capodastro-planet-wave-mod-pw-cp-16\\\/#primaryimage\"},\"thumbnailUrl\":\"https:\\\/\\\/www.mexicanguitarplayers.com\\\/wp-content\\\/uploads\\\/2022\\\/08\\\/RAPWAPWCP16.jpg\",\"datePublished\":\"2022-08-19T02:03:03+00:00\",\"dateModified\":\"2026-04-10T10:54:57+00:00\",\"description\":\"CAPODASTRO PLANET WAVE MOD. PW-CP-16. Capo estilo tornillo para guitarra el\u00e9ctrica o ac\u00fastica de 6 cuerdas con diapas\u00f3n radial, el ajuste de la tensi\u00f3n del micr\u00f3metro asegura un rendimiento afinado y sin zumbidos en cada traste, operaci\u00f3n de una sola mano, construcci\u00f3n termopl\u00e1stica ABS moldeada y duradera, dise\u00f1o de Ned Steinberg.\",\"breadcrumb\":{\"@id\":\"https:\\\/\\\/www.mexicanguitarplayers.com\\\/tienda\\\/accesorios\\\/para-guitarras\\\/capodastros\\\/capodastro-planet-wave-mod-pw-cp-16\\\/#breadcrumb\"},\"inLanguage\":\"en-US\",\"potentialAction\":[{\"@type\":\"ReadAction\",\"target\":[\"https:\\\/\\\/www.mexicanguitarplayers.com\\\/tienda\\\/accesorios\\\/para-guitarras\\\/capodastros\\\/capodastro-planet-wave-mod-pw-cp-16\\\/\"]}]},{\"@type\":\"ImageObject\",\"inLanguage\":\"en-US\",\"@id\":\"https:\\\/\\\/www.mexicanguitarplayers.com\\\/tienda\\\/accesorios\\\/para-guitarras\\\/capodastros\\\/capodastro-planet-wave-mod-pw-cp-16\\\/#primaryimage\",\"url\":\"https:\\\/\\\/www.mexicanguitarplayers.com\\\/wp-content\\\/uploads\\\/2022\\\/08\\\/RAPWAPWCP16.jpg\",\"contentUrl\":\"https:\\\/\\\/www.mexicanguitarplayers.com\\\/wp-content\\\/uploads\\\/2022\\\/08\\\/RAPWAPWCP16.jpg\",\"width\":1200,\"height\":1200},{\"@type\":\"BreadcrumbList\",\"@id\":\"https:\\\/\\\/www.mexicanguitarplayers.com\\\/tienda\\\/accesorios\\\/para-guitarras\\\/capodastros\\\/capodastro-planet-wave-mod-pw-cp-16\\\/#breadcrumb\",\"itemListElement\":[{\"@type\":\"ListItem\",\"position\":1,\"name\":\"Portada\",\"item\":\"https:\\\/\\\/www.mexicanguitarplayers.com\\\/\"},{\"@type\":\"ListItem\",\"position\":2,\"name\":\"Tienda\",\"item\":\"https:\\\/\\\/www.mexicanguitarplayers.com\\\/tienda\\\/\"},{\"@type\":\"ListItem\",\"position\":3,\"name\":\"CAPODASTRO PLANET WAVE MOD. PW-CP-16\"}]},{\"@type\":\"WebSite\",\"@id\":\"https:\\\/\\\/www.mexicanguitarplayers.com\\\/#website\",\"url\":\"https:\\\/\\\/www.mexicanguitarplayers.com\\\/\",\"name\":\"Mexican Guitar Players\",\"description\":\"Website\",\"publisher\":{\"@id\":\"https:\\\/\\\/www.mexicanguitarplayers.com\\\/#organization\"},\"potentialAction\":[{\"@type\":\"SearchAction\",\"target\":{\"@type\":\"EntryPoint\",\"urlTemplate\":\"https:\\\/\\\/www.mexicanguitarplayers.com\\\/?s={search_term_string}\"},\"query-input\":{\"@type\":\"PropertyValueSpecification\",\"valueRequired\":true,\"valueName\":\"search_term_string\"}}],\"inLanguage\":\"en-US\"},{\"@type\":\"Organization\",\"@id\":\"https:\\\/\\\/www.mexicanguitarplayers.com\\\/#organization\",\"name\":\"Mexican Guitar Players\",\"url\":\"https:\\\/\\\/www.mexicanguitarplayers.com\\\/\",\"logo\":{\"@type\":\"ImageObject\",\"inLanguage\":\"en-US\",\"@id\":\"https:\\\/\\\/www.mexicanguitarplayers.com\\\/#\\\/schema\\\/logo\\\/image\\\/\",\"url\":\"\",\"contentUrl\":\"\",\"caption\":\"Mexican Guitar Players\"},\"image\":{\"@id\":\"https:\\\/\\\/www.mexicanguitarplayers.com\\\/#\\\/schema\\\/logo\\\/image\\\/\"}}]}<\/script>\n<!-- \/ Yoast SEO plugin. -->","yoast_head_json":{"title":"CAPODASTRO PLANET WAVE MOD. PW-CP-16 - Mexican Guitar Players","description":"CAPODASTRO PLANET WAVE MOD. PW-CP-16. Capo estilo tornillo para guitarra el\u00e9ctrica o ac\u00fastica de 6 cuerdas con diapas\u00f3n radial, el ajuste de la tensi\u00f3n del micr\u00f3metro asegura un rendimiento afinado y sin zumbidos en cada traste, operaci\u00f3n de una sola mano, construcci\u00f3n termopl\u00e1stica ABS moldeada y duradera, dise\u00f1o de Ned Steinberg.","robots":{"index":"index","follow":"follow","max-snippet":"max-snippet:-1","max-image-preview":"max-image-preview:large","max-video-preview":"max-video-preview:-1"},"canonical":"https:\/\/www.mexicanguitarplayers.com\/en\/tienda\/accesorios\/para-guitarras\/capodastros\/capodastro-planet-wave-mod-pw-cp-16\/","og_locale":"en_US","og_type":"article","og_title":"CAPODASTRO PLANET WAVE MOD. PW-CP-16 - Mexican Guitar Players","og_description":"CAPODASTRO PLANET WAVE MOD. PW-CP-16. Capo estilo tornillo para guitarra el\u00e9ctrica o ac\u00fastica de 6 cuerdas con diapas\u00f3n radial, el ajuste de la tensi\u00f3n del micr\u00f3metro asegura un rendimiento afinado y sin zumbidos en cada traste, operaci\u00f3n de una sola mano, construcci\u00f3n termopl\u00e1stica ABS moldeada y duradera, dise\u00f1o de Ned Steinberg.","og_url":"https:\/\/www.mexicanguitarplayers.com\/en\/tienda\/accesorios\/para-guitarras\/capodastros\/capodastro-planet-wave-mod-pw-cp-16\/","og_site_name":"Mexican Guitar Players","article_modified_time":"2026-04-10T10:54:57+00:00","og_image":[{"width":1200,"height":1200,"url":"https:\/\/www.mexicanguitarplayers.com\/wp-content\/uploads\/2022\/08\/RAPWAPWCP16.jpg","type":"image\/jpeg"}],"twitter_card":"summary_large_image","schema":{"@context":"https:\/\/schema.org","@graph":[{"@type":["WebPage","ItemPage"],"@id":"https:\/\/www.mexicanguitarplayers.com\/tienda\/accesorios\/para-guitarras\/capodastros\/capodastro-planet-wave-mod-pw-cp-16\/","url":"https:\/\/www.mexicanguitarplayers.com\/tienda\/accesorios\/para-guitarras\/capodastros\/capodastro-planet-wave-mod-pw-cp-16\/","name":"CAPODASTRO PLANET WAVE MOD. PW-CP-16 - Mexican Guitar Players","isPartOf":{"@id":"https:\/\/www.mexicanguitarplayers.com\/#website"},"primaryImageOfPage":{"@id":"https:\/\/www.mexicanguitarplayers.com\/tienda\/accesorios\/para-guitarras\/capodastros\/capodastro-planet-wave-mod-pw-cp-16\/#primaryimage"},"image":{"@id":"https:\/\/www.mexicanguitarplayers.com\/tienda\/accesorios\/para-guitarras\/capodastros\/capodastro-planet-wave-mod-pw-cp-16\/#primaryimage"},"thumbnailUrl":"https:\/\/www.mexicanguitarplayers.com\/wp-content\/uploads\/2022\/08\/RAPWAPWCP16.jpg","datePublished":"2022-08-19T02:03:03+00:00","dateModified":"2026-04-10T10:54:57+00:00","description":"CAPODASTRO PLANET WAVE MOD. PW-CP-16. Capo estilo tornillo para guitarra el\u00e9ctrica o ac\u00fastica de 6 cuerdas con diapas\u00f3n radial, el ajuste de la tensi\u00f3n del micr\u00f3metro asegura un rendimiento afinado y sin zumbidos en cada traste, operaci\u00f3n de una sola mano, construcci\u00f3n termopl\u00e1stica ABS moldeada y duradera, dise\u00f1o de Ned Steinberg.","breadcrumb":{"@id":"https:\/\/www.mexicanguitarplayers.com\/tienda\/accesorios\/para-guitarras\/capodastros\/capodastro-planet-wave-mod-pw-cp-16\/#breadcrumb"},"inLanguage":"en-US","potentialAction":[{"@type":"ReadAction","target":["https:\/\/www.mexicanguitarplayers.com\/tienda\/accesorios\/para-guitarras\/capodastros\/capodastro-planet-wave-mod-pw-cp-16\/"]}]},{"@type":"ImageObject","inLanguage":"en-US","@id":"https:\/\/www.mexicanguitarplayers.com\/tienda\/accesorios\/para-guitarras\/capodastros\/capodastro-planet-wave-mod-pw-cp-16\/#primaryimage","url":"https:\/\/www.mexicanguitarplayers.com\/wp-content\/uploads\/2022\/08\/RAPWAPWCP16.jpg","contentUrl":"https:\/\/www.mexicanguitarplayers.com\/wp-content\/uploads\/2022\/08\/RAPWAPWCP16.jpg","width":1200,"height":1200},{"@type":"BreadcrumbList","@id":"https:\/\/www.mexicanguitarplayers.com\/tienda\/accesorios\/para-guitarras\/capodastros\/capodastro-planet-wave-mod-pw-cp-16\/#breadcrumb","itemListElement":[{"@type":"ListItem","position":1,"name":"Portada","item":"https:\/\/www.mexicanguitarplayers.com\/"},{"@type":"ListItem","position":2,"name":"Tienda","item":"https:\/\/www.mexicanguitarplayers.com\/tienda\/"},{"@type":"ListItem","position":3,"name":"CAPODASTRO PLANET WAVE MOD. PW-CP-16"}]},{"@type":"WebSite","@id":"https:\/\/www.mexicanguitarplayers.com\/#website","url":"https:\/\/www.mexicanguitarplayers.com\/","name":"Mexican Guitar Players","description":"Website","publisher":{"@id":"https:\/\/www.mexicanguitarplayers.com\/#organization"},"potentialAction":[{"@type":"SearchAction","target":{"@type":"EntryPoint","urlTemplate":"https:\/\/www.mexicanguitarplayers.com\/?s={search_term_string}"},"query-input":{"@type":"PropertyValueSpecification","valueRequired":true,"valueName":"search_term_string"}}],"inLanguage":"en-US"},{"@type":"Organization","@id":"https:\/\/www.mexicanguitarplayers.com\/#organization","name":"Mexican Guitar Players","url":"https:\/\/www.mexicanguitarplayers.com\/","logo":{"@type":"ImageObject","inLanguage":"en-US","@id":"https:\/\/www.mexicanguitarplayers.com\/#\/schema\/logo\/image\/","url":"","contentUrl":"","caption":"Mexican Guitar Players"},"image":{"@id":"https:\/\/www.mexicanguitarplayers.com\/#\/schema\/logo\/image\/"}}]}},"brands":[{"id":604,"name":"PLANET WAVES","slug":"planet-waves"}],"_links":{"self":[{"href":"https:\/\/www.mexicanguitarplayers.com\/en\/wp-json\/wp\/v2\/product\/19669","targetHints":{"allow":["GET"]}}],"collection":[{"href":"https:\/\/www.mexicanguitarplayers.com\/en\/wp-json\/wp\/v2\/product"}],"about":[{"href":"https:\/\/www.mexicanguitarplayers.com\/en\/wp-json\/wp\/v2\/types\/product"}],"replies":[{"embeddable":true,"href":"https:\/\/www.mexicanguitarplayers.com\/en\/wp-json\/wp\/v2\/comments?post=19669"}],"wp:featuredmedia":[{"embeddable":true,"href":"https:\/\/www.mexicanguitarplayers.com\/en\/wp-json\/wp\/v2\/media\/19667"}],"wp:attachment":[{"href":"https:\/\/www.mexicanguitarplayers.com\/en\/wp-json\/wp\/v2\/media?parent=19669"}],"wp:term":[{"taxonomy":"pwb-brand","embeddable":true,"href":"https:\/\/www.mexicanguitarplayers.com\/en\/wp-json\/wp\/v2\/pwb-brand?post=19669"},{"taxonomy":"product_brand","embeddable":true,"href":"https:\/\/www.mexicanguitarplayers.com\/en\/wp-json\/wp\/v2\/product_brand?post=19669"},{"taxonomy":"product_cat","embeddable":true,"href":"https:\/\/www.mexicanguitarplayers.com\/en\/wp-json\/wp\/v2\/product_cat?post=19669"},{"taxonomy":"product_tag","embeddable":true,"href":"https:\/\/www.mexicanguitarplayers.com\/en\/wp-json\/wp\/v2\/product_tag?post=19669"}],"curies":[{"name":"wp","href":"https:\/\/api.w.org\/{rel}","templated":true}]}}