{"id":19683,"date":"2022-08-18T21:03:24","date_gmt":"2022-08-19T02:03:24","guid":{"rendered":"https:\/\/www.mexicanguitarplayers.com\/tienda\/sin%20categor\u00eda\/capodastro-planet-wave-mod-pw-cp-19s\/"},"modified":"2026-04-10T04:54:56","modified_gmt":"2026-04-10T10:54:56","slug":"capodastro-planet-wave-mod-pw-cp-19s","status":"publish","type":"product","link":"https:\/\/www.mexicanguitarplayers.com\/en\/tienda\/accesorios\/para-guitarras\/capodastros\/capodastro-planet-wave-mod-pw-cp-19s\/","title":{"rendered":"CAPODASTER PLANET WAVE MOD. PW-CP-19S"},"content":{"rendered":"<div style=\"text-align: justify\">\n<div>\n<h3>CAPODASTER PLANET WAVE MOD. PW-CP-19S<\/h3>\n<\/div>\n<div>Metallic Capodastro, Finished in Silver Color, Mimics the Anatomy of the Human Finger, Does Not Generate Unwanted Buzz, Muted Strings, or Tuning Issues, Patented FlexFit Technology, Works on Virtually All Guitars, Including Flat-Fingerboard Classical Guitars to Electric Guitars with a 7\u201d fingerboard radius.<\/div>\n<\/div>","protected":false},"excerpt":{"rendered":"<p>Capodastro met\u00e1lico, terminado en color plata, imita la anatom\u00eda del dedo humano, no genera zumbidos no deseados, cuerdas silenciadas o problemas de afinaci\u00f3n, tecnolog\u00eda patentada FlexFit, funciona en pr\u00e1cticamente todas las guitarras, incluyendo guitarras cl\u00e1sicas de diapas\u00f3n plano hasta guitarras el\u00e9ctricas con un radio de diapas\u00f3n de 7\u201d.&hellip; <a class=\"kt-excerpt-readmore more-link\" href=\"https:\/\/www.mexicanguitarplayers.com\/en\/tienda\/accesorios\/para-guitarras\/capodastros\/capodastro-planet-wave-mod-pw-cp-19s\/\">Read more<\/a><\/p>","protected":false},"featured_media":19678,"comment_status":"open","ping_status":"closed","template":"","meta":{"kt_blocks_editor_width":""},"pwb-brand":[604],"product_brand":[],"product_cat":[85,613,336],"product_tag":[],"class_list":{"0":"post-19683","1":"product","2":"type-product","3":"status-publish","4":"has-post-thumbnail","6":"pwb-brand-planet-waves","7":"product_cat-accesorios","8":"product_cat-capodastros","9":"product_cat-para-guitarras","10":"product_shipping_class-0-5-kg","12":"first","13":"outofstock","14":"taxable","15":"shipping-taxable","16":"purchasable","17":"product-type-simple"},"yoast_head":"<!-- This site is optimized with the Yoast SEO plugin v27.6 - https:\/\/yoast.com\/product\/yoast-seo-wordpress\/ -->\n<title>CAPODASTRO PLANET WAVE MOD. PW-CP-19S - Mexican Guitar Players<\/title>\n<meta name=\"description\" content=\"CAPODASTRO PLANET WAVE MOD. PW-CP-19S. Capodastro met\u00e1lico, terminado en color plata, imita la anatom\u00eda del dedo humano, no genera zumbidos no deseados, cuerdas silenciadas o problemas de afinaci\u00f3n, tecnolog\u00eda patentada FlexFit, funciona en pr\u00e1cticamente todas las guitarras, incluyendo guitarras cl\u00e1sicas de diapas\u00f3n plano hasta guitarras el\u00e9ctricas con un radio de diapas\u00f3n de 7\u201d.\" \/>\n<meta name=\"robots\" content=\"index, follow, max-snippet:-1, max-image-preview:large, max-video-preview:-1\" \/>\n<link rel=\"canonical\" href=\"https:\/\/www.mexicanguitarplayers.com\/en\/tienda\/accesorios\/para-guitarras\/capodastros\/capodastro-planet-wave-mod-pw-cp-19s\/\" \/>\n<meta property=\"og:locale\" content=\"en_US\" \/>\n<meta property=\"og:type\" content=\"article\" \/>\n<meta property=\"og:title\" content=\"CAPODASTRO PLANET WAVE MOD. PW-CP-19S - Mexican Guitar Players\" \/>\n<meta property=\"og:description\" content=\"CAPODASTRO PLANET WAVE MOD. PW-CP-19S. Capodastro met\u00e1lico, terminado en color plata, imita la anatom\u00eda del dedo humano, no genera zumbidos no deseados, cuerdas silenciadas o problemas de afinaci\u00f3n, tecnolog\u00eda patentada FlexFit, funciona en pr\u00e1cticamente todas las guitarras, incluyendo guitarras cl\u00e1sicas de diapas\u00f3n plano hasta guitarras el\u00e9ctricas con un radio de diapas\u00f3n de 7\u201d.\" \/>\n<meta property=\"og:url\" content=\"https:\/\/www.mexicanguitarplayers.com\/en\/tienda\/accesorios\/para-guitarras\/capodastros\/capodastro-planet-wave-mod-pw-cp-19s\/\" \/>\n<meta property=\"og:site_name\" content=\"Mexican Guitar Players\" \/>\n<meta property=\"article:modified_time\" content=\"2026-04-10T10:54:56+00:00\" \/>\n<meta property=\"og:image\" content=\"https:\/\/www.mexicanguitarplayers.com\/wp-content\/uploads\/2022\/08\/RAPWAPWCP19S.jpg\" \/>\n\t<meta property=\"og:image:width\" content=\"1200\" \/>\n\t<meta property=\"og:image:height\" content=\"1200\" \/>\n\t<meta property=\"og:image:type\" content=\"image\/jpeg\" \/>\n<meta name=\"twitter:card\" content=\"summary_large_image\" \/>\n<script type=\"application\/ld+json\" class=\"yoast-schema-graph\">{\"@context\":\"https:\\\/\\\/schema.org\",\"@graph\":[{\"@type\":[\"WebPage\",\"ItemPage\"],\"@id\":\"https:\\\/\\\/www.mexicanguitarplayers.com\\\/tienda\\\/accesorios\\\/para-guitarras\\\/capodastros\\\/capodastro-planet-wave-mod-pw-cp-19s\\\/\",\"url\":\"https:\\\/\\\/www.mexicanguitarplayers.com\\\/tienda\\\/accesorios\\\/para-guitarras\\\/capodastros\\\/capodastro-planet-wave-mod-pw-cp-19s\\\/\",\"name\":\"CAPODASTRO PLANET WAVE MOD. PW-CP-19S - Mexican Guitar Players\",\"isPartOf\":{\"@id\":\"https:\\\/\\\/www.mexicanguitarplayers.com\\\/#website\"},\"primaryImageOfPage\":{\"@id\":\"https:\\\/\\\/www.mexicanguitarplayers.com\\\/tienda\\\/accesorios\\\/para-guitarras\\\/capodastros\\\/capodastro-planet-wave-mod-pw-cp-19s\\\/#primaryimage\"},\"image\":{\"@id\":\"https:\\\/\\\/www.mexicanguitarplayers.com\\\/tienda\\\/accesorios\\\/para-guitarras\\\/capodastros\\\/capodastro-planet-wave-mod-pw-cp-19s\\\/#primaryimage\"},\"thumbnailUrl\":\"https:\\\/\\\/www.mexicanguitarplayers.com\\\/wp-content\\\/uploads\\\/2022\\\/08\\\/RAPWAPWCP19S.jpg\",\"datePublished\":\"2022-08-19T02:03:24+00:00\",\"dateModified\":\"2026-04-10T10:54:56+00:00\",\"description\":\"CAPODASTRO PLANET WAVE MOD. PW-CP-19S. Capodastro met\u00e1lico, terminado en color plata, imita la anatom\u00eda del dedo humano, no genera zumbidos no deseados, cuerdas silenciadas o problemas de afinaci\u00f3n, tecnolog\u00eda patentada FlexFit, funciona en pr\u00e1cticamente todas las guitarras, incluyendo guitarras cl\u00e1sicas de diapas\u00f3n plano hasta guitarras el\u00e9ctricas con un radio de diapas\u00f3n de 7\u201d.\",\"breadcrumb\":{\"@id\":\"https:\\\/\\\/www.mexicanguitarplayers.com\\\/tienda\\\/accesorios\\\/para-guitarras\\\/capodastros\\\/capodastro-planet-wave-mod-pw-cp-19s\\\/#breadcrumb\"},\"inLanguage\":\"en-US\",\"potentialAction\":[{\"@type\":\"ReadAction\",\"target\":[\"https:\\\/\\\/www.mexicanguitarplayers.com\\\/tienda\\\/accesorios\\\/para-guitarras\\\/capodastros\\\/capodastro-planet-wave-mod-pw-cp-19s\\\/\"]}]},{\"@type\":\"ImageObject\",\"inLanguage\":\"en-US\",\"@id\":\"https:\\\/\\\/www.mexicanguitarplayers.com\\\/tienda\\\/accesorios\\\/para-guitarras\\\/capodastros\\\/capodastro-planet-wave-mod-pw-cp-19s\\\/#primaryimage\",\"url\":\"https:\\\/\\\/www.mexicanguitarplayers.com\\\/wp-content\\\/uploads\\\/2022\\\/08\\\/RAPWAPWCP19S.jpg\",\"contentUrl\":\"https:\\\/\\\/www.mexicanguitarplayers.com\\\/wp-content\\\/uploads\\\/2022\\\/08\\\/RAPWAPWCP19S.jpg\",\"width\":1200,\"height\":1200},{\"@type\":\"BreadcrumbList\",\"@id\":\"https:\\\/\\\/www.mexicanguitarplayers.com\\\/tienda\\\/accesorios\\\/para-guitarras\\\/capodastros\\\/capodastro-planet-wave-mod-pw-cp-19s\\\/#breadcrumb\",\"itemListElement\":[{\"@type\":\"ListItem\",\"position\":1,\"name\":\"Portada\",\"item\":\"https:\\\/\\\/www.mexicanguitarplayers.com\\\/\"},{\"@type\":\"ListItem\",\"position\":2,\"name\":\"Tienda\",\"item\":\"https:\\\/\\\/www.mexicanguitarplayers.com\\\/tienda\\\/\"},{\"@type\":\"ListItem\",\"position\":3,\"name\":\"CAPODASTRO PLANET WAVE MOD. PW-CP-19S\"}]},{\"@type\":\"WebSite\",\"@id\":\"https:\\\/\\\/www.mexicanguitarplayers.com\\\/#website\",\"url\":\"https:\\\/\\\/www.mexicanguitarplayers.com\\\/\",\"name\":\"Mexican Guitar Players\",\"description\":\"Website\",\"publisher\":{\"@id\":\"https:\\\/\\\/www.mexicanguitarplayers.com\\\/#organization\"},\"potentialAction\":[{\"@type\":\"SearchAction\",\"target\":{\"@type\":\"EntryPoint\",\"urlTemplate\":\"https:\\\/\\\/www.mexicanguitarplayers.com\\\/?s={search_term_string}\"},\"query-input\":{\"@type\":\"PropertyValueSpecification\",\"valueRequired\":true,\"valueName\":\"search_term_string\"}}],\"inLanguage\":\"en-US\"},{\"@type\":\"Organization\",\"@id\":\"https:\\\/\\\/www.mexicanguitarplayers.com\\\/#organization\",\"name\":\"Mexican Guitar Players\",\"url\":\"https:\\\/\\\/www.mexicanguitarplayers.com\\\/\",\"logo\":{\"@type\":\"ImageObject\",\"inLanguage\":\"en-US\",\"@id\":\"https:\\\/\\\/www.mexicanguitarplayers.com\\\/#\\\/schema\\\/logo\\\/image\\\/\",\"url\":\"\",\"contentUrl\":\"\",\"caption\":\"Mexican Guitar Players\"},\"image\":{\"@id\":\"https:\\\/\\\/www.mexicanguitarplayers.com\\\/#\\\/schema\\\/logo\\\/image\\\/\"}}]}<\/script>\n<!-- \/ Yoast SEO plugin. -->","yoast_head_json":{"title":"CAPODASTRO PLANET WAVE MOD. PW-CP-19S - Mexican Guitar Players","description":"CAPODASTRO PLANET WAVE MOD. PW-CP-19S. Capodastro met\u00e1lico, terminado en color plata, imita la anatom\u00eda del dedo humano, no genera zumbidos no deseados, cuerdas silenciadas o problemas de afinaci\u00f3n, tecnolog\u00eda patentada FlexFit, funciona en pr\u00e1cticamente todas las guitarras, incluyendo guitarras cl\u00e1sicas de diapas\u00f3n plano hasta guitarras el\u00e9ctricas con un radio de diapas\u00f3n de 7\u201d.","robots":{"index":"index","follow":"follow","max-snippet":"max-snippet:-1","max-image-preview":"max-image-preview:large","max-video-preview":"max-video-preview:-1"},"canonical":"https:\/\/www.mexicanguitarplayers.com\/en\/tienda\/accesorios\/para-guitarras\/capodastros\/capodastro-planet-wave-mod-pw-cp-19s\/","og_locale":"en_US","og_type":"article","og_title":"CAPODASTRO PLANET WAVE MOD. PW-CP-19S - Mexican Guitar Players","og_description":"CAPODASTRO PLANET WAVE MOD. PW-CP-19S. Capodastro met\u00e1lico, terminado en color plata, imita la anatom\u00eda del dedo humano, no genera zumbidos no deseados, cuerdas silenciadas o problemas de afinaci\u00f3n, tecnolog\u00eda patentada FlexFit, funciona en pr\u00e1cticamente todas las guitarras, incluyendo guitarras cl\u00e1sicas de diapas\u00f3n plano hasta guitarras el\u00e9ctricas con un radio de diapas\u00f3n de 7\u201d.","og_url":"https:\/\/www.mexicanguitarplayers.com\/en\/tienda\/accesorios\/para-guitarras\/capodastros\/capodastro-planet-wave-mod-pw-cp-19s\/","og_site_name":"Mexican Guitar Players","article_modified_time":"2026-04-10T10:54:56+00:00","og_image":[{"width":1200,"height":1200,"url":"https:\/\/www.mexicanguitarplayers.com\/wp-content\/uploads\/2022\/08\/RAPWAPWCP19S.jpg","type":"image\/jpeg"}],"twitter_card":"summary_large_image","schema":{"@context":"https:\/\/schema.org","@graph":[{"@type":["WebPage","ItemPage"],"@id":"https:\/\/www.mexicanguitarplayers.com\/tienda\/accesorios\/para-guitarras\/capodastros\/capodastro-planet-wave-mod-pw-cp-19s\/","url":"https:\/\/www.mexicanguitarplayers.com\/tienda\/accesorios\/para-guitarras\/capodastros\/capodastro-planet-wave-mod-pw-cp-19s\/","name":"CAPODASTRO PLANET WAVE MOD. PW-CP-19S - Mexican Guitar Players","isPartOf":{"@id":"https:\/\/www.mexicanguitarplayers.com\/#website"},"primaryImageOfPage":{"@id":"https:\/\/www.mexicanguitarplayers.com\/tienda\/accesorios\/para-guitarras\/capodastros\/capodastro-planet-wave-mod-pw-cp-19s\/#primaryimage"},"image":{"@id":"https:\/\/www.mexicanguitarplayers.com\/tienda\/accesorios\/para-guitarras\/capodastros\/capodastro-planet-wave-mod-pw-cp-19s\/#primaryimage"},"thumbnailUrl":"https:\/\/www.mexicanguitarplayers.com\/wp-content\/uploads\/2022\/08\/RAPWAPWCP19S.jpg","datePublished":"2022-08-19T02:03:24+00:00","dateModified":"2026-04-10T10:54:56+00:00","description":"CAPODASTRO PLANET WAVE MOD. PW-CP-19S. Capodastro met\u00e1lico, terminado en color plata, imita la anatom\u00eda del dedo humano, no genera zumbidos no deseados, cuerdas silenciadas o problemas de afinaci\u00f3n, tecnolog\u00eda patentada FlexFit, funciona en pr\u00e1cticamente todas las guitarras, incluyendo guitarras cl\u00e1sicas de diapas\u00f3n plano hasta guitarras el\u00e9ctricas con un radio de diapas\u00f3n de 7\u201d.","breadcrumb":{"@id":"https:\/\/www.mexicanguitarplayers.com\/tienda\/accesorios\/para-guitarras\/capodastros\/capodastro-planet-wave-mod-pw-cp-19s\/#breadcrumb"},"inLanguage":"en-US","potentialAction":[{"@type":"ReadAction","target":["https:\/\/www.mexicanguitarplayers.com\/tienda\/accesorios\/para-guitarras\/capodastros\/capodastro-planet-wave-mod-pw-cp-19s\/"]}]},{"@type":"ImageObject","inLanguage":"en-US","@id":"https:\/\/www.mexicanguitarplayers.com\/tienda\/accesorios\/para-guitarras\/capodastros\/capodastro-planet-wave-mod-pw-cp-19s\/#primaryimage","url":"https:\/\/www.mexicanguitarplayers.com\/wp-content\/uploads\/2022\/08\/RAPWAPWCP19S.jpg","contentUrl":"https:\/\/www.mexicanguitarplayers.com\/wp-content\/uploads\/2022\/08\/RAPWAPWCP19S.jpg","width":1200,"height":1200},{"@type":"BreadcrumbList","@id":"https:\/\/www.mexicanguitarplayers.com\/tienda\/accesorios\/para-guitarras\/capodastros\/capodastro-planet-wave-mod-pw-cp-19s\/#breadcrumb","itemListElement":[{"@type":"ListItem","position":1,"name":"Portada","item":"https:\/\/www.mexicanguitarplayers.com\/"},{"@type":"ListItem","position":2,"name":"Tienda","item":"https:\/\/www.mexicanguitarplayers.com\/tienda\/"},{"@type":"ListItem","position":3,"name":"CAPODASTRO PLANET WAVE MOD. PW-CP-19S"}]},{"@type":"WebSite","@id":"https:\/\/www.mexicanguitarplayers.com\/#website","url":"https:\/\/www.mexicanguitarplayers.com\/","name":"Mexican Guitar Players","description":"Website","publisher":{"@id":"https:\/\/www.mexicanguitarplayers.com\/#organization"},"potentialAction":[{"@type":"SearchAction","target":{"@type":"EntryPoint","urlTemplate":"https:\/\/www.mexicanguitarplayers.com\/?s={search_term_string}"},"query-input":{"@type":"PropertyValueSpecification","valueRequired":true,"valueName":"search_term_string"}}],"inLanguage":"en-US"},{"@type":"Organization","@id":"https:\/\/www.mexicanguitarplayers.com\/#organization","name":"Mexican Guitar Players","url":"https:\/\/www.mexicanguitarplayers.com\/","logo":{"@type":"ImageObject","inLanguage":"en-US","@id":"https:\/\/www.mexicanguitarplayers.com\/#\/schema\/logo\/image\/","url":"","contentUrl":"","caption":"Mexican Guitar Players"},"image":{"@id":"https:\/\/www.mexicanguitarplayers.com\/#\/schema\/logo\/image\/"}}]}},"brands":[{"id":604,"name":"PLANET WAVES","slug":"planet-waves"}],"_links":{"self":[{"href":"https:\/\/www.mexicanguitarplayers.com\/en\/wp-json\/wp\/v2\/product\/19683","targetHints":{"allow":["GET"]}}],"collection":[{"href":"https:\/\/www.mexicanguitarplayers.com\/en\/wp-json\/wp\/v2\/product"}],"about":[{"href":"https:\/\/www.mexicanguitarplayers.com\/en\/wp-json\/wp\/v2\/types\/product"}],"replies":[{"embeddable":true,"href":"https:\/\/www.mexicanguitarplayers.com\/en\/wp-json\/wp\/v2\/comments?post=19683"}],"wp:featuredmedia":[{"embeddable":true,"href":"https:\/\/www.mexicanguitarplayers.com\/en\/wp-json\/wp\/v2\/media\/19678"}],"wp:attachment":[{"href":"https:\/\/www.mexicanguitarplayers.com\/en\/wp-json\/wp\/v2\/media?parent=19683"}],"wp:term":[{"taxonomy":"pwb-brand","embeddable":true,"href":"https:\/\/www.mexicanguitarplayers.com\/en\/wp-json\/wp\/v2\/pwb-brand?post=19683"},{"taxonomy":"product_brand","embeddable":true,"href":"https:\/\/www.mexicanguitarplayers.com\/en\/wp-json\/wp\/v2\/product_brand?post=19683"},{"taxonomy":"product_cat","embeddable":true,"href":"https:\/\/www.mexicanguitarplayers.com\/en\/wp-json\/wp\/v2\/product_cat?post=19683"},{"taxonomy":"product_tag","embeddable":true,"href":"https:\/\/www.mexicanguitarplayers.com\/en\/wp-json\/wp\/v2\/product_tag?post=19683"}],"curies":[{"name":"wp","href":"https:\/\/api.w.org\/{rel}","templated":true}]}}