{"id":19695,"date":"2022-08-18T21:03:41","date_gmt":"2022-08-19T02:03:41","guid":{"rendered":"https:\/\/www.mexicanguitarplayers.com\/tienda\/sin%20categor\u00eda\/cable-planet-wave-bocina-pw-cspk-10\/"},"modified":"2025-05-09T07:40:31","modified_gmt":"2025-05-09T13:40:31","slug":"cable-planet-wave-bocina-pw-cspk-10","status":"publish","type":"product","link":"https:\/\/www.mexicanguitarplayers.com\/en\/tienda\/audio\/cables\/cables-armados\/cables-para-bocina-cables-armados\/cable-planet-wave-bocina-pw-cspk-10\/","title":{"rendered":"PLANET WAVE HORN CABLE PW-CSPK-10"},"content":{"rendered":"<div style=\"text-align: justify\">\n<div>\n<h3>PLANET WAVE HORN CABLE PW-CSPK-10<\/h3>\n<\/div>\n<div>Speaker Wire, Custom Series, 10 Feet (3 Meters), Ideal for Longer Runs Like Recording Studios and Large Stages, Ultra-Fine Copper Conductors, Stranded, 16 AWG Gauge, Maximum Flexibility, High Signal Transfer, Single Plug molded with strain relief, full durability and reliability, 90% spiral shielding, eliminates all noise caused by instrument handling, 1\/4-inch connectors for standard amplifiers and cabinets.<\/div>\n<\/div>","protected":false},"excerpt":{"rendered":"<p>Cable para bocina, serie Custom, 10 pies (3 metros), ideal para tramos m\u00e1s largos, como estudios de grabaci\u00f3n y escenarios grandes, conductores de cobre ultra fino, trenzado, calibre 16 AWG, m\u00e1xima flexibilidad, gran transferencia de se\u00f1al, conector individual moldeado con alivio de tensi\u00f3n, durabilidad y confiabilidad plena, 90% de blindaje en espiral, elimina todos los ruidos provocados por la manipulaci\u00f3n del instrumento, conectores de 1\/4\u201d de pulgada para amplificadores y gabinetes est\u00e1ndar.&hellip; <a class=\"kt-excerpt-readmore more-link\" href=\"https:\/\/www.mexicanguitarplayers.com\/en\/tienda\/audio\/cables\/cables-armados\/cables-para-bocina-cables-armados\/cable-planet-wave-bocina-pw-cspk-10\/\">Read more<\/a><\/p>","protected":false},"featured_media":19694,"comment_status":"open","ping_status":"closed","template":"","meta":{"kt_blocks_editor_width":""},"pwb-brand":[604],"product_brand":[],"product_cat":[213,358,359,630],"product_tag":[],"class_list":{"0":"post-19695","1":"product","2":"type-product","3":"status-publish","4":"has-post-thumbnail","6":"pwb-brand-planet-waves","7":"product_cat-audio","8":"product_cat-cables","9":"product_cat-cables-armados","10":"product_cat-cables-para-bocina-cables-armados","11":"product_shipping_class-0-5-kg","13":"first","14":"outofstock","15":"taxable","16":"shipping-taxable","17":"purchasable","18":"product-type-simple"},"yoast_head":"<!-- This site is optimized with the Yoast SEO plugin v27.3 - https:\/\/yoast.com\/product\/yoast-seo-wordpress\/ -->\n<title>CABLE PLANET WAVE BOCINA PW-CSPK-10 - Mexican Guitar Players<\/title>\n<meta name=\"description\" content=\"CABLE PLANET WAVE BOCINA PW-CSPK-10. Cable para bocina, serie Custom, 10 pies (3 metros), ideal para tramos m\u00e1s largos, como estudios de grabaci\u00f3n y escenarios grandes, conductores de cobre ultra fino, trenzado, calibre 16 AWG, m\u00e1xima flexibilidad, gran transferencia de se\u00f1al, conector individual moldeado con alivio de tensi\u00f3n, durabilidad y confiabilidad plena, 90% de blindaje en espiral, elimina todos los ruidos provocados por la manipulaci\u00f3n del instrumento, conectores de 1\/4\u201d de pulgada para amplificadores y gabinetes est\u00e1ndar.\" \/>\n<meta name=\"robots\" content=\"index, follow, max-snippet:-1, max-image-preview:large, max-video-preview:-1\" \/>\n<link rel=\"canonical\" href=\"https:\/\/www.mexicanguitarplayers.com\/en\/tienda\/audio\/cables\/cables-armados\/cables-para-bocina-cables-armados\/cable-planet-wave-bocina-pw-cspk-10\/\" \/>\n<meta property=\"og:locale\" content=\"en_US\" \/>\n<meta property=\"og:type\" content=\"article\" \/>\n<meta property=\"og:title\" content=\"CABLE PLANET WAVE BOCINA PW-CSPK-10 - Mexican Guitar Players\" \/>\n<meta property=\"og:description\" content=\"CABLE PLANET WAVE BOCINA PW-CSPK-10. Cable para bocina, serie Custom, 10 pies (3 metros), ideal para tramos m\u00e1s largos, como estudios de grabaci\u00f3n y escenarios grandes, conductores de cobre ultra fino, trenzado, calibre 16 AWG, m\u00e1xima flexibilidad, gran transferencia de se\u00f1al, conector individual moldeado con alivio de tensi\u00f3n, durabilidad y confiabilidad plena, 90% de blindaje en espiral, elimina todos los ruidos provocados por la manipulaci\u00f3n del instrumento, conectores de 1\/4\u201d de pulgada para amplificadores y gabinetes est\u00e1ndar.\" \/>\n<meta property=\"og:url\" content=\"https:\/\/www.mexicanguitarplayers.com\/en\/tienda\/audio\/cables\/cables-armados\/cables-para-bocina-cables-armados\/cable-planet-wave-bocina-pw-cspk-10\/\" \/>\n<meta property=\"og:site_name\" content=\"Mexican Guitar Players\" \/>\n<meta property=\"article:modified_time\" content=\"2025-05-09T13:40:31+00:00\" \/>\n<meta property=\"og:image\" content=\"https:\/\/www.mexicanguitarplayers.com\/wp-content\/uploads\/2022\/08\/RAPWAPWCSPK10.jpg\" \/>\n\t<meta property=\"og:image:width\" content=\"1200\" \/>\n\t<meta property=\"og:image:height\" content=\"1200\" \/>\n\t<meta property=\"og:image:type\" content=\"image\/jpeg\" \/>\n<meta name=\"twitter:card\" content=\"summary_large_image\" \/>\n<script type=\"application\/ld+json\" class=\"yoast-schema-graph\">{\"@context\":\"https:\\\/\\\/schema.org\",\"@graph\":[{\"@type\":[\"WebPage\",\"ItemPage\"],\"@id\":\"https:\\\/\\\/www.mexicanguitarplayers.com\\\/tienda\\\/audio\\\/cables\\\/cables-armados\\\/cables-para-bocina-cables-armados\\\/cable-planet-wave-bocina-pw-cspk-10\\\/\",\"url\":\"https:\\\/\\\/www.mexicanguitarplayers.com\\\/tienda\\\/audio\\\/cables\\\/cables-armados\\\/cables-para-bocina-cables-armados\\\/cable-planet-wave-bocina-pw-cspk-10\\\/\",\"name\":\"CABLE PLANET WAVE BOCINA PW-CSPK-10 - Mexican Guitar Players\",\"isPartOf\":{\"@id\":\"https:\\\/\\\/www.mexicanguitarplayers.com\\\/#website\"},\"primaryImageOfPage\":{\"@id\":\"https:\\\/\\\/www.mexicanguitarplayers.com\\\/tienda\\\/audio\\\/cables\\\/cables-armados\\\/cables-para-bocina-cables-armados\\\/cable-planet-wave-bocina-pw-cspk-10\\\/#primaryimage\"},\"image\":{\"@id\":\"https:\\\/\\\/www.mexicanguitarplayers.com\\\/tienda\\\/audio\\\/cables\\\/cables-armados\\\/cables-para-bocina-cables-armados\\\/cable-planet-wave-bocina-pw-cspk-10\\\/#primaryimage\"},\"thumbnailUrl\":\"https:\\\/\\\/www.mexicanguitarplayers.com\\\/wp-content\\\/uploads\\\/2022\\\/08\\\/RAPWAPWCSPK10.jpg\",\"datePublished\":\"2022-08-19T02:03:41+00:00\",\"dateModified\":\"2025-05-09T13:40:31+00:00\",\"description\":\"CABLE PLANET WAVE BOCINA PW-CSPK-10. Cable para bocina, serie Custom, 10 pies (3 metros), ideal para tramos m\u00e1s largos, como estudios de grabaci\u00f3n y escenarios grandes, conductores de cobre ultra fino, trenzado, calibre 16 AWG, m\u00e1xima flexibilidad, gran transferencia de se\u00f1al, conector individual moldeado con alivio de tensi\u00f3n, durabilidad y confiabilidad plena, 90% de blindaje en espiral, elimina todos los ruidos provocados por la manipulaci\u00f3n del instrumento, conectores de 1\\\/4\u201d de pulgada para amplificadores y gabinetes est\u00e1ndar.\",\"breadcrumb\":{\"@id\":\"https:\\\/\\\/www.mexicanguitarplayers.com\\\/tienda\\\/audio\\\/cables\\\/cables-armados\\\/cables-para-bocina-cables-armados\\\/cable-planet-wave-bocina-pw-cspk-10\\\/#breadcrumb\"},\"inLanguage\":\"en-US\",\"potentialAction\":[{\"@type\":\"ReadAction\",\"target\":[\"https:\\\/\\\/www.mexicanguitarplayers.com\\\/tienda\\\/audio\\\/cables\\\/cables-armados\\\/cables-para-bocina-cables-armados\\\/cable-planet-wave-bocina-pw-cspk-10\\\/\"]}]},{\"@type\":\"ImageObject\",\"inLanguage\":\"en-US\",\"@id\":\"https:\\\/\\\/www.mexicanguitarplayers.com\\\/tienda\\\/audio\\\/cables\\\/cables-armados\\\/cables-para-bocina-cables-armados\\\/cable-planet-wave-bocina-pw-cspk-10\\\/#primaryimage\",\"url\":\"https:\\\/\\\/www.mexicanguitarplayers.com\\\/wp-content\\\/uploads\\\/2022\\\/08\\\/RAPWAPWCSPK10.jpg\",\"contentUrl\":\"https:\\\/\\\/www.mexicanguitarplayers.com\\\/wp-content\\\/uploads\\\/2022\\\/08\\\/RAPWAPWCSPK10.jpg\",\"width\":1200,\"height\":1200},{\"@type\":\"BreadcrumbList\",\"@id\":\"https:\\\/\\\/www.mexicanguitarplayers.com\\\/tienda\\\/audio\\\/cables\\\/cables-armados\\\/cables-para-bocina-cables-armados\\\/cable-planet-wave-bocina-pw-cspk-10\\\/#breadcrumb\",\"itemListElement\":[{\"@type\":\"ListItem\",\"position\":1,\"name\":\"Portada\",\"item\":\"https:\\\/\\\/www.mexicanguitarplayers.com\\\/\"},{\"@type\":\"ListItem\",\"position\":2,\"name\":\"Tienda\",\"item\":\"https:\\\/\\\/www.mexicanguitarplayers.com\\\/tienda\\\/\"},{\"@type\":\"ListItem\",\"position\":3,\"name\":\"CABLE PLANET WAVE BOCINA PW-CSPK-10\"}]},{\"@type\":\"WebSite\",\"@id\":\"https:\\\/\\\/www.mexicanguitarplayers.com\\\/#website\",\"url\":\"https:\\\/\\\/www.mexicanguitarplayers.com\\\/\",\"name\":\"Mexican Guitar Players\",\"description\":\"Website\",\"publisher\":{\"@id\":\"https:\\\/\\\/www.mexicanguitarplayers.com\\\/#organization\"},\"potentialAction\":[{\"@type\":\"SearchAction\",\"target\":{\"@type\":\"EntryPoint\",\"urlTemplate\":\"https:\\\/\\\/www.mexicanguitarplayers.com\\\/?s={search_term_string}\"},\"query-input\":{\"@type\":\"PropertyValueSpecification\",\"valueRequired\":true,\"valueName\":\"search_term_string\"}}],\"inLanguage\":\"en-US\"},{\"@type\":\"Organization\",\"@id\":\"https:\\\/\\\/www.mexicanguitarplayers.com\\\/#organization\",\"name\":\"Mexican Guitar Players\",\"url\":\"https:\\\/\\\/www.mexicanguitarplayers.com\\\/\",\"logo\":{\"@type\":\"ImageObject\",\"inLanguage\":\"en-US\",\"@id\":\"https:\\\/\\\/www.mexicanguitarplayers.com\\\/#\\\/schema\\\/logo\\\/image\\\/\",\"url\":\"\",\"contentUrl\":\"\",\"caption\":\"Mexican Guitar Players\"},\"image\":{\"@id\":\"https:\\\/\\\/www.mexicanguitarplayers.com\\\/#\\\/schema\\\/logo\\\/image\\\/\"}}]}<\/script>\n<!-- \/ Yoast SEO plugin. -->","yoast_head_json":{"title":"CABLE PLANET WAVE BOCINA PW-CSPK-10 - Mexican Guitar Players","description":"CABLE PLANET WAVE BOCINA PW-CSPK-10. Cable para bocina, serie Custom, 10 pies (3 metros), ideal para tramos m\u00e1s largos, como estudios de grabaci\u00f3n y escenarios grandes, conductores de cobre ultra fino, trenzado, calibre 16 AWG, m\u00e1xima flexibilidad, gran transferencia de se\u00f1al, conector individual moldeado con alivio de tensi\u00f3n, durabilidad y confiabilidad plena, 90% de blindaje en espiral, elimina todos los ruidos provocados por la manipulaci\u00f3n del instrumento, conectores de 1\/4\u201d de pulgada para amplificadores y gabinetes est\u00e1ndar.","robots":{"index":"index","follow":"follow","max-snippet":"max-snippet:-1","max-image-preview":"max-image-preview:large","max-video-preview":"max-video-preview:-1"},"canonical":"https:\/\/www.mexicanguitarplayers.com\/en\/tienda\/audio\/cables\/cables-armados\/cables-para-bocina-cables-armados\/cable-planet-wave-bocina-pw-cspk-10\/","og_locale":"en_US","og_type":"article","og_title":"CABLE PLANET WAVE BOCINA PW-CSPK-10 - Mexican Guitar Players","og_description":"CABLE PLANET WAVE BOCINA PW-CSPK-10. Cable para bocina, serie Custom, 10 pies (3 metros), ideal para tramos m\u00e1s largos, como estudios de grabaci\u00f3n y escenarios grandes, conductores de cobre ultra fino, trenzado, calibre 16 AWG, m\u00e1xima flexibilidad, gran transferencia de se\u00f1al, conector individual moldeado con alivio de tensi\u00f3n, durabilidad y confiabilidad plena, 90% de blindaje en espiral, elimina todos los ruidos provocados por la manipulaci\u00f3n del instrumento, conectores de 1\/4\u201d de pulgada para amplificadores y gabinetes est\u00e1ndar.","og_url":"https:\/\/www.mexicanguitarplayers.com\/en\/tienda\/audio\/cables\/cables-armados\/cables-para-bocina-cables-armados\/cable-planet-wave-bocina-pw-cspk-10\/","og_site_name":"Mexican Guitar Players","article_modified_time":"2025-05-09T13:40:31+00:00","og_image":[{"width":1200,"height":1200,"url":"https:\/\/www.mexicanguitarplayers.com\/wp-content\/uploads\/2022\/08\/RAPWAPWCSPK10.jpg","type":"image\/jpeg"}],"twitter_card":"summary_large_image","schema":{"@context":"https:\/\/schema.org","@graph":[{"@type":["WebPage","ItemPage"],"@id":"https:\/\/www.mexicanguitarplayers.com\/tienda\/audio\/cables\/cables-armados\/cables-para-bocina-cables-armados\/cable-planet-wave-bocina-pw-cspk-10\/","url":"https:\/\/www.mexicanguitarplayers.com\/tienda\/audio\/cables\/cables-armados\/cables-para-bocina-cables-armados\/cable-planet-wave-bocina-pw-cspk-10\/","name":"CABLE PLANET WAVE BOCINA PW-CSPK-10 - Mexican Guitar Players","isPartOf":{"@id":"https:\/\/www.mexicanguitarplayers.com\/#website"},"primaryImageOfPage":{"@id":"https:\/\/www.mexicanguitarplayers.com\/tienda\/audio\/cables\/cables-armados\/cables-para-bocina-cables-armados\/cable-planet-wave-bocina-pw-cspk-10\/#primaryimage"},"image":{"@id":"https:\/\/www.mexicanguitarplayers.com\/tienda\/audio\/cables\/cables-armados\/cables-para-bocina-cables-armados\/cable-planet-wave-bocina-pw-cspk-10\/#primaryimage"},"thumbnailUrl":"https:\/\/www.mexicanguitarplayers.com\/wp-content\/uploads\/2022\/08\/RAPWAPWCSPK10.jpg","datePublished":"2022-08-19T02:03:41+00:00","dateModified":"2025-05-09T13:40:31+00:00","description":"CABLE PLANET WAVE BOCINA PW-CSPK-10. Cable para bocina, serie Custom, 10 pies (3 metros), ideal para tramos m\u00e1s largos, como estudios de grabaci\u00f3n y escenarios grandes, conductores de cobre ultra fino, trenzado, calibre 16 AWG, m\u00e1xima flexibilidad, gran transferencia de se\u00f1al, conector individual moldeado con alivio de tensi\u00f3n, durabilidad y confiabilidad plena, 90% de blindaje en espiral, elimina todos los ruidos provocados por la manipulaci\u00f3n del instrumento, conectores de 1\/4\u201d de pulgada para amplificadores y gabinetes est\u00e1ndar.","breadcrumb":{"@id":"https:\/\/www.mexicanguitarplayers.com\/tienda\/audio\/cables\/cables-armados\/cables-para-bocina-cables-armados\/cable-planet-wave-bocina-pw-cspk-10\/#breadcrumb"},"inLanguage":"en-US","potentialAction":[{"@type":"ReadAction","target":["https:\/\/www.mexicanguitarplayers.com\/tienda\/audio\/cables\/cables-armados\/cables-para-bocina-cables-armados\/cable-planet-wave-bocina-pw-cspk-10\/"]}]},{"@type":"ImageObject","inLanguage":"en-US","@id":"https:\/\/www.mexicanguitarplayers.com\/tienda\/audio\/cables\/cables-armados\/cables-para-bocina-cables-armados\/cable-planet-wave-bocina-pw-cspk-10\/#primaryimage","url":"https:\/\/www.mexicanguitarplayers.com\/wp-content\/uploads\/2022\/08\/RAPWAPWCSPK10.jpg","contentUrl":"https:\/\/www.mexicanguitarplayers.com\/wp-content\/uploads\/2022\/08\/RAPWAPWCSPK10.jpg","width":1200,"height":1200},{"@type":"BreadcrumbList","@id":"https:\/\/www.mexicanguitarplayers.com\/tienda\/audio\/cables\/cables-armados\/cables-para-bocina-cables-armados\/cable-planet-wave-bocina-pw-cspk-10\/#breadcrumb","itemListElement":[{"@type":"ListItem","position":1,"name":"Portada","item":"https:\/\/www.mexicanguitarplayers.com\/"},{"@type":"ListItem","position":2,"name":"Tienda","item":"https:\/\/www.mexicanguitarplayers.com\/tienda\/"},{"@type":"ListItem","position":3,"name":"CABLE PLANET WAVE BOCINA PW-CSPK-10"}]},{"@type":"WebSite","@id":"https:\/\/www.mexicanguitarplayers.com\/#website","url":"https:\/\/www.mexicanguitarplayers.com\/","name":"Mexican Guitar Players","description":"Website","publisher":{"@id":"https:\/\/www.mexicanguitarplayers.com\/#organization"},"potentialAction":[{"@type":"SearchAction","target":{"@type":"EntryPoint","urlTemplate":"https:\/\/www.mexicanguitarplayers.com\/?s={search_term_string}"},"query-input":{"@type":"PropertyValueSpecification","valueRequired":true,"valueName":"search_term_string"}}],"inLanguage":"en-US"},{"@type":"Organization","@id":"https:\/\/www.mexicanguitarplayers.com\/#organization","name":"Mexican Guitar Players","url":"https:\/\/www.mexicanguitarplayers.com\/","logo":{"@type":"ImageObject","inLanguage":"en-US","@id":"https:\/\/www.mexicanguitarplayers.com\/#\/schema\/logo\/image\/","url":"","contentUrl":"","caption":"Mexican Guitar Players"},"image":{"@id":"https:\/\/www.mexicanguitarplayers.com\/#\/schema\/logo\/image\/"}}]}},"brands":[{"id":604,"name":"PLANET WAVES","slug":"planet-waves"}],"_links":{"self":[{"href":"https:\/\/www.mexicanguitarplayers.com\/en\/wp-json\/wp\/v2\/product\/19695","targetHints":{"allow":["GET"]}}],"collection":[{"href":"https:\/\/www.mexicanguitarplayers.com\/en\/wp-json\/wp\/v2\/product"}],"about":[{"href":"https:\/\/www.mexicanguitarplayers.com\/en\/wp-json\/wp\/v2\/types\/product"}],"replies":[{"embeddable":true,"href":"https:\/\/www.mexicanguitarplayers.com\/en\/wp-json\/wp\/v2\/comments?post=19695"}],"wp:featuredmedia":[{"embeddable":true,"href":"https:\/\/www.mexicanguitarplayers.com\/en\/wp-json\/wp\/v2\/media\/19694"}],"wp:attachment":[{"href":"https:\/\/www.mexicanguitarplayers.com\/en\/wp-json\/wp\/v2\/media?parent=19695"}],"wp:term":[{"taxonomy":"pwb-brand","embeddable":true,"href":"https:\/\/www.mexicanguitarplayers.com\/en\/wp-json\/wp\/v2\/pwb-brand?post=19695"},{"taxonomy":"product_brand","embeddable":true,"href":"https:\/\/www.mexicanguitarplayers.com\/en\/wp-json\/wp\/v2\/product_brand?post=19695"},{"taxonomy":"product_cat","embeddable":true,"href":"https:\/\/www.mexicanguitarplayers.com\/en\/wp-json\/wp\/v2\/product_cat?post=19695"},{"taxonomy":"product_tag","embeddable":true,"href":"https:\/\/www.mexicanguitarplayers.com\/en\/wp-json\/wp\/v2\/product_tag?post=19695"}],"curies":[{"name":"wp","href":"https:\/\/api.w.org\/{rel}","templated":true}]}}