{"id":19723,"date":"2022-08-18T21:04:32","date_gmt":"2022-08-19T02:04:32","guid":{"rendered":"https:\/\/www.mexicanguitarplayers.com\/tienda\/sin%20categor\u00eda\/afinador-planet-waves-mod-pw-ct-17mp\/"},"modified":"2026-03-23T13:15:09","modified_gmt":"2026-03-23T19:15:09","slug":"afinador-planet-waves-mod-pw-ct-17mp","status":"publish","type":"product","link":"https:\/\/www.mexicanguitarplayers.com\/en\/tienda\/accesorios\/afinadores-y-metronomos\/afinadores\/afinadores-cromaticos\/afinador-planet-waves-mod-pw-ct-17mp\/","title":{"rendered":"PLANET WAVES TUNER MOD. PW-CT-17MP"},"content":{"rendered":"<div style=\"text-align: justify\">\n<div>\n<h3>PLANET WAVES TUNER MOD. PW-CT-17MP<\/h3>\n<\/div>\n<div>Chromatic tuner, Eclips model, fast and precise tuning, full color screen, vertical orientation, automatic power off and pitch calibration, discreet and compact design, can be mounted in front or behind the head of right- or left-handed instruments. Package with 10 tuners (two of each color).<\/div>\n<\/div>","protected":false},"excerpt":{"rendered":"<p>Afinador crom\u00e1tico, modelo Eclips, afinaci\u00f3n r\u00e1pida y precisa, pantalla a todo color, orientaci\u00f3n vertical, apagado autom\u00e1tico y calibraci\u00f3n de pitch, dise\u00f1o discreto y compacto, puede ser montado delante o detr\u00e1s del cabezal de instrumentos diestros o zurdos. Paquete con 10 afinadores (dos de cada color).&hellip; <a class=\"kt-excerpt-readmore more-link\" href=\"https:\/\/www.mexicanguitarplayers.com\/en\/tienda\/accesorios\/afinadores-y-metronomos\/afinadores\/afinadores-cromaticos\/afinador-planet-waves-mod-pw-ct-17mp\/\">Read more<\/a><\/p>","protected":false},"featured_media":19722,"comment_status":"open","ping_status":"closed","template":"","meta":{"kt_blocks_editor_width":""},"pwb-brand":[604],"product_brand":[],"product_cat":[85,423,424,422],"product_tag":[],"class_list":{"0":"post-19723","1":"product","2":"type-product","3":"status-publish","4":"has-post-thumbnail","6":"pwb-brand-planet-waves","7":"product_cat-accesorios","8":"product_cat-afinadores","9":"product_cat-afinadores-cromaticos","10":"product_cat-afinadores-y-metronomos","11":"product_shipping_class-0-5-kg","13":"first","14":"instock","15":"taxable","16":"shipping-taxable","17":"purchasable","18":"product-type-simple"},"yoast_head":"<!-- This site is optimized with the Yoast SEO plugin v27.3 - https:\/\/yoast.com\/product\/yoast-seo-wordpress\/ -->\n<title>AFINADOR PLANET WAVES MOD. PW-CT-17MP - Mexican Guitar Players<\/title>\n<meta name=\"description\" content=\"AFINADOR PLANET WAVES MOD. PW-CT-17MP. Afinador crom\u00e1tico, modelo Eclips, afinaci\u00f3n r\u00e1pida y precisa, pantalla a todo color, orientaci\u00f3n vertical, apagado autom\u00e1tico y calibraci\u00f3n de pitch, dise\u00f1o discreto y compacto, puede ser montado delante o detr\u00e1s del cabezal de instrumentos diestros o zurdos. Paquete con 10 afinadores (dos de cada color).\" \/>\n<meta name=\"robots\" content=\"index, follow, max-snippet:-1, max-image-preview:large, max-video-preview:-1\" \/>\n<link rel=\"canonical\" href=\"https:\/\/www.mexicanguitarplayers.com\/en\/tienda\/accesorios\/afinadores-y-metronomos\/afinadores\/afinadores-cromaticos\/afinador-planet-waves-mod-pw-ct-17mp\/\" \/>\n<meta property=\"og:locale\" content=\"en_US\" \/>\n<meta property=\"og:type\" content=\"article\" \/>\n<meta property=\"og:title\" content=\"AFINADOR PLANET WAVES MOD. PW-CT-17MP - Mexican Guitar Players\" \/>\n<meta property=\"og:description\" content=\"AFINADOR PLANET WAVES MOD. PW-CT-17MP. Afinador crom\u00e1tico, modelo Eclips, afinaci\u00f3n r\u00e1pida y precisa, pantalla a todo color, orientaci\u00f3n vertical, apagado autom\u00e1tico y calibraci\u00f3n de pitch, dise\u00f1o discreto y compacto, puede ser montado delante o detr\u00e1s del cabezal de instrumentos diestros o zurdos. Paquete con 10 afinadores (dos de cada color).\" \/>\n<meta property=\"og:url\" content=\"https:\/\/www.mexicanguitarplayers.com\/en\/tienda\/accesorios\/afinadores-y-metronomos\/afinadores\/afinadores-cromaticos\/afinador-planet-waves-mod-pw-ct-17mp\/\" \/>\n<meta property=\"og:site_name\" content=\"Mexican Guitar Players\" \/>\n<meta property=\"article:modified_time\" content=\"2026-03-23T19:15:09+00:00\" \/>\n<meta property=\"og:image\" content=\"https:\/\/www.mexicanguitarplayers.com\/wp-content\/uploads\/2022\/08\/RAPWAPWCT17MP.jpg\" \/>\n\t<meta property=\"og:image:width\" content=\"1200\" \/>\n\t<meta property=\"og:image:height\" content=\"1200\" \/>\n\t<meta property=\"og:image:type\" content=\"image\/jpeg\" \/>\n<meta name=\"twitter:card\" content=\"summary_large_image\" \/>\n<script type=\"application\/ld+json\" class=\"yoast-schema-graph\">{\"@context\":\"https:\\\/\\\/schema.org\",\"@graph\":[{\"@type\":[\"WebPage\",\"ItemPage\"],\"@id\":\"https:\\\/\\\/www.mexicanguitarplayers.com\\\/tienda\\\/accesorios\\\/afinadores-y-metronomos\\\/afinadores\\\/afinadores-cromaticos\\\/afinador-planet-waves-mod-pw-ct-17mp\\\/\",\"url\":\"https:\\\/\\\/www.mexicanguitarplayers.com\\\/tienda\\\/accesorios\\\/afinadores-y-metronomos\\\/afinadores\\\/afinadores-cromaticos\\\/afinador-planet-waves-mod-pw-ct-17mp\\\/\",\"name\":\"AFINADOR PLANET WAVES MOD. PW-CT-17MP - Mexican Guitar Players\",\"isPartOf\":{\"@id\":\"https:\\\/\\\/www.mexicanguitarplayers.com\\\/#website\"},\"primaryImageOfPage\":{\"@id\":\"https:\\\/\\\/www.mexicanguitarplayers.com\\\/tienda\\\/accesorios\\\/afinadores-y-metronomos\\\/afinadores\\\/afinadores-cromaticos\\\/afinador-planet-waves-mod-pw-ct-17mp\\\/#primaryimage\"},\"image\":{\"@id\":\"https:\\\/\\\/www.mexicanguitarplayers.com\\\/tienda\\\/accesorios\\\/afinadores-y-metronomos\\\/afinadores\\\/afinadores-cromaticos\\\/afinador-planet-waves-mod-pw-ct-17mp\\\/#primaryimage\"},\"thumbnailUrl\":\"https:\\\/\\\/www.mexicanguitarplayers.com\\\/wp-content\\\/uploads\\\/2022\\\/08\\\/RAPWAPWCT17MP.jpg\",\"datePublished\":\"2022-08-19T02:04:32+00:00\",\"dateModified\":\"2026-03-23T19:15:09+00:00\",\"description\":\"AFINADOR PLANET WAVES MOD. PW-CT-17MP. Afinador crom\u00e1tico, modelo Eclips, afinaci\u00f3n r\u00e1pida y precisa, pantalla a todo color, orientaci\u00f3n vertical, apagado autom\u00e1tico y calibraci\u00f3n de pitch, dise\u00f1o discreto y compacto, puede ser montado delante o detr\u00e1s del cabezal de instrumentos diestros o zurdos. Paquete con 10 afinadores (dos de cada color).\",\"breadcrumb\":{\"@id\":\"https:\\\/\\\/www.mexicanguitarplayers.com\\\/tienda\\\/accesorios\\\/afinadores-y-metronomos\\\/afinadores\\\/afinadores-cromaticos\\\/afinador-planet-waves-mod-pw-ct-17mp\\\/#breadcrumb\"},\"inLanguage\":\"en-US\",\"potentialAction\":[{\"@type\":\"ReadAction\",\"target\":[\"https:\\\/\\\/www.mexicanguitarplayers.com\\\/tienda\\\/accesorios\\\/afinadores-y-metronomos\\\/afinadores\\\/afinadores-cromaticos\\\/afinador-planet-waves-mod-pw-ct-17mp\\\/\"]}]},{\"@type\":\"ImageObject\",\"inLanguage\":\"en-US\",\"@id\":\"https:\\\/\\\/www.mexicanguitarplayers.com\\\/tienda\\\/accesorios\\\/afinadores-y-metronomos\\\/afinadores\\\/afinadores-cromaticos\\\/afinador-planet-waves-mod-pw-ct-17mp\\\/#primaryimage\",\"url\":\"https:\\\/\\\/www.mexicanguitarplayers.com\\\/wp-content\\\/uploads\\\/2022\\\/08\\\/RAPWAPWCT17MP.jpg\",\"contentUrl\":\"https:\\\/\\\/www.mexicanguitarplayers.com\\\/wp-content\\\/uploads\\\/2022\\\/08\\\/RAPWAPWCT17MP.jpg\",\"width\":1200,\"height\":1200},{\"@type\":\"BreadcrumbList\",\"@id\":\"https:\\\/\\\/www.mexicanguitarplayers.com\\\/tienda\\\/accesorios\\\/afinadores-y-metronomos\\\/afinadores\\\/afinadores-cromaticos\\\/afinador-planet-waves-mod-pw-ct-17mp\\\/#breadcrumb\",\"itemListElement\":[{\"@type\":\"ListItem\",\"position\":1,\"name\":\"Portada\",\"item\":\"https:\\\/\\\/www.mexicanguitarplayers.com\\\/\"},{\"@type\":\"ListItem\",\"position\":2,\"name\":\"Tienda\",\"item\":\"https:\\\/\\\/www.mexicanguitarplayers.com\\\/tienda\\\/\"},{\"@type\":\"ListItem\",\"position\":3,\"name\":\"AFINADOR PLANET WAVES MOD. PW-CT-17MP\"}]},{\"@type\":\"WebSite\",\"@id\":\"https:\\\/\\\/www.mexicanguitarplayers.com\\\/#website\",\"url\":\"https:\\\/\\\/www.mexicanguitarplayers.com\\\/\",\"name\":\"Mexican Guitar Players\",\"description\":\"Website\",\"publisher\":{\"@id\":\"https:\\\/\\\/www.mexicanguitarplayers.com\\\/#organization\"},\"potentialAction\":[{\"@type\":\"SearchAction\",\"target\":{\"@type\":\"EntryPoint\",\"urlTemplate\":\"https:\\\/\\\/www.mexicanguitarplayers.com\\\/?s={search_term_string}\"},\"query-input\":{\"@type\":\"PropertyValueSpecification\",\"valueRequired\":true,\"valueName\":\"search_term_string\"}}],\"inLanguage\":\"en-US\"},{\"@type\":\"Organization\",\"@id\":\"https:\\\/\\\/www.mexicanguitarplayers.com\\\/#organization\",\"name\":\"Mexican Guitar Players\",\"url\":\"https:\\\/\\\/www.mexicanguitarplayers.com\\\/\",\"logo\":{\"@type\":\"ImageObject\",\"inLanguage\":\"en-US\",\"@id\":\"https:\\\/\\\/www.mexicanguitarplayers.com\\\/#\\\/schema\\\/logo\\\/image\\\/\",\"url\":\"\",\"contentUrl\":\"\",\"caption\":\"Mexican Guitar Players\"},\"image\":{\"@id\":\"https:\\\/\\\/www.mexicanguitarplayers.com\\\/#\\\/schema\\\/logo\\\/image\\\/\"}}]}<\/script>\n<!-- \/ Yoast SEO plugin. -->","yoast_head_json":{"title":"AFINADOR PLANET WAVES MOD. PW-CT-17MP - Mexican Guitar Players","description":"AFINADOR PLANET WAVES MOD. PW-CT-17MP. Afinador crom\u00e1tico, modelo Eclips, afinaci\u00f3n r\u00e1pida y precisa, pantalla a todo color, orientaci\u00f3n vertical, apagado autom\u00e1tico y calibraci\u00f3n de pitch, dise\u00f1o discreto y compacto, puede ser montado delante o detr\u00e1s del cabezal de instrumentos diestros o zurdos. Paquete con 10 afinadores (dos de cada color).","robots":{"index":"index","follow":"follow","max-snippet":"max-snippet:-1","max-image-preview":"max-image-preview:large","max-video-preview":"max-video-preview:-1"},"canonical":"https:\/\/www.mexicanguitarplayers.com\/en\/tienda\/accesorios\/afinadores-y-metronomos\/afinadores\/afinadores-cromaticos\/afinador-planet-waves-mod-pw-ct-17mp\/","og_locale":"en_US","og_type":"article","og_title":"AFINADOR PLANET WAVES MOD. PW-CT-17MP - Mexican Guitar Players","og_description":"AFINADOR PLANET WAVES MOD. PW-CT-17MP. Afinador crom\u00e1tico, modelo Eclips, afinaci\u00f3n r\u00e1pida y precisa, pantalla a todo color, orientaci\u00f3n vertical, apagado autom\u00e1tico y calibraci\u00f3n de pitch, dise\u00f1o discreto y compacto, puede ser montado delante o detr\u00e1s del cabezal de instrumentos diestros o zurdos. Paquete con 10 afinadores (dos de cada color).","og_url":"https:\/\/www.mexicanguitarplayers.com\/en\/tienda\/accesorios\/afinadores-y-metronomos\/afinadores\/afinadores-cromaticos\/afinador-planet-waves-mod-pw-ct-17mp\/","og_site_name":"Mexican Guitar Players","article_modified_time":"2026-03-23T19:15:09+00:00","og_image":[{"width":1200,"height":1200,"url":"https:\/\/www.mexicanguitarplayers.com\/wp-content\/uploads\/2022\/08\/RAPWAPWCT17MP.jpg","type":"image\/jpeg"}],"twitter_card":"summary_large_image","schema":{"@context":"https:\/\/schema.org","@graph":[{"@type":["WebPage","ItemPage"],"@id":"https:\/\/www.mexicanguitarplayers.com\/tienda\/accesorios\/afinadores-y-metronomos\/afinadores\/afinadores-cromaticos\/afinador-planet-waves-mod-pw-ct-17mp\/","url":"https:\/\/www.mexicanguitarplayers.com\/tienda\/accesorios\/afinadores-y-metronomos\/afinadores\/afinadores-cromaticos\/afinador-planet-waves-mod-pw-ct-17mp\/","name":"AFINADOR PLANET WAVES MOD. PW-CT-17MP - Mexican Guitar Players","isPartOf":{"@id":"https:\/\/www.mexicanguitarplayers.com\/#website"},"primaryImageOfPage":{"@id":"https:\/\/www.mexicanguitarplayers.com\/tienda\/accesorios\/afinadores-y-metronomos\/afinadores\/afinadores-cromaticos\/afinador-planet-waves-mod-pw-ct-17mp\/#primaryimage"},"image":{"@id":"https:\/\/www.mexicanguitarplayers.com\/tienda\/accesorios\/afinadores-y-metronomos\/afinadores\/afinadores-cromaticos\/afinador-planet-waves-mod-pw-ct-17mp\/#primaryimage"},"thumbnailUrl":"https:\/\/www.mexicanguitarplayers.com\/wp-content\/uploads\/2022\/08\/RAPWAPWCT17MP.jpg","datePublished":"2022-08-19T02:04:32+00:00","dateModified":"2026-03-23T19:15:09+00:00","description":"AFINADOR PLANET WAVES MOD. PW-CT-17MP. Afinador crom\u00e1tico, modelo Eclips, afinaci\u00f3n r\u00e1pida y precisa, pantalla a todo color, orientaci\u00f3n vertical, apagado autom\u00e1tico y calibraci\u00f3n de pitch, dise\u00f1o discreto y compacto, puede ser montado delante o detr\u00e1s del cabezal de instrumentos diestros o zurdos. Paquete con 10 afinadores (dos de cada color).","breadcrumb":{"@id":"https:\/\/www.mexicanguitarplayers.com\/tienda\/accesorios\/afinadores-y-metronomos\/afinadores\/afinadores-cromaticos\/afinador-planet-waves-mod-pw-ct-17mp\/#breadcrumb"},"inLanguage":"en-US","potentialAction":[{"@type":"ReadAction","target":["https:\/\/www.mexicanguitarplayers.com\/tienda\/accesorios\/afinadores-y-metronomos\/afinadores\/afinadores-cromaticos\/afinador-planet-waves-mod-pw-ct-17mp\/"]}]},{"@type":"ImageObject","inLanguage":"en-US","@id":"https:\/\/www.mexicanguitarplayers.com\/tienda\/accesorios\/afinadores-y-metronomos\/afinadores\/afinadores-cromaticos\/afinador-planet-waves-mod-pw-ct-17mp\/#primaryimage","url":"https:\/\/www.mexicanguitarplayers.com\/wp-content\/uploads\/2022\/08\/RAPWAPWCT17MP.jpg","contentUrl":"https:\/\/www.mexicanguitarplayers.com\/wp-content\/uploads\/2022\/08\/RAPWAPWCT17MP.jpg","width":1200,"height":1200},{"@type":"BreadcrumbList","@id":"https:\/\/www.mexicanguitarplayers.com\/tienda\/accesorios\/afinadores-y-metronomos\/afinadores\/afinadores-cromaticos\/afinador-planet-waves-mod-pw-ct-17mp\/#breadcrumb","itemListElement":[{"@type":"ListItem","position":1,"name":"Portada","item":"https:\/\/www.mexicanguitarplayers.com\/"},{"@type":"ListItem","position":2,"name":"Tienda","item":"https:\/\/www.mexicanguitarplayers.com\/tienda\/"},{"@type":"ListItem","position":3,"name":"AFINADOR PLANET WAVES MOD. PW-CT-17MP"}]},{"@type":"WebSite","@id":"https:\/\/www.mexicanguitarplayers.com\/#website","url":"https:\/\/www.mexicanguitarplayers.com\/","name":"Mexican Guitar Players","description":"Website","publisher":{"@id":"https:\/\/www.mexicanguitarplayers.com\/#organization"},"potentialAction":[{"@type":"SearchAction","target":{"@type":"EntryPoint","urlTemplate":"https:\/\/www.mexicanguitarplayers.com\/?s={search_term_string}"},"query-input":{"@type":"PropertyValueSpecification","valueRequired":true,"valueName":"search_term_string"}}],"inLanguage":"en-US"},{"@type":"Organization","@id":"https:\/\/www.mexicanguitarplayers.com\/#organization","name":"Mexican Guitar Players","url":"https:\/\/www.mexicanguitarplayers.com\/","logo":{"@type":"ImageObject","inLanguage":"en-US","@id":"https:\/\/www.mexicanguitarplayers.com\/#\/schema\/logo\/image\/","url":"","contentUrl":"","caption":"Mexican Guitar Players"},"image":{"@id":"https:\/\/www.mexicanguitarplayers.com\/#\/schema\/logo\/image\/"}}]}},"brands":[{"id":604,"name":"PLANET WAVES","slug":"planet-waves"}],"_links":{"self":[{"href":"https:\/\/www.mexicanguitarplayers.com\/en\/wp-json\/wp\/v2\/product\/19723","targetHints":{"allow":["GET"]}}],"collection":[{"href":"https:\/\/www.mexicanguitarplayers.com\/en\/wp-json\/wp\/v2\/product"}],"about":[{"href":"https:\/\/www.mexicanguitarplayers.com\/en\/wp-json\/wp\/v2\/types\/product"}],"replies":[{"embeddable":true,"href":"https:\/\/www.mexicanguitarplayers.com\/en\/wp-json\/wp\/v2\/comments?post=19723"}],"wp:featuredmedia":[{"embeddable":true,"href":"https:\/\/www.mexicanguitarplayers.com\/en\/wp-json\/wp\/v2\/media\/19722"}],"wp:attachment":[{"href":"https:\/\/www.mexicanguitarplayers.com\/en\/wp-json\/wp\/v2\/media?parent=19723"}],"wp:term":[{"taxonomy":"pwb-brand","embeddable":true,"href":"https:\/\/www.mexicanguitarplayers.com\/en\/wp-json\/wp\/v2\/pwb-brand?post=19723"},{"taxonomy":"product_brand","embeddable":true,"href":"https:\/\/www.mexicanguitarplayers.com\/en\/wp-json\/wp\/v2\/product_brand?post=19723"},{"taxonomy":"product_cat","embeddable":true,"href":"https:\/\/www.mexicanguitarplayers.com\/en\/wp-json\/wp\/v2\/product_cat?post=19723"},{"taxonomy":"product_tag","embeddable":true,"href":"https:\/\/www.mexicanguitarplayers.com\/en\/wp-json\/wp\/v2\/product_tag?post=19723"}],"curies":[{"name":"wp","href":"https:\/\/api.w.org\/{rel}","templated":true}]}}