{"id":19729,"date":"2022-08-18T21:04:42","date_gmt":"2022-08-19T02:04:42","guid":{"rendered":"https:\/\/www.mexicanguitarplayers.com\/tienda\/sin%20categor\u00eda\/afinador-planet-wave-mod-pw-ct-18wb\/"},"modified":"2025-09-01T07:56:46","modified_gmt":"2025-09-01T13:56:46","slug":"afinador-planet-wave-mod-pw-ct-18wb","status":"publish","type":"product","link":"https:\/\/www.mexicanguitarplayers.com\/en\/tienda\/accesorios\/afinadores-y-metronomos\/afinadores\/afinadores-cromaticos\/afinador-planet-wave-mod-pw-ct-18wb\/","title":{"rendered":"PLANET WAVE TUNER MOD. PW-CT-18WB"},"content":{"rendered":"<div style=\"text-align: justify\">\n<div>\n<h3>PLANET WAVE TUNER MOD. PW-CT-18WB<\/h3>\n<\/div>\n<div>Clip-on headstock chromatic tuner with easy-to-read color display, fast and accurate tuning via vibrations, swivel design to adjust at any angle, can be used on both front and rear of headstock and also on instruments left-handed orientation, pitch calibration can be set in the 430 to 450 Hz range, auto power-off function after 10 minutes of non-use, dimensions: 60 x 90 x 28 mm, weight: 29 g.<\/div>\n<\/div>","protected":false},"excerpt":{"rendered":"<p>Afinador crom\u00e1tico de cabezal tipo clip con pantalla a color f\u00e1cil de leer, afinaci\u00f3n r\u00e1pida y precisa por medio de vibraciones, dise\u00f1o giratorio para ajustarse en cualquier \u00e1ngulo, se puede usar tanto en la parte delantera como en la parte trasera del cabezal y tambi\u00e9n en instrumentos  de orientaci\u00f3n zurda, la calibraci\u00f3n de tono se puede establecer en el rango de 430 a 450 Hz, funci\u00f3n de apagado autom\u00e1tico despu\u00e9s de 10 minutos sin uso, dimensiones: 60 x 90 x 28 mm, peso: 29 g.&hellip; <a class=\"kt-excerpt-readmore more-link\" href=\"https:\/\/www.mexicanguitarplayers.com\/en\/tienda\/accesorios\/afinadores-y-metronomos\/afinadores\/afinadores-cromaticos\/afinador-planet-wave-mod-pw-ct-18wb\/\">Read more<\/a><\/p>","protected":false},"featured_media":19724,"comment_status":"open","ping_status":"closed","template":"","meta":{"kt_blocks_editor_width":""},"pwb-brand":[604],"product_brand":[],"product_cat":[85,423,424,422],"product_tag":[],"class_list":{"0":"post-19729","1":"product","2":"type-product","3":"status-publish","4":"has-post-thumbnail","6":"pwb-brand-planet-waves","7":"product_cat-accesorios","8":"product_cat-afinadores","9":"product_cat-afinadores-cromaticos","10":"product_cat-afinadores-y-metronomos","11":"product_shipping_class-0-5-kg","13":"first","14":"outofstock","15":"taxable","16":"shipping-taxable","17":"purchasable","18":"product-type-simple"},"yoast_head":"<!-- This site is optimized with the Yoast SEO plugin v27.3 - https:\/\/yoast.com\/product\/yoast-seo-wordpress\/ -->\n<title>AFINADOR PLANET WAVE MOD. PW-CT-18WB - Mexican Guitar Players<\/title>\n<meta name=\"description\" content=\"AFINADOR PLANET WAVE MOD. PW-CT-18WB. Afinador crom\u00e1tico de cabezal tipo clip con pantalla a color f\u00e1cil de leer, afinaci\u00f3n r\u00e1pida y precisa por medio de vibraciones, dise\u00f1o giratorio para ajustarse en cualquier \u00e1ngulo, se puede usar tanto en la parte delantera como en la parte trasera del cabezal y tambi\u00e9n en instrumentos de orientaci\u00f3n zurda, la calibraci\u00f3n de tono se puede establecer en el rango de 430 a 450 Hz, funci\u00f3n de apagado autom\u00e1tico despu\u00e9s de 10 minutos sin uso, dimensiones: 60 x 90 x 28 mm, peso: 29 g.\" \/>\n<meta name=\"robots\" content=\"index, follow, max-snippet:-1, max-image-preview:large, max-video-preview:-1\" \/>\n<link rel=\"canonical\" href=\"https:\/\/www.mexicanguitarplayers.com\/en\/tienda\/accesorios\/afinadores-y-metronomos\/afinadores\/afinadores-cromaticos\/afinador-planet-wave-mod-pw-ct-18wb\/\" \/>\n<meta property=\"og:locale\" content=\"en_US\" \/>\n<meta property=\"og:type\" content=\"article\" \/>\n<meta property=\"og:title\" content=\"AFINADOR PLANET WAVE MOD. PW-CT-18WB - Mexican Guitar Players\" \/>\n<meta property=\"og:description\" content=\"AFINADOR PLANET WAVE MOD. PW-CT-18WB. Afinador crom\u00e1tico de cabezal tipo clip con pantalla a color f\u00e1cil de leer, afinaci\u00f3n r\u00e1pida y precisa por medio de vibraciones, dise\u00f1o giratorio para ajustarse en cualquier \u00e1ngulo, se puede usar tanto en la parte delantera como en la parte trasera del cabezal y tambi\u00e9n en instrumentos de orientaci\u00f3n zurda, la calibraci\u00f3n de tono se puede establecer en el rango de 430 a 450 Hz, funci\u00f3n de apagado autom\u00e1tico despu\u00e9s de 10 minutos sin uso, dimensiones: 60 x 90 x 28 mm, peso: 29 g.\" \/>\n<meta property=\"og:url\" content=\"https:\/\/www.mexicanguitarplayers.com\/en\/tienda\/accesorios\/afinadores-y-metronomos\/afinadores\/afinadores-cromaticos\/afinador-planet-wave-mod-pw-ct-18wb\/\" \/>\n<meta property=\"og:site_name\" content=\"Mexican Guitar Players\" \/>\n<meta property=\"article:modified_time\" content=\"2025-09-01T13:56:46+00:00\" \/>\n<meta property=\"og:image\" content=\"https:\/\/www.mexicanguitarplayers.com\/wp-content\/uploads\/2022\/08\/RAPWAPWCT18WB.jpg\" \/>\n\t<meta property=\"og:image:width\" content=\"1200\" \/>\n\t<meta property=\"og:image:height\" content=\"1200\" \/>\n\t<meta property=\"og:image:type\" content=\"image\/jpeg\" \/>\n<meta name=\"twitter:card\" content=\"summary_large_image\" \/>\n<script type=\"application\/ld+json\" class=\"yoast-schema-graph\">{\"@context\":\"https:\\\/\\\/schema.org\",\"@graph\":[{\"@type\":[\"WebPage\",\"ItemPage\"],\"@id\":\"https:\\\/\\\/www.mexicanguitarplayers.com\\\/tienda\\\/accesorios\\\/afinadores-y-metronomos\\\/afinadores\\\/afinadores-cromaticos\\\/afinador-planet-wave-mod-pw-ct-18wb\\\/\",\"url\":\"https:\\\/\\\/www.mexicanguitarplayers.com\\\/tienda\\\/accesorios\\\/afinadores-y-metronomos\\\/afinadores\\\/afinadores-cromaticos\\\/afinador-planet-wave-mod-pw-ct-18wb\\\/\",\"name\":\"AFINADOR PLANET WAVE MOD. PW-CT-18WB - Mexican Guitar Players\",\"isPartOf\":{\"@id\":\"https:\\\/\\\/www.mexicanguitarplayers.com\\\/#website\"},\"primaryImageOfPage\":{\"@id\":\"https:\\\/\\\/www.mexicanguitarplayers.com\\\/tienda\\\/accesorios\\\/afinadores-y-metronomos\\\/afinadores\\\/afinadores-cromaticos\\\/afinador-planet-wave-mod-pw-ct-18wb\\\/#primaryimage\"},\"image\":{\"@id\":\"https:\\\/\\\/www.mexicanguitarplayers.com\\\/tienda\\\/accesorios\\\/afinadores-y-metronomos\\\/afinadores\\\/afinadores-cromaticos\\\/afinador-planet-wave-mod-pw-ct-18wb\\\/#primaryimage\"},\"thumbnailUrl\":\"https:\\\/\\\/www.mexicanguitarplayers.com\\\/wp-content\\\/uploads\\\/2022\\\/08\\\/RAPWAPWCT18WB.jpg\",\"datePublished\":\"2022-08-19T02:04:42+00:00\",\"dateModified\":\"2025-09-01T13:56:46+00:00\",\"description\":\"AFINADOR PLANET WAVE MOD. PW-CT-18WB. Afinador crom\u00e1tico de cabezal tipo clip con pantalla a color f\u00e1cil de leer, afinaci\u00f3n r\u00e1pida y precisa por medio de vibraciones, dise\u00f1o giratorio para ajustarse en cualquier \u00e1ngulo, se puede usar tanto en la parte delantera como en la parte trasera del cabezal y tambi\u00e9n en instrumentos de orientaci\u00f3n zurda, la calibraci\u00f3n de tono se puede establecer en el rango de 430 a 450 Hz, funci\u00f3n de apagado autom\u00e1tico despu\u00e9s de 10 minutos sin uso, dimensiones: 60 x 90 x 28 mm, peso: 29 g.\",\"breadcrumb\":{\"@id\":\"https:\\\/\\\/www.mexicanguitarplayers.com\\\/tienda\\\/accesorios\\\/afinadores-y-metronomos\\\/afinadores\\\/afinadores-cromaticos\\\/afinador-planet-wave-mod-pw-ct-18wb\\\/#breadcrumb\"},\"inLanguage\":\"en-US\",\"potentialAction\":[{\"@type\":\"ReadAction\",\"target\":[\"https:\\\/\\\/www.mexicanguitarplayers.com\\\/tienda\\\/accesorios\\\/afinadores-y-metronomos\\\/afinadores\\\/afinadores-cromaticos\\\/afinador-planet-wave-mod-pw-ct-18wb\\\/\"]}]},{\"@type\":\"ImageObject\",\"inLanguage\":\"en-US\",\"@id\":\"https:\\\/\\\/www.mexicanguitarplayers.com\\\/tienda\\\/accesorios\\\/afinadores-y-metronomos\\\/afinadores\\\/afinadores-cromaticos\\\/afinador-planet-wave-mod-pw-ct-18wb\\\/#primaryimage\",\"url\":\"https:\\\/\\\/www.mexicanguitarplayers.com\\\/wp-content\\\/uploads\\\/2022\\\/08\\\/RAPWAPWCT18WB.jpg\",\"contentUrl\":\"https:\\\/\\\/www.mexicanguitarplayers.com\\\/wp-content\\\/uploads\\\/2022\\\/08\\\/RAPWAPWCT18WB.jpg\",\"width\":1200,\"height\":1200},{\"@type\":\"BreadcrumbList\",\"@id\":\"https:\\\/\\\/www.mexicanguitarplayers.com\\\/tienda\\\/accesorios\\\/afinadores-y-metronomos\\\/afinadores\\\/afinadores-cromaticos\\\/afinador-planet-wave-mod-pw-ct-18wb\\\/#breadcrumb\",\"itemListElement\":[{\"@type\":\"ListItem\",\"position\":1,\"name\":\"Portada\",\"item\":\"https:\\\/\\\/www.mexicanguitarplayers.com\\\/\"},{\"@type\":\"ListItem\",\"position\":2,\"name\":\"Tienda\",\"item\":\"https:\\\/\\\/www.mexicanguitarplayers.com\\\/tienda\\\/\"},{\"@type\":\"ListItem\",\"position\":3,\"name\":\"AFINADOR PLANET WAVE MOD. PW-CT-18WB\"}]},{\"@type\":\"WebSite\",\"@id\":\"https:\\\/\\\/www.mexicanguitarplayers.com\\\/#website\",\"url\":\"https:\\\/\\\/www.mexicanguitarplayers.com\\\/\",\"name\":\"Mexican Guitar Players\",\"description\":\"Website\",\"publisher\":{\"@id\":\"https:\\\/\\\/www.mexicanguitarplayers.com\\\/#organization\"},\"potentialAction\":[{\"@type\":\"SearchAction\",\"target\":{\"@type\":\"EntryPoint\",\"urlTemplate\":\"https:\\\/\\\/www.mexicanguitarplayers.com\\\/?s={search_term_string}\"},\"query-input\":{\"@type\":\"PropertyValueSpecification\",\"valueRequired\":true,\"valueName\":\"search_term_string\"}}],\"inLanguage\":\"en-US\"},{\"@type\":\"Organization\",\"@id\":\"https:\\\/\\\/www.mexicanguitarplayers.com\\\/#organization\",\"name\":\"Mexican Guitar Players\",\"url\":\"https:\\\/\\\/www.mexicanguitarplayers.com\\\/\",\"logo\":{\"@type\":\"ImageObject\",\"inLanguage\":\"en-US\",\"@id\":\"https:\\\/\\\/www.mexicanguitarplayers.com\\\/#\\\/schema\\\/logo\\\/image\\\/\",\"url\":\"\",\"contentUrl\":\"\",\"caption\":\"Mexican Guitar Players\"},\"image\":{\"@id\":\"https:\\\/\\\/www.mexicanguitarplayers.com\\\/#\\\/schema\\\/logo\\\/image\\\/\"}}]}<\/script>\n<!-- \/ Yoast SEO plugin. -->","yoast_head_json":{"title":"AFINADOR PLANET WAVE MOD. PW-CT-18WB - Mexican Guitar Players","description":"AFINADOR PLANET WAVE MOD. PW-CT-18WB. Afinador crom\u00e1tico de cabezal tipo clip con pantalla a color f\u00e1cil de leer, afinaci\u00f3n r\u00e1pida y precisa por medio de vibraciones, dise\u00f1o giratorio para ajustarse en cualquier \u00e1ngulo, se puede usar tanto en la parte delantera como en la parte trasera del cabezal y tambi\u00e9n en instrumentos de orientaci\u00f3n zurda, la calibraci\u00f3n de tono se puede establecer en el rango de 430 a 450 Hz, funci\u00f3n de apagado autom\u00e1tico despu\u00e9s de 10 minutos sin uso, dimensiones: 60 x 90 x 28 mm, peso: 29 g.","robots":{"index":"index","follow":"follow","max-snippet":"max-snippet:-1","max-image-preview":"max-image-preview:large","max-video-preview":"max-video-preview:-1"},"canonical":"https:\/\/www.mexicanguitarplayers.com\/en\/tienda\/accesorios\/afinadores-y-metronomos\/afinadores\/afinadores-cromaticos\/afinador-planet-wave-mod-pw-ct-18wb\/","og_locale":"en_US","og_type":"article","og_title":"AFINADOR PLANET WAVE MOD. PW-CT-18WB - Mexican Guitar Players","og_description":"AFINADOR PLANET WAVE MOD. PW-CT-18WB. Afinador crom\u00e1tico de cabezal tipo clip con pantalla a color f\u00e1cil de leer, afinaci\u00f3n r\u00e1pida y precisa por medio de vibraciones, dise\u00f1o giratorio para ajustarse en cualquier \u00e1ngulo, se puede usar tanto en la parte delantera como en la parte trasera del cabezal y tambi\u00e9n en instrumentos de orientaci\u00f3n zurda, la calibraci\u00f3n de tono se puede establecer en el rango de 430 a 450 Hz, funci\u00f3n de apagado autom\u00e1tico despu\u00e9s de 10 minutos sin uso, dimensiones: 60 x 90 x 28 mm, peso: 29 g.","og_url":"https:\/\/www.mexicanguitarplayers.com\/en\/tienda\/accesorios\/afinadores-y-metronomos\/afinadores\/afinadores-cromaticos\/afinador-planet-wave-mod-pw-ct-18wb\/","og_site_name":"Mexican Guitar Players","article_modified_time":"2025-09-01T13:56:46+00:00","og_image":[{"width":1200,"height":1200,"url":"https:\/\/www.mexicanguitarplayers.com\/wp-content\/uploads\/2022\/08\/RAPWAPWCT18WB.jpg","type":"image\/jpeg"}],"twitter_card":"summary_large_image","schema":{"@context":"https:\/\/schema.org","@graph":[{"@type":["WebPage","ItemPage"],"@id":"https:\/\/www.mexicanguitarplayers.com\/tienda\/accesorios\/afinadores-y-metronomos\/afinadores\/afinadores-cromaticos\/afinador-planet-wave-mod-pw-ct-18wb\/","url":"https:\/\/www.mexicanguitarplayers.com\/tienda\/accesorios\/afinadores-y-metronomos\/afinadores\/afinadores-cromaticos\/afinador-planet-wave-mod-pw-ct-18wb\/","name":"AFINADOR PLANET WAVE MOD. PW-CT-18WB - Mexican Guitar Players","isPartOf":{"@id":"https:\/\/www.mexicanguitarplayers.com\/#website"},"primaryImageOfPage":{"@id":"https:\/\/www.mexicanguitarplayers.com\/tienda\/accesorios\/afinadores-y-metronomos\/afinadores\/afinadores-cromaticos\/afinador-planet-wave-mod-pw-ct-18wb\/#primaryimage"},"image":{"@id":"https:\/\/www.mexicanguitarplayers.com\/tienda\/accesorios\/afinadores-y-metronomos\/afinadores\/afinadores-cromaticos\/afinador-planet-wave-mod-pw-ct-18wb\/#primaryimage"},"thumbnailUrl":"https:\/\/www.mexicanguitarplayers.com\/wp-content\/uploads\/2022\/08\/RAPWAPWCT18WB.jpg","datePublished":"2022-08-19T02:04:42+00:00","dateModified":"2025-09-01T13:56:46+00:00","description":"AFINADOR PLANET WAVE MOD. PW-CT-18WB. Afinador crom\u00e1tico de cabezal tipo clip con pantalla a color f\u00e1cil de leer, afinaci\u00f3n r\u00e1pida y precisa por medio de vibraciones, dise\u00f1o giratorio para ajustarse en cualquier \u00e1ngulo, se puede usar tanto en la parte delantera como en la parte trasera del cabezal y tambi\u00e9n en instrumentos de orientaci\u00f3n zurda, la calibraci\u00f3n de tono se puede establecer en el rango de 430 a 450 Hz, funci\u00f3n de apagado autom\u00e1tico despu\u00e9s de 10 minutos sin uso, dimensiones: 60 x 90 x 28 mm, peso: 29 g.","breadcrumb":{"@id":"https:\/\/www.mexicanguitarplayers.com\/tienda\/accesorios\/afinadores-y-metronomos\/afinadores\/afinadores-cromaticos\/afinador-planet-wave-mod-pw-ct-18wb\/#breadcrumb"},"inLanguage":"en-US","potentialAction":[{"@type":"ReadAction","target":["https:\/\/www.mexicanguitarplayers.com\/tienda\/accesorios\/afinadores-y-metronomos\/afinadores\/afinadores-cromaticos\/afinador-planet-wave-mod-pw-ct-18wb\/"]}]},{"@type":"ImageObject","inLanguage":"en-US","@id":"https:\/\/www.mexicanguitarplayers.com\/tienda\/accesorios\/afinadores-y-metronomos\/afinadores\/afinadores-cromaticos\/afinador-planet-wave-mod-pw-ct-18wb\/#primaryimage","url":"https:\/\/www.mexicanguitarplayers.com\/wp-content\/uploads\/2022\/08\/RAPWAPWCT18WB.jpg","contentUrl":"https:\/\/www.mexicanguitarplayers.com\/wp-content\/uploads\/2022\/08\/RAPWAPWCT18WB.jpg","width":1200,"height":1200},{"@type":"BreadcrumbList","@id":"https:\/\/www.mexicanguitarplayers.com\/tienda\/accesorios\/afinadores-y-metronomos\/afinadores\/afinadores-cromaticos\/afinador-planet-wave-mod-pw-ct-18wb\/#breadcrumb","itemListElement":[{"@type":"ListItem","position":1,"name":"Portada","item":"https:\/\/www.mexicanguitarplayers.com\/"},{"@type":"ListItem","position":2,"name":"Tienda","item":"https:\/\/www.mexicanguitarplayers.com\/tienda\/"},{"@type":"ListItem","position":3,"name":"AFINADOR PLANET WAVE MOD. PW-CT-18WB"}]},{"@type":"WebSite","@id":"https:\/\/www.mexicanguitarplayers.com\/#website","url":"https:\/\/www.mexicanguitarplayers.com\/","name":"Mexican Guitar Players","description":"Website","publisher":{"@id":"https:\/\/www.mexicanguitarplayers.com\/#organization"},"potentialAction":[{"@type":"SearchAction","target":{"@type":"EntryPoint","urlTemplate":"https:\/\/www.mexicanguitarplayers.com\/?s={search_term_string}"},"query-input":{"@type":"PropertyValueSpecification","valueRequired":true,"valueName":"search_term_string"}}],"inLanguage":"en-US"},{"@type":"Organization","@id":"https:\/\/www.mexicanguitarplayers.com\/#organization","name":"Mexican Guitar Players","url":"https:\/\/www.mexicanguitarplayers.com\/","logo":{"@type":"ImageObject","inLanguage":"en-US","@id":"https:\/\/www.mexicanguitarplayers.com\/#\/schema\/logo\/image\/","url":"","contentUrl":"","caption":"Mexican Guitar Players"},"image":{"@id":"https:\/\/www.mexicanguitarplayers.com\/#\/schema\/logo\/image\/"}}]}},"brands":[{"id":604,"name":"PLANET WAVES","slug":"planet-waves"}],"_links":{"self":[{"href":"https:\/\/www.mexicanguitarplayers.com\/en\/wp-json\/wp\/v2\/product\/19729","targetHints":{"allow":["GET"]}}],"collection":[{"href":"https:\/\/www.mexicanguitarplayers.com\/en\/wp-json\/wp\/v2\/product"}],"about":[{"href":"https:\/\/www.mexicanguitarplayers.com\/en\/wp-json\/wp\/v2\/types\/product"}],"replies":[{"embeddable":true,"href":"https:\/\/www.mexicanguitarplayers.com\/en\/wp-json\/wp\/v2\/comments?post=19729"}],"wp:featuredmedia":[{"embeddable":true,"href":"https:\/\/www.mexicanguitarplayers.com\/en\/wp-json\/wp\/v2\/media\/19724"}],"wp:attachment":[{"href":"https:\/\/www.mexicanguitarplayers.com\/en\/wp-json\/wp\/v2\/media?parent=19729"}],"wp:term":[{"taxonomy":"pwb-brand","embeddable":true,"href":"https:\/\/www.mexicanguitarplayers.com\/en\/wp-json\/wp\/v2\/pwb-brand?post=19729"},{"taxonomy":"product_brand","embeddable":true,"href":"https:\/\/www.mexicanguitarplayers.com\/en\/wp-json\/wp\/v2\/product_brand?post=19729"},{"taxonomy":"product_cat","embeddable":true,"href":"https:\/\/www.mexicanguitarplayers.com\/en\/wp-json\/wp\/v2\/product_cat?post=19729"},{"taxonomy":"product_tag","embeddable":true,"href":"https:\/\/www.mexicanguitarplayers.com\/en\/wp-json\/wp\/v2\/product_tag?post=19729"}],"curies":[{"name":"wp","href":"https:\/\/api.w.org\/{rel}","templated":true}]}}