{"id":19733,"date":"2022-08-18T21:04:50","date_gmt":"2022-08-19T02:04:50","guid":{"rendered":"https:\/\/www.mexicanguitarplayers.com\/tienda\/sin%20categor\u00eda\/afinador-planet-wave-mod-pw-ct-20\/"},"modified":"2026-04-10T04:54:48","modified_gmt":"2026-04-10T10:54:48","slug":"afinador-planet-wave-mod-pw-ct-20","status":"publish","type":"product","link":"https:\/\/www.mexicanguitarplayers.com\/en\/tienda\/accesorios\/afinadores-y-metronomos\/afinadores\/para-guitarra-afinadores\/afinador-planet-wave-mod-pw-ct-20\/","title":{"rendered":"PLANET WAVE TUNER MOD. PW-CT-20"},"content":{"rendered":"<div style=\"text-align: justify\">\n<div>\n<h3>PLANET WAVE TUNER MOD. PW-CT-20<\/h3>\n<\/div>\n<div>Chromatic tuner pedal, 32-bit processor for fast response, true-bypass wiring, vertical full-color display, lightweight design, runs on 9V battery (included) or power adapter not included (PW-CT recommended) -9V by D&#039;Addario), design by musicians for musicians.<\/div>\n<\/div>","protected":false},"excerpt":{"rendered":"<p>Pedal afinador crom\u00e1tico, procesador de 32 bits para una r\u00e1pida respuesta, cableado true-bypass, pantalla vertical a todo color, dise\u00f1o ligero, funciona con una pila de 9V (incluida) o un adaptador de corriente no incluido (se recomienda el PW-CT-9V de D\u2019Addario), dise\u00f1o de m\u00fasicos para m\u00fasicos.&hellip; <a class=\"kt-excerpt-readmore more-link\" href=\"https:\/\/www.mexicanguitarplayers.com\/en\/tienda\/accesorios\/afinadores-y-metronomos\/afinadores\/para-guitarra-afinadores\/afinador-planet-wave-mod-pw-ct-20\/\">Read more<\/a><\/p>","protected":false},"featured_media":19730,"comment_status":"open","ping_status":"closed","template":"","meta":{"kt_blocks_editor_width":""},"pwb-brand":[604],"product_brand":[],"product_cat":[85,423,422,593],"product_tag":[],"class_list":{"0":"post-19733","1":"product","2":"type-product","3":"status-publish","4":"has-post-thumbnail","6":"pwb-brand-planet-waves","7":"product_cat-accesorios","8":"product_cat-afinadores","9":"product_cat-afinadores-y-metronomos","10":"product_cat-para-guitarra-afinadores","11":"product_shipping_class-0-5-kg","13":"first","14":"outofstock","15":"taxable","16":"shipping-taxable","17":"purchasable","18":"product-type-simple"},"yoast_head":"<!-- This site is optimized with the Yoast SEO plugin v27.5 - https:\/\/yoast.com\/product\/yoast-seo-wordpress\/ -->\n<title>AFINADOR PLANET WAVE MOD. PW-CT-20 - Mexican Guitar Players<\/title>\n<meta name=\"description\" content=\"AFINADOR PLANET WAVE MOD. PW-CT-20. Pedal afinador crom\u00e1tico, procesador de 32 bits para una r\u00e1pida respuesta, cableado true-bypass, pantalla vertical a todo color, dise\u00f1o ligero, funciona con una pila de 9V (incluida) o un adaptador de corriente no incluido (se recomienda el PW-CT-9V de D\u2019Addario), dise\u00f1o de m\u00fasicos para m\u00fasicos.\" \/>\n<meta name=\"robots\" content=\"index, follow, max-snippet:-1, max-image-preview:large, max-video-preview:-1\" \/>\n<link rel=\"canonical\" href=\"https:\/\/www.mexicanguitarplayers.com\/en\/tienda\/accesorios\/afinadores-y-metronomos\/afinadores\/para-guitarra-afinadores\/afinador-planet-wave-mod-pw-ct-20\/\" \/>\n<meta property=\"og:locale\" content=\"en_US\" \/>\n<meta property=\"og:type\" content=\"article\" \/>\n<meta property=\"og:title\" content=\"AFINADOR PLANET WAVE MOD. PW-CT-20 - Mexican Guitar Players\" \/>\n<meta property=\"og:description\" content=\"AFINADOR PLANET WAVE MOD. PW-CT-20. Pedal afinador crom\u00e1tico, procesador de 32 bits para una r\u00e1pida respuesta, cableado true-bypass, pantalla vertical a todo color, dise\u00f1o ligero, funciona con una pila de 9V (incluida) o un adaptador de corriente no incluido (se recomienda el PW-CT-9V de D\u2019Addario), dise\u00f1o de m\u00fasicos para m\u00fasicos.\" \/>\n<meta property=\"og:url\" content=\"https:\/\/www.mexicanguitarplayers.com\/en\/tienda\/accesorios\/afinadores-y-metronomos\/afinadores\/para-guitarra-afinadores\/afinador-planet-wave-mod-pw-ct-20\/\" \/>\n<meta property=\"og:site_name\" content=\"Mexican Guitar Players\" \/>\n<meta property=\"article:modified_time\" content=\"2026-04-10T10:54:48+00:00\" \/>\n<meta property=\"og:image\" content=\"https:\/\/www.mexicanguitarplayers.com\/wp-content\/uploads\/2022\/08\/RAPWAPWCT20.jpg\" \/>\n\t<meta property=\"og:image:width\" content=\"1200\" \/>\n\t<meta property=\"og:image:height\" content=\"1200\" \/>\n\t<meta property=\"og:image:type\" content=\"image\/jpeg\" \/>\n<meta name=\"twitter:card\" content=\"summary_large_image\" \/>\n<script type=\"application\/ld+json\" class=\"yoast-schema-graph\">{\"@context\":\"https:\\\/\\\/schema.org\",\"@graph\":[{\"@type\":[\"WebPage\",\"ItemPage\"],\"@id\":\"https:\\\/\\\/www.mexicanguitarplayers.com\\\/tienda\\\/accesorios\\\/afinadores-y-metronomos\\\/afinadores\\\/para-guitarra-afinadores\\\/afinador-planet-wave-mod-pw-ct-20\\\/\",\"url\":\"https:\\\/\\\/www.mexicanguitarplayers.com\\\/tienda\\\/accesorios\\\/afinadores-y-metronomos\\\/afinadores\\\/para-guitarra-afinadores\\\/afinador-planet-wave-mod-pw-ct-20\\\/\",\"name\":\"AFINADOR PLANET WAVE MOD. PW-CT-20 - Mexican Guitar Players\",\"isPartOf\":{\"@id\":\"https:\\\/\\\/www.mexicanguitarplayers.com\\\/#website\"},\"primaryImageOfPage\":{\"@id\":\"https:\\\/\\\/www.mexicanguitarplayers.com\\\/tienda\\\/accesorios\\\/afinadores-y-metronomos\\\/afinadores\\\/para-guitarra-afinadores\\\/afinador-planet-wave-mod-pw-ct-20\\\/#primaryimage\"},\"image\":{\"@id\":\"https:\\\/\\\/www.mexicanguitarplayers.com\\\/tienda\\\/accesorios\\\/afinadores-y-metronomos\\\/afinadores\\\/para-guitarra-afinadores\\\/afinador-planet-wave-mod-pw-ct-20\\\/#primaryimage\"},\"thumbnailUrl\":\"https:\\\/\\\/www.mexicanguitarplayers.com\\\/wp-content\\\/uploads\\\/2022\\\/08\\\/RAPWAPWCT20.jpg\",\"datePublished\":\"2022-08-19T02:04:50+00:00\",\"dateModified\":\"2026-04-10T10:54:48+00:00\",\"description\":\"AFINADOR PLANET WAVE MOD. PW-CT-20. Pedal afinador crom\u00e1tico, procesador de 32 bits para una r\u00e1pida respuesta, cableado true-bypass, pantalla vertical a todo color, dise\u00f1o ligero, funciona con una pila de 9V (incluida) o un adaptador de corriente no incluido (se recomienda el PW-CT-9V de D\u2019Addario), dise\u00f1o de m\u00fasicos para m\u00fasicos.\",\"breadcrumb\":{\"@id\":\"https:\\\/\\\/www.mexicanguitarplayers.com\\\/tienda\\\/accesorios\\\/afinadores-y-metronomos\\\/afinadores\\\/para-guitarra-afinadores\\\/afinador-planet-wave-mod-pw-ct-20\\\/#breadcrumb\"},\"inLanguage\":\"en-US\",\"potentialAction\":[{\"@type\":\"ReadAction\",\"target\":[\"https:\\\/\\\/www.mexicanguitarplayers.com\\\/tienda\\\/accesorios\\\/afinadores-y-metronomos\\\/afinadores\\\/para-guitarra-afinadores\\\/afinador-planet-wave-mod-pw-ct-20\\\/\"]}]},{\"@type\":\"ImageObject\",\"inLanguage\":\"en-US\",\"@id\":\"https:\\\/\\\/www.mexicanguitarplayers.com\\\/tienda\\\/accesorios\\\/afinadores-y-metronomos\\\/afinadores\\\/para-guitarra-afinadores\\\/afinador-planet-wave-mod-pw-ct-20\\\/#primaryimage\",\"url\":\"https:\\\/\\\/www.mexicanguitarplayers.com\\\/wp-content\\\/uploads\\\/2022\\\/08\\\/RAPWAPWCT20.jpg\",\"contentUrl\":\"https:\\\/\\\/www.mexicanguitarplayers.com\\\/wp-content\\\/uploads\\\/2022\\\/08\\\/RAPWAPWCT20.jpg\",\"width\":1200,\"height\":1200},{\"@type\":\"BreadcrumbList\",\"@id\":\"https:\\\/\\\/www.mexicanguitarplayers.com\\\/tienda\\\/accesorios\\\/afinadores-y-metronomos\\\/afinadores\\\/para-guitarra-afinadores\\\/afinador-planet-wave-mod-pw-ct-20\\\/#breadcrumb\",\"itemListElement\":[{\"@type\":\"ListItem\",\"position\":1,\"name\":\"Portada\",\"item\":\"https:\\\/\\\/www.mexicanguitarplayers.com\\\/\"},{\"@type\":\"ListItem\",\"position\":2,\"name\":\"Tienda\",\"item\":\"https:\\\/\\\/www.mexicanguitarplayers.com\\\/tienda\\\/\"},{\"@type\":\"ListItem\",\"position\":3,\"name\":\"AFINADOR PLANET WAVE MOD. PW-CT-20\"}]},{\"@type\":\"WebSite\",\"@id\":\"https:\\\/\\\/www.mexicanguitarplayers.com\\\/#website\",\"url\":\"https:\\\/\\\/www.mexicanguitarplayers.com\\\/\",\"name\":\"Mexican Guitar Players\",\"description\":\"Website\",\"publisher\":{\"@id\":\"https:\\\/\\\/www.mexicanguitarplayers.com\\\/#organization\"},\"potentialAction\":[{\"@type\":\"SearchAction\",\"target\":{\"@type\":\"EntryPoint\",\"urlTemplate\":\"https:\\\/\\\/www.mexicanguitarplayers.com\\\/?s={search_term_string}\"},\"query-input\":{\"@type\":\"PropertyValueSpecification\",\"valueRequired\":true,\"valueName\":\"search_term_string\"}}],\"inLanguage\":\"en-US\"},{\"@type\":\"Organization\",\"@id\":\"https:\\\/\\\/www.mexicanguitarplayers.com\\\/#organization\",\"name\":\"Mexican Guitar Players\",\"url\":\"https:\\\/\\\/www.mexicanguitarplayers.com\\\/\",\"logo\":{\"@type\":\"ImageObject\",\"inLanguage\":\"en-US\",\"@id\":\"https:\\\/\\\/www.mexicanguitarplayers.com\\\/#\\\/schema\\\/logo\\\/image\\\/\",\"url\":\"\",\"contentUrl\":\"\",\"caption\":\"Mexican Guitar Players\"},\"image\":{\"@id\":\"https:\\\/\\\/www.mexicanguitarplayers.com\\\/#\\\/schema\\\/logo\\\/image\\\/\"}}]}<\/script>\n<!-- \/ Yoast SEO plugin. -->","yoast_head_json":{"title":"AFINADOR PLANET WAVE MOD. PW-CT-20 - Mexican Guitar Players","description":"AFINADOR PLANET WAVE MOD. PW-CT-20. Pedal afinador crom\u00e1tico, procesador de 32 bits para una r\u00e1pida respuesta, cableado true-bypass, pantalla vertical a todo color, dise\u00f1o ligero, funciona con una pila de 9V (incluida) o un adaptador de corriente no incluido (se recomienda el PW-CT-9V de D\u2019Addario), dise\u00f1o de m\u00fasicos para m\u00fasicos.","robots":{"index":"index","follow":"follow","max-snippet":"max-snippet:-1","max-image-preview":"max-image-preview:large","max-video-preview":"max-video-preview:-1"},"canonical":"https:\/\/www.mexicanguitarplayers.com\/en\/tienda\/accesorios\/afinadores-y-metronomos\/afinadores\/para-guitarra-afinadores\/afinador-planet-wave-mod-pw-ct-20\/","og_locale":"en_US","og_type":"article","og_title":"AFINADOR PLANET WAVE MOD. PW-CT-20 - Mexican Guitar Players","og_description":"AFINADOR PLANET WAVE MOD. PW-CT-20. Pedal afinador crom\u00e1tico, procesador de 32 bits para una r\u00e1pida respuesta, cableado true-bypass, pantalla vertical a todo color, dise\u00f1o ligero, funciona con una pila de 9V (incluida) o un adaptador de corriente no incluido (se recomienda el PW-CT-9V de D\u2019Addario), dise\u00f1o de m\u00fasicos para m\u00fasicos.","og_url":"https:\/\/www.mexicanguitarplayers.com\/en\/tienda\/accesorios\/afinadores-y-metronomos\/afinadores\/para-guitarra-afinadores\/afinador-planet-wave-mod-pw-ct-20\/","og_site_name":"Mexican Guitar Players","article_modified_time":"2026-04-10T10:54:48+00:00","og_image":[{"width":1200,"height":1200,"url":"https:\/\/www.mexicanguitarplayers.com\/wp-content\/uploads\/2022\/08\/RAPWAPWCT20.jpg","type":"image\/jpeg"}],"twitter_card":"summary_large_image","schema":{"@context":"https:\/\/schema.org","@graph":[{"@type":["WebPage","ItemPage"],"@id":"https:\/\/www.mexicanguitarplayers.com\/tienda\/accesorios\/afinadores-y-metronomos\/afinadores\/para-guitarra-afinadores\/afinador-planet-wave-mod-pw-ct-20\/","url":"https:\/\/www.mexicanguitarplayers.com\/tienda\/accesorios\/afinadores-y-metronomos\/afinadores\/para-guitarra-afinadores\/afinador-planet-wave-mod-pw-ct-20\/","name":"AFINADOR PLANET WAVE MOD. PW-CT-20 - Mexican Guitar Players","isPartOf":{"@id":"https:\/\/www.mexicanguitarplayers.com\/#website"},"primaryImageOfPage":{"@id":"https:\/\/www.mexicanguitarplayers.com\/tienda\/accesorios\/afinadores-y-metronomos\/afinadores\/para-guitarra-afinadores\/afinador-planet-wave-mod-pw-ct-20\/#primaryimage"},"image":{"@id":"https:\/\/www.mexicanguitarplayers.com\/tienda\/accesorios\/afinadores-y-metronomos\/afinadores\/para-guitarra-afinadores\/afinador-planet-wave-mod-pw-ct-20\/#primaryimage"},"thumbnailUrl":"https:\/\/www.mexicanguitarplayers.com\/wp-content\/uploads\/2022\/08\/RAPWAPWCT20.jpg","datePublished":"2022-08-19T02:04:50+00:00","dateModified":"2026-04-10T10:54:48+00:00","description":"AFINADOR PLANET WAVE MOD. PW-CT-20. Pedal afinador crom\u00e1tico, procesador de 32 bits para una r\u00e1pida respuesta, cableado true-bypass, pantalla vertical a todo color, dise\u00f1o ligero, funciona con una pila de 9V (incluida) o un adaptador de corriente no incluido (se recomienda el PW-CT-9V de D\u2019Addario), dise\u00f1o de m\u00fasicos para m\u00fasicos.","breadcrumb":{"@id":"https:\/\/www.mexicanguitarplayers.com\/tienda\/accesorios\/afinadores-y-metronomos\/afinadores\/para-guitarra-afinadores\/afinador-planet-wave-mod-pw-ct-20\/#breadcrumb"},"inLanguage":"en-US","potentialAction":[{"@type":"ReadAction","target":["https:\/\/www.mexicanguitarplayers.com\/tienda\/accesorios\/afinadores-y-metronomos\/afinadores\/para-guitarra-afinadores\/afinador-planet-wave-mod-pw-ct-20\/"]}]},{"@type":"ImageObject","inLanguage":"en-US","@id":"https:\/\/www.mexicanguitarplayers.com\/tienda\/accesorios\/afinadores-y-metronomos\/afinadores\/para-guitarra-afinadores\/afinador-planet-wave-mod-pw-ct-20\/#primaryimage","url":"https:\/\/www.mexicanguitarplayers.com\/wp-content\/uploads\/2022\/08\/RAPWAPWCT20.jpg","contentUrl":"https:\/\/www.mexicanguitarplayers.com\/wp-content\/uploads\/2022\/08\/RAPWAPWCT20.jpg","width":1200,"height":1200},{"@type":"BreadcrumbList","@id":"https:\/\/www.mexicanguitarplayers.com\/tienda\/accesorios\/afinadores-y-metronomos\/afinadores\/para-guitarra-afinadores\/afinador-planet-wave-mod-pw-ct-20\/#breadcrumb","itemListElement":[{"@type":"ListItem","position":1,"name":"Portada","item":"https:\/\/www.mexicanguitarplayers.com\/"},{"@type":"ListItem","position":2,"name":"Tienda","item":"https:\/\/www.mexicanguitarplayers.com\/tienda\/"},{"@type":"ListItem","position":3,"name":"AFINADOR PLANET WAVE MOD. PW-CT-20"}]},{"@type":"WebSite","@id":"https:\/\/www.mexicanguitarplayers.com\/#website","url":"https:\/\/www.mexicanguitarplayers.com\/","name":"Mexican Guitar Players","description":"Website","publisher":{"@id":"https:\/\/www.mexicanguitarplayers.com\/#organization"},"potentialAction":[{"@type":"SearchAction","target":{"@type":"EntryPoint","urlTemplate":"https:\/\/www.mexicanguitarplayers.com\/?s={search_term_string}"},"query-input":{"@type":"PropertyValueSpecification","valueRequired":true,"valueName":"search_term_string"}}],"inLanguage":"en-US"},{"@type":"Organization","@id":"https:\/\/www.mexicanguitarplayers.com\/#organization","name":"Mexican Guitar Players","url":"https:\/\/www.mexicanguitarplayers.com\/","logo":{"@type":"ImageObject","inLanguage":"en-US","@id":"https:\/\/www.mexicanguitarplayers.com\/#\/schema\/logo\/image\/","url":"","contentUrl":"","caption":"Mexican Guitar Players"},"image":{"@id":"https:\/\/www.mexicanguitarplayers.com\/#\/schema\/logo\/image\/"}}]}},"brands":[{"id":604,"name":"PLANET WAVES","slug":"planet-waves"}],"_links":{"self":[{"href":"https:\/\/www.mexicanguitarplayers.com\/en\/wp-json\/wp\/v2\/product\/19733","targetHints":{"allow":["GET"]}}],"collection":[{"href":"https:\/\/www.mexicanguitarplayers.com\/en\/wp-json\/wp\/v2\/product"}],"about":[{"href":"https:\/\/www.mexicanguitarplayers.com\/en\/wp-json\/wp\/v2\/types\/product"}],"replies":[{"embeddable":true,"href":"https:\/\/www.mexicanguitarplayers.com\/en\/wp-json\/wp\/v2\/comments?post=19733"}],"wp:featuredmedia":[{"embeddable":true,"href":"https:\/\/www.mexicanguitarplayers.com\/en\/wp-json\/wp\/v2\/media\/19730"}],"wp:attachment":[{"href":"https:\/\/www.mexicanguitarplayers.com\/en\/wp-json\/wp\/v2\/media?parent=19733"}],"wp:term":[{"taxonomy":"pwb-brand","embeddable":true,"href":"https:\/\/www.mexicanguitarplayers.com\/en\/wp-json\/wp\/v2\/pwb-brand?post=19733"},{"taxonomy":"product_brand","embeddable":true,"href":"https:\/\/www.mexicanguitarplayers.com\/en\/wp-json\/wp\/v2\/product_brand?post=19733"},{"taxonomy":"product_cat","embeddable":true,"href":"https:\/\/www.mexicanguitarplayers.com\/en\/wp-json\/wp\/v2\/product_cat?post=19733"},{"taxonomy":"product_tag","embeddable":true,"href":"https:\/\/www.mexicanguitarplayers.com\/en\/wp-json\/wp\/v2\/product_tag?post=19733"}],"curies":[{"name":"wp","href":"https:\/\/api.w.org\/{rel}","templated":true}]}}