{"id":19894,"date":"2022-08-18T21:09:43","date_gmt":"2022-08-19T02:09:43","guid":{"rendered":"https:\/\/www.mexicanguitarplayers.com\/tienda\/sin%20categor\u00eda\/cable-planet-wave-p-audio-pw-mp-05\/"},"modified":"2026-01-17T05:06:27","modified_gmt":"2026-01-17T11:06:27","slug":"cable-planet-wave-p-audio-pw-mp-05","status":"publish","type":"product","link":"https:\/\/www.mexicanguitarplayers.com\/en\/tienda\/audio\/cables\/cables-bulk\/cables-para-bocina\/cable-planet-wave-p-audio-pw-mp-05\/","title":{"rendered":"PLANET WAVE P\/AUDIO CABLE PW-MP-05"},"content":{"rendered":"<div style=\"text-align: justify\">\n<div>\n<h3>PLANET WAVE P\/AUDIO CABLE PW-MP-05<\/h3>\n<\/div>\n<div>RCA to mini jack stereo audio cable, 5 feet (1.52 meters), In=Out technology provides low capacitance for pure signal transparency, two-layer shielding provides increased noise rejection for quiet operation, a Great accessory for connecting audio devices to home theater systems.<\/div>\n<\/div>","protected":false},"excerpt":{"rendered":"<p>Cable de audio est\u00e9reo de RCA a mini jack, 5 pies (1.52 metros), tecnolog\u00eda In=Out que proporciona una baja capacitancia para una transparencia pura de la se\u00f1al, dos capas de blindaje que proporciona mayor rechazo al ruido para un funcionamiento silencioso, un gran accesorio para conectar dispositivos de audio a sistemas home theater.&hellip; <a class=\"kt-excerpt-readmore more-link\" href=\"https:\/\/www.mexicanguitarplayers.com\/en\/tienda\/audio\/cables\/cables-bulk\/cables-para-bocina\/cable-planet-wave-p-audio-pw-mp-05\/\">Read more<\/a><\/p>","protected":false},"featured_media":19893,"comment_status":"open","ping_status":"closed","template":"","meta":{"kt_blocks_editor_width":""},"pwb-brand":[604],"product_brand":[],"product_cat":[213,358,499,629],"product_tag":[],"class_list":{"0":"post-19894","1":"product","2":"type-product","3":"status-publish","4":"has-post-thumbnail","6":"pwb-brand-planet-waves","7":"product_cat-audio","8":"product_cat-cables","9":"product_cat-cables-bulk","10":"product_cat-cables-para-bocina","11":"product_shipping_class-0-5-kg","13":"first","14":"instock","15":"taxable","16":"shipping-taxable","17":"purchasable","18":"product-type-simple"},"yoast_head":"<!-- This site is optimized with the Yoast SEO plugin v27.3 - https:\/\/yoast.com\/product\/yoast-seo-wordpress\/ -->\n<title>CABLE PLANET WAVE P\/AUDIO PW-MP-05 - Mexican Guitar Players<\/title>\n<meta name=\"description\" content=\"CABLE PLANET WAVE P\/AUDIO PW-MP-05. Cable de audio est\u00e9reo de RCA a mini jack, 5 pies (1.52 metros), tecnolog\u00eda In=Out que proporciona una baja capacitancia para una transparencia pura de la se\u00f1al, dos capas de blindaje que proporciona mayor rechazo al ruido para un funcionamiento silencioso, un gran accesorio para conectar dispositivos de audio a sistemas home theater.\" \/>\n<meta name=\"robots\" content=\"index, follow, max-snippet:-1, max-image-preview:large, max-video-preview:-1\" \/>\n<link rel=\"canonical\" href=\"https:\/\/www.mexicanguitarplayers.com\/en\/tienda\/audio\/cables\/cables-bulk\/cables-para-bocina\/cable-planet-wave-p-audio-pw-mp-05\/\" \/>\n<meta property=\"og:locale\" content=\"en_US\" \/>\n<meta property=\"og:type\" content=\"article\" \/>\n<meta property=\"og:title\" content=\"CABLE PLANET WAVE P\/AUDIO PW-MP-05 - Mexican Guitar Players\" \/>\n<meta property=\"og:description\" content=\"CABLE PLANET WAVE P\/AUDIO PW-MP-05. Cable de audio est\u00e9reo de RCA a mini jack, 5 pies (1.52 metros), tecnolog\u00eda In=Out que proporciona una baja capacitancia para una transparencia pura de la se\u00f1al, dos capas de blindaje que proporciona mayor rechazo al ruido para un funcionamiento silencioso, un gran accesorio para conectar dispositivos de audio a sistemas home theater.\" \/>\n<meta property=\"og:url\" content=\"https:\/\/www.mexicanguitarplayers.com\/en\/tienda\/audio\/cables\/cables-bulk\/cables-para-bocina\/cable-planet-wave-p-audio-pw-mp-05\/\" \/>\n<meta property=\"og:site_name\" content=\"Mexican Guitar Players\" \/>\n<meta property=\"article:modified_time\" content=\"2026-01-17T11:06:27+00:00\" \/>\n<meta property=\"og:image\" content=\"https:\/\/www.mexicanguitarplayers.com\/wp-content\/uploads\/2022\/08\/RAPWAPWMP05.jpg\" \/>\n\t<meta property=\"og:image:width\" content=\"1200\" \/>\n\t<meta property=\"og:image:height\" content=\"1200\" \/>\n\t<meta property=\"og:image:type\" content=\"image\/jpeg\" \/>\n<meta name=\"twitter:card\" content=\"summary_large_image\" \/>\n<script type=\"application\/ld+json\" class=\"yoast-schema-graph\">{\"@context\":\"https:\\\/\\\/schema.org\",\"@graph\":[{\"@type\":[\"WebPage\",\"ItemPage\"],\"@id\":\"https:\\\/\\\/www.mexicanguitarplayers.com\\\/tienda\\\/audio\\\/cables\\\/cables-bulk\\\/cables-para-bocina\\\/cable-planet-wave-p-audio-pw-mp-05\\\/\",\"url\":\"https:\\\/\\\/www.mexicanguitarplayers.com\\\/tienda\\\/audio\\\/cables\\\/cables-bulk\\\/cables-para-bocina\\\/cable-planet-wave-p-audio-pw-mp-05\\\/\",\"name\":\"CABLE PLANET WAVE P\\\/AUDIO PW-MP-05 - Mexican Guitar Players\",\"isPartOf\":{\"@id\":\"https:\\\/\\\/www.mexicanguitarplayers.com\\\/#website\"},\"primaryImageOfPage\":{\"@id\":\"https:\\\/\\\/www.mexicanguitarplayers.com\\\/tienda\\\/audio\\\/cables\\\/cables-bulk\\\/cables-para-bocina\\\/cable-planet-wave-p-audio-pw-mp-05\\\/#primaryimage\"},\"image\":{\"@id\":\"https:\\\/\\\/www.mexicanguitarplayers.com\\\/tienda\\\/audio\\\/cables\\\/cables-bulk\\\/cables-para-bocina\\\/cable-planet-wave-p-audio-pw-mp-05\\\/#primaryimage\"},\"thumbnailUrl\":\"https:\\\/\\\/www.mexicanguitarplayers.com\\\/wp-content\\\/uploads\\\/2022\\\/08\\\/RAPWAPWMP05.jpg\",\"datePublished\":\"2022-08-19T02:09:43+00:00\",\"dateModified\":\"2026-01-17T11:06:27+00:00\",\"description\":\"CABLE PLANET WAVE P\\\/AUDIO PW-MP-05. Cable de audio est\u00e9reo de RCA a mini jack, 5 pies (1.52 metros), tecnolog\u00eda In=Out que proporciona una baja capacitancia para una transparencia pura de la se\u00f1al, dos capas de blindaje que proporciona mayor rechazo al ruido para un funcionamiento silencioso, un gran accesorio para conectar dispositivos de audio a sistemas home theater.\",\"breadcrumb\":{\"@id\":\"https:\\\/\\\/www.mexicanguitarplayers.com\\\/tienda\\\/audio\\\/cables\\\/cables-bulk\\\/cables-para-bocina\\\/cable-planet-wave-p-audio-pw-mp-05\\\/#breadcrumb\"},\"inLanguage\":\"en-US\",\"potentialAction\":[{\"@type\":\"ReadAction\",\"target\":[\"https:\\\/\\\/www.mexicanguitarplayers.com\\\/tienda\\\/audio\\\/cables\\\/cables-bulk\\\/cables-para-bocina\\\/cable-planet-wave-p-audio-pw-mp-05\\\/\"]}]},{\"@type\":\"ImageObject\",\"inLanguage\":\"en-US\",\"@id\":\"https:\\\/\\\/www.mexicanguitarplayers.com\\\/tienda\\\/audio\\\/cables\\\/cables-bulk\\\/cables-para-bocina\\\/cable-planet-wave-p-audio-pw-mp-05\\\/#primaryimage\",\"url\":\"https:\\\/\\\/www.mexicanguitarplayers.com\\\/wp-content\\\/uploads\\\/2022\\\/08\\\/RAPWAPWMP05.jpg\",\"contentUrl\":\"https:\\\/\\\/www.mexicanguitarplayers.com\\\/wp-content\\\/uploads\\\/2022\\\/08\\\/RAPWAPWMP05.jpg\",\"width\":1200,\"height\":1200},{\"@type\":\"BreadcrumbList\",\"@id\":\"https:\\\/\\\/www.mexicanguitarplayers.com\\\/tienda\\\/audio\\\/cables\\\/cables-bulk\\\/cables-para-bocina\\\/cable-planet-wave-p-audio-pw-mp-05\\\/#breadcrumb\",\"itemListElement\":[{\"@type\":\"ListItem\",\"position\":1,\"name\":\"Portada\",\"item\":\"https:\\\/\\\/www.mexicanguitarplayers.com\\\/\"},{\"@type\":\"ListItem\",\"position\":2,\"name\":\"Tienda\",\"item\":\"https:\\\/\\\/www.mexicanguitarplayers.com\\\/tienda\\\/\"},{\"@type\":\"ListItem\",\"position\":3,\"name\":\"CABLE PLANET WAVE P\\\/AUDIO PW-MP-05\"}]},{\"@type\":\"WebSite\",\"@id\":\"https:\\\/\\\/www.mexicanguitarplayers.com\\\/#website\",\"url\":\"https:\\\/\\\/www.mexicanguitarplayers.com\\\/\",\"name\":\"Mexican Guitar Players\",\"description\":\"Website\",\"publisher\":{\"@id\":\"https:\\\/\\\/www.mexicanguitarplayers.com\\\/#organization\"},\"potentialAction\":[{\"@type\":\"SearchAction\",\"target\":{\"@type\":\"EntryPoint\",\"urlTemplate\":\"https:\\\/\\\/www.mexicanguitarplayers.com\\\/?s={search_term_string}\"},\"query-input\":{\"@type\":\"PropertyValueSpecification\",\"valueRequired\":true,\"valueName\":\"search_term_string\"}}],\"inLanguage\":\"en-US\"},{\"@type\":\"Organization\",\"@id\":\"https:\\\/\\\/www.mexicanguitarplayers.com\\\/#organization\",\"name\":\"Mexican Guitar Players\",\"url\":\"https:\\\/\\\/www.mexicanguitarplayers.com\\\/\",\"logo\":{\"@type\":\"ImageObject\",\"inLanguage\":\"en-US\",\"@id\":\"https:\\\/\\\/www.mexicanguitarplayers.com\\\/#\\\/schema\\\/logo\\\/image\\\/\",\"url\":\"\",\"contentUrl\":\"\",\"caption\":\"Mexican Guitar Players\"},\"image\":{\"@id\":\"https:\\\/\\\/www.mexicanguitarplayers.com\\\/#\\\/schema\\\/logo\\\/image\\\/\"}}]}<\/script>\n<!-- \/ Yoast SEO plugin. -->","yoast_head_json":{"title":"CABLE PLANET WAVE P\/AUDIO PW-MP-05 - Mexican Guitar Players","description":"CABLE PLANET WAVE P\/AUDIO PW-MP-05. Cable de audio est\u00e9reo de RCA a mini jack, 5 pies (1.52 metros), tecnolog\u00eda In=Out que proporciona una baja capacitancia para una transparencia pura de la se\u00f1al, dos capas de blindaje que proporciona mayor rechazo al ruido para un funcionamiento silencioso, un gran accesorio para conectar dispositivos de audio a sistemas home theater.","robots":{"index":"index","follow":"follow","max-snippet":"max-snippet:-1","max-image-preview":"max-image-preview:large","max-video-preview":"max-video-preview:-1"},"canonical":"https:\/\/www.mexicanguitarplayers.com\/en\/tienda\/audio\/cables\/cables-bulk\/cables-para-bocina\/cable-planet-wave-p-audio-pw-mp-05\/","og_locale":"en_US","og_type":"article","og_title":"CABLE PLANET WAVE P\/AUDIO PW-MP-05 - Mexican Guitar Players","og_description":"CABLE PLANET WAVE P\/AUDIO PW-MP-05. Cable de audio est\u00e9reo de RCA a mini jack, 5 pies (1.52 metros), tecnolog\u00eda In=Out que proporciona una baja capacitancia para una transparencia pura de la se\u00f1al, dos capas de blindaje que proporciona mayor rechazo al ruido para un funcionamiento silencioso, un gran accesorio para conectar dispositivos de audio a sistemas home theater.","og_url":"https:\/\/www.mexicanguitarplayers.com\/en\/tienda\/audio\/cables\/cables-bulk\/cables-para-bocina\/cable-planet-wave-p-audio-pw-mp-05\/","og_site_name":"Mexican Guitar Players","article_modified_time":"2026-01-17T11:06:27+00:00","og_image":[{"width":1200,"height":1200,"url":"https:\/\/www.mexicanguitarplayers.com\/wp-content\/uploads\/2022\/08\/RAPWAPWMP05.jpg","type":"image\/jpeg"}],"twitter_card":"summary_large_image","schema":{"@context":"https:\/\/schema.org","@graph":[{"@type":["WebPage","ItemPage"],"@id":"https:\/\/www.mexicanguitarplayers.com\/tienda\/audio\/cables\/cables-bulk\/cables-para-bocina\/cable-planet-wave-p-audio-pw-mp-05\/","url":"https:\/\/www.mexicanguitarplayers.com\/tienda\/audio\/cables\/cables-bulk\/cables-para-bocina\/cable-planet-wave-p-audio-pw-mp-05\/","name":"CABLE PLANET WAVE P\/AUDIO PW-MP-05 - Mexican Guitar Players","isPartOf":{"@id":"https:\/\/www.mexicanguitarplayers.com\/#website"},"primaryImageOfPage":{"@id":"https:\/\/www.mexicanguitarplayers.com\/tienda\/audio\/cables\/cables-bulk\/cables-para-bocina\/cable-planet-wave-p-audio-pw-mp-05\/#primaryimage"},"image":{"@id":"https:\/\/www.mexicanguitarplayers.com\/tienda\/audio\/cables\/cables-bulk\/cables-para-bocina\/cable-planet-wave-p-audio-pw-mp-05\/#primaryimage"},"thumbnailUrl":"https:\/\/www.mexicanguitarplayers.com\/wp-content\/uploads\/2022\/08\/RAPWAPWMP05.jpg","datePublished":"2022-08-19T02:09:43+00:00","dateModified":"2026-01-17T11:06:27+00:00","description":"CABLE PLANET WAVE P\/AUDIO PW-MP-05. Cable de audio est\u00e9reo de RCA a mini jack, 5 pies (1.52 metros), tecnolog\u00eda In=Out que proporciona una baja capacitancia para una transparencia pura de la se\u00f1al, dos capas de blindaje que proporciona mayor rechazo al ruido para un funcionamiento silencioso, un gran accesorio para conectar dispositivos de audio a sistemas home theater.","breadcrumb":{"@id":"https:\/\/www.mexicanguitarplayers.com\/tienda\/audio\/cables\/cables-bulk\/cables-para-bocina\/cable-planet-wave-p-audio-pw-mp-05\/#breadcrumb"},"inLanguage":"en-US","potentialAction":[{"@type":"ReadAction","target":["https:\/\/www.mexicanguitarplayers.com\/tienda\/audio\/cables\/cables-bulk\/cables-para-bocina\/cable-planet-wave-p-audio-pw-mp-05\/"]}]},{"@type":"ImageObject","inLanguage":"en-US","@id":"https:\/\/www.mexicanguitarplayers.com\/tienda\/audio\/cables\/cables-bulk\/cables-para-bocina\/cable-planet-wave-p-audio-pw-mp-05\/#primaryimage","url":"https:\/\/www.mexicanguitarplayers.com\/wp-content\/uploads\/2022\/08\/RAPWAPWMP05.jpg","contentUrl":"https:\/\/www.mexicanguitarplayers.com\/wp-content\/uploads\/2022\/08\/RAPWAPWMP05.jpg","width":1200,"height":1200},{"@type":"BreadcrumbList","@id":"https:\/\/www.mexicanguitarplayers.com\/tienda\/audio\/cables\/cables-bulk\/cables-para-bocina\/cable-planet-wave-p-audio-pw-mp-05\/#breadcrumb","itemListElement":[{"@type":"ListItem","position":1,"name":"Portada","item":"https:\/\/www.mexicanguitarplayers.com\/"},{"@type":"ListItem","position":2,"name":"Tienda","item":"https:\/\/www.mexicanguitarplayers.com\/tienda\/"},{"@type":"ListItem","position":3,"name":"CABLE PLANET WAVE P\/AUDIO PW-MP-05"}]},{"@type":"WebSite","@id":"https:\/\/www.mexicanguitarplayers.com\/#website","url":"https:\/\/www.mexicanguitarplayers.com\/","name":"Mexican Guitar Players","description":"Website","publisher":{"@id":"https:\/\/www.mexicanguitarplayers.com\/#organization"},"potentialAction":[{"@type":"SearchAction","target":{"@type":"EntryPoint","urlTemplate":"https:\/\/www.mexicanguitarplayers.com\/?s={search_term_string}"},"query-input":{"@type":"PropertyValueSpecification","valueRequired":true,"valueName":"search_term_string"}}],"inLanguage":"en-US"},{"@type":"Organization","@id":"https:\/\/www.mexicanguitarplayers.com\/#organization","name":"Mexican Guitar Players","url":"https:\/\/www.mexicanguitarplayers.com\/","logo":{"@type":"ImageObject","inLanguage":"en-US","@id":"https:\/\/www.mexicanguitarplayers.com\/#\/schema\/logo\/image\/","url":"","contentUrl":"","caption":"Mexican Guitar Players"},"image":{"@id":"https:\/\/www.mexicanguitarplayers.com\/#\/schema\/logo\/image\/"}}]}},"brands":[{"id":604,"name":"PLANET WAVES","slug":"planet-waves"}],"_links":{"self":[{"href":"https:\/\/www.mexicanguitarplayers.com\/en\/wp-json\/wp\/v2\/product\/19894","targetHints":{"allow":["GET"]}}],"collection":[{"href":"https:\/\/www.mexicanguitarplayers.com\/en\/wp-json\/wp\/v2\/product"}],"about":[{"href":"https:\/\/www.mexicanguitarplayers.com\/en\/wp-json\/wp\/v2\/types\/product"}],"replies":[{"embeddable":true,"href":"https:\/\/www.mexicanguitarplayers.com\/en\/wp-json\/wp\/v2\/comments?post=19894"}],"wp:featuredmedia":[{"embeddable":true,"href":"https:\/\/www.mexicanguitarplayers.com\/en\/wp-json\/wp\/v2\/media\/19893"}],"wp:attachment":[{"href":"https:\/\/www.mexicanguitarplayers.com\/en\/wp-json\/wp\/v2\/media?parent=19894"}],"wp:term":[{"taxonomy":"pwb-brand","embeddable":true,"href":"https:\/\/www.mexicanguitarplayers.com\/en\/wp-json\/wp\/v2\/pwb-brand?post=19894"},{"taxonomy":"product_brand","embeddable":true,"href":"https:\/\/www.mexicanguitarplayers.com\/en\/wp-json\/wp\/v2\/product_brand?post=19894"},{"taxonomy":"product_cat","embeddable":true,"href":"https:\/\/www.mexicanguitarplayers.com\/en\/wp-json\/wp\/v2\/product_cat?post=19894"},{"taxonomy":"product_tag","embeddable":true,"href":"https:\/\/www.mexicanguitarplayers.com\/en\/wp-json\/wp\/v2\/product_tag?post=19894"}],"curies":[{"name":"wp","href":"https:\/\/api.w.org\/{rel}","templated":true}]}}