{"id":20030,"date":"2022-08-18T21:13:53","date_gmt":"2022-08-19T02:13:53","guid":{"rendered":"https:\/\/www.mexicanguitarplayers.com\/tienda\/sin%20categor\u00eda\/diapason-planet-wave-mod-pwtf-e\/"},"modified":"2026-04-10T04:54:01","modified_gmt":"2026-04-10T10:54:01","slug":"diapason-planet-wave-mod-pwtf-e","status":"publish","type":"product","link":"https:\/\/www.mexicanguitarplayers.com\/en\/tienda\/accesorios\/afinadores-y-metronomos\/afinadores\/diapason-planet-wave-mod-pwtf-e\/","title":{"rendered":"PLANET WAVE MOD. PWTF-E"},"content":{"rendered":"<div style=\"text-align: justify\">\n<div>\n<h3>PLANET WAVE MOD. PWTF-E<\/h3>\n<\/div>\n<div>Fork Fingerboard for E Note, Makes it Easy to Tune Any Instrument by Ear, Provides Extremely Accurate Mi 329.63 Hz Reference Tone, Perfect for Tuning Any Instrument, Precision Engineered, Comfortable Easy-to-Grip Ergonomic Molded Handle, Color-Coded Rings to Allow easy pitch identification, stores easily in any instrument case, durable chrome finish.<\/div>\n<\/div>","protected":false},"excerpt":{"rendered":"<p>Diapas\u00f3n horquilla para nota E, facilita la afinaci\u00f3n de o\u00eddo de cualquier instrumento, proporciona un tono de referencia Mi 329.63 Hz extremadamente preciso, perfecto para afinar cualquier instrumento, dise\u00f1ado con precisi\u00f3n, c\u00f3modo mango moldeado ergon\u00f3mico f\u00e1cil de sujetar, anillos codificados por color para permitir la identificaci\u00f3n f\u00e1cil del tono, se guarda f\u00e1cilmente en cualquier maleta de instrumento, acabado cromado duradero.&hellip; <a class=\"kt-excerpt-readmore more-link\" href=\"https:\/\/www.mexicanguitarplayers.com\/en\/tienda\/accesorios\/afinadores-y-metronomos\/afinadores\/diapason-planet-wave-mod-pwtf-e\/\">Read more<\/a><\/p>","protected":false},"featured_media":20029,"comment_status":"open","ping_status":"closed","template":"","meta":{"kt_blocks_editor_width":""},"pwb-brand":[604],"product_brand":[],"product_cat":[85,423,422],"product_tag":[],"class_list":{"0":"post-20030","1":"product","2":"type-product","3":"status-publish","4":"has-post-thumbnail","6":"pwb-brand-planet-waves","7":"product_cat-accesorios","8":"product_cat-afinadores","9":"product_cat-afinadores-y-metronomos","10":"product_shipping_class-0-5-kg","12":"first","13":"instock","14":"taxable","15":"shipping-taxable","16":"purchasable","17":"product-type-simple"},"yoast_head":"<!-- This site is optimized with the Yoast SEO plugin v27.5 - https:\/\/yoast.com\/product\/yoast-seo-wordpress\/ -->\n<title>DIAPASON PLANET WAVE MOD. PWTF-E - Mexican Guitar Players<\/title>\n<meta name=\"description\" content=\"DIAPASON PLANET WAVE MOD. PWTF-E. Diapas\u00f3n horquilla para nota E, facilita la afinaci\u00f3n de o\u00eddo de cualquier instrumento, proporciona un tono de referencia Mi 329.63 Hz extremadamente preciso, perfecto para afinar cualquier instrumento, dise\u00f1ado con precisi\u00f3n, c\u00f3modo mango moldeado ergon\u00f3mico f\u00e1cil de sujetar, anillos codificados por color para permitir la identificaci\u00f3n f\u00e1cil del tono, se guarda f\u00e1cilmente en cualquier maleta de instrumento, acabado cromado duradero.\" \/>\n<meta name=\"robots\" content=\"index, follow, max-snippet:-1, max-image-preview:large, max-video-preview:-1\" \/>\n<link rel=\"canonical\" href=\"https:\/\/www.mexicanguitarplayers.com\/en\/tienda\/accesorios\/afinadores-y-metronomos\/afinadores\/diapason-planet-wave-mod-pwtf-e\/\" \/>\n<meta property=\"og:locale\" content=\"en_US\" \/>\n<meta property=\"og:type\" content=\"article\" \/>\n<meta property=\"og:title\" content=\"DIAPASON PLANET WAVE MOD. PWTF-E - Mexican Guitar Players\" \/>\n<meta property=\"og:description\" content=\"DIAPASON PLANET WAVE MOD. PWTF-E. Diapas\u00f3n horquilla para nota E, facilita la afinaci\u00f3n de o\u00eddo de cualquier instrumento, proporciona un tono de referencia Mi 329.63 Hz extremadamente preciso, perfecto para afinar cualquier instrumento, dise\u00f1ado con precisi\u00f3n, c\u00f3modo mango moldeado ergon\u00f3mico f\u00e1cil de sujetar, anillos codificados por color para permitir la identificaci\u00f3n f\u00e1cil del tono, se guarda f\u00e1cilmente en cualquier maleta de instrumento, acabado cromado duradero.\" \/>\n<meta property=\"og:url\" content=\"https:\/\/www.mexicanguitarplayers.com\/en\/tienda\/accesorios\/afinadores-y-metronomos\/afinadores\/diapason-planet-wave-mod-pwtf-e\/\" \/>\n<meta property=\"og:site_name\" content=\"Mexican Guitar Players\" \/>\n<meta property=\"article:modified_time\" content=\"2026-04-10T10:54:01+00:00\" \/>\n<meta property=\"og:image\" content=\"https:\/\/www.mexicanguitarplayers.com\/wp-content\/uploads\/2022\/08\/RAPWAPWTFE.jpg\" \/>\n\t<meta property=\"og:image:width\" content=\"800\" \/>\n\t<meta property=\"og:image:height\" content=\"1600\" \/>\n\t<meta property=\"og:image:type\" content=\"image\/jpeg\" \/>\n<meta name=\"twitter:card\" content=\"summary_large_image\" \/>\n<script type=\"application\/ld+json\" class=\"yoast-schema-graph\">{\"@context\":\"https:\\\/\\\/schema.org\",\"@graph\":[{\"@type\":[\"WebPage\",\"ItemPage\"],\"@id\":\"https:\\\/\\\/www.mexicanguitarplayers.com\\\/tienda\\\/accesorios\\\/afinadores-y-metronomos\\\/afinadores\\\/diapason-planet-wave-mod-pwtf-e\\\/\",\"url\":\"https:\\\/\\\/www.mexicanguitarplayers.com\\\/tienda\\\/accesorios\\\/afinadores-y-metronomos\\\/afinadores\\\/diapason-planet-wave-mod-pwtf-e\\\/\",\"name\":\"DIAPASON PLANET WAVE MOD. PWTF-E - Mexican Guitar Players\",\"isPartOf\":{\"@id\":\"https:\\\/\\\/www.mexicanguitarplayers.com\\\/#website\"},\"primaryImageOfPage\":{\"@id\":\"https:\\\/\\\/www.mexicanguitarplayers.com\\\/tienda\\\/accesorios\\\/afinadores-y-metronomos\\\/afinadores\\\/diapason-planet-wave-mod-pwtf-e\\\/#primaryimage\"},\"image\":{\"@id\":\"https:\\\/\\\/www.mexicanguitarplayers.com\\\/tienda\\\/accesorios\\\/afinadores-y-metronomos\\\/afinadores\\\/diapason-planet-wave-mod-pwtf-e\\\/#primaryimage\"},\"thumbnailUrl\":\"https:\\\/\\\/www.mexicanguitarplayers.com\\\/wp-content\\\/uploads\\\/2022\\\/08\\\/RAPWAPWTFE.jpg\",\"datePublished\":\"2022-08-19T02:13:53+00:00\",\"dateModified\":\"2026-04-10T10:54:01+00:00\",\"description\":\"DIAPASON PLANET WAVE MOD. PWTF-E. Diapas\u00f3n horquilla para nota E, facilita la afinaci\u00f3n de o\u00eddo de cualquier instrumento, proporciona un tono de referencia Mi 329.63 Hz extremadamente preciso, perfecto para afinar cualquier instrumento, dise\u00f1ado con precisi\u00f3n, c\u00f3modo mango moldeado ergon\u00f3mico f\u00e1cil de sujetar, anillos codificados por color para permitir la identificaci\u00f3n f\u00e1cil del tono, se guarda f\u00e1cilmente en cualquier maleta de instrumento, acabado cromado duradero.\",\"breadcrumb\":{\"@id\":\"https:\\\/\\\/www.mexicanguitarplayers.com\\\/tienda\\\/accesorios\\\/afinadores-y-metronomos\\\/afinadores\\\/diapason-planet-wave-mod-pwtf-e\\\/#breadcrumb\"},\"inLanguage\":\"en-US\",\"potentialAction\":[{\"@type\":\"ReadAction\",\"target\":[\"https:\\\/\\\/www.mexicanguitarplayers.com\\\/tienda\\\/accesorios\\\/afinadores-y-metronomos\\\/afinadores\\\/diapason-planet-wave-mod-pwtf-e\\\/\"]}]},{\"@type\":\"ImageObject\",\"inLanguage\":\"en-US\",\"@id\":\"https:\\\/\\\/www.mexicanguitarplayers.com\\\/tienda\\\/accesorios\\\/afinadores-y-metronomos\\\/afinadores\\\/diapason-planet-wave-mod-pwtf-e\\\/#primaryimage\",\"url\":\"https:\\\/\\\/www.mexicanguitarplayers.com\\\/wp-content\\\/uploads\\\/2022\\\/08\\\/RAPWAPWTFE.jpg\",\"contentUrl\":\"https:\\\/\\\/www.mexicanguitarplayers.com\\\/wp-content\\\/uploads\\\/2022\\\/08\\\/RAPWAPWTFE.jpg\",\"width\":800,\"height\":1600},{\"@type\":\"BreadcrumbList\",\"@id\":\"https:\\\/\\\/www.mexicanguitarplayers.com\\\/tienda\\\/accesorios\\\/afinadores-y-metronomos\\\/afinadores\\\/diapason-planet-wave-mod-pwtf-e\\\/#breadcrumb\",\"itemListElement\":[{\"@type\":\"ListItem\",\"position\":1,\"name\":\"Portada\",\"item\":\"https:\\\/\\\/www.mexicanguitarplayers.com\\\/\"},{\"@type\":\"ListItem\",\"position\":2,\"name\":\"Tienda\",\"item\":\"https:\\\/\\\/www.mexicanguitarplayers.com\\\/tienda\\\/\"},{\"@type\":\"ListItem\",\"position\":3,\"name\":\"DIAPASON PLANET WAVE MOD. PWTF-E\"}]},{\"@type\":\"WebSite\",\"@id\":\"https:\\\/\\\/www.mexicanguitarplayers.com\\\/#website\",\"url\":\"https:\\\/\\\/www.mexicanguitarplayers.com\\\/\",\"name\":\"Mexican Guitar Players\",\"description\":\"Website\",\"publisher\":{\"@id\":\"https:\\\/\\\/www.mexicanguitarplayers.com\\\/#organization\"},\"potentialAction\":[{\"@type\":\"SearchAction\",\"target\":{\"@type\":\"EntryPoint\",\"urlTemplate\":\"https:\\\/\\\/www.mexicanguitarplayers.com\\\/?s={search_term_string}\"},\"query-input\":{\"@type\":\"PropertyValueSpecification\",\"valueRequired\":true,\"valueName\":\"search_term_string\"}}],\"inLanguage\":\"en-US\"},{\"@type\":\"Organization\",\"@id\":\"https:\\\/\\\/www.mexicanguitarplayers.com\\\/#organization\",\"name\":\"Mexican Guitar Players\",\"url\":\"https:\\\/\\\/www.mexicanguitarplayers.com\\\/\",\"logo\":{\"@type\":\"ImageObject\",\"inLanguage\":\"en-US\",\"@id\":\"https:\\\/\\\/www.mexicanguitarplayers.com\\\/#\\\/schema\\\/logo\\\/image\\\/\",\"url\":\"\",\"contentUrl\":\"\",\"caption\":\"Mexican Guitar Players\"},\"image\":{\"@id\":\"https:\\\/\\\/www.mexicanguitarplayers.com\\\/#\\\/schema\\\/logo\\\/image\\\/\"}}]}<\/script>\n<!-- \/ Yoast SEO plugin. -->","yoast_head_json":{"title":"DIAPASON PLANET WAVE MOD. PWTF-E - Mexican Guitar Players","description":"DIAPASON PLANET WAVE MOD. PWTF-E. Diapas\u00f3n horquilla para nota E, facilita la afinaci\u00f3n de o\u00eddo de cualquier instrumento, proporciona un tono de referencia Mi 329.63 Hz extremadamente preciso, perfecto para afinar cualquier instrumento, dise\u00f1ado con precisi\u00f3n, c\u00f3modo mango moldeado ergon\u00f3mico f\u00e1cil de sujetar, anillos codificados por color para permitir la identificaci\u00f3n f\u00e1cil del tono, se guarda f\u00e1cilmente en cualquier maleta de instrumento, acabado cromado duradero.","robots":{"index":"index","follow":"follow","max-snippet":"max-snippet:-1","max-image-preview":"max-image-preview:large","max-video-preview":"max-video-preview:-1"},"canonical":"https:\/\/www.mexicanguitarplayers.com\/en\/tienda\/accesorios\/afinadores-y-metronomos\/afinadores\/diapason-planet-wave-mod-pwtf-e\/","og_locale":"en_US","og_type":"article","og_title":"DIAPASON PLANET WAVE MOD. PWTF-E - Mexican Guitar Players","og_description":"DIAPASON PLANET WAVE MOD. PWTF-E. Diapas\u00f3n horquilla para nota E, facilita la afinaci\u00f3n de o\u00eddo de cualquier instrumento, proporciona un tono de referencia Mi 329.63 Hz extremadamente preciso, perfecto para afinar cualquier instrumento, dise\u00f1ado con precisi\u00f3n, c\u00f3modo mango moldeado ergon\u00f3mico f\u00e1cil de sujetar, anillos codificados por color para permitir la identificaci\u00f3n f\u00e1cil del tono, se guarda f\u00e1cilmente en cualquier maleta de instrumento, acabado cromado duradero.","og_url":"https:\/\/www.mexicanguitarplayers.com\/en\/tienda\/accesorios\/afinadores-y-metronomos\/afinadores\/diapason-planet-wave-mod-pwtf-e\/","og_site_name":"Mexican Guitar Players","article_modified_time":"2026-04-10T10:54:01+00:00","og_image":[{"width":800,"height":1600,"url":"https:\/\/www.mexicanguitarplayers.com\/wp-content\/uploads\/2022\/08\/RAPWAPWTFE.jpg","type":"image\/jpeg"}],"twitter_card":"summary_large_image","schema":{"@context":"https:\/\/schema.org","@graph":[{"@type":["WebPage","ItemPage"],"@id":"https:\/\/www.mexicanguitarplayers.com\/tienda\/accesorios\/afinadores-y-metronomos\/afinadores\/diapason-planet-wave-mod-pwtf-e\/","url":"https:\/\/www.mexicanguitarplayers.com\/tienda\/accesorios\/afinadores-y-metronomos\/afinadores\/diapason-planet-wave-mod-pwtf-e\/","name":"DIAPASON PLANET WAVE MOD. PWTF-E - Mexican Guitar Players","isPartOf":{"@id":"https:\/\/www.mexicanguitarplayers.com\/#website"},"primaryImageOfPage":{"@id":"https:\/\/www.mexicanguitarplayers.com\/tienda\/accesorios\/afinadores-y-metronomos\/afinadores\/diapason-planet-wave-mod-pwtf-e\/#primaryimage"},"image":{"@id":"https:\/\/www.mexicanguitarplayers.com\/tienda\/accesorios\/afinadores-y-metronomos\/afinadores\/diapason-planet-wave-mod-pwtf-e\/#primaryimage"},"thumbnailUrl":"https:\/\/www.mexicanguitarplayers.com\/wp-content\/uploads\/2022\/08\/RAPWAPWTFE.jpg","datePublished":"2022-08-19T02:13:53+00:00","dateModified":"2026-04-10T10:54:01+00:00","description":"DIAPASON PLANET WAVE MOD. PWTF-E. Diapas\u00f3n horquilla para nota E, facilita la afinaci\u00f3n de o\u00eddo de cualquier instrumento, proporciona un tono de referencia Mi 329.63 Hz extremadamente preciso, perfecto para afinar cualquier instrumento, dise\u00f1ado con precisi\u00f3n, c\u00f3modo mango moldeado ergon\u00f3mico f\u00e1cil de sujetar, anillos codificados por color para permitir la identificaci\u00f3n f\u00e1cil del tono, se guarda f\u00e1cilmente en cualquier maleta de instrumento, acabado cromado duradero.","breadcrumb":{"@id":"https:\/\/www.mexicanguitarplayers.com\/tienda\/accesorios\/afinadores-y-metronomos\/afinadores\/diapason-planet-wave-mod-pwtf-e\/#breadcrumb"},"inLanguage":"en-US","potentialAction":[{"@type":"ReadAction","target":["https:\/\/www.mexicanguitarplayers.com\/tienda\/accesorios\/afinadores-y-metronomos\/afinadores\/diapason-planet-wave-mod-pwtf-e\/"]}]},{"@type":"ImageObject","inLanguage":"en-US","@id":"https:\/\/www.mexicanguitarplayers.com\/tienda\/accesorios\/afinadores-y-metronomos\/afinadores\/diapason-planet-wave-mod-pwtf-e\/#primaryimage","url":"https:\/\/www.mexicanguitarplayers.com\/wp-content\/uploads\/2022\/08\/RAPWAPWTFE.jpg","contentUrl":"https:\/\/www.mexicanguitarplayers.com\/wp-content\/uploads\/2022\/08\/RAPWAPWTFE.jpg","width":800,"height":1600},{"@type":"BreadcrumbList","@id":"https:\/\/www.mexicanguitarplayers.com\/tienda\/accesorios\/afinadores-y-metronomos\/afinadores\/diapason-planet-wave-mod-pwtf-e\/#breadcrumb","itemListElement":[{"@type":"ListItem","position":1,"name":"Portada","item":"https:\/\/www.mexicanguitarplayers.com\/"},{"@type":"ListItem","position":2,"name":"Tienda","item":"https:\/\/www.mexicanguitarplayers.com\/tienda\/"},{"@type":"ListItem","position":3,"name":"DIAPASON PLANET WAVE MOD. PWTF-E"}]},{"@type":"WebSite","@id":"https:\/\/www.mexicanguitarplayers.com\/#website","url":"https:\/\/www.mexicanguitarplayers.com\/","name":"Mexican Guitar Players","description":"Website","publisher":{"@id":"https:\/\/www.mexicanguitarplayers.com\/#organization"},"potentialAction":[{"@type":"SearchAction","target":{"@type":"EntryPoint","urlTemplate":"https:\/\/www.mexicanguitarplayers.com\/?s={search_term_string}"},"query-input":{"@type":"PropertyValueSpecification","valueRequired":true,"valueName":"search_term_string"}}],"inLanguage":"en-US"},{"@type":"Organization","@id":"https:\/\/www.mexicanguitarplayers.com\/#organization","name":"Mexican Guitar Players","url":"https:\/\/www.mexicanguitarplayers.com\/","logo":{"@type":"ImageObject","inLanguage":"en-US","@id":"https:\/\/www.mexicanguitarplayers.com\/#\/schema\/logo\/image\/","url":"","contentUrl":"","caption":"Mexican Guitar Players"},"image":{"@id":"https:\/\/www.mexicanguitarplayers.com\/#\/schema\/logo\/image\/"}}]}},"brands":[{"id":604,"name":"PLANET WAVES","slug":"planet-waves"}],"_links":{"self":[{"href":"https:\/\/www.mexicanguitarplayers.com\/en\/wp-json\/wp\/v2\/product\/20030","targetHints":{"allow":["GET"]}}],"collection":[{"href":"https:\/\/www.mexicanguitarplayers.com\/en\/wp-json\/wp\/v2\/product"}],"about":[{"href":"https:\/\/www.mexicanguitarplayers.com\/en\/wp-json\/wp\/v2\/types\/product"}],"replies":[{"embeddable":true,"href":"https:\/\/www.mexicanguitarplayers.com\/en\/wp-json\/wp\/v2\/comments?post=20030"}],"wp:featuredmedia":[{"embeddable":true,"href":"https:\/\/www.mexicanguitarplayers.com\/en\/wp-json\/wp\/v2\/media\/20029"}],"wp:attachment":[{"href":"https:\/\/www.mexicanguitarplayers.com\/en\/wp-json\/wp\/v2\/media?parent=20030"}],"wp:term":[{"taxonomy":"pwb-brand","embeddable":true,"href":"https:\/\/www.mexicanguitarplayers.com\/en\/wp-json\/wp\/v2\/pwb-brand?post=20030"},{"taxonomy":"product_brand","embeddable":true,"href":"https:\/\/www.mexicanguitarplayers.com\/en\/wp-json\/wp\/v2\/product_brand?post=20030"},{"taxonomy":"product_cat","embeddable":true,"href":"https:\/\/www.mexicanguitarplayers.com\/en\/wp-json\/wp\/v2\/product_cat?post=20030"},{"taxonomy":"product_tag","embeddable":true,"href":"https:\/\/www.mexicanguitarplayers.com\/en\/wp-json\/wp\/v2\/product_tag?post=20030"}],"curies":[{"name":"wp","href":"https:\/\/api.w.org\/{rel}","templated":true}]}}