{"id":20084,"date":"2022-08-18T21:15:34","date_gmt":"2022-08-19T02:15:34","guid":{"rendered":"https:\/\/www.mexicanguitarplayers.com\/tienda\/sin%20categor\u00eda\/afinador-seiko-electronico-stx-1-crom\/"},"modified":"2025-03-26T21:03:13","modified_gmt":"2025-03-27T03:03:13","slug":"afinador-seiko-electronico-stx-1-crom","status":"publish","type":"product","link":"https:\/\/www.mexicanguitarplayers.com\/en\/tienda\/accesorios\/afinadores-y-metronomos\/afinadores\/afinadores-cromaticos\/afinador-seiko-electronico-stx-1-crom\/","title":{"rendered":"SEIKO ELECTRONIC TUNER STX-1 (CROM)"},"content":{"rendered":"<div style=\"text-align: justify\">\n<div>\n<h3>SEIKO ELECTRONIC TUNER STX-1 (CROM)<\/h3>\n<\/div>\n<div>Vibrating Clip-on Tuner, Vibration Sensor Eliminates Background Interference, Picks Up Vibration Directly from Musical Instrument, Allows for Accurate Tuning, High Visibility with Flexible Face, Versatile Chromatic Tuner with Reference Tones, 9 LEDs Provide Accurate Tuning Even in the dark, the input method is selectable in two ways to suit the environment, tuning range: A0 \u2013 C8, sound generation: C4 \u2013 B4, pitch shift: A4=415, 438 \u2013 445 Hz.<\/div>\n<\/div>","protected":false},"excerpt":{"rendered":"<p>Afinador vibratorio de clip, sensor de vibraci\u00f3n que elimina la interferencia de fondo, recoge la vibraci\u00f3n directamente del instrumento musical, permite una afinaci\u00f3n precisa, alta visibilidad con cara flexible, afinador crom\u00e1tico vers\u00e1til con tonos de referencia, 9 LEDs que proporcionan una afinaci\u00f3n precisa incluso en la oscuridad, el m\u00e9todo de entrada es seleccionable de dos maneras para adaptarse al entorno, rango de afinaci\u00f3n: A0 &#8211; C8, generaci\u00f3n de sonido: C4 &#8211; B4, pitch shift: A4=415, 438 &#8211; 445 Hz.&hellip; <a class=\"kt-excerpt-readmore more-link\" href=\"https:\/\/www.mexicanguitarplayers.com\/en\/tienda\/accesorios\/afinadores-y-metronomos\/afinadores\/afinadores-cromaticos\/afinador-seiko-electronico-stx-1-crom\/\">Read more<\/a><\/p>","protected":false},"featured_media":20083,"comment_status":"open","ping_status":"closed","template":"","meta":{"kt_blocks_editor_width":""},"pwb-brand":[606],"product_brand":[],"product_cat":[85,423,424,422],"product_tag":[],"class_list":{"0":"post-20084","1":"product","2":"type-product","3":"status-publish","4":"has-post-thumbnail","6":"pwb-brand-seiko","7":"product_cat-accesorios","8":"product_cat-afinadores","9":"product_cat-afinadores-cromaticos","10":"product_cat-afinadores-y-metronomos","11":"product_shipping_class-0-5-kg","13":"first","14":"outofstock","15":"taxable","16":"shipping-taxable","17":"purchasable","18":"product-type-simple"},"yoast_head":"<!-- This site is optimized with the Yoast SEO plugin v27.3 - https:\/\/yoast.com\/product\/yoast-seo-wordpress\/ -->\n<title>AFINADOR SEIKO ELECTRONICO STX-1 (CROM) - Mexican Guitar Players<\/title>\n<meta name=\"description\" content=\"AFINADOR SEIKO ELECTRONICO STX-1 (CROM). Afinador vibratorio de clip, sensor de vibraci\u00f3n que elimina la interferencia de fondo, recoge la vibraci\u00f3n directamente del instrumento musical, permite una afinaci\u00f3n precisa, alta visibilidad con cara flexible, afinador crom\u00e1tico vers\u00e1til con tonos de referencia, 9 LEDs que proporcionan una afinaci\u00f3n precisa incluso en la oscuridad, el m\u00e9todo de entrada es seleccionable de dos maneras para adaptarse al entorno, rango de afinaci\u00f3n: A0 - C8, generaci\u00f3n de sonido: C4 - B4, pitch shift: A4=415, 438 - 445 Hz.\" \/>\n<meta name=\"robots\" content=\"index, follow, max-snippet:-1, max-image-preview:large, max-video-preview:-1\" \/>\n<link rel=\"canonical\" href=\"https:\/\/www.mexicanguitarplayers.com\/en\/tienda\/accesorios\/afinadores-y-metronomos\/afinadores\/afinadores-cromaticos\/afinador-seiko-electronico-stx-1-crom\/\" \/>\n<meta property=\"og:locale\" content=\"en_US\" \/>\n<meta property=\"og:type\" content=\"article\" \/>\n<meta property=\"og:title\" content=\"AFINADOR SEIKO ELECTRONICO STX-1 (CROM) - Mexican Guitar Players\" \/>\n<meta property=\"og:description\" content=\"AFINADOR SEIKO ELECTRONICO STX-1 (CROM). Afinador vibratorio de clip, sensor de vibraci\u00f3n que elimina la interferencia de fondo, recoge la vibraci\u00f3n directamente del instrumento musical, permite una afinaci\u00f3n precisa, alta visibilidad con cara flexible, afinador crom\u00e1tico vers\u00e1til con tonos de referencia, 9 LEDs que proporcionan una afinaci\u00f3n precisa incluso en la oscuridad, el m\u00e9todo de entrada es seleccionable de dos maneras para adaptarse al entorno, rango de afinaci\u00f3n: A0 - C8, generaci\u00f3n de sonido: C4 - B4, pitch shift: A4=415, 438 - 445 Hz.\" \/>\n<meta property=\"og:url\" content=\"https:\/\/www.mexicanguitarplayers.com\/en\/tienda\/accesorios\/afinadores-y-metronomos\/afinadores\/afinadores-cromaticos\/afinador-seiko-electronico-stx-1-crom\/\" \/>\n<meta property=\"og:site_name\" content=\"Mexican Guitar Players\" \/>\n<meta property=\"article:modified_time\" content=\"2025-03-27T03:03:13+00:00\" \/>\n<meta property=\"og:image\" content=\"https:\/\/www.mexicanguitarplayers.com\/wp-content\/uploads\/2022\/08\/RASEISTX1.jpg\" \/>\n\t<meta property=\"og:image:width\" content=\"1024\" \/>\n\t<meta property=\"og:image:height\" content=\"1024\" \/>\n\t<meta property=\"og:image:type\" content=\"image\/jpeg\" \/>\n<meta name=\"twitter:card\" content=\"summary_large_image\" \/>\n<script type=\"application\/ld+json\" class=\"yoast-schema-graph\">{\"@context\":\"https:\\\/\\\/schema.org\",\"@graph\":[{\"@type\":[\"WebPage\",\"ItemPage\"],\"@id\":\"https:\\\/\\\/www.mexicanguitarplayers.com\\\/tienda\\\/accesorios\\\/afinadores-y-metronomos\\\/afinadores\\\/afinadores-cromaticos\\\/afinador-seiko-electronico-stx-1-crom\\\/\",\"url\":\"https:\\\/\\\/www.mexicanguitarplayers.com\\\/tienda\\\/accesorios\\\/afinadores-y-metronomos\\\/afinadores\\\/afinadores-cromaticos\\\/afinador-seiko-electronico-stx-1-crom\\\/\",\"name\":\"AFINADOR SEIKO ELECTRONICO STX-1 (CROM) - Mexican Guitar Players\",\"isPartOf\":{\"@id\":\"https:\\\/\\\/www.mexicanguitarplayers.com\\\/#website\"},\"primaryImageOfPage\":{\"@id\":\"https:\\\/\\\/www.mexicanguitarplayers.com\\\/tienda\\\/accesorios\\\/afinadores-y-metronomos\\\/afinadores\\\/afinadores-cromaticos\\\/afinador-seiko-electronico-stx-1-crom\\\/#primaryimage\"},\"image\":{\"@id\":\"https:\\\/\\\/www.mexicanguitarplayers.com\\\/tienda\\\/accesorios\\\/afinadores-y-metronomos\\\/afinadores\\\/afinadores-cromaticos\\\/afinador-seiko-electronico-stx-1-crom\\\/#primaryimage\"},\"thumbnailUrl\":\"https:\\\/\\\/www.mexicanguitarplayers.com\\\/wp-content\\\/uploads\\\/2022\\\/08\\\/RASEISTX1.jpg\",\"datePublished\":\"2022-08-19T02:15:34+00:00\",\"dateModified\":\"2025-03-27T03:03:13+00:00\",\"description\":\"AFINADOR SEIKO ELECTRONICO STX-1 (CROM). Afinador vibratorio de clip, sensor de vibraci\u00f3n que elimina la interferencia de fondo, recoge la vibraci\u00f3n directamente del instrumento musical, permite una afinaci\u00f3n precisa, alta visibilidad con cara flexible, afinador crom\u00e1tico vers\u00e1til con tonos de referencia, 9 LEDs que proporcionan una afinaci\u00f3n precisa incluso en la oscuridad, el m\u00e9todo de entrada es seleccionable de dos maneras para adaptarse al entorno, rango de afinaci\u00f3n: A0 - C8, generaci\u00f3n de sonido: C4 - B4, pitch shift: A4=415, 438 - 445 Hz.\",\"breadcrumb\":{\"@id\":\"https:\\\/\\\/www.mexicanguitarplayers.com\\\/tienda\\\/accesorios\\\/afinadores-y-metronomos\\\/afinadores\\\/afinadores-cromaticos\\\/afinador-seiko-electronico-stx-1-crom\\\/#breadcrumb\"},\"inLanguage\":\"en-US\",\"potentialAction\":[{\"@type\":\"ReadAction\",\"target\":[\"https:\\\/\\\/www.mexicanguitarplayers.com\\\/tienda\\\/accesorios\\\/afinadores-y-metronomos\\\/afinadores\\\/afinadores-cromaticos\\\/afinador-seiko-electronico-stx-1-crom\\\/\"]}]},{\"@type\":\"ImageObject\",\"inLanguage\":\"en-US\",\"@id\":\"https:\\\/\\\/www.mexicanguitarplayers.com\\\/tienda\\\/accesorios\\\/afinadores-y-metronomos\\\/afinadores\\\/afinadores-cromaticos\\\/afinador-seiko-electronico-stx-1-crom\\\/#primaryimage\",\"url\":\"https:\\\/\\\/www.mexicanguitarplayers.com\\\/wp-content\\\/uploads\\\/2022\\\/08\\\/RASEISTX1.jpg\",\"contentUrl\":\"https:\\\/\\\/www.mexicanguitarplayers.com\\\/wp-content\\\/uploads\\\/2022\\\/08\\\/RASEISTX1.jpg\",\"width\":1024,\"height\":1024},{\"@type\":\"BreadcrumbList\",\"@id\":\"https:\\\/\\\/www.mexicanguitarplayers.com\\\/tienda\\\/accesorios\\\/afinadores-y-metronomos\\\/afinadores\\\/afinadores-cromaticos\\\/afinador-seiko-electronico-stx-1-crom\\\/#breadcrumb\",\"itemListElement\":[{\"@type\":\"ListItem\",\"position\":1,\"name\":\"Portada\",\"item\":\"https:\\\/\\\/www.mexicanguitarplayers.com\\\/\"},{\"@type\":\"ListItem\",\"position\":2,\"name\":\"Tienda\",\"item\":\"https:\\\/\\\/www.mexicanguitarplayers.com\\\/tienda\\\/\"},{\"@type\":\"ListItem\",\"position\":3,\"name\":\"AFINADOR SEIKO ELECTRONICO STX-1 (CROM)\"}]},{\"@type\":\"WebSite\",\"@id\":\"https:\\\/\\\/www.mexicanguitarplayers.com\\\/#website\",\"url\":\"https:\\\/\\\/www.mexicanguitarplayers.com\\\/\",\"name\":\"Mexican Guitar Players\",\"description\":\"Website\",\"publisher\":{\"@id\":\"https:\\\/\\\/www.mexicanguitarplayers.com\\\/#organization\"},\"potentialAction\":[{\"@type\":\"SearchAction\",\"target\":{\"@type\":\"EntryPoint\",\"urlTemplate\":\"https:\\\/\\\/www.mexicanguitarplayers.com\\\/?s={search_term_string}\"},\"query-input\":{\"@type\":\"PropertyValueSpecification\",\"valueRequired\":true,\"valueName\":\"search_term_string\"}}],\"inLanguage\":\"en-US\"},{\"@type\":\"Organization\",\"@id\":\"https:\\\/\\\/www.mexicanguitarplayers.com\\\/#organization\",\"name\":\"Mexican Guitar Players\",\"url\":\"https:\\\/\\\/www.mexicanguitarplayers.com\\\/\",\"logo\":{\"@type\":\"ImageObject\",\"inLanguage\":\"en-US\",\"@id\":\"https:\\\/\\\/www.mexicanguitarplayers.com\\\/#\\\/schema\\\/logo\\\/image\\\/\",\"url\":\"\",\"contentUrl\":\"\",\"caption\":\"Mexican Guitar Players\"},\"image\":{\"@id\":\"https:\\\/\\\/www.mexicanguitarplayers.com\\\/#\\\/schema\\\/logo\\\/image\\\/\"}}]}<\/script>\n<!-- \/ Yoast SEO plugin. -->","yoast_head_json":{"title":"AFINADOR SEIKO ELECTRONICO STX-1 (CROM) - Mexican Guitar Players","description":"AFINADOR SEIKO ELECTRONICO STX-1 (CROM). Afinador vibratorio de clip, sensor de vibraci\u00f3n que elimina la interferencia de fondo, recoge la vibraci\u00f3n directamente del instrumento musical, permite una afinaci\u00f3n precisa, alta visibilidad con cara flexible, afinador crom\u00e1tico vers\u00e1til con tonos de referencia, 9 LEDs que proporcionan una afinaci\u00f3n precisa incluso en la oscuridad, el m\u00e9todo de entrada es seleccionable de dos maneras para adaptarse al entorno, rango de afinaci\u00f3n: A0 - C8, generaci\u00f3n de sonido: C4 - B4, pitch shift: A4=415, 438 - 445 Hz.","robots":{"index":"index","follow":"follow","max-snippet":"max-snippet:-1","max-image-preview":"max-image-preview:large","max-video-preview":"max-video-preview:-1"},"canonical":"https:\/\/www.mexicanguitarplayers.com\/en\/tienda\/accesorios\/afinadores-y-metronomos\/afinadores\/afinadores-cromaticos\/afinador-seiko-electronico-stx-1-crom\/","og_locale":"en_US","og_type":"article","og_title":"AFINADOR SEIKO ELECTRONICO STX-1 (CROM) - Mexican Guitar Players","og_description":"AFINADOR SEIKO ELECTRONICO STX-1 (CROM). Afinador vibratorio de clip, sensor de vibraci\u00f3n que elimina la interferencia de fondo, recoge la vibraci\u00f3n directamente del instrumento musical, permite una afinaci\u00f3n precisa, alta visibilidad con cara flexible, afinador crom\u00e1tico vers\u00e1til con tonos de referencia, 9 LEDs que proporcionan una afinaci\u00f3n precisa incluso en la oscuridad, el m\u00e9todo de entrada es seleccionable de dos maneras para adaptarse al entorno, rango de afinaci\u00f3n: A0 - C8, generaci\u00f3n de sonido: C4 - B4, pitch shift: A4=415, 438 - 445 Hz.","og_url":"https:\/\/www.mexicanguitarplayers.com\/en\/tienda\/accesorios\/afinadores-y-metronomos\/afinadores\/afinadores-cromaticos\/afinador-seiko-electronico-stx-1-crom\/","og_site_name":"Mexican Guitar Players","article_modified_time":"2025-03-27T03:03:13+00:00","og_image":[{"width":1024,"height":1024,"url":"https:\/\/www.mexicanguitarplayers.com\/wp-content\/uploads\/2022\/08\/RASEISTX1.jpg","type":"image\/jpeg"}],"twitter_card":"summary_large_image","schema":{"@context":"https:\/\/schema.org","@graph":[{"@type":["WebPage","ItemPage"],"@id":"https:\/\/www.mexicanguitarplayers.com\/tienda\/accesorios\/afinadores-y-metronomos\/afinadores\/afinadores-cromaticos\/afinador-seiko-electronico-stx-1-crom\/","url":"https:\/\/www.mexicanguitarplayers.com\/tienda\/accesorios\/afinadores-y-metronomos\/afinadores\/afinadores-cromaticos\/afinador-seiko-electronico-stx-1-crom\/","name":"AFINADOR SEIKO ELECTRONICO STX-1 (CROM) - Mexican Guitar Players","isPartOf":{"@id":"https:\/\/www.mexicanguitarplayers.com\/#website"},"primaryImageOfPage":{"@id":"https:\/\/www.mexicanguitarplayers.com\/tienda\/accesorios\/afinadores-y-metronomos\/afinadores\/afinadores-cromaticos\/afinador-seiko-electronico-stx-1-crom\/#primaryimage"},"image":{"@id":"https:\/\/www.mexicanguitarplayers.com\/tienda\/accesorios\/afinadores-y-metronomos\/afinadores\/afinadores-cromaticos\/afinador-seiko-electronico-stx-1-crom\/#primaryimage"},"thumbnailUrl":"https:\/\/www.mexicanguitarplayers.com\/wp-content\/uploads\/2022\/08\/RASEISTX1.jpg","datePublished":"2022-08-19T02:15:34+00:00","dateModified":"2025-03-27T03:03:13+00:00","description":"AFINADOR SEIKO ELECTRONICO STX-1 (CROM). Afinador vibratorio de clip, sensor de vibraci\u00f3n que elimina la interferencia de fondo, recoge la vibraci\u00f3n directamente del instrumento musical, permite una afinaci\u00f3n precisa, alta visibilidad con cara flexible, afinador crom\u00e1tico vers\u00e1til con tonos de referencia, 9 LEDs que proporcionan una afinaci\u00f3n precisa incluso en la oscuridad, el m\u00e9todo de entrada es seleccionable de dos maneras para adaptarse al entorno, rango de afinaci\u00f3n: A0 - C8, generaci\u00f3n de sonido: C4 - B4, pitch shift: A4=415, 438 - 445 Hz.","breadcrumb":{"@id":"https:\/\/www.mexicanguitarplayers.com\/tienda\/accesorios\/afinadores-y-metronomos\/afinadores\/afinadores-cromaticos\/afinador-seiko-electronico-stx-1-crom\/#breadcrumb"},"inLanguage":"en-US","potentialAction":[{"@type":"ReadAction","target":["https:\/\/www.mexicanguitarplayers.com\/tienda\/accesorios\/afinadores-y-metronomos\/afinadores\/afinadores-cromaticos\/afinador-seiko-electronico-stx-1-crom\/"]}]},{"@type":"ImageObject","inLanguage":"en-US","@id":"https:\/\/www.mexicanguitarplayers.com\/tienda\/accesorios\/afinadores-y-metronomos\/afinadores\/afinadores-cromaticos\/afinador-seiko-electronico-stx-1-crom\/#primaryimage","url":"https:\/\/www.mexicanguitarplayers.com\/wp-content\/uploads\/2022\/08\/RASEISTX1.jpg","contentUrl":"https:\/\/www.mexicanguitarplayers.com\/wp-content\/uploads\/2022\/08\/RASEISTX1.jpg","width":1024,"height":1024},{"@type":"BreadcrumbList","@id":"https:\/\/www.mexicanguitarplayers.com\/tienda\/accesorios\/afinadores-y-metronomos\/afinadores\/afinadores-cromaticos\/afinador-seiko-electronico-stx-1-crom\/#breadcrumb","itemListElement":[{"@type":"ListItem","position":1,"name":"Portada","item":"https:\/\/www.mexicanguitarplayers.com\/"},{"@type":"ListItem","position":2,"name":"Tienda","item":"https:\/\/www.mexicanguitarplayers.com\/tienda\/"},{"@type":"ListItem","position":3,"name":"AFINADOR SEIKO ELECTRONICO STX-1 (CROM)"}]},{"@type":"WebSite","@id":"https:\/\/www.mexicanguitarplayers.com\/#website","url":"https:\/\/www.mexicanguitarplayers.com\/","name":"Mexican Guitar Players","description":"Website","publisher":{"@id":"https:\/\/www.mexicanguitarplayers.com\/#organization"},"potentialAction":[{"@type":"SearchAction","target":{"@type":"EntryPoint","urlTemplate":"https:\/\/www.mexicanguitarplayers.com\/?s={search_term_string}"},"query-input":{"@type":"PropertyValueSpecification","valueRequired":true,"valueName":"search_term_string"}}],"inLanguage":"en-US"},{"@type":"Organization","@id":"https:\/\/www.mexicanguitarplayers.com\/#organization","name":"Mexican Guitar Players","url":"https:\/\/www.mexicanguitarplayers.com\/","logo":{"@type":"ImageObject","inLanguage":"en-US","@id":"https:\/\/www.mexicanguitarplayers.com\/#\/schema\/logo\/image\/","url":"","contentUrl":"","caption":"Mexican Guitar Players"},"image":{"@id":"https:\/\/www.mexicanguitarplayers.com\/#\/schema\/logo\/image\/"}}]}},"brands":[{"id":606,"name":"SEIKO","slug":"seiko"}],"_links":{"self":[{"href":"https:\/\/www.mexicanguitarplayers.com\/en\/wp-json\/wp\/v2\/product\/20084","targetHints":{"allow":["GET"]}}],"collection":[{"href":"https:\/\/www.mexicanguitarplayers.com\/en\/wp-json\/wp\/v2\/product"}],"about":[{"href":"https:\/\/www.mexicanguitarplayers.com\/en\/wp-json\/wp\/v2\/types\/product"}],"replies":[{"embeddable":true,"href":"https:\/\/www.mexicanguitarplayers.com\/en\/wp-json\/wp\/v2\/comments?post=20084"}],"wp:featuredmedia":[{"embeddable":true,"href":"https:\/\/www.mexicanguitarplayers.com\/en\/wp-json\/wp\/v2\/media\/20083"}],"wp:attachment":[{"href":"https:\/\/www.mexicanguitarplayers.com\/en\/wp-json\/wp\/v2\/media?parent=20084"}],"wp:term":[{"taxonomy":"pwb-brand","embeddable":true,"href":"https:\/\/www.mexicanguitarplayers.com\/en\/wp-json\/wp\/v2\/pwb-brand?post=20084"},{"taxonomy":"product_brand","embeddable":true,"href":"https:\/\/www.mexicanguitarplayers.com\/en\/wp-json\/wp\/v2\/product_brand?post=20084"},{"taxonomy":"product_cat","embeddable":true,"href":"https:\/\/www.mexicanguitarplayers.com\/en\/wp-json\/wp\/v2\/product_cat?post=20084"},{"taxonomy":"product_tag","embeddable":true,"href":"https:\/\/www.mexicanguitarplayers.com\/en\/wp-json\/wp\/v2\/product_tag?post=20084"}],"curies":[{"name":"wp","href":"https:\/\/api.w.org\/{rel}","templated":true}]}}