{"id":20086,"date":"2022-08-18T21:15:37","date_gmt":"2022-08-19T02:15:37","guid":{"rendered":"https:\/\/www.mexicanguitarplayers.com\/tienda\/sin%20categor\u00eda\/afinador-seiko-electronico-stx1n-crom\/"},"modified":"2025-03-26T21:03:09","modified_gmt":"2025-03-27T03:03:09","slug":"afinador-seiko-electronico-stx1n-crom","status":"publish","type":"product","link":"https:\/\/www.mexicanguitarplayers.com\/en\/tienda\/accesorios\/afinadores-y-metronomos\/afinadores\/afinadores-cromaticos\/afinador-seiko-electronico-stx1n-crom\/","title":{"rendered":"SEIKO ELECTRONIC TUNER STX1N (CROM)"},"content":{"rendered":"<div style=\"text-align: justify\">\n<div>\n<h3>SEIKO ELECTRONIC TUNER STX1N (CROM)<\/h3>\n<\/div>\n<div>Tuner with display and bright LED indicators for easy tuning, one-octave reference pitch for tuning by ear, fully adjustable viewing angle, display tilts up 90\u00b0 and rotates 360\u00b0 making tuner visible from any direction, method input selectable, microphone\/vibration sensor to tune any instrument in any environment, ideal for beginners or professionals, tunes in automatic or manual mode, tuning range: A0 \u2013 C8, integrated microphone and vibration sensor, pitch shift: A4= 415, 437 \u2013 444 Hz, dimensions: 55 \u00d7 67 \u00d7 50 mm, weight: 50 g (including batteries).<\/div>\n<\/div>","protected":false},"excerpt":{"rendered":"<p>Afinador con pantalla e indicadores LED brillantes para una f\u00e1cil afinaci\u00f3n, tono de referencia de una octava para afinar por o\u00eddo, \u00e1ngulo de visi\u00f3n totalmente ajustable, la pantalla se inclina 90\u00b0 hacia arriba y gira 360\u00b0 haciendo al afinador visible desde cualquier direcci\u00f3n, m\u00e9todo de entrada seleccionable, sensor de vibraci\u00f3n\/micr\u00f3fono para afinar cualquier instrumento en cualquier entorno, ideal para principiantes o profesionales, afina en modo autom\u00e1tico o manual, rango de afinaci\u00f3n: A0 &#8211; C8, micr\u00f3fono y sensor de vibraci\u00f3n integrados, pitch shift: A4=415, 437 &#8211; 444 Hz, dimensiones: 55 \u00d7 67 \u00d7 50 mm, peso: 50 g (incluyendo bater\u00edas).&hellip; <a class=\"kt-excerpt-readmore more-link\" href=\"https:\/\/www.mexicanguitarplayers.com\/en\/tienda\/accesorios\/afinadores-y-metronomos\/afinadores\/afinadores-cromaticos\/afinador-seiko-electronico-stx1n-crom\/\">Read more<\/a><\/p>","protected":false},"featured_media":20085,"comment_status":"open","ping_status":"closed","template":"","meta":{"kt_blocks_editor_width":""},"pwb-brand":[606],"product_brand":[],"product_cat":[85,423,424,422],"product_tag":[],"class_list":{"0":"post-20086","1":"product","2":"type-product","3":"status-publish","4":"has-post-thumbnail","6":"pwb-brand-seiko","7":"product_cat-accesorios","8":"product_cat-afinadores","9":"product_cat-afinadores-cromaticos","10":"product_cat-afinadores-y-metronomos","11":"product_shipping_class-0-5-kg","13":"first","14":"outofstock","15":"taxable","16":"shipping-taxable","17":"purchasable","18":"product-type-simple"},"yoast_head":"<!-- This site is optimized with the Yoast SEO plugin v27.3 - https:\/\/yoast.com\/product\/yoast-seo-wordpress\/ -->\n<title>AFINADOR SEIKO ELECTRONICO STX1N (CROM) - Mexican Guitar Players<\/title>\n<meta name=\"description\" content=\"AFINADOR SEIKO ELECTRONICO STX1N (CROM). Afinador con pantalla e indicadores LED brillantes para una f\u00e1cil afinaci\u00f3n, tono de referencia de una octava para afinar por o\u00eddo, \u00e1ngulo de visi\u00f3n totalmente ajustable, la pantalla se inclina 90\u00b0 hacia arriba y gira 360\u00b0 haciendo al afinador visible desde cualquier direcci\u00f3n, m\u00e9todo de entrada seleccionable, sensor de vibraci\u00f3n\/micr\u00f3fono para afinar cualquier instrumento en cualquier entorno, ideal para principiantes o profesionales, afina en modo autom\u00e1tico o manual, rango de afinaci\u00f3n: A0 - C8, micr\u00f3fono y sensor de vibraci\u00f3n integrados, pitch shift: A4=415, 437 - 444 Hz, dimensiones: 55 \u00d7 67 \u00d7 50 mm, peso: 50 g (incluyendo bater\u00edas).\" \/>\n<meta name=\"robots\" content=\"index, follow, max-snippet:-1, max-image-preview:large, max-video-preview:-1\" \/>\n<link rel=\"canonical\" href=\"https:\/\/www.mexicanguitarplayers.com\/en\/tienda\/accesorios\/afinadores-y-metronomos\/afinadores\/afinadores-cromaticos\/afinador-seiko-electronico-stx1n-crom\/\" \/>\n<meta property=\"og:locale\" content=\"en_US\" \/>\n<meta property=\"og:type\" content=\"article\" \/>\n<meta property=\"og:title\" content=\"AFINADOR SEIKO ELECTRONICO STX1N (CROM) - Mexican Guitar Players\" \/>\n<meta property=\"og:description\" content=\"AFINADOR SEIKO ELECTRONICO STX1N (CROM). Afinador con pantalla e indicadores LED brillantes para una f\u00e1cil afinaci\u00f3n, tono de referencia de una octava para afinar por o\u00eddo, \u00e1ngulo de visi\u00f3n totalmente ajustable, la pantalla se inclina 90\u00b0 hacia arriba y gira 360\u00b0 haciendo al afinador visible desde cualquier direcci\u00f3n, m\u00e9todo de entrada seleccionable, sensor de vibraci\u00f3n\/micr\u00f3fono para afinar cualquier instrumento en cualquier entorno, ideal para principiantes o profesionales, afina en modo autom\u00e1tico o manual, rango de afinaci\u00f3n: A0 - C8, micr\u00f3fono y sensor de vibraci\u00f3n integrados, pitch shift: A4=415, 437 - 444 Hz, dimensiones: 55 \u00d7 67 \u00d7 50 mm, peso: 50 g (incluyendo bater\u00edas).\" \/>\n<meta property=\"og:url\" content=\"https:\/\/www.mexicanguitarplayers.com\/en\/tienda\/accesorios\/afinadores-y-metronomos\/afinadores\/afinadores-cromaticos\/afinador-seiko-electronico-stx1n-crom\/\" \/>\n<meta property=\"og:site_name\" content=\"Mexican Guitar Players\" \/>\n<meta property=\"article:modified_time\" content=\"2025-03-27T03:03:09+00:00\" \/>\n<meta property=\"og:image\" content=\"https:\/\/www.mexicanguitarplayers.com\/wp-content\/uploads\/2022\/08\/RASEISTX1N.jpg\" \/>\n\t<meta property=\"og:image:width\" content=\"1200\" \/>\n\t<meta property=\"og:image:height\" content=\"1200\" \/>\n\t<meta property=\"og:image:type\" content=\"image\/jpeg\" \/>\n<meta name=\"twitter:card\" content=\"summary_large_image\" \/>\n<meta name=\"twitter:label1\" content=\"Est. reading time\" \/>\n\t<meta name=\"twitter:data1\" content=\"1 minute\" \/>\n<script type=\"application\/ld+json\" class=\"yoast-schema-graph\">{\"@context\":\"https:\\\/\\\/schema.org\",\"@graph\":[{\"@type\":[\"WebPage\",\"ItemPage\"],\"@id\":\"https:\\\/\\\/www.mexicanguitarplayers.com\\\/tienda\\\/accesorios\\\/afinadores-y-metronomos\\\/afinadores\\\/afinadores-cromaticos\\\/afinador-seiko-electronico-stx1n-crom\\\/\",\"url\":\"https:\\\/\\\/www.mexicanguitarplayers.com\\\/tienda\\\/accesorios\\\/afinadores-y-metronomos\\\/afinadores\\\/afinadores-cromaticos\\\/afinador-seiko-electronico-stx1n-crom\\\/\",\"name\":\"AFINADOR SEIKO ELECTRONICO STX1N (CROM) - Mexican Guitar Players\",\"isPartOf\":{\"@id\":\"https:\\\/\\\/www.mexicanguitarplayers.com\\\/#website\"},\"primaryImageOfPage\":{\"@id\":\"https:\\\/\\\/www.mexicanguitarplayers.com\\\/tienda\\\/accesorios\\\/afinadores-y-metronomos\\\/afinadores\\\/afinadores-cromaticos\\\/afinador-seiko-electronico-stx1n-crom\\\/#primaryimage\"},\"image\":{\"@id\":\"https:\\\/\\\/www.mexicanguitarplayers.com\\\/tienda\\\/accesorios\\\/afinadores-y-metronomos\\\/afinadores\\\/afinadores-cromaticos\\\/afinador-seiko-electronico-stx1n-crom\\\/#primaryimage\"},\"thumbnailUrl\":\"https:\\\/\\\/www.mexicanguitarplayers.com\\\/wp-content\\\/uploads\\\/2022\\\/08\\\/RASEISTX1N.jpg\",\"datePublished\":\"2022-08-19T02:15:37+00:00\",\"dateModified\":\"2025-03-27T03:03:09+00:00\",\"description\":\"AFINADOR SEIKO ELECTRONICO STX1N (CROM). Afinador con pantalla e indicadores LED brillantes para una f\u00e1cil afinaci\u00f3n, tono de referencia de una octava para afinar por o\u00eddo, \u00e1ngulo de visi\u00f3n totalmente ajustable, la pantalla se inclina 90\u00b0 hacia arriba y gira 360\u00b0 haciendo al afinador visible desde cualquier direcci\u00f3n, m\u00e9todo de entrada seleccionable, sensor de vibraci\u00f3n\\\/micr\u00f3fono para afinar cualquier instrumento en cualquier entorno, ideal para principiantes o profesionales, afina en modo autom\u00e1tico o manual, rango de afinaci\u00f3n: A0 - C8, micr\u00f3fono y sensor de vibraci\u00f3n integrados, pitch shift: A4=415, 437 - 444 Hz, dimensiones: 55 \u00d7 67 \u00d7 50 mm, peso: 50 g (incluyendo bater\u00edas).\",\"breadcrumb\":{\"@id\":\"https:\\\/\\\/www.mexicanguitarplayers.com\\\/tienda\\\/accesorios\\\/afinadores-y-metronomos\\\/afinadores\\\/afinadores-cromaticos\\\/afinador-seiko-electronico-stx1n-crom\\\/#breadcrumb\"},\"inLanguage\":\"en-US\",\"potentialAction\":[{\"@type\":\"ReadAction\",\"target\":[\"https:\\\/\\\/www.mexicanguitarplayers.com\\\/tienda\\\/accesorios\\\/afinadores-y-metronomos\\\/afinadores\\\/afinadores-cromaticos\\\/afinador-seiko-electronico-stx1n-crom\\\/\"]}]},{\"@type\":\"ImageObject\",\"inLanguage\":\"en-US\",\"@id\":\"https:\\\/\\\/www.mexicanguitarplayers.com\\\/tienda\\\/accesorios\\\/afinadores-y-metronomos\\\/afinadores\\\/afinadores-cromaticos\\\/afinador-seiko-electronico-stx1n-crom\\\/#primaryimage\",\"url\":\"https:\\\/\\\/www.mexicanguitarplayers.com\\\/wp-content\\\/uploads\\\/2022\\\/08\\\/RASEISTX1N.jpg\",\"contentUrl\":\"https:\\\/\\\/www.mexicanguitarplayers.com\\\/wp-content\\\/uploads\\\/2022\\\/08\\\/RASEISTX1N.jpg\",\"width\":1200,\"height\":1200},{\"@type\":\"BreadcrumbList\",\"@id\":\"https:\\\/\\\/www.mexicanguitarplayers.com\\\/tienda\\\/accesorios\\\/afinadores-y-metronomos\\\/afinadores\\\/afinadores-cromaticos\\\/afinador-seiko-electronico-stx1n-crom\\\/#breadcrumb\",\"itemListElement\":[{\"@type\":\"ListItem\",\"position\":1,\"name\":\"Portada\",\"item\":\"https:\\\/\\\/www.mexicanguitarplayers.com\\\/\"},{\"@type\":\"ListItem\",\"position\":2,\"name\":\"Tienda\",\"item\":\"https:\\\/\\\/www.mexicanguitarplayers.com\\\/tienda\\\/\"},{\"@type\":\"ListItem\",\"position\":3,\"name\":\"AFINADOR SEIKO ELECTRONICO STX1N (CROM)\"}]},{\"@type\":\"WebSite\",\"@id\":\"https:\\\/\\\/www.mexicanguitarplayers.com\\\/#website\",\"url\":\"https:\\\/\\\/www.mexicanguitarplayers.com\\\/\",\"name\":\"Mexican Guitar Players\",\"description\":\"Website\",\"publisher\":{\"@id\":\"https:\\\/\\\/www.mexicanguitarplayers.com\\\/#organization\"},\"potentialAction\":[{\"@type\":\"SearchAction\",\"target\":{\"@type\":\"EntryPoint\",\"urlTemplate\":\"https:\\\/\\\/www.mexicanguitarplayers.com\\\/?s={search_term_string}\"},\"query-input\":{\"@type\":\"PropertyValueSpecification\",\"valueRequired\":true,\"valueName\":\"search_term_string\"}}],\"inLanguage\":\"en-US\"},{\"@type\":\"Organization\",\"@id\":\"https:\\\/\\\/www.mexicanguitarplayers.com\\\/#organization\",\"name\":\"Mexican Guitar Players\",\"url\":\"https:\\\/\\\/www.mexicanguitarplayers.com\\\/\",\"logo\":{\"@type\":\"ImageObject\",\"inLanguage\":\"en-US\",\"@id\":\"https:\\\/\\\/www.mexicanguitarplayers.com\\\/#\\\/schema\\\/logo\\\/image\\\/\",\"url\":\"\",\"contentUrl\":\"\",\"caption\":\"Mexican Guitar Players\"},\"image\":{\"@id\":\"https:\\\/\\\/www.mexicanguitarplayers.com\\\/#\\\/schema\\\/logo\\\/image\\\/\"}}]}<\/script>\n<!-- \/ Yoast SEO plugin. -->","yoast_head_json":{"title":"AFINADOR SEIKO ELECTRONICO STX1N (CROM) - Mexican Guitar Players","description":"AFINADOR SEIKO ELECTRONICO STX1N (CROM). Afinador con pantalla e indicadores LED brillantes para una f\u00e1cil afinaci\u00f3n, tono de referencia de una octava para afinar por o\u00eddo, \u00e1ngulo de visi\u00f3n totalmente ajustable, la pantalla se inclina 90\u00b0 hacia arriba y gira 360\u00b0 haciendo al afinador visible desde cualquier direcci\u00f3n, m\u00e9todo de entrada seleccionable, sensor de vibraci\u00f3n\/micr\u00f3fono para afinar cualquier instrumento en cualquier entorno, ideal para principiantes o profesionales, afina en modo autom\u00e1tico o manual, rango de afinaci\u00f3n: A0 - C8, micr\u00f3fono y sensor de vibraci\u00f3n integrados, pitch shift: A4=415, 437 - 444 Hz, dimensiones: 55 \u00d7 67 \u00d7 50 mm, peso: 50 g (incluyendo bater\u00edas).","robots":{"index":"index","follow":"follow","max-snippet":"max-snippet:-1","max-image-preview":"max-image-preview:large","max-video-preview":"max-video-preview:-1"},"canonical":"https:\/\/www.mexicanguitarplayers.com\/en\/tienda\/accesorios\/afinadores-y-metronomos\/afinadores\/afinadores-cromaticos\/afinador-seiko-electronico-stx1n-crom\/","og_locale":"en_US","og_type":"article","og_title":"AFINADOR SEIKO ELECTRONICO STX1N (CROM) - Mexican Guitar Players","og_description":"AFINADOR SEIKO ELECTRONICO STX1N (CROM). Afinador con pantalla e indicadores LED brillantes para una f\u00e1cil afinaci\u00f3n, tono de referencia de una octava para afinar por o\u00eddo, \u00e1ngulo de visi\u00f3n totalmente ajustable, la pantalla se inclina 90\u00b0 hacia arriba y gira 360\u00b0 haciendo al afinador visible desde cualquier direcci\u00f3n, m\u00e9todo de entrada seleccionable, sensor de vibraci\u00f3n\/micr\u00f3fono para afinar cualquier instrumento en cualquier entorno, ideal para principiantes o profesionales, afina en modo autom\u00e1tico o manual, rango de afinaci\u00f3n: A0 - C8, micr\u00f3fono y sensor de vibraci\u00f3n integrados, pitch shift: A4=415, 437 - 444 Hz, dimensiones: 55 \u00d7 67 \u00d7 50 mm, peso: 50 g (incluyendo bater\u00edas).","og_url":"https:\/\/www.mexicanguitarplayers.com\/en\/tienda\/accesorios\/afinadores-y-metronomos\/afinadores\/afinadores-cromaticos\/afinador-seiko-electronico-stx1n-crom\/","og_site_name":"Mexican Guitar Players","article_modified_time":"2025-03-27T03:03:09+00:00","og_image":[{"width":1200,"height":1200,"url":"https:\/\/www.mexicanguitarplayers.com\/wp-content\/uploads\/2022\/08\/RASEISTX1N.jpg","type":"image\/jpeg"}],"twitter_card":"summary_large_image","twitter_misc":{"Est. reading time":"1 minute"},"schema":{"@context":"https:\/\/schema.org","@graph":[{"@type":["WebPage","ItemPage"],"@id":"https:\/\/www.mexicanguitarplayers.com\/tienda\/accesorios\/afinadores-y-metronomos\/afinadores\/afinadores-cromaticos\/afinador-seiko-electronico-stx1n-crom\/","url":"https:\/\/www.mexicanguitarplayers.com\/tienda\/accesorios\/afinadores-y-metronomos\/afinadores\/afinadores-cromaticos\/afinador-seiko-electronico-stx1n-crom\/","name":"AFINADOR SEIKO ELECTRONICO STX1N (CROM) - Mexican Guitar Players","isPartOf":{"@id":"https:\/\/www.mexicanguitarplayers.com\/#website"},"primaryImageOfPage":{"@id":"https:\/\/www.mexicanguitarplayers.com\/tienda\/accesorios\/afinadores-y-metronomos\/afinadores\/afinadores-cromaticos\/afinador-seiko-electronico-stx1n-crom\/#primaryimage"},"image":{"@id":"https:\/\/www.mexicanguitarplayers.com\/tienda\/accesorios\/afinadores-y-metronomos\/afinadores\/afinadores-cromaticos\/afinador-seiko-electronico-stx1n-crom\/#primaryimage"},"thumbnailUrl":"https:\/\/www.mexicanguitarplayers.com\/wp-content\/uploads\/2022\/08\/RASEISTX1N.jpg","datePublished":"2022-08-19T02:15:37+00:00","dateModified":"2025-03-27T03:03:09+00:00","description":"AFINADOR SEIKO ELECTRONICO STX1N (CROM). Afinador con pantalla e indicadores LED brillantes para una f\u00e1cil afinaci\u00f3n, tono de referencia de una octava para afinar por o\u00eddo, \u00e1ngulo de visi\u00f3n totalmente ajustable, la pantalla se inclina 90\u00b0 hacia arriba y gira 360\u00b0 haciendo al afinador visible desde cualquier direcci\u00f3n, m\u00e9todo de entrada seleccionable, sensor de vibraci\u00f3n\/micr\u00f3fono para afinar cualquier instrumento en cualquier entorno, ideal para principiantes o profesionales, afina en modo autom\u00e1tico o manual, rango de afinaci\u00f3n: A0 - C8, micr\u00f3fono y sensor de vibraci\u00f3n integrados, pitch shift: A4=415, 437 - 444 Hz, dimensiones: 55 \u00d7 67 \u00d7 50 mm, peso: 50 g (incluyendo bater\u00edas).","breadcrumb":{"@id":"https:\/\/www.mexicanguitarplayers.com\/tienda\/accesorios\/afinadores-y-metronomos\/afinadores\/afinadores-cromaticos\/afinador-seiko-electronico-stx1n-crom\/#breadcrumb"},"inLanguage":"en-US","potentialAction":[{"@type":"ReadAction","target":["https:\/\/www.mexicanguitarplayers.com\/tienda\/accesorios\/afinadores-y-metronomos\/afinadores\/afinadores-cromaticos\/afinador-seiko-electronico-stx1n-crom\/"]}]},{"@type":"ImageObject","inLanguage":"en-US","@id":"https:\/\/www.mexicanguitarplayers.com\/tienda\/accesorios\/afinadores-y-metronomos\/afinadores\/afinadores-cromaticos\/afinador-seiko-electronico-stx1n-crom\/#primaryimage","url":"https:\/\/www.mexicanguitarplayers.com\/wp-content\/uploads\/2022\/08\/RASEISTX1N.jpg","contentUrl":"https:\/\/www.mexicanguitarplayers.com\/wp-content\/uploads\/2022\/08\/RASEISTX1N.jpg","width":1200,"height":1200},{"@type":"BreadcrumbList","@id":"https:\/\/www.mexicanguitarplayers.com\/tienda\/accesorios\/afinadores-y-metronomos\/afinadores\/afinadores-cromaticos\/afinador-seiko-electronico-stx1n-crom\/#breadcrumb","itemListElement":[{"@type":"ListItem","position":1,"name":"Portada","item":"https:\/\/www.mexicanguitarplayers.com\/"},{"@type":"ListItem","position":2,"name":"Tienda","item":"https:\/\/www.mexicanguitarplayers.com\/tienda\/"},{"@type":"ListItem","position":3,"name":"AFINADOR SEIKO ELECTRONICO STX1N (CROM)"}]},{"@type":"WebSite","@id":"https:\/\/www.mexicanguitarplayers.com\/#website","url":"https:\/\/www.mexicanguitarplayers.com\/","name":"Mexican Guitar Players","description":"Website","publisher":{"@id":"https:\/\/www.mexicanguitarplayers.com\/#organization"},"potentialAction":[{"@type":"SearchAction","target":{"@type":"EntryPoint","urlTemplate":"https:\/\/www.mexicanguitarplayers.com\/?s={search_term_string}"},"query-input":{"@type":"PropertyValueSpecification","valueRequired":true,"valueName":"search_term_string"}}],"inLanguage":"en-US"},{"@type":"Organization","@id":"https:\/\/www.mexicanguitarplayers.com\/#organization","name":"Mexican Guitar Players","url":"https:\/\/www.mexicanguitarplayers.com\/","logo":{"@type":"ImageObject","inLanguage":"en-US","@id":"https:\/\/www.mexicanguitarplayers.com\/#\/schema\/logo\/image\/","url":"","contentUrl":"","caption":"Mexican Guitar Players"},"image":{"@id":"https:\/\/www.mexicanguitarplayers.com\/#\/schema\/logo\/image\/"}}]}},"brands":[{"id":606,"name":"SEIKO","slug":"seiko"}],"_links":{"self":[{"href":"https:\/\/www.mexicanguitarplayers.com\/en\/wp-json\/wp\/v2\/product\/20086","targetHints":{"allow":["GET"]}}],"collection":[{"href":"https:\/\/www.mexicanguitarplayers.com\/en\/wp-json\/wp\/v2\/product"}],"about":[{"href":"https:\/\/www.mexicanguitarplayers.com\/en\/wp-json\/wp\/v2\/types\/product"}],"replies":[{"embeddable":true,"href":"https:\/\/www.mexicanguitarplayers.com\/en\/wp-json\/wp\/v2\/comments?post=20086"}],"wp:featuredmedia":[{"embeddable":true,"href":"https:\/\/www.mexicanguitarplayers.com\/en\/wp-json\/wp\/v2\/media\/20085"}],"wp:attachment":[{"href":"https:\/\/www.mexicanguitarplayers.com\/en\/wp-json\/wp\/v2\/media?parent=20086"}],"wp:term":[{"taxonomy":"pwb-brand","embeddable":true,"href":"https:\/\/www.mexicanguitarplayers.com\/en\/wp-json\/wp\/v2\/pwb-brand?post=20086"},{"taxonomy":"product_brand","embeddable":true,"href":"https:\/\/www.mexicanguitarplayers.com\/en\/wp-json\/wp\/v2\/product_brand?post=20086"},{"taxonomy":"product_cat","embeddable":true,"href":"https:\/\/www.mexicanguitarplayers.com\/en\/wp-json\/wp\/v2\/product_cat?post=20086"},{"taxonomy":"product_tag","embeddable":true,"href":"https:\/\/www.mexicanguitarplayers.com\/en\/wp-json\/wp\/v2\/product_tag?post=20086"}],"curies":[{"name":"wp","href":"https:\/\/api.w.org\/{rel}","templated":true}]}}