{"id":20129,"date":"2022-08-18T21:16:56","date_gmt":"2022-08-19T02:16:56","guid":{"rendered":"https:\/\/www.mexicanguitarplayers.com\/tienda\/sin%20categor\u00eda\/afinador-snark-p-guitarra-mod-sn-1\/"},"modified":"2025-03-26T21:02:14","modified_gmt":"2025-03-27T03:02:14","slug":"afinador-snark-p-guitarra-mod-sn-1","status":"publish","type":"product","link":"https:\/\/www.mexicanguitarplayers.com\/en\/tienda\/accesorios\/afinadores-y-metronomos\/afinadores\/afinadores-cromaticos\/afinador-snark-p-guitarra-mod-sn-1\/","title":{"rendered":"SNARK P\/GUITAR TUNER MOD. SN-1"},"content":{"rendered":"<div style=\"text-align: justify\">\n<div>\n<h3>SNARK P\/GUITAR TUNER MOD. SN-1<\/h3>\n<\/div>\n<div>Tuner for guitar or bass, full color 360 degree rotatable display, \u201cStay put\u201d clip, tap tempo metronome function, transpose functions, pitch calibration (415 \u2013 466 Hz), highly sensitive vibration sensor, can be use on the front or back of the headstock (for left and right handed players).<\/div>\n<\/div>","protected":false},"excerpt":{"rendered":"<p>Afinador para guitarra o bajo, display giratorio de 360 grados a todo color, clip \u201dStay put\u201d, funci\u00f3n de metr\u00f3nomo tap tempo, funciones de transposici\u00f3n, calibraci\u00f3n de pitch (415 &#8211; 466 Hz), sensor de vibraci\u00f3n de alta sensibilidad, se puede utilizar en la parte delantera o trasera del cabezal (para m\u00fasicos diestros y zurdos).&hellip; <a class=\"kt-excerpt-readmore more-link\" href=\"https:\/\/www.mexicanguitarplayers.com\/en\/tienda\/accesorios\/afinadores-y-metronomos\/afinadores\/afinadores-cromaticos\/afinador-snark-p-guitarra-mod-sn-1\/\">Read more<\/a><\/p>","protected":false},"featured_media":20124,"comment_status":"open","ping_status":"closed","template":"","meta":{"kt_blocks_editor_width":""},"pwb-brand":[639],"product_brand":[],"product_cat":[85,423,424,422],"product_tag":[],"class_list":{"0":"post-20129","1":"product","2":"type-product","3":"status-publish","4":"has-post-thumbnail","6":"pwb-brand-snark","7":"product_cat-accesorios","8":"product_cat-afinadores","9":"product_cat-afinadores-cromaticos","10":"product_cat-afinadores-y-metronomos","11":"product_shipping_class-0-5-kg","13":"first","14":"outofstock","15":"taxable","16":"shipping-taxable","17":"purchasable","18":"product-type-simple"},"yoast_head":"<!-- This site is optimized with the Yoast SEO plugin v27.3 - https:\/\/yoast.com\/product\/yoast-seo-wordpress\/ -->\n<title>AFINADOR SNARK P\/GUITARRA MOD. SN-1 - Mexican Guitar Players<\/title>\n<meta name=\"description\" content=\"AFINADOR SNARK P\/GUITARRA MOD. SN-1. Afinador para guitarra o bajo, display giratorio de 360 grados a todo color, clip \u201dStay put\u201d, funci\u00f3n de metr\u00f3nomo tap tempo, funciones de transposici\u00f3n, calibraci\u00f3n de pitch (415 - 466 Hz), sensor de vibraci\u00f3n de alta sensibilidad, se puede utilizar en la parte delantera o trasera del cabezal (para m\u00fasicos diestros y zurdos).\" \/>\n<meta name=\"robots\" content=\"index, follow, max-snippet:-1, max-image-preview:large, max-video-preview:-1\" \/>\n<link rel=\"canonical\" href=\"https:\/\/www.mexicanguitarplayers.com\/en\/tienda\/accesorios\/afinadores-y-metronomos\/afinadores\/afinadores-cromaticos\/afinador-snark-p-guitarra-mod-sn-1\/\" \/>\n<meta property=\"og:locale\" content=\"en_US\" \/>\n<meta property=\"og:type\" content=\"article\" \/>\n<meta property=\"og:title\" content=\"AFINADOR SNARK P\/GUITARRA MOD. SN-1 - Mexican Guitar Players\" \/>\n<meta property=\"og:description\" content=\"AFINADOR SNARK P\/GUITARRA MOD. SN-1. Afinador para guitarra o bajo, display giratorio de 360 grados a todo color, clip \u201dStay put\u201d, funci\u00f3n de metr\u00f3nomo tap tempo, funciones de transposici\u00f3n, calibraci\u00f3n de pitch (415 - 466 Hz), sensor de vibraci\u00f3n de alta sensibilidad, se puede utilizar en la parte delantera o trasera del cabezal (para m\u00fasicos diestros y zurdos).\" \/>\n<meta property=\"og:url\" content=\"https:\/\/www.mexicanguitarplayers.com\/en\/tienda\/accesorios\/afinadores-y-metronomos\/afinadores\/afinadores-cromaticos\/afinador-snark-p-guitarra-mod-sn-1\/\" \/>\n<meta property=\"og:site_name\" content=\"Mexican Guitar Players\" \/>\n<meta property=\"article:modified_time\" content=\"2025-03-27T03:02:14+00:00\" \/>\n<meta property=\"og:image\" content=\"https:\/\/www.mexicanguitarplayers.com\/wp-content\/uploads\/2022\/08\/RASNKSN1.jpg\" \/>\n\t<meta property=\"og:image:width\" content=\"1200\" \/>\n\t<meta property=\"og:image:height\" content=\"1200\" \/>\n\t<meta property=\"og:image:type\" content=\"image\/jpeg\" \/>\n<meta name=\"twitter:card\" content=\"summary_large_image\" \/>\n<script type=\"application\/ld+json\" class=\"yoast-schema-graph\">{\"@context\":\"https:\\\/\\\/schema.org\",\"@graph\":[{\"@type\":[\"WebPage\",\"ItemPage\"],\"@id\":\"https:\\\/\\\/www.mexicanguitarplayers.com\\\/tienda\\\/accesorios\\\/afinadores-y-metronomos\\\/afinadores\\\/afinadores-cromaticos\\\/afinador-snark-p-guitarra-mod-sn-1\\\/\",\"url\":\"https:\\\/\\\/www.mexicanguitarplayers.com\\\/tienda\\\/accesorios\\\/afinadores-y-metronomos\\\/afinadores\\\/afinadores-cromaticos\\\/afinador-snark-p-guitarra-mod-sn-1\\\/\",\"name\":\"AFINADOR SNARK P\\\/GUITARRA MOD. SN-1 - Mexican Guitar Players\",\"isPartOf\":{\"@id\":\"https:\\\/\\\/www.mexicanguitarplayers.com\\\/#website\"},\"primaryImageOfPage\":{\"@id\":\"https:\\\/\\\/www.mexicanguitarplayers.com\\\/tienda\\\/accesorios\\\/afinadores-y-metronomos\\\/afinadores\\\/afinadores-cromaticos\\\/afinador-snark-p-guitarra-mod-sn-1\\\/#primaryimage\"},\"image\":{\"@id\":\"https:\\\/\\\/www.mexicanguitarplayers.com\\\/tienda\\\/accesorios\\\/afinadores-y-metronomos\\\/afinadores\\\/afinadores-cromaticos\\\/afinador-snark-p-guitarra-mod-sn-1\\\/#primaryimage\"},\"thumbnailUrl\":\"https:\\\/\\\/www.mexicanguitarplayers.com\\\/wp-content\\\/uploads\\\/2022\\\/08\\\/RASNKSN1.jpg\",\"datePublished\":\"2022-08-19T02:16:56+00:00\",\"dateModified\":\"2025-03-27T03:02:14+00:00\",\"description\":\"AFINADOR SNARK P\\\/GUITARRA MOD. SN-1. Afinador para guitarra o bajo, display giratorio de 360 grados a todo color, clip \u201dStay put\u201d, funci\u00f3n de metr\u00f3nomo tap tempo, funciones de transposici\u00f3n, calibraci\u00f3n de pitch (415 - 466 Hz), sensor de vibraci\u00f3n de alta sensibilidad, se puede utilizar en la parte delantera o trasera del cabezal (para m\u00fasicos diestros y zurdos).\",\"breadcrumb\":{\"@id\":\"https:\\\/\\\/www.mexicanguitarplayers.com\\\/tienda\\\/accesorios\\\/afinadores-y-metronomos\\\/afinadores\\\/afinadores-cromaticos\\\/afinador-snark-p-guitarra-mod-sn-1\\\/#breadcrumb\"},\"inLanguage\":\"en-US\",\"potentialAction\":[{\"@type\":\"ReadAction\",\"target\":[\"https:\\\/\\\/www.mexicanguitarplayers.com\\\/tienda\\\/accesorios\\\/afinadores-y-metronomos\\\/afinadores\\\/afinadores-cromaticos\\\/afinador-snark-p-guitarra-mod-sn-1\\\/\"]}]},{\"@type\":\"ImageObject\",\"inLanguage\":\"en-US\",\"@id\":\"https:\\\/\\\/www.mexicanguitarplayers.com\\\/tienda\\\/accesorios\\\/afinadores-y-metronomos\\\/afinadores\\\/afinadores-cromaticos\\\/afinador-snark-p-guitarra-mod-sn-1\\\/#primaryimage\",\"url\":\"https:\\\/\\\/www.mexicanguitarplayers.com\\\/wp-content\\\/uploads\\\/2022\\\/08\\\/RASNKSN1.jpg\",\"contentUrl\":\"https:\\\/\\\/www.mexicanguitarplayers.com\\\/wp-content\\\/uploads\\\/2022\\\/08\\\/RASNKSN1.jpg\",\"width\":1200,\"height\":1200},{\"@type\":\"BreadcrumbList\",\"@id\":\"https:\\\/\\\/www.mexicanguitarplayers.com\\\/tienda\\\/accesorios\\\/afinadores-y-metronomos\\\/afinadores\\\/afinadores-cromaticos\\\/afinador-snark-p-guitarra-mod-sn-1\\\/#breadcrumb\",\"itemListElement\":[{\"@type\":\"ListItem\",\"position\":1,\"name\":\"Portada\",\"item\":\"https:\\\/\\\/www.mexicanguitarplayers.com\\\/\"},{\"@type\":\"ListItem\",\"position\":2,\"name\":\"Tienda\",\"item\":\"https:\\\/\\\/www.mexicanguitarplayers.com\\\/tienda\\\/\"},{\"@type\":\"ListItem\",\"position\":3,\"name\":\"AFINADOR SNARK P\\\/GUITARRA MOD. SN-1\"}]},{\"@type\":\"WebSite\",\"@id\":\"https:\\\/\\\/www.mexicanguitarplayers.com\\\/#website\",\"url\":\"https:\\\/\\\/www.mexicanguitarplayers.com\\\/\",\"name\":\"Mexican Guitar Players\",\"description\":\"Website\",\"publisher\":{\"@id\":\"https:\\\/\\\/www.mexicanguitarplayers.com\\\/#organization\"},\"potentialAction\":[{\"@type\":\"SearchAction\",\"target\":{\"@type\":\"EntryPoint\",\"urlTemplate\":\"https:\\\/\\\/www.mexicanguitarplayers.com\\\/?s={search_term_string}\"},\"query-input\":{\"@type\":\"PropertyValueSpecification\",\"valueRequired\":true,\"valueName\":\"search_term_string\"}}],\"inLanguage\":\"en-US\"},{\"@type\":\"Organization\",\"@id\":\"https:\\\/\\\/www.mexicanguitarplayers.com\\\/#organization\",\"name\":\"Mexican Guitar Players\",\"url\":\"https:\\\/\\\/www.mexicanguitarplayers.com\\\/\",\"logo\":{\"@type\":\"ImageObject\",\"inLanguage\":\"en-US\",\"@id\":\"https:\\\/\\\/www.mexicanguitarplayers.com\\\/#\\\/schema\\\/logo\\\/image\\\/\",\"url\":\"\",\"contentUrl\":\"\",\"caption\":\"Mexican Guitar Players\"},\"image\":{\"@id\":\"https:\\\/\\\/www.mexicanguitarplayers.com\\\/#\\\/schema\\\/logo\\\/image\\\/\"}}]}<\/script>\n<!-- \/ Yoast SEO plugin. -->","yoast_head_json":{"title":"AFINADOR SNARK P\/GUITARRA MOD. SN-1 - Mexican Guitar Players","description":"AFINADOR SNARK P\/GUITARRA MOD. SN-1. Afinador para guitarra o bajo, display giratorio de 360 grados a todo color, clip \u201dStay put\u201d, funci\u00f3n de metr\u00f3nomo tap tempo, funciones de transposici\u00f3n, calibraci\u00f3n de pitch (415 - 466 Hz), sensor de vibraci\u00f3n de alta sensibilidad, se puede utilizar en la parte delantera o trasera del cabezal (para m\u00fasicos diestros y zurdos).","robots":{"index":"index","follow":"follow","max-snippet":"max-snippet:-1","max-image-preview":"max-image-preview:large","max-video-preview":"max-video-preview:-1"},"canonical":"https:\/\/www.mexicanguitarplayers.com\/en\/tienda\/accesorios\/afinadores-y-metronomos\/afinadores\/afinadores-cromaticos\/afinador-snark-p-guitarra-mod-sn-1\/","og_locale":"en_US","og_type":"article","og_title":"AFINADOR SNARK P\/GUITARRA MOD. SN-1 - Mexican Guitar Players","og_description":"AFINADOR SNARK P\/GUITARRA MOD. SN-1. Afinador para guitarra o bajo, display giratorio de 360 grados a todo color, clip \u201dStay put\u201d, funci\u00f3n de metr\u00f3nomo tap tempo, funciones de transposici\u00f3n, calibraci\u00f3n de pitch (415 - 466 Hz), sensor de vibraci\u00f3n de alta sensibilidad, se puede utilizar en la parte delantera o trasera del cabezal (para m\u00fasicos diestros y zurdos).","og_url":"https:\/\/www.mexicanguitarplayers.com\/en\/tienda\/accesorios\/afinadores-y-metronomos\/afinadores\/afinadores-cromaticos\/afinador-snark-p-guitarra-mod-sn-1\/","og_site_name":"Mexican Guitar Players","article_modified_time":"2025-03-27T03:02:14+00:00","og_image":[{"width":1200,"height":1200,"url":"https:\/\/www.mexicanguitarplayers.com\/wp-content\/uploads\/2022\/08\/RASNKSN1.jpg","type":"image\/jpeg"}],"twitter_card":"summary_large_image","schema":{"@context":"https:\/\/schema.org","@graph":[{"@type":["WebPage","ItemPage"],"@id":"https:\/\/www.mexicanguitarplayers.com\/tienda\/accesorios\/afinadores-y-metronomos\/afinadores\/afinadores-cromaticos\/afinador-snark-p-guitarra-mod-sn-1\/","url":"https:\/\/www.mexicanguitarplayers.com\/tienda\/accesorios\/afinadores-y-metronomos\/afinadores\/afinadores-cromaticos\/afinador-snark-p-guitarra-mod-sn-1\/","name":"AFINADOR SNARK P\/GUITARRA MOD. SN-1 - Mexican Guitar Players","isPartOf":{"@id":"https:\/\/www.mexicanguitarplayers.com\/#website"},"primaryImageOfPage":{"@id":"https:\/\/www.mexicanguitarplayers.com\/tienda\/accesorios\/afinadores-y-metronomos\/afinadores\/afinadores-cromaticos\/afinador-snark-p-guitarra-mod-sn-1\/#primaryimage"},"image":{"@id":"https:\/\/www.mexicanguitarplayers.com\/tienda\/accesorios\/afinadores-y-metronomos\/afinadores\/afinadores-cromaticos\/afinador-snark-p-guitarra-mod-sn-1\/#primaryimage"},"thumbnailUrl":"https:\/\/www.mexicanguitarplayers.com\/wp-content\/uploads\/2022\/08\/RASNKSN1.jpg","datePublished":"2022-08-19T02:16:56+00:00","dateModified":"2025-03-27T03:02:14+00:00","description":"AFINADOR SNARK P\/GUITARRA MOD. SN-1. Afinador para guitarra o bajo, display giratorio de 360 grados a todo color, clip \u201dStay put\u201d, funci\u00f3n de metr\u00f3nomo tap tempo, funciones de transposici\u00f3n, calibraci\u00f3n de pitch (415 - 466 Hz), sensor de vibraci\u00f3n de alta sensibilidad, se puede utilizar en la parte delantera o trasera del cabezal (para m\u00fasicos diestros y zurdos).","breadcrumb":{"@id":"https:\/\/www.mexicanguitarplayers.com\/tienda\/accesorios\/afinadores-y-metronomos\/afinadores\/afinadores-cromaticos\/afinador-snark-p-guitarra-mod-sn-1\/#breadcrumb"},"inLanguage":"en-US","potentialAction":[{"@type":"ReadAction","target":["https:\/\/www.mexicanguitarplayers.com\/tienda\/accesorios\/afinadores-y-metronomos\/afinadores\/afinadores-cromaticos\/afinador-snark-p-guitarra-mod-sn-1\/"]}]},{"@type":"ImageObject","inLanguage":"en-US","@id":"https:\/\/www.mexicanguitarplayers.com\/tienda\/accesorios\/afinadores-y-metronomos\/afinadores\/afinadores-cromaticos\/afinador-snark-p-guitarra-mod-sn-1\/#primaryimage","url":"https:\/\/www.mexicanguitarplayers.com\/wp-content\/uploads\/2022\/08\/RASNKSN1.jpg","contentUrl":"https:\/\/www.mexicanguitarplayers.com\/wp-content\/uploads\/2022\/08\/RASNKSN1.jpg","width":1200,"height":1200},{"@type":"BreadcrumbList","@id":"https:\/\/www.mexicanguitarplayers.com\/tienda\/accesorios\/afinadores-y-metronomos\/afinadores\/afinadores-cromaticos\/afinador-snark-p-guitarra-mod-sn-1\/#breadcrumb","itemListElement":[{"@type":"ListItem","position":1,"name":"Portada","item":"https:\/\/www.mexicanguitarplayers.com\/"},{"@type":"ListItem","position":2,"name":"Tienda","item":"https:\/\/www.mexicanguitarplayers.com\/tienda\/"},{"@type":"ListItem","position":3,"name":"AFINADOR SNARK P\/GUITARRA MOD. SN-1"}]},{"@type":"WebSite","@id":"https:\/\/www.mexicanguitarplayers.com\/#website","url":"https:\/\/www.mexicanguitarplayers.com\/","name":"Mexican Guitar Players","description":"Website","publisher":{"@id":"https:\/\/www.mexicanguitarplayers.com\/#organization"},"potentialAction":[{"@type":"SearchAction","target":{"@type":"EntryPoint","urlTemplate":"https:\/\/www.mexicanguitarplayers.com\/?s={search_term_string}"},"query-input":{"@type":"PropertyValueSpecification","valueRequired":true,"valueName":"search_term_string"}}],"inLanguage":"en-US"},{"@type":"Organization","@id":"https:\/\/www.mexicanguitarplayers.com\/#organization","name":"Mexican Guitar Players","url":"https:\/\/www.mexicanguitarplayers.com\/","logo":{"@type":"ImageObject","inLanguage":"en-US","@id":"https:\/\/www.mexicanguitarplayers.com\/#\/schema\/logo\/image\/","url":"","contentUrl":"","caption":"Mexican Guitar Players"},"image":{"@id":"https:\/\/www.mexicanguitarplayers.com\/#\/schema\/logo\/image\/"}}]}},"brands":[{"id":639,"name":"SNARK","slug":"snark"}],"_links":{"self":[{"href":"https:\/\/www.mexicanguitarplayers.com\/en\/wp-json\/wp\/v2\/product\/20129","targetHints":{"allow":["GET"]}}],"collection":[{"href":"https:\/\/www.mexicanguitarplayers.com\/en\/wp-json\/wp\/v2\/product"}],"about":[{"href":"https:\/\/www.mexicanguitarplayers.com\/en\/wp-json\/wp\/v2\/types\/product"}],"replies":[{"embeddable":true,"href":"https:\/\/www.mexicanguitarplayers.com\/en\/wp-json\/wp\/v2\/comments?post=20129"}],"wp:featuredmedia":[{"embeddable":true,"href":"https:\/\/www.mexicanguitarplayers.com\/en\/wp-json\/wp\/v2\/media\/20124"}],"wp:attachment":[{"href":"https:\/\/www.mexicanguitarplayers.com\/en\/wp-json\/wp\/v2\/media?parent=20129"}],"wp:term":[{"taxonomy":"pwb-brand","embeddable":true,"href":"https:\/\/www.mexicanguitarplayers.com\/en\/wp-json\/wp\/v2\/pwb-brand?post=20129"},{"taxonomy":"product_brand","embeddable":true,"href":"https:\/\/www.mexicanguitarplayers.com\/en\/wp-json\/wp\/v2\/product_brand?post=20129"},{"taxonomy":"product_cat","embeddable":true,"href":"https:\/\/www.mexicanguitarplayers.com\/en\/wp-json\/wp\/v2\/product_cat?post=20129"},{"taxonomy":"product_tag","embeddable":true,"href":"https:\/\/www.mexicanguitarplayers.com\/en\/wp-json\/wp\/v2\/product_tag?post=20129"}],"curies":[{"name":"wp","href":"https:\/\/api.w.org\/{rel}","templated":true}]}}