{"id":20131,"date":"2022-08-18T21:17:00","date_gmt":"2022-08-19T02:17:00","guid":{"rendered":"https:\/\/www.mexicanguitarplayers.com\/tienda\/sin%20categor\u00eda\/afinador-snark-p-guitarra-mod-sn-1x\/"},"modified":"2022-08-20T15:00:05","modified_gmt":"2022-08-20T20:00:05","slug":"afinador-snark-p-guitarra-mod-sn-1x","status":"publish","type":"product","link":"https:\/\/www.mexicanguitarplayers.com\/en\/tienda\/accesorios\/afinadores-y-metronomos\/afinadores\/para-guitarra-afinadores\/afinador-snark-p-guitarra-mod-sn-1x\/","title":{"rendered":"SNARK P\/GUITAR TUNER MOD. SN-1X"},"content":{"rendered":"<div style=\"text-align: justify; list-style: circle;\">\n<div>\n<h3>SNARK P\/GUITAR TUNER MOD. SN-1X<\/h3>\n<\/div>\n<div>Clip-on chromatic tuner, all-instrument frequency range, includes much faster chip processing, higher accuracy, new full-color HD display that can be read from any angle, metronome with tap tempo, 360-degree swivel display, It can be used on the headstock of the instrument or on the back.<\/div>\n<\/div>","protected":false},"excerpt":{"rendered":"<p>Afinador crom\u00e1tico de clip, rango de frecuencia para todo instrumento, incluye un chip de procesamiento mucho m\u00e1s r\u00e1pido, mayor precisi\u00f3n, nueva pantalla de alta definici\u00f3n a todo color que puede leerse desde cualquier \u00e1ngulo, metr\u00f3nomo con tap tempo, pantalla giratoria a 360 grados, se puede utilizar en el cabezal del instrumento o en la parte posterior.&hellip; <a class=\"kt-excerpt-readmore more-link\" href=\"https:\/\/www.mexicanguitarplayers.com\/en\/tienda\/accesorios\/afinadores-y-metronomos\/afinadores\/para-guitarra-afinadores\/afinador-snark-p-guitarra-mod-sn-1x\/\">Read more<\/a><\/p>","protected":false},"featured_media":20130,"comment_status":"open","ping_status":"closed","template":"","meta":{"kt_blocks_editor_width":""},"pwb-brand":[639],"product_brand":[],"product_cat":[85,423,422,593],"product_tag":[],"class_list":{"0":"post-20131","1":"product","2":"type-product","3":"status-publish","4":"has-post-thumbnail","6":"pwb-brand-snark","7":"product_cat-accesorios","8":"product_cat-afinadores","9":"product_cat-afinadores-y-metronomos","10":"product_cat-para-guitarra-afinadores","11":"product_shipping_class-0-5-kg","13":"first","14":"outofstock","15":"taxable","16":"shipping-taxable","17":"purchasable","18":"product-type-simple"},"yoast_head":"<!-- This site is optimized with the Yoast SEO plugin v27.3 - https:\/\/yoast.com\/product\/yoast-seo-wordpress\/ -->\n<title>AFINADOR SNARK P\/GUITARRA MOD. SN-1X - Mexican Guitar Players<\/title>\n<meta name=\"description\" content=\"AFINADOR SNARK P\/GUITARRA MOD. SN-1X. Afinador crom\u00e1tico de clip, rango de frecuencia para todo instrumento, incluye un chip de procesamiento mucho m\u00e1s r\u00e1pido, mayor precisi\u00f3n, nueva pantalla de alta definici\u00f3n a todo color que puede leerse desde cualquier \u00e1ngulo, metr\u00f3nomo con tap tempo, pantalla giratoria a 360 grados, se puede utilizar en el cabezal del instrumento o en la parte posterior.\" \/>\n<meta name=\"robots\" content=\"index, follow, max-snippet:-1, max-image-preview:large, max-video-preview:-1\" \/>\n<link rel=\"canonical\" href=\"https:\/\/www.mexicanguitarplayers.com\/en\/tienda\/accesorios\/afinadores-y-metronomos\/afinadores\/para-guitarra-afinadores\/afinador-snark-p-guitarra-mod-sn-1x\/\" \/>\n<meta property=\"og:locale\" content=\"en_US\" \/>\n<meta property=\"og:type\" content=\"article\" \/>\n<meta property=\"og:title\" content=\"AFINADOR SNARK P\/GUITARRA MOD. SN-1X - Mexican Guitar Players\" \/>\n<meta property=\"og:description\" content=\"AFINADOR SNARK P\/GUITARRA MOD. SN-1X. Afinador crom\u00e1tico de clip, rango de frecuencia para todo instrumento, incluye un chip de procesamiento mucho m\u00e1s r\u00e1pido, mayor precisi\u00f3n, nueva pantalla de alta definici\u00f3n a todo color que puede leerse desde cualquier \u00e1ngulo, metr\u00f3nomo con tap tempo, pantalla giratoria a 360 grados, se puede utilizar en el cabezal del instrumento o en la parte posterior.\" \/>\n<meta property=\"og:url\" content=\"https:\/\/www.mexicanguitarplayers.com\/en\/tienda\/accesorios\/afinadores-y-metronomos\/afinadores\/para-guitarra-afinadores\/afinador-snark-p-guitarra-mod-sn-1x\/\" \/>\n<meta property=\"og:site_name\" content=\"Mexican Guitar Players\" \/>\n<meta property=\"article:modified_time\" content=\"2022-08-20T20:00:05+00:00\" \/>\n<meta property=\"og:image\" content=\"https:\/\/www.mexicanguitarplayers.com\/wp-content\/uploads\/2022\/08\/RASNKSN1X.jpg\" \/>\n\t<meta property=\"og:image:width\" content=\"1200\" \/>\n\t<meta property=\"og:image:height\" content=\"1200\" \/>\n\t<meta property=\"og:image:type\" content=\"image\/jpeg\" \/>\n<meta name=\"twitter:card\" content=\"summary_large_image\" \/>\n<script type=\"application\/ld+json\" class=\"yoast-schema-graph\">{\"@context\":\"https:\\\/\\\/schema.org\",\"@graph\":[{\"@type\":[\"WebPage\",\"ItemPage\"],\"@id\":\"https:\\\/\\\/www.mexicanguitarplayers.com\\\/tienda\\\/accesorios\\\/afinadores-y-metronomos\\\/afinadores\\\/para-guitarra-afinadores\\\/afinador-snark-p-guitarra-mod-sn-1x\\\/\",\"url\":\"https:\\\/\\\/www.mexicanguitarplayers.com\\\/tienda\\\/accesorios\\\/afinadores-y-metronomos\\\/afinadores\\\/para-guitarra-afinadores\\\/afinador-snark-p-guitarra-mod-sn-1x\\\/\",\"name\":\"AFINADOR SNARK P\\\/GUITARRA MOD. SN-1X - Mexican Guitar Players\",\"isPartOf\":{\"@id\":\"https:\\\/\\\/www.mexicanguitarplayers.com\\\/#website\"},\"primaryImageOfPage\":{\"@id\":\"https:\\\/\\\/www.mexicanguitarplayers.com\\\/tienda\\\/accesorios\\\/afinadores-y-metronomos\\\/afinadores\\\/para-guitarra-afinadores\\\/afinador-snark-p-guitarra-mod-sn-1x\\\/#primaryimage\"},\"image\":{\"@id\":\"https:\\\/\\\/www.mexicanguitarplayers.com\\\/tienda\\\/accesorios\\\/afinadores-y-metronomos\\\/afinadores\\\/para-guitarra-afinadores\\\/afinador-snark-p-guitarra-mod-sn-1x\\\/#primaryimage\"},\"thumbnailUrl\":\"https:\\\/\\\/www.mexicanguitarplayers.com\\\/wp-content\\\/uploads\\\/2022\\\/08\\\/RASNKSN1X.jpg\",\"datePublished\":\"2022-08-19T02:17:00+00:00\",\"dateModified\":\"2022-08-20T20:00:05+00:00\",\"description\":\"AFINADOR SNARK P\\\/GUITARRA MOD. SN-1X. Afinador crom\u00e1tico de clip, rango de frecuencia para todo instrumento, incluye un chip de procesamiento mucho m\u00e1s r\u00e1pido, mayor precisi\u00f3n, nueva pantalla de alta definici\u00f3n a todo color que puede leerse desde cualquier \u00e1ngulo, metr\u00f3nomo con tap tempo, pantalla giratoria a 360 grados, se puede utilizar en el cabezal del instrumento o en la parte posterior.\",\"breadcrumb\":{\"@id\":\"https:\\\/\\\/www.mexicanguitarplayers.com\\\/tienda\\\/accesorios\\\/afinadores-y-metronomos\\\/afinadores\\\/para-guitarra-afinadores\\\/afinador-snark-p-guitarra-mod-sn-1x\\\/#breadcrumb\"},\"inLanguage\":\"en-US\",\"potentialAction\":[{\"@type\":\"ReadAction\",\"target\":[\"https:\\\/\\\/www.mexicanguitarplayers.com\\\/tienda\\\/accesorios\\\/afinadores-y-metronomos\\\/afinadores\\\/para-guitarra-afinadores\\\/afinador-snark-p-guitarra-mod-sn-1x\\\/\"]}]},{\"@type\":\"ImageObject\",\"inLanguage\":\"en-US\",\"@id\":\"https:\\\/\\\/www.mexicanguitarplayers.com\\\/tienda\\\/accesorios\\\/afinadores-y-metronomos\\\/afinadores\\\/para-guitarra-afinadores\\\/afinador-snark-p-guitarra-mod-sn-1x\\\/#primaryimage\",\"url\":\"https:\\\/\\\/www.mexicanguitarplayers.com\\\/wp-content\\\/uploads\\\/2022\\\/08\\\/RASNKSN1X.jpg\",\"contentUrl\":\"https:\\\/\\\/www.mexicanguitarplayers.com\\\/wp-content\\\/uploads\\\/2022\\\/08\\\/RASNKSN1X.jpg\",\"width\":1200,\"height\":1200},{\"@type\":\"BreadcrumbList\",\"@id\":\"https:\\\/\\\/www.mexicanguitarplayers.com\\\/tienda\\\/accesorios\\\/afinadores-y-metronomos\\\/afinadores\\\/para-guitarra-afinadores\\\/afinador-snark-p-guitarra-mod-sn-1x\\\/#breadcrumb\",\"itemListElement\":[{\"@type\":\"ListItem\",\"position\":1,\"name\":\"Portada\",\"item\":\"https:\\\/\\\/www.mexicanguitarplayers.com\\\/\"},{\"@type\":\"ListItem\",\"position\":2,\"name\":\"Tienda\",\"item\":\"https:\\\/\\\/www.mexicanguitarplayers.com\\\/tienda\\\/\"},{\"@type\":\"ListItem\",\"position\":3,\"name\":\"AFINADOR SNARK P\\\/GUITARRA MOD. SN-1X\"}]},{\"@type\":\"WebSite\",\"@id\":\"https:\\\/\\\/www.mexicanguitarplayers.com\\\/#website\",\"url\":\"https:\\\/\\\/www.mexicanguitarplayers.com\\\/\",\"name\":\"Mexican Guitar Players\",\"description\":\"Website\",\"publisher\":{\"@id\":\"https:\\\/\\\/www.mexicanguitarplayers.com\\\/#organization\"},\"potentialAction\":[{\"@type\":\"SearchAction\",\"target\":{\"@type\":\"EntryPoint\",\"urlTemplate\":\"https:\\\/\\\/www.mexicanguitarplayers.com\\\/?s={search_term_string}\"},\"query-input\":{\"@type\":\"PropertyValueSpecification\",\"valueRequired\":true,\"valueName\":\"search_term_string\"}}],\"inLanguage\":\"en-US\"},{\"@type\":\"Organization\",\"@id\":\"https:\\\/\\\/www.mexicanguitarplayers.com\\\/#organization\",\"name\":\"Mexican Guitar Players\",\"url\":\"https:\\\/\\\/www.mexicanguitarplayers.com\\\/\",\"logo\":{\"@type\":\"ImageObject\",\"inLanguage\":\"en-US\",\"@id\":\"https:\\\/\\\/www.mexicanguitarplayers.com\\\/#\\\/schema\\\/logo\\\/image\\\/\",\"url\":\"\",\"contentUrl\":\"\",\"caption\":\"Mexican Guitar Players\"},\"image\":{\"@id\":\"https:\\\/\\\/www.mexicanguitarplayers.com\\\/#\\\/schema\\\/logo\\\/image\\\/\"}}]}<\/script>\n<!-- \/ Yoast SEO plugin. -->","yoast_head_json":{"title":"AFINADOR SNARK P\/GUITARRA MOD. SN-1X - Mexican Guitar Players","description":"AFINADOR SNARK P\/GUITARRA MOD. SN-1X. Afinador crom\u00e1tico de clip, rango de frecuencia para todo instrumento, incluye un chip de procesamiento mucho m\u00e1s r\u00e1pido, mayor precisi\u00f3n, nueva pantalla de alta definici\u00f3n a todo color que puede leerse desde cualquier \u00e1ngulo, metr\u00f3nomo con tap tempo, pantalla giratoria a 360 grados, se puede utilizar en el cabezal del instrumento o en la parte posterior.","robots":{"index":"index","follow":"follow","max-snippet":"max-snippet:-1","max-image-preview":"max-image-preview:large","max-video-preview":"max-video-preview:-1"},"canonical":"https:\/\/www.mexicanguitarplayers.com\/en\/tienda\/accesorios\/afinadores-y-metronomos\/afinadores\/para-guitarra-afinadores\/afinador-snark-p-guitarra-mod-sn-1x\/","og_locale":"en_US","og_type":"article","og_title":"AFINADOR SNARK P\/GUITARRA MOD. SN-1X - Mexican Guitar Players","og_description":"AFINADOR SNARK P\/GUITARRA MOD. SN-1X. Afinador crom\u00e1tico de clip, rango de frecuencia para todo instrumento, incluye un chip de procesamiento mucho m\u00e1s r\u00e1pido, mayor precisi\u00f3n, nueva pantalla de alta definici\u00f3n a todo color que puede leerse desde cualquier \u00e1ngulo, metr\u00f3nomo con tap tempo, pantalla giratoria a 360 grados, se puede utilizar en el cabezal del instrumento o en la parte posterior.","og_url":"https:\/\/www.mexicanguitarplayers.com\/en\/tienda\/accesorios\/afinadores-y-metronomos\/afinadores\/para-guitarra-afinadores\/afinador-snark-p-guitarra-mod-sn-1x\/","og_site_name":"Mexican Guitar Players","article_modified_time":"2022-08-20T20:00:05+00:00","og_image":[{"width":1200,"height":1200,"url":"https:\/\/www.mexicanguitarplayers.com\/wp-content\/uploads\/2022\/08\/RASNKSN1X.jpg","type":"image\/jpeg"}],"twitter_card":"summary_large_image","schema":{"@context":"https:\/\/schema.org","@graph":[{"@type":["WebPage","ItemPage"],"@id":"https:\/\/www.mexicanguitarplayers.com\/tienda\/accesorios\/afinadores-y-metronomos\/afinadores\/para-guitarra-afinadores\/afinador-snark-p-guitarra-mod-sn-1x\/","url":"https:\/\/www.mexicanguitarplayers.com\/tienda\/accesorios\/afinadores-y-metronomos\/afinadores\/para-guitarra-afinadores\/afinador-snark-p-guitarra-mod-sn-1x\/","name":"AFINADOR SNARK P\/GUITARRA MOD. SN-1X - Mexican Guitar Players","isPartOf":{"@id":"https:\/\/www.mexicanguitarplayers.com\/#website"},"primaryImageOfPage":{"@id":"https:\/\/www.mexicanguitarplayers.com\/tienda\/accesorios\/afinadores-y-metronomos\/afinadores\/para-guitarra-afinadores\/afinador-snark-p-guitarra-mod-sn-1x\/#primaryimage"},"image":{"@id":"https:\/\/www.mexicanguitarplayers.com\/tienda\/accesorios\/afinadores-y-metronomos\/afinadores\/para-guitarra-afinadores\/afinador-snark-p-guitarra-mod-sn-1x\/#primaryimage"},"thumbnailUrl":"https:\/\/www.mexicanguitarplayers.com\/wp-content\/uploads\/2022\/08\/RASNKSN1X.jpg","datePublished":"2022-08-19T02:17:00+00:00","dateModified":"2022-08-20T20:00:05+00:00","description":"AFINADOR SNARK P\/GUITARRA MOD. SN-1X. Afinador crom\u00e1tico de clip, rango de frecuencia para todo instrumento, incluye un chip de procesamiento mucho m\u00e1s r\u00e1pido, mayor precisi\u00f3n, nueva pantalla de alta definici\u00f3n a todo color que puede leerse desde cualquier \u00e1ngulo, metr\u00f3nomo con tap tempo, pantalla giratoria a 360 grados, se puede utilizar en el cabezal del instrumento o en la parte posterior.","breadcrumb":{"@id":"https:\/\/www.mexicanguitarplayers.com\/tienda\/accesorios\/afinadores-y-metronomos\/afinadores\/para-guitarra-afinadores\/afinador-snark-p-guitarra-mod-sn-1x\/#breadcrumb"},"inLanguage":"en-US","potentialAction":[{"@type":"ReadAction","target":["https:\/\/www.mexicanguitarplayers.com\/tienda\/accesorios\/afinadores-y-metronomos\/afinadores\/para-guitarra-afinadores\/afinador-snark-p-guitarra-mod-sn-1x\/"]}]},{"@type":"ImageObject","inLanguage":"en-US","@id":"https:\/\/www.mexicanguitarplayers.com\/tienda\/accesorios\/afinadores-y-metronomos\/afinadores\/para-guitarra-afinadores\/afinador-snark-p-guitarra-mod-sn-1x\/#primaryimage","url":"https:\/\/www.mexicanguitarplayers.com\/wp-content\/uploads\/2022\/08\/RASNKSN1X.jpg","contentUrl":"https:\/\/www.mexicanguitarplayers.com\/wp-content\/uploads\/2022\/08\/RASNKSN1X.jpg","width":1200,"height":1200},{"@type":"BreadcrumbList","@id":"https:\/\/www.mexicanguitarplayers.com\/tienda\/accesorios\/afinadores-y-metronomos\/afinadores\/para-guitarra-afinadores\/afinador-snark-p-guitarra-mod-sn-1x\/#breadcrumb","itemListElement":[{"@type":"ListItem","position":1,"name":"Portada","item":"https:\/\/www.mexicanguitarplayers.com\/"},{"@type":"ListItem","position":2,"name":"Tienda","item":"https:\/\/www.mexicanguitarplayers.com\/tienda\/"},{"@type":"ListItem","position":3,"name":"AFINADOR SNARK P\/GUITARRA MOD. SN-1X"}]},{"@type":"WebSite","@id":"https:\/\/www.mexicanguitarplayers.com\/#website","url":"https:\/\/www.mexicanguitarplayers.com\/","name":"Mexican Guitar Players","description":"Website","publisher":{"@id":"https:\/\/www.mexicanguitarplayers.com\/#organization"},"potentialAction":[{"@type":"SearchAction","target":{"@type":"EntryPoint","urlTemplate":"https:\/\/www.mexicanguitarplayers.com\/?s={search_term_string}"},"query-input":{"@type":"PropertyValueSpecification","valueRequired":true,"valueName":"search_term_string"}}],"inLanguage":"en-US"},{"@type":"Organization","@id":"https:\/\/www.mexicanguitarplayers.com\/#organization","name":"Mexican Guitar Players","url":"https:\/\/www.mexicanguitarplayers.com\/","logo":{"@type":"ImageObject","inLanguage":"en-US","@id":"https:\/\/www.mexicanguitarplayers.com\/#\/schema\/logo\/image\/","url":"","contentUrl":"","caption":"Mexican Guitar Players"},"image":{"@id":"https:\/\/www.mexicanguitarplayers.com\/#\/schema\/logo\/image\/"}}]}},"brands":[{"id":639,"name":"SNARK","slug":"snark"}],"_links":{"self":[{"href":"https:\/\/www.mexicanguitarplayers.com\/en\/wp-json\/wp\/v2\/product\/20131","targetHints":{"allow":["GET"]}}],"collection":[{"href":"https:\/\/www.mexicanguitarplayers.com\/en\/wp-json\/wp\/v2\/product"}],"about":[{"href":"https:\/\/www.mexicanguitarplayers.com\/en\/wp-json\/wp\/v2\/types\/product"}],"replies":[{"embeddable":true,"href":"https:\/\/www.mexicanguitarplayers.com\/en\/wp-json\/wp\/v2\/comments?post=20131"}],"wp:featuredmedia":[{"embeddable":true,"href":"https:\/\/www.mexicanguitarplayers.com\/en\/wp-json\/wp\/v2\/media\/20130"}],"wp:attachment":[{"href":"https:\/\/www.mexicanguitarplayers.com\/en\/wp-json\/wp\/v2\/media?parent=20131"}],"wp:term":[{"taxonomy":"pwb-brand","embeddable":true,"href":"https:\/\/www.mexicanguitarplayers.com\/en\/wp-json\/wp\/v2\/pwb-brand?post=20131"},{"taxonomy":"product_brand","embeddable":true,"href":"https:\/\/www.mexicanguitarplayers.com\/en\/wp-json\/wp\/v2\/product_brand?post=20131"},{"taxonomy":"product_cat","embeddable":true,"href":"https:\/\/www.mexicanguitarplayers.com\/en\/wp-json\/wp\/v2\/product_cat?post=20131"},{"taxonomy":"product_tag","embeddable":true,"href":"https:\/\/www.mexicanguitarplayers.com\/en\/wp-json\/wp\/v2\/product_tag?post=20131"}],"curies":[{"name":"wp","href":"https:\/\/api.w.org\/{rel}","templated":true}]}}