{"id":20142,"date":"2022-08-18T21:17:17","date_gmt":"2022-08-19T02:17:17","guid":{"rendered":"https:\/\/www.mexicanguitarplayers.com\/tienda\/sin%20categor\u00eda\/afinador-snark-cromatico-mod-st-8hz\/"},"modified":"2025-03-26T21:02:02","modified_gmt":"2025-03-27T03:02:02","slug":"afinador-snark-cromatico-mod-st-8hz","status":"publish","type":"product","link":"https:\/\/www.mexicanguitarplayers.com\/en\/tienda\/accesorios\/afinadores-y-metronomos\/afinadores\/afinadores-cromaticos\/afinador-snark-cromatico-mod-st-8hz\/","title":{"rendered":"CHROMATIC SNARK TUNER MOD. ST-8HZ"},"content":{"rendered":"<div style=\"text-align: justify\">\n<div>\n<h3>CHROMATIC SNARK TUNER MOD. ST-8HZ<\/h3>\n<\/div>\n<div>Clip-on chromatic tuner, includes a much faster processing chip, greater precision, new high-definition display that can be read from any angle, includes a Hertz tuning mode that is much more precise than any other tuner.<\/div>\n<\/div>","protected":false},"excerpt":{"rendered":"<p>Afinador crom\u00e1tico de clip, incluye un chip de procesamiento mucho m\u00e1s r\u00e1pido, mayor precisi\u00f3n, nueva pantalla de alta definici\u00f3n que puede leerse desde cualquier \u00e1ngulo, incluye modo de afinaci\u00f3n por Hertz mucho m\u00e1s preciso que cualquier otro afinador.&hellip; <a class=\"kt-excerpt-readmore more-link\" href=\"https:\/\/www.mexicanguitarplayers.com\/en\/tienda\/accesorios\/afinadores-y-metronomos\/afinadores\/afinadores-cromaticos\/afinador-snark-cromatico-mod-st-8hz\/\">Read more<\/a><\/p>","protected":false},"featured_media":20141,"comment_status":"open","ping_status":"closed","template":"","meta":{"kt_blocks_editor_width":""},"pwb-brand":[639],"product_brand":[],"product_cat":[85,423,424,422],"product_tag":[],"class_list":{"0":"post-20142","1":"product","2":"type-product","3":"status-publish","4":"has-post-thumbnail","6":"pwb-brand-snark","7":"product_cat-accesorios","8":"product_cat-afinadores","9":"product_cat-afinadores-cromaticos","10":"product_cat-afinadores-y-metronomos","11":"product_shipping_class-0-5-kg","13":"first","14":"outofstock","15":"taxable","16":"shipping-taxable","17":"purchasable","18":"product-type-simple"},"yoast_head":"<!-- This site is optimized with the Yoast SEO plugin v27.3 - https:\/\/yoast.com\/product\/yoast-seo-wordpress\/ -->\n<title>AFINADOR SNARK CROMATICO MOD. ST-8HZ - Mexican Guitar Players<\/title>\n<meta name=\"description\" content=\"AFINADOR SNARK CROMATICO MOD. ST-8HZ. Afinador crom\u00e1tico de clip, incluye un chip de procesamiento mucho m\u00e1s r\u00e1pido, mayor precisi\u00f3n, nueva pantalla de alta definici\u00f3n que puede leerse desde cualquier \u00e1ngulo, incluye modo de afinaci\u00f3n por Hertz mucho m\u00e1s preciso que cualquier otro afinador.\" \/>\n<meta name=\"robots\" content=\"index, follow, max-snippet:-1, max-image-preview:large, max-video-preview:-1\" \/>\n<link rel=\"canonical\" href=\"https:\/\/www.mexicanguitarplayers.com\/en\/tienda\/accesorios\/afinadores-y-metronomos\/afinadores\/afinadores-cromaticos\/afinador-snark-cromatico-mod-st-8hz\/\" \/>\n<meta property=\"og:locale\" content=\"en_US\" \/>\n<meta property=\"og:type\" content=\"article\" \/>\n<meta property=\"og:title\" content=\"AFINADOR SNARK CROMATICO MOD. ST-8HZ - Mexican Guitar Players\" \/>\n<meta property=\"og:description\" content=\"AFINADOR SNARK CROMATICO MOD. ST-8HZ. Afinador crom\u00e1tico de clip, incluye un chip de procesamiento mucho m\u00e1s r\u00e1pido, mayor precisi\u00f3n, nueva pantalla de alta definici\u00f3n que puede leerse desde cualquier \u00e1ngulo, incluye modo de afinaci\u00f3n por Hertz mucho m\u00e1s preciso que cualquier otro afinador.\" \/>\n<meta property=\"og:url\" content=\"https:\/\/www.mexicanguitarplayers.com\/en\/tienda\/accesorios\/afinadores-y-metronomos\/afinadores\/afinadores-cromaticos\/afinador-snark-cromatico-mod-st-8hz\/\" \/>\n<meta property=\"og:site_name\" content=\"Mexican Guitar Players\" \/>\n<meta property=\"article:modified_time\" content=\"2025-03-27T03:02:02+00:00\" \/>\n<meta property=\"og:image\" content=\"https:\/\/www.mexicanguitarplayers.com\/wp-content\/uploads\/2022\/08\/RASNKST8HZ.jpg\" \/>\n\t<meta property=\"og:image:width\" content=\"1200\" \/>\n\t<meta property=\"og:image:height\" content=\"1200\" \/>\n\t<meta property=\"og:image:type\" content=\"image\/jpeg\" \/>\n<meta name=\"twitter:card\" content=\"summary_large_image\" \/>\n<script type=\"application\/ld+json\" class=\"yoast-schema-graph\">{\"@context\":\"https:\\\/\\\/schema.org\",\"@graph\":[{\"@type\":[\"WebPage\",\"ItemPage\"],\"@id\":\"https:\\\/\\\/www.mexicanguitarplayers.com\\\/tienda\\\/accesorios\\\/afinadores-y-metronomos\\\/afinadores\\\/afinadores-cromaticos\\\/afinador-snark-cromatico-mod-st-8hz\\\/\",\"url\":\"https:\\\/\\\/www.mexicanguitarplayers.com\\\/tienda\\\/accesorios\\\/afinadores-y-metronomos\\\/afinadores\\\/afinadores-cromaticos\\\/afinador-snark-cromatico-mod-st-8hz\\\/\",\"name\":\"AFINADOR SNARK CROMATICO MOD. ST-8HZ - Mexican Guitar Players\",\"isPartOf\":{\"@id\":\"https:\\\/\\\/www.mexicanguitarplayers.com\\\/#website\"},\"primaryImageOfPage\":{\"@id\":\"https:\\\/\\\/www.mexicanguitarplayers.com\\\/tienda\\\/accesorios\\\/afinadores-y-metronomos\\\/afinadores\\\/afinadores-cromaticos\\\/afinador-snark-cromatico-mod-st-8hz\\\/#primaryimage\"},\"image\":{\"@id\":\"https:\\\/\\\/www.mexicanguitarplayers.com\\\/tienda\\\/accesorios\\\/afinadores-y-metronomos\\\/afinadores\\\/afinadores-cromaticos\\\/afinador-snark-cromatico-mod-st-8hz\\\/#primaryimage\"},\"thumbnailUrl\":\"https:\\\/\\\/www.mexicanguitarplayers.com\\\/wp-content\\\/uploads\\\/2022\\\/08\\\/RASNKST8HZ.jpg\",\"datePublished\":\"2022-08-19T02:17:17+00:00\",\"dateModified\":\"2025-03-27T03:02:02+00:00\",\"description\":\"AFINADOR SNARK CROMATICO MOD. ST-8HZ. Afinador crom\u00e1tico de clip, incluye un chip de procesamiento mucho m\u00e1s r\u00e1pido, mayor precisi\u00f3n, nueva pantalla de alta definici\u00f3n que puede leerse desde cualquier \u00e1ngulo, incluye modo de afinaci\u00f3n por Hertz mucho m\u00e1s preciso que cualquier otro afinador.\",\"breadcrumb\":{\"@id\":\"https:\\\/\\\/www.mexicanguitarplayers.com\\\/tienda\\\/accesorios\\\/afinadores-y-metronomos\\\/afinadores\\\/afinadores-cromaticos\\\/afinador-snark-cromatico-mod-st-8hz\\\/#breadcrumb\"},\"inLanguage\":\"en-US\",\"potentialAction\":[{\"@type\":\"ReadAction\",\"target\":[\"https:\\\/\\\/www.mexicanguitarplayers.com\\\/tienda\\\/accesorios\\\/afinadores-y-metronomos\\\/afinadores\\\/afinadores-cromaticos\\\/afinador-snark-cromatico-mod-st-8hz\\\/\"]}]},{\"@type\":\"ImageObject\",\"inLanguage\":\"en-US\",\"@id\":\"https:\\\/\\\/www.mexicanguitarplayers.com\\\/tienda\\\/accesorios\\\/afinadores-y-metronomos\\\/afinadores\\\/afinadores-cromaticos\\\/afinador-snark-cromatico-mod-st-8hz\\\/#primaryimage\",\"url\":\"https:\\\/\\\/www.mexicanguitarplayers.com\\\/wp-content\\\/uploads\\\/2022\\\/08\\\/RASNKST8HZ.jpg\",\"contentUrl\":\"https:\\\/\\\/www.mexicanguitarplayers.com\\\/wp-content\\\/uploads\\\/2022\\\/08\\\/RASNKST8HZ.jpg\",\"width\":1200,\"height\":1200},{\"@type\":\"BreadcrumbList\",\"@id\":\"https:\\\/\\\/www.mexicanguitarplayers.com\\\/tienda\\\/accesorios\\\/afinadores-y-metronomos\\\/afinadores\\\/afinadores-cromaticos\\\/afinador-snark-cromatico-mod-st-8hz\\\/#breadcrumb\",\"itemListElement\":[{\"@type\":\"ListItem\",\"position\":1,\"name\":\"Portada\",\"item\":\"https:\\\/\\\/www.mexicanguitarplayers.com\\\/\"},{\"@type\":\"ListItem\",\"position\":2,\"name\":\"Tienda\",\"item\":\"https:\\\/\\\/www.mexicanguitarplayers.com\\\/tienda\\\/\"},{\"@type\":\"ListItem\",\"position\":3,\"name\":\"AFINADOR SNARK CROMATICO MOD. ST-8HZ\"}]},{\"@type\":\"WebSite\",\"@id\":\"https:\\\/\\\/www.mexicanguitarplayers.com\\\/#website\",\"url\":\"https:\\\/\\\/www.mexicanguitarplayers.com\\\/\",\"name\":\"Mexican Guitar Players\",\"description\":\"Website\",\"publisher\":{\"@id\":\"https:\\\/\\\/www.mexicanguitarplayers.com\\\/#organization\"},\"potentialAction\":[{\"@type\":\"SearchAction\",\"target\":{\"@type\":\"EntryPoint\",\"urlTemplate\":\"https:\\\/\\\/www.mexicanguitarplayers.com\\\/?s={search_term_string}\"},\"query-input\":{\"@type\":\"PropertyValueSpecification\",\"valueRequired\":true,\"valueName\":\"search_term_string\"}}],\"inLanguage\":\"en-US\"},{\"@type\":\"Organization\",\"@id\":\"https:\\\/\\\/www.mexicanguitarplayers.com\\\/#organization\",\"name\":\"Mexican Guitar Players\",\"url\":\"https:\\\/\\\/www.mexicanguitarplayers.com\\\/\",\"logo\":{\"@type\":\"ImageObject\",\"inLanguage\":\"en-US\",\"@id\":\"https:\\\/\\\/www.mexicanguitarplayers.com\\\/#\\\/schema\\\/logo\\\/image\\\/\",\"url\":\"\",\"contentUrl\":\"\",\"caption\":\"Mexican Guitar Players\"},\"image\":{\"@id\":\"https:\\\/\\\/www.mexicanguitarplayers.com\\\/#\\\/schema\\\/logo\\\/image\\\/\"}}]}<\/script>\n<!-- \/ Yoast SEO plugin. -->","yoast_head_json":{"title":"AFINADOR SNARK CROMATICO MOD. ST-8HZ - Mexican Guitar Players","description":"AFINADOR SNARK CROMATICO MOD. ST-8HZ. Afinador crom\u00e1tico de clip, incluye un chip de procesamiento mucho m\u00e1s r\u00e1pido, mayor precisi\u00f3n, nueva pantalla de alta definici\u00f3n que puede leerse desde cualquier \u00e1ngulo, incluye modo de afinaci\u00f3n por Hertz mucho m\u00e1s preciso que cualquier otro afinador.","robots":{"index":"index","follow":"follow","max-snippet":"max-snippet:-1","max-image-preview":"max-image-preview:large","max-video-preview":"max-video-preview:-1"},"canonical":"https:\/\/www.mexicanguitarplayers.com\/en\/tienda\/accesorios\/afinadores-y-metronomos\/afinadores\/afinadores-cromaticos\/afinador-snark-cromatico-mod-st-8hz\/","og_locale":"en_US","og_type":"article","og_title":"AFINADOR SNARK CROMATICO MOD. ST-8HZ - Mexican Guitar Players","og_description":"AFINADOR SNARK CROMATICO MOD. ST-8HZ. Afinador crom\u00e1tico de clip, incluye un chip de procesamiento mucho m\u00e1s r\u00e1pido, mayor precisi\u00f3n, nueva pantalla de alta definici\u00f3n que puede leerse desde cualquier \u00e1ngulo, incluye modo de afinaci\u00f3n por Hertz mucho m\u00e1s preciso que cualquier otro afinador.","og_url":"https:\/\/www.mexicanguitarplayers.com\/en\/tienda\/accesorios\/afinadores-y-metronomos\/afinadores\/afinadores-cromaticos\/afinador-snark-cromatico-mod-st-8hz\/","og_site_name":"Mexican Guitar Players","article_modified_time":"2025-03-27T03:02:02+00:00","og_image":[{"width":1200,"height":1200,"url":"https:\/\/www.mexicanguitarplayers.com\/wp-content\/uploads\/2022\/08\/RASNKST8HZ.jpg","type":"image\/jpeg"}],"twitter_card":"summary_large_image","schema":{"@context":"https:\/\/schema.org","@graph":[{"@type":["WebPage","ItemPage"],"@id":"https:\/\/www.mexicanguitarplayers.com\/tienda\/accesorios\/afinadores-y-metronomos\/afinadores\/afinadores-cromaticos\/afinador-snark-cromatico-mod-st-8hz\/","url":"https:\/\/www.mexicanguitarplayers.com\/tienda\/accesorios\/afinadores-y-metronomos\/afinadores\/afinadores-cromaticos\/afinador-snark-cromatico-mod-st-8hz\/","name":"AFINADOR SNARK CROMATICO MOD. ST-8HZ - Mexican Guitar Players","isPartOf":{"@id":"https:\/\/www.mexicanguitarplayers.com\/#website"},"primaryImageOfPage":{"@id":"https:\/\/www.mexicanguitarplayers.com\/tienda\/accesorios\/afinadores-y-metronomos\/afinadores\/afinadores-cromaticos\/afinador-snark-cromatico-mod-st-8hz\/#primaryimage"},"image":{"@id":"https:\/\/www.mexicanguitarplayers.com\/tienda\/accesorios\/afinadores-y-metronomos\/afinadores\/afinadores-cromaticos\/afinador-snark-cromatico-mod-st-8hz\/#primaryimage"},"thumbnailUrl":"https:\/\/www.mexicanguitarplayers.com\/wp-content\/uploads\/2022\/08\/RASNKST8HZ.jpg","datePublished":"2022-08-19T02:17:17+00:00","dateModified":"2025-03-27T03:02:02+00:00","description":"AFINADOR SNARK CROMATICO MOD. ST-8HZ. Afinador crom\u00e1tico de clip, incluye un chip de procesamiento mucho m\u00e1s r\u00e1pido, mayor precisi\u00f3n, nueva pantalla de alta definici\u00f3n que puede leerse desde cualquier \u00e1ngulo, incluye modo de afinaci\u00f3n por Hertz mucho m\u00e1s preciso que cualquier otro afinador.","breadcrumb":{"@id":"https:\/\/www.mexicanguitarplayers.com\/tienda\/accesorios\/afinadores-y-metronomos\/afinadores\/afinadores-cromaticos\/afinador-snark-cromatico-mod-st-8hz\/#breadcrumb"},"inLanguage":"en-US","potentialAction":[{"@type":"ReadAction","target":["https:\/\/www.mexicanguitarplayers.com\/tienda\/accesorios\/afinadores-y-metronomos\/afinadores\/afinadores-cromaticos\/afinador-snark-cromatico-mod-st-8hz\/"]}]},{"@type":"ImageObject","inLanguage":"en-US","@id":"https:\/\/www.mexicanguitarplayers.com\/tienda\/accesorios\/afinadores-y-metronomos\/afinadores\/afinadores-cromaticos\/afinador-snark-cromatico-mod-st-8hz\/#primaryimage","url":"https:\/\/www.mexicanguitarplayers.com\/wp-content\/uploads\/2022\/08\/RASNKST8HZ.jpg","contentUrl":"https:\/\/www.mexicanguitarplayers.com\/wp-content\/uploads\/2022\/08\/RASNKST8HZ.jpg","width":1200,"height":1200},{"@type":"BreadcrumbList","@id":"https:\/\/www.mexicanguitarplayers.com\/tienda\/accesorios\/afinadores-y-metronomos\/afinadores\/afinadores-cromaticos\/afinador-snark-cromatico-mod-st-8hz\/#breadcrumb","itemListElement":[{"@type":"ListItem","position":1,"name":"Portada","item":"https:\/\/www.mexicanguitarplayers.com\/"},{"@type":"ListItem","position":2,"name":"Tienda","item":"https:\/\/www.mexicanguitarplayers.com\/tienda\/"},{"@type":"ListItem","position":3,"name":"AFINADOR SNARK CROMATICO MOD. ST-8HZ"}]},{"@type":"WebSite","@id":"https:\/\/www.mexicanguitarplayers.com\/#website","url":"https:\/\/www.mexicanguitarplayers.com\/","name":"Mexican Guitar Players","description":"Website","publisher":{"@id":"https:\/\/www.mexicanguitarplayers.com\/#organization"},"potentialAction":[{"@type":"SearchAction","target":{"@type":"EntryPoint","urlTemplate":"https:\/\/www.mexicanguitarplayers.com\/?s={search_term_string}"},"query-input":{"@type":"PropertyValueSpecification","valueRequired":true,"valueName":"search_term_string"}}],"inLanguage":"en-US"},{"@type":"Organization","@id":"https:\/\/www.mexicanguitarplayers.com\/#organization","name":"Mexican Guitar Players","url":"https:\/\/www.mexicanguitarplayers.com\/","logo":{"@type":"ImageObject","inLanguage":"en-US","@id":"https:\/\/www.mexicanguitarplayers.com\/#\/schema\/logo\/image\/","url":"","contentUrl":"","caption":"Mexican Guitar Players"},"image":{"@id":"https:\/\/www.mexicanguitarplayers.com\/#\/schema\/logo\/image\/"}}]}},"brands":[{"id":639,"name":"SNARK","slug":"snark"}],"_links":{"self":[{"href":"https:\/\/www.mexicanguitarplayers.com\/en\/wp-json\/wp\/v2\/product\/20142","targetHints":{"allow":["GET"]}}],"collection":[{"href":"https:\/\/www.mexicanguitarplayers.com\/en\/wp-json\/wp\/v2\/product"}],"about":[{"href":"https:\/\/www.mexicanguitarplayers.com\/en\/wp-json\/wp\/v2\/types\/product"}],"replies":[{"embeddable":true,"href":"https:\/\/www.mexicanguitarplayers.com\/en\/wp-json\/wp\/v2\/comments?post=20142"}],"wp:featuredmedia":[{"embeddable":true,"href":"https:\/\/www.mexicanguitarplayers.com\/en\/wp-json\/wp\/v2\/media\/20141"}],"wp:attachment":[{"href":"https:\/\/www.mexicanguitarplayers.com\/en\/wp-json\/wp\/v2\/media?parent=20142"}],"wp:term":[{"taxonomy":"pwb-brand","embeddable":true,"href":"https:\/\/www.mexicanguitarplayers.com\/en\/wp-json\/wp\/v2\/pwb-brand?post=20142"},{"taxonomy":"product_brand","embeddable":true,"href":"https:\/\/www.mexicanguitarplayers.com\/en\/wp-json\/wp\/v2\/product_brand?post=20142"},{"taxonomy":"product_cat","embeddable":true,"href":"https:\/\/www.mexicanguitarplayers.com\/en\/wp-json\/wp\/v2\/product_cat?post=20142"},{"taxonomy":"product_tag","embeddable":true,"href":"https:\/\/www.mexicanguitarplayers.com\/en\/wp-json\/wp\/v2\/product_tag?post=20142"}],"curies":[{"name":"wp","href":"https:\/\/api.w.org\/{rel}","templated":true}]}}