{"id":20354,"date":"2022-08-18T21:22:41","date_gmt":"2022-08-19T02:22:41","guid":{"rendered":"https:\/\/www.mexicanguitarplayers.com\/tienda\/sin%20categor\u00eda\/parche-uno-20-mod-ubd20eq4\/"},"modified":"2026-04-10T04:53:08","modified_gmt":"2026-04-10T10:53:08","slug":"parche-uno-20-mod-ubd20eq4","status":"publish","type":"product","link":"https:\/\/www.mexicanguitarplayers.com\/en\/tienda\/accesorios\/para-bateria\/parches\/para-bombo\/parche-uno-20-mod-ubd20eq4\/","title":{"rendered":"PATCH UNO 20 MOD. UBD20EQ4"},"content":{"rendered":"<div style=\"text-align: justify\">\n<div>\n<h3>PATCH UNO 20 MOD. UBD20EQ4<\/h3>\n<\/div>\n<div>Transparent head for bass drum, 20\u201d inches in diameter, a layer of 10 thousandths of an inch film, has two interchangeable chokes to eliminate unwanted harmonics, increases attack and offers an aggressive and warm sound, transparent finish.<\/div>\n<\/div>","protected":false},"excerpt":{"rendered":"<p>Parche transparente para bombo de 20\u201d pulgadas de di\u00e1metro, una capa de pel\u00edcula de 10 mil\u00e9simas de pulgada, cuenta con dos ahogadores intercambiables para eliminar arm\u00f3nicos indeseados, incrementa el ataque y ofrece un sonido agresivo y c\u00e1lido, terminado transparente.&hellip; <a class=\"kt-excerpt-readmore more-link\" href=\"https:\/\/www.mexicanguitarplayers.com\/en\/tienda\/accesorios\/para-bateria\/parches\/para-bombo\/parche-uno-20-mod-ubd20eq4\/\">Read more<\/a><\/p>","protected":false},"featured_media":20353,"comment_status":"open","ping_status":"closed","template":"","meta":{"kt_blocks_editor_width":""},"pwb-brand":[641],"product_brand":[],"product_cat":[85,306,369,363],"product_tag":[],"class_list":{"0":"post-20354","1":"product","2":"type-product","3":"status-publish","4":"has-post-thumbnail","6":"pwb-brand-uno","7":"product_cat-accesorios","8":"product_cat-para-bateria","9":"product_cat-para-bombo","10":"product_cat-parches","11":"product_shipping_class-0-5-kg","13":"first","14":"outofstock","15":"taxable","16":"shipping-taxable","17":"purchasable","18":"product-type-simple"},"yoast_head":"<!-- This site is optimized with the Yoast SEO plugin v27.5 - https:\/\/yoast.com\/product\/yoast-seo-wordpress\/ -->\n<title>PARCHE UNO 20 MOD. UBD20EQ4 - Mexican Guitar Players<\/title>\n<meta name=\"description\" content=\"PARCHE UNO 20 MOD. UBD20EQ4. Parche transparente para bombo de 20\u201d pulgadas de di\u00e1metro, una capa de pel\u00edcula de 10 mil\u00e9simas de pulgada, cuenta con dos ahogadores intercambiables para eliminar arm\u00f3nicos indeseados, incrementa el ataque y ofrece un sonido agresivo y c\u00e1lido, terminado transparente.\" \/>\n<meta name=\"robots\" content=\"index, follow, max-snippet:-1, max-image-preview:large, max-video-preview:-1\" \/>\n<link rel=\"canonical\" href=\"https:\/\/www.mexicanguitarplayers.com\/en\/tienda\/accesorios\/para-bateria\/parches\/para-bombo\/parche-uno-20-mod-ubd20eq4\/\" \/>\n<meta property=\"og:locale\" content=\"en_US\" \/>\n<meta property=\"og:type\" content=\"article\" \/>\n<meta property=\"og:title\" content=\"PARCHE UNO 20 MOD. UBD20EQ4 - Mexican Guitar Players\" \/>\n<meta property=\"og:description\" content=\"PARCHE UNO 20 MOD. UBD20EQ4. Parche transparente para bombo de 20\u201d pulgadas de di\u00e1metro, una capa de pel\u00edcula de 10 mil\u00e9simas de pulgada, cuenta con dos ahogadores intercambiables para eliminar arm\u00f3nicos indeseados, incrementa el ataque y ofrece un sonido agresivo y c\u00e1lido, terminado transparente.\" \/>\n<meta property=\"og:url\" content=\"https:\/\/www.mexicanguitarplayers.com\/en\/tienda\/accesorios\/para-bateria\/parches\/para-bombo\/parche-uno-20-mod-ubd20eq4\/\" \/>\n<meta property=\"og:site_name\" content=\"Mexican Guitar Players\" \/>\n<meta property=\"article:modified_time\" content=\"2026-04-10T10:53:08+00:00\" \/>\n<meta property=\"og:image\" content=\"https:\/\/www.mexicanguitarplayers.com\/wp-content\/uploads\/2022\/08\/RAUNOUBD20EQ4.jpg\" \/>\n\t<meta property=\"og:image:width\" content=\"1200\" \/>\n\t<meta property=\"og:image:height\" content=\"1200\" \/>\n\t<meta property=\"og:image:type\" content=\"image\/jpeg\" \/>\n<meta name=\"twitter:card\" content=\"summary_large_image\" \/>\n<script type=\"application\/ld+json\" class=\"yoast-schema-graph\">{\"@context\":\"https:\\\/\\\/schema.org\",\"@graph\":[{\"@type\":[\"WebPage\",\"ItemPage\"],\"@id\":\"https:\\\/\\\/www.mexicanguitarplayers.com\\\/tienda\\\/accesorios\\\/para-bateria\\\/parches\\\/para-bombo\\\/parche-uno-20-mod-ubd20eq4\\\/\",\"url\":\"https:\\\/\\\/www.mexicanguitarplayers.com\\\/tienda\\\/accesorios\\\/para-bateria\\\/parches\\\/para-bombo\\\/parche-uno-20-mod-ubd20eq4\\\/\",\"name\":\"PARCHE UNO 20 MOD. UBD20EQ4 - Mexican Guitar Players\",\"isPartOf\":{\"@id\":\"https:\\\/\\\/www.mexicanguitarplayers.com\\\/#website\"},\"primaryImageOfPage\":{\"@id\":\"https:\\\/\\\/www.mexicanguitarplayers.com\\\/tienda\\\/accesorios\\\/para-bateria\\\/parches\\\/para-bombo\\\/parche-uno-20-mod-ubd20eq4\\\/#primaryimage\"},\"image\":{\"@id\":\"https:\\\/\\\/www.mexicanguitarplayers.com\\\/tienda\\\/accesorios\\\/para-bateria\\\/parches\\\/para-bombo\\\/parche-uno-20-mod-ubd20eq4\\\/#primaryimage\"},\"thumbnailUrl\":\"https:\\\/\\\/www.mexicanguitarplayers.com\\\/wp-content\\\/uploads\\\/2022\\\/08\\\/RAUNOUBD20EQ4.jpg\",\"datePublished\":\"2022-08-19T02:22:41+00:00\",\"dateModified\":\"2026-04-10T10:53:08+00:00\",\"description\":\"PARCHE UNO 20 MOD. UBD20EQ4. Parche transparente para bombo de 20\u201d pulgadas de di\u00e1metro, una capa de pel\u00edcula de 10 mil\u00e9simas de pulgada, cuenta con dos ahogadores intercambiables para eliminar arm\u00f3nicos indeseados, incrementa el ataque y ofrece un sonido agresivo y c\u00e1lido, terminado transparente.\",\"breadcrumb\":{\"@id\":\"https:\\\/\\\/www.mexicanguitarplayers.com\\\/tienda\\\/accesorios\\\/para-bateria\\\/parches\\\/para-bombo\\\/parche-uno-20-mod-ubd20eq4\\\/#breadcrumb\"},\"inLanguage\":\"en-US\",\"potentialAction\":[{\"@type\":\"ReadAction\",\"target\":[\"https:\\\/\\\/www.mexicanguitarplayers.com\\\/tienda\\\/accesorios\\\/para-bateria\\\/parches\\\/para-bombo\\\/parche-uno-20-mod-ubd20eq4\\\/\"]}]},{\"@type\":\"ImageObject\",\"inLanguage\":\"en-US\",\"@id\":\"https:\\\/\\\/www.mexicanguitarplayers.com\\\/tienda\\\/accesorios\\\/para-bateria\\\/parches\\\/para-bombo\\\/parche-uno-20-mod-ubd20eq4\\\/#primaryimage\",\"url\":\"https:\\\/\\\/www.mexicanguitarplayers.com\\\/wp-content\\\/uploads\\\/2022\\\/08\\\/RAUNOUBD20EQ4.jpg\",\"contentUrl\":\"https:\\\/\\\/www.mexicanguitarplayers.com\\\/wp-content\\\/uploads\\\/2022\\\/08\\\/RAUNOUBD20EQ4.jpg\",\"width\":1200,\"height\":1200},{\"@type\":\"BreadcrumbList\",\"@id\":\"https:\\\/\\\/www.mexicanguitarplayers.com\\\/tienda\\\/accesorios\\\/para-bateria\\\/parches\\\/para-bombo\\\/parche-uno-20-mod-ubd20eq4\\\/#breadcrumb\",\"itemListElement\":[{\"@type\":\"ListItem\",\"position\":1,\"name\":\"Portada\",\"item\":\"https:\\\/\\\/www.mexicanguitarplayers.com\\\/\"},{\"@type\":\"ListItem\",\"position\":2,\"name\":\"Tienda\",\"item\":\"https:\\\/\\\/www.mexicanguitarplayers.com\\\/tienda\\\/\"},{\"@type\":\"ListItem\",\"position\":3,\"name\":\"PARCHE UNO 20 MOD. UBD20EQ4\"}]},{\"@type\":\"WebSite\",\"@id\":\"https:\\\/\\\/www.mexicanguitarplayers.com\\\/#website\",\"url\":\"https:\\\/\\\/www.mexicanguitarplayers.com\\\/\",\"name\":\"Mexican Guitar Players\",\"description\":\"Website\",\"publisher\":{\"@id\":\"https:\\\/\\\/www.mexicanguitarplayers.com\\\/#organization\"},\"potentialAction\":[{\"@type\":\"SearchAction\",\"target\":{\"@type\":\"EntryPoint\",\"urlTemplate\":\"https:\\\/\\\/www.mexicanguitarplayers.com\\\/?s={search_term_string}\"},\"query-input\":{\"@type\":\"PropertyValueSpecification\",\"valueRequired\":true,\"valueName\":\"search_term_string\"}}],\"inLanguage\":\"en-US\"},{\"@type\":\"Organization\",\"@id\":\"https:\\\/\\\/www.mexicanguitarplayers.com\\\/#organization\",\"name\":\"Mexican Guitar Players\",\"url\":\"https:\\\/\\\/www.mexicanguitarplayers.com\\\/\",\"logo\":{\"@type\":\"ImageObject\",\"inLanguage\":\"en-US\",\"@id\":\"https:\\\/\\\/www.mexicanguitarplayers.com\\\/#\\\/schema\\\/logo\\\/image\\\/\",\"url\":\"\",\"contentUrl\":\"\",\"caption\":\"Mexican Guitar Players\"},\"image\":{\"@id\":\"https:\\\/\\\/www.mexicanguitarplayers.com\\\/#\\\/schema\\\/logo\\\/image\\\/\"}}]}<\/script>\n<!-- \/ Yoast SEO plugin. -->","yoast_head_json":{"title":"PARCHE UNO 20 MOD. UBD20EQ4 - Mexican Guitar Players","description":"PARCHE UNO 20 MOD. UBD20EQ4. Parche transparente para bombo de 20\u201d pulgadas de di\u00e1metro, una capa de pel\u00edcula de 10 mil\u00e9simas de pulgada, cuenta con dos ahogadores intercambiables para eliminar arm\u00f3nicos indeseados, incrementa el ataque y ofrece un sonido agresivo y c\u00e1lido, terminado transparente.","robots":{"index":"index","follow":"follow","max-snippet":"max-snippet:-1","max-image-preview":"max-image-preview:large","max-video-preview":"max-video-preview:-1"},"canonical":"https:\/\/www.mexicanguitarplayers.com\/en\/tienda\/accesorios\/para-bateria\/parches\/para-bombo\/parche-uno-20-mod-ubd20eq4\/","og_locale":"en_US","og_type":"article","og_title":"PARCHE UNO 20 MOD. UBD20EQ4 - Mexican Guitar Players","og_description":"PARCHE UNO 20 MOD. UBD20EQ4. Parche transparente para bombo de 20\u201d pulgadas de di\u00e1metro, una capa de pel\u00edcula de 10 mil\u00e9simas de pulgada, cuenta con dos ahogadores intercambiables para eliminar arm\u00f3nicos indeseados, incrementa el ataque y ofrece un sonido agresivo y c\u00e1lido, terminado transparente.","og_url":"https:\/\/www.mexicanguitarplayers.com\/en\/tienda\/accesorios\/para-bateria\/parches\/para-bombo\/parche-uno-20-mod-ubd20eq4\/","og_site_name":"Mexican Guitar Players","article_modified_time":"2026-04-10T10:53:08+00:00","og_image":[{"width":1200,"height":1200,"url":"https:\/\/www.mexicanguitarplayers.com\/wp-content\/uploads\/2022\/08\/RAUNOUBD20EQ4.jpg","type":"image\/jpeg"}],"twitter_card":"summary_large_image","schema":{"@context":"https:\/\/schema.org","@graph":[{"@type":["WebPage","ItemPage"],"@id":"https:\/\/www.mexicanguitarplayers.com\/tienda\/accesorios\/para-bateria\/parches\/para-bombo\/parche-uno-20-mod-ubd20eq4\/","url":"https:\/\/www.mexicanguitarplayers.com\/tienda\/accesorios\/para-bateria\/parches\/para-bombo\/parche-uno-20-mod-ubd20eq4\/","name":"PARCHE UNO 20 MOD. UBD20EQ4 - Mexican Guitar Players","isPartOf":{"@id":"https:\/\/www.mexicanguitarplayers.com\/#website"},"primaryImageOfPage":{"@id":"https:\/\/www.mexicanguitarplayers.com\/tienda\/accesorios\/para-bateria\/parches\/para-bombo\/parche-uno-20-mod-ubd20eq4\/#primaryimage"},"image":{"@id":"https:\/\/www.mexicanguitarplayers.com\/tienda\/accesorios\/para-bateria\/parches\/para-bombo\/parche-uno-20-mod-ubd20eq4\/#primaryimage"},"thumbnailUrl":"https:\/\/www.mexicanguitarplayers.com\/wp-content\/uploads\/2022\/08\/RAUNOUBD20EQ4.jpg","datePublished":"2022-08-19T02:22:41+00:00","dateModified":"2026-04-10T10:53:08+00:00","description":"PARCHE UNO 20 MOD. UBD20EQ4. Parche transparente para bombo de 20\u201d pulgadas de di\u00e1metro, una capa de pel\u00edcula de 10 mil\u00e9simas de pulgada, cuenta con dos ahogadores intercambiables para eliminar arm\u00f3nicos indeseados, incrementa el ataque y ofrece un sonido agresivo y c\u00e1lido, terminado transparente.","breadcrumb":{"@id":"https:\/\/www.mexicanguitarplayers.com\/tienda\/accesorios\/para-bateria\/parches\/para-bombo\/parche-uno-20-mod-ubd20eq4\/#breadcrumb"},"inLanguage":"en-US","potentialAction":[{"@type":"ReadAction","target":["https:\/\/www.mexicanguitarplayers.com\/tienda\/accesorios\/para-bateria\/parches\/para-bombo\/parche-uno-20-mod-ubd20eq4\/"]}]},{"@type":"ImageObject","inLanguage":"en-US","@id":"https:\/\/www.mexicanguitarplayers.com\/tienda\/accesorios\/para-bateria\/parches\/para-bombo\/parche-uno-20-mod-ubd20eq4\/#primaryimage","url":"https:\/\/www.mexicanguitarplayers.com\/wp-content\/uploads\/2022\/08\/RAUNOUBD20EQ4.jpg","contentUrl":"https:\/\/www.mexicanguitarplayers.com\/wp-content\/uploads\/2022\/08\/RAUNOUBD20EQ4.jpg","width":1200,"height":1200},{"@type":"BreadcrumbList","@id":"https:\/\/www.mexicanguitarplayers.com\/tienda\/accesorios\/para-bateria\/parches\/para-bombo\/parche-uno-20-mod-ubd20eq4\/#breadcrumb","itemListElement":[{"@type":"ListItem","position":1,"name":"Portada","item":"https:\/\/www.mexicanguitarplayers.com\/"},{"@type":"ListItem","position":2,"name":"Tienda","item":"https:\/\/www.mexicanguitarplayers.com\/tienda\/"},{"@type":"ListItem","position":3,"name":"PARCHE UNO 20 MOD. UBD20EQ4"}]},{"@type":"WebSite","@id":"https:\/\/www.mexicanguitarplayers.com\/#website","url":"https:\/\/www.mexicanguitarplayers.com\/","name":"Mexican Guitar Players","description":"Website","publisher":{"@id":"https:\/\/www.mexicanguitarplayers.com\/#organization"},"potentialAction":[{"@type":"SearchAction","target":{"@type":"EntryPoint","urlTemplate":"https:\/\/www.mexicanguitarplayers.com\/?s={search_term_string}"},"query-input":{"@type":"PropertyValueSpecification","valueRequired":true,"valueName":"search_term_string"}}],"inLanguage":"en-US"},{"@type":"Organization","@id":"https:\/\/www.mexicanguitarplayers.com\/#organization","name":"Mexican Guitar Players","url":"https:\/\/www.mexicanguitarplayers.com\/","logo":{"@type":"ImageObject","inLanguage":"en-US","@id":"https:\/\/www.mexicanguitarplayers.com\/#\/schema\/logo\/image\/","url":"","contentUrl":"","caption":"Mexican Guitar Players"},"image":{"@id":"https:\/\/www.mexicanguitarplayers.com\/#\/schema\/logo\/image\/"}}]}},"brands":[{"id":641,"name":"ONE","slug":"uno"}],"_links":{"self":[{"href":"https:\/\/www.mexicanguitarplayers.com\/en\/wp-json\/wp\/v2\/product\/20354","targetHints":{"allow":["GET"]}}],"collection":[{"href":"https:\/\/www.mexicanguitarplayers.com\/en\/wp-json\/wp\/v2\/product"}],"about":[{"href":"https:\/\/www.mexicanguitarplayers.com\/en\/wp-json\/wp\/v2\/types\/product"}],"replies":[{"embeddable":true,"href":"https:\/\/www.mexicanguitarplayers.com\/en\/wp-json\/wp\/v2\/comments?post=20354"}],"wp:featuredmedia":[{"embeddable":true,"href":"https:\/\/www.mexicanguitarplayers.com\/en\/wp-json\/wp\/v2\/media\/20353"}],"wp:attachment":[{"href":"https:\/\/www.mexicanguitarplayers.com\/en\/wp-json\/wp\/v2\/media?parent=20354"}],"wp:term":[{"taxonomy":"pwb-brand","embeddable":true,"href":"https:\/\/www.mexicanguitarplayers.com\/en\/wp-json\/wp\/v2\/pwb-brand?post=20354"},{"taxonomy":"product_brand","embeddable":true,"href":"https:\/\/www.mexicanguitarplayers.com\/en\/wp-json\/wp\/v2\/product_brand?post=20354"},{"taxonomy":"product_cat","embeddable":true,"href":"https:\/\/www.mexicanguitarplayers.com\/en\/wp-json\/wp\/v2\/product_cat?post=20354"},{"taxonomy":"product_tag","embeddable":true,"href":"https:\/\/www.mexicanguitarplayers.com\/en\/wp-json\/wp\/v2\/product_tag?post=20354"}],"curies":[{"name":"wp","href":"https:\/\/api.w.org\/{rel}","templated":true}]}}