{"id":20784,"date":"2022-08-18T21:33:45","date_gmt":"2022-08-19T02:33:45","guid":{"rendered":"https:\/\/www.mexicanguitarplayers.com\/tienda\/sin%20categor\u00eda\/pedal-ashdown-p-guit-mod-vintage-fuzz\/"},"modified":"2026-04-27T10:15:12","modified_gmt":"2026-04-27T16:15:12","slug":"pedal-ashdown-p-guit-mod-vintage-fuzz","status":"publish","type":"product","link":"https:\/\/www.mexicanguitarplayers.com\/en\/tienda\/cuerdas\/efectos\/efectos-individuales\/pedal-ashdown-p-guit-mod-vintage-fuzz\/","title":{"rendered":"ASHDOWN PEDAL FOR GUIT. MOD. VINTAGE FUZZ"},"content":{"rendered":"<div style=\"text-align: justify\">\n<div>\n<h3>ASHDOWN PEDAL FOR GUIT. MOD. VINTAGE FUZZ<\/h3>\n<\/div>\n<div>Fuzz pedal for guitar or bass, Fuzz knob allows you to determine the amount of gain, Output knob allows you to set the overall volume of the pedal, momentary switching, 18V power, power supply required (not included), dimensions: 58 x 73 x 112mm, weight: 0.5kg.<\/div>\n<\/div>","protected":false},"excerpt":{"rendered":"<p>Pedal Fuzz para guitarra o bajo, la perilla Fuzz te permite determinar la cantidad de ganancia, la perilla Output te permite establecer el volumen general del pedal, conmutaci\u00f3n moment\u00e1nea, potencia de 18V, se requiere fuente de alimentaci\u00f3n (no incluida), dimensiones: 58 x 73 x 112 mm, peso: 0.5 kg.&hellip; <a class=\"kt-excerpt-readmore more-link\" href=\"https:\/\/www.mexicanguitarplayers.com\/en\/tienda\/cuerdas\/efectos\/efectos-individuales\/pedal-ashdown-p-guit-mod-vintage-fuzz\/\">Read more<\/a><\/p>","protected":false},"featured_media":20781,"comment_status":"open","ping_status":"closed","template":"","meta":{"kt_blocks_editor_width":""},"pwb-brand":[257],"product_brand":[],"product_cat":[224,241,504],"product_tag":[],"class_list":{"0":"post-20784","1":"product","2":"type-product","3":"status-publish","4":"has-post-thumbnail","6":"pwb-brand-ashdown","7":"product_cat-cuerdas","8":"product_cat-efectos","9":"product_cat-efectos-individuales","10":"product_shipping_class-0-5-kg","12":"first","13":"outofstock","14":"taxable","15":"shipping-taxable","16":"purchasable","17":"product-type-simple"},"yoast_head":"<!-- This site is optimized with the Yoast SEO plugin v27.5 - https:\/\/yoast.com\/product\/yoast-seo-wordpress\/ -->\n<title>PEDAL ASHDOWN P\/GUIT. MOD. VINTAGE FUZZ - Mexican Guitar Players<\/title>\n<meta name=\"description\" content=\"PEDAL ASHDOWN P\/GUIT. MOD. VINTAGE FUZZ. Pedal Fuzz para guitarra o bajo, la perilla Fuzz te permite determinar la cantidad de ganancia, la perilla Output te permite establecer el volumen general del pedal, conmutaci\u00f3n moment\u00e1nea, potencia de 18V, se requiere fuente de alimentaci\u00f3n (no incluida), dimensiones: 58 x 73 x 112 mm, peso: 0.5 kg.\" \/>\n<meta name=\"robots\" content=\"index, follow, max-snippet:-1, max-image-preview:large, max-video-preview:-1\" \/>\n<link rel=\"canonical\" href=\"https:\/\/www.mexicanguitarplayers.com\/en\/tienda\/cuerdas\/efectos\/efectos-individuales\/pedal-ashdown-p-guit-mod-vintage-fuzz\/\" \/>\n<meta property=\"og:locale\" content=\"en_US\" \/>\n<meta property=\"og:type\" content=\"article\" \/>\n<meta property=\"og:title\" content=\"PEDAL ASHDOWN P\/GUIT. MOD. VINTAGE FUZZ - Mexican Guitar Players\" \/>\n<meta property=\"og:description\" content=\"PEDAL ASHDOWN P\/GUIT. MOD. VINTAGE FUZZ. Pedal Fuzz para guitarra o bajo, la perilla Fuzz te permite determinar la cantidad de ganancia, la perilla Output te permite establecer el volumen general del pedal, conmutaci\u00f3n moment\u00e1nea, potencia de 18V, se requiere fuente de alimentaci\u00f3n (no incluida), dimensiones: 58 x 73 x 112 mm, peso: 0.5 kg.\" \/>\n<meta property=\"og:url\" content=\"https:\/\/www.mexicanguitarplayers.com\/en\/tienda\/cuerdas\/efectos\/efectos-individuales\/pedal-ashdown-p-guit-mod-vintage-fuzz\/\" \/>\n<meta property=\"og:site_name\" content=\"Mexican Guitar Players\" \/>\n<meta property=\"article:modified_time\" content=\"2026-04-27T16:15:12+00:00\" \/>\n<meta property=\"og:image\" content=\"https:\/\/www.mexicanguitarplayers.com\/wp-content\/uploads\/2022\/08\/VAASOVINTAGEFU.jpg\" \/>\n\t<meta property=\"og:image:width\" content=\"1200\" \/>\n\t<meta property=\"og:image:height\" content=\"1200\" \/>\n\t<meta property=\"og:image:type\" content=\"image\/jpeg\" \/>\n<meta name=\"twitter:card\" content=\"summary_large_image\" \/>\n<script type=\"application\/ld+json\" class=\"yoast-schema-graph\">{\"@context\":\"https:\\\/\\\/schema.org\",\"@graph\":[{\"@type\":[\"WebPage\",\"ItemPage\"],\"@id\":\"https:\\\/\\\/www.mexicanguitarplayers.com\\\/tienda\\\/cuerdas\\\/efectos\\\/efectos-individuales\\\/pedal-ashdown-p-guit-mod-vintage-fuzz\\\/\",\"url\":\"https:\\\/\\\/www.mexicanguitarplayers.com\\\/tienda\\\/cuerdas\\\/efectos\\\/efectos-individuales\\\/pedal-ashdown-p-guit-mod-vintage-fuzz\\\/\",\"name\":\"PEDAL ASHDOWN P\\\/GUIT. MOD. VINTAGE FUZZ - Mexican Guitar Players\",\"isPartOf\":{\"@id\":\"https:\\\/\\\/www.mexicanguitarplayers.com\\\/#website\"},\"primaryImageOfPage\":{\"@id\":\"https:\\\/\\\/www.mexicanguitarplayers.com\\\/tienda\\\/cuerdas\\\/efectos\\\/efectos-individuales\\\/pedal-ashdown-p-guit-mod-vintage-fuzz\\\/#primaryimage\"},\"image\":{\"@id\":\"https:\\\/\\\/www.mexicanguitarplayers.com\\\/tienda\\\/cuerdas\\\/efectos\\\/efectos-individuales\\\/pedal-ashdown-p-guit-mod-vintage-fuzz\\\/#primaryimage\"},\"thumbnailUrl\":\"https:\\\/\\\/www.mexicanguitarplayers.com\\\/wp-content\\\/uploads\\\/2022\\\/08\\\/VAASOVINTAGEFU.jpg\",\"datePublished\":\"2022-08-19T02:33:45+00:00\",\"dateModified\":\"2026-04-27T16:15:12+00:00\",\"description\":\"PEDAL ASHDOWN P\\\/GUIT. MOD. VINTAGE FUZZ. Pedal Fuzz para guitarra o bajo, la perilla Fuzz te permite determinar la cantidad de ganancia, la perilla Output te permite establecer el volumen general del pedal, conmutaci\u00f3n moment\u00e1nea, potencia de 18V, se requiere fuente de alimentaci\u00f3n (no incluida), dimensiones: 58 x 73 x 112 mm, peso: 0.5 kg.\",\"breadcrumb\":{\"@id\":\"https:\\\/\\\/www.mexicanguitarplayers.com\\\/tienda\\\/cuerdas\\\/efectos\\\/efectos-individuales\\\/pedal-ashdown-p-guit-mod-vintage-fuzz\\\/#breadcrumb\"},\"inLanguage\":\"en-US\",\"potentialAction\":[{\"@type\":\"ReadAction\",\"target\":[\"https:\\\/\\\/www.mexicanguitarplayers.com\\\/tienda\\\/cuerdas\\\/efectos\\\/efectos-individuales\\\/pedal-ashdown-p-guit-mod-vintage-fuzz\\\/\"]}]},{\"@type\":\"ImageObject\",\"inLanguage\":\"en-US\",\"@id\":\"https:\\\/\\\/www.mexicanguitarplayers.com\\\/tienda\\\/cuerdas\\\/efectos\\\/efectos-individuales\\\/pedal-ashdown-p-guit-mod-vintage-fuzz\\\/#primaryimage\",\"url\":\"https:\\\/\\\/www.mexicanguitarplayers.com\\\/wp-content\\\/uploads\\\/2022\\\/08\\\/VAASOVINTAGEFU.jpg\",\"contentUrl\":\"https:\\\/\\\/www.mexicanguitarplayers.com\\\/wp-content\\\/uploads\\\/2022\\\/08\\\/VAASOVINTAGEFU.jpg\",\"width\":1200,\"height\":1200},{\"@type\":\"BreadcrumbList\",\"@id\":\"https:\\\/\\\/www.mexicanguitarplayers.com\\\/tienda\\\/cuerdas\\\/efectos\\\/efectos-individuales\\\/pedal-ashdown-p-guit-mod-vintage-fuzz\\\/#breadcrumb\",\"itemListElement\":[{\"@type\":\"ListItem\",\"position\":1,\"name\":\"Portada\",\"item\":\"https:\\\/\\\/www.mexicanguitarplayers.com\\\/\"},{\"@type\":\"ListItem\",\"position\":2,\"name\":\"Tienda\",\"item\":\"https:\\\/\\\/www.mexicanguitarplayers.com\\\/tienda\\\/\"},{\"@type\":\"ListItem\",\"position\":3,\"name\":\"PEDAL ASHDOWN P\\\/GUIT. MOD. VINTAGE FUZZ\"}]},{\"@type\":\"WebSite\",\"@id\":\"https:\\\/\\\/www.mexicanguitarplayers.com\\\/#website\",\"url\":\"https:\\\/\\\/www.mexicanguitarplayers.com\\\/\",\"name\":\"Mexican Guitar Players\",\"description\":\"Website\",\"publisher\":{\"@id\":\"https:\\\/\\\/www.mexicanguitarplayers.com\\\/#organization\"},\"potentialAction\":[{\"@type\":\"SearchAction\",\"target\":{\"@type\":\"EntryPoint\",\"urlTemplate\":\"https:\\\/\\\/www.mexicanguitarplayers.com\\\/?s={search_term_string}\"},\"query-input\":{\"@type\":\"PropertyValueSpecification\",\"valueRequired\":true,\"valueName\":\"search_term_string\"}}],\"inLanguage\":\"en-US\"},{\"@type\":\"Organization\",\"@id\":\"https:\\\/\\\/www.mexicanguitarplayers.com\\\/#organization\",\"name\":\"Mexican Guitar Players\",\"url\":\"https:\\\/\\\/www.mexicanguitarplayers.com\\\/\",\"logo\":{\"@type\":\"ImageObject\",\"inLanguage\":\"en-US\",\"@id\":\"https:\\\/\\\/www.mexicanguitarplayers.com\\\/#\\\/schema\\\/logo\\\/image\\\/\",\"url\":\"\",\"contentUrl\":\"\",\"caption\":\"Mexican Guitar Players\"},\"image\":{\"@id\":\"https:\\\/\\\/www.mexicanguitarplayers.com\\\/#\\\/schema\\\/logo\\\/image\\\/\"}}]}<\/script>\n<!-- \/ Yoast SEO plugin. -->","yoast_head_json":{"title":"PEDAL ASHDOWN P\/GUIT. MOD. VINTAGE FUZZ - Mexican Guitar Players","description":"PEDAL ASHDOWN P\/GUIT. MOD. VINTAGE FUZZ. Pedal Fuzz para guitarra o bajo, la perilla Fuzz te permite determinar la cantidad de ganancia, la perilla Output te permite establecer el volumen general del pedal, conmutaci\u00f3n moment\u00e1nea, potencia de 18V, se requiere fuente de alimentaci\u00f3n (no incluida), dimensiones: 58 x 73 x 112 mm, peso: 0.5 kg.","robots":{"index":"index","follow":"follow","max-snippet":"max-snippet:-1","max-image-preview":"max-image-preview:large","max-video-preview":"max-video-preview:-1"},"canonical":"https:\/\/www.mexicanguitarplayers.com\/en\/tienda\/cuerdas\/efectos\/efectos-individuales\/pedal-ashdown-p-guit-mod-vintage-fuzz\/","og_locale":"en_US","og_type":"article","og_title":"PEDAL ASHDOWN P\/GUIT. MOD. VINTAGE FUZZ - Mexican Guitar Players","og_description":"PEDAL ASHDOWN P\/GUIT. MOD. VINTAGE FUZZ. Pedal Fuzz para guitarra o bajo, la perilla Fuzz te permite determinar la cantidad de ganancia, la perilla Output te permite establecer el volumen general del pedal, conmutaci\u00f3n moment\u00e1nea, potencia de 18V, se requiere fuente de alimentaci\u00f3n (no incluida), dimensiones: 58 x 73 x 112 mm, peso: 0.5 kg.","og_url":"https:\/\/www.mexicanguitarplayers.com\/en\/tienda\/cuerdas\/efectos\/efectos-individuales\/pedal-ashdown-p-guit-mod-vintage-fuzz\/","og_site_name":"Mexican Guitar Players","article_modified_time":"2026-04-27T16:15:12+00:00","og_image":[{"width":1200,"height":1200,"url":"https:\/\/www.mexicanguitarplayers.com\/wp-content\/uploads\/2022\/08\/VAASOVINTAGEFU.jpg","type":"image\/jpeg"}],"twitter_card":"summary_large_image","schema":{"@context":"https:\/\/schema.org","@graph":[{"@type":["WebPage","ItemPage"],"@id":"https:\/\/www.mexicanguitarplayers.com\/tienda\/cuerdas\/efectos\/efectos-individuales\/pedal-ashdown-p-guit-mod-vintage-fuzz\/","url":"https:\/\/www.mexicanguitarplayers.com\/tienda\/cuerdas\/efectos\/efectos-individuales\/pedal-ashdown-p-guit-mod-vintage-fuzz\/","name":"PEDAL ASHDOWN P\/GUIT. MOD. VINTAGE FUZZ - Mexican Guitar Players","isPartOf":{"@id":"https:\/\/www.mexicanguitarplayers.com\/#website"},"primaryImageOfPage":{"@id":"https:\/\/www.mexicanguitarplayers.com\/tienda\/cuerdas\/efectos\/efectos-individuales\/pedal-ashdown-p-guit-mod-vintage-fuzz\/#primaryimage"},"image":{"@id":"https:\/\/www.mexicanguitarplayers.com\/tienda\/cuerdas\/efectos\/efectos-individuales\/pedal-ashdown-p-guit-mod-vintage-fuzz\/#primaryimage"},"thumbnailUrl":"https:\/\/www.mexicanguitarplayers.com\/wp-content\/uploads\/2022\/08\/VAASOVINTAGEFU.jpg","datePublished":"2022-08-19T02:33:45+00:00","dateModified":"2026-04-27T16:15:12+00:00","description":"PEDAL ASHDOWN P\/GUIT. MOD. VINTAGE FUZZ. Pedal Fuzz para guitarra o bajo, la perilla Fuzz te permite determinar la cantidad de ganancia, la perilla Output te permite establecer el volumen general del pedal, conmutaci\u00f3n moment\u00e1nea, potencia de 18V, se requiere fuente de alimentaci\u00f3n (no incluida), dimensiones: 58 x 73 x 112 mm, peso: 0.5 kg.","breadcrumb":{"@id":"https:\/\/www.mexicanguitarplayers.com\/tienda\/cuerdas\/efectos\/efectos-individuales\/pedal-ashdown-p-guit-mod-vintage-fuzz\/#breadcrumb"},"inLanguage":"en-US","potentialAction":[{"@type":"ReadAction","target":["https:\/\/www.mexicanguitarplayers.com\/tienda\/cuerdas\/efectos\/efectos-individuales\/pedal-ashdown-p-guit-mod-vintage-fuzz\/"]}]},{"@type":"ImageObject","inLanguage":"en-US","@id":"https:\/\/www.mexicanguitarplayers.com\/tienda\/cuerdas\/efectos\/efectos-individuales\/pedal-ashdown-p-guit-mod-vintage-fuzz\/#primaryimage","url":"https:\/\/www.mexicanguitarplayers.com\/wp-content\/uploads\/2022\/08\/VAASOVINTAGEFU.jpg","contentUrl":"https:\/\/www.mexicanguitarplayers.com\/wp-content\/uploads\/2022\/08\/VAASOVINTAGEFU.jpg","width":1200,"height":1200},{"@type":"BreadcrumbList","@id":"https:\/\/www.mexicanguitarplayers.com\/tienda\/cuerdas\/efectos\/efectos-individuales\/pedal-ashdown-p-guit-mod-vintage-fuzz\/#breadcrumb","itemListElement":[{"@type":"ListItem","position":1,"name":"Portada","item":"https:\/\/www.mexicanguitarplayers.com\/"},{"@type":"ListItem","position":2,"name":"Tienda","item":"https:\/\/www.mexicanguitarplayers.com\/tienda\/"},{"@type":"ListItem","position":3,"name":"PEDAL ASHDOWN P\/GUIT. MOD. VINTAGE FUZZ"}]},{"@type":"WebSite","@id":"https:\/\/www.mexicanguitarplayers.com\/#website","url":"https:\/\/www.mexicanguitarplayers.com\/","name":"Mexican Guitar Players","description":"Website","publisher":{"@id":"https:\/\/www.mexicanguitarplayers.com\/#organization"},"potentialAction":[{"@type":"SearchAction","target":{"@type":"EntryPoint","urlTemplate":"https:\/\/www.mexicanguitarplayers.com\/?s={search_term_string}"},"query-input":{"@type":"PropertyValueSpecification","valueRequired":true,"valueName":"search_term_string"}}],"inLanguage":"en-US"},{"@type":"Organization","@id":"https:\/\/www.mexicanguitarplayers.com\/#organization","name":"Mexican Guitar Players","url":"https:\/\/www.mexicanguitarplayers.com\/","logo":{"@type":"ImageObject","inLanguage":"en-US","@id":"https:\/\/www.mexicanguitarplayers.com\/#\/schema\/logo\/image\/","url":"","contentUrl":"","caption":"Mexican Guitar Players"},"image":{"@id":"https:\/\/www.mexicanguitarplayers.com\/#\/schema\/logo\/image\/"}}]}},"brands":[{"id":257,"name":"ASHDOWN","slug":"ashdown"}],"_links":{"self":[{"href":"https:\/\/www.mexicanguitarplayers.com\/en\/wp-json\/wp\/v2\/product\/20784","targetHints":{"allow":["GET"]}}],"collection":[{"href":"https:\/\/www.mexicanguitarplayers.com\/en\/wp-json\/wp\/v2\/product"}],"about":[{"href":"https:\/\/www.mexicanguitarplayers.com\/en\/wp-json\/wp\/v2\/types\/product"}],"replies":[{"embeddable":true,"href":"https:\/\/www.mexicanguitarplayers.com\/en\/wp-json\/wp\/v2\/comments?post=20784"}],"wp:featuredmedia":[{"embeddable":true,"href":"https:\/\/www.mexicanguitarplayers.com\/en\/wp-json\/wp\/v2\/media\/20781"}],"wp:attachment":[{"href":"https:\/\/www.mexicanguitarplayers.com\/en\/wp-json\/wp\/v2\/media?parent=20784"}],"wp:term":[{"taxonomy":"pwb-brand","embeddable":true,"href":"https:\/\/www.mexicanguitarplayers.com\/en\/wp-json\/wp\/v2\/pwb-brand?post=20784"},{"taxonomy":"product_brand","embeddable":true,"href":"https:\/\/www.mexicanguitarplayers.com\/en\/wp-json\/wp\/v2\/product_brand?post=20784"},{"taxonomy":"product_cat","embeddable":true,"href":"https:\/\/www.mexicanguitarplayers.com\/en\/wp-json\/wp\/v2\/product_cat?post=20784"},{"taxonomy":"product_tag","embeddable":true,"href":"https:\/\/www.mexicanguitarplayers.com\/en\/wp-json\/wp\/v2\/product_tag?post=20784"}],"curies":[{"name":"wp","href":"https:\/\/api.w.org\/{rel}","templated":true}]}}