{"id":20851,"date":"2022-08-18T21:35:31","date_gmt":"2022-08-19T02:35:31","guid":{"rendered":"https:\/\/www.mexicanguitarplayers.com\/tienda\/sin%20categor\u00eda\/audifonos-boya-mod-by-hp2\/"},"modified":"2025-04-28T13:15:28","modified_gmt":"2025-04-28T19:15:28","slug":"audifonos-boya-mod-by-hp2","status":"publish","type":"product","link":"https:\/\/www.mexicanguitarplayers.com\/en\/tienda\/audio\/audifonos\/audifono-alambrico\/audifono-para-estudio\/audifonos-boya-mod-by-hp2\/","title":{"rendered":"HEADPHONES BUOY MOD. BY-HP2"},"content":{"rendered":"<div style=\"text-align: justify\">\n<div>\n<h3>HEADPHONES BUOY MOD. BY-HP2<\/h3>\n<\/div>\n<div>Professional monitoring headphones, HiFi sound quality, soft protein ear pads, high-density ABS material, 300mW max input power supply, 3.5mm and 6.35mm output, ideal for broadcasting, podcasting, interviews , film making, etc. 40 mm drivers, frequency response: 20 \u2013 40,000 Hz, sensitivity: 98 dB, impedance: 6 ohms.<\/div>\n<\/div>","protected":false},"excerpt":{"rendered":"<p>Aud\u00edfonos profesionales para monitoreo, calidad de sonido de alta fidelidad, almohadillas proteicas suaves para los o\u00eddos, material ABS de alta densidad, fuente de alimentaci\u00f3n de entrada m\u00e1xima de 300 mW, salida de 3.5 mm y 6.35 mm, ideales para broadcasting, podcasting, entrevistas, realizaci\u00f3n de pel\u00edculas, etc. drivers de 40 mm, respuesta de frecuencia: 20 &#8211; 40,000 Hz, sensibilidad: 98 dB, impedancia: 6 ohms.&hellip; <a class=\"kt-excerpt-readmore more-link\" href=\"https:\/\/www.mexicanguitarplayers.com\/en\/tienda\/audio\/audifonos\/audifono-alambrico\/audifono-para-estudio\/audifonos-boya-mod-by-hp2\/\">Read more<\/a><\/p>","protected":false},"featured_media":20847,"comment_status":"open","ping_status":"closed","template":"","meta":{"kt_blocks_editor_width":""},"pwb-brand":[228],"product_brand":[],"product_cat":[506,507,505,213],"product_tag":[],"class_list":{"0":"post-20851","1":"product","2":"type-product","3":"status-publish","4":"has-post-thumbnail","6":"pwb-brand-boya","7":"product_cat-audifono-alambrico","8":"product_cat-audifono-para-estudio","9":"product_cat-audifonos","10":"product_cat-audio","11":"product_shipping_class-0-5-kg","13":"first","14":"outofstock","15":"taxable","16":"shipping-taxable","17":"purchasable","18":"product-type-simple"},"yoast_head":"<!-- This site is optimized with the Yoast SEO plugin v27.6 - https:\/\/yoast.com\/product\/yoast-seo-wordpress\/ -->\n<title>AUDIFONOS BOYA MOD. BY-HP2 - Mexican Guitar Players<\/title>\n<meta name=\"description\" content=\"AUDIFONOS BOYA MOD. BY-HP2. Aud\u00edfonos profesionales para monitoreo, calidad de sonido de alta fidelidad, almohadillas proteicas suaves para los o\u00eddos, material ABS de alta densidad, fuente de alimentaci\u00f3n de entrada m\u00e1xima de 300 mW, salida de 3.5 mm y 6.35 mm, ideales para broadcasting, podcasting, entrevistas, realizaci\u00f3n de pel\u00edculas, etc. drivers de 40 mm, respuesta de frecuencia: 20 - 40,000 Hz, sensibilidad: 98 dB, impedancia: 6 ohms.\" \/>\n<meta name=\"robots\" content=\"index, follow, max-snippet:-1, max-image-preview:large, max-video-preview:-1\" \/>\n<link rel=\"canonical\" href=\"https:\/\/www.mexicanguitarplayers.com\/en\/tienda\/audio\/audifonos\/audifono-alambrico\/audifono-para-estudio\/audifonos-boya-mod-by-hp2\/\" \/>\n<meta property=\"og:locale\" content=\"en_US\" \/>\n<meta property=\"og:type\" content=\"article\" \/>\n<meta property=\"og:title\" content=\"AUDIFONOS BOYA MOD. BY-HP2 - Mexican Guitar Players\" \/>\n<meta property=\"og:description\" content=\"AUDIFONOS BOYA MOD. BY-HP2. Aud\u00edfonos profesionales para monitoreo, calidad de sonido de alta fidelidad, almohadillas proteicas suaves para los o\u00eddos, material ABS de alta densidad, fuente de alimentaci\u00f3n de entrada m\u00e1xima de 300 mW, salida de 3.5 mm y 6.35 mm, ideales para broadcasting, podcasting, entrevistas, realizaci\u00f3n de pel\u00edculas, etc. drivers de 40 mm, respuesta de frecuencia: 20 - 40,000 Hz, sensibilidad: 98 dB, impedancia: 6 ohms.\" \/>\n<meta property=\"og:url\" content=\"https:\/\/www.mexicanguitarplayers.com\/en\/tienda\/audio\/audifonos\/audifono-alambrico\/audifono-para-estudio\/audifonos-boya-mod-by-hp2\/\" \/>\n<meta property=\"og:site_name\" content=\"Mexican Guitar Players\" \/>\n<meta property=\"article:modified_time\" content=\"2025-04-28T19:15:28+00:00\" \/>\n<meta property=\"og:image\" content=\"https:\/\/www.mexicanguitarplayers.com\/wp-content\/uploads\/2022\/08\/VABOYBYHP2.jpg\" \/>\n\t<meta property=\"og:image:width\" content=\"1200\" \/>\n\t<meta property=\"og:image:height\" content=\"1200\" \/>\n\t<meta property=\"og:image:type\" content=\"image\/jpeg\" \/>\n<meta name=\"twitter:card\" content=\"summary_large_image\" \/>\n<script type=\"application\/ld+json\" class=\"yoast-schema-graph\">{\"@context\":\"https:\\\/\\\/schema.org\",\"@graph\":[{\"@type\":[\"WebPage\",\"ItemPage\"],\"@id\":\"https:\\\/\\\/www.mexicanguitarplayers.com\\\/tienda\\\/audio\\\/audifonos\\\/audifono-alambrico\\\/audifono-para-estudio\\\/audifonos-boya-mod-by-hp2\\\/\",\"url\":\"https:\\\/\\\/www.mexicanguitarplayers.com\\\/tienda\\\/audio\\\/audifonos\\\/audifono-alambrico\\\/audifono-para-estudio\\\/audifonos-boya-mod-by-hp2\\\/\",\"name\":\"AUDIFONOS BOYA MOD. BY-HP2 - Mexican Guitar Players\",\"isPartOf\":{\"@id\":\"https:\\\/\\\/www.mexicanguitarplayers.com\\\/#website\"},\"primaryImageOfPage\":{\"@id\":\"https:\\\/\\\/www.mexicanguitarplayers.com\\\/tienda\\\/audio\\\/audifonos\\\/audifono-alambrico\\\/audifono-para-estudio\\\/audifonos-boya-mod-by-hp2\\\/#primaryimage\"},\"image\":{\"@id\":\"https:\\\/\\\/www.mexicanguitarplayers.com\\\/tienda\\\/audio\\\/audifonos\\\/audifono-alambrico\\\/audifono-para-estudio\\\/audifonos-boya-mod-by-hp2\\\/#primaryimage\"},\"thumbnailUrl\":\"https:\\\/\\\/www.mexicanguitarplayers.com\\\/wp-content\\\/uploads\\\/2022\\\/08\\\/VABOYBYHP2.jpg\",\"datePublished\":\"2022-08-19T02:35:31+00:00\",\"dateModified\":\"2025-04-28T19:15:28+00:00\",\"description\":\"AUDIFONOS BOYA MOD. BY-HP2. Aud\u00edfonos profesionales para monitoreo, calidad de sonido de alta fidelidad, almohadillas proteicas suaves para los o\u00eddos, material ABS de alta densidad, fuente de alimentaci\u00f3n de entrada m\u00e1xima de 300 mW, salida de 3.5 mm y 6.35 mm, ideales para broadcasting, podcasting, entrevistas, realizaci\u00f3n de pel\u00edculas, etc. drivers de 40 mm, respuesta de frecuencia: 20 - 40,000 Hz, sensibilidad: 98 dB, impedancia: 6 ohms.\",\"breadcrumb\":{\"@id\":\"https:\\\/\\\/www.mexicanguitarplayers.com\\\/tienda\\\/audio\\\/audifonos\\\/audifono-alambrico\\\/audifono-para-estudio\\\/audifonos-boya-mod-by-hp2\\\/#breadcrumb\"},\"inLanguage\":\"en-US\",\"potentialAction\":[{\"@type\":\"ReadAction\",\"target\":[\"https:\\\/\\\/www.mexicanguitarplayers.com\\\/tienda\\\/audio\\\/audifonos\\\/audifono-alambrico\\\/audifono-para-estudio\\\/audifonos-boya-mod-by-hp2\\\/\"]}]},{\"@type\":\"ImageObject\",\"inLanguage\":\"en-US\",\"@id\":\"https:\\\/\\\/www.mexicanguitarplayers.com\\\/tienda\\\/audio\\\/audifonos\\\/audifono-alambrico\\\/audifono-para-estudio\\\/audifonos-boya-mod-by-hp2\\\/#primaryimage\",\"url\":\"https:\\\/\\\/www.mexicanguitarplayers.com\\\/wp-content\\\/uploads\\\/2022\\\/08\\\/VABOYBYHP2.jpg\",\"contentUrl\":\"https:\\\/\\\/www.mexicanguitarplayers.com\\\/wp-content\\\/uploads\\\/2022\\\/08\\\/VABOYBYHP2.jpg\",\"width\":1200,\"height\":1200},{\"@type\":\"BreadcrumbList\",\"@id\":\"https:\\\/\\\/www.mexicanguitarplayers.com\\\/tienda\\\/audio\\\/audifonos\\\/audifono-alambrico\\\/audifono-para-estudio\\\/audifonos-boya-mod-by-hp2\\\/#breadcrumb\",\"itemListElement\":[{\"@type\":\"ListItem\",\"position\":1,\"name\":\"Portada\",\"item\":\"https:\\\/\\\/www.mexicanguitarplayers.com\\\/\"},{\"@type\":\"ListItem\",\"position\":2,\"name\":\"Tienda\",\"item\":\"https:\\\/\\\/www.mexicanguitarplayers.com\\\/tienda\\\/\"},{\"@type\":\"ListItem\",\"position\":3,\"name\":\"AUDIFONOS BOYA MOD. BY-HP2\"}]},{\"@type\":\"WebSite\",\"@id\":\"https:\\\/\\\/www.mexicanguitarplayers.com\\\/#website\",\"url\":\"https:\\\/\\\/www.mexicanguitarplayers.com\\\/\",\"name\":\"Mexican Guitar Players\",\"description\":\"Website\",\"publisher\":{\"@id\":\"https:\\\/\\\/www.mexicanguitarplayers.com\\\/#organization\"},\"potentialAction\":[{\"@type\":\"SearchAction\",\"target\":{\"@type\":\"EntryPoint\",\"urlTemplate\":\"https:\\\/\\\/www.mexicanguitarplayers.com\\\/?s={search_term_string}\"},\"query-input\":{\"@type\":\"PropertyValueSpecification\",\"valueRequired\":true,\"valueName\":\"search_term_string\"}}],\"inLanguage\":\"en-US\"},{\"@type\":\"Organization\",\"@id\":\"https:\\\/\\\/www.mexicanguitarplayers.com\\\/#organization\",\"name\":\"Mexican Guitar Players\",\"url\":\"https:\\\/\\\/www.mexicanguitarplayers.com\\\/\",\"logo\":{\"@type\":\"ImageObject\",\"inLanguage\":\"en-US\",\"@id\":\"https:\\\/\\\/www.mexicanguitarplayers.com\\\/#\\\/schema\\\/logo\\\/image\\\/\",\"url\":\"\",\"contentUrl\":\"\",\"caption\":\"Mexican Guitar Players\"},\"image\":{\"@id\":\"https:\\\/\\\/www.mexicanguitarplayers.com\\\/#\\\/schema\\\/logo\\\/image\\\/\"}}]}<\/script>\n<!-- \/ Yoast SEO plugin. -->","yoast_head_json":{"title":"AUDIFONOS BOYA MOD. BY-HP2 - Mexican Guitar Players","description":"AUDIFONOS BOYA MOD. BY-HP2. Aud\u00edfonos profesionales para monitoreo, calidad de sonido de alta fidelidad, almohadillas proteicas suaves para los o\u00eddos, material ABS de alta densidad, fuente de alimentaci\u00f3n de entrada m\u00e1xima de 300 mW, salida de 3.5 mm y 6.35 mm, ideales para broadcasting, podcasting, entrevistas, realizaci\u00f3n de pel\u00edculas, etc. drivers de 40 mm, respuesta de frecuencia: 20 - 40,000 Hz, sensibilidad: 98 dB, impedancia: 6 ohms.","robots":{"index":"index","follow":"follow","max-snippet":"max-snippet:-1","max-image-preview":"max-image-preview:large","max-video-preview":"max-video-preview:-1"},"canonical":"https:\/\/www.mexicanguitarplayers.com\/en\/tienda\/audio\/audifonos\/audifono-alambrico\/audifono-para-estudio\/audifonos-boya-mod-by-hp2\/","og_locale":"en_US","og_type":"article","og_title":"AUDIFONOS BOYA MOD. BY-HP2 - Mexican Guitar Players","og_description":"AUDIFONOS BOYA MOD. BY-HP2. Aud\u00edfonos profesionales para monitoreo, calidad de sonido de alta fidelidad, almohadillas proteicas suaves para los o\u00eddos, material ABS de alta densidad, fuente de alimentaci\u00f3n de entrada m\u00e1xima de 300 mW, salida de 3.5 mm y 6.35 mm, ideales para broadcasting, podcasting, entrevistas, realizaci\u00f3n de pel\u00edculas, etc. drivers de 40 mm, respuesta de frecuencia: 20 - 40,000 Hz, sensibilidad: 98 dB, impedancia: 6 ohms.","og_url":"https:\/\/www.mexicanguitarplayers.com\/en\/tienda\/audio\/audifonos\/audifono-alambrico\/audifono-para-estudio\/audifonos-boya-mod-by-hp2\/","og_site_name":"Mexican Guitar Players","article_modified_time":"2025-04-28T19:15:28+00:00","og_image":[{"width":1200,"height":1200,"url":"https:\/\/www.mexicanguitarplayers.com\/wp-content\/uploads\/2022\/08\/VABOYBYHP2.jpg","type":"image\/jpeg"}],"twitter_card":"summary_large_image","schema":{"@context":"https:\/\/schema.org","@graph":[{"@type":["WebPage","ItemPage"],"@id":"https:\/\/www.mexicanguitarplayers.com\/tienda\/audio\/audifonos\/audifono-alambrico\/audifono-para-estudio\/audifonos-boya-mod-by-hp2\/","url":"https:\/\/www.mexicanguitarplayers.com\/tienda\/audio\/audifonos\/audifono-alambrico\/audifono-para-estudio\/audifonos-boya-mod-by-hp2\/","name":"AUDIFONOS BOYA MOD. BY-HP2 - Mexican Guitar Players","isPartOf":{"@id":"https:\/\/www.mexicanguitarplayers.com\/#website"},"primaryImageOfPage":{"@id":"https:\/\/www.mexicanguitarplayers.com\/tienda\/audio\/audifonos\/audifono-alambrico\/audifono-para-estudio\/audifonos-boya-mod-by-hp2\/#primaryimage"},"image":{"@id":"https:\/\/www.mexicanguitarplayers.com\/tienda\/audio\/audifonos\/audifono-alambrico\/audifono-para-estudio\/audifonos-boya-mod-by-hp2\/#primaryimage"},"thumbnailUrl":"https:\/\/www.mexicanguitarplayers.com\/wp-content\/uploads\/2022\/08\/VABOYBYHP2.jpg","datePublished":"2022-08-19T02:35:31+00:00","dateModified":"2025-04-28T19:15:28+00:00","description":"AUDIFONOS BOYA MOD. BY-HP2. Aud\u00edfonos profesionales para monitoreo, calidad de sonido de alta fidelidad, almohadillas proteicas suaves para los o\u00eddos, material ABS de alta densidad, fuente de alimentaci\u00f3n de entrada m\u00e1xima de 300 mW, salida de 3.5 mm y 6.35 mm, ideales para broadcasting, podcasting, entrevistas, realizaci\u00f3n de pel\u00edculas, etc. drivers de 40 mm, respuesta de frecuencia: 20 - 40,000 Hz, sensibilidad: 98 dB, impedancia: 6 ohms.","breadcrumb":{"@id":"https:\/\/www.mexicanguitarplayers.com\/tienda\/audio\/audifonos\/audifono-alambrico\/audifono-para-estudio\/audifonos-boya-mod-by-hp2\/#breadcrumb"},"inLanguage":"en-US","potentialAction":[{"@type":"ReadAction","target":["https:\/\/www.mexicanguitarplayers.com\/tienda\/audio\/audifonos\/audifono-alambrico\/audifono-para-estudio\/audifonos-boya-mod-by-hp2\/"]}]},{"@type":"ImageObject","inLanguage":"en-US","@id":"https:\/\/www.mexicanguitarplayers.com\/tienda\/audio\/audifonos\/audifono-alambrico\/audifono-para-estudio\/audifonos-boya-mod-by-hp2\/#primaryimage","url":"https:\/\/www.mexicanguitarplayers.com\/wp-content\/uploads\/2022\/08\/VABOYBYHP2.jpg","contentUrl":"https:\/\/www.mexicanguitarplayers.com\/wp-content\/uploads\/2022\/08\/VABOYBYHP2.jpg","width":1200,"height":1200},{"@type":"BreadcrumbList","@id":"https:\/\/www.mexicanguitarplayers.com\/tienda\/audio\/audifonos\/audifono-alambrico\/audifono-para-estudio\/audifonos-boya-mod-by-hp2\/#breadcrumb","itemListElement":[{"@type":"ListItem","position":1,"name":"Portada","item":"https:\/\/www.mexicanguitarplayers.com\/"},{"@type":"ListItem","position":2,"name":"Tienda","item":"https:\/\/www.mexicanguitarplayers.com\/tienda\/"},{"@type":"ListItem","position":3,"name":"AUDIFONOS BOYA MOD. BY-HP2"}]},{"@type":"WebSite","@id":"https:\/\/www.mexicanguitarplayers.com\/#website","url":"https:\/\/www.mexicanguitarplayers.com\/","name":"Mexican Guitar Players","description":"Website","publisher":{"@id":"https:\/\/www.mexicanguitarplayers.com\/#organization"},"potentialAction":[{"@type":"SearchAction","target":{"@type":"EntryPoint","urlTemplate":"https:\/\/www.mexicanguitarplayers.com\/?s={search_term_string}"},"query-input":{"@type":"PropertyValueSpecification","valueRequired":true,"valueName":"search_term_string"}}],"inLanguage":"en-US"},{"@type":"Organization","@id":"https:\/\/www.mexicanguitarplayers.com\/#organization","name":"Mexican Guitar Players","url":"https:\/\/www.mexicanguitarplayers.com\/","logo":{"@type":"ImageObject","inLanguage":"en-US","@id":"https:\/\/www.mexicanguitarplayers.com\/#\/schema\/logo\/image\/","url":"","contentUrl":"","caption":"Mexican Guitar Players"},"image":{"@id":"https:\/\/www.mexicanguitarplayers.com\/#\/schema\/logo\/image\/"}}]}},"brands":[{"id":228,"name":"BUOY","slug":"boya"}],"_links":{"self":[{"href":"https:\/\/www.mexicanguitarplayers.com\/en\/wp-json\/wp\/v2\/product\/20851","targetHints":{"allow":["GET"]}}],"collection":[{"href":"https:\/\/www.mexicanguitarplayers.com\/en\/wp-json\/wp\/v2\/product"}],"about":[{"href":"https:\/\/www.mexicanguitarplayers.com\/en\/wp-json\/wp\/v2\/types\/product"}],"replies":[{"embeddable":true,"href":"https:\/\/www.mexicanguitarplayers.com\/en\/wp-json\/wp\/v2\/comments?post=20851"}],"wp:featuredmedia":[{"embeddable":true,"href":"https:\/\/www.mexicanguitarplayers.com\/en\/wp-json\/wp\/v2\/media\/20847"}],"wp:attachment":[{"href":"https:\/\/www.mexicanguitarplayers.com\/en\/wp-json\/wp\/v2\/media?parent=20851"}],"wp:term":[{"taxonomy":"pwb-brand","embeddable":true,"href":"https:\/\/www.mexicanguitarplayers.com\/en\/wp-json\/wp\/v2\/pwb-brand?post=20851"},{"taxonomy":"product_brand","embeddable":true,"href":"https:\/\/www.mexicanguitarplayers.com\/en\/wp-json\/wp\/v2\/product_brand?post=20851"},{"taxonomy":"product_cat","embeddable":true,"href":"https:\/\/www.mexicanguitarplayers.com\/en\/wp-json\/wp\/v2\/product_cat?post=20851"},{"taxonomy":"product_tag","embeddable":true,"href":"https:\/\/www.mexicanguitarplayers.com\/en\/wp-json\/wp\/v2\/product_tag?post=20851"}],"curies":[{"name":"wp","href":"https:\/\/api.w.org\/{rel}","templated":true}]}}