{"id":20947,"date":"2022-08-18T21:52:56","date_gmt":"2022-08-19T02:52:56","guid":{"rendered":"https:\/\/www.mexicanguitarplayers.com\/tienda\/sin%20categor\u00eda\/estuche-skb-p-guit-acustica-1skb-16\/"},"modified":"2024-01-30T19:44:23","modified_gmt":"2024-01-31T01:44:23","slug":"estuche-skb-p-guit-acustica-1skb-16","status":"publish","type":"product","link":"https:\/\/www.mexicanguitarplayers.com\/en\/tienda\/accesorios\/estuches-y-fundas\/para-guitarra\/para-guitarra-acustica\/estuche-skb-p-guit-acustica-1skb-16\/","title":{"rendered":"SKB P\/GUIT CASE. ACOUSTICS 1SKB-16"},"content":{"rendered":"<div style=\"text-align: justify\">\n<div>\n<h3>SKB P\/GUIT CASE. ACOUSTICS 1SKB-16<\/h3>\n<\/div>\n<div>Acoustic Guitar Case, In-house engineered rubber modified styrene shell, EPS rigid foam interior, patented nylon-reinforced fiberglass release latches, TSA locking latches, protected valance, ergonomic indestructible rubber-padded handle, music stand full-length tonearm, injection-molded feet, accessory compartment, interior length: 42&quot;, exterior length: 45&quot;, exterior width: 20&quot;, exterior depth: 7&quot;, body length: 20&quot;, neck depth instrument body: 11.43 cm, wide part of instrument: 40.01 cm, narrow part of instrument: 29.21 cm, depth at top: 4.45 cm, depth at base: 9.53 cm, weight: 4.31 kg.<\/div>\n<\/div>","protected":false},"excerpt":{"rendered":"<p>Estuche para guitarra ac\u00fastica, carcasa de estireno de caucho modificado de ingenier\u00eda propia, interior de espuma r\u00edgida EPS, seguros de liberaci\u00f3n patentados de fibra de vidrio reforzados con nylon, pestillos de bloqueo TSA, cenefa protegida, asa ergon\u00f3mica indestructible de caucho acolchado, soporte para el brazo de longitud completa, pies moldeados por inyecci\u00f3n, compartimento para accesorios, largo interior: 107.95 cm, largo exterior: 113.67 cm, ancho exterior: 50.17 cm, profundidad exterior: 17.78 cm, longitud del cuerpo del instrumento: 50.17 cm, profundidad del cuerpo del instrumento: 11.43 cm, parte ancha del instrumento: 40.01 cm, parte angosta del instrumento: 29.21 cm, profundidad en la tapa: 4.45 cm, profundidad en la base: 9.53 cm, peso: 4.31 kg.&hellip; <a class=\"kt-excerpt-readmore more-link\" href=\"https:\/\/www.mexicanguitarplayers.com\/en\/tienda\/accesorios\/estuches-y-fundas\/para-guitarra\/para-guitarra-acustica\/estuche-skb-p-guit-acustica-1skb-16\/\">Read more<\/a><\/p>","protected":false},"featured_media":20943,"comment_status":"open","ping_status":"closed","template":"","meta":{"kt_blocks_editor_width":""},"pwb-brand":[609],"product_brand":[],"product_cat":[85,517,566,569],"product_tag":[],"class_list":{"0":"post-20947","1":"product","2":"type-product","3":"status-publish","4":"has-post-thumbnail","6":"pwb-brand-skb","7":"product_cat-accesorios","8":"product_cat-estuches-y-fundas","9":"product_cat-para-guitarra","10":"product_cat-para-guitarra-acustica","11":"product_shipping_class-20-25-kg","13":"first","14":"outofstock","15":"taxable","16":"shipping-taxable","17":"purchasable","18":"product-type-simple"},"yoast_head":"<!-- This site is optimized with the Yoast SEO plugin v27.5 - https:\/\/yoast.com\/product\/yoast-seo-wordpress\/ -->\n<title>ESTUCHE SKB P\/GUIT. ACUSTICA 1SKB-16 - Mexican Guitar Players<\/title>\n<meta name=\"description\" content=\"ESTUCHE SKB P\/GUIT. ACUSTICA 1SKB-16. Estuche para guitarra ac\u00fastica, carcasa de estireno de caucho modificado de ingenier\u00eda propia, interior de espuma r\u00edgida EPS, seguros de liberaci\u00f3n patentados de fibra de vidrio reforzados con nylon, pestillos de bloqueo TSA, cenefa protegida, asa ergon\u00f3mica indestructible de caucho acolchado, soporte para el brazo de longitud completa, pies moldeados por inyecci\u00f3n, compartimento para accesorios, largo interior: 107.95 cm, largo exterior: 113.67 cm, ancho exterior: 50.17 cm, profundidad exterior: 17.78 cm, longitud del cuerpo del instrumento: 50.17 cm, profundidad del cuerpo del instrumento: 11.43 cm, parte ancha del instrumento: 40.01 cm, parte angosta del instrumento: 29.21 cm, profundidad en la tapa: 4.45 cm, profundidad en la base: 9.53 cm, peso: 4.31 kg.\" \/>\n<meta name=\"robots\" content=\"index, follow, max-snippet:-1, max-image-preview:large, max-video-preview:-1\" \/>\n<link rel=\"canonical\" href=\"https:\/\/www.mexicanguitarplayers.com\/en\/tienda\/accesorios\/estuches-y-fundas\/para-guitarra\/para-guitarra-acustica\/estuche-skb-p-guit-acustica-1skb-16\/\" \/>\n<meta property=\"og:locale\" content=\"en_US\" \/>\n<meta property=\"og:type\" content=\"article\" \/>\n<meta property=\"og:title\" content=\"ESTUCHE SKB P\/GUIT. ACUSTICA 1SKB-16 - Mexican Guitar Players\" \/>\n<meta property=\"og:description\" content=\"ESTUCHE SKB P\/GUIT. ACUSTICA 1SKB-16. Estuche para guitarra ac\u00fastica, carcasa de estireno de caucho modificado de ingenier\u00eda propia, interior de espuma r\u00edgida EPS, seguros de liberaci\u00f3n patentados de fibra de vidrio reforzados con nylon, pestillos de bloqueo TSA, cenefa protegida, asa ergon\u00f3mica indestructible de caucho acolchado, soporte para el brazo de longitud completa, pies moldeados por inyecci\u00f3n, compartimento para accesorios, largo interior: 107.95 cm, largo exterior: 113.67 cm, ancho exterior: 50.17 cm, profundidad exterior: 17.78 cm, longitud del cuerpo del instrumento: 50.17 cm, profundidad del cuerpo del instrumento: 11.43 cm, parte ancha del instrumento: 40.01 cm, parte angosta del instrumento: 29.21 cm, profundidad en la tapa: 4.45 cm, profundidad en la base: 9.53 cm, peso: 4.31 kg.\" \/>\n<meta property=\"og:url\" content=\"https:\/\/www.mexicanguitarplayers.com\/en\/tienda\/accesorios\/estuches-y-fundas\/para-guitarra\/para-guitarra-acustica\/estuche-skb-p-guit-acustica-1skb-16\/\" \/>\n<meta property=\"og:site_name\" content=\"Mexican Guitar Players\" \/>\n<meta property=\"article:modified_time\" content=\"2024-01-31T01:44:23+00:00\" \/>\n<meta property=\"og:image\" content=\"https:\/\/www.mexicanguitarplayers.com\/wp-content\/uploads\/2022\/08\/VASKB1SKB16.png\" \/>\n\t<meta property=\"og:image:width\" content=\"1200\" \/>\n\t<meta property=\"og:image:height\" content=\"1200\" \/>\n\t<meta property=\"og:image:type\" content=\"image\/png\" \/>\n<meta name=\"twitter:card\" content=\"summary_large_image\" \/>\n<meta name=\"twitter:label1\" content=\"Est. reading time\" \/>\n\t<meta name=\"twitter:data1\" content=\"1 minute\" \/>\n<script type=\"application\/ld+json\" class=\"yoast-schema-graph\">{\"@context\":\"https:\\\/\\\/schema.org\",\"@graph\":[{\"@type\":[\"WebPage\",\"ItemPage\"],\"@id\":\"https:\\\/\\\/www.mexicanguitarplayers.com\\\/tienda\\\/accesorios\\\/estuches-y-fundas\\\/para-guitarra\\\/para-guitarra-acustica\\\/estuche-skb-p-guit-acustica-1skb-16\\\/\",\"url\":\"https:\\\/\\\/www.mexicanguitarplayers.com\\\/tienda\\\/accesorios\\\/estuches-y-fundas\\\/para-guitarra\\\/para-guitarra-acustica\\\/estuche-skb-p-guit-acustica-1skb-16\\\/\",\"name\":\"ESTUCHE SKB P\\\/GUIT. ACUSTICA 1SKB-16 - Mexican Guitar Players\",\"isPartOf\":{\"@id\":\"https:\\\/\\\/www.mexicanguitarplayers.com\\\/#website\"},\"primaryImageOfPage\":{\"@id\":\"https:\\\/\\\/www.mexicanguitarplayers.com\\\/tienda\\\/accesorios\\\/estuches-y-fundas\\\/para-guitarra\\\/para-guitarra-acustica\\\/estuche-skb-p-guit-acustica-1skb-16\\\/#primaryimage\"},\"image\":{\"@id\":\"https:\\\/\\\/www.mexicanguitarplayers.com\\\/tienda\\\/accesorios\\\/estuches-y-fundas\\\/para-guitarra\\\/para-guitarra-acustica\\\/estuche-skb-p-guit-acustica-1skb-16\\\/#primaryimage\"},\"thumbnailUrl\":\"https:\\\/\\\/www.mexicanguitarplayers.com\\\/wp-content\\\/uploads\\\/2022\\\/08\\\/VASKB1SKB16.png\",\"datePublished\":\"2022-08-19T02:52:56+00:00\",\"dateModified\":\"2024-01-31T01:44:23+00:00\",\"description\":\"ESTUCHE SKB P\\\/GUIT. ACUSTICA 1SKB-16. Estuche para guitarra ac\u00fastica, carcasa de estireno de caucho modificado de ingenier\u00eda propia, interior de espuma r\u00edgida EPS, seguros de liberaci\u00f3n patentados de fibra de vidrio reforzados con nylon, pestillos de bloqueo TSA, cenefa protegida, asa ergon\u00f3mica indestructible de caucho acolchado, soporte para el brazo de longitud completa, pies moldeados por inyecci\u00f3n, compartimento para accesorios, largo interior: 107.95 cm, largo exterior: 113.67 cm, ancho exterior: 50.17 cm, profundidad exterior: 17.78 cm, longitud del cuerpo del instrumento: 50.17 cm, profundidad del cuerpo del instrumento: 11.43 cm, parte ancha del instrumento: 40.01 cm, parte angosta del instrumento: 29.21 cm, profundidad en la tapa: 4.45 cm, profundidad en la base: 9.53 cm, peso: 4.31 kg.\",\"breadcrumb\":{\"@id\":\"https:\\\/\\\/www.mexicanguitarplayers.com\\\/tienda\\\/accesorios\\\/estuches-y-fundas\\\/para-guitarra\\\/para-guitarra-acustica\\\/estuche-skb-p-guit-acustica-1skb-16\\\/#breadcrumb\"},\"inLanguage\":\"en-US\",\"potentialAction\":[{\"@type\":\"ReadAction\",\"target\":[\"https:\\\/\\\/www.mexicanguitarplayers.com\\\/tienda\\\/accesorios\\\/estuches-y-fundas\\\/para-guitarra\\\/para-guitarra-acustica\\\/estuche-skb-p-guit-acustica-1skb-16\\\/\"]}]},{\"@type\":\"ImageObject\",\"inLanguage\":\"en-US\",\"@id\":\"https:\\\/\\\/www.mexicanguitarplayers.com\\\/tienda\\\/accesorios\\\/estuches-y-fundas\\\/para-guitarra\\\/para-guitarra-acustica\\\/estuche-skb-p-guit-acustica-1skb-16\\\/#primaryimage\",\"url\":\"https:\\\/\\\/www.mexicanguitarplayers.com\\\/wp-content\\\/uploads\\\/2022\\\/08\\\/VASKB1SKB16.png\",\"contentUrl\":\"https:\\\/\\\/www.mexicanguitarplayers.com\\\/wp-content\\\/uploads\\\/2022\\\/08\\\/VASKB1SKB16.png\",\"width\":1200,\"height\":1200},{\"@type\":\"BreadcrumbList\",\"@id\":\"https:\\\/\\\/www.mexicanguitarplayers.com\\\/tienda\\\/accesorios\\\/estuches-y-fundas\\\/para-guitarra\\\/para-guitarra-acustica\\\/estuche-skb-p-guit-acustica-1skb-16\\\/#breadcrumb\",\"itemListElement\":[{\"@type\":\"ListItem\",\"position\":1,\"name\":\"Portada\",\"item\":\"https:\\\/\\\/www.mexicanguitarplayers.com\\\/\"},{\"@type\":\"ListItem\",\"position\":2,\"name\":\"Tienda\",\"item\":\"https:\\\/\\\/www.mexicanguitarplayers.com\\\/tienda\\\/\"},{\"@type\":\"ListItem\",\"position\":3,\"name\":\"ESTUCHE SKB P\\\/GUIT. ACUSTICA 1SKB-16\"}]},{\"@type\":\"WebSite\",\"@id\":\"https:\\\/\\\/www.mexicanguitarplayers.com\\\/#website\",\"url\":\"https:\\\/\\\/www.mexicanguitarplayers.com\\\/\",\"name\":\"Mexican Guitar Players\",\"description\":\"Website\",\"publisher\":{\"@id\":\"https:\\\/\\\/www.mexicanguitarplayers.com\\\/#organization\"},\"potentialAction\":[{\"@type\":\"SearchAction\",\"target\":{\"@type\":\"EntryPoint\",\"urlTemplate\":\"https:\\\/\\\/www.mexicanguitarplayers.com\\\/?s={search_term_string}\"},\"query-input\":{\"@type\":\"PropertyValueSpecification\",\"valueRequired\":true,\"valueName\":\"search_term_string\"}}],\"inLanguage\":\"en-US\"},{\"@type\":\"Organization\",\"@id\":\"https:\\\/\\\/www.mexicanguitarplayers.com\\\/#organization\",\"name\":\"Mexican Guitar Players\",\"url\":\"https:\\\/\\\/www.mexicanguitarplayers.com\\\/\",\"logo\":{\"@type\":\"ImageObject\",\"inLanguage\":\"en-US\",\"@id\":\"https:\\\/\\\/www.mexicanguitarplayers.com\\\/#\\\/schema\\\/logo\\\/image\\\/\",\"url\":\"\",\"contentUrl\":\"\",\"caption\":\"Mexican Guitar Players\"},\"image\":{\"@id\":\"https:\\\/\\\/www.mexicanguitarplayers.com\\\/#\\\/schema\\\/logo\\\/image\\\/\"}}]}<\/script>\n<!-- \/ Yoast SEO plugin. -->","yoast_head_json":{"title":"ESTUCHE SKB P\/GUIT. ACUSTICA 1SKB-16 - Mexican Guitar Players","description":"ESTUCHE SKB P\/GUIT. ACUSTICA 1SKB-16. Estuche para guitarra ac\u00fastica, carcasa de estireno de caucho modificado de ingenier\u00eda propia, interior de espuma r\u00edgida EPS, seguros de liberaci\u00f3n patentados de fibra de vidrio reforzados con nylon, pestillos de bloqueo TSA, cenefa protegida, asa ergon\u00f3mica indestructible de caucho acolchado, soporte para el brazo de longitud completa, pies moldeados por inyecci\u00f3n, compartimento para accesorios, largo interior: 107.95 cm, largo exterior: 113.67 cm, ancho exterior: 50.17 cm, profundidad exterior: 17.78 cm, longitud del cuerpo del instrumento: 50.17 cm, profundidad del cuerpo del instrumento: 11.43 cm, parte ancha del instrumento: 40.01 cm, parte angosta del instrumento: 29.21 cm, profundidad en la tapa: 4.45 cm, profundidad en la base: 9.53 cm, peso: 4.31 kg.","robots":{"index":"index","follow":"follow","max-snippet":"max-snippet:-1","max-image-preview":"max-image-preview:large","max-video-preview":"max-video-preview:-1"},"canonical":"https:\/\/www.mexicanguitarplayers.com\/en\/tienda\/accesorios\/estuches-y-fundas\/para-guitarra\/para-guitarra-acustica\/estuche-skb-p-guit-acustica-1skb-16\/","og_locale":"en_US","og_type":"article","og_title":"ESTUCHE SKB P\/GUIT. ACUSTICA 1SKB-16 - Mexican Guitar Players","og_description":"ESTUCHE SKB P\/GUIT. ACUSTICA 1SKB-16. Estuche para guitarra ac\u00fastica, carcasa de estireno de caucho modificado de ingenier\u00eda propia, interior de espuma r\u00edgida EPS, seguros de liberaci\u00f3n patentados de fibra de vidrio reforzados con nylon, pestillos de bloqueo TSA, cenefa protegida, asa ergon\u00f3mica indestructible de caucho acolchado, soporte para el brazo de longitud completa, pies moldeados por inyecci\u00f3n, compartimento para accesorios, largo interior: 107.95 cm, largo exterior: 113.67 cm, ancho exterior: 50.17 cm, profundidad exterior: 17.78 cm, longitud del cuerpo del instrumento: 50.17 cm, profundidad del cuerpo del instrumento: 11.43 cm, parte ancha del instrumento: 40.01 cm, parte angosta del instrumento: 29.21 cm, profundidad en la tapa: 4.45 cm, profundidad en la base: 9.53 cm, peso: 4.31 kg.","og_url":"https:\/\/www.mexicanguitarplayers.com\/en\/tienda\/accesorios\/estuches-y-fundas\/para-guitarra\/para-guitarra-acustica\/estuche-skb-p-guit-acustica-1skb-16\/","og_site_name":"Mexican Guitar Players","article_modified_time":"2024-01-31T01:44:23+00:00","og_image":[{"width":1200,"height":1200,"url":"https:\/\/www.mexicanguitarplayers.com\/wp-content\/uploads\/2022\/08\/VASKB1SKB16.png","type":"image\/png"}],"twitter_card":"summary_large_image","twitter_misc":{"Est. reading time":"1 minute"},"schema":{"@context":"https:\/\/schema.org","@graph":[{"@type":["WebPage","ItemPage"],"@id":"https:\/\/www.mexicanguitarplayers.com\/tienda\/accesorios\/estuches-y-fundas\/para-guitarra\/para-guitarra-acustica\/estuche-skb-p-guit-acustica-1skb-16\/","url":"https:\/\/www.mexicanguitarplayers.com\/tienda\/accesorios\/estuches-y-fundas\/para-guitarra\/para-guitarra-acustica\/estuche-skb-p-guit-acustica-1skb-16\/","name":"ESTUCHE SKB P\/GUIT. ACUSTICA 1SKB-16 - Mexican Guitar Players","isPartOf":{"@id":"https:\/\/www.mexicanguitarplayers.com\/#website"},"primaryImageOfPage":{"@id":"https:\/\/www.mexicanguitarplayers.com\/tienda\/accesorios\/estuches-y-fundas\/para-guitarra\/para-guitarra-acustica\/estuche-skb-p-guit-acustica-1skb-16\/#primaryimage"},"image":{"@id":"https:\/\/www.mexicanguitarplayers.com\/tienda\/accesorios\/estuches-y-fundas\/para-guitarra\/para-guitarra-acustica\/estuche-skb-p-guit-acustica-1skb-16\/#primaryimage"},"thumbnailUrl":"https:\/\/www.mexicanguitarplayers.com\/wp-content\/uploads\/2022\/08\/VASKB1SKB16.png","datePublished":"2022-08-19T02:52:56+00:00","dateModified":"2024-01-31T01:44:23+00:00","description":"ESTUCHE SKB P\/GUIT. ACUSTICA 1SKB-16. Estuche para guitarra ac\u00fastica, carcasa de estireno de caucho modificado de ingenier\u00eda propia, interior de espuma r\u00edgida EPS, seguros de liberaci\u00f3n patentados de fibra de vidrio reforzados con nylon, pestillos de bloqueo TSA, cenefa protegida, asa ergon\u00f3mica indestructible de caucho acolchado, soporte para el brazo de longitud completa, pies moldeados por inyecci\u00f3n, compartimento para accesorios, largo interior: 107.95 cm, largo exterior: 113.67 cm, ancho exterior: 50.17 cm, profundidad exterior: 17.78 cm, longitud del cuerpo del instrumento: 50.17 cm, profundidad del cuerpo del instrumento: 11.43 cm, parte ancha del instrumento: 40.01 cm, parte angosta del instrumento: 29.21 cm, profundidad en la tapa: 4.45 cm, profundidad en la base: 9.53 cm, peso: 4.31 kg.","breadcrumb":{"@id":"https:\/\/www.mexicanguitarplayers.com\/tienda\/accesorios\/estuches-y-fundas\/para-guitarra\/para-guitarra-acustica\/estuche-skb-p-guit-acustica-1skb-16\/#breadcrumb"},"inLanguage":"en-US","potentialAction":[{"@type":"ReadAction","target":["https:\/\/www.mexicanguitarplayers.com\/tienda\/accesorios\/estuches-y-fundas\/para-guitarra\/para-guitarra-acustica\/estuche-skb-p-guit-acustica-1skb-16\/"]}]},{"@type":"ImageObject","inLanguage":"en-US","@id":"https:\/\/www.mexicanguitarplayers.com\/tienda\/accesorios\/estuches-y-fundas\/para-guitarra\/para-guitarra-acustica\/estuche-skb-p-guit-acustica-1skb-16\/#primaryimage","url":"https:\/\/www.mexicanguitarplayers.com\/wp-content\/uploads\/2022\/08\/VASKB1SKB16.png","contentUrl":"https:\/\/www.mexicanguitarplayers.com\/wp-content\/uploads\/2022\/08\/VASKB1SKB16.png","width":1200,"height":1200},{"@type":"BreadcrumbList","@id":"https:\/\/www.mexicanguitarplayers.com\/tienda\/accesorios\/estuches-y-fundas\/para-guitarra\/para-guitarra-acustica\/estuche-skb-p-guit-acustica-1skb-16\/#breadcrumb","itemListElement":[{"@type":"ListItem","position":1,"name":"Portada","item":"https:\/\/www.mexicanguitarplayers.com\/"},{"@type":"ListItem","position":2,"name":"Tienda","item":"https:\/\/www.mexicanguitarplayers.com\/tienda\/"},{"@type":"ListItem","position":3,"name":"ESTUCHE SKB P\/GUIT. ACUSTICA 1SKB-16"}]},{"@type":"WebSite","@id":"https:\/\/www.mexicanguitarplayers.com\/#website","url":"https:\/\/www.mexicanguitarplayers.com\/","name":"Mexican Guitar Players","description":"Website","publisher":{"@id":"https:\/\/www.mexicanguitarplayers.com\/#organization"},"potentialAction":[{"@type":"SearchAction","target":{"@type":"EntryPoint","urlTemplate":"https:\/\/www.mexicanguitarplayers.com\/?s={search_term_string}"},"query-input":{"@type":"PropertyValueSpecification","valueRequired":true,"valueName":"search_term_string"}}],"inLanguage":"en-US"},{"@type":"Organization","@id":"https:\/\/www.mexicanguitarplayers.com\/#organization","name":"Mexican Guitar Players","url":"https:\/\/www.mexicanguitarplayers.com\/","logo":{"@type":"ImageObject","inLanguage":"en-US","@id":"https:\/\/www.mexicanguitarplayers.com\/#\/schema\/logo\/image\/","url":"","contentUrl":"","caption":"Mexican Guitar Players"},"image":{"@id":"https:\/\/www.mexicanguitarplayers.com\/#\/schema\/logo\/image\/"}}]}},"brands":[{"id":609,"name":"SKB","slug":"skb"}],"_links":{"self":[{"href":"https:\/\/www.mexicanguitarplayers.com\/en\/wp-json\/wp\/v2\/product\/20947","targetHints":{"allow":["GET"]}}],"collection":[{"href":"https:\/\/www.mexicanguitarplayers.com\/en\/wp-json\/wp\/v2\/product"}],"about":[{"href":"https:\/\/www.mexicanguitarplayers.com\/en\/wp-json\/wp\/v2\/types\/product"}],"replies":[{"embeddable":true,"href":"https:\/\/www.mexicanguitarplayers.com\/en\/wp-json\/wp\/v2\/comments?post=20947"}],"wp:featuredmedia":[{"embeddable":true,"href":"https:\/\/www.mexicanguitarplayers.com\/en\/wp-json\/wp\/v2\/media\/20943"}],"wp:attachment":[{"href":"https:\/\/www.mexicanguitarplayers.com\/en\/wp-json\/wp\/v2\/media?parent=20947"}],"wp:term":[{"taxonomy":"pwb-brand","embeddable":true,"href":"https:\/\/www.mexicanguitarplayers.com\/en\/wp-json\/wp\/v2\/pwb-brand?post=20947"},{"taxonomy":"product_brand","embeddable":true,"href":"https:\/\/www.mexicanguitarplayers.com\/en\/wp-json\/wp\/v2\/product_brand?post=20947"},{"taxonomy":"product_cat","embeddable":true,"href":"https:\/\/www.mexicanguitarplayers.com\/en\/wp-json\/wp\/v2\/product_cat?post=20947"},{"taxonomy":"product_tag","embeddable":true,"href":"https:\/\/www.mexicanguitarplayers.com\/en\/wp-json\/wp\/v2\/product_tag?post=20947"}],"curies":[{"name":"wp","href":"https:\/\/api.w.org\/{rel}","templated":true}]}}