{"id":20980,"date":"2022-08-18T21:54:05","date_gmt":"2022-08-19T02:54:05","guid":{"rendered":"https:\/\/www.mexicanguitarplayers.com\/tienda\/sin%20categor\u00eda\/rack-skb-10-espacios-1skb-r104w\/"},"modified":"2026-04-10T04:51:02","modified_gmt":"2026-04-10T10:51:02","slug":"rack-skb-10-espacios-1skb-r104w","status":"publish","type":"product","link":"https:\/\/www.mexicanguitarplayers.com\/en\/tienda\/accesorios\/para-audio\/rack\/rack-skb-10-espacios-1skb-r104w\/","title":{"rendered":"RACK SKB 10 SPACES 1SKB-R104W"},"content":{"rendered":"<div style=\"text-align: justify\">\n<div>\n<h3>RACK SKB 10 SPACES 1SKB-R104W<\/h3>\n<\/div>\n<div>Roto-molded linear medium-density polyethylene (LMDPE) rack for maximum impact resistance, 10U 7\u00b0 degree angled top threaded steel rails for secure mounting of popular mixers and DJ controllers, top and doors are injection molded, 4U vertical threaded steel rails in front, two removable side access plugs, exterior length: 27.75&quot; inches (70.49 cm), exterior width: 23&quot; inches (58.42 cm), exterior depth : 19.25\u201d inches (48.90 cm), Top Rack Units: 10, Rear Rack Units: 4, Rail-to-Rail Rack Depth: 20.50\u201d inches (52.07 cm), Front Rail Rack Depth to back cover: 23\u201d inches (58.42 cm), weight: 15.42 kg.<\/div>\n<\/div>","protected":false},"excerpt":{"rendered":"<p>Rack roto moldeado de polietileno de densidad media lineal (LMDPE) para una m\u00e1xima resistencia a los impactos, rieles de acero con rosca superior en \u00e1ngulo de 10U y 7\u00b0 grados para un montaje seguro de mezcladoras populares y controladores de DJ, la parte superior y las puertas est\u00e1n moldeadas por inyecci\u00f3n, rieles de acero roscado vertical de 4U en la parte delantera, dos tapones extra\u00edbles de acceso lateral, longitud exterior: 27.75\u201d pulgadas (70.49 cm), ancho exterior: 23\u201d pulgadas (58.42 cm), profundidad exterior: 19.25\u201d pulgadas (48.90 cm), unidades de rack en la parte superior: 10, unidades de rack en la parte posterior: 4, profundidad de rack riel a riel: 20.50\u201d pulgadas (52.07 cm), profundidad de rack de riel delantero a la tapa posterior: 23\u201d pulgadas (58.42 cm), peso: 15.42 kg.&hellip; <a class=\"kt-excerpt-readmore more-link\" href=\"https:\/\/www.mexicanguitarplayers.com\/en\/tienda\/accesorios\/para-audio\/rack\/rack-skb-10-espacios-1skb-r104w\/\">Read more<\/a><\/p>","protected":false},"featured_media":20979,"comment_status":"open","ping_status":"closed","template":"","meta":{"kt_blocks_editor_width":""},"pwb-brand":[609],"product_brand":[],"product_cat":[85,410,411],"product_tag":[],"class_list":{"0":"post-20980","1":"product","2":"type-product","3":"status-publish","4":"has-post-thumbnail","6":"pwb-brand-skb","7":"product_cat-accesorios","8":"product_cat-para-audio","9":"product_cat-rack","10":"product_shipping_class-25-30-kg","12":"first","13":"outofstock","14":"taxable","15":"shipping-taxable","16":"purchasable","17":"product-type-simple"},"yoast_head":"<!-- This site is optimized with the Yoast SEO plugin v27.5 - https:\/\/yoast.com\/product\/yoast-seo-wordpress\/ -->\n<title>RACK SKB 10 ESPACIOS 1SKB-R104W - Mexican Guitar Players<\/title>\n<meta name=\"description\" content=\"RACK SKB 10 ESPACIOS 1SKB-R104W. Rack roto moldeado de polietileno de densidad media lineal (LMDPE) para una m\u00e1xima resistencia a los impactos, rieles de acero con rosca superior en \u00e1ngulo de 10U y 7\u00b0 grados para un montaje seguro de mezcladoras populares y controladores de DJ, la parte superior y las puertas est\u00e1n moldeadas por inyecci\u00f3n, rieles de acero roscado vertical de 4U en la parte delantera, dos tapones extra\u00edbles de acceso lateral, longitud exterior: 27.75\u201d pulgadas (70.49 cm), ancho exterior: 23\u201d pulgadas (58.42 cm), profundidad exterior: 19.25\u201d pulgadas (48.90 cm), unidades de rack en la parte superior: 10, unidades de rack en la parte posterior: 4, profundidad de rack riel a riel: 20.50\u201d pulgadas (52.07 cm), profundidad de rack de riel delantero a la tapa posterior: 23\u201d pulgadas (58.42 cm), peso: 15.42 kg.\" \/>\n<meta name=\"robots\" content=\"index, follow, max-snippet:-1, max-image-preview:large, max-video-preview:-1\" \/>\n<link rel=\"canonical\" href=\"https:\/\/www.mexicanguitarplayers.com\/en\/tienda\/accesorios\/para-audio\/rack\/rack-skb-10-espacios-1skb-r104w\/\" \/>\n<meta property=\"og:locale\" content=\"en_US\" \/>\n<meta property=\"og:type\" content=\"article\" \/>\n<meta property=\"og:title\" content=\"RACK SKB 10 ESPACIOS 1SKB-R104W - Mexican Guitar Players\" \/>\n<meta property=\"og:description\" content=\"RACK SKB 10 ESPACIOS 1SKB-R104W. Rack roto moldeado de polietileno de densidad media lineal (LMDPE) para una m\u00e1xima resistencia a los impactos, rieles de acero con rosca superior en \u00e1ngulo de 10U y 7\u00b0 grados para un montaje seguro de mezcladoras populares y controladores de DJ, la parte superior y las puertas est\u00e1n moldeadas por inyecci\u00f3n, rieles de acero roscado vertical de 4U en la parte delantera, dos tapones extra\u00edbles de acceso lateral, longitud exterior: 27.75\u201d pulgadas (70.49 cm), ancho exterior: 23\u201d pulgadas (58.42 cm), profundidad exterior: 19.25\u201d pulgadas (48.90 cm), unidades de rack en la parte superior: 10, unidades de rack en la parte posterior: 4, profundidad de rack riel a riel: 20.50\u201d pulgadas (52.07 cm), profundidad de rack de riel delantero a la tapa posterior: 23\u201d pulgadas (58.42 cm), peso: 15.42 kg.\" \/>\n<meta property=\"og:url\" content=\"https:\/\/www.mexicanguitarplayers.com\/en\/tienda\/accesorios\/para-audio\/rack\/rack-skb-10-espacios-1skb-r104w\/\" \/>\n<meta property=\"og:site_name\" content=\"Mexican Guitar Players\" \/>\n<meta property=\"article:modified_time\" content=\"2026-04-10T10:51:02+00:00\" \/>\n<meta property=\"og:image\" content=\"https:\/\/www.mexicanguitarplayers.com\/wp-content\/uploads\/2022\/08\/VASKB1SKBR104W.jpg\" \/>\n\t<meta property=\"og:image:width\" content=\"1200\" \/>\n\t<meta property=\"og:image:height\" content=\"1200\" \/>\n\t<meta property=\"og:image:type\" content=\"image\/jpeg\" \/>\n<meta name=\"twitter:card\" content=\"summary_large_image\" \/>\n<meta name=\"twitter:label1\" content=\"Est. reading time\" \/>\n\t<meta name=\"twitter:data1\" content=\"1 minute\" \/>\n<script type=\"application\/ld+json\" class=\"yoast-schema-graph\">{\"@context\":\"https:\\\/\\\/schema.org\",\"@graph\":[{\"@type\":[\"WebPage\",\"ItemPage\"],\"@id\":\"https:\\\/\\\/www.mexicanguitarplayers.com\\\/tienda\\\/accesorios\\\/para-audio\\\/rack\\\/rack-skb-10-espacios-1skb-r104w\\\/\",\"url\":\"https:\\\/\\\/www.mexicanguitarplayers.com\\\/tienda\\\/accesorios\\\/para-audio\\\/rack\\\/rack-skb-10-espacios-1skb-r104w\\\/\",\"name\":\"RACK SKB 10 ESPACIOS 1SKB-R104W - Mexican Guitar Players\",\"isPartOf\":{\"@id\":\"https:\\\/\\\/www.mexicanguitarplayers.com\\\/#website\"},\"primaryImageOfPage\":{\"@id\":\"https:\\\/\\\/www.mexicanguitarplayers.com\\\/tienda\\\/accesorios\\\/para-audio\\\/rack\\\/rack-skb-10-espacios-1skb-r104w\\\/#primaryimage\"},\"image\":{\"@id\":\"https:\\\/\\\/www.mexicanguitarplayers.com\\\/tienda\\\/accesorios\\\/para-audio\\\/rack\\\/rack-skb-10-espacios-1skb-r104w\\\/#primaryimage\"},\"thumbnailUrl\":\"https:\\\/\\\/www.mexicanguitarplayers.com\\\/wp-content\\\/uploads\\\/2022\\\/08\\\/VASKB1SKBR104W.jpg\",\"datePublished\":\"2022-08-19T02:54:05+00:00\",\"dateModified\":\"2026-04-10T10:51:02+00:00\",\"description\":\"RACK SKB 10 ESPACIOS 1SKB-R104W. Rack roto moldeado de polietileno de densidad media lineal (LMDPE) para una m\u00e1xima resistencia a los impactos, rieles de acero con rosca superior en \u00e1ngulo de 10U y 7\u00b0 grados para un montaje seguro de mezcladoras populares y controladores de DJ, la parte superior y las puertas est\u00e1n moldeadas por inyecci\u00f3n, rieles de acero roscado vertical de 4U en la parte delantera, dos tapones extra\u00edbles de acceso lateral, longitud exterior: 27.75\u201d pulgadas (70.49 cm), ancho exterior: 23\u201d pulgadas (58.42 cm), profundidad exterior: 19.25\u201d pulgadas (48.90 cm), unidades de rack en la parte superior: 10, unidades de rack en la parte posterior: 4, profundidad de rack riel a riel: 20.50\u201d pulgadas (52.07 cm), profundidad de rack de riel delantero a la tapa posterior: 23\u201d pulgadas (58.42 cm), peso: 15.42 kg.\",\"breadcrumb\":{\"@id\":\"https:\\\/\\\/www.mexicanguitarplayers.com\\\/tienda\\\/accesorios\\\/para-audio\\\/rack\\\/rack-skb-10-espacios-1skb-r104w\\\/#breadcrumb\"},\"inLanguage\":\"en-US\",\"potentialAction\":[{\"@type\":\"ReadAction\",\"target\":[\"https:\\\/\\\/www.mexicanguitarplayers.com\\\/tienda\\\/accesorios\\\/para-audio\\\/rack\\\/rack-skb-10-espacios-1skb-r104w\\\/\"]}]},{\"@type\":\"ImageObject\",\"inLanguage\":\"en-US\",\"@id\":\"https:\\\/\\\/www.mexicanguitarplayers.com\\\/tienda\\\/accesorios\\\/para-audio\\\/rack\\\/rack-skb-10-espacios-1skb-r104w\\\/#primaryimage\",\"url\":\"https:\\\/\\\/www.mexicanguitarplayers.com\\\/wp-content\\\/uploads\\\/2022\\\/08\\\/VASKB1SKBR104W.jpg\",\"contentUrl\":\"https:\\\/\\\/www.mexicanguitarplayers.com\\\/wp-content\\\/uploads\\\/2022\\\/08\\\/VASKB1SKBR104W.jpg\",\"width\":1200,\"height\":1200},{\"@type\":\"BreadcrumbList\",\"@id\":\"https:\\\/\\\/www.mexicanguitarplayers.com\\\/tienda\\\/accesorios\\\/para-audio\\\/rack\\\/rack-skb-10-espacios-1skb-r104w\\\/#breadcrumb\",\"itemListElement\":[{\"@type\":\"ListItem\",\"position\":1,\"name\":\"Portada\",\"item\":\"https:\\\/\\\/www.mexicanguitarplayers.com\\\/\"},{\"@type\":\"ListItem\",\"position\":2,\"name\":\"Tienda\",\"item\":\"https:\\\/\\\/www.mexicanguitarplayers.com\\\/tienda\\\/\"},{\"@type\":\"ListItem\",\"position\":3,\"name\":\"RACK SKB 10 ESPACIOS 1SKB-R104W\"}]},{\"@type\":\"WebSite\",\"@id\":\"https:\\\/\\\/www.mexicanguitarplayers.com\\\/#website\",\"url\":\"https:\\\/\\\/www.mexicanguitarplayers.com\\\/\",\"name\":\"Mexican Guitar Players\",\"description\":\"Website\",\"publisher\":{\"@id\":\"https:\\\/\\\/www.mexicanguitarplayers.com\\\/#organization\"},\"potentialAction\":[{\"@type\":\"SearchAction\",\"target\":{\"@type\":\"EntryPoint\",\"urlTemplate\":\"https:\\\/\\\/www.mexicanguitarplayers.com\\\/?s={search_term_string}\"},\"query-input\":{\"@type\":\"PropertyValueSpecification\",\"valueRequired\":true,\"valueName\":\"search_term_string\"}}],\"inLanguage\":\"en-US\"},{\"@type\":\"Organization\",\"@id\":\"https:\\\/\\\/www.mexicanguitarplayers.com\\\/#organization\",\"name\":\"Mexican Guitar Players\",\"url\":\"https:\\\/\\\/www.mexicanguitarplayers.com\\\/\",\"logo\":{\"@type\":\"ImageObject\",\"inLanguage\":\"en-US\",\"@id\":\"https:\\\/\\\/www.mexicanguitarplayers.com\\\/#\\\/schema\\\/logo\\\/image\\\/\",\"url\":\"\",\"contentUrl\":\"\",\"caption\":\"Mexican Guitar Players\"},\"image\":{\"@id\":\"https:\\\/\\\/www.mexicanguitarplayers.com\\\/#\\\/schema\\\/logo\\\/image\\\/\"}}]}<\/script>\n<!-- \/ Yoast SEO plugin. -->","yoast_head_json":{"title":"RACK SKB 10 ESPACIOS 1SKB-R104W - Mexican Guitar Players","description":"RACK SKB 10 ESPACIOS 1SKB-R104W. Rack roto moldeado de polietileno de densidad media lineal (LMDPE) para una m\u00e1xima resistencia a los impactos, rieles de acero con rosca superior en \u00e1ngulo de 10U y 7\u00b0 grados para un montaje seguro de mezcladoras populares y controladores de DJ, la parte superior y las puertas est\u00e1n moldeadas por inyecci\u00f3n, rieles de acero roscado vertical de 4U en la parte delantera, dos tapones extra\u00edbles de acceso lateral, longitud exterior: 27.75\u201d pulgadas (70.49 cm), ancho exterior: 23\u201d pulgadas (58.42 cm), profundidad exterior: 19.25\u201d pulgadas (48.90 cm), unidades de rack en la parte superior: 10, unidades de rack en la parte posterior: 4, profundidad de rack riel a riel: 20.50\u201d pulgadas (52.07 cm), profundidad de rack de riel delantero a la tapa posterior: 23\u201d pulgadas (58.42 cm), peso: 15.42 kg.","robots":{"index":"index","follow":"follow","max-snippet":"max-snippet:-1","max-image-preview":"max-image-preview:large","max-video-preview":"max-video-preview:-1"},"canonical":"https:\/\/www.mexicanguitarplayers.com\/en\/tienda\/accesorios\/para-audio\/rack\/rack-skb-10-espacios-1skb-r104w\/","og_locale":"en_US","og_type":"article","og_title":"RACK SKB 10 ESPACIOS 1SKB-R104W - Mexican Guitar Players","og_description":"RACK SKB 10 ESPACIOS 1SKB-R104W. Rack roto moldeado de polietileno de densidad media lineal (LMDPE) para una m\u00e1xima resistencia a los impactos, rieles de acero con rosca superior en \u00e1ngulo de 10U y 7\u00b0 grados para un montaje seguro de mezcladoras populares y controladores de DJ, la parte superior y las puertas est\u00e1n moldeadas por inyecci\u00f3n, rieles de acero roscado vertical de 4U en la parte delantera, dos tapones extra\u00edbles de acceso lateral, longitud exterior: 27.75\u201d pulgadas (70.49 cm), ancho exterior: 23\u201d pulgadas (58.42 cm), profundidad exterior: 19.25\u201d pulgadas (48.90 cm), unidades de rack en la parte superior: 10, unidades de rack en la parte posterior: 4, profundidad de rack riel a riel: 20.50\u201d pulgadas (52.07 cm), profundidad de rack de riel delantero a la tapa posterior: 23\u201d pulgadas (58.42 cm), peso: 15.42 kg.","og_url":"https:\/\/www.mexicanguitarplayers.com\/en\/tienda\/accesorios\/para-audio\/rack\/rack-skb-10-espacios-1skb-r104w\/","og_site_name":"Mexican Guitar Players","article_modified_time":"2026-04-10T10:51:02+00:00","og_image":[{"width":1200,"height":1200,"url":"https:\/\/www.mexicanguitarplayers.com\/wp-content\/uploads\/2022\/08\/VASKB1SKBR104W.jpg","type":"image\/jpeg"}],"twitter_card":"summary_large_image","twitter_misc":{"Est. reading time":"1 minute"},"schema":{"@context":"https:\/\/schema.org","@graph":[{"@type":["WebPage","ItemPage"],"@id":"https:\/\/www.mexicanguitarplayers.com\/tienda\/accesorios\/para-audio\/rack\/rack-skb-10-espacios-1skb-r104w\/","url":"https:\/\/www.mexicanguitarplayers.com\/tienda\/accesorios\/para-audio\/rack\/rack-skb-10-espacios-1skb-r104w\/","name":"RACK SKB 10 ESPACIOS 1SKB-R104W - Mexican Guitar Players","isPartOf":{"@id":"https:\/\/www.mexicanguitarplayers.com\/#website"},"primaryImageOfPage":{"@id":"https:\/\/www.mexicanguitarplayers.com\/tienda\/accesorios\/para-audio\/rack\/rack-skb-10-espacios-1skb-r104w\/#primaryimage"},"image":{"@id":"https:\/\/www.mexicanguitarplayers.com\/tienda\/accesorios\/para-audio\/rack\/rack-skb-10-espacios-1skb-r104w\/#primaryimage"},"thumbnailUrl":"https:\/\/www.mexicanguitarplayers.com\/wp-content\/uploads\/2022\/08\/VASKB1SKBR104W.jpg","datePublished":"2022-08-19T02:54:05+00:00","dateModified":"2026-04-10T10:51:02+00:00","description":"RACK SKB 10 ESPACIOS 1SKB-R104W. Rack roto moldeado de polietileno de densidad media lineal (LMDPE) para una m\u00e1xima resistencia a los impactos, rieles de acero con rosca superior en \u00e1ngulo de 10U y 7\u00b0 grados para un montaje seguro de mezcladoras populares y controladores de DJ, la parte superior y las puertas est\u00e1n moldeadas por inyecci\u00f3n, rieles de acero roscado vertical de 4U en la parte delantera, dos tapones extra\u00edbles de acceso lateral, longitud exterior: 27.75\u201d pulgadas (70.49 cm), ancho exterior: 23\u201d pulgadas (58.42 cm), profundidad exterior: 19.25\u201d pulgadas (48.90 cm), unidades de rack en la parte superior: 10, unidades de rack en la parte posterior: 4, profundidad de rack riel a riel: 20.50\u201d pulgadas (52.07 cm), profundidad de rack de riel delantero a la tapa posterior: 23\u201d pulgadas (58.42 cm), peso: 15.42 kg.","breadcrumb":{"@id":"https:\/\/www.mexicanguitarplayers.com\/tienda\/accesorios\/para-audio\/rack\/rack-skb-10-espacios-1skb-r104w\/#breadcrumb"},"inLanguage":"en-US","potentialAction":[{"@type":"ReadAction","target":["https:\/\/www.mexicanguitarplayers.com\/tienda\/accesorios\/para-audio\/rack\/rack-skb-10-espacios-1skb-r104w\/"]}]},{"@type":"ImageObject","inLanguage":"en-US","@id":"https:\/\/www.mexicanguitarplayers.com\/tienda\/accesorios\/para-audio\/rack\/rack-skb-10-espacios-1skb-r104w\/#primaryimage","url":"https:\/\/www.mexicanguitarplayers.com\/wp-content\/uploads\/2022\/08\/VASKB1SKBR104W.jpg","contentUrl":"https:\/\/www.mexicanguitarplayers.com\/wp-content\/uploads\/2022\/08\/VASKB1SKBR104W.jpg","width":1200,"height":1200},{"@type":"BreadcrumbList","@id":"https:\/\/www.mexicanguitarplayers.com\/tienda\/accesorios\/para-audio\/rack\/rack-skb-10-espacios-1skb-r104w\/#breadcrumb","itemListElement":[{"@type":"ListItem","position":1,"name":"Portada","item":"https:\/\/www.mexicanguitarplayers.com\/"},{"@type":"ListItem","position":2,"name":"Tienda","item":"https:\/\/www.mexicanguitarplayers.com\/tienda\/"},{"@type":"ListItem","position":3,"name":"RACK SKB 10 ESPACIOS 1SKB-R104W"}]},{"@type":"WebSite","@id":"https:\/\/www.mexicanguitarplayers.com\/#website","url":"https:\/\/www.mexicanguitarplayers.com\/","name":"Mexican Guitar Players","description":"Website","publisher":{"@id":"https:\/\/www.mexicanguitarplayers.com\/#organization"},"potentialAction":[{"@type":"SearchAction","target":{"@type":"EntryPoint","urlTemplate":"https:\/\/www.mexicanguitarplayers.com\/?s={search_term_string}"},"query-input":{"@type":"PropertyValueSpecification","valueRequired":true,"valueName":"search_term_string"}}],"inLanguage":"en-US"},{"@type":"Organization","@id":"https:\/\/www.mexicanguitarplayers.com\/#organization","name":"Mexican Guitar Players","url":"https:\/\/www.mexicanguitarplayers.com\/","logo":{"@type":"ImageObject","inLanguage":"en-US","@id":"https:\/\/www.mexicanguitarplayers.com\/#\/schema\/logo\/image\/","url":"","contentUrl":"","caption":"Mexican Guitar Players"},"image":{"@id":"https:\/\/www.mexicanguitarplayers.com\/#\/schema\/logo\/image\/"}}]}},"brands":[{"id":609,"name":"SKB","slug":"skb"}],"_links":{"self":[{"href":"https:\/\/www.mexicanguitarplayers.com\/en\/wp-json\/wp\/v2\/product\/20980","targetHints":{"allow":["GET"]}}],"collection":[{"href":"https:\/\/www.mexicanguitarplayers.com\/en\/wp-json\/wp\/v2\/product"}],"about":[{"href":"https:\/\/www.mexicanguitarplayers.com\/en\/wp-json\/wp\/v2\/types\/product"}],"replies":[{"embeddable":true,"href":"https:\/\/www.mexicanguitarplayers.com\/en\/wp-json\/wp\/v2\/comments?post=20980"}],"wp:featuredmedia":[{"embeddable":true,"href":"https:\/\/www.mexicanguitarplayers.com\/en\/wp-json\/wp\/v2\/media\/20979"}],"wp:attachment":[{"href":"https:\/\/www.mexicanguitarplayers.com\/en\/wp-json\/wp\/v2\/media?parent=20980"}],"wp:term":[{"taxonomy":"pwb-brand","embeddable":true,"href":"https:\/\/www.mexicanguitarplayers.com\/en\/wp-json\/wp\/v2\/pwb-brand?post=20980"},{"taxonomy":"product_brand","embeddable":true,"href":"https:\/\/www.mexicanguitarplayers.com\/en\/wp-json\/wp\/v2\/product_brand?post=20980"},{"taxonomy":"product_cat","embeddable":true,"href":"https:\/\/www.mexicanguitarplayers.com\/en\/wp-json\/wp\/v2\/product_cat?post=20980"},{"taxonomy":"product_tag","embeddable":true,"href":"https:\/\/www.mexicanguitarplayers.com\/en\/wp-json\/wp\/v2\/product_tag?post=20980"}],"curies":[{"name":"wp","href":"https:\/\/api.w.org\/{rel}","templated":true}]}}