{"id":21020,"date":"2022-08-18T21:55:02","date_gmt":"2022-08-19T02:55:02","guid":{"rendered":"https:\/\/www.mexicanguitarplayers.com\/tienda\/sin%20categor\u00eda\/rack-skb-6-espacios-1skb-r6uw\/"},"modified":"2026-04-16T22:15:04","modified_gmt":"2026-04-17T04:15:04","slug":"rack-skb-6-espacios-1skb-r6uw","status":"publish","type":"product","link":"https:\/\/www.mexicanguitarplayers.com\/en\/tienda\/accesorios\/para-audio\/rack\/rack-skb-6-espacios-1skb-r6uw\/","title":{"rendered":"RACK SKB 6 SPACES 1SKB-R6UW"},"content":{"rendered":"<div style=\"text-align: justify\">\n<div>\n<h3>RACK SKB 6 SPACES 1SKB-R6UW<\/h3>\n<\/div>\n<div>6-Space Rack, New Design with One-Touch Handle and Back Lid-Mounted Casters, Stacks Easily with Our Existing Standard and Shallow Racks, Four Military-Grade Butterfly Latches, Threaded Steel Rails, Back Rails Included, Latches Military Grade Butterfly, Weatherproof Gasket, Rear Access Door, Low Profile Handle, Inside Width: 19&quot; Inside Height: 10.5&quot;, Outside Depth: 27.5&quot;, Outside Width: 22.5&quot;, Outside Height: 14.5&quot;, Depth of rack rail to rail: 18 in., rack depth front rail to back lid: 20.0 in., lid depth: 1.5 in., weight: 26 lbs.<\/div>\n<\/div>","protected":false},"excerpt":{"rendered":"<p>Rack de 6 espacios, nuevo dise\u00f1o con asa de un toque y ruedas montadas en tapa trasera, se apila f\u00e1cilmente con nuestros racks existentes est\u00e1ndar y poco profundos, cuatro pestillos de mariposa de grado militar, rieles de acero enroscados, rieles traseros incluidos, cierres de mariposa de grado miliar, junta impermeable, puerta de acceso trasera, mango de bajo perfil, ancho interior: 48.26 cm, altura interior: 26.67 cm, profundidad exterior: 67.31 cm, ancho exterior: 57.15 cm, altura exterior: 37.47 cm, profundidad de rack riel a riel: 45.09 cm, profundidad de rack de riel delantero a tapa trasera: 52.07 cm, profundidad de la tapa: 3.81 cm, peso: 11.79 kg.&hellip; <a class=\"kt-excerpt-readmore more-link\" href=\"https:\/\/www.mexicanguitarplayers.com\/en\/tienda\/accesorios\/para-audio\/rack\/rack-skb-6-espacios-1skb-r6uw\/\">Read more<\/a><\/p>","protected":false},"featured_media":21015,"comment_status":"open","ping_status":"closed","template":"","meta":{"kt_blocks_editor_width":""},"pwb-brand":[609],"product_brand":[],"product_cat":[85,410,411],"product_tag":[],"class_list":{"0":"post-21020","1":"product","2":"type-product","3":"status-publish","4":"has-post-thumbnail","6":"pwb-brand-skb","7":"product_cat-accesorios","8":"product_cat-para-audio","9":"product_cat-rack","10":"product_shipping_class-25-30-kg","12":"first","13":"instock","14":"taxable","15":"shipping-taxable","16":"purchasable","17":"product-type-simple"},"yoast_head":"<!-- This site is optimized with the Yoast SEO plugin v27.5 - https:\/\/yoast.com\/product\/yoast-seo-wordpress\/ -->\n<title>RACK SKB 6 ESPACIOS 1SKB-R6UW - Mexican Guitar Players<\/title>\n<meta name=\"description\" content=\"RACK SKB 6 ESPACIOS 1SKB-R6UW. Rack de 6 espacios, nuevo dise\u00f1o con asa de un toque y ruedas montadas en tapa trasera, se apila f\u00e1cilmente con nuestros racks existentes est\u00e1ndar y poco profundos, cuatro pestillos de mariposa de grado militar, rieles de acero enroscados, rieles traseros incluidos, cierres de mariposa de grado miliar, junta impermeable, puerta de acceso trasera, mango de bajo perfil, ancho interior: 48.26 cm, altura interior: 26.67 cm, profundidad exterior: 67.31 cm, ancho exterior: 57.15 cm, altura exterior: 37.47 cm, profundidad de rack riel a riel: 45.09 cm, profundidad de rack de riel delantero a tapa trasera: 52.07 cm, profundidad de la tapa: 3.81 cm, peso: 11.79 kg.\" \/>\n<meta name=\"robots\" content=\"index, follow, max-snippet:-1, max-image-preview:large, max-video-preview:-1\" \/>\n<link rel=\"canonical\" href=\"https:\/\/www.mexicanguitarplayers.com\/en\/tienda\/accesorios\/para-audio\/rack\/rack-skb-6-espacios-1skb-r6uw\/\" \/>\n<meta property=\"og:locale\" content=\"en_US\" \/>\n<meta property=\"og:type\" content=\"article\" \/>\n<meta property=\"og:title\" content=\"RACK SKB 6 ESPACIOS 1SKB-R6UW - Mexican Guitar Players\" \/>\n<meta property=\"og:description\" content=\"RACK SKB 6 ESPACIOS 1SKB-R6UW. Rack de 6 espacios, nuevo dise\u00f1o con asa de un toque y ruedas montadas en tapa trasera, se apila f\u00e1cilmente con nuestros racks existentes est\u00e1ndar y poco profundos, cuatro pestillos de mariposa de grado militar, rieles de acero enroscados, rieles traseros incluidos, cierres de mariposa de grado miliar, junta impermeable, puerta de acceso trasera, mango de bajo perfil, ancho interior: 48.26 cm, altura interior: 26.67 cm, profundidad exterior: 67.31 cm, ancho exterior: 57.15 cm, altura exterior: 37.47 cm, profundidad de rack riel a riel: 45.09 cm, profundidad de rack de riel delantero a tapa trasera: 52.07 cm, profundidad de la tapa: 3.81 cm, peso: 11.79 kg.\" \/>\n<meta property=\"og:url\" content=\"https:\/\/www.mexicanguitarplayers.com\/en\/tienda\/accesorios\/para-audio\/rack\/rack-skb-6-espacios-1skb-r6uw\/\" \/>\n<meta property=\"og:site_name\" content=\"Mexican Guitar Players\" \/>\n<meta property=\"article:modified_time\" content=\"2026-04-17T04:15:04+00:00\" \/>\n<meta property=\"og:image\" content=\"https:\/\/www.mexicanguitarplayers.com\/wp-content\/uploads\/2022\/08\/VASKB1SKBR6UW.jpg\" \/>\n\t<meta property=\"og:image:width\" content=\"1200\" \/>\n\t<meta property=\"og:image:height\" content=\"1200\" \/>\n\t<meta property=\"og:image:type\" content=\"image\/jpeg\" \/>\n<meta name=\"twitter:card\" content=\"summary_large_image\" \/>\n<meta name=\"twitter:label1\" content=\"Est. reading time\" \/>\n\t<meta name=\"twitter:data1\" content=\"1 minute\" \/>\n<script type=\"application\/ld+json\" class=\"yoast-schema-graph\">{\"@context\":\"https:\\\/\\\/schema.org\",\"@graph\":[{\"@type\":[\"WebPage\",\"ItemPage\"],\"@id\":\"https:\\\/\\\/www.mexicanguitarplayers.com\\\/tienda\\\/accesorios\\\/para-audio\\\/rack\\\/rack-skb-6-espacios-1skb-r6uw\\\/\",\"url\":\"https:\\\/\\\/www.mexicanguitarplayers.com\\\/tienda\\\/accesorios\\\/para-audio\\\/rack\\\/rack-skb-6-espacios-1skb-r6uw\\\/\",\"name\":\"RACK SKB 6 ESPACIOS 1SKB-R6UW - Mexican Guitar Players\",\"isPartOf\":{\"@id\":\"https:\\\/\\\/www.mexicanguitarplayers.com\\\/#website\"},\"primaryImageOfPage\":{\"@id\":\"https:\\\/\\\/www.mexicanguitarplayers.com\\\/tienda\\\/accesorios\\\/para-audio\\\/rack\\\/rack-skb-6-espacios-1skb-r6uw\\\/#primaryimage\"},\"image\":{\"@id\":\"https:\\\/\\\/www.mexicanguitarplayers.com\\\/tienda\\\/accesorios\\\/para-audio\\\/rack\\\/rack-skb-6-espacios-1skb-r6uw\\\/#primaryimage\"},\"thumbnailUrl\":\"https:\\\/\\\/www.mexicanguitarplayers.com\\\/wp-content\\\/uploads\\\/2022\\\/08\\\/VASKB1SKBR6UW.jpg\",\"datePublished\":\"2022-08-19T02:55:02+00:00\",\"dateModified\":\"2026-04-17T04:15:04+00:00\",\"description\":\"RACK SKB 6 ESPACIOS 1SKB-R6UW. Rack de 6 espacios, nuevo dise\u00f1o con asa de un toque y ruedas montadas en tapa trasera, se apila f\u00e1cilmente con nuestros racks existentes est\u00e1ndar y poco profundos, cuatro pestillos de mariposa de grado militar, rieles de acero enroscados, rieles traseros incluidos, cierres de mariposa de grado miliar, junta impermeable, puerta de acceso trasera, mango de bajo perfil, ancho interior: 48.26 cm, altura interior: 26.67 cm, profundidad exterior: 67.31 cm, ancho exterior: 57.15 cm, altura exterior: 37.47 cm, profundidad de rack riel a riel: 45.09 cm, profundidad de rack de riel delantero a tapa trasera: 52.07 cm, profundidad de la tapa: 3.81 cm, peso: 11.79 kg.\",\"breadcrumb\":{\"@id\":\"https:\\\/\\\/www.mexicanguitarplayers.com\\\/tienda\\\/accesorios\\\/para-audio\\\/rack\\\/rack-skb-6-espacios-1skb-r6uw\\\/#breadcrumb\"},\"inLanguage\":\"en-US\",\"potentialAction\":[{\"@type\":\"ReadAction\",\"target\":[\"https:\\\/\\\/www.mexicanguitarplayers.com\\\/tienda\\\/accesorios\\\/para-audio\\\/rack\\\/rack-skb-6-espacios-1skb-r6uw\\\/\"]}]},{\"@type\":\"ImageObject\",\"inLanguage\":\"en-US\",\"@id\":\"https:\\\/\\\/www.mexicanguitarplayers.com\\\/tienda\\\/accesorios\\\/para-audio\\\/rack\\\/rack-skb-6-espacios-1skb-r6uw\\\/#primaryimage\",\"url\":\"https:\\\/\\\/www.mexicanguitarplayers.com\\\/wp-content\\\/uploads\\\/2022\\\/08\\\/VASKB1SKBR6UW.jpg\",\"contentUrl\":\"https:\\\/\\\/www.mexicanguitarplayers.com\\\/wp-content\\\/uploads\\\/2022\\\/08\\\/VASKB1SKBR6UW.jpg\",\"width\":1200,\"height\":1200},{\"@type\":\"BreadcrumbList\",\"@id\":\"https:\\\/\\\/www.mexicanguitarplayers.com\\\/tienda\\\/accesorios\\\/para-audio\\\/rack\\\/rack-skb-6-espacios-1skb-r6uw\\\/#breadcrumb\",\"itemListElement\":[{\"@type\":\"ListItem\",\"position\":1,\"name\":\"Portada\",\"item\":\"https:\\\/\\\/www.mexicanguitarplayers.com\\\/\"},{\"@type\":\"ListItem\",\"position\":2,\"name\":\"Tienda\",\"item\":\"https:\\\/\\\/www.mexicanguitarplayers.com\\\/tienda\\\/\"},{\"@type\":\"ListItem\",\"position\":3,\"name\":\"RACK SKB 6 ESPACIOS 1SKB-R6UW\"}]},{\"@type\":\"WebSite\",\"@id\":\"https:\\\/\\\/www.mexicanguitarplayers.com\\\/#website\",\"url\":\"https:\\\/\\\/www.mexicanguitarplayers.com\\\/\",\"name\":\"Mexican Guitar Players\",\"description\":\"Website\",\"publisher\":{\"@id\":\"https:\\\/\\\/www.mexicanguitarplayers.com\\\/#organization\"},\"potentialAction\":[{\"@type\":\"SearchAction\",\"target\":{\"@type\":\"EntryPoint\",\"urlTemplate\":\"https:\\\/\\\/www.mexicanguitarplayers.com\\\/?s={search_term_string}\"},\"query-input\":{\"@type\":\"PropertyValueSpecification\",\"valueRequired\":true,\"valueName\":\"search_term_string\"}}],\"inLanguage\":\"en-US\"},{\"@type\":\"Organization\",\"@id\":\"https:\\\/\\\/www.mexicanguitarplayers.com\\\/#organization\",\"name\":\"Mexican Guitar Players\",\"url\":\"https:\\\/\\\/www.mexicanguitarplayers.com\\\/\",\"logo\":{\"@type\":\"ImageObject\",\"inLanguage\":\"en-US\",\"@id\":\"https:\\\/\\\/www.mexicanguitarplayers.com\\\/#\\\/schema\\\/logo\\\/image\\\/\",\"url\":\"\",\"contentUrl\":\"\",\"caption\":\"Mexican Guitar Players\"},\"image\":{\"@id\":\"https:\\\/\\\/www.mexicanguitarplayers.com\\\/#\\\/schema\\\/logo\\\/image\\\/\"}}]}<\/script>\n<!-- \/ Yoast SEO plugin. -->","yoast_head_json":{"title":"RACK SKB 6 ESPACIOS 1SKB-R6UW - Mexican Guitar Players","description":"RACK SKB 6 ESPACIOS 1SKB-R6UW. Rack de 6 espacios, nuevo dise\u00f1o con asa de un toque y ruedas montadas en tapa trasera, se apila f\u00e1cilmente con nuestros racks existentes est\u00e1ndar y poco profundos, cuatro pestillos de mariposa de grado militar, rieles de acero enroscados, rieles traseros incluidos, cierres de mariposa de grado miliar, junta impermeable, puerta de acceso trasera, mango de bajo perfil, ancho interior: 48.26 cm, altura interior: 26.67 cm, profundidad exterior: 67.31 cm, ancho exterior: 57.15 cm, altura exterior: 37.47 cm, profundidad de rack riel a riel: 45.09 cm, profundidad de rack de riel delantero a tapa trasera: 52.07 cm, profundidad de la tapa: 3.81 cm, peso: 11.79 kg.","robots":{"index":"index","follow":"follow","max-snippet":"max-snippet:-1","max-image-preview":"max-image-preview:large","max-video-preview":"max-video-preview:-1"},"canonical":"https:\/\/www.mexicanguitarplayers.com\/en\/tienda\/accesorios\/para-audio\/rack\/rack-skb-6-espacios-1skb-r6uw\/","og_locale":"en_US","og_type":"article","og_title":"RACK SKB 6 ESPACIOS 1SKB-R6UW - Mexican Guitar Players","og_description":"RACK SKB 6 ESPACIOS 1SKB-R6UW. Rack de 6 espacios, nuevo dise\u00f1o con asa de un toque y ruedas montadas en tapa trasera, se apila f\u00e1cilmente con nuestros racks existentes est\u00e1ndar y poco profundos, cuatro pestillos de mariposa de grado militar, rieles de acero enroscados, rieles traseros incluidos, cierres de mariposa de grado miliar, junta impermeable, puerta de acceso trasera, mango de bajo perfil, ancho interior: 48.26 cm, altura interior: 26.67 cm, profundidad exterior: 67.31 cm, ancho exterior: 57.15 cm, altura exterior: 37.47 cm, profundidad de rack riel a riel: 45.09 cm, profundidad de rack de riel delantero a tapa trasera: 52.07 cm, profundidad de la tapa: 3.81 cm, peso: 11.79 kg.","og_url":"https:\/\/www.mexicanguitarplayers.com\/en\/tienda\/accesorios\/para-audio\/rack\/rack-skb-6-espacios-1skb-r6uw\/","og_site_name":"Mexican Guitar Players","article_modified_time":"2026-04-17T04:15:04+00:00","og_image":[{"width":1200,"height":1200,"url":"https:\/\/www.mexicanguitarplayers.com\/wp-content\/uploads\/2022\/08\/VASKB1SKBR6UW.jpg","type":"image\/jpeg"}],"twitter_card":"summary_large_image","twitter_misc":{"Est. reading time":"1 minute"},"schema":{"@context":"https:\/\/schema.org","@graph":[{"@type":["WebPage","ItemPage"],"@id":"https:\/\/www.mexicanguitarplayers.com\/tienda\/accesorios\/para-audio\/rack\/rack-skb-6-espacios-1skb-r6uw\/","url":"https:\/\/www.mexicanguitarplayers.com\/tienda\/accesorios\/para-audio\/rack\/rack-skb-6-espacios-1skb-r6uw\/","name":"RACK SKB 6 ESPACIOS 1SKB-R6UW - Mexican Guitar Players","isPartOf":{"@id":"https:\/\/www.mexicanguitarplayers.com\/#website"},"primaryImageOfPage":{"@id":"https:\/\/www.mexicanguitarplayers.com\/tienda\/accesorios\/para-audio\/rack\/rack-skb-6-espacios-1skb-r6uw\/#primaryimage"},"image":{"@id":"https:\/\/www.mexicanguitarplayers.com\/tienda\/accesorios\/para-audio\/rack\/rack-skb-6-espacios-1skb-r6uw\/#primaryimage"},"thumbnailUrl":"https:\/\/www.mexicanguitarplayers.com\/wp-content\/uploads\/2022\/08\/VASKB1SKBR6UW.jpg","datePublished":"2022-08-19T02:55:02+00:00","dateModified":"2026-04-17T04:15:04+00:00","description":"RACK SKB 6 ESPACIOS 1SKB-R6UW. Rack de 6 espacios, nuevo dise\u00f1o con asa de un toque y ruedas montadas en tapa trasera, se apila f\u00e1cilmente con nuestros racks existentes est\u00e1ndar y poco profundos, cuatro pestillos de mariposa de grado militar, rieles de acero enroscados, rieles traseros incluidos, cierres de mariposa de grado miliar, junta impermeable, puerta de acceso trasera, mango de bajo perfil, ancho interior: 48.26 cm, altura interior: 26.67 cm, profundidad exterior: 67.31 cm, ancho exterior: 57.15 cm, altura exterior: 37.47 cm, profundidad de rack riel a riel: 45.09 cm, profundidad de rack de riel delantero a tapa trasera: 52.07 cm, profundidad de la tapa: 3.81 cm, peso: 11.79 kg.","breadcrumb":{"@id":"https:\/\/www.mexicanguitarplayers.com\/tienda\/accesorios\/para-audio\/rack\/rack-skb-6-espacios-1skb-r6uw\/#breadcrumb"},"inLanguage":"en-US","potentialAction":[{"@type":"ReadAction","target":["https:\/\/www.mexicanguitarplayers.com\/tienda\/accesorios\/para-audio\/rack\/rack-skb-6-espacios-1skb-r6uw\/"]}]},{"@type":"ImageObject","inLanguage":"en-US","@id":"https:\/\/www.mexicanguitarplayers.com\/tienda\/accesorios\/para-audio\/rack\/rack-skb-6-espacios-1skb-r6uw\/#primaryimage","url":"https:\/\/www.mexicanguitarplayers.com\/wp-content\/uploads\/2022\/08\/VASKB1SKBR6UW.jpg","contentUrl":"https:\/\/www.mexicanguitarplayers.com\/wp-content\/uploads\/2022\/08\/VASKB1SKBR6UW.jpg","width":1200,"height":1200},{"@type":"BreadcrumbList","@id":"https:\/\/www.mexicanguitarplayers.com\/tienda\/accesorios\/para-audio\/rack\/rack-skb-6-espacios-1skb-r6uw\/#breadcrumb","itemListElement":[{"@type":"ListItem","position":1,"name":"Portada","item":"https:\/\/www.mexicanguitarplayers.com\/"},{"@type":"ListItem","position":2,"name":"Tienda","item":"https:\/\/www.mexicanguitarplayers.com\/tienda\/"},{"@type":"ListItem","position":3,"name":"RACK SKB 6 ESPACIOS 1SKB-R6UW"}]},{"@type":"WebSite","@id":"https:\/\/www.mexicanguitarplayers.com\/#website","url":"https:\/\/www.mexicanguitarplayers.com\/","name":"Mexican Guitar Players","description":"Website","publisher":{"@id":"https:\/\/www.mexicanguitarplayers.com\/#organization"},"potentialAction":[{"@type":"SearchAction","target":{"@type":"EntryPoint","urlTemplate":"https:\/\/www.mexicanguitarplayers.com\/?s={search_term_string}"},"query-input":{"@type":"PropertyValueSpecification","valueRequired":true,"valueName":"search_term_string"}}],"inLanguage":"en-US"},{"@type":"Organization","@id":"https:\/\/www.mexicanguitarplayers.com\/#organization","name":"Mexican Guitar Players","url":"https:\/\/www.mexicanguitarplayers.com\/","logo":{"@type":"ImageObject","inLanguage":"en-US","@id":"https:\/\/www.mexicanguitarplayers.com\/#\/schema\/logo\/image\/","url":"","contentUrl":"","caption":"Mexican Guitar Players"},"image":{"@id":"https:\/\/www.mexicanguitarplayers.com\/#\/schema\/logo\/image\/"}}]}},"brands":[{"id":609,"name":"SKB","slug":"skb"}],"_links":{"self":[{"href":"https:\/\/www.mexicanguitarplayers.com\/en\/wp-json\/wp\/v2\/product\/21020","targetHints":{"allow":["GET"]}}],"collection":[{"href":"https:\/\/www.mexicanguitarplayers.com\/en\/wp-json\/wp\/v2\/product"}],"about":[{"href":"https:\/\/www.mexicanguitarplayers.com\/en\/wp-json\/wp\/v2\/types\/product"}],"replies":[{"embeddable":true,"href":"https:\/\/www.mexicanguitarplayers.com\/en\/wp-json\/wp\/v2\/comments?post=21020"}],"wp:featuredmedia":[{"embeddable":true,"href":"https:\/\/www.mexicanguitarplayers.com\/en\/wp-json\/wp\/v2\/media\/21015"}],"wp:attachment":[{"href":"https:\/\/www.mexicanguitarplayers.com\/en\/wp-json\/wp\/v2\/media?parent=21020"}],"wp:term":[{"taxonomy":"pwb-brand","embeddable":true,"href":"https:\/\/www.mexicanguitarplayers.com\/en\/wp-json\/wp\/v2\/pwb-brand?post=21020"},{"taxonomy":"product_brand","embeddable":true,"href":"https:\/\/www.mexicanguitarplayers.com\/en\/wp-json\/wp\/v2\/product_brand?post=21020"},{"taxonomy":"product_cat","embeddable":true,"href":"https:\/\/www.mexicanguitarplayers.com\/en\/wp-json\/wp\/v2\/product_cat?post=21020"},{"taxonomy":"product_tag","embeddable":true,"href":"https:\/\/www.mexicanguitarplayers.com\/en\/wp-json\/wp\/v2\/product_tag?post=21020"}],"curies":[{"name":"wp","href":"https:\/\/api.w.org\/{rel}","templated":true}]}}