{"id":21026,"date":"2022-08-18T21:55:12","date_gmt":"2022-08-19T02:55:12","guid":{"rendered":"https:\/\/www.mexicanguitarplayers.com\/tienda\/sin%20categor\u00eda\/rack-skb-8-espacios-1skb-r8u\/"},"modified":"2026-05-01T07:31:43","modified_gmt":"2026-05-01T13:31:43","slug":"rack-skb-8-espacios-1skb-r8u","status":"publish","type":"product","link":"https:\/\/www.mexicanguitarplayers.com\/en\/tienda\/accesorios\/para-audio\/rack\/rack-skb-8-espacios-1skb-r8u\/","title":{"rendered":"RACK SKB 8 SPACES 1SKB-R8U"},"content":{"rendered":"<div style=\"text-align: justify\">\n<div>\n<h3>RACK SKB 8 SPACES 1SKB-R8U<\/h3>\n<\/div>\n<div>8-space rack, roto-molded for strength and durability, gasketed front and rear covers, interlocking stacking ribs, new bar-size cover design, recessed latches, heavy-duty flush-mount handles, rack-mount hardware included for secure front or rear mounting, roto-molded uni-body construction, threaded steel rails, rear rails included, interlocking X pattern for solid stackability, full-size front and rear covers, recessed latches, Molded Handles, Shock Absorbing Legs, Inside Width: 19&quot;, Inside Height: 14&quot;, Rack Depth: 17.5&quot;, Outside Depth: 24&quot;, Outside Width: 22.5&quot;, Outside Height: 16.5&quot;, Weight: 4&quot;.<\/div>\n<\/div>","protected":false},"excerpt":{"rendered":"<p>Rack de 8 espacios, roto moldeado para mayor resistencia y durabilidad, tapas delanteras y traseras con juntas, costillas de apilamiento entrelazadas, nuevo dise\u00f1o de cubierta de tama\u00f1o de barra, pestillos empotrados, manijas de montaje empotrado de alta resistencia, hardware de montaje en rack incluido para un montaje seguro en la parte frontal o trasera, construcci\u00f3n de uni-cuerpo roto moldeado, rieles de acero enroscados, rieles traseros incluidos, patr\u00f3n X entrelazado para una s\u00f3lida capacidad de apilamiento, tapas delanteras y traseras de tama\u00f1o completo, pestillos empotrados, asas moldeadas, patas de amortiguaci\u00f3n, ancho interior: 48.26 cm, altura interior: 35.56 cm, profundidad de rack: 44.70 cm, profundidad exterior: 60.96 cm, ancho exterior: 56.90 cm, altura exterior: 42.42 cm, peso: 10.07 cm.&hellip; <a class=\"kt-excerpt-readmore more-link\" href=\"https:\/\/www.mexicanguitarplayers.com\/en\/tienda\/accesorios\/para-audio\/rack\/rack-skb-8-espacios-1skb-r8u\/\">Read more<\/a><\/p>","protected":false},"featured_media":21021,"comment_status":"open","ping_status":"closed","template":"","meta":{"kt_blocks_editor_width":""},"pwb-brand":[609],"product_brand":[],"product_cat":[85,410,411],"product_tag":[],"class_list":{"0":"post-21026","1":"product","2":"type-product","3":"status-publish","4":"has-post-thumbnail","6":"pwb-brand-skb","7":"product_cat-accesorios","8":"product_cat-para-audio","9":"product_cat-rack","10":"product_shipping_class-25-30-kg","12":"first","13":"instock","14":"taxable","15":"shipping-taxable","16":"purchasable","17":"product-type-simple"},"yoast_head":"<!-- This site is optimized with the Yoast SEO plugin v27.5 - https:\/\/yoast.com\/product\/yoast-seo-wordpress\/ -->\n<title>RACK SKB 8 ESPACIOS 1SKB-R8U - Mexican Guitar Players<\/title>\n<meta name=\"description\" content=\"RACK SKB 8 ESPACIOS 1SKB-R8U. Rack de 8 espacios, roto moldeado para mayor resistencia y durabilidad, tapas delanteras y traseras con juntas, costillas de apilamiento entrelazadas, nuevo dise\u00f1o de cubierta de tama\u00f1o de barra, pestillos empotrados, manijas de montaje empotrado de alta resistencia, hardware de montaje en rack incluido para un montaje seguro en la parte frontal o trasera, construcci\u00f3n de uni-cuerpo roto moldeado, rieles de acero enroscados, rieles traseros incluidos, patr\u00f3n X entrelazado para una s\u00f3lida capacidad de apilamiento, tapas delanteras y traseras de tama\u00f1o completo, pestillos empotrados, asas moldeadas, patas de amortiguaci\u00f3n, ancho interior: 48.26 cm, altura interior: 35.56 cm, profundidad de rack: 44.70 cm, profundidad exterior: 60.96 cm, ancho exterior: 56.90 cm, altura exterior: 42.42 cm, peso: 10.07 cm.\" \/>\n<meta name=\"robots\" content=\"index, follow, max-snippet:-1, max-image-preview:large, max-video-preview:-1\" \/>\n<link rel=\"canonical\" href=\"https:\/\/www.mexicanguitarplayers.com\/en\/tienda\/accesorios\/para-audio\/rack\/rack-skb-8-espacios-1skb-r8u\/\" \/>\n<meta property=\"og:locale\" content=\"en_US\" \/>\n<meta property=\"og:type\" content=\"article\" \/>\n<meta property=\"og:title\" content=\"RACK SKB 8 ESPACIOS 1SKB-R8U - Mexican Guitar Players\" \/>\n<meta property=\"og:description\" content=\"RACK SKB 8 ESPACIOS 1SKB-R8U. Rack de 8 espacios, roto moldeado para mayor resistencia y durabilidad, tapas delanteras y traseras con juntas, costillas de apilamiento entrelazadas, nuevo dise\u00f1o de cubierta de tama\u00f1o de barra, pestillos empotrados, manijas de montaje empotrado de alta resistencia, hardware de montaje en rack incluido para un montaje seguro en la parte frontal o trasera, construcci\u00f3n de uni-cuerpo roto moldeado, rieles de acero enroscados, rieles traseros incluidos, patr\u00f3n X entrelazado para una s\u00f3lida capacidad de apilamiento, tapas delanteras y traseras de tama\u00f1o completo, pestillos empotrados, asas moldeadas, patas de amortiguaci\u00f3n, ancho interior: 48.26 cm, altura interior: 35.56 cm, profundidad de rack: 44.70 cm, profundidad exterior: 60.96 cm, ancho exterior: 56.90 cm, altura exterior: 42.42 cm, peso: 10.07 cm.\" \/>\n<meta property=\"og:url\" content=\"https:\/\/www.mexicanguitarplayers.com\/en\/tienda\/accesorios\/para-audio\/rack\/rack-skb-8-espacios-1skb-r8u\/\" \/>\n<meta property=\"og:site_name\" content=\"Mexican Guitar Players\" \/>\n<meta property=\"article:modified_time\" content=\"2026-05-01T13:31:43+00:00\" \/>\n<meta property=\"og:image\" content=\"https:\/\/www.mexicanguitarplayers.com\/wp-content\/uploads\/2022\/08\/VASKB1SKBR8U.jpg\" \/>\n\t<meta property=\"og:image:width\" content=\"1200\" \/>\n\t<meta property=\"og:image:height\" content=\"1200\" \/>\n\t<meta property=\"og:image:type\" content=\"image\/jpeg\" \/>\n<meta name=\"twitter:card\" content=\"summary_large_image\" \/>\n<meta name=\"twitter:label1\" content=\"Est. reading time\" \/>\n\t<meta name=\"twitter:data1\" content=\"1 minute\" \/>\n<script type=\"application\/ld+json\" class=\"yoast-schema-graph\">{\"@context\":\"https:\\\/\\\/schema.org\",\"@graph\":[{\"@type\":[\"WebPage\",\"ItemPage\"],\"@id\":\"https:\\\/\\\/www.mexicanguitarplayers.com\\\/tienda\\\/accesorios\\\/para-audio\\\/rack\\\/rack-skb-8-espacios-1skb-r8u\\\/\",\"url\":\"https:\\\/\\\/www.mexicanguitarplayers.com\\\/tienda\\\/accesorios\\\/para-audio\\\/rack\\\/rack-skb-8-espacios-1skb-r8u\\\/\",\"name\":\"RACK SKB 8 ESPACIOS 1SKB-R8U - Mexican Guitar Players\",\"isPartOf\":{\"@id\":\"https:\\\/\\\/www.mexicanguitarplayers.com\\\/#website\"},\"primaryImageOfPage\":{\"@id\":\"https:\\\/\\\/www.mexicanguitarplayers.com\\\/tienda\\\/accesorios\\\/para-audio\\\/rack\\\/rack-skb-8-espacios-1skb-r8u\\\/#primaryimage\"},\"image\":{\"@id\":\"https:\\\/\\\/www.mexicanguitarplayers.com\\\/tienda\\\/accesorios\\\/para-audio\\\/rack\\\/rack-skb-8-espacios-1skb-r8u\\\/#primaryimage\"},\"thumbnailUrl\":\"https:\\\/\\\/www.mexicanguitarplayers.com\\\/wp-content\\\/uploads\\\/2022\\\/08\\\/VASKB1SKBR8U.jpg\",\"datePublished\":\"2022-08-19T02:55:12+00:00\",\"dateModified\":\"2026-05-01T13:31:43+00:00\",\"description\":\"RACK SKB 8 ESPACIOS 1SKB-R8U. Rack de 8 espacios, roto moldeado para mayor resistencia y durabilidad, tapas delanteras y traseras con juntas, costillas de apilamiento entrelazadas, nuevo dise\u00f1o de cubierta de tama\u00f1o de barra, pestillos empotrados, manijas de montaje empotrado de alta resistencia, hardware de montaje en rack incluido para un montaje seguro en la parte frontal o trasera, construcci\u00f3n de uni-cuerpo roto moldeado, rieles de acero enroscados, rieles traseros incluidos, patr\u00f3n X entrelazado para una s\u00f3lida capacidad de apilamiento, tapas delanteras y traseras de tama\u00f1o completo, pestillos empotrados, asas moldeadas, patas de amortiguaci\u00f3n, ancho interior: 48.26 cm, altura interior: 35.56 cm, profundidad de rack: 44.70 cm, profundidad exterior: 60.96 cm, ancho exterior: 56.90 cm, altura exterior: 42.42 cm, peso: 10.07 cm.\",\"breadcrumb\":{\"@id\":\"https:\\\/\\\/www.mexicanguitarplayers.com\\\/tienda\\\/accesorios\\\/para-audio\\\/rack\\\/rack-skb-8-espacios-1skb-r8u\\\/#breadcrumb\"},\"inLanguage\":\"en-US\",\"potentialAction\":[{\"@type\":\"ReadAction\",\"target\":[\"https:\\\/\\\/www.mexicanguitarplayers.com\\\/tienda\\\/accesorios\\\/para-audio\\\/rack\\\/rack-skb-8-espacios-1skb-r8u\\\/\"]}]},{\"@type\":\"ImageObject\",\"inLanguage\":\"en-US\",\"@id\":\"https:\\\/\\\/www.mexicanguitarplayers.com\\\/tienda\\\/accesorios\\\/para-audio\\\/rack\\\/rack-skb-8-espacios-1skb-r8u\\\/#primaryimage\",\"url\":\"https:\\\/\\\/www.mexicanguitarplayers.com\\\/wp-content\\\/uploads\\\/2022\\\/08\\\/VASKB1SKBR8U.jpg\",\"contentUrl\":\"https:\\\/\\\/www.mexicanguitarplayers.com\\\/wp-content\\\/uploads\\\/2022\\\/08\\\/VASKB1SKBR8U.jpg\",\"width\":1200,\"height\":1200},{\"@type\":\"BreadcrumbList\",\"@id\":\"https:\\\/\\\/www.mexicanguitarplayers.com\\\/tienda\\\/accesorios\\\/para-audio\\\/rack\\\/rack-skb-8-espacios-1skb-r8u\\\/#breadcrumb\",\"itemListElement\":[{\"@type\":\"ListItem\",\"position\":1,\"name\":\"Portada\",\"item\":\"https:\\\/\\\/www.mexicanguitarplayers.com\\\/\"},{\"@type\":\"ListItem\",\"position\":2,\"name\":\"Tienda\",\"item\":\"https:\\\/\\\/www.mexicanguitarplayers.com\\\/tienda\\\/\"},{\"@type\":\"ListItem\",\"position\":3,\"name\":\"RACK SKB 8 ESPACIOS 1SKB-R8U\"}]},{\"@type\":\"WebSite\",\"@id\":\"https:\\\/\\\/www.mexicanguitarplayers.com\\\/#website\",\"url\":\"https:\\\/\\\/www.mexicanguitarplayers.com\\\/\",\"name\":\"Mexican Guitar Players\",\"description\":\"Website\",\"publisher\":{\"@id\":\"https:\\\/\\\/www.mexicanguitarplayers.com\\\/#organization\"},\"potentialAction\":[{\"@type\":\"SearchAction\",\"target\":{\"@type\":\"EntryPoint\",\"urlTemplate\":\"https:\\\/\\\/www.mexicanguitarplayers.com\\\/?s={search_term_string}\"},\"query-input\":{\"@type\":\"PropertyValueSpecification\",\"valueRequired\":true,\"valueName\":\"search_term_string\"}}],\"inLanguage\":\"en-US\"},{\"@type\":\"Organization\",\"@id\":\"https:\\\/\\\/www.mexicanguitarplayers.com\\\/#organization\",\"name\":\"Mexican Guitar Players\",\"url\":\"https:\\\/\\\/www.mexicanguitarplayers.com\\\/\",\"logo\":{\"@type\":\"ImageObject\",\"inLanguage\":\"en-US\",\"@id\":\"https:\\\/\\\/www.mexicanguitarplayers.com\\\/#\\\/schema\\\/logo\\\/image\\\/\",\"url\":\"\",\"contentUrl\":\"\",\"caption\":\"Mexican Guitar Players\"},\"image\":{\"@id\":\"https:\\\/\\\/www.mexicanguitarplayers.com\\\/#\\\/schema\\\/logo\\\/image\\\/\"}}]}<\/script>\n<!-- \/ Yoast SEO plugin. -->","yoast_head_json":{"title":"RACK SKB 8 ESPACIOS 1SKB-R8U - Mexican Guitar Players","description":"RACK SKB 8 ESPACIOS 1SKB-R8U. Rack de 8 espacios, roto moldeado para mayor resistencia y durabilidad, tapas delanteras y traseras con juntas, costillas de apilamiento entrelazadas, nuevo dise\u00f1o de cubierta de tama\u00f1o de barra, pestillos empotrados, manijas de montaje empotrado de alta resistencia, hardware de montaje en rack incluido para un montaje seguro en la parte frontal o trasera, construcci\u00f3n de uni-cuerpo roto moldeado, rieles de acero enroscados, rieles traseros incluidos, patr\u00f3n X entrelazado para una s\u00f3lida capacidad de apilamiento, tapas delanteras y traseras de tama\u00f1o completo, pestillos empotrados, asas moldeadas, patas de amortiguaci\u00f3n, ancho interior: 48.26 cm, altura interior: 35.56 cm, profundidad de rack: 44.70 cm, profundidad exterior: 60.96 cm, ancho exterior: 56.90 cm, altura exterior: 42.42 cm, peso: 10.07 cm.","robots":{"index":"index","follow":"follow","max-snippet":"max-snippet:-1","max-image-preview":"max-image-preview:large","max-video-preview":"max-video-preview:-1"},"canonical":"https:\/\/www.mexicanguitarplayers.com\/en\/tienda\/accesorios\/para-audio\/rack\/rack-skb-8-espacios-1skb-r8u\/","og_locale":"en_US","og_type":"article","og_title":"RACK SKB 8 ESPACIOS 1SKB-R8U - Mexican Guitar Players","og_description":"RACK SKB 8 ESPACIOS 1SKB-R8U. Rack de 8 espacios, roto moldeado para mayor resistencia y durabilidad, tapas delanteras y traseras con juntas, costillas de apilamiento entrelazadas, nuevo dise\u00f1o de cubierta de tama\u00f1o de barra, pestillos empotrados, manijas de montaje empotrado de alta resistencia, hardware de montaje en rack incluido para un montaje seguro en la parte frontal o trasera, construcci\u00f3n de uni-cuerpo roto moldeado, rieles de acero enroscados, rieles traseros incluidos, patr\u00f3n X entrelazado para una s\u00f3lida capacidad de apilamiento, tapas delanteras y traseras de tama\u00f1o completo, pestillos empotrados, asas moldeadas, patas de amortiguaci\u00f3n, ancho interior: 48.26 cm, altura interior: 35.56 cm, profundidad de rack: 44.70 cm, profundidad exterior: 60.96 cm, ancho exterior: 56.90 cm, altura exterior: 42.42 cm, peso: 10.07 cm.","og_url":"https:\/\/www.mexicanguitarplayers.com\/en\/tienda\/accesorios\/para-audio\/rack\/rack-skb-8-espacios-1skb-r8u\/","og_site_name":"Mexican Guitar Players","article_modified_time":"2026-05-01T13:31:43+00:00","og_image":[{"width":1200,"height":1200,"url":"https:\/\/www.mexicanguitarplayers.com\/wp-content\/uploads\/2022\/08\/VASKB1SKBR8U.jpg","type":"image\/jpeg"}],"twitter_card":"summary_large_image","twitter_misc":{"Est. reading time":"1 minute"},"schema":{"@context":"https:\/\/schema.org","@graph":[{"@type":["WebPage","ItemPage"],"@id":"https:\/\/www.mexicanguitarplayers.com\/tienda\/accesorios\/para-audio\/rack\/rack-skb-8-espacios-1skb-r8u\/","url":"https:\/\/www.mexicanguitarplayers.com\/tienda\/accesorios\/para-audio\/rack\/rack-skb-8-espacios-1skb-r8u\/","name":"RACK SKB 8 ESPACIOS 1SKB-R8U - Mexican Guitar Players","isPartOf":{"@id":"https:\/\/www.mexicanguitarplayers.com\/#website"},"primaryImageOfPage":{"@id":"https:\/\/www.mexicanguitarplayers.com\/tienda\/accesorios\/para-audio\/rack\/rack-skb-8-espacios-1skb-r8u\/#primaryimage"},"image":{"@id":"https:\/\/www.mexicanguitarplayers.com\/tienda\/accesorios\/para-audio\/rack\/rack-skb-8-espacios-1skb-r8u\/#primaryimage"},"thumbnailUrl":"https:\/\/www.mexicanguitarplayers.com\/wp-content\/uploads\/2022\/08\/VASKB1SKBR8U.jpg","datePublished":"2022-08-19T02:55:12+00:00","dateModified":"2026-05-01T13:31:43+00:00","description":"RACK SKB 8 ESPACIOS 1SKB-R8U. Rack de 8 espacios, roto moldeado para mayor resistencia y durabilidad, tapas delanteras y traseras con juntas, costillas de apilamiento entrelazadas, nuevo dise\u00f1o de cubierta de tama\u00f1o de barra, pestillos empotrados, manijas de montaje empotrado de alta resistencia, hardware de montaje en rack incluido para un montaje seguro en la parte frontal o trasera, construcci\u00f3n de uni-cuerpo roto moldeado, rieles de acero enroscados, rieles traseros incluidos, patr\u00f3n X entrelazado para una s\u00f3lida capacidad de apilamiento, tapas delanteras y traseras de tama\u00f1o completo, pestillos empotrados, asas moldeadas, patas de amortiguaci\u00f3n, ancho interior: 48.26 cm, altura interior: 35.56 cm, profundidad de rack: 44.70 cm, profundidad exterior: 60.96 cm, ancho exterior: 56.90 cm, altura exterior: 42.42 cm, peso: 10.07 cm.","breadcrumb":{"@id":"https:\/\/www.mexicanguitarplayers.com\/tienda\/accesorios\/para-audio\/rack\/rack-skb-8-espacios-1skb-r8u\/#breadcrumb"},"inLanguage":"en-US","potentialAction":[{"@type":"ReadAction","target":["https:\/\/www.mexicanguitarplayers.com\/tienda\/accesorios\/para-audio\/rack\/rack-skb-8-espacios-1skb-r8u\/"]}]},{"@type":"ImageObject","inLanguage":"en-US","@id":"https:\/\/www.mexicanguitarplayers.com\/tienda\/accesorios\/para-audio\/rack\/rack-skb-8-espacios-1skb-r8u\/#primaryimage","url":"https:\/\/www.mexicanguitarplayers.com\/wp-content\/uploads\/2022\/08\/VASKB1SKBR8U.jpg","contentUrl":"https:\/\/www.mexicanguitarplayers.com\/wp-content\/uploads\/2022\/08\/VASKB1SKBR8U.jpg","width":1200,"height":1200},{"@type":"BreadcrumbList","@id":"https:\/\/www.mexicanguitarplayers.com\/tienda\/accesorios\/para-audio\/rack\/rack-skb-8-espacios-1skb-r8u\/#breadcrumb","itemListElement":[{"@type":"ListItem","position":1,"name":"Portada","item":"https:\/\/www.mexicanguitarplayers.com\/"},{"@type":"ListItem","position":2,"name":"Tienda","item":"https:\/\/www.mexicanguitarplayers.com\/tienda\/"},{"@type":"ListItem","position":3,"name":"RACK SKB 8 ESPACIOS 1SKB-R8U"}]},{"@type":"WebSite","@id":"https:\/\/www.mexicanguitarplayers.com\/#website","url":"https:\/\/www.mexicanguitarplayers.com\/","name":"Mexican Guitar Players","description":"Website","publisher":{"@id":"https:\/\/www.mexicanguitarplayers.com\/#organization"},"potentialAction":[{"@type":"SearchAction","target":{"@type":"EntryPoint","urlTemplate":"https:\/\/www.mexicanguitarplayers.com\/?s={search_term_string}"},"query-input":{"@type":"PropertyValueSpecification","valueRequired":true,"valueName":"search_term_string"}}],"inLanguage":"en-US"},{"@type":"Organization","@id":"https:\/\/www.mexicanguitarplayers.com\/#organization","name":"Mexican Guitar Players","url":"https:\/\/www.mexicanguitarplayers.com\/","logo":{"@type":"ImageObject","inLanguage":"en-US","@id":"https:\/\/www.mexicanguitarplayers.com\/#\/schema\/logo\/image\/","url":"","contentUrl":"","caption":"Mexican Guitar Players"},"image":{"@id":"https:\/\/www.mexicanguitarplayers.com\/#\/schema\/logo\/image\/"}}]}},"brands":[{"id":609,"name":"SKB","slug":"skb"}],"_links":{"self":[{"href":"https:\/\/www.mexicanguitarplayers.com\/en\/wp-json\/wp\/v2\/product\/21026","targetHints":{"allow":["GET"]}}],"collection":[{"href":"https:\/\/www.mexicanguitarplayers.com\/en\/wp-json\/wp\/v2\/product"}],"about":[{"href":"https:\/\/www.mexicanguitarplayers.com\/en\/wp-json\/wp\/v2\/types\/product"}],"replies":[{"embeddable":true,"href":"https:\/\/www.mexicanguitarplayers.com\/en\/wp-json\/wp\/v2\/comments?post=21026"}],"wp:featuredmedia":[{"embeddable":true,"href":"https:\/\/www.mexicanguitarplayers.com\/en\/wp-json\/wp\/v2\/media\/21021"}],"wp:attachment":[{"href":"https:\/\/www.mexicanguitarplayers.com\/en\/wp-json\/wp\/v2\/media?parent=21026"}],"wp:term":[{"taxonomy":"pwb-brand","embeddable":true,"href":"https:\/\/www.mexicanguitarplayers.com\/en\/wp-json\/wp\/v2\/pwb-brand?post=21026"},{"taxonomy":"product_brand","embeddable":true,"href":"https:\/\/www.mexicanguitarplayers.com\/en\/wp-json\/wp\/v2\/product_brand?post=21026"},{"taxonomy":"product_cat","embeddable":true,"href":"https:\/\/www.mexicanguitarplayers.com\/en\/wp-json\/wp\/v2\/product_cat?post=21026"},{"taxonomy":"product_tag","embeddable":true,"href":"https:\/\/www.mexicanguitarplayers.com\/en\/wp-json\/wp\/v2\/product_tag?post=21026"}],"curies":[{"name":"wp","href":"https:\/\/api.w.org\/{rel}","templated":true}]}}