{"id":21065,"date":"2022-08-18T22:13:07","date_gmt":"2022-08-19T03:13:07","guid":{"rendered":"https:\/\/www.mexicanguitarplayers.com\/tienda\/sin%20categor\u00eda\/estuche-skb-p-guit-acustica-1skb-sc300\/"},"modified":"2026-04-10T04:50:50","modified_gmt":"2026-04-10T10:50:50","slug":"estuche-skb-p-guit-acustica-1skb-sc300","status":"publish","type":"product","link":"https:\/\/www.mexicanguitarplayers.com\/en\/tienda\/accesorios\/estuches-y-fundas\/para-guitarra\/para-guitarra-acustica\/estuche-skb-p-guit-acustica-1skb-sc300\/","title":{"rendered":"SKB P\/GUIT CASE. ACOUSTICS 1SKB-SC300"},"content":{"rendered":"<div style=\"text-align: justify\">\n<div>\n<h3>SKB P\/GUIT CASE. ACOUSTICS 1SKB-SC300<\/h3>\n<\/div>\n<div>Gig Bag for Baby Taylor or Martin LX Acoustic Guitar, Heavy-Duty Double Pull Closure, Molded EPS with Plush Interior Liner, Durable 600 Denier Exterior with Rigid Foam Layers, Exterior Accessory Pouch, Carry Handle and Padded Straps, Interior Length : 87.63 cm, outside length: 92.71 cm, outside width: 35.56 cm, outside depth: 17.78 cm, body length: 40.01 cm, body depth: 10.16 cm, wide part of instrument: 31.75 cm, narrow part of the instrument: 23.50 cm, weight: 2.27 kg.<\/div>\n<\/div>","protected":false},"excerpt":{"rendered":"<p>Estuche para guitarra ac\u00fastica Baby Taylor o Martin LX, cierre de doble tracci\u00f3n de alta resistencia, moldeado EPS con forro interior de felpa, denier 600 durable exterior con capas de espuma r\u00edgida, bolsa exterior para accesorios, asa de transporte y correas acolchadas, largo interior: 87.63 cm, largo exterior: 92.71 cm, ancho exterior: 35.56 cm, profundidad exterior: 17.78 cm, longitud del cuerpo del instrumento: 40.01 cm, profundidad del cuerpo del instrumento: 10.16 cm, parte ancha del instrumento: 31.75 cm, parte angosta del instrumento: 23.50 cm, peso: 2.27 kg.&hellip; <a class=\"kt-excerpt-readmore more-link\" href=\"https:\/\/www.mexicanguitarplayers.com\/en\/tienda\/accesorios\/estuches-y-fundas\/para-guitarra\/para-guitarra-acustica\/estuche-skb-p-guit-acustica-1skb-sc300\/\">Read more<\/a><\/p>","protected":false},"featured_media":21060,"comment_status":"open","ping_status":"closed","template":"","meta":{"kt_blocks_editor_width":""},"pwb-brand":[609],"product_brand":[],"product_cat":[85,517,566,569],"product_tag":[],"class_list":{"0":"post-21065","1":"product","2":"type-product","3":"status-publish","4":"has-post-thumbnail","6":"pwb-brand-skb","7":"product_cat-accesorios","8":"product_cat-estuches-y-fundas","9":"product_cat-para-guitarra","10":"product_cat-para-guitarra-acustica","11":"product_shipping_class-10-15-kg","13":"first","14":"instock","15":"taxable","16":"shipping-taxable","17":"purchasable","18":"product-type-simple"},"yoast_head":"<!-- This site is optimized with the Yoast SEO plugin v27.4 - https:\/\/yoast.com\/product\/yoast-seo-wordpress\/ -->\n<title>ESTUCHE SKB P\/GUIT. ACUSTICA 1SKB-SC300 - Mexican Guitar Players<\/title>\n<meta name=\"description\" content=\"ESTUCHE SKB P\/GUIT. ACUSTICA 1SKB-SC300. Estuche para guitarra ac\u00fastica Baby Taylor o Martin LX, cierre de doble tracci\u00f3n de alta resistencia, moldeado EPS con forro interior de felpa, denier 600 durable exterior con capas de espuma r\u00edgida, bolsa exterior para accesorios, asa de transporte y correas acolchadas, largo interior: 87.63 cm, largo exterior: 92.71 cm, ancho exterior: 35.56 cm, profundidad exterior: 17.78 cm, longitud del cuerpo del instrumento: 40.01 cm, profundidad del cuerpo del instrumento: 10.16 cm, parte ancha del instrumento: 31.75 cm, parte angosta del instrumento: 23.50 cm, peso: 2.27 kg.\" \/>\n<meta name=\"robots\" content=\"index, follow, max-snippet:-1, max-image-preview:large, max-video-preview:-1\" \/>\n<link rel=\"canonical\" href=\"https:\/\/www.mexicanguitarplayers.com\/en\/tienda\/accesorios\/estuches-y-fundas\/para-guitarra\/para-guitarra-acustica\/estuche-skb-p-guit-acustica-1skb-sc300\/\" \/>\n<meta property=\"og:locale\" content=\"en_US\" \/>\n<meta property=\"og:type\" content=\"article\" \/>\n<meta property=\"og:title\" content=\"ESTUCHE SKB P\/GUIT. ACUSTICA 1SKB-SC300 - Mexican Guitar Players\" \/>\n<meta property=\"og:description\" content=\"ESTUCHE SKB P\/GUIT. ACUSTICA 1SKB-SC300. Estuche para guitarra ac\u00fastica Baby Taylor o Martin LX, cierre de doble tracci\u00f3n de alta resistencia, moldeado EPS con forro interior de felpa, denier 600 durable exterior con capas de espuma r\u00edgida, bolsa exterior para accesorios, asa de transporte y correas acolchadas, largo interior: 87.63 cm, largo exterior: 92.71 cm, ancho exterior: 35.56 cm, profundidad exterior: 17.78 cm, longitud del cuerpo del instrumento: 40.01 cm, profundidad del cuerpo del instrumento: 10.16 cm, parte ancha del instrumento: 31.75 cm, parte angosta del instrumento: 23.50 cm, peso: 2.27 kg.\" \/>\n<meta property=\"og:url\" content=\"https:\/\/www.mexicanguitarplayers.com\/en\/tienda\/accesorios\/estuches-y-fundas\/para-guitarra\/para-guitarra-acustica\/estuche-skb-p-guit-acustica-1skb-sc300\/\" \/>\n<meta property=\"og:site_name\" content=\"Mexican Guitar Players\" \/>\n<meta property=\"article:modified_time\" content=\"2026-04-10T10:50:50+00:00\" \/>\n<meta property=\"og:image\" content=\"https:\/\/www.mexicanguitarplayers.com\/wp-content\/uploads\/2022\/08\/VASKB1SKBSC300.png\" \/>\n\t<meta property=\"og:image:width\" content=\"1200\" \/>\n\t<meta property=\"og:image:height\" content=\"1200\" \/>\n\t<meta property=\"og:image:type\" content=\"image\/png\" \/>\n<meta name=\"twitter:card\" content=\"summary_large_image\" \/>\n<script type=\"application\/ld+json\" class=\"yoast-schema-graph\">{\"@context\":\"https:\\\/\\\/schema.org\",\"@graph\":[{\"@type\":[\"WebPage\",\"ItemPage\"],\"@id\":\"https:\\\/\\\/www.mexicanguitarplayers.com\\\/tienda\\\/accesorios\\\/estuches-y-fundas\\\/para-guitarra\\\/para-guitarra-acustica\\\/estuche-skb-p-guit-acustica-1skb-sc300\\\/\",\"url\":\"https:\\\/\\\/www.mexicanguitarplayers.com\\\/tienda\\\/accesorios\\\/estuches-y-fundas\\\/para-guitarra\\\/para-guitarra-acustica\\\/estuche-skb-p-guit-acustica-1skb-sc300\\\/\",\"name\":\"ESTUCHE SKB P\\\/GUIT. ACUSTICA 1SKB-SC300 - Mexican Guitar Players\",\"isPartOf\":{\"@id\":\"https:\\\/\\\/www.mexicanguitarplayers.com\\\/#website\"},\"primaryImageOfPage\":{\"@id\":\"https:\\\/\\\/www.mexicanguitarplayers.com\\\/tienda\\\/accesorios\\\/estuches-y-fundas\\\/para-guitarra\\\/para-guitarra-acustica\\\/estuche-skb-p-guit-acustica-1skb-sc300\\\/#primaryimage\"},\"image\":{\"@id\":\"https:\\\/\\\/www.mexicanguitarplayers.com\\\/tienda\\\/accesorios\\\/estuches-y-fundas\\\/para-guitarra\\\/para-guitarra-acustica\\\/estuche-skb-p-guit-acustica-1skb-sc300\\\/#primaryimage\"},\"thumbnailUrl\":\"https:\\\/\\\/www.mexicanguitarplayers.com\\\/wp-content\\\/uploads\\\/2022\\\/08\\\/VASKB1SKBSC300.png\",\"datePublished\":\"2022-08-19T03:13:07+00:00\",\"dateModified\":\"2026-04-10T10:50:50+00:00\",\"description\":\"ESTUCHE SKB P\\\/GUIT. ACUSTICA 1SKB-SC300. Estuche para guitarra ac\u00fastica Baby Taylor o Martin LX, cierre de doble tracci\u00f3n de alta resistencia, moldeado EPS con forro interior de felpa, denier 600 durable exterior con capas de espuma r\u00edgida, bolsa exterior para accesorios, asa de transporte y correas acolchadas, largo interior: 87.63 cm, largo exterior: 92.71 cm, ancho exterior: 35.56 cm, profundidad exterior: 17.78 cm, longitud del cuerpo del instrumento: 40.01 cm, profundidad del cuerpo del instrumento: 10.16 cm, parte ancha del instrumento: 31.75 cm, parte angosta del instrumento: 23.50 cm, peso: 2.27 kg.\",\"breadcrumb\":{\"@id\":\"https:\\\/\\\/www.mexicanguitarplayers.com\\\/tienda\\\/accesorios\\\/estuches-y-fundas\\\/para-guitarra\\\/para-guitarra-acustica\\\/estuche-skb-p-guit-acustica-1skb-sc300\\\/#breadcrumb\"},\"inLanguage\":\"en-US\",\"potentialAction\":[{\"@type\":\"ReadAction\",\"target\":[\"https:\\\/\\\/www.mexicanguitarplayers.com\\\/tienda\\\/accesorios\\\/estuches-y-fundas\\\/para-guitarra\\\/para-guitarra-acustica\\\/estuche-skb-p-guit-acustica-1skb-sc300\\\/\"]}]},{\"@type\":\"ImageObject\",\"inLanguage\":\"en-US\",\"@id\":\"https:\\\/\\\/www.mexicanguitarplayers.com\\\/tienda\\\/accesorios\\\/estuches-y-fundas\\\/para-guitarra\\\/para-guitarra-acustica\\\/estuche-skb-p-guit-acustica-1skb-sc300\\\/#primaryimage\",\"url\":\"https:\\\/\\\/www.mexicanguitarplayers.com\\\/wp-content\\\/uploads\\\/2022\\\/08\\\/VASKB1SKBSC300.png\",\"contentUrl\":\"https:\\\/\\\/www.mexicanguitarplayers.com\\\/wp-content\\\/uploads\\\/2022\\\/08\\\/VASKB1SKBSC300.png\",\"width\":1200,\"height\":1200},{\"@type\":\"BreadcrumbList\",\"@id\":\"https:\\\/\\\/www.mexicanguitarplayers.com\\\/tienda\\\/accesorios\\\/estuches-y-fundas\\\/para-guitarra\\\/para-guitarra-acustica\\\/estuche-skb-p-guit-acustica-1skb-sc300\\\/#breadcrumb\",\"itemListElement\":[{\"@type\":\"ListItem\",\"position\":1,\"name\":\"Portada\",\"item\":\"https:\\\/\\\/www.mexicanguitarplayers.com\\\/\"},{\"@type\":\"ListItem\",\"position\":2,\"name\":\"Tienda\",\"item\":\"https:\\\/\\\/www.mexicanguitarplayers.com\\\/tienda\\\/\"},{\"@type\":\"ListItem\",\"position\":3,\"name\":\"ESTUCHE SKB P\\\/GUIT. ACUSTICA 1SKB-SC300\"}]},{\"@type\":\"WebSite\",\"@id\":\"https:\\\/\\\/www.mexicanguitarplayers.com\\\/#website\",\"url\":\"https:\\\/\\\/www.mexicanguitarplayers.com\\\/\",\"name\":\"Mexican Guitar Players\",\"description\":\"Website\",\"publisher\":{\"@id\":\"https:\\\/\\\/www.mexicanguitarplayers.com\\\/#organization\"},\"potentialAction\":[{\"@type\":\"SearchAction\",\"target\":{\"@type\":\"EntryPoint\",\"urlTemplate\":\"https:\\\/\\\/www.mexicanguitarplayers.com\\\/?s={search_term_string}\"},\"query-input\":{\"@type\":\"PropertyValueSpecification\",\"valueRequired\":true,\"valueName\":\"search_term_string\"}}],\"inLanguage\":\"en-US\"},{\"@type\":\"Organization\",\"@id\":\"https:\\\/\\\/www.mexicanguitarplayers.com\\\/#organization\",\"name\":\"Mexican Guitar Players\",\"url\":\"https:\\\/\\\/www.mexicanguitarplayers.com\\\/\",\"logo\":{\"@type\":\"ImageObject\",\"inLanguage\":\"en-US\",\"@id\":\"https:\\\/\\\/www.mexicanguitarplayers.com\\\/#\\\/schema\\\/logo\\\/image\\\/\",\"url\":\"\",\"contentUrl\":\"\",\"caption\":\"Mexican Guitar Players\"},\"image\":{\"@id\":\"https:\\\/\\\/www.mexicanguitarplayers.com\\\/#\\\/schema\\\/logo\\\/image\\\/\"}}]}<\/script>\n<!-- \/ Yoast SEO plugin. -->","yoast_head_json":{"title":"ESTUCHE SKB P\/GUIT. ACUSTICA 1SKB-SC300 - Mexican Guitar Players","description":"ESTUCHE SKB P\/GUIT. ACUSTICA 1SKB-SC300. Estuche para guitarra ac\u00fastica Baby Taylor o Martin LX, cierre de doble tracci\u00f3n de alta resistencia, moldeado EPS con forro interior de felpa, denier 600 durable exterior con capas de espuma r\u00edgida, bolsa exterior para accesorios, asa de transporte y correas acolchadas, largo interior: 87.63 cm, largo exterior: 92.71 cm, ancho exterior: 35.56 cm, profundidad exterior: 17.78 cm, longitud del cuerpo del instrumento: 40.01 cm, profundidad del cuerpo del instrumento: 10.16 cm, parte ancha del instrumento: 31.75 cm, parte angosta del instrumento: 23.50 cm, peso: 2.27 kg.","robots":{"index":"index","follow":"follow","max-snippet":"max-snippet:-1","max-image-preview":"max-image-preview:large","max-video-preview":"max-video-preview:-1"},"canonical":"https:\/\/www.mexicanguitarplayers.com\/en\/tienda\/accesorios\/estuches-y-fundas\/para-guitarra\/para-guitarra-acustica\/estuche-skb-p-guit-acustica-1skb-sc300\/","og_locale":"en_US","og_type":"article","og_title":"ESTUCHE SKB P\/GUIT. ACUSTICA 1SKB-SC300 - Mexican Guitar Players","og_description":"ESTUCHE SKB P\/GUIT. ACUSTICA 1SKB-SC300. Estuche para guitarra ac\u00fastica Baby Taylor o Martin LX, cierre de doble tracci\u00f3n de alta resistencia, moldeado EPS con forro interior de felpa, denier 600 durable exterior con capas de espuma r\u00edgida, bolsa exterior para accesorios, asa de transporte y correas acolchadas, largo interior: 87.63 cm, largo exterior: 92.71 cm, ancho exterior: 35.56 cm, profundidad exterior: 17.78 cm, longitud del cuerpo del instrumento: 40.01 cm, profundidad del cuerpo del instrumento: 10.16 cm, parte ancha del instrumento: 31.75 cm, parte angosta del instrumento: 23.50 cm, peso: 2.27 kg.","og_url":"https:\/\/www.mexicanguitarplayers.com\/en\/tienda\/accesorios\/estuches-y-fundas\/para-guitarra\/para-guitarra-acustica\/estuche-skb-p-guit-acustica-1skb-sc300\/","og_site_name":"Mexican Guitar Players","article_modified_time":"2026-04-10T10:50:50+00:00","og_image":[{"width":1200,"height":1200,"url":"https:\/\/www.mexicanguitarplayers.com\/wp-content\/uploads\/2022\/08\/VASKB1SKBSC300.png","type":"image\/png"}],"twitter_card":"summary_large_image","schema":{"@context":"https:\/\/schema.org","@graph":[{"@type":["WebPage","ItemPage"],"@id":"https:\/\/www.mexicanguitarplayers.com\/tienda\/accesorios\/estuches-y-fundas\/para-guitarra\/para-guitarra-acustica\/estuche-skb-p-guit-acustica-1skb-sc300\/","url":"https:\/\/www.mexicanguitarplayers.com\/tienda\/accesorios\/estuches-y-fundas\/para-guitarra\/para-guitarra-acustica\/estuche-skb-p-guit-acustica-1skb-sc300\/","name":"ESTUCHE SKB P\/GUIT. ACUSTICA 1SKB-SC300 - Mexican Guitar Players","isPartOf":{"@id":"https:\/\/www.mexicanguitarplayers.com\/#website"},"primaryImageOfPage":{"@id":"https:\/\/www.mexicanguitarplayers.com\/tienda\/accesorios\/estuches-y-fundas\/para-guitarra\/para-guitarra-acustica\/estuche-skb-p-guit-acustica-1skb-sc300\/#primaryimage"},"image":{"@id":"https:\/\/www.mexicanguitarplayers.com\/tienda\/accesorios\/estuches-y-fundas\/para-guitarra\/para-guitarra-acustica\/estuche-skb-p-guit-acustica-1skb-sc300\/#primaryimage"},"thumbnailUrl":"https:\/\/www.mexicanguitarplayers.com\/wp-content\/uploads\/2022\/08\/VASKB1SKBSC300.png","datePublished":"2022-08-19T03:13:07+00:00","dateModified":"2026-04-10T10:50:50+00:00","description":"ESTUCHE SKB P\/GUIT. ACUSTICA 1SKB-SC300. Estuche para guitarra ac\u00fastica Baby Taylor o Martin LX, cierre de doble tracci\u00f3n de alta resistencia, moldeado EPS con forro interior de felpa, denier 600 durable exterior con capas de espuma r\u00edgida, bolsa exterior para accesorios, asa de transporte y correas acolchadas, largo interior: 87.63 cm, largo exterior: 92.71 cm, ancho exterior: 35.56 cm, profundidad exterior: 17.78 cm, longitud del cuerpo del instrumento: 40.01 cm, profundidad del cuerpo del instrumento: 10.16 cm, parte ancha del instrumento: 31.75 cm, parte angosta del instrumento: 23.50 cm, peso: 2.27 kg.","breadcrumb":{"@id":"https:\/\/www.mexicanguitarplayers.com\/tienda\/accesorios\/estuches-y-fundas\/para-guitarra\/para-guitarra-acustica\/estuche-skb-p-guit-acustica-1skb-sc300\/#breadcrumb"},"inLanguage":"en-US","potentialAction":[{"@type":"ReadAction","target":["https:\/\/www.mexicanguitarplayers.com\/tienda\/accesorios\/estuches-y-fundas\/para-guitarra\/para-guitarra-acustica\/estuche-skb-p-guit-acustica-1skb-sc300\/"]}]},{"@type":"ImageObject","inLanguage":"en-US","@id":"https:\/\/www.mexicanguitarplayers.com\/tienda\/accesorios\/estuches-y-fundas\/para-guitarra\/para-guitarra-acustica\/estuche-skb-p-guit-acustica-1skb-sc300\/#primaryimage","url":"https:\/\/www.mexicanguitarplayers.com\/wp-content\/uploads\/2022\/08\/VASKB1SKBSC300.png","contentUrl":"https:\/\/www.mexicanguitarplayers.com\/wp-content\/uploads\/2022\/08\/VASKB1SKBSC300.png","width":1200,"height":1200},{"@type":"BreadcrumbList","@id":"https:\/\/www.mexicanguitarplayers.com\/tienda\/accesorios\/estuches-y-fundas\/para-guitarra\/para-guitarra-acustica\/estuche-skb-p-guit-acustica-1skb-sc300\/#breadcrumb","itemListElement":[{"@type":"ListItem","position":1,"name":"Portada","item":"https:\/\/www.mexicanguitarplayers.com\/"},{"@type":"ListItem","position":2,"name":"Tienda","item":"https:\/\/www.mexicanguitarplayers.com\/tienda\/"},{"@type":"ListItem","position":3,"name":"ESTUCHE SKB P\/GUIT. ACUSTICA 1SKB-SC300"}]},{"@type":"WebSite","@id":"https:\/\/www.mexicanguitarplayers.com\/#website","url":"https:\/\/www.mexicanguitarplayers.com\/","name":"Mexican Guitar Players","description":"Website","publisher":{"@id":"https:\/\/www.mexicanguitarplayers.com\/#organization"},"potentialAction":[{"@type":"SearchAction","target":{"@type":"EntryPoint","urlTemplate":"https:\/\/www.mexicanguitarplayers.com\/?s={search_term_string}"},"query-input":{"@type":"PropertyValueSpecification","valueRequired":true,"valueName":"search_term_string"}}],"inLanguage":"en-US"},{"@type":"Organization","@id":"https:\/\/www.mexicanguitarplayers.com\/#organization","name":"Mexican Guitar Players","url":"https:\/\/www.mexicanguitarplayers.com\/","logo":{"@type":"ImageObject","inLanguage":"en-US","@id":"https:\/\/www.mexicanguitarplayers.com\/#\/schema\/logo\/image\/","url":"","contentUrl":"","caption":"Mexican Guitar Players"},"image":{"@id":"https:\/\/www.mexicanguitarplayers.com\/#\/schema\/logo\/image\/"}}]}},"brands":[{"id":609,"name":"SKB","slug":"skb"}],"_links":{"self":[{"href":"https:\/\/www.mexicanguitarplayers.com\/en\/wp-json\/wp\/v2\/product\/21065","targetHints":{"allow":["GET"]}}],"collection":[{"href":"https:\/\/www.mexicanguitarplayers.com\/en\/wp-json\/wp\/v2\/product"}],"about":[{"href":"https:\/\/www.mexicanguitarplayers.com\/en\/wp-json\/wp\/v2\/types\/product"}],"replies":[{"embeddable":true,"href":"https:\/\/www.mexicanguitarplayers.com\/en\/wp-json\/wp\/v2\/comments?post=21065"}],"wp:featuredmedia":[{"embeddable":true,"href":"https:\/\/www.mexicanguitarplayers.com\/en\/wp-json\/wp\/v2\/media\/21060"}],"wp:attachment":[{"href":"https:\/\/www.mexicanguitarplayers.com\/en\/wp-json\/wp\/v2\/media?parent=21065"}],"wp:term":[{"taxonomy":"pwb-brand","embeddable":true,"href":"https:\/\/www.mexicanguitarplayers.com\/en\/wp-json\/wp\/v2\/pwb-brand?post=21065"},{"taxonomy":"product_brand","embeddable":true,"href":"https:\/\/www.mexicanguitarplayers.com\/en\/wp-json\/wp\/v2\/product_brand?post=21065"},{"taxonomy":"product_cat","embeddable":true,"href":"https:\/\/www.mexicanguitarplayers.com\/en\/wp-json\/wp\/v2\/product_cat?post=21065"},{"taxonomy":"product_tag","embeddable":true,"href":"https:\/\/www.mexicanguitarplayers.com\/en\/wp-json\/wp\/v2\/product_tag?post=21065"}],"curies":[{"name":"wp","href":"https:\/\/api.w.org\/{rel}","templated":true}]}}