{"id":21080,"date":"2022-08-18T22:13:31","date_gmt":"2022-08-19T03:13:31","guid":{"rendered":"https:\/\/www.mexicanguitarplayers.com\/tienda\/sin%20categor\u00eda\/pedal-sonor-p-bombo-bateria-dp-4000-s\/"},"modified":"2026-05-01T07:31:41","modified_gmt":"2026-05-01T13:31:41","slug":"pedal-sonor-p-bombo-bateria-dp-4000-s","status":"publish","type":"product","link":"https:\/\/www.mexicanguitarplayers.com\/en\/tienda\/accesorios\/para-bateria\/hardware-para-bateria\/pedales\/pedal-sonor-p-bombo-bateria-dp-4000-s\/","title":{"rendered":"SOUND PEDAL FOR DRUMS DRUM DP 4000 S"},"content":{"rendered":"<div style=\"text-align: justify\">\n<div>\n<h3>SOUND PEDAL FOR DRUMS DRUM DP 4000 S<\/h3>\n<\/div>\n<div>Dual Pedal, New Stowage Design, Independent Pillar Construction, Infinite Beater Holder Adjustment, Heel Plate Ball Bearing Hinge, New Hoop Clamp, 2-Way Beater, New Anti-Skid Base Plate, Dual Drive Chain , robust connecting rod taken from the Giant Step series, new Silver Lacquer Coating finish.<\/div>\n<\/div>","protected":false},"excerpt":{"rendered":"<p>Doble pedal, nuevo dise\u00f1o de estibo, construcci\u00f3n de pilares independientes, ajuste infinito del soporte del baquet\u00f3n, bisagra con rodamiento de bolas en la placa del tal\u00f3n, nueva abrazadera de aro, baquet\u00f3n de 2 v\u00edas, nueva placa base antideslizante, doble cadena de accionamiento, varilla de conexi\u00f3n robusta tomada de la serie Giant Step, nuevo terminado Silver Lacquer Coating.&hellip; <a class=\"kt-excerpt-readmore more-link\" href=\"https:\/\/www.mexicanguitarplayers.com\/en\/tienda\/accesorios\/para-bateria\/hardware-para-bateria\/pedales\/pedal-sonor-p-bombo-bateria-dp-4000-s\/\">Read more<\/a><\/p>","protected":false},"featured_media":21076,"comment_status":"open","ping_status":"closed","template":"","meta":{"kt_blocks_editor_width":""},"pwb-brand":[321],"product_brand":[],"product_cat":[85,435,306,445],"product_tag":[],"class_list":{"0":"post-21080","1":"product","2":"type-product","3":"status-publish","4":"has-post-thumbnail","6":"pwb-brand-sonor","7":"product_cat-accesorios","8":"product_cat-hardware-para-bateria","9":"product_cat-para-bateria","10":"product_cat-pedales","11":"product_shipping_class-5-10-kg","13":"first","14":"instock","15":"taxable","16":"shipping-taxable","17":"purchasable","18":"product-type-simple"},"yoast_head":"<!-- This site is optimized with the Yoast SEO plugin v27.5 - https:\/\/yoast.com\/product\/yoast-seo-wordpress\/ -->\n<title>PEDAL SONOR P\/BOMBO BATERIA DP 4000 S - Mexican Guitar Players<\/title>\n<meta name=\"description\" content=\"PEDAL SONOR P\/BOMBO BATERIA DP 4000 S. Doble pedal, nuevo dise\u00f1o de estibo, construcci\u00f3n de pilares independientes, ajuste infinito del soporte del baquet\u00f3n, bisagra con rodamiento de bolas en la placa del tal\u00f3n, nueva abrazadera de aro, baquet\u00f3n de 2 v\u00edas, nueva placa base antideslizante, doble cadena de accionamiento, varilla de conexi\u00f3n robusta tomada de la serie Giant Step, nuevo terminado Silver Lacquer Coating.\" \/>\n<meta name=\"robots\" content=\"index, follow, max-snippet:-1, max-image-preview:large, max-video-preview:-1\" \/>\n<link rel=\"canonical\" href=\"https:\/\/www.mexicanguitarplayers.com\/en\/tienda\/accesorios\/para-bateria\/hardware-para-bateria\/pedales\/pedal-sonor-p-bombo-bateria-dp-4000-s\/\" \/>\n<meta property=\"og:locale\" content=\"en_US\" \/>\n<meta property=\"og:type\" content=\"article\" \/>\n<meta property=\"og:title\" content=\"PEDAL SONOR P\/BOMBO BATERIA DP 4000 S - Mexican Guitar Players\" \/>\n<meta property=\"og:description\" content=\"PEDAL SONOR P\/BOMBO BATERIA DP 4000 S. Doble pedal, nuevo dise\u00f1o de estibo, construcci\u00f3n de pilares independientes, ajuste infinito del soporte del baquet\u00f3n, bisagra con rodamiento de bolas en la placa del tal\u00f3n, nueva abrazadera de aro, baquet\u00f3n de 2 v\u00edas, nueva placa base antideslizante, doble cadena de accionamiento, varilla de conexi\u00f3n robusta tomada de la serie Giant Step, nuevo terminado Silver Lacquer Coating.\" \/>\n<meta property=\"og:url\" content=\"https:\/\/www.mexicanguitarplayers.com\/en\/tienda\/accesorios\/para-bateria\/hardware-para-bateria\/pedales\/pedal-sonor-p-bombo-bateria-dp-4000-s\/\" \/>\n<meta property=\"og:site_name\" content=\"Mexican Guitar Players\" \/>\n<meta property=\"article:modified_time\" content=\"2026-05-01T13:31:41+00:00\" \/>\n<meta property=\"og:image\" content=\"https:\/\/www.mexicanguitarplayers.com\/wp-content\/uploads\/2022\/08\/VASORDP4000S.jpg\" \/>\n\t<meta property=\"og:image:width\" content=\"1200\" \/>\n\t<meta property=\"og:image:height\" content=\"1200\" \/>\n\t<meta property=\"og:image:type\" content=\"image\/jpeg\" \/>\n<meta name=\"twitter:card\" content=\"summary_large_image\" \/>\n<script type=\"application\/ld+json\" class=\"yoast-schema-graph\">{\"@context\":\"https:\\\/\\\/schema.org\",\"@graph\":[{\"@type\":[\"WebPage\",\"ItemPage\"],\"@id\":\"https:\\\/\\\/www.mexicanguitarplayers.com\\\/tienda\\\/accesorios\\\/para-bateria\\\/hardware-para-bateria\\\/pedales\\\/pedal-sonor-p-bombo-bateria-dp-4000-s\\\/\",\"url\":\"https:\\\/\\\/www.mexicanguitarplayers.com\\\/tienda\\\/accesorios\\\/para-bateria\\\/hardware-para-bateria\\\/pedales\\\/pedal-sonor-p-bombo-bateria-dp-4000-s\\\/\",\"name\":\"PEDAL SONOR P\\\/BOMBO BATERIA DP 4000 S - Mexican Guitar Players\",\"isPartOf\":{\"@id\":\"https:\\\/\\\/www.mexicanguitarplayers.com\\\/#website\"},\"primaryImageOfPage\":{\"@id\":\"https:\\\/\\\/www.mexicanguitarplayers.com\\\/tienda\\\/accesorios\\\/para-bateria\\\/hardware-para-bateria\\\/pedales\\\/pedal-sonor-p-bombo-bateria-dp-4000-s\\\/#primaryimage\"},\"image\":{\"@id\":\"https:\\\/\\\/www.mexicanguitarplayers.com\\\/tienda\\\/accesorios\\\/para-bateria\\\/hardware-para-bateria\\\/pedales\\\/pedal-sonor-p-bombo-bateria-dp-4000-s\\\/#primaryimage\"},\"thumbnailUrl\":\"https:\\\/\\\/www.mexicanguitarplayers.com\\\/wp-content\\\/uploads\\\/2022\\\/08\\\/VASORDP4000S.jpg\",\"datePublished\":\"2022-08-19T03:13:31+00:00\",\"dateModified\":\"2026-05-01T13:31:41+00:00\",\"description\":\"PEDAL SONOR P\\\/BOMBO BATERIA DP 4000 S. Doble pedal, nuevo dise\u00f1o de estibo, construcci\u00f3n de pilares independientes, ajuste infinito del soporte del baquet\u00f3n, bisagra con rodamiento de bolas en la placa del tal\u00f3n, nueva abrazadera de aro, baquet\u00f3n de 2 v\u00edas, nueva placa base antideslizante, doble cadena de accionamiento, varilla de conexi\u00f3n robusta tomada de la serie Giant Step, nuevo terminado Silver Lacquer Coating.\",\"breadcrumb\":{\"@id\":\"https:\\\/\\\/www.mexicanguitarplayers.com\\\/tienda\\\/accesorios\\\/para-bateria\\\/hardware-para-bateria\\\/pedales\\\/pedal-sonor-p-bombo-bateria-dp-4000-s\\\/#breadcrumb\"},\"inLanguage\":\"en-US\",\"potentialAction\":[{\"@type\":\"ReadAction\",\"target\":[\"https:\\\/\\\/www.mexicanguitarplayers.com\\\/tienda\\\/accesorios\\\/para-bateria\\\/hardware-para-bateria\\\/pedales\\\/pedal-sonor-p-bombo-bateria-dp-4000-s\\\/\"]}]},{\"@type\":\"ImageObject\",\"inLanguage\":\"en-US\",\"@id\":\"https:\\\/\\\/www.mexicanguitarplayers.com\\\/tienda\\\/accesorios\\\/para-bateria\\\/hardware-para-bateria\\\/pedales\\\/pedal-sonor-p-bombo-bateria-dp-4000-s\\\/#primaryimage\",\"url\":\"https:\\\/\\\/www.mexicanguitarplayers.com\\\/wp-content\\\/uploads\\\/2022\\\/08\\\/VASORDP4000S.jpg\",\"contentUrl\":\"https:\\\/\\\/www.mexicanguitarplayers.com\\\/wp-content\\\/uploads\\\/2022\\\/08\\\/VASORDP4000S.jpg\",\"width\":1200,\"height\":1200},{\"@type\":\"BreadcrumbList\",\"@id\":\"https:\\\/\\\/www.mexicanguitarplayers.com\\\/tienda\\\/accesorios\\\/para-bateria\\\/hardware-para-bateria\\\/pedales\\\/pedal-sonor-p-bombo-bateria-dp-4000-s\\\/#breadcrumb\",\"itemListElement\":[{\"@type\":\"ListItem\",\"position\":1,\"name\":\"Portada\",\"item\":\"https:\\\/\\\/www.mexicanguitarplayers.com\\\/\"},{\"@type\":\"ListItem\",\"position\":2,\"name\":\"Tienda\",\"item\":\"https:\\\/\\\/www.mexicanguitarplayers.com\\\/tienda\\\/\"},{\"@type\":\"ListItem\",\"position\":3,\"name\":\"PEDAL SONOR P\\\/BOMBO BATERIA DP 4000 S\"}]},{\"@type\":\"WebSite\",\"@id\":\"https:\\\/\\\/www.mexicanguitarplayers.com\\\/#website\",\"url\":\"https:\\\/\\\/www.mexicanguitarplayers.com\\\/\",\"name\":\"Mexican Guitar Players\",\"description\":\"Website\",\"publisher\":{\"@id\":\"https:\\\/\\\/www.mexicanguitarplayers.com\\\/#organization\"},\"potentialAction\":[{\"@type\":\"SearchAction\",\"target\":{\"@type\":\"EntryPoint\",\"urlTemplate\":\"https:\\\/\\\/www.mexicanguitarplayers.com\\\/?s={search_term_string}\"},\"query-input\":{\"@type\":\"PropertyValueSpecification\",\"valueRequired\":true,\"valueName\":\"search_term_string\"}}],\"inLanguage\":\"en-US\"},{\"@type\":\"Organization\",\"@id\":\"https:\\\/\\\/www.mexicanguitarplayers.com\\\/#organization\",\"name\":\"Mexican Guitar Players\",\"url\":\"https:\\\/\\\/www.mexicanguitarplayers.com\\\/\",\"logo\":{\"@type\":\"ImageObject\",\"inLanguage\":\"en-US\",\"@id\":\"https:\\\/\\\/www.mexicanguitarplayers.com\\\/#\\\/schema\\\/logo\\\/image\\\/\",\"url\":\"\",\"contentUrl\":\"\",\"caption\":\"Mexican Guitar Players\"},\"image\":{\"@id\":\"https:\\\/\\\/www.mexicanguitarplayers.com\\\/#\\\/schema\\\/logo\\\/image\\\/\"}}]}<\/script>\n<!-- \/ Yoast SEO plugin. -->","yoast_head_json":{"title":"PEDAL SONOR P\/BOMBO BATERIA DP 4000 S - Mexican Guitar Players","description":"PEDAL SONOR P\/BOMBO BATERIA DP 4000 S. Doble pedal, nuevo dise\u00f1o de estibo, construcci\u00f3n de pilares independientes, ajuste infinito del soporte del baquet\u00f3n, bisagra con rodamiento de bolas en la placa del tal\u00f3n, nueva abrazadera de aro, baquet\u00f3n de 2 v\u00edas, nueva placa base antideslizante, doble cadena de accionamiento, varilla de conexi\u00f3n robusta tomada de la serie Giant Step, nuevo terminado Silver Lacquer Coating.","robots":{"index":"index","follow":"follow","max-snippet":"max-snippet:-1","max-image-preview":"max-image-preview:large","max-video-preview":"max-video-preview:-1"},"canonical":"https:\/\/www.mexicanguitarplayers.com\/en\/tienda\/accesorios\/para-bateria\/hardware-para-bateria\/pedales\/pedal-sonor-p-bombo-bateria-dp-4000-s\/","og_locale":"en_US","og_type":"article","og_title":"PEDAL SONOR P\/BOMBO BATERIA DP 4000 S - Mexican Guitar Players","og_description":"PEDAL SONOR P\/BOMBO BATERIA DP 4000 S. Doble pedal, nuevo dise\u00f1o de estibo, construcci\u00f3n de pilares independientes, ajuste infinito del soporte del baquet\u00f3n, bisagra con rodamiento de bolas en la placa del tal\u00f3n, nueva abrazadera de aro, baquet\u00f3n de 2 v\u00edas, nueva placa base antideslizante, doble cadena de accionamiento, varilla de conexi\u00f3n robusta tomada de la serie Giant Step, nuevo terminado Silver Lacquer Coating.","og_url":"https:\/\/www.mexicanguitarplayers.com\/en\/tienda\/accesorios\/para-bateria\/hardware-para-bateria\/pedales\/pedal-sonor-p-bombo-bateria-dp-4000-s\/","og_site_name":"Mexican Guitar Players","article_modified_time":"2026-05-01T13:31:41+00:00","og_image":[{"width":1200,"height":1200,"url":"https:\/\/www.mexicanguitarplayers.com\/wp-content\/uploads\/2022\/08\/VASORDP4000S.jpg","type":"image\/jpeg"}],"twitter_card":"summary_large_image","schema":{"@context":"https:\/\/schema.org","@graph":[{"@type":["WebPage","ItemPage"],"@id":"https:\/\/www.mexicanguitarplayers.com\/tienda\/accesorios\/para-bateria\/hardware-para-bateria\/pedales\/pedal-sonor-p-bombo-bateria-dp-4000-s\/","url":"https:\/\/www.mexicanguitarplayers.com\/tienda\/accesorios\/para-bateria\/hardware-para-bateria\/pedales\/pedal-sonor-p-bombo-bateria-dp-4000-s\/","name":"PEDAL SONOR P\/BOMBO BATERIA DP 4000 S - Mexican Guitar Players","isPartOf":{"@id":"https:\/\/www.mexicanguitarplayers.com\/#website"},"primaryImageOfPage":{"@id":"https:\/\/www.mexicanguitarplayers.com\/tienda\/accesorios\/para-bateria\/hardware-para-bateria\/pedales\/pedal-sonor-p-bombo-bateria-dp-4000-s\/#primaryimage"},"image":{"@id":"https:\/\/www.mexicanguitarplayers.com\/tienda\/accesorios\/para-bateria\/hardware-para-bateria\/pedales\/pedal-sonor-p-bombo-bateria-dp-4000-s\/#primaryimage"},"thumbnailUrl":"https:\/\/www.mexicanguitarplayers.com\/wp-content\/uploads\/2022\/08\/VASORDP4000S.jpg","datePublished":"2022-08-19T03:13:31+00:00","dateModified":"2026-05-01T13:31:41+00:00","description":"PEDAL SONOR P\/BOMBO BATERIA DP 4000 S. Doble pedal, nuevo dise\u00f1o de estibo, construcci\u00f3n de pilares independientes, ajuste infinito del soporte del baquet\u00f3n, bisagra con rodamiento de bolas en la placa del tal\u00f3n, nueva abrazadera de aro, baquet\u00f3n de 2 v\u00edas, nueva placa base antideslizante, doble cadena de accionamiento, varilla de conexi\u00f3n robusta tomada de la serie Giant Step, nuevo terminado Silver Lacquer Coating.","breadcrumb":{"@id":"https:\/\/www.mexicanguitarplayers.com\/tienda\/accesorios\/para-bateria\/hardware-para-bateria\/pedales\/pedal-sonor-p-bombo-bateria-dp-4000-s\/#breadcrumb"},"inLanguage":"en-US","potentialAction":[{"@type":"ReadAction","target":["https:\/\/www.mexicanguitarplayers.com\/tienda\/accesorios\/para-bateria\/hardware-para-bateria\/pedales\/pedal-sonor-p-bombo-bateria-dp-4000-s\/"]}]},{"@type":"ImageObject","inLanguage":"en-US","@id":"https:\/\/www.mexicanguitarplayers.com\/tienda\/accesorios\/para-bateria\/hardware-para-bateria\/pedales\/pedal-sonor-p-bombo-bateria-dp-4000-s\/#primaryimage","url":"https:\/\/www.mexicanguitarplayers.com\/wp-content\/uploads\/2022\/08\/VASORDP4000S.jpg","contentUrl":"https:\/\/www.mexicanguitarplayers.com\/wp-content\/uploads\/2022\/08\/VASORDP4000S.jpg","width":1200,"height":1200},{"@type":"BreadcrumbList","@id":"https:\/\/www.mexicanguitarplayers.com\/tienda\/accesorios\/para-bateria\/hardware-para-bateria\/pedales\/pedal-sonor-p-bombo-bateria-dp-4000-s\/#breadcrumb","itemListElement":[{"@type":"ListItem","position":1,"name":"Portada","item":"https:\/\/www.mexicanguitarplayers.com\/"},{"@type":"ListItem","position":2,"name":"Tienda","item":"https:\/\/www.mexicanguitarplayers.com\/tienda\/"},{"@type":"ListItem","position":3,"name":"PEDAL SONOR P\/BOMBO BATERIA DP 4000 S"}]},{"@type":"WebSite","@id":"https:\/\/www.mexicanguitarplayers.com\/#website","url":"https:\/\/www.mexicanguitarplayers.com\/","name":"Mexican Guitar Players","description":"Website","publisher":{"@id":"https:\/\/www.mexicanguitarplayers.com\/#organization"},"potentialAction":[{"@type":"SearchAction","target":{"@type":"EntryPoint","urlTemplate":"https:\/\/www.mexicanguitarplayers.com\/?s={search_term_string}"},"query-input":{"@type":"PropertyValueSpecification","valueRequired":true,"valueName":"search_term_string"}}],"inLanguage":"en-US"},{"@type":"Organization","@id":"https:\/\/www.mexicanguitarplayers.com\/#organization","name":"Mexican Guitar Players","url":"https:\/\/www.mexicanguitarplayers.com\/","logo":{"@type":"ImageObject","inLanguage":"en-US","@id":"https:\/\/www.mexicanguitarplayers.com\/#\/schema\/logo\/image\/","url":"","contentUrl":"","caption":"Mexican Guitar Players"},"image":{"@id":"https:\/\/www.mexicanguitarplayers.com\/#\/schema\/logo\/image\/"}}]}},"brands":[{"id":321,"name":"SOUND","slug":"sonor"}],"_links":{"self":[{"href":"https:\/\/www.mexicanguitarplayers.com\/en\/wp-json\/wp\/v2\/product\/21080","targetHints":{"allow":["GET"]}}],"collection":[{"href":"https:\/\/www.mexicanguitarplayers.com\/en\/wp-json\/wp\/v2\/product"}],"about":[{"href":"https:\/\/www.mexicanguitarplayers.com\/en\/wp-json\/wp\/v2\/types\/product"}],"replies":[{"embeddable":true,"href":"https:\/\/www.mexicanguitarplayers.com\/en\/wp-json\/wp\/v2\/comments?post=21080"}],"wp:featuredmedia":[{"embeddable":true,"href":"https:\/\/www.mexicanguitarplayers.com\/en\/wp-json\/wp\/v2\/media\/21076"}],"wp:attachment":[{"href":"https:\/\/www.mexicanguitarplayers.com\/en\/wp-json\/wp\/v2\/media?parent=21080"}],"wp:term":[{"taxonomy":"pwb-brand","embeddable":true,"href":"https:\/\/www.mexicanguitarplayers.com\/en\/wp-json\/wp\/v2\/pwb-brand?post=21080"},{"taxonomy":"product_brand","embeddable":true,"href":"https:\/\/www.mexicanguitarplayers.com\/en\/wp-json\/wp\/v2\/product_brand?post=21080"},{"taxonomy":"product_cat","embeddable":true,"href":"https:\/\/www.mexicanguitarplayers.com\/en\/wp-json\/wp\/v2\/product_cat?post=21080"},{"taxonomy":"product_tag","embeddable":true,"href":"https:\/\/www.mexicanguitarplayers.com\/en\/wp-json\/wp\/v2\/product_tag?post=21080"}],"curies":[{"name":"wp","href":"https:\/\/api.w.org\/{rel}","templated":true}]}}