{"id":21172,"date":"2022-08-18T22:15:57","date_gmt":"2022-08-19T03:15:57","guid":{"rendered":"https:\/\/www.mexicanguitarplayers.com\/tienda\/sin%20categor\u00eda\/bahia-switchcraft-parcheo-mod-jp072s32a\/"},"modified":"2026-01-03T04:38:29","modified_gmt":"2026-01-03T10:38:29","slug":"bahia-switchcraft-parcheo-mod-jp072s32a","status":"publish","type":"product","link":"https:\/\/www.mexicanguitarplayers.com\/en\/tienda\/audio\/conectores\/multiconectores\/bahia-de-parcheo\/bahia-switchcraft-parcheo-mod-jp072s32a\/","title":{"rendered":"BAHIA SWITCHCRAFT PATCHING MOD.JP072S32A"},"content":{"rendered":"<div style=\"text-align: justify\">\n<div>\n<h3>BAHIA SWITCHCRAFT PATCHING MOD.JP072S32A<\/h3>\n<\/div>\n<div>Integral Designation Patch Bay, Panel and Mounting Strips: Black anodized extruded aluminum alloy per MIL-A-8625, Strip Marking Cover: Extruded plastic.<\/div>\n<\/div>","protected":false},"excerpt":{"rendered":"<p>Bah\u00eda de parcheo, panel y tiras de montaje de designaci\u00f3n integral: aleaci\u00f3n de aluminio extruido negro anodizado seg\u00fan MIL-A-8625, cubierta de marcado de tira: pl\u00e1stico extruido.&hellip; <a class=\"kt-excerpt-readmore more-link\" href=\"https:\/\/www.mexicanguitarplayers.com\/en\/tienda\/audio\/conectores\/multiconectores\/bahia-de-parcheo\/bahia-switchcraft-parcheo-mod-jp072s32a\/\">Read more<\/a><\/p>","protected":false},"featured_media":21170,"comment_status":"open","ping_status":"closed","template":"","meta":{"kt_blocks_editor_width":""},"pwb-brand":[640],"product_brand":[],"product_cat":[213,514,418,513],"product_tag":[],"class_list":{"0":"post-21172","1":"product","2":"type-product","3":"status-publish","4":"has-post-thumbnail","6":"pwb-brand-switchcraft","7":"product_cat-audio","8":"product_cat-bahia-de-parcheo","9":"product_cat-conectores","10":"product_cat-multiconectores","11":"product_shipping_class-0-5-kg","13":"first","14":"instock","15":"taxable","16":"shipping-taxable","17":"purchasable","18":"product-type-simple"},"yoast_head":"<!-- This site is optimized with the Yoast SEO plugin v27.3 - https:\/\/yoast.com\/product\/yoast-seo-wordpress\/ -->\n<title>BAHIA SWITCHCRAFT PARCHEO MOD.JP072S32A - Mexican Guitar Players<\/title>\n<meta name=\"description\" content=\"BAHIA SWITCHCRAFT PARCHEO MOD.JP072S32A. Bah\u00eda de parcheo, panel y tiras de montaje de designaci\u00f3n integral: aleaci\u00f3n de aluminio extruido negro anodizado seg\u00fan MIL-A-8625, cubierta de marcado de tira: pl\u00e1stico extruido.\" \/>\n<meta name=\"robots\" content=\"index, follow, max-snippet:-1, max-image-preview:large, max-video-preview:-1\" \/>\n<link rel=\"canonical\" href=\"https:\/\/www.mexicanguitarplayers.com\/en\/tienda\/audio\/conectores\/multiconectores\/bahia-de-parcheo\/bahia-switchcraft-parcheo-mod-jp072s32a\/\" \/>\n<meta property=\"og:locale\" content=\"en_US\" \/>\n<meta property=\"og:type\" content=\"article\" \/>\n<meta property=\"og:title\" content=\"BAHIA SWITCHCRAFT PARCHEO MOD.JP072S32A - Mexican Guitar Players\" \/>\n<meta property=\"og:description\" content=\"BAHIA SWITCHCRAFT PARCHEO MOD.JP072S32A. Bah\u00eda de parcheo, panel y tiras de montaje de designaci\u00f3n integral: aleaci\u00f3n de aluminio extruido negro anodizado seg\u00fan MIL-A-8625, cubierta de marcado de tira: pl\u00e1stico extruido.\" \/>\n<meta property=\"og:url\" content=\"https:\/\/www.mexicanguitarplayers.com\/en\/tienda\/audio\/conectores\/multiconectores\/bahia-de-parcheo\/bahia-switchcraft-parcheo-mod-jp072s32a\/\" \/>\n<meta property=\"og:site_name\" content=\"Mexican Guitar Players\" \/>\n<meta property=\"article:modified_time\" content=\"2026-01-03T10:38:29+00:00\" \/>\n<meta property=\"og:image\" content=\"https:\/\/www.mexicanguitarplayers.com\/wp-content\/uploads\/2022\/08\/VASWIJP072S32A.jpg\" \/>\n\t<meta property=\"og:image:width\" content=\"1600\" \/>\n\t<meta property=\"og:image:height\" content=\"800\" \/>\n\t<meta property=\"og:image:type\" content=\"image\/jpeg\" \/>\n<meta name=\"twitter:card\" content=\"summary_large_image\" \/>\n<script type=\"application\/ld+json\" class=\"yoast-schema-graph\">{\"@context\":\"https:\\\/\\\/schema.org\",\"@graph\":[{\"@type\":[\"WebPage\",\"ItemPage\"],\"@id\":\"https:\\\/\\\/www.mexicanguitarplayers.com\\\/tienda\\\/audio\\\/conectores\\\/multiconectores\\\/bahia-de-parcheo\\\/bahia-switchcraft-parcheo-mod-jp072s32a\\\/\",\"url\":\"https:\\\/\\\/www.mexicanguitarplayers.com\\\/tienda\\\/audio\\\/conectores\\\/multiconectores\\\/bahia-de-parcheo\\\/bahia-switchcraft-parcheo-mod-jp072s32a\\\/\",\"name\":\"BAHIA SWITCHCRAFT PARCHEO MOD.JP072S32A - Mexican Guitar Players\",\"isPartOf\":{\"@id\":\"https:\\\/\\\/www.mexicanguitarplayers.com\\\/#website\"},\"primaryImageOfPage\":{\"@id\":\"https:\\\/\\\/www.mexicanguitarplayers.com\\\/tienda\\\/audio\\\/conectores\\\/multiconectores\\\/bahia-de-parcheo\\\/bahia-switchcraft-parcheo-mod-jp072s32a\\\/#primaryimage\"},\"image\":{\"@id\":\"https:\\\/\\\/www.mexicanguitarplayers.com\\\/tienda\\\/audio\\\/conectores\\\/multiconectores\\\/bahia-de-parcheo\\\/bahia-switchcraft-parcheo-mod-jp072s32a\\\/#primaryimage\"},\"thumbnailUrl\":\"https:\\\/\\\/www.mexicanguitarplayers.com\\\/wp-content\\\/uploads\\\/2022\\\/08\\\/VASWIJP072S32A.jpg\",\"datePublished\":\"2022-08-19T03:15:57+00:00\",\"dateModified\":\"2026-01-03T10:38:29+00:00\",\"description\":\"BAHIA SWITCHCRAFT PARCHEO MOD.JP072S32A. Bah\u00eda de parcheo, panel y tiras de montaje de designaci\u00f3n integral: aleaci\u00f3n de aluminio extruido negro anodizado seg\u00fan MIL-A-8625, cubierta de marcado de tira: pl\u00e1stico extruido.\",\"breadcrumb\":{\"@id\":\"https:\\\/\\\/www.mexicanguitarplayers.com\\\/tienda\\\/audio\\\/conectores\\\/multiconectores\\\/bahia-de-parcheo\\\/bahia-switchcraft-parcheo-mod-jp072s32a\\\/#breadcrumb\"},\"inLanguage\":\"en-US\",\"potentialAction\":[{\"@type\":\"ReadAction\",\"target\":[\"https:\\\/\\\/www.mexicanguitarplayers.com\\\/tienda\\\/audio\\\/conectores\\\/multiconectores\\\/bahia-de-parcheo\\\/bahia-switchcraft-parcheo-mod-jp072s32a\\\/\"]}]},{\"@type\":\"ImageObject\",\"inLanguage\":\"en-US\",\"@id\":\"https:\\\/\\\/www.mexicanguitarplayers.com\\\/tienda\\\/audio\\\/conectores\\\/multiconectores\\\/bahia-de-parcheo\\\/bahia-switchcraft-parcheo-mod-jp072s32a\\\/#primaryimage\",\"url\":\"https:\\\/\\\/www.mexicanguitarplayers.com\\\/wp-content\\\/uploads\\\/2022\\\/08\\\/VASWIJP072S32A.jpg\",\"contentUrl\":\"https:\\\/\\\/www.mexicanguitarplayers.com\\\/wp-content\\\/uploads\\\/2022\\\/08\\\/VASWIJP072S32A.jpg\",\"width\":1600,\"height\":800},{\"@type\":\"BreadcrumbList\",\"@id\":\"https:\\\/\\\/www.mexicanguitarplayers.com\\\/tienda\\\/audio\\\/conectores\\\/multiconectores\\\/bahia-de-parcheo\\\/bahia-switchcraft-parcheo-mod-jp072s32a\\\/#breadcrumb\",\"itemListElement\":[{\"@type\":\"ListItem\",\"position\":1,\"name\":\"Portada\",\"item\":\"https:\\\/\\\/www.mexicanguitarplayers.com\\\/\"},{\"@type\":\"ListItem\",\"position\":2,\"name\":\"Tienda\",\"item\":\"https:\\\/\\\/www.mexicanguitarplayers.com\\\/tienda\\\/\"},{\"@type\":\"ListItem\",\"position\":3,\"name\":\"BAHIA SWITCHCRAFT PARCHEO MOD.JP072S32A\"}]},{\"@type\":\"WebSite\",\"@id\":\"https:\\\/\\\/www.mexicanguitarplayers.com\\\/#website\",\"url\":\"https:\\\/\\\/www.mexicanguitarplayers.com\\\/\",\"name\":\"Mexican Guitar Players\",\"description\":\"Website\",\"publisher\":{\"@id\":\"https:\\\/\\\/www.mexicanguitarplayers.com\\\/#organization\"},\"potentialAction\":[{\"@type\":\"SearchAction\",\"target\":{\"@type\":\"EntryPoint\",\"urlTemplate\":\"https:\\\/\\\/www.mexicanguitarplayers.com\\\/?s={search_term_string}\"},\"query-input\":{\"@type\":\"PropertyValueSpecification\",\"valueRequired\":true,\"valueName\":\"search_term_string\"}}],\"inLanguage\":\"en-US\"},{\"@type\":\"Organization\",\"@id\":\"https:\\\/\\\/www.mexicanguitarplayers.com\\\/#organization\",\"name\":\"Mexican Guitar Players\",\"url\":\"https:\\\/\\\/www.mexicanguitarplayers.com\\\/\",\"logo\":{\"@type\":\"ImageObject\",\"inLanguage\":\"en-US\",\"@id\":\"https:\\\/\\\/www.mexicanguitarplayers.com\\\/#\\\/schema\\\/logo\\\/image\\\/\",\"url\":\"\",\"contentUrl\":\"\",\"caption\":\"Mexican Guitar Players\"},\"image\":{\"@id\":\"https:\\\/\\\/www.mexicanguitarplayers.com\\\/#\\\/schema\\\/logo\\\/image\\\/\"}}]}<\/script>\n<!-- \/ Yoast SEO plugin. -->","yoast_head_json":{"title":"BAHIA SWITCHCRAFT PARCHEO MOD.JP072S32A - Mexican Guitar Players","description":"BAHIA SWITCHCRAFT PARCHEO MOD.JP072S32A. Bah\u00eda de parcheo, panel y tiras de montaje de designaci\u00f3n integral: aleaci\u00f3n de aluminio extruido negro anodizado seg\u00fan MIL-A-8625, cubierta de marcado de tira: pl\u00e1stico extruido.","robots":{"index":"index","follow":"follow","max-snippet":"max-snippet:-1","max-image-preview":"max-image-preview:large","max-video-preview":"max-video-preview:-1"},"canonical":"https:\/\/www.mexicanguitarplayers.com\/en\/tienda\/audio\/conectores\/multiconectores\/bahia-de-parcheo\/bahia-switchcraft-parcheo-mod-jp072s32a\/","og_locale":"en_US","og_type":"article","og_title":"BAHIA SWITCHCRAFT PARCHEO MOD.JP072S32A - Mexican Guitar Players","og_description":"BAHIA SWITCHCRAFT PARCHEO MOD.JP072S32A. Bah\u00eda de parcheo, panel y tiras de montaje de designaci\u00f3n integral: aleaci\u00f3n de aluminio extruido negro anodizado seg\u00fan MIL-A-8625, cubierta de marcado de tira: pl\u00e1stico extruido.","og_url":"https:\/\/www.mexicanguitarplayers.com\/en\/tienda\/audio\/conectores\/multiconectores\/bahia-de-parcheo\/bahia-switchcraft-parcheo-mod-jp072s32a\/","og_site_name":"Mexican Guitar Players","article_modified_time":"2026-01-03T10:38:29+00:00","og_image":[{"width":1600,"height":800,"url":"https:\/\/www.mexicanguitarplayers.com\/wp-content\/uploads\/2022\/08\/VASWIJP072S32A.jpg","type":"image\/jpeg"}],"twitter_card":"summary_large_image","schema":{"@context":"https:\/\/schema.org","@graph":[{"@type":["WebPage","ItemPage"],"@id":"https:\/\/www.mexicanguitarplayers.com\/tienda\/audio\/conectores\/multiconectores\/bahia-de-parcheo\/bahia-switchcraft-parcheo-mod-jp072s32a\/","url":"https:\/\/www.mexicanguitarplayers.com\/tienda\/audio\/conectores\/multiconectores\/bahia-de-parcheo\/bahia-switchcraft-parcheo-mod-jp072s32a\/","name":"BAHIA SWITCHCRAFT PARCHEO MOD.JP072S32A - Mexican Guitar Players","isPartOf":{"@id":"https:\/\/www.mexicanguitarplayers.com\/#website"},"primaryImageOfPage":{"@id":"https:\/\/www.mexicanguitarplayers.com\/tienda\/audio\/conectores\/multiconectores\/bahia-de-parcheo\/bahia-switchcraft-parcheo-mod-jp072s32a\/#primaryimage"},"image":{"@id":"https:\/\/www.mexicanguitarplayers.com\/tienda\/audio\/conectores\/multiconectores\/bahia-de-parcheo\/bahia-switchcraft-parcheo-mod-jp072s32a\/#primaryimage"},"thumbnailUrl":"https:\/\/www.mexicanguitarplayers.com\/wp-content\/uploads\/2022\/08\/VASWIJP072S32A.jpg","datePublished":"2022-08-19T03:15:57+00:00","dateModified":"2026-01-03T10:38:29+00:00","description":"BAHIA SWITCHCRAFT PARCHEO MOD.JP072S32A. Bah\u00eda de parcheo, panel y tiras de montaje de designaci\u00f3n integral: aleaci\u00f3n de aluminio extruido negro anodizado seg\u00fan MIL-A-8625, cubierta de marcado de tira: pl\u00e1stico extruido.","breadcrumb":{"@id":"https:\/\/www.mexicanguitarplayers.com\/tienda\/audio\/conectores\/multiconectores\/bahia-de-parcheo\/bahia-switchcraft-parcheo-mod-jp072s32a\/#breadcrumb"},"inLanguage":"en-US","potentialAction":[{"@type":"ReadAction","target":["https:\/\/www.mexicanguitarplayers.com\/tienda\/audio\/conectores\/multiconectores\/bahia-de-parcheo\/bahia-switchcraft-parcheo-mod-jp072s32a\/"]}]},{"@type":"ImageObject","inLanguage":"en-US","@id":"https:\/\/www.mexicanguitarplayers.com\/tienda\/audio\/conectores\/multiconectores\/bahia-de-parcheo\/bahia-switchcraft-parcheo-mod-jp072s32a\/#primaryimage","url":"https:\/\/www.mexicanguitarplayers.com\/wp-content\/uploads\/2022\/08\/VASWIJP072S32A.jpg","contentUrl":"https:\/\/www.mexicanguitarplayers.com\/wp-content\/uploads\/2022\/08\/VASWIJP072S32A.jpg","width":1600,"height":800},{"@type":"BreadcrumbList","@id":"https:\/\/www.mexicanguitarplayers.com\/tienda\/audio\/conectores\/multiconectores\/bahia-de-parcheo\/bahia-switchcraft-parcheo-mod-jp072s32a\/#breadcrumb","itemListElement":[{"@type":"ListItem","position":1,"name":"Portada","item":"https:\/\/www.mexicanguitarplayers.com\/"},{"@type":"ListItem","position":2,"name":"Tienda","item":"https:\/\/www.mexicanguitarplayers.com\/tienda\/"},{"@type":"ListItem","position":3,"name":"BAHIA SWITCHCRAFT PARCHEO MOD.JP072S32A"}]},{"@type":"WebSite","@id":"https:\/\/www.mexicanguitarplayers.com\/#website","url":"https:\/\/www.mexicanguitarplayers.com\/","name":"Mexican Guitar Players","description":"Website","publisher":{"@id":"https:\/\/www.mexicanguitarplayers.com\/#organization"},"potentialAction":[{"@type":"SearchAction","target":{"@type":"EntryPoint","urlTemplate":"https:\/\/www.mexicanguitarplayers.com\/?s={search_term_string}"},"query-input":{"@type":"PropertyValueSpecification","valueRequired":true,"valueName":"search_term_string"}}],"inLanguage":"en-US"},{"@type":"Organization","@id":"https:\/\/www.mexicanguitarplayers.com\/#organization","name":"Mexican Guitar Players","url":"https:\/\/www.mexicanguitarplayers.com\/","logo":{"@type":"ImageObject","inLanguage":"en-US","@id":"https:\/\/www.mexicanguitarplayers.com\/#\/schema\/logo\/image\/","url":"","contentUrl":"","caption":"Mexican Guitar Players"},"image":{"@id":"https:\/\/www.mexicanguitarplayers.com\/#\/schema\/logo\/image\/"}}]}},"brands":[{"id":640,"name":"SWITCHCRAFT","slug":"switchcraft"}],"_links":{"self":[{"href":"https:\/\/www.mexicanguitarplayers.com\/en\/wp-json\/wp\/v2\/product\/21172","targetHints":{"allow":["GET"]}}],"collection":[{"href":"https:\/\/www.mexicanguitarplayers.com\/en\/wp-json\/wp\/v2\/product"}],"about":[{"href":"https:\/\/www.mexicanguitarplayers.com\/en\/wp-json\/wp\/v2\/types\/product"}],"replies":[{"embeddable":true,"href":"https:\/\/www.mexicanguitarplayers.com\/en\/wp-json\/wp\/v2\/comments?post=21172"}],"wp:featuredmedia":[{"embeddable":true,"href":"https:\/\/www.mexicanguitarplayers.com\/en\/wp-json\/wp\/v2\/media\/21170"}],"wp:attachment":[{"href":"https:\/\/www.mexicanguitarplayers.com\/en\/wp-json\/wp\/v2\/media?parent=21172"}],"wp:term":[{"taxonomy":"pwb-brand","embeddable":true,"href":"https:\/\/www.mexicanguitarplayers.com\/en\/wp-json\/wp\/v2\/pwb-brand?post=21172"},{"taxonomy":"product_brand","embeddable":true,"href":"https:\/\/www.mexicanguitarplayers.com\/en\/wp-json\/wp\/v2\/product_brand?post=21172"},{"taxonomy":"product_cat","embeddable":true,"href":"https:\/\/www.mexicanguitarplayers.com\/en\/wp-json\/wp\/v2\/product_cat?post=21172"},{"taxonomy":"product_tag","embeddable":true,"href":"https:\/\/www.mexicanguitarplayers.com\/en\/wp-json\/wp\/v2\/product_tag?post=21172"}],"curies":[{"name":"wp","href":"https:\/\/api.w.org\/{rel}","templated":true}]}}