{"id":21175,"date":"2022-08-18T22:16:01","date_gmt":"2022-08-19T03:16:01","guid":{"rendered":"https:\/\/www.mexicanguitarplayers.com\/tienda\/sin%20categor\u00eda\/bahia-switchcraft-parcheo-mod-mt52fnx\/"},"modified":"2025-04-06T17:37:56","modified_gmt":"2025-04-06T23:37:56","slug":"bahia-switchcraft-parcheo-mod-mt52fnx","status":"publish","type":"product","link":"https:\/\/www.mexicanguitarplayers.com\/en\/tienda\/audio\/cables\/cables-armados\/cables-de-parcheo\/bahia-switchcraft-parcheo-mod-mt52fnx\/","title":{"rendered":"BAHIA SWITCHCRAFT PATCH MOD.MT52FNX"},"content":{"rendered":"<div style=\"text-align: justify\">\n<div>\n<h3>BAHIA SWITCHCRAFT PATCH MOD.MT52FNX<\/h3>\n<\/div>\n<div>Patch bay, one rack unit, rugged and versatile, multi-configuration standardization and solder terminals, cable tie, changeable designation strips, heavy-duty 1\/4&quot; jacks.<\/div>\n<\/div>","protected":false},"excerpt":{"rendered":"<p>Bah\u00eda de parcheo, una unidad de rack, resistente y vers\u00e1til, normalizaci\u00f3n de m\u00faltiples configuraciones y terminales soldadas, brida para cable, tiras de designaci\u00f3n cambiables, jacks de 1\/4\u201d de trabajo pesado.&hellip; <a class=\"kt-excerpt-readmore more-link\" href=\"https:\/\/www.mexicanguitarplayers.com\/en\/tienda\/audio\/cables\/cables-armados\/cables-de-parcheo\/bahia-switchcraft-parcheo-mod-mt52fnx\/\">Read more<\/a><\/p>","protected":false},"featured_media":21173,"comment_status":"open","ping_status":"closed","template":"","meta":{"kt_blocks_editor_width":""},"pwb-brand":[640],"product_brand":[],"product_cat":[213,358,359,361],"product_tag":[],"class_list":{"0":"post-21175","1":"product","2":"type-product","3":"status-publish","4":"has-post-thumbnail","6":"pwb-brand-switchcraft","7":"product_cat-audio","8":"product_cat-cables","9":"product_cat-cables-armados","10":"product_cat-cables-de-parcheo","11":"product_shipping_class-0-5-kg","13":"first","14":"instock","15":"taxable","16":"shipping-taxable","17":"purchasable","18":"product-type-simple"},"yoast_head":"<!-- This site is optimized with the Yoast SEO plugin v27.3 - https:\/\/yoast.com\/product\/yoast-seo-wordpress\/ -->\n<title>BAHIA SWITCHCRAFT PARCHEO MOD.MT52FNX - Mexican Guitar Players<\/title>\n<meta name=\"description\" content=\"BAHIA SWITCHCRAFT PARCHEO MOD.MT52FNX. Bah\u00eda de parcheo, una unidad de rack, resistente y vers\u00e1til, normalizaci\u00f3n de m\u00faltiples configuraciones y terminales soldadas, brida para cable, tiras de designaci\u00f3n cambiables, jacks de 1\/4\u201d de trabajo pesado.\" \/>\n<meta name=\"robots\" content=\"index, follow, max-snippet:-1, max-image-preview:large, max-video-preview:-1\" \/>\n<link rel=\"canonical\" href=\"https:\/\/www.mexicanguitarplayers.com\/en\/tienda\/audio\/cables\/cables-armados\/cables-de-parcheo\/bahia-switchcraft-parcheo-mod-mt52fnx\/\" \/>\n<meta property=\"og:locale\" content=\"en_US\" \/>\n<meta property=\"og:type\" content=\"article\" \/>\n<meta property=\"og:title\" content=\"BAHIA SWITCHCRAFT PARCHEO MOD.MT52FNX - Mexican Guitar Players\" \/>\n<meta property=\"og:description\" content=\"BAHIA SWITCHCRAFT PARCHEO MOD.MT52FNX. Bah\u00eda de parcheo, una unidad de rack, resistente y vers\u00e1til, normalizaci\u00f3n de m\u00faltiples configuraciones y terminales soldadas, brida para cable, tiras de designaci\u00f3n cambiables, jacks de 1\/4\u201d de trabajo pesado.\" \/>\n<meta property=\"og:url\" content=\"https:\/\/www.mexicanguitarplayers.com\/en\/tienda\/audio\/cables\/cables-armados\/cables-de-parcheo\/bahia-switchcraft-parcheo-mod-mt52fnx\/\" \/>\n<meta property=\"og:site_name\" content=\"Mexican Guitar Players\" \/>\n<meta property=\"article:modified_time\" content=\"2025-04-06T23:37:56+00:00\" \/>\n<meta property=\"og:image\" content=\"https:\/\/www.mexicanguitarplayers.com\/wp-content\/uploads\/2022\/08\/VASWIMT52FNX.jpg\" \/>\n\t<meta property=\"og:image:width\" content=\"1600\" \/>\n\t<meta property=\"og:image:height\" content=\"800\" \/>\n\t<meta property=\"og:image:type\" content=\"image\/jpeg\" \/>\n<meta name=\"twitter:card\" content=\"summary_large_image\" \/>\n<script type=\"application\/ld+json\" class=\"yoast-schema-graph\">{\"@context\":\"https:\\\/\\\/schema.org\",\"@graph\":[{\"@type\":[\"WebPage\",\"ItemPage\"],\"@id\":\"https:\\\/\\\/www.mexicanguitarplayers.com\\\/tienda\\\/audio\\\/cables\\\/cables-armados\\\/cables-de-parcheo\\\/bahia-switchcraft-parcheo-mod-mt52fnx\\\/\",\"url\":\"https:\\\/\\\/www.mexicanguitarplayers.com\\\/tienda\\\/audio\\\/cables\\\/cables-armados\\\/cables-de-parcheo\\\/bahia-switchcraft-parcheo-mod-mt52fnx\\\/\",\"name\":\"BAHIA SWITCHCRAFT PARCHEO MOD.MT52FNX - Mexican Guitar Players\",\"isPartOf\":{\"@id\":\"https:\\\/\\\/www.mexicanguitarplayers.com\\\/#website\"},\"primaryImageOfPage\":{\"@id\":\"https:\\\/\\\/www.mexicanguitarplayers.com\\\/tienda\\\/audio\\\/cables\\\/cables-armados\\\/cables-de-parcheo\\\/bahia-switchcraft-parcheo-mod-mt52fnx\\\/#primaryimage\"},\"image\":{\"@id\":\"https:\\\/\\\/www.mexicanguitarplayers.com\\\/tienda\\\/audio\\\/cables\\\/cables-armados\\\/cables-de-parcheo\\\/bahia-switchcraft-parcheo-mod-mt52fnx\\\/#primaryimage\"},\"thumbnailUrl\":\"https:\\\/\\\/www.mexicanguitarplayers.com\\\/wp-content\\\/uploads\\\/2022\\\/08\\\/VASWIMT52FNX.jpg\",\"datePublished\":\"2022-08-19T03:16:01+00:00\",\"dateModified\":\"2025-04-06T23:37:56+00:00\",\"description\":\"BAHIA SWITCHCRAFT PARCHEO MOD.MT52FNX. Bah\u00eda de parcheo, una unidad de rack, resistente y vers\u00e1til, normalizaci\u00f3n de m\u00faltiples configuraciones y terminales soldadas, brida para cable, tiras de designaci\u00f3n cambiables, jacks de 1\\\/4\u201d de trabajo pesado.\",\"breadcrumb\":{\"@id\":\"https:\\\/\\\/www.mexicanguitarplayers.com\\\/tienda\\\/audio\\\/cables\\\/cables-armados\\\/cables-de-parcheo\\\/bahia-switchcraft-parcheo-mod-mt52fnx\\\/#breadcrumb\"},\"inLanguage\":\"en-US\",\"potentialAction\":[{\"@type\":\"ReadAction\",\"target\":[\"https:\\\/\\\/www.mexicanguitarplayers.com\\\/tienda\\\/audio\\\/cables\\\/cables-armados\\\/cables-de-parcheo\\\/bahia-switchcraft-parcheo-mod-mt52fnx\\\/\"]}]},{\"@type\":\"ImageObject\",\"inLanguage\":\"en-US\",\"@id\":\"https:\\\/\\\/www.mexicanguitarplayers.com\\\/tienda\\\/audio\\\/cables\\\/cables-armados\\\/cables-de-parcheo\\\/bahia-switchcraft-parcheo-mod-mt52fnx\\\/#primaryimage\",\"url\":\"https:\\\/\\\/www.mexicanguitarplayers.com\\\/wp-content\\\/uploads\\\/2022\\\/08\\\/VASWIMT52FNX.jpg\",\"contentUrl\":\"https:\\\/\\\/www.mexicanguitarplayers.com\\\/wp-content\\\/uploads\\\/2022\\\/08\\\/VASWIMT52FNX.jpg\",\"width\":1600,\"height\":800},{\"@type\":\"BreadcrumbList\",\"@id\":\"https:\\\/\\\/www.mexicanguitarplayers.com\\\/tienda\\\/audio\\\/cables\\\/cables-armados\\\/cables-de-parcheo\\\/bahia-switchcraft-parcheo-mod-mt52fnx\\\/#breadcrumb\",\"itemListElement\":[{\"@type\":\"ListItem\",\"position\":1,\"name\":\"Portada\",\"item\":\"https:\\\/\\\/www.mexicanguitarplayers.com\\\/\"},{\"@type\":\"ListItem\",\"position\":2,\"name\":\"Tienda\",\"item\":\"https:\\\/\\\/www.mexicanguitarplayers.com\\\/tienda\\\/\"},{\"@type\":\"ListItem\",\"position\":3,\"name\":\"BAHIA SWITCHCRAFT PARCHEO MOD.MT52FNX\"}]},{\"@type\":\"WebSite\",\"@id\":\"https:\\\/\\\/www.mexicanguitarplayers.com\\\/#website\",\"url\":\"https:\\\/\\\/www.mexicanguitarplayers.com\\\/\",\"name\":\"Mexican Guitar Players\",\"description\":\"Website\",\"publisher\":{\"@id\":\"https:\\\/\\\/www.mexicanguitarplayers.com\\\/#organization\"},\"potentialAction\":[{\"@type\":\"SearchAction\",\"target\":{\"@type\":\"EntryPoint\",\"urlTemplate\":\"https:\\\/\\\/www.mexicanguitarplayers.com\\\/?s={search_term_string}\"},\"query-input\":{\"@type\":\"PropertyValueSpecification\",\"valueRequired\":true,\"valueName\":\"search_term_string\"}}],\"inLanguage\":\"en-US\"},{\"@type\":\"Organization\",\"@id\":\"https:\\\/\\\/www.mexicanguitarplayers.com\\\/#organization\",\"name\":\"Mexican Guitar Players\",\"url\":\"https:\\\/\\\/www.mexicanguitarplayers.com\\\/\",\"logo\":{\"@type\":\"ImageObject\",\"inLanguage\":\"en-US\",\"@id\":\"https:\\\/\\\/www.mexicanguitarplayers.com\\\/#\\\/schema\\\/logo\\\/image\\\/\",\"url\":\"\",\"contentUrl\":\"\",\"caption\":\"Mexican Guitar Players\"},\"image\":{\"@id\":\"https:\\\/\\\/www.mexicanguitarplayers.com\\\/#\\\/schema\\\/logo\\\/image\\\/\"}}]}<\/script>\n<!-- \/ Yoast SEO plugin. -->","yoast_head_json":{"title":"BAHIA SWITCHCRAFT PARCHEO MOD.MT52FNX - Mexican Guitar Players","description":"BAHIA SWITCHCRAFT PARCHEO MOD.MT52FNX. Bah\u00eda de parcheo, una unidad de rack, resistente y vers\u00e1til, normalizaci\u00f3n de m\u00faltiples configuraciones y terminales soldadas, brida para cable, tiras de designaci\u00f3n cambiables, jacks de 1\/4\u201d de trabajo pesado.","robots":{"index":"index","follow":"follow","max-snippet":"max-snippet:-1","max-image-preview":"max-image-preview:large","max-video-preview":"max-video-preview:-1"},"canonical":"https:\/\/www.mexicanguitarplayers.com\/en\/tienda\/audio\/cables\/cables-armados\/cables-de-parcheo\/bahia-switchcraft-parcheo-mod-mt52fnx\/","og_locale":"en_US","og_type":"article","og_title":"BAHIA SWITCHCRAFT PARCHEO MOD.MT52FNX - Mexican Guitar Players","og_description":"BAHIA SWITCHCRAFT PARCHEO MOD.MT52FNX. Bah\u00eda de parcheo, una unidad de rack, resistente y vers\u00e1til, normalizaci\u00f3n de m\u00faltiples configuraciones y terminales soldadas, brida para cable, tiras de designaci\u00f3n cambiables, jacks de 1\/4\u201d de trabajo pesado.","og_url":"https:\/\/www.mexicanguitarplayers.com\/en\/tienda\/audio\/cables\/cables-armados\/cables-de-parcheo\/bahia-switchcraft-parcheo-mod-mt52fnx\/","og_site_name":"Mexican Guitar Players","article_modified_time":"2025-04-06T23:37:56+00:00","og_image":[{"width":1600,"height":800,"url":"https:\/\/www.mexicanguitarplayers.com\/wp-content\/uploads\/2022\/08\/VASWIMT52FNX.jpg","type":"image\/jpeg"}],"twitter_card":"summary_large_image","schema":{"@context":"https:\/\/schema.org","@graph":[{"@type":["WebPage","ItemPage"],"@id":"https:\/\/www.mexicanguitarplayers.com\/tienda\/audio\/cables\/cables-armados\/cables-de-parcheo\/bahia-switchcraft-parcheo-mod-mt52fnx\/","url":"https:\/\/www.mexicanguitarplayers.com\/tienda\/audio\/cables\/cables-armados\/cables-de-parcheo\/bahia-switchcraft-parcheo-mod-mt52fnx\/","name":"BAHIA SWITCHCRAFT PARCHEO MOD.MT52FNX - Mexican Guitar Players","isPartOf":{"@id":"https:\/\/www.mexicanguitarplayers.com\/#website"},"primaryImageOfPage":{"@id":"https:\/\/www.mexicanguitarplayers.com\/tienda\/audio\/cables\/cables-armados\/cables-de-parcheo\/bahia-switchcraft-parcheo-mod-mt52fnx\/#primaryimage"},"image":{"@id":"https:\/\/www.mexicanguitarplayers.com\/tienda\/audio\/cables\/cables-armados\/cables-de-parcheo\/bahia-switchcraft-parcheo-mod-mt52fnx\/#primaryimage"},"thumbnailUrl":"https:\/\/www.mexicanguitarplayers.com\/wp-content\/uploads\/2022\/08\/VASWIMT52FNX.jpg","datePublished":"2022-08-19T03:16:01+00:00","dateModified":"2025-04-06T23:37:56+00:00","description":"BAHIA SWITCHCRAFT PARCHEO MOD.MT52FNX. Bah\u00eda de parcheo, una unidad de rack, resistente y vers\u00e1til, normalizaci\u00f3n de m\u00faltiples configuraciones y terminales soldadas, brida para cable, tiras de designaci\u00f3n cambiables, jacks de 1\/4\u201d de trabajo pesado.","breadcrumb":{"@id":"https:\/\/www.mexicanguitarplayers.com\/tienda\/audio\/cables\/cables-armados\/cables-de-parcheo\/bahia-switchcraft-parcheo-mod-mt52fnx\/#breadcrumb"},"inLanguage":"en-US","potentialAction":[{"@type":"ReadAction","target":["https:\/\/www.mexicanguitarplayers.com\/tienda\/audio\/cables\/cables-armados\/cables-de-parcheo\/bahia-switchcraft-parcheo-mod-mt52fnx\/"]}]},{"@type":"ImageObject","inLanguage":"en-US","@id":"https:\/\/www.mexicanguitarplayers.com\/tienda\/audio\/cables\/cables-armados\/cables-de-parcheo\/bahia-switchcraft-parcheo-mod-mt52fnx\/#primaryimage","url":"https:\/\/www.mexicanguitarplayers.com\/wp-content\/uploads\/2022\/08\/VASWIMT52FNX.jpg","contentUrl":"https:\/\/www.mexicanguitarplayers.com\/wp-content\/uploads\/2022\/08\/VASWIMT52FNX.jpg","width":1600,"height":800},{"@type":"BreadcrumbList","@id":"https:\/\/www.mexicanguitarplayers.com\/tienda\/audio\/cables\/cables-armados\/cables-de-parcheo\/bahia-switchcraft-parcheo-mod-mt52fnx\/#breadcrumb","itemListElement":[{"@type":"ListItem","position":1,"name":"Portada","item":"https:\/\/www.mexicanguitarplayers.com\/"},{"@type":"ListItem","position":2,"name":"Tienda","item":"https:\/\/www.mexicanguitarplayers.com\/tienda\/"},{"@type":"ListItem","position":3,"name":"BAHIA SWITCHCRAFT PARCHEO MOD.MT52FNX"}]},{"@type":"WebSite","@id":"https:\/\/www.mexicanguitarplayers.com\/#website","url":"https:\/\/www.mexicanguitarplayers.com\/","name":"Mexican Guitar Players","description":"Website","publisher":{"@id":"https:\/\/www.mexicanguitarplayers.com\/#organization"},"potentialAction":[{"@type":"SearchAction","target":{"@type":"EntryPoint","urlTemplate":"https:\/\/www.mexicanguitarplayers.com\/?s={search_term_string}"},"query-input":{"@type":"PropertyValueSpecification","valueRequired":true,"valueName":"search_term_string"}}],"inLanguage":"en-US"},{"@type":"Organization","@id":"https:\/\/www.mexicanguitarplayers.com\/#organization","name":"Mexican Guitar Players","url":"https:\/\/www.mexicanguitarplayers.com\/","logo":{"@type":"ImageObject","inLanguage":"en-US","@id":"https:\/\/www.mexicanguitarplayers.com\/#\/schema\/logo\/image\/","url":"","contentUrl":"","caption":"Mexican Guitar Players"},"image":{"@id":"https:\/\/www.mexicanguitarplayers.com\/#\/schema\/logo\/image\/"}}]}},"brands":[{"id":640,"name":"SWITCHCRAFT","slug":"switchcraft"}],"_links":{"self":[{"href":"https:\/\/www.mexicanguitarplayers.com\/en\/wp-json\/wp\/v2\/product\/21175","targetHints":{"allow":["GET"]}}],"collection":[{"href":"https:\/\/www.mexicanguitarplayers.com\/en\/wp-json\/wp\/v2\/product"}],"about":[{"href":"https:\/\/www.mexicanguitarplayers.com\/en\/wp-json\/wp\/v2\/types\/product"}],"replies":[{"embeddable":true,"href":"https:\/\/www.mexicanguitarplayers.com\/en\/wp-json\/wp\/v2\/comments?post=21175"}],"wp:featuredmedia":[{"embeddable":true,"href":"https:\/\/www.mexicanguitarplayers.com\/en\/wp-json\/wp\/v2\/media\/21173"}],"wp:attachment":[{"href":"https:\/\/www.mexicanguitarplayers.com\/en\/wp-json\/wp\/v2\/media?parent=21175"}],"wp:term":[{"taxonomy":"pwb-brand","embeddable":true,"href":"https:\/\/www.mexicanguitarplayers.com\/en\/wp-json\/wp\/v2\/pwb-brand?post=21175"},{"taxonomy":"product_brand","embeddable":true,"href":"https:\/\/www.mexicanguitarplayers.com\/en\/wp-json\/wp\/v2\/product_brand?post=21175"},{"taxonomy":"product_cat","embeddable":true,"href":"https:\/\/www.mexicanguitarplayers.com\/en\/wp-json\/wp\/v2\/product_cat?post=21175"},{"taxonomy":"product_tag","embeddable":true,"href":"https:\/\/www.mexicanguitarplayers.com\/en\/wp-json\/wp\/v2\/product_tag?post=21175"}],"curies":[{"name":"wp","href":"https:\/\/api.w.org\/{rel}","templated":true}]}}