{"id":21237,"date":"2022-08-18T22:17:54","date_gmt":"2022-08-19T03:17:54","guid":{"rendered":"https:\/\/www.mexicanguitarplayers.com\/tienda\/sin%20categor\u00eda\/audifonos-westone-mod-um-pro50-gen-2\/"},"modified":"2026-01-03T04:38:04","modified_gmt":"2026-01-03T10:38:04","slug":"audifonos-westone-mod-um-pro50-gen-2","status":"publish","type":"product","link":"https:\/\/www.mexicanguitarplayers.com\/en\/tienda\/audio\/audifonos\/audifono-alambrico\/audifono-para-estudio\/audifonos-westone-mod-um-pro50-gen-2\/","title":{"rendered":"HEADPHONES WESTONE MOD. UM PRO50 GEN 2"},"content":{"rendered":"<div style=\"text-align: justify\">\n<div>\n<h3>HEADPHONES WESTONE MOD. UM PRO50 GEN 2<\/h3>\n<\/div>\n<div>Monitor headphones with 5 balanced armature drivers with 3-way crossover, Westone True-Fit technology, replaceable kevlar cable, sensitivity: 115 dBSPL @ 1 mW, frequency response: 20 Hz \u2013 20 kHz, made in USA, includes 5 rubber bands patented STAR silicone and 5 True-Fit foam ear tips, miniature case and cleaning tool.<\/div>\n<\/div>","protected":false},"excerpt":{"rendered":"<p>Aud\u00edfonos monitores con 5 drivers de armadura balanceada con crossover de 3 v\u00edas, tecnolog\u00eda True-Fit de Westone, cable reemplazable de kevlar, sensibilidad: 115 dBSPL @ 1 mW, respuesta de frecuencia: 20 Hz &#8211; 20 kHz, fabricados en USA, incluye5 gomas de silicona STAR patentada y 5 gomas de espuma True-Fit para los o\u00eddos, estuche miniatura y herramienta de limpieza.&hellip; <a class=\"kt-excerpt-readmore more-link\" href=\"https:\/\/www.mexicanguitarplayers.com\/en\/tienda\/audio\/audifonos\/audifono-alambrico\/audifono-para-estudio\/audifonos-westone-mod-um-pro50-gen-2\/\">Read more<\/a><\/p>","protected":false},"featured_media":21236,"comment_status":"open","ping_status":"closed","template":"","meta":{"kt_blocks_editor_width":""},"pwb-brand":[651],"product_brand":[],"product_cat":[506,507,505,213],"product_tag":[],"class_list":{"0":"post-21237","1":"product","2":"type-product","3":"status-publish","4":"has-post-thumbnail","6":"pwb-brand-westone-audio","7":"product_cat-audifono-alambrico","8":"product_cat-audifono-para-estudio","9":"product_cat-audifonos","10":"product_cat-audio","11":"product_shipping_class-0-5-kg","13":"first","14":"outofstock","15":"taxable","16":"shipping-taxable","17":"purchasable","18":"product-type-simple"},"yoast_head":"<!-- This site is optimized with the Yoast SEO plugin v27.3 - https:\/\/yoast.com\/product\/yoast-seo-wordpress\/ -->\n<title>AUDIFONOS WESTONE MOD. UM PRO50 GEN 2 - Mexican Guitar Players<\/title>\n<meta name=\"description\" content=\"AUDIFONOS WESTONE MOD. UM PRO50 GEN 2. Aud\u00edfonos monitores con 5 drivers de armadura balanceada con crossover de 3 v\u00edas, tecnolog\u00eda True-Fit de Westone, cable reemplazable de kevlar, sensibilidad: 115 dBSPL @ 1 mW, respuesta de frecuencia: 20 Hz - 20 kHz, fabricados en USA, incluye5 gomas de silicona STAR patentada y 5 gomas de espuma True-Fit para los o\u00eddos, estuche miniatura y herramienta de limpieza.\" \/>\n<meta name=\"robots\" content=\"index, follow, max-snippet:-1, max-image-preview:large, max-video-preview:-1\" \/>\n<link rel=\"canonical\" href=\"https:\/\/www.mexicanguitarplayers.com\/en\/tienda\/audio\/audifonos\/audifono-alambrico\/audifono-para-estudio\/audifonos-westone-mod-um-pro50-gen-2\/\" \/>\n<meta property=\"og:locale\" content=\"en_US\" \/>\n<meta property=\"og:type\" content=\"article\" \/>\n<meta property=\"og:title\" content=\"AUDIFONOS WESTONE MOD. UM PRO50 GEN 2 - Mexican Guitar Players\" \/>\n<meta property=\"og:description\" content=\"AUDIFONOS WESTONE MOD. UM PRO50 GEN 2. Aud\u00edfonos monitores con 5 drivers de armadura balanceada con crossover de 3 v\u00edas, tecnolog\u00eda True-Fit de Westone, cable reemplazable de kevlar, sensibilidad: 115 dBSPL @ 1 mW, respuesta de frecuencia: 20 Hz - 20 kHz, fabricados en USA, incluye5 gomas de silicona STAR patentada y 5 gomas de espuma True-Fit para los o\u00eddos, estuche miniatura y herramienta de limpieza.\" \/>\n<meta property=\"og:url\" content=\"https:\/\/www.mexicanguitarplayers.com\/en\/tienda\/audio\/audifonos\/audifono-alambrico\/audifono-para-estudio\/audifonos-westone-mod-um-pro50-gen-2\/\" \/>\n<meta property=\"og:site_name\" content=\"Mexican Guitar Players\" \/>\n<meta property=\"article:modified_time\" content=\"2026-01-03T10:38:04+00:00\" \/>\n<meta property=\"og:image\" content=\"https:\/\/www.mexicanguitarplayers.com\/wp-content\/uploads\/2022\/08\/VAWESUMPRO50G2.jpg\" \/>\n\t<meta property=\"og:image:width\" content=\"1200\" \/>\n\t<meta property=\"og:image:height\" content=\"1200\" \/>\n\t<meta property=\"og:image:type\" content=\"image\/jpeg\" \/>\n<meta name=\"twitter:card\" content=\"summary_large_image\" \/>\n<script type=\"application\/ld+json\" class=\"yoast-schema-graph\">{\"@context\":\"https:\\\/\\\/schema.org\",\"@graph\":[{\"@type\":[\"WebPage\",\"ItemPage\"],\"@id\":\"https:\\\/\\\/www.mexicanguitarplayers.com\\\/tienda\\\/audio\\\/audifonos\\\/audifono-alambrico\\\/audifono-para-estudio\\\/audifonos-westone-mod-um-pro50-gen-2\\\/\",\"url\":\"https:\\\/\\\/www.mexicanguitarplayers.com\\\/tienda\\\/audio\\\/audifonos\\\/audifono-alambrico\\\/audifono-para-estudio\\\/audifonos-westone-mod-um-pro50-gen-2\\\/\",\"name\":\"AUDIFONOS WESTONE MOD. UM PRO50 GEN 2 - Mexican Guitar Players\",\"isPartOf\":{\"@id\":\"https:\\\/\\\/www.mexicanguitarplayers.com\\\/#website\"},\"primaryImageOfPage\":{\"@id\":\"https:\\\/\\\/www.mexicanguitarplayers.com\\\/tienda\\\/audio\\\/audifonos\\\/audifono-alambrico\\\/audifono-para-estudio\\\/audifonos-westone-mod-um-pro50-gen-2\\\/#primaryimage\"},\"image\":{\"@id\":\"https:\\\/\\\/www.mexicanguitarplayers.com\\\/tienda\\\/audio\\\/audifonos\\\/audifono-alambrico\\\/audifono-para-estudio\\\/audifonos-westone-mod-um-pro50-gen-2\\\/#primaryimage\"},\"thumbnailUrl\":\"https:\\\/\\\/www.mexicanguitarplayers.com\\\/wp-content\\\/uploads\\\/2022\\\/08\\\/VAWESUMPRO50G2.jpg\",\"datePublished\":\"2022-08-19T03:17:54+00:00\",\"dateModified\":\"2026-01-03T10:38:04+00:00\",\"description\":\"AUDIFONOS WESTONE MOD. UM PRO50 GEN 2. Aud\u00edfonos monitores con 5 drivers de armadura balanceada con crossover de 3 v\u00edas, tecnolog\u00eda True-Fit de Westone, cable reemplazable de kevlar, sensibilidad: 115 dBSPL @ 1 mW, respuesta de frecuencia: 20 Hz - 20 kHz, fabricados en USA, incluye5 gomas de silicona STAR patentada y 5 gomas de espuma True-Fit para los o\u00eddos, estuche miniatura y herramienta de limpieza.\",\"breadcrumb\":{\"@id\":\"https:\\\/\\\/www.mexicanguitarplayers.com\\\/tienda\\\/audio\\\/audifonos\\\/audifono-alambrico\\\/audifono-para-estudio\\\/audifonos-westone-mod-um-pro50-gen-2\\\/#breadcrumb\"},\"inLanguage\":\"en-US\",\"potentialAction\":[{\"@type\":\"ReadAction\",\"target\":[\"https:\\\/\\\/www.mexicanguitarplayers.com\\\/tienda\\\/audio\\\/audifonos\\\/audifono-alambrico\\\/audifono-para-estudio\\\/audifonos-westone-mod-um-pro50-gen-2\\\/\"]}]},{\"@type\":\"ImageObject\",\"inLanguage\":\"en-US\",\"@id\":\"https:\\\/\\\/www.mexicanguitarplayers.com\\\/tienda\\\/audio\\\/audifonos\\\/audifono-alambrico\\\/audifono-para-estudio\\\/audifonos-westone-mod-um-pro50-gen-2\\\/#primaryimage\",\"url\":\"https:\\\/\\\/www.mexicanguitarplayers.com\\\/wp-content\\\/uploads\\\/2022\\\/08\\\/VAWESUMPRO50G2.jpg\",\"contentUrl\":\"https:\\\/\\\/www.mexicanguitarplayers.com\\\/wp-content\\\/uploads\\\/2022\\\/08\\\/VAWESUMPRO50G2.jpg\",\"width\":1200,\"height\":1200},{\"@type\":\"BreadcrumbList\",\"@id\":\"https:\\\/\\\/www.mexicanguitarplayers.com\\\/tienda\\\/audio\\\/audifonos\\\/audifono-alambrico\\\/audifono-para-estudio\\\/audifonos-westone-mod-um-pro50-gen-2\\\/#breadcrumb\",\"itemListElement\":[{\"@type\":\"ListItem\",\"position\":1,\"name\":\"Portada\",\"item\":\"https:\\\/\\\/www.mexicanguitarplayers.com\\\/\"},{\"@type\":\"ListItem\",\"position\":2,\"name\":\"Tienda\",\"item\":\"https:\\\/\\\/www.mexicanguitarplayers.com\\\/tienda\\\/\"},{\"@type\":\"ListItem\",\"position\":3,\"name\":\"AUDIFONOS WESTONE MOD. UM PRO50 GEN 2\"}]},{\"@type\":\"WebSite\",\"@id\":\"https:\\\/\\\/www.mexicanguitarplayers.com\\\/#website\",\"url\":\"https:\\\/\\\/www.mexicanguitarplayers.com\\\/\",\"name\":\"Mexican Guitar Players\",\"description\":\"Website\",\"publisher\":{\"@id\":\"https:\\\/\\\/www.mexicanguitarplayers.com\\\/#organization\"},\"potentialAction\":[{\"@type\":\"SearchAction\",\"target\":{\"@type\":\"EntryPoint\",\"urlTemplate\":\"https:\\\/\\\/www.mexicanguitarplayers.com\\\/?s={search_term_string}\"},\"query-input\":{\"@type\":\"PropertyValueSpecification\",\"valueRequired\":true,\"valueName\":\"search_term_string\"}}],\"inLanguage\":\"en-US\"},{\"@type\":\"Organization\",\"@id\":\"https:\\\/\\\/www.mexicanguitarplayers.com\\\/#organization\",\"name\":\"Mexican Guitar Players\",\"url\":\"https:\\\/\\\/www.mexicanguitarplayers.com\\\/\",\"logo\":{\"@type\":\"ImageObject\",\"inLanguage\":\"en-US\",\"@id\":\"https:\\\/\\\/www.mexicanguitarplayers.com\\\/#\\\/schema\\\/logo\\\/image\\\/\",\"url\":\"\",\"contentUrl\":\"\",\"caption\":\"Mexican Guitar Players\"},\"image\":{\"@id\":\"https:\\\/\\\/www.mexicanguitarplayers.com\\\/#\\\/schema\\\/logo\\\/image\\\/\"}}]}<\/script>\n<!-- \/ Yoast SEO plugin. -->","yoast_head_json":{"title":"AUDIFONOS WESTONE MOD. UM PRO50 GEN 2 - Mexican Guitar Players","description":"AUDIFONOS WESTONE MOD. UM PRO50 GEN 2. Aud\u00edfonos monitores con 5 drivers de armadura balanceada con crossover de 3 v\u00edas, tecnolog\u00eda True-Fit de Westone, cable reemplazable de kevlar, sensibilidad: 115 dBSPL @ 1 mW, respuesta de frecuencia: 20 Hz - 20 kHz, fabricados en USA, incluye5 gomas de silicona STAR patentada y 5 gomas de espuma True-Fit para los o\u00eddos, estuche miniatura y herramienta de limpieza.","robots":{"index":"index","follow":"follow","max-snippet":"max-snippet:-1","max-image-preview":"max-image-preview:large","max-video-preview":"max-video-preview:-1"},"canonical":"https:\/\/www.mexicanguitarplayers.com\/en\/tienda\/audio\/audifonos\/audifono-alambrico\/audifono-para-estudio\/audifonos-westone-mod-um-pro50-gen-2\/","og_locale":"en_US","og_type":"article","og_title":"AUDIFONOS WESTONE MOD. UM PRO50 GEN 2 - Mexican Guitar Players","og_description":"AUDIFONOS WESTONE MOD. UM PRO50 GEN 2. Aud\u00edfonos monitores con 5 drivers de armadura balanceada con crossover de 3 v\u00edas, tecnolog\u00eda True-Fit de Westone, cable reemplazable de kevlar, sensibilidad: 115 dBSPL @ 1 mW, respuesta de frecuencia: 20 Hz - 20 kHz, fabricados en USA, incluye5 gomas de silicona STAR patentada y 5 gomas de espuma True-Fit para los o\u00eddos, estuche miniatura y herramienta de limpieza.","og_url":"https:\/\/www.mexicanguitarplayers.com\/en\/tienda\/audio\/audifonos\/audifono-alambrico\/audifono-para-estudio\/audifonos-westone-mod-um-pro50-gen-2\/","og_site_name":"Mexican Guitar Players","article_modified_time":"2026-01-03T10:38:04+00:00","og_image":[{"width":1200,"height":1200,"url":"https:\/\/www.mexicanguitarplayers.com\/wp-content\/uploads\/2022\/08\/VAWESUMPRO50G2.jpg","type":"image\/jpeg"}],"twitter_card":"summary_large_image","schema":{"@context":"https:\/\/schema.org","@graph":[{"@type":["WebPage","ItemPage"],"@id":"https:\/\/www.mexicanguitarplayers.com\/tienda\/audio\/audifonos\/audifono-alambrico\/audifono-para-estudio\/audifonos-westone-mod-um-pro50-gen-2\/","url":"https:\/\/www.mexicanguitarplayers.com\/tienda\/audio\/audifonos\/audifono-alambrico\/audifono-para-estudio\/audifonos-westone-mod-um-pro50-gen-2\/","name":"AUDIFONOS WESTONE MOD. UM PRO50 GEN 2 - Mexican Guitar Players","isPartOf":{"@id":"https:\/\/www.mexicanguitarplayers.com\/#website"},"primaryImageOfPage":{"@id":"https:\/\/www.mexicanguitarplayers.com\/tienda\/audio\/audifonos\/audifono-alambrico\/audifono-para-estudio\/audifonos-westone-mod-um-pro50-gen-2\/#primaryimage"},"image":{"@id":"https:\/\/www.mexicanguitarplayers.com\/tienda\/audio\/audifonos\/audifono-alambrico\/audifono-para-estudio\/audifonos-westone-mod-um-pro50-gen-2\/#primaryimage"},"thumbnailUrl":"https:\/\/www.mexicanguitarplayers.com\/wp-content\/uploads\/2022\/08\/VAWESUMPRO50G2.jpg","datePublished":"2022-08-19T03:17:54+00:00","dateModified":"2026-01-03T10:38:04+00:00","description":"AUDIFONOS WESTONE MOD. UM PRO50 GEN 2. Aud\u00edfonos monitores con 5 drivers de armadura balanceada con crossover de 3 v\u00edas, tecnolog\u00eda True-Fit de Westone, cable reemplazable de kevlar, sensibilidad: 115 dBSPL @ 1 mW, respuesta de frecuencia: 20 Hz - 20 kHz, fabricados en USA, incluye5 gomas de silicona STAR patentada y 5 gomas de espuma True-Fit para los o\u00eddos, estuche miniatura y herramienta de limpieza.","breadcrumb":{"@id":"https:\/\/www.mexicanguitarplayers.com\/tienda\/audio\/audifonos\/audifono-alambrico\/audifono-para-estudio\/audifonos-westone-mod-um-pro50-gen-2\/#breadcrumb"},"inLanguage":"en-US","potentialAction":[{"@type":"ReadAction","target":["https:\/\/www.mexicanguitarplayers.com\/tienda\/audio\/audifonos\/audifono-alambrico\/audifono-para-estudio\/audifonos-westone-mod-um-pro50-gen-2\/"]}]},{"@type":"ImageObject","inLanguage":"en-US","@id":"https:\/\/www.mexicanguitarplayers.com\/tienda\/audio\/audifonos\/audifono-alambrico\/audifono-para-estudio\/audifonos-westone-mod-um-pro50-gen-2\/#primaryimage","url":"https:\/\/www.mexicanguitarplayers.com\/wp-content\/uploads\/2022\/08\/VAWESUMPRO50G2.jpg","contentUrl":"https:\/\/www.mexicanguitarplayers.com\/wp-content\/uploads\/2022\/08\/VAWESUMPRO50G2.jpg","width":1200,"height":1200},{"@type":"BreadcrumbList","@id":"https:\/\/www.mexicanguitarplayers.com\/tienda\/audio\/audifonos\/audifono-alambrico\/audifono-para-estudio\/audifonos-westone-mod-um-pro50-gen-2\/#breadcrumb","itemListElement":[{"@type":"ListItem","position":1,"name":"Portada","item":"https:\/\/www.mexicanguitarplayers.com\/"},{"@type":"ListItem","position":2,"name":"Tienda","item":"https:\/\/www.mexicanguitarplayers.com\/tienda\/"},{"@type":"ListItem","position":3,"name":"AUDIFONOS WESTONE MOD. UM PRO50 GEN 2"}]},{"@type":"WebSite","@id":"https:\/\/www.mexicanguitarplayers.com\/#website","url":"https:\/\/www.mexicanguitarplayers.com\/","name":"Mexican Guitar Players","description":"Website","publisher":{"@id":"https:\/\/www.mexicanguitarplayers.com\/#organization"},"potentialAction":[{"@type":"SearchAction","target":{"@type":"EntryPoint","urlTemplate":"https:\/\/www.mexicanguitarplayers.com\/?s={search_term_string}"},"query-input":{"@type":"PropertyValueSpecification","valueRequired":true,"valueName":"search_term_string"}}],"inLanguage":"en-US"},{"@type":"Organization","@id":"https:\/\/www.mexicanguitarplayers.com\/#organization","name":"Mexican Guitar Players","url":"https:\/\/www.mexicanguitarplayers.com\/","logo":{"@type":"ImageObject","inLanguage":"en-US","@id":"https:\/\/www.mexicanguitarplayers.com\/#\/schema\/logo\/image\/","url":"","contentUrl":"","caption":"Mexican Guitar Players"},"image":{"@id":"https:\/\/www.mexicanguitarplayers.com\/#\/schema\/logo\/image\/"}}]}},"brands":[{"id":651,"name":"WESTONE AUDIO","slug":"westone-audio"}],"_links":{"self":[{"href":"https:\/\/www.mexicanguitarplayers.com\/en\/wp-json\/wp\/v2\/product\/21237","targetHints":{"allow":["GET"]}}],"collection":[{"href":"https:\/\/www.mexicanguitarplayers.com\/en\/wp-json\/wp\/v2\/product"}],"about":[{"href":"https:\/\/www.mexicanguitarplayers.com\/en\/wp-json\/wp\/v2\/types\/product"}],"replies":[{"embeddable":true,"href":"https:\/\/www.mexicanguitarplayers.com\/en\/wp-json\/wp\/v2\/comments?post=21237"}],"wp:featuredmedia":[{"embeddable":true,"href":"https:\/\/www.mexicanguitarplayers.com\/en\/wp-json\/wp\/v2\/media\/21236"}],"wp:attachment":[{"href":"https:\/\/www.mexicanguitarplayers.com\/en\/wp-json\/wp\/v2\/media?parent=21237"}],"wp:term":[{"taxonomy":"pwb-brand","embeddable":true,"href":"https:\/\/www.mexicanguitarplayers.com\/en\/wp-json\/wp\/v2\/pwb-brand?post=21237"},{"taxonomy":"product_brand","embeddable":true,"href":"https:\/\/www.mexicanguitarplayers.com\/en\/wp-json\/wp\/v2\/product_brand?post=21237"},{"taxonomy":"product_cat","embeddable":true,"href":"https:\/\/www.mexicanguitarplayers.com\/en\/wp-json\/wp\/v2\/product_cat?post=21237"},{"taxonomy":"product_tag","embeddable":true,"href":"https:\/\/www.mexicanguitarplayers.com\/en\/wp-json\/wp\/v2\/product_tag?post=21237"}],"curies":[{"name":"wp","href":"https:\/\/api.w.org\/{rel}","templated":true}]}}