{"id":21382,"date":"2022-08-18T22:22:34","date_gmt":"2022-08-19T03:22:34","guid":{"rendered":"https:\/\/www.mexicanguitarplayers.com\/tienda\/sin%20categor\u00eda\/estuche-skb-p-bajo-electrico-1skb-4\/"},"modified":"2026-04-28T19:15:07","modified_gmt":"2026-04-29T01:15:07","slug":"estuche-skb-p-bajo-electrico-1skb-4","status":"publish","type":"product","link":"https:\/\/www.mexicanguitarplayers.com\/en\/tienda\/accesorios\/estuches-y-fundas\/para-bajo-estuches-y-fundas\/estuche-skb-p-bajo-electrico-1skb-4\/","title":{"rendered":"SKB CASE FOR ELECTRIC BASS 1SKB-4"},"content":{"rendered":"<div style=\"text-align: justify\">\n<div>\n<h3>SKB CASE FOR ELECTRIC BASS 1SKB-4<\/h3>\n<\/div>\n<div>Gig Bag for electric bass, designed for a large number of electric bass models, molded protection, molded legs, fully lined interior with molded EPS fleece, oversized accessory compartment, interior length: 117.48 cm, exterior length: 122.56 cm, Outside Width: 16.5&quot;, Outside Depth: 4&quot; (10.80cm), Body Length: 17.5&quot;, Body Depth: 2&quot;. .<\/div>\n<\/div>","protected":false},"excerpt":{"rendered":"<p>Estuche para bajo el\u00e9ctrico, dise\u00f1ado para una gran cantidad de modelos de bajo el\u00e9ctrico, protecci\u00f3n moldeada, patas moldeadas, interior totalmente forrado con moldeado de felpa EPS, compartimiento de gran tama\u00f1o para accesorios, longitud interior: 117.48 cm, longitud exterior: 122.56 cm, ancho exterior: 42.55 cm, profundidad exterior: 10.80 cm, longitud del cuerpo del instrumento: 44.45 cm, profundidad del cuerpo del instrumento: 5.08 cm, parte ancha del instrumento: 34.93 cm, parte angosta del instrumento: 28.58 cm, peso: 4.99 kg.&hellip; <a class=\"kt-excerpt-readmore more-link\" href=\"https:\/\/www.mexicanguitarplayers.com\/en\/tienda\/accesorios\/estuches-y-fundas\/para-bajo-estuches-y-fundas\/estuche-skb-p-bajo-electrico-1skb-4\/\">Read more<\/a><\/p>","protected":false},"featured_media":21380,"comment_status":"open","ping_status":"closed","template":"","meta":{"kt_blocks_editor_width":""},"pwb-brand":[609],"product_brand":[],"product_cat":[85,517,578],"product_tag":[],"class_list":{"0":"post-21382","1":"product","2":"type-product","3":"status-publish","4":"has-post-thumbnail","6":"pwb-brand-skb","7":"product_cat-accesorios","8":"product_cat-estuches-y-fundas","9":"product_cat-para-bajo-estuches-y-fundas","10":"product_shipping_class-10-15-kg","12":"first","13":"outofstock","14":"taxable","15":"shipping-taxable","16":"purchasable","17":"product-type-simple"},"yoast_head":"<!-- This site is optimized with the Yoast SEO plugin v27.5 - https:\/\/yoast.com\/product\/yoast-seo-wordpress\/ -->\n<title>ESTUCHE SKB P\/BAJO ELECTRICO 1SKB-4 - Mexican Guitar Players<\/title>\n<meta name=\"description\" content=\"ESTUCHE SKB P\/BAJO ELECTRICO 1SKB-4. Estuche para bajo el\u00e9ctrico, dise\u00f1ado para una gran cantidad de modelos de bajo el\u00e9ctrico, protecci\u00f3n moldeada, patas moldeadas, interior totalmente forrado con moldeado de felpa EPS, compartimiento de gran tama\u00f1o para accesorios, longitud interior: 117.48 cm, longitud exterior: 122.56 cm, ancho exterior: 42.55 cm, profundidad exterior: 10.80 cm, longitud del cuerpo del instrumento: 44.45 cm, profundidad del cuerpo del instrumento: 5.08 cm, parte ancha del instrumento: 34.93 cm, parte angosta del instrumento: 28.58 cm, peso: 4.99 kg.\" \/>\n<meta name=\"robots\" content=\"index, follow, max-snippet:-1, max-image-preview:large, max-video-preview:-1\" \/>\n<link rel=\"canonical\" href=\"https:\/\/www.mexicanguitarplayers.com\/en\/tienda\/accesorios\/estuches-y-fundas\/para-bajo-estuches-y-fundas\/estuche-skb-p-bajo-electrico-1skb-4\/\" \/>\n<meta property=\"og:locale\" content=\"en_US\" \/>\n<meta property=\"og:type\" content=\"article\" \/>\n<meta property=\"og:title\" content=\"ESTUCHE SKB P\/BAJO ELECTRICO 1SKB-4 - Mexican Guitar Players\" \/>\n<meta property=\"og:description\" content=\"ESTUCHE SKB P\/BAJO ELECTRICO 1SKB-4. Estuche para bajo el\u00e9ctrico, dise\u00f1ado para una gran cantidad de modelos de bajo el\u00e9ctrico, protecci\u00f3n moldeada, patas moldeadas, interior totalmente forrado con moldeado de felpa EPS, compartimiento de gran tama\u00f1o para accesorios, longitud interior: 117.48 cm, longitud exterior: 122.56 cm, ancho exterior: 42.55 cm, profundidad exterior: 10.80 cm, longitud del cuerpo del instrumento: 44.45 cm, profundidad del cuerpo del instrumento: 5.08 cm, parte ancha del instrumento: 34.93 cm, parte angosta del instrumento: 28.58 cm, peso: 4.99 kg.\" \/>\n<meta property=\"og:url\" content=\"https:\/\/www.mexicanguitarplayers.com\/en\/tienda\/accesorios\/estuches-y-fundas\/para-bajo-estuches-y-fundas\/estuche-skb-p-bajo-electrico-1skb-4\/\" \/>\n<meta property=\"og:site_name\" content=\"Mexican Guitar Players\" \/>\n<meta property=\"article:modified_time\" content=\"2026-04-29T01:15:07+00:00\" \/>\n<meta property=\"og:image\" content=\"https:\/\/www.mexicanguitarplayers.com\/wp-content\/uploads\/2022\/08\/VASKB1SKB4.png\" \/>\n\t<meta property=\"og:image:width\" content=\"1600\" \/>\n\t<meta property=\"og:image:height\" content=\"800\" \/>\n\t<meta property=\"og:image:type\" content=\"image\/png\" \/>\n<meta name=\"twitter:card\" content=\"summary_large_image\" \/>\n<script type=\"application\/ld+json\" class=\"yoast-schema-graph\">{\"@context\":\"https:\\\/\\\/schema.org\",\"@graph\":[{\"@type\":[\"WebPage\",\"ItemPage\"],\"@id\":\"https:\\\/\\\/www.mexicanguitarplayers.com\\\/tienda\\\/accesorios\\\/estuches-y-fundas\\\/para-bajo-estuches-y-fundas\\\/estuche-skb-p-bajo-electrico-1skb-4\\\/\",\"url\":\"https:\\\/\\\/www.mexicanguitarplayers.com\\\/tienda\\\/accesorios\\\/estuches-y-fundas\\\/para-bajo-estuches-y-fundas\\\/estuche-skb-p-bajo-electrico-1skb-4\\\/\",\"name\":\"ESTUCHE SKB P\\\/BAJO ELECTRICO 1SKB-4 - Mexican Guitar Players\",\"isPartOf\":{\"@id\":\"https:\\\/\\\/www.mexicanguitarplayers.com\\\/#website\"},\"primaryImageOfPage\":{\"@id\":\"https:\\\/\\\/www.mexicanguitarplayers.com\\\/tienda\\\/accesorios\\\/estuches-y-fundas\\\/para-bajo-estuches-y-fundas\\\/estuche-skb-p-bajo-electrico-1skb-4\\\/#primaryimage\"},\"image\":{\"@id\":\"https:\\\/\\\/www.mexicanguitarplayers.com\\\/tienda\\\/accesorios\\\/estuches-y-fundas\\\/para-bajo-estuches-y-fundas\\\/estuche-skb-p-bajo-electrico-1skb-4\\\/#primaryimage\"},\"thumbnailUrl\":\"https:\\\/\\\/www.mexicanguitarplayers.com\\\/wp-content\\\/uploads\\\/2022\\\/08\\\/VASKB1SKB4.png\",\"datePublished\":\"2022-08-19T03:22:34+00:00\",\"dateModified\":\"2026-04-29T01:15:07+00:00\",\"description\":\"ESTUCHE SKB P\\\/BAJO ELECTRICO 1SKB-4. Estuche para bajo el\u00e9ctrico, dise\u00f1ado para una gran cantidad de modelos de bajo el\u00e9ctrico, protecci\u00f3n moldeada, patas moldeadas, interior totalmente forrado con moldeado de felpa EPS, compartimiento de gran tama\u00f1o para accesorios, longitud interior: 117.48 cm, longitud exterior: 122.56 cm, ancho exterior: 42.55 cm, profundidad exterior: 10.80 cm, longitud del cuerpo del instrumento: 44.45 cm, profundidad del cuerpo del instrumento: 5.08 cm, parte ancha del instrumento: 34.93 cm, parte angosta del instrumento: 28.58 cm, peso: 4.99 kg.\",\"breadcrumb\":{\"@id\":\"https:\\\/\\\/www.mexicanguitarplayers.com\\\/tienda\\\/accesorios\\\/estuches-y-fundas\\\/para-bajo-estuches-y-fundas\\\/estuche-skb-p-bajo-electrico-1skb-4\\\/#breadcrumb\"},\"inLanguage\":\"en-US\",\"potentialAction\":[{\"@type\":\"ReadAction\",\"target\":[\"https:\\\/\\\/www.mexicanguitarplayers.com\\\/tienda\\\/accesorios\\\/estuches-y-fundas\\\/para-bajo-estuches-y-fundas\\\/estuche-skb-p-bajo-electrico-1skb-4\\\/\"]}]},{\"@type\":\"ImageObject\",\"inLanguage\":\"en-US\",\"@id\":\"https:\\\/\\\/www.mexicanguitarplayers.com\\\/tienda\\\/accesorios\\\/estuches-y-fundas\\\/para-bajo-estuches-y-fundas\\\/estuche-skb-p-bajo-electrico-1skb-4\\\/#primaryimage\",\"url\":\"https:\\\/\\\/www.mexicanguitarplayers.com\\\/wp-content\\\/uploads\\\/2022\\\/08\\\/VASKB1SKB4.png\",\"contentUrl\":\"https:\\\/\\\/www.mexicanguitarplayers.com\\\/wp-content\\\/uploads\\\/2022\\\/08\\\/VASKB1SKB4.png\",\"width\":1600,\"height\":800},{\"@type\":\"BreadcrumbList\",\"@id\":\"https:\\\/\\\/www.mexicanguitarplayers.com\\\/tienda\\\/accesorios\\\/estuches-y-fundas\\\/para-bajo-estuches-y-fundas\\\/estuche-skb-p-bajo-electrico-1skb-4\\\/#breadcrumb\",\"itemListElement\":[{\"@type\":\"ListItem\",\"position\":1,\"name\":\"Portada\",\"item\":\"https:\\\/\\\/www.mexicanguitarplayers.com\\\/\"},{\"@type\":\"ListItem\",\"position\":2,\"name\":\"Tienda\",\"item\":\"https:\\\/\\\/www.mexicanguitarplayers.com\\\/tienda\\\/\"},{\"@type\":\"ListItem\",\"position\":3,\"name\":\"ESTUCHE SKB P\\\/BAJO ELECTRICO 1SKB-4\"}]},{\"@type\":\"WebSite\",\"@id\":\"https:\\\/\\\/www.mexicanguitarplayers.com\\\/#website\",\"url\":\"https:\\\/\\\/www.mexicanguitarplayers.com\\\/\",\"name\":\"Mexican Guitar Players\",\"description\":\"Website\",\"publisher\":{\"@id\":\"https:\\\/\\\/www.mexicanguitarplayers.com\\\/#organization\"},\"potentialAction\":[{\"@type\":\"SearchAction\",\"target\":{\"@type\":\"EntryPoint\",\"urlTemplate\":\"https:\\\/\\\/www.mexicanguitarplayers.com\\\/?s={search_term_string}\"},\"query-input\":{\"@type\":\"PropertyValueSpecification\",\"valueRequired\":true,\"valueName\":\"search_term_string\"}}],\"inLanguage\":\"en-US\"},{\"@type\":\"Organization\",\"@id\":\"https:\\\/\\\/www.mexicanguitarplayers.com\\\/#organization\",\"name\":\"Mexican Guitar Players\",\"url\":\"https:\\\/\\\/www.mexicanguitarplayers.com\\\/\",\"logo\":{\"@type\":\"ImageObject\",\"inLanguage\":\"en-US\",\"@id\":\"https:\\\/\\\/www.mexicanguitarplayers.com\\\/#\\\/schema\\\/logo\\\/image\\\/\",\"url\":\"\",\"contentUrl\":\"\",\"caption\":\"Mexican Guitar Players\"},\"image\":{\"@id\":\"https:\\\/\\\/www.mexicanguitarplayers.com\\\/#\\\/schema\\\/logo\\\/image\\\/\"}}]}<\/script>\n<!-- \/ Yoast SEO plugin. -->","yoast_head_json":{"title":"ESTUCHE SKB P\/BAJO ELECTRICO 1SKB-4 - Mexican Guitar Players","description":"ESTUCHE SKB P\/BAJO ELECTRICO 1SKB-4. Estuche para bajo el\u00e9ctrico, dise\u00f1ado para una gran cantidad de modelos de bajo el\u00e9ctrico, protecci\u00f3n moldeada, patas moldeadas, interior totalmente forrado con moldeado de felpa EPS, compartimiento de gran tama\u00f1o para accesorios, longitud interior: 117.48 cm, longitud exterior: 122.56 cm, ancho exterior: 42.55 cm, profundidad exterior: 10.80 cm, longitud del cuerpo del instrumento: 44.45 cm, profundidad del cuerpo del instrumento: 5.08 cm, parte ancha del instrumento: 34.93 cm, parte angosta del instrumento: 28.58 cm, peso: 4.99 kg.","robots":{"index":"index","follow":"follow","max-snippet":"max-snippet:-1","max-image-preview":"max-image-preview:large","max-video-preview":"max-video-preview:-1"},"canonical":"https:\/\/www.mexicanguitarplayers.com\/en\/tienda\/accesorios\/estuches-y-fundas\/para-bajo-estuches-y-fundas\/estuche-skb-p-bajo-electrico-1skb-4\/","og_locale":"en_US","og_type":"article","og_title":"ESTUCHE SKB P\/BAJO ELECTRICO 1SKB-4 - Mexican Guitar Players","og_description":"ESTUCHE SKB P\/BAJO ELECTRICO 1SKB-4. Estuche para bajo el\u00e9ctrico, dise\u00f1ado para una gran cantidad de modelos de bajo el\u00e9ctrico, protecci\u00f3n moldeada, patas moldeadas, interior totalmente forrado con moldeado de felpa EPS, compartimiento de gran tama\u00f1o para accesorios, longitud interior: 117.48 cm, longitud exterior: 122.56 cm, ancho exterior: 42.55 cm, profundidad exterior: 10.80 cm, longitud del cuerpo del instrumento: 44.45 cm, profundidad del cuerpo del instrumento: 5.08 cm, parte ancha del instrumento: 34.93 cm, parte angosta del instrumento: 28.58 cm, peso: 4.99 kg.","og_url":"https:\/\/www.mexicanguitarplayers.com\/en\/tienda\/accesorios\/estuches-y-fundas\/para-bajo-estuches-y-fundas\/estuche-skb-p-bajo-electrico-1skb-4\/","og_site_name":"Mexican Guitar Players","article_modified_time":"2026-04-29T01:15:07+00:00","og_image":[{"width":1600,"height":800,"url":"https:\/\/www.mexicanguitarplayers.com\/wp-content\/uploads\/2022\/08\/VASKB1SKB4.png","type":"image\/png"}],"twitter_card":"summary_large_image","schema":{"@context":"https:\/\/schema.org","@graph":[{"@type":["WebPage","ItemPage"],"@id":"https:\/\/www.mexicanguitarplayers.com\/tienda\/accesorios\/estuches-y-fundas\/para-bajo-estuches-y-fundas\/estuche-skb-p-bajo-electrico-1skb-4\/","url":"https:\/\/www.mexicanguitarplayers.com\/tienda\/accesorios\/estuches-y-fundas\/para-bajo-estuches-y-fundas\/estuche-skb-p-bajo-electrico-1skb-4\/","name":"ESTUCHE SKB P\/BAJO ELECTRICO 1SKB-4 - Mexican Guitar Players","isPartOf":{"@id":"https:\/\/www.mexicanguitarplayers.com\/#website"},"primaryImageOfPage":{"@id":"https:\/\/www.mexicanguitarplayers.com\/tienda\/accesorios\/estuches-y-fundas\/para-bajo-estuches-y-fundas\/estuche-skb-p-bajo-electrico-1skb-4\/#primaryimage"},"image":{"@id":"https:\/\/www.mexicanguitarplayers.com\/tienda\/accesorios\/estuches-y-fundas\/para-bajo-estuches-y-fundas\/estuche-skb-p-bajo-electrico-1skb-4\/#primaryimage"},"thumbnailUrl":"https:\/\/www.mexicanguitarplayers.com\/wp-content\/uploads\/2022\/08\/VASKB1SKB4.png","datePublished":"2022-08-19T03:22:34+00:00","dateModified":"2026-04-29T01:15:07+00:00","description":"ESTUCHE SKB P\/BAJO ELECTRICO 1SKB-4. Estuche para bajo el\u00e9ctrico, dise\u00f1ado para una gran cantidad de modelos de bajo el\u00e9ctrico, protecci\u00f3n moldeada, patas moldeadas, interior totalmente forrado con moldeado de felpa EPS, compartimiento de gran tama\u00f1o para accesorios, longitud interior: 117.48 cm, longitud exterior: 122.56 cm, ancho exterior: 42.55 cm, profundidad exterior: 10.80 cm, longitud del cuerpo del instrumento: 44.45 cm, profundidad del cuerpo del instrumento: 5.08 cm, parte ancha del instrumento: 34.93 cm, parte angosta del instrumento: 28.58 cm, peso: 4.99 kg.","breadcrumb":{"@id":"https:\/\/www.mexicanguitarplayers.com\/tienda\/accesorios\/estuches-y-fundas\/para-bajo-estuches-y-fundas\/estuche-skb-p-bajo-electrico-1skb-4\/#breadcrumb"},"inLanguage":"en-US","potentialAction":[{"@type":"ReadAction","target":["https:\/\/www.mexicanguitarplayers.com\/tienda\/accesorios\/estuches-y-fundas\/para-bajo-estuches-y-fundas\/estuche-skb-p-bajo-electrico-1skb-4\/"]}]},{"@type":"ImageObject","inLanguage":"en-US","@id":"https:\/\/www.mexicanguitarplayers.com\/tienda\/accesorios\/estuches-y-fundas\/para-bajo-estuches-y-fundas\/estuche-skb-p-bajo-electrico-1skb-4\/#primaryimage","url":"https:\/\/www.mexicanguitarplayers.com\/wp-content\/uploads\/2022\/08\/VASKB1SKB4.png","contentUrl":"https:\/\/www.mexicanguitarplayers.com\/wp-content\/uploads\/2022\/08\/VASKB1SKB4.png","width":1600,"height":800},{"@type":"BreadcrumbList","@id":"https:\/\/www.mexicanguitarplayers.com\/tienda\/accesorios\/estuches-y-fundas\/para-bajo-estuches-y-fundas\/estuche-skb-p-bajo-electrico-1skb-4\/#breadcrumb","itemListElement":[{"@type":"ListItem","position":1,"name":"Portada","item":"https:\/\/www.mexicanguitarplayers.com\/"},{"@type":"ListItem","position":2,"name":"Tienda","item":"https:\/\/www.mexicanguitarplayers.com\/tienda\/"},{"@type":"ListItem","position":3,"name":"ESTUCHE SKB P\/BAJO ELECTRICO 1SKB-4"}]},{"@type":"WebSite","@id":"https:\/\/www.mexicanguitarplayers.com\/#website","url":"https:\/\/www.mexicanguitarplayers.com\/","name":"Mexican Guitar Players","description":"Website","publisher":{"@id":"https:\/\/www.mexicanguitarplayers.com\/#organization"},"potentialAction":[{"@type":"SearchAction","target":{"@type":"EntryPoint","urlTemplate":"https:\/\/www.mexicanguitarplayers.com\/?s={search_term_string}"},"query-input":{"@type":"PropertyValueSpecification","valueRequired":true,"valueName":"search_term_string"}}],"inLanguage":"en-US"},{"@type":"Organization","@id":"https:\/\/www.mexicanguitarplayers.com\/#organization","name":"Mexican Guitar Players","url":"https:\/\/www.mexicanguitarplayers.com\/","logo":{"@type":"ImageObject","inLanguage":"en-US","@id":"https:\/\/www.mexicanguitarplayers.com\/#\/schema\/logo\/image\/","url":"","contentUrl":"","caption":"Mexican Guitar Players"},"image":{"@id":"https:\/\/www.mexicanguitarplayers.com\/#\/schema\/logo\/image\/"}}]}},"brands":[{"id":609,"name":"SKB","slug":"skb"}],"_links":{"self":[{"href":"https:\/\/www.mexicanguitarplayers.com\/en\/wp-json\/wp\/v2\/product\/21382","targetHints":{"allow":["GET"]}}],"collection":[{"href":"https:\/\/www.mexicanguitarplayers.com\/en\/wp-json\/wp\/v2\/product"}],"about":[{"href":"https:\/\/www.mexicanguitarplayers.com\/en\/wp-json\/wp\/v2\/types\/product"}],"replies":[{"embeddable":true,"href":"https:\/\/www.mexicanguitarplayers.com\/en\/wp-json\/wp\/v2\/comments?post=21382"}],"wp:featuredmedia":[{"embeddable":true,"href":"https:\/\/www.mexicanguitarplayers.com\/en\/wp-json\/wp\/v2\/media\/21380"}],"wp:attachment":[{"href":"https:\/\/www.mexicanguitarplayers.com\/en\/wp-json\/wp\/v2\/media?parent=21382"}],"wp:term":[{"taxonomy":"pwb-brand","embeddable":true,"href":"https:\/\/www.mexicanguitarplayers.com\/en\/wp-json\/wp\/v2\/pwb-brand?post=21382"},{"taxonomy":"product_brand","embeddable":true,"href":"https:\/\/www.mexicanguitarplayers.com\/en\/wp-json\/wp\/v2\/product_brand?post=21382"},{"taxonomy":"product_cat","embeddable":true,"href":"https:\/\/www.mexicanguitarplayers.com\/en\/wp-json\/wp\/v2\/product_cat?post=21382"},{"taxonomy":"product_tag","embeddable":true,"href":"https:\/\/www.mexicanguitarplayers.com\/en\/wp-json\/wp\/v2\/product_tag?post=21382"}],"curies":[{"name":"wp","href":"https:\/\/api.w.org\/{rel}","templated":true}]}}