{"id":21390,"date":"2022-08-18T22:22:47","date_gmt":"2022-08-19T03:22:47","guid":{"rendered":"https:\/\/www.mexicanguitarplayers.com\/tienda\/sin%20categor\u00eda\/estuche-skb-p-bajo-electrico-1skb-44\/"},"modified":"2026-04-10T04:50:09","modified_gmt":"2026-04-10T10:50:09","slug":"estuche-skb-p-bajo-electrico-1skb-44","status":"publish","type":"product","link":"https:\/\/www.mexicanguitarplayers.com\/en\/tienda\/accesorios\/estuches-y-fundas\/para-bajo-estuches-y-fundas\/estuche-skb-p-bajo-electrico-1skb-44\/","title":{"rendered":"SKB CASE FOR ELECTRIC BASS 1SKB-44"},"content":{"rendered":"<div style=\"text-align: justify\">\n<div>\n<h3>SKB CASE FOR ELECTRIC BASS 1SKB-44<\/h3>\n<\/div>\n<div>Gig Bag for Electric Bass, Designed for P-Type and Jazz-Style Electric Basses, Fiberglass Reinforced Trigger Release System, TSA Locking System, Protected Piping, Injection Molded Feet, Contoured Stacking Points, Ergonomic Indestructible Handle rubber, full length arm rest, EPS rigid foam interior, accessory compartment, interior length: 117.48 cm, exterior length: 125.73 cm, exterior width: 44.45 cm, exterior depth: 13.34 cm, instrument body length: 43.82 cm, depth of instrument body: 6.35 cm, wide part of instrument: 34.29 cm, narrow part of instrument: 28.58 cm, weight: 5.44 kg.<\/div>\n<\/div>","protected":false},"excerpt":{"rendered":"<p>Estuche para bajo el\u00e9ctrico, dise\u00f1ado para bajos el\u00e9ctricos tipo \u201dP\u201d y estilo Jazz, sistema \u201dtrigger release\u201d de fibra de vidrio reforzado, sistema de bloqueo TSA, ribete protegido, pies moldeados por inyecci\u00f3n, puntos de apilamiento contorneados, asa ergon\u00f3mica indestructible de caucho, soporte para el brazo de longitud completa, interior de espuma r\u00edgida EPS, compartimento para accesorios, largo interior: 117.48 cm, largo exterior: 125.73 cm, ancho exterior: 44.45 cm, profundidad exterior: 13.34 cm, longitud del cuerpo del instrumento: 43.82 cm, profundidad del cuerpo del instrumento: 6.35 cm, parte ancha del instrumento: 34.29 cm, parte angosta del instrumento: 28.58 cm, peso: 5.44 kg.&hellip; <a class=\"kt-excerpt-readmore more-link\" href=\"https:\/\/www.mexicanguitarplayers.com\/en\/tienda\/accesorios\/estuches-y-fundas\/para-bajo-estuches-y-fundas\/estuche-skb-p-bajo-electrico-1skb-44\/\">Read more<\/a><\/p>","protected":false},"featured_media":21385,"comment_status":"open","ping_status":"closed","template":"","meta":{"kt_blocks_editor_width":""},"pwb-brand":[609],"product_brand":[],"product_cat":[85,517,578],"product_tag":[],"class_list":{"0":"post-21390","1":"product","2":"type-product","3":"status-publish","4":"has-post-thumbnail","6":"pwb-brand-skb","7":"product_cat-accesorios","8":"product_cat-estuches-y-fundas","9":"product_cat-para-bajo-estuches-y-fundas","10":"product_shipping_class-10-15-kg","12":"first","13":"instock","14":"taxable","15":"shipping-taxable","16":"purchasable","17":"product-type-simple"},"yoast_head":"<!-- This site is optimized with the Yoast SEO plugin v27.5 - https:\/\/yoast.com\/product\/yoast-seo-wordpress\/ -->\n<title>ESTUCHE SKB P\/BAJO ELECTRICO 1SKB-44 - Mexican Guitar Players<\/title>\n<meta name=\"description\" content=\"ESTUCHE SKB P\/BAJO ELECTRICO 1SKB-44. Estuche para bajo el\u00e9ctrico, dise\u00f1ado para bajos el\u00e9ctricos tipo \u201dP\u201d y estilo Jazz, sistema \u201dtrigger release\u201d de fibra de vidrio reforzado, sistema de bloqueo TSA, ribete protegido, pies moldeados por inyecci\u00f3n, puntos de apilamiento contorneados, asa ergon\u00f3mica indestructible de caucho, soporte para el brazo de longitud completa, interior de espuma r\u00edgida EPS, compartimento para accesorios, largo interior: 117.48 cm, largo exterior: 125.73 cm, ancho exterior: 44.45 cm, profundidad exterior: 13.34 cm, longitud del cuerpo del instrumento: 43.82 cm, profundidad del cuerpo del instrumento: 6.35 cm, parte ancha del instrumento: 34.29 cm, parte angosta del instrumento: 28.58 cm, peso: 5.44 kg.\" \/>\n<meta name=\"robots\" content=\"index, follow, max-snippet:-1, max-image-preview:large, max-video-preview:-1\" \/>\n<link rel=\"canonical\" href=\"https:\/\/www.mexicanguitarplayers.com\/en\/tienda\/accesorios\/estuches-y-fundas\/para-bajo-estuches-y-fundas\/estuche-skb-p-bajo-electrico-1skb-44\/\" \/>\n<meta property=\"og:locale\" content=\"en_US\" \/>\n<meta property=\"og:type\" content=\"article\" \/>\n<meta property=\"og:title\" content=\"ESTUCHE SKB P\/BAJO ELECTRICO 1SKB-44 - Mexican Guitar Players\" \/>\n<meta property=\"og:description\" content=\"ESTUCHE SKB P\/BAJO ELECTRICO 1SKB-44. Estuche para bajo el\u00e9ctrico, dise\u00f1ado para bajos el\u00e9ctricos tipo \u201dP\u201d y estilo Jazz, sistema \u201dtrigger release\u201d de fibra de vidrio reforzado, sistema de bloqueo TSA, ribete protegido, pies moldeados por inyecci\u00f3n, puntos de apilamiento contorneados, asa ergon\u00f3mica indestructible de caucho, soporte para el brazo de longitud completa, interior de espuma r\u00edgida EPS, compartimento para accesorios, largo interior: 117.48 cm, largo exterior: 125.73 cm, ancho exterior: 44.45 cm, profundidad exterior: 13.34 cm, longitud del cuerpo del instrumento: 43.82 cm, profundidad del cuerpo del instrumento: 6.35 cm, parte ancha del instrumento: 34.29 cm, parte angosta del instrumento: 28.58 cm, peso: 5.44 kg.\" \/>\n<meta property=\"og:url\" content=\"https:\/\/www.mexicanguitarplayers.com\/en\/tienda\/accesorios\/estuches-y-fundas\/para-bajo-estuches-y-fundas\/estuche-skb-p-bajo-electrico-1skb-44\/\" \/>\n<meta property=\"og:site_name\" content=\"Mexican Guitar Players\" \/>\n<meta property=\"article:modified_time\" content=\"2026-04-10T10:50:09+00:00\" \/>\n<meta property=\"og:image\" content=\"https:\/\/www.mexicanguitarplayers.com\/wp-content\/uploads\/2022\/08\/VASKB1SKB44.jpg\" \/>\n\t<meta property=\"og:image:width\" content=\"1200\" \/>\n\t<meta property=\"og:image:height\" content=\"1200\" \/>\n\t<meta property=\"og:image:type\" content=\"image\/jpeg\" \/>\n<meta name=\"twitter:card\" content=\"summary_large_image\" \/>\n<meta name=\"twitter:label1\" content=\"Est. reading time\" \/>\n\t<meta name=\"twitter:data1\" content=\"1 minute\" \/>\n<script type=\"application\/ld+json\" class=\"yoast-schema-graph\">{\"@context\":\"https:\\\/\\\/schema.org\",\"@graph\":[{\"@type\":[\"WebPage\",\"ItemPage\"],\"@id\":\"https:\\\/\\\/www.mexicanguitarplayers.com\\\/tienda\\\/accesorios\\\/estuches-y-fundas\\\/para-bajo-estuches-y-fundas\\\/estuche-skb-p-bajo-electrico-1skb-44\\\/\",\"url\":\"https:\\\/\\\/www.mexicanguitarplayers.com\\\/tienda\\\/accesorios\\\/estuches-y-fundas\\\/para-bajo-estuches-y-fundas\\\/estuche-skb-p-bajo-electrico-1skb-44\\\/\",\"name\":\"ESTUCHE SKB P\\\/BAJO ELECTRICO 1SKB-44 - Mexican Guitar Players\",\"isPartOf\":{\"@id\":\"https:\\\/\\\/www.mexicanguitarplayers.com\\\/#website\"},\"primaryImageOfPage\":{\"@id\":\"https:\\\/\\\/www.mexicanguitarplayers.com\\\/tienda\\\/accesorios\\\/estuches-y-fundas\\\/para-bajo-estuches-y-fundas\\\/estuche-skb-p-bajo-electrico-1skb-44\\\/#primaryimage\"},\"image\":{\"@id\":\"https:\\\/\\\/www.mexicanguitarplayers.com\\\/tienda\\\/accesorios\\\/estuches-y-fundas\\\/para-bajo-estuches-y-fundas\\\/estuche-skb-p-bajo-electrico-1skb-44\\\/#primaryimage\"},\"thumbnailUrl\":\"https:\\\/\\\/www.mexicanguitarplayers.com\\\/wp-content\\\/uploads\\\/2022\\\/08\\\/VASKB1SKB44.jpg\",\"datePublished\":\"2022-08-19T03:22:47+00:00\",\"dateModified\":\"2026-04-10T10:50:09+00:00\",\"description\":\"ESTUCHE SKB P\\\/BAJO ELECTRICO 1SKB-44. Estuche para bajo el\u00e9ctrico, dise\u00f1ado para bajos el\u00e9ctricos tipo \u201dP\u201d y estilo Jazz, sistema \u201dtrigger release\u201d de fibra de vidrio reforzado, sistema de bloqueo TSA, ribete protegido, pies moldeados por inyecci\u00f3n, puntos de apilamiento contorneados, asa ergon\u00f3mica indestructible de caucho, soporte para el brazo de longitud completa, interior de espuma r\u00edgida EPS, compartimento para accesorios, largo interior: 117.48 cm, largo exterior: 125.73 cm, ancho exterior: 44.45 cm, profundidad exterior: 13.34 cm, longitud del cuerpo del instrumento: 43.82 cm, profundidad del cuerpo del instrumento: 6.35 cm, parte ancha del instrumento: 34.29 cm, parte angosta del instrumento: 28.58 cm, peso: 5.44 kg.\",\"breadcrumb\":{\"@id\":\"https:\\\/\\\/www.mexicanguitarplayers.com\\\/tienda\\\/accesorios\\\/estuches-y-fundas\\\/para-bajo-estuches-y-fundas\\\/estuche-skb-p-bajo-electrico-1skb-44\\\/#breadcrumb\"},\"inLanguage\":\"en-US\",\"potentialAction\":[{\"@type\":\"ReadAction\",\"target\":[\"https:\\\/\\\/www.mexicanguitarplayers.com\\\/tienda\\\/accesorios\\\/estuches-y-fundas\\\/para-bajo-estuches-y-fundas\\\/estuche-skb-p-bajo-electrico-1skb-44\\\/\"]}]},{\"@type\":\"ImageObject\",\"inLanguage\":\"en-US\",\"@id\":\"https:\\\/\\\/www.mexicanguitarplayers.com\\\/tienda\\\/accesorios\\\/estuches-y-fundas\\\/para-bajo-estuches-y-fundas\\\/estuche-skb-p-bajo-electrico-1skb-44\\\/#primaryimage\",\"url\":\"https:\\\/\\\/www.mexicanguitarplayers.com\\\/wp-content\\\/uploads\\\/2022\\\/08\\\/VASKB1SKB44.jpg\",\"contentUrl\":\"https:\\\/\\\/www.mexicanguitarplayers.com\\\/wp-content\\\/uploads\\\/2022\\\/08\\\/VASKB1SKB44.jpg\",\"width\":1200,\"height\":1200},{\"@type\":\"BreadcrumbList\",\"@id\":\"https:\\\/\\\/www.mexicanguitarplayers.com\\\/tienda\\\/accesorios\\\/estuches-y-fundas\\\/para-bajo-estuches-y-fundas\\\/estuche-skb-p-bajo-electrico-1skb-44\\\/#breadcrumb\",\"itemListElement\":[{\"@type\":\"ListItem\",\"position\":1,\"name\":\"Portada\",\"item\":\"https:\\\/\\\/www.mexicanguitarplayers.com\\\/\"},{\"@type\":\"ListItem\",\"position\":2,\"name\":\"Tienda\",\"item\":\"https:\\\/\\\/www.mexicanguitarplayers.com\\\/tienda\\\/\"},{\"@type\":\"ListItem\",\"position\":3,\"name\":\"ESTUCHE SKB P\\\/BAJO ELECTRICO 1SKB-44\"}]},{\"@type\":\"WebSite\",\"@id\":\"https:\\\/\\\/www.mexicanguitarplayers.com\\\/#website\",\"url\":\"https:\\\/\\\/www.mexicanguitarplayers.com\\\/\",\"name\":\"Mexican Guitar Players\",\"description\":\"Website\",\"publisher\":{\"@id\":\"https:\\\/\\\/www.mexicanguitarplayers.com\\\/#organization\"},\"potentialAction\":[{\"@type\":\"SearchAction\",\"target\":{\"@type\":\"EntryPoint\",\"urlTemplate\":\"https:\\\/\\\/www.mexicanguitarplayers.com\\\/?s={search_term_string}\"},\"query-input\":{\"@type\":\"PropertyValueSpecification\",\"valueRequired\":true,\"valueName\":\"search_term_string\"}}],\"inLanguage\":\"en-US\"},{\"@type\":\"Organization\",\"@id\":\"https:\\\/\\\/www.mexicanguitarplayers.com\\\/#organization\",\"name\":\"Mexican Guitar Players\",\"url\":\"https:\\\/\\\/www.mexicanguitarplayers.com\\\/\",\"logo\":{\"@type\":\"ImageObject\",\"inLanguage\":\"en-US\",\"@id\":\"https:\\\/\\\/www.mexicanguitarplayers.com\\\/#\\\/schema\\\/logo\\\/image\\\/\",\"url\":\"\",\"contentUrl\":\"\",\"caption\":\"Mexican Guitar Players\"},\"image\":{\"@id\":\"https:\\\/\\\/www.mexicanguitarplayers.com\\\/#\\\/schema\\\/logo\\\/image\\\/\"}}]}<\/script>\n<!-- \/ Yoast SEO plugin. -->","yoast_head_json":{"title":"ESTUCHE SKB P\/BAJO ELECTRICO 1SKB-44 - Mexican Guitar Players","description":"ESTUCHE SKB P\/BAJO ELECTRICO 1SKB-44. Estuche para bajo el\u00e9ctrico, dise\u00f1ado para bajos el\u00e9ctricos tipo \u201dP\u201d y estilo Jazz, sistema \u201dtrigger release\u201d de fibra de vidrio reforzado, sistema de bloqueo TSA, ribete protegido, pies moldeados por inyecci\u00f3n, puntos de apilamiento contorneados, asa ergon\u00f3mica indestructible de caucho, soporte para el brazo de longitud completa, interior de espuma r\u00edgida EPS, compartimento para accesorios, largo interior: 117.48 cm, largo exterior: 125.73 cm, ancho exterior: 44.45 cm, profundidad exterior: 13.34 cm, longitud del cuerpo del instrumento: 43.82 cm, profundidad del cuerpo del instrumento: 6.35 cm, parte ancha del instrumento: 34.29 cm, parte angosta del instrumento: 28.58 cm, peso: 5.44 kg.","robots":{"index":"index","follow":"follow","max-snippet":"max-snippet:-1","max-image-preview":"max-image-preview:large","max-video-preview":"max-video-preview:-1"},"canonical":"https:\/\/www.mexicanguitarplayers.com\/en\/tienda\/accesorios\/estuches-y-fundas\/para-bajo-estuches-y-fundas\/estuche-skb-p-bajo-electrico-1skb-44\/","og_locale":"en_US","og_type":"article","og_title":"ESTUCHE SKB P\/BAJO ELECTRICO 1SKB-44 - Mexican Guitar Players","og_description":"ESTUCHE SKB P\/BAJO ELECTRICO 1SKB-44. Estuche para bajo el\u00e9ctrico, dise\u00f1ado para bajos el\u00e9ctricos tipo \u201dP\u201d y estilo Jazz, sistema \u201dtrigger release\u201d de fibra de vidrio reforzado, sistema de bloqueo TSA, ribete protegido, pies moldeados por inyecci\u00f3n, puntos de apilamiento contorneados, asa ergon\u00f3mica indestructible de caucho, soporte para el brazo de longitud completa, interior de espuma r\u00edgida EPS, compartimento para accesorios, largo interior: 117.48 cm, largo exterior: 125.73 cm, ancho exterior: 44.45 cm, profundidad exterior: 13.34 cm, longitud del cuerpo del instrumento: 43.82 cm, profundidad del cuerpo del instrumento: 6.35 cm, parte ancha del instrumento: 34.29 cm, parte angosta del instrumento: 28.58 cm, peso: 5.44 kg.","og_url":"https:\/\/www.mexicanguitarplayers.com\/en\/tienda\/accesorios\/estuches-y-fundas\/para-bajo-estuches-y-fundas\/estuche-skb-p-bajo-electrico-1skb-44\/","og_site_name":"Mexican Guitar Players","article_modified_time":"2026-04-10T10:50:09+00:00","og_image":[{"width":1200,"height":1200,"url":"https:\/\/www.mexicanguitarplayers.com\/wp-content\/uploads\/2022\/08\/VASKB1SKB44.jpg","type":"image\/jpeg"}],"twitter_card":"summary_large_image","twitter_misc":{"Est. reading time":"1 minute"},"schema":{"@context":"https:\/\/schema.org","@graph":[{"@type":["WebPage","ItemPage"],"@id":"https:\/\/www.mexicanguitarplayers.com\/tienda\/accesorios\/estuches-y-fundas\/para-bajo-estuches-y-fundas\/estuche-skb-p-bajo-electrico-1skb-44\/","url":"https:\/\/www.mexicanguitarplayers.com\/tienda\/accesorios\/estuches-y-fundas\/para-bajo-estuches-y-fundas\/estuche-skb-p-bajo-electrico-1skb-44\/","name":"ESTUCHE SKB P\/BAJO ELECTRICO 1SKB-44 - Mexican Guitar Players","isPartOf":{"@id":"https:\/\/www.mexicanguitarplayers.com\/#website"},"primaryImageOfPage":{"@id":"https:\/\/www.mexicanguitarplayers.com\/tienda\/accesorios\/estuches-y-fundas\/para-bajo-estuches-y-fundas\/estuche-skb-p-bajo-electrico-1skb-44\/#primaryimage"},"image":{"@id":"https:\/\/www.mexicanguitarplayers.com\/tienda\/accesorios\/estuches-y-fundas\/para-bajo-estuches-y-fundas\/estuche-skb-p-bajo-electrico-1skb-44\/#primaryimage"},"thumbnailUrl":"https:\/\/www.mexicanguitarplayers.com\/wp-content\/uploads\/2022\/08\/VASKB1SKB44.jpg","datePublished":"2022-08-19T03:22:47+00:00","dateModified":"2026-04-10T10:50:09+00:00","description":"ESTUCHE SKB P\/BAJO ELECTRICO 1SKB-44. Estuche para bajo el\u00e9ctrico, dise\u00f1ado para bajos el\u00e9ctricos tipo \u201dP\u201d y estilo Jazz, sistema \u201dtrigger release\u201d de fibra de vidrio reforzado, sistema de bloqueo TSA, ribete protegido, pies moldeados por inyecci\u00f3n, puntos de apilamiento contorneados, asa ergon\u00f3mica indestructible de caucho, soporte para el brazo de longitud completa, interior de espuma r\u00edgida EPS, compartimento para accesorios, largo interior: 117.48 cm, largo exterior: 125.73 cm, ancho exterior: 44.45 cm, profundidad exterior: 13.34 cm, longitud del cuerpo del instrumento: 43.82 cm, profundidad del cuerpo del instrumento: 6.35 cm, parte ancha del instrumento: 34.29 cm, parte angosta del instrumento: 28.58 cm, peso: 5.44 kg.","breadcrumb":{"@id":"https:\/\/www.mexicanguitarplayers.com\/tienda\/accesorios\/estuches-y-fundas\/para-bajo-estuches-y-fundas\/estuche-skb-p-bajo-electrico-1skb-44\/#breadcrumb"},"inLanguage":"en-US","potentialAction":[{"@type":"ReadAction","target":["https:\/\/www.mexicanguitarplayers.com\/tienda\/accesorios\/estuches-y-fundas\/para-bajo-estuches-y-fundas\/estuche-skb-p-bajo-electrico-1skb-44\/"]}]},{"@type":"ImageObject","inLanguage":"en-US","@id":"https:\/\/www.mexicanguitarplayers.com\/tienda\/accesorios\/estuches-y-fundas\/para-bajo-estuches-y-fundas\/estuche-skb-p-bajo-electrico-1skb-44\/#primaryimage","url":"https:\/\/www.mexicanguitarplayers.com\/wp-content\/uploads\/2022\/08\/VASKB1SKB44.jpg","contentUrl":"https:\/\/www.mexicanguitarplayers.com\/wp-content\/uploads\/2022\/08\/VASKB1SKB44.jpg","width":1200,"height":1200},{"@type":"BreadcrumbList","@id":"https:\/\/www.mexicanguitarplayers.com\/tienda\/accesorios\/estuches-y-fundas\/para-bajo-estuches-y-fundas\/estuche-skb-p-bajo-electrico-1skb-44\/#breadcrumb","itemListElement":[{"@type":"ListItem","position":1,"name":"Portada","item":"https:\/\/www.mexicanguitarplayers.com\/"},{"@type":"ListItem","position":2,"name":"Tienda","item":"https:\/\/www.mexicanguitarplayers.com\/tienda\/"},{"@type":"ListItem","position":3,"name":"ESTUCHE SKB P\/BAJO ELECTRICO 1SKB-44"}]},{"@type":"WebSite","@id":"https:\/\/www.mexicanguitarplayers.com\/#website","url":"https:\/\/www.mexicanguitarplayers.com\/","name":"Mexican Guitar Players","description":"Website","publisher":{"@id":"https:\/\/www.mexicanguitarplayers.com\/#organization"},"potentialAction":[{"@type":"SearchAction","target":{"@type":"EntryPoint","urlTemplate":"https:\/\/www.mexicanguitarplayers.com\/?s={search_term_string}"},"query-input":{"@type":"PropertyValueSpecification","valueRequired":true,"valueName":"search_term_string"}}],"inLanguage":"en-US"},{"@type":"Organization","@id":"https:\/\/www.mexicanguitarplayers.com\/#organization","name":"Mexican Guitar Players","url":"https:\/\/www.mexicanguitarplayers.com\/","logo":{"@type":"ImageObject","inLanguage":"en-US","@id":"https:\/\/www.mexicanguitarplayers.com\/#\/schema\/logo\/image\/","url":"","contentUrl":"","caption":"Mexican Guitar Players"},"image":{"@id":"https:\/\/www.mexicanguitarplayers.com\/#\/schema\/logo\/image\/"}}]}},"brands":[{"id":609,"name":"SKB","slug":"skb"}],"_links":{"self":[{"href":"https:\/\/www.mexicanguitarplayers.com\/en\/wp-json\/wp\/v2\/product\/21390","targetHints":{"allow":["GET"]}}],"collection":[{"href":"https:\/\/www.mexicanguitarplayers.com\/en\/wp-json\/wp\/v2\/product"}],"about":[{"href":"https:\/\/www.mexicanguitarplayers.com\/en\/wp-json\/wp\/v2\/types\/product"}],"replies":[{"embeddable":true,"href":"https:\/\/www.mexicanguitarplayers.com\/en\/wp-json\/wp\/v2\/comments?post=21390"}],"wp:featuredmedia":[{"embeddable":true,"href":"https:\/\/www.mexicanguitarplayers.com\/en\/wp-json\/wp\/v2\/media\/21385"}],"wp:attachment":[{"href":"https:\/\/www.mexicanguitarplayers.com\/en\/wp-json\/wp\/v2\/media?parent=21390"}],"wp:term":[{"taxonomy":"pwb-brand","embeddable":true,"href":"https:\/\/www.mexicanguitarplayers.com\/en\/wp-json\/wp\/v2\/pwb-brand?post=21390"},{"taxonomy":"product_brand","embeddable":true,"href":"https:\/\/www.mexicanguitarplayers.com\/en\/wp-json\/wp\/v2\/product_brand?post=21390"},{"taxonomy":"product_cat","embeddable":true,"href":"https:\/\/www.mexicanguitarplayers.com\/en\/wp-json\/wp\/v2\/product_cat?post=21390"},{"taxonomy":"product_tag","embeddable":true,"href":"https:\/\/www.mexicanguitarplayers.com\/en\/wp-json\/wp\/v2\/product_tag?post=21390"}],"curies":[{"name":"wp","href":"https:\/\/api.w.org\/{rel}","templated":true}]}}