{"id":21475,"date":"2022-08-18T22:42:47","date_gmt":"2022-08-19T03:42:47","guid":{"rendered":"https:\/\/www.mexicanguitarplayers.com\/tienda\/sin%20categor\u00eda\/funda-skb-p-guit-electrica-1skb-gb66\/"},"modified":"2026-04-10T04:49:57","modified_gmt":"2026-04-10T10:49:57","slug":"funda-skb-p-guit-electrica-1skb-gb66","status":"publish","type":"product","link":"https:\/\/www.mexicanguitarplayers.com\/en\/tienda\/accesorios\/estuches-y-fundas\/para-guitarra\/para-guitarra-electrica\/funda-skb-p-guit-electrica-1skb-gb66\/","title":{"rendered":"SKB P\/GUIT COVER. ELECTRICAL 1SKB-GB66"},"content":{"rendered":"<div style=\"text-align: justify\">\n<div>\n<h3>SKB P\/GUIT COVER. ELECTRICAL 1SKB-GB66<\/h3>\n<\/div>\n<div>Gig Bag for Electric Guitar, Fits Standard Solid Body Guitars, Made of Durable Ballistic Nylon, Heavy Duty Zippers, Exterior Accessory Bag with an Interior Compartment for Pens, Picks, and Small Items, Exterior Accessory Bag with an Interior Pen Compartment, picks and small items, adjustable padded shoulder strap, soft nylon interior with reinforced patches in headstock and bridge area, inside length: 41.5&quot;, inside width: 15.5&quot;, inside depth: 2.25&quot;, outside length: 42&quot;. Outside Width: 15.5&quot;, Outside Depth: 2.25&quot;, Body Length: 18.5&quot;, Body Depth: 3.5&quot;, Wide Part of Instrument: 15.5&quot;, Narrow Part: 13.5&quot;, Weight: 2.5 lbs. .<\/div>\n<\/div>","protected":false},"excerpt":{"rendered":"<p>Funda para guitarra el\u00e9ctrica, se ajusta a guitarras est\u00e1ndar de cuerpo s\u00f3lido, fabricada con nylon bal\u00edstico durable, resistentes cierres, bolsa de accesorios exterior con un compartimento interior para bol\u00edgrafos, p\u00faas y art\u00edculos peque\u00f1os, bolsa exterior para accesorios con un compartimento interior para bol\u00edgrafos, p\u00faas y art\u00edculos peque\u00f1os, correa de hombro acolchada ajustable, interior de nylon suave con parches reforzados en el \u00e1rea del cabezal y puente, largo interior: 104.14 cm, ancho interior: 39.37 cm, profundidad interior: 5.72 cm, largo exterior: 107.95 cm, ancho exterior: 39.37 cm, profundidad exterior: 5.72 cm, longitud del cuerpo del instrumento: 46.99 cm, profundidad del cuerpo del instrumento: 8.89 cm, parte ancha del instrumento: 39.37 cm, parte angosta del instrumento: 34.29 cm, peso: 1.09 kg.&hellip; <a class=\"kt-excerpt-readmore more-link\" href=\"https:\/\/www.mexicanguitarplayers.com\/en\/tienda\/accesorios\/estuches-y-fundas\/para-guitarra\/para-guitarra-electrica\/funda-skb-p-guit-electrica-1skb-gb66\/\">Read more<\/a><\/p>","protected":false},"featured_media":21473,"comment_status":"open","ping_status":"closed","template":"","meta":{"kt_blocks_editor_width":""},"pwb-brand":[609],"product_brand":[],"product_cat":[85,517,566,567],"product_tag":[],"class_list":{"0":"post-21475","1":"product","2":"type-product","3":"status-publish","4":"has-post-thumbnail","6":"pwb-brand-skb","7":"product_cat-accesorios","8":"product_cat-estuches-y-fundas","9":"product_cat-para-guitarra","10":"product_cat-para-guitarra-electrica","11":"product_shipping_class-5-10-kg","13":"first","14":"outofstock","15":"taxable","16":"shipping-taxable","17":"purchasable","18":"product-type-simple"},"yoast_head":"<!-- This site is optimized with the Yoast SEO plugin v27.5 - https:\/\/yoast.com\/product\/yoast-seo-wordpress\/ -->\n<title>FUNDA SKB P\/GUIT. ELECTRICA 1SKB-GB66 - Mexican Guitar Players<\/title>\n<meta name=\"description\" content=\"FUNDA SKB P\/GUIT. ELECTRICA 1SKB-GB66. Funda para guitarra el\u00e9ctrica, se ajusta a guitarras est\u00e1ndar de cuerpo s\u00f3lido, fabricada con nylon bal\u00edstico durable, resistentes cierres, bolsa de accesorios exterior con un compartimento interior para bol\u00edgrafos, p\u00faas y art\u00edculos peque\u00f1os, bolsa exterior para accesorios con un compartimento interior para bol\u00edgrafos, p\u00faas y art\u00edculos peque\u00f1os, correa de hombro acolchada ajustable, interior de nylon suave con parches reforzados en el \u00e1rea del cabezal y puente, largo interior: 104.14 cm, ancho interior: 39.37 cm, profundidad interior: 5.72 cm, largo exterior: 107.95 cm, ancho exterior: 39.37 cm, profundidad exterior: 5.72 cm, longitud del cuerpo del instrumento: 46.99 cm, profundidad del cuerpo del instrumento: 8.89 cm, parte ancha del instrumento: 39.37 cm, parte angosta del instrumento: 34.29 cm, peso: 1.09 kg.\" \/>\n<meta name=\"robots\" content=\"index, follow, max-snippet:-1, max-image-preview:large, max-video-preview:-1\" \/>\n<link rel=\"canonical\" href=\"https:\/\/www.mexicanguitarplayers.com\/en\/tienda\/accesorios\/estuches-y-fundas\/para-guitarra\/para-guitarra-electrica\/funda-skb-p-guit-electrica-1skb-gb66\/\" \/>\n<meta property=\"og:locale\" content=\"en_US\" \/>\n<meta property=\"og:type\" content=\"article\" \/>\n<meta property=\"og:title\" content=\"FUNDA SKB P\/GUIT. ELECTRICA 1SKB-GB66 - Mexican Guitar Players\" \/>\n<meta property=\"og:description\" content=\"FUNDA SKB P\/GUIT. ELECTRICA 1SKB-GB66. Funda para guitarra el\u00e9ctrica, se ajusta a guitarras est\u00e1ndar de cuerpo s\u00f3lido, fabricada con nylon bal\u00edstico durable, resistentes cierres, bolsa de accesorios exterior con un compartimento interior para bol\u00edgrafos, p\u00faas y art\u00edculos peque\u00f1os, bolsa exterior para accesorios con un compartimento interior para bol\u00edgrafos, p\u00faas y art\u00edculos peque\u00f1os, correa de hombro acolchada ajustable, interior de nylon suave con parches reforzados en el \u00e1rea del cabezal y puente, largo interior: 104.14 cm, ancho interior: 39.37 cm, profundidad interior: 5.72 cm, largo exterior: 107.95 cm, ancho exterior: 39.37 cm, profundidad exterior: 5.72 cm, longitud del cuerpo del instrumento: 46.99 cm, profundidad del cuerpo del instrumento: 8.89 cm, parte ancha del instrumento: 39.37 cm, parte angosta del instrumento: 34.29 cm, peso: 1.09 kg.\" \/>\n<meta property=\"og:url\" content=\"https:\/\/www.mexicanguitarplayers.com\/en\/tienda\/accesorios\/estuches-y-fundas\/para-guitarra\/para-guitarra-electrica\/funda-skb-p-guit-electrica-1skb-gb66\/\" \/>\n<meta property=\"og:site_name\" content=\"Mexican Guitar Players\" \/>\n<meta property=\"article:modified_time\" content=\"2026-04-10T10:49:57+00:00\" \/>\n<meta property=\"og:image\" content=\"https:\/\/www.mexicanguitarplayers.com\/wp-content\/uploads\/2022\/08\/VASKB1SKBGB66.jpg\" \/>\n\t<meta property=\"og:image:width\" content=\"1200\" \/>\n\t<meta property=\"og:image:height\" content=\"1200\" \/>\n\t<meta property=\"og:image:type\" content=\"image\/jpeg\" \/>\n<meta name=\"twitter:card\" content=\"summary_large_image\" \/>\n<meta name=\"twitter:label1\" content=\"Est. reading time\" \/>\n\t<meta name=\"twitter:data1\" content=\"1 minute\" \/>\n<script type=\"application\/ld+json\" class=\"yoast-schema-graph\">{\"@context\":\"https:\\\/\\\/schema.org\",\"@graph\":[{\"@type\":[\"WebPage\",\"ItemPage\"],\"@id\":\"https:\\\/\\\/www.mexicanguitarplayers.com\\\/tienda\\\/accesorios\\\/estuches-y-fundas\\\/para-guitarra\\\/para-guitarra-electrica\\\/funda-skb-p-guit-electrica-1skb-gb66\\\/\",\"url\":\"https:\\\/\\\/www.mexicanguitarplayers.com\\\/tienda\\\/accesorios\\\/estuches-y-fundas\\\/para-guitarra\\\/para-guitarra-electrica\\\/funda-skb-p-guit-electrica-1skb-gb66\\\/\",\"name\":\"FUNDA SKB P\\\/GUIT. ELECTRICA 1SKB-GB66 - Mexican Guitar Players\",\"isPartOf\":{\"@id\":\"https:\\\/\\\/www.mexicanguitarplayers.com\\\/#website\"},\"primaryImageOfPage\":{\"@id\":\"https:\\\/\\\/www.mexicanguitarplayers.com\\\/tienda\\\/accesorios\\\/estuches-y-fundas\\\/para-guitarra\\\/para-guitarra-electrica\\\/funda-skb-p-guit-electrica-1skb-gb66\\\/#primaryimage\"},\"image\":{\"@id\":\"https:\\\/\\\/www.mexicanguitarplayers.com\\\/tienda\\\/accesorios\\\/estuches-y-fundas\\\/para-guitarra\\\/para-guitarra-electrica\\\/funda-skb-p-guit-electrica-1skb-gb66\\\/#primaryimage\"},\"thumbnailUrl\":\"https:\\\/\\\/www.mexicanguitarplayers.com\\\/wp-content\\\/uploads\\\/2022\\\/08\\\/VASKB1SKBGB66.jpg\",\"datePublished\":\"2022-08-19T03:42:47+00:00\",\"dateModified\":\"2026-04-10T10:49:57+00:00\",\"description\":\"FUNDA SKB P\\\/GUIT. ELECTRICA 1SKB-GB66. Funda para guitarra el\u00e9ctrica, se ajusta a guitarras est\u00e1ndar de cuerpo s\u00f3lido, fabricada con nylon bal\u00edstico durable, resistentes cierres, bolsa de accesorios exterior con un compartimento interior para bol\u00edgrafos, p\u00faas y art\u00edculos peque\u00f1os, bolsa exterior para accesorios con un compartimento interior para bol\u00edgrafos, p\u00faas y art\u00edculos peque\u00f1os, correa de hombro acolchada ajustable, interior de nylon suave con parches reforzados en el \u00e1rea del cabezal y puente, largo interior: 104.14 cm, ancho interior: 39.37 cm, profundidad interior: 5.72 cm, largo exterior: 107.95 cm, ancho exterior: 39.37 cm, profundidad exterior: 5.72 cm, longitud del cuerpo del instrumento: 46.99 cm, profundidad del cuerpo del instrumento: 8.89 cm, parte ancha del instrumento: 39.37 cm, parte angosta del instrumento: 34.29 cm, peso: 1.09 kg.\",\"breadcrumb\":{\"@id\":\"https:\\\/\\\/www.mexicanguitarplayers.com\\\/tienda\\\/accesorios\\\/estuches-y-fundas\\\/para-guitarra\\\/para-guitarra-electrica\\\/funda-skb-p-guit-electrica-1skb-gb66\\\/#breadcrumb\"},\"inLanguage\":\"en-US\",\"potentialAction\":[{\"@type\":\"ReadAction\",\"target\":[\"https:\\\/\\\/www.mexicanguitarplayers.com\\\/tienda\\\/accesorios\\\/estuches-y-fundas\\\/para-guitarra\\\/para-guitarra-electrica\\\/funda-skb-p-guit-electrica-1skb-gb66\\\/\"]}]},{\"@type\":\"ImageObject\",\"inLanguage\":\"en-US\",\"@id\":\"https:\\\/\\\/www.mexicanguitarplayers.com\\\/tienda\\\/accesorios\\\/estuches-y-fundas\\\/para-guitarra\\\/para-guitarra-electrica\\\/funda-skb-p-guit-electrica-1skb-gb66\\\/#primaryimage\",\"url\":\"https:\\\/\\\/www.mexicanguitarplayers.com\\\/wp-content\\\/uploads\\\/2022\\\/08\\\/VASKB1SKBGB66.jpg\",\"contentUrl\":\"https:\\\/\\\/www.mexicanguitarplayers.com\\\/wp-content\\\/uploads\\\/2022\\\/08\\\/VASKB1SKBGB66.jpg\",\"width\":1200,\"height\":1200},{\"@type\":\"BreadcrumbList\",\"@id\":\"https:\\\/\\\/www.mexicanguitarplayers.com\\\/tienda\\\/accesorios\\\/estuches-y-fundas\\\/para-guitarra\\\/para-guitarra-electrica\\\/funda-skb-p-guit-electrica-1skb-gb66\\\/#breadcrumb\",\"itemListElement\":[{\"@type\":\"ListItem\",\"position\":1,\"name\":\"Portada\",\"item\":\"https:\\\/\\\/www.mexicanguitarplayers.com\\\/\"},{\"@type\":\"ListItem\",\"position\":2,\"name\":\"Tienda\",\"item\":\"https:\\\/\\\/www.mexicanguitarplayers.com\\\/tienda\\\/\"},{\"@type\":\"ListItem\",\"position\":3,\"name\":\"FUNDA SKB P\\\/GUIT. ELECTRICA 1SKB-GB66\"}]},{\"@type\":\"WebSite\",\"@id\":\"https:\\\/\\\/www.mexicanguitarplayers.com\\\/#website\",\"url\":\"https:\\\/\\\/www.mexicanguitarplayers.com\\\/\",\"name\":\"Mexican Guitar Players\",\"description\":\"Website\",\"publisher\":{\"@id\":\"https:\\\/\\\/www.mexicanguitarplayers.com\\\/#organization\"},\"potentialAction\":[{\"@type\":\"SearchAction\",\"target\":{\"@type\":\"EntryPoint\",\"urlTemplate\":\"https:\\\/\\\/www.mexicanguitarplayers.com\\\/?s={search_term_string}\"},\"query-input\":{\"@type\":\"PropertyValueSpecification\",\"valueRequired\":true,\"valueName\":\"search_term_string\"}}],\"inLanguage\":\"en-US\"},{\"@type\":\"Organization\",\"@id\":\"https:\\\/\\\/www.mexicanguitarplayers.com\\\/#organization\",\"name\":\"Mexican Guitar Players\",\"url\":\"https:\\\/\\\/www.mexicanguitarplayers.com\\\/\",\"logo\":{\"@type\":\"ImageObject\",\"inLanguage\":\"en-US\",\"@id\":\"https:\\\/\\\/www.mexicanguitarplayers.com\\\/#\\\/schema\\\/logo\\\/image\\\/\",\"url\":\"\",\"contentUrl\":\"\",\"caption\":\"Mexican Guitar Players\"},\"image\":{\"@id\":\"https:\\\/\\\/www.mexicanguitarplayers.com\\\/#\\\/schema\\\/logo\\\/image\\\/\"}}]}<\/script>\n<!-- \/ Yoast SEO plugin. -->","yoast_head_json":{"title":"FUNDA SKB P\/GUIT. ELECTRICA 1SKB-GB66 - Mexican Guitar Players","description":"FUNDA SKB P\/GUIT. ELECTRICA 1SKB-GB66. Funda para guitarra el\u00e9ctrica, se ajusta a guitarras est\u00e1ndar de cuerpo s\u00f3lido, fabricada con nylon bal\u00edstico durable, resistentes cierres, bolsa de accesorios exterior con un compartimento interior para bol\u00edgrafos, p\u00faas y art\u00edculos peque\u00f1os, bolsa exterior para accesorios con un compartimento interior para bol\u00edgrafos, p\u00faas y art\u00edculos peque\u00f1os, correa de hombro acolchada ajustable, interior de nylon suave con parches reforzados en el \u00e1rea del cabezal y puente, largo interior: 104.14 cm, ancho interior: 39.37 cm, profundidad interior: 5.72 cm, largo exterior: 107.95 cm, ancho exterior: 39.37 cm, profundidad exterior: 5.72 cm, longitud del cuerpo del instrumento: 46.99 cm, profundidad del cuerpo del instrumento: 8.89 cm, parte ancha del instrumento: 39.37 cm, parte angosta del instrumento: 34.29 cm, peso: 1.09 kg.","robots":{"index":"index","follow":"follow","max-snippet":"max-snippet:-1","max-image-preview":"max-image-preview:large","max-video-preview":"max-video-preview:-1"},"canonical":"https:\/\/www.mexicanguitarplayers.com\/en\/tienda\/accesorios\/estuches-y-fundas\/para-guitarra\/para-guitarra-electrica\/funda-skb-p-guit-electrica-1skb-gb66\/","og_locale":"en_US","og_type":"article","og_title":"FUNDA SKB P\/GUIT. ELECTRICA 1SKB-GB66 - Mexican Guitar Players","og_description":"FUNDA SKB P\/GUIT. ELECTRICA 1SKB-GB66. Funda para guitarra el\u00e9ctrica, se ajusta a guitarras est\u00e1ndar de cuerpo s\u00f3lido, fabricada con nylon bal\u00edstico durable, resistentes cierres, bolsa de accesorios exterior con un compartimento interior para bol\u00edgrafos, p\u00faas y art\u00edculos peque\u00f1os, bolsa exterior para accesorios con un compartimento interior para bol\u00edgrafos, p\u00faas y art\u00edculos peque\u00f1os, correa de hombro acolchada ajustable, interior de nylon suave con parches reforzados en el \u00e1rea del cabezal y puente, largo interior: 104.14 cm, ancho interior: 39.37 cm, profundidad interior: 5.72 cm, largo exterior: 107.95 cm, ancho exterior: 39.37 cm, profundidad exterior: 5.72 cm, longitud del cuerpo del instrumento: 46.99 cm, profundidad del cuerpo del instrumento: 8.89 cm, parte ancha del instrumento: 39.37 cm, parte angosta del instrumento: 34.29 cm, peso: 1.09 kg.","og_url":"https:\/\/www.mexicanguitarplayers.com\/en\/tienda\/accesorios\/estuches-y-fundas\/para-guitarra\/para-guitarra-electrica\/funda-skb-p-guit-electrica-1skb-gb66\/","og_site_name":"Mexican Guitar Players","article_modified_time":"2026-04-10T10:49:57+00:00","og_image":[{"width":1200,"height":1200,"url":"https:\/\/www.mexicanguitarplayers.com\/wp-content\/uploads\/2022\/08\/VASKB1SKBGB66.jpg","type":"image\/jpeg"}],"twitter_card":"summary_large_image","twitter_misc":{"Est. reading time":"1 minute"},"schema":{"@context":"https:\/\/schema.org","@graph":[{"@type":["WebPage","ItemPage"],"@id":"https:\/\/www.mexicanguitarplayers.com\/tienda\/accesorios\/estuches-y-fundas\/para-guitarra\/para-guitarra-electrica\/funda-skb-p-guit-electrica-1skb-gb66\/","url":"https:\/\/www.mexicanguitarplayers.com\/tienda\/accesorios\/estuches-y-fundas\/para-guitarra\/para-guitarra-electrica\/funda-skb-p-guit-electrica-1skb-gb66\/","name":"FUNDA SKB P\/GUIT. ELECTRICA 1SKB-GB66 - Mexican Guitar Players","isPartOf":{"@id":"https:\/\/www.mexicanguitarplayers.com\/#website"},"primaryImageOfPage":{"@id":"https:\/\/www.mexicanguitarplayers.com\/tienda\/accesorios\/estuches-y-fundas\/para-guitarra\/para-guitarra-electrica\/funda-skb-p-guit-electrica-1skb-gb66\/#primaryimage"},"image":{"@id":"https:\/\/www.mexicanguitarplayers.com\/tienda\/accesorios\/estuches-y-fundas\/para-guitarra\/para-guitarra-electrica\/funda-skb-p-guit-electrica-1skb-gb66\/#primaryimage"},"thumbnailUrl":"https:\/\/www.mexicanguitarplayers.com\/wp-content\/uploads\/2022\/08\/VASKB1SKBGB66.jpg","datePublished":"2022-08-19T03:42:47+00:00","dateModified":"2026-04-10T10:49:57+00:00","description":"FUNDA SKB P\/GUIT. ELECTRICA 1SKB-GB66. Funda para guitarra el\u00e9ctrica, se ajusta a guitarras est\u00e1ndar de cuerpo s\u00f3lido, fabricada con nylon bal\u00edstico durable, resistentes cierres, bolsa de accesorios exterior con un compartimento interior para bol\u00edgrafos, p\u00faas y art\u00edculos peque\u00f1os, bolsa exterior para accesorios con un compartimento interior para bol\u00edgrafos, p\u00faas y art\u00edculos peque\u00f1os, correa de hombro acolchada ajustable, interior de nylon suave con parches reforzados en el \u00e1rea del cabezal y puente, largo interior: 104.14 cm, ancho interior: 39.37 cm, profundidad interior: 5.72 cm, largo exterior: 107.95 cm, ancho exterior: 39.37 cm, profundidad exterior: 5.72 cm, longitud del cuerpo del instrumento: 46.99 cm, profundidad del cuerpo del instrumento: 8.89 cm, parte ancha del instrumento: 39.37 cm, parte angosta del instrumento: 34.29 cm, peso: 1.09 kg.","breadcrumb":{"@id":"https:\/\/www.mexicanguitarplayers.com\/tienda\/accesorios\/estuches-y-fundas\/para-guitarra\/para-guitarra-electrica\/funda-skb-p-guit-electrica-1skb-gb66\/#breadcrumb"},"inLanguage":"en-US","potentialAction":[{"@type":"ReadAction","target":["https:\/\/www.mexicanguitarplayers.com\/tienda\/accesorios\/estuches-y-fundas\/para-guitarra\/para-guitarra-electrica\/funda-skb-p-guit-electrica-1skb-gb66\/"]}]},{"@type":"ImageObject","inLanguage":"en-US","@id":"https:\/\/www.mexicanguitarplayers.com\/tienda\/accesorios\/estuches-y-fundas\/para-guitarra\/para-guitarra-electrica\/funda-skb-p-guit-electrica-1skb-gb66\/#primaryimage","url":"https:\/\/www.mexicanguitarplayers.com\/wp-content\/uploads\/2022\/08\/VASKB1SKBGB66.jpg","contentUrl":"https:\/\/www.mexicanguitarplayers.com\/wp-content\/uploads\/2022\/08\/VASKB1SKBGB66.jpg","width":1200,"height":1200},{"@type":"BreadcrumbList","@id":"https:\/\/www.mexicanguitarplayers.com\/tienda\/accesorios\/estuches-y-fundas\/para-guitarra\/para-guitarra-electrica\/funda-skb-p-guit-electrica-1skb-gb66\/#breadcrumb","itemListElement":[{"@type":"ListItem","position":1,"name":"Portada","item":"https:\/\/www.mexicanguitarplayers.com\/"},{"@type":"ListItem","position":2,"name":"Tienda","item":"https:\/\/www.mexicanguitarplayers.com\/tienda\/"},{"@type":"ListItem","position":3,"name":"FUNDA SKB P\/GUIT. ELECTRICA 1SKB-GB66"}]},{"@type":"WebSite","@id":"https:\/\/www.mexicanguitarplayers.com\/#website","url":"https:\/\/www.mexicanguitarplayers.com\/","name":"Mexican Guitar Players","description":"Website","publisher":{"@id":"https:\/\/www.mexicanguitarplayers.com\/#organization"},"potentialAction":[{"@type":"SearchAction","target":{"@type":"EntryPoint","urlTemplate":"https:\/\/www.mexicanguitarplayers.com\/?s={search_term_string}"},"query-input":{"@type":"PropertyValueSpecification","valueRequired":true,"valueName":"search_term_string"}}],"inLanguage":"en-US"},{"@type":"Organization","@id":"https:\/\/www.mexicanguitarplayers.com\/#organization","name":"Mexican Guitar Players","url":"https:\/\/www.mexicanguitarplayers.com\/","logo":{"@type":"ImageObject","inLanguage":"en-US","@id":"https:\/\/www.mexicanguitarplayers.com\/#\/schema\/logo\/image\/","url":"","contentUrl":"","caption":"Mexican Guitar Players"},"image":{"@id":"https:\/\/www.mexicanguitarplayers.com\/#\/schema\/logo\/image\/"}}]}},"brands":[{"id":609,"name":"SKB","slug":"skb"}],"_links":{"self":[{"href":"https:\/\/www.mexicanguitarplayers.com\/en\/wp-json\/wp\/v2\/product\/21475","targetHints":{"allow":["GET"]}}],"collection":[{"href":"https:\/\/www.mexicanguitarplayers.com\/en\/wp-json\/wp\/v2\/product"}],"about":[{"href":"https:\/\/www.mexicanguitarplayers.com\/en\/wp-json\/wp\/v2\/types\/product"}],"replies":[{"embeddable":true,"href":"https:\/\/www.mexicanguitarplayers.com\/en\/wp-json\/wp\/v2\/comments?post=21475"}],"wp:featuredmedia":[{"embeddable":true,"href":"https:\/\/www.mexicanguitarplayers.com\/en\/wp-json\/wp\/v2\/media\/21473"}],"wp:attachment":[{"href":"https:\/\/www.mexicanguitarplayers.com\/en\/wp-json\/wp\/v2\/media?parent=21475"}],"wp:term":[{"taxonomy":"pwb-brand","embeddable":true,"href":"https:\/\/www.mexicanguitarplayers.com\/en\/wp-json\/wp\/v2\/pwb-brand?post=21475"},{"taxonomy":"product_brand","embeddable":true,"href":"https:\/\/www.mexicanguitarplayers.com\/en\/wp-json\/wp\/v2\/product_brand?post=21475"},{"taxonomy":"product_cat","embeddable":true,"href":"https:\/\/www.mexicanguitarplayers.com\/en\/wp-json\/wp\/v2\/product_cat?post=21475"},{"taxonomy":"product_tag","embeddable":true,"href":"https:\/\/www.mexicanguitarplayers.com\/en\/wp-json\/wp\/v2\/product_tag?post=21475"}],"curies":[{"name":"wp","href":"https:\/\/api.w.org\/{rel}","templated":true}]}}