{"id":21526,"date":"2022-08-18T23:24:35","date_gmt":"2022-08-19T04:24:35","guid":{"rendered":"https:\/\/www.mexicanguitarplayers.com\/tienda\/sin%20categor\u00eda\/estuche-skb-p-sousafon-1skb-380\/"},"modified":"2026-04-10T04:49:49","modified_gmt":"2026-04-10T10:49:49","slug":"estuche-skb-p-sousafon-1skb-380","status":"publish","type":"product","link":"https:\/\/www.mexicanguitarplayers.com\/en\/tienda\/accesorios\/estuches-y-fundas\/para-alientos-estuches-y-fundas\/estuche-skb-p-sousafon-1skb-380\/","title":{"rendered":"SKB P\/SOUSAFON CASE 1SKB-380"},"content":{"rendered":"<div style=\"text-align: justify\">\n<div>\n<h3>SKB P\/SOUSAFON CASE 1SKB-380<\/h3>\n<\/div>\n<div>Sousaphone Case, Lightweight and Durable Case Fits Most Popular Models, Perfect Accessory Compartment for Neck and Mouthpiece, Designed for King 2350 and Conn 20K, Includes Wheels and TSA Locks, Outside Length: 41&quot;, Outside Width: 20&quot;. cm, external depth: 82.55 cm, weight: 9.07 kg.<\/div>\n<\/div>","protected":false},"excerpt":{"rendered":"<p>Estuche para sousaf\u00f3n, estuche ligero y resistente que se ajusta a los modelos m\u00e1s populares, compartimento de accesorios perfecto para cuello y boquilla, dise\u00f1ado para King 2350 y Conn 20K, incluye ruedas y cerraduras TSA, longitud exterior: 104.14 cm, ancho exterior: 50.80 cm, profundidad exterior: 82.55 cm, peso: 9.07 kg.&hellip; <a class=\"kt-excerpt-readmore more-link\" href=\"https:\/\/www.mexicanguitarplayers.com\/en\/tienda\/accesorios\/estuches-y-fundas\/para-alientos-estuches-y-fundas\/estuche-skb-p-sousafon-1skb-380\/\">Read more<\/a><\/p>","protected":false},"featured_media":21525,"comment_status":"open","ping_status":"closed","template":"","meta":{"kt_blocks_editor_width":""},"pwb-brand":[609],"product_brand":[],"product_cat":[85,517,607],"product_tag":[],"class_list":{"0":"post-21526","1":"product","2":"type-product","3":"status-publish","4":"has-post-thumbnail","6":"pwb-brand-skb","7":"product_cat-accesorios","8":"product_cat-estuches-y-fundas","9":"product_cat-para-alientos-estuches-y-fundas","10":"product_shipping_class-25-30-kg","12":"first","13":"instock","14":"taxable","15":"shipping-taxable","16":"purchasable","17":"product-type-simple"},"yoast_head":"<!-- This site is optimized with the Yoast SEO plugin v27.5 - https:\/\/yoast.com\/product\/yoast-seo-wordpress\/ -->\n<title>ESTUCHE SKB P\/SOUSAFON 1SKB-380 - Mexican Guitar Players<\/title>\n<meta name=\"description\" content=\"ESTUCHE SKB P\/SOUSAFON 1SKB-380. Estuche para sousaf\u00f3n, estuche ligero y resistente que se ajusta a los modelos m\u00e1s populares, compartimento de accesorios perfecto para cuello y boquilla, dise\u00f1ado para King 2350 y Conn 20K, incluye ruedas y cerraduras TSA, longitud exterior: 104.14 cm, ancho exterior: 50.80 cm, profundidad exterior: 82.55 cm, peso: 9.07 kg.\" \/>\n<meta name=\"robots\" content=\"index, follow, max-snippet:-1, max-image-preview:large, max-video-preview:-1\" \/>\n<link rel=\"canonical\" href=\"https:\/\/www.mexicanguitarplayers.com\/en\/tienda\/accesorios\/estuches-y-fundas\/para-alientos-estuches-y-fundas\/estuche-skb-p-sousafon-1skb-380\/\" \/>\n<meta property=\"og:locale\" content=\"en_US\" \/>\n<meta property=\"og:type\" content=\"article\" \/>\n<meta property=\"og:title\" content=\"ESTUCHE SKB P\/SOUSAFON 1SKB-380 - Mexican Guitar Players\" \/>\n<meta property=\"og:description\" content=\"ESTUCHE SKB P\/SOUSAFON 1SKB-380. Estuche para sousaf\u00f3n, estuche ligero y resistente que se ajusta a los modelos m\u00e1s populares, compartimento de accesorios perfecto para cuello y boquilla, dise\u00f1ado para King 2350 y Conn 20K, incluye ruedas y cerraduras TSA, longitud exterior: 104.14 cm, ancho exterior: 50.80 cm, profundidad exterior: 82.55 cm, peso: 9.07 kg.\" \/>\n<meta property=\"og:url\" content=\"https:\/\/www.mexicanguitarplayers.com\/en\/tienda\/accesorios\/estuches-y-fundas\/para-alientos-estuches-y-fundas\/estuche-skb-p-sousafon-1skb-380\/\" \/>\n<meta property=\"og:site_name\" content=\"Mexican Guitar Players\" \/>\n<meta property=\"article:modified_time\" content=\"2026-04-10T10:49:49+00:00\" \/>\n<meta property=\"og:image\" content=\"https:\/\/www.mexicanguitarplayers.com\/wp-content\/uploads\/2022\/08\/VASKB1SKB380.jpg\" \/>\n\t<meta property=\"og:image:width\" content=\"1200\" \/>\n\t<meta property=\"og:image:height\" content=\"1200\" \/>\n\t<meta property=\"og:image:type\" content=\"image\/jpeg\" \/>\n<meta name=\"twitter:card\" content=\"summary_large_image\" \/>\n<script type=\"application\/ld+json\" class=\"yoast-schema-graph\">{\"@context\":\"https:\\\/\\\/schema.org\",\"@graph\":[{\"@type\":[\"WebPage\",\"ItemPage\"],\"@id\":\"https:\\\/\\\/www.mexicanguitarplayers.com\\\/tienda\\\/accesorios\\\/estuches-y-fundas\\\/para-alientos-estuches-y-fundas\\\/estuche-skb-p-sousafon-1skb-380\\\/\",\"url\":\"https:\\\/\\\/www.mexicanguitarplayers.com\\\/tienda\\\/accesorios\\\/estuches-y-fundas\\\/para-alientos-estuches-y-fundas\\\/estuche-skb-p-sousafon-1skb-380\\\/\",\"name\":\"ESTUCHE SKB P\\\/SOUSAFON 1SKB-380 - Mexican Guitar Players\",\"isPartOf\":{\"@id\":\"https:\\\/\\\/www.mexicanguitarplayers.com\\\/#website\"},\"primaryImageOfPage\":{\"@id\":\"https:\\\/\\\/www.mexicanguitarplayers.com\\\/tienda\\\/accesorios\\\/estuches-y-fundas\\\/para-alientos-estuches-y-fundas\\\/estuche-skb-p-sousafon-1skb-380\\\/#primaryimage\"},\"image\":{\"@id\":\"https:\\\/\\\/www.mexicanguitarplayers.com\\\/tienda\\\/accesorios\\\/estuches-y-fundas\\\/para-alientos-estuches-y-fundas\\\/estuche-skb-p-sousafon-1skb-380\\\/#primaryimage\"},\"thumbnailUrl\":\"https:\\\/\\\/www.mexicanguitarplayers.com\\\/wp-content\\\/uploads\\\/2022\\\/08\\\/VASKB1SKB380.jpg\",\"datePublished\":\"2022-08-19T04:24:35+00:00\",\"dateModified\":\"2026-04-10T10:49:49+00:00\",\"description\":\"ESTUCHE SKB P\\\/SOUSAFON 1SKB-380. Estuche para sousaf\u00f3n, estuche ligero y resistente que se ajusta a los modelos m\u00e1s populares, compartimento de accesorios perfecto para cuello y boquilla, dise\u00f1ado para King 2350 y Conn 20K, incluye ruedas y cerraduras TSA, longitud exterior: 104.14 cm, ancho exterior: 50.80 cm, profundidad exterior: 82.55 cm, peso: 9.07 kg.\",\"breadcrumb\":{\"@id\":\"https:\\\/\\\/www.mexicanguitarplayers.com\\\/tienda\\\/accesorios\\\/estuches-y-fundas\\\/para-alientos-estuches-y-fundas\\\/estuche-skb-p-sousafon-1skb-380\\\/#breadcrumb\"},\"inLanguage\":\"en-US\",\"potentialAction\":[{\"@type\":\"ReadAction\",\"target\":[\"https:\\\/\\\/www.mexicanguitarplayers.com\\\/tienda\\\/accesorios\\\/estuches-y-fundas\\\/para-alientos-estuches-y-fundas\\\/estuche-skb-p-sousafon-1skb-380\\\/\"]}]},{\"@type\":\"ImageObject\",\"inLanguage\":\"en-US\",\"@id\":\"https:\\\/\\\/www.mexicanguitarplayers.com\\\/tienda\\\/accesorios\\\/estuches-y-fundas\\\/para-alientos-estuches-y-fundas\\\/estuche-skb-p-sousafon-1skb-380\\\/#primaryimage\",\"url\":\"https:\\\/\\\/www.mexicanguitarplayers.com\\\/wp-content\\\/uploads\\\/2022\\\/08\\\/VASKB1SKB380.jpg\",\"contentUrl\":\"https:\\\/\\\/www.mexicanguitarplayers.com\\\/wp-content\\\/uploads\\\/2022\\\/08\\\/VASKB1SKB380.jpg\",\"width\":1200,\"height\":1200},{\"@type\":\"BreadcrumbList\",\"@id\":\"https:\\\/\\\/www.mexicanguitarplayers.com\\\/tienda\\\/accesorios\\\/estuches-y-fundas\\\/para-alientos-estuches-y-fundas\\\/estuche-skb-p-sousafon-1skb-380\\\/#breadcrumb\",\"itemListElement\":[{\"@type\":\"ListItem\",\"position\":1,\"name\":\"Portada\",\"item\":\"https:\\\/\\\/www.mexicanguitarplayers.com\\\/\"},{\"@type\":\"ListItem\",\"position\":2,\"name\":\"Tienda\",\"item\":\"https:\\\/\\\/www.mexicanguitarplayers.com\\\/tienda\\\/\"},{\"@type\":\"ListItem\",\"position\":3,\"name\":\"ESTUCHE SKB P\\\/SOUSAFON 1SKB-380\"}]},{\"@type\":\"WebSite\",\"@id\":\"https:\\\/\\\/www.mexicanguitarplayers.com\\\/#website\",\"url\":\"https:\\\/\\\/www.mexicanguitarplayers.com\\\/\",\"name\":\"Mexican Guitar Players\",\"description\":\"Website\",\"publisher\":{\"@id\":\"https:\\\/\\\/www.mexicanguitarplayers.com\\\/#organization\"},\"potentialAction\":[{\"@type\":\"SearchAction\",\"target\":{\"@type\":\"EntryPoint\",\"urlTemplate\":\"https:\\\/\\\/www.mexicanguitarplayers.com\\\/?s={search_term_string}\"},\"query-input\":{\"@type\":\"PropertyValueSpecification\",\"valueRequired\":true,\"valueName\":\"search_term_string\"}}],\"inLanguage\":\"en-US\"},{\"@type\":\"Organization\",\"@id\":\"https:\\\/\\\/www.mexicanguitarplayers.com\\\/#organization\",\"name\":\"Mexican Guitar Players\",\"url\":\"https:\\\/\\\/www.mexicanguitarplayers.com\\\/\",\"logo\":{\"@type\":\"ImageObject\",\"inLanguage\":\"en-US\",\"@id\":\"https:\\\/\\\/www.mexicanguitarplayers.com\\\/#\\\/schema\\\/logo\\\/image\\\/\",\"url\":\"\",\"contentUrl\":\"\",\"caption\":\"Mexican Guitar Players\"},\"image\":{\"@id\":\"https:\\\/\\\/www.mexicanguitarplayers.com\\\/#\\\/schema\\\/logo\\\/image\\\/\"}}]}<\/script>\n<!-- \/ Yoast SEO plugin. -->","yoast_head_json":{"title":"ESTUCHE SKB P\/SOUSAFON 1SKB-380 - Mexican Guitar Players","description":"ESTUCHE SKB P\/SOUSAFON 1SKB-380. Estuche para sousaf\u00f3n, estuche ligero y resistente que se ajusta a los modelos m\u00e1s populares, compartimento de accesorios perfecto para cuello y boquilla, dise\u00f1ado para King 2350 y Conn 20K, incluye ruedas y cerraduras TSA, longitud exterior: 104.14 cm, ancho exterior: 50.80 cm, profundidad exterior: 82.55 cm, peso: 9.07 kg.","robots":{"index":"index","follow":"follow","max-snippet":"max-snippet:-1","max-image-preview":"max-image-preview:large","max-video-preview":"max-video-preview:-1"},"canonical":"https:\/\/www.mexicanguitarplayers.com\/en\/tienda\/accesorios\/estuches-y-fundas\/para-alientos-estuches-y-fundas\/estuche-skb-p-sousafon-1skb-380\/","og_locale":"en_US","og_type":"article","og_title":"ESTUCHE SKB P\/SOUSAFON 1SKB-380 - Mexican Guitar Players","og_description":"ESTUCHE SKB P\/SOUSAFON 1SKB-380. Estuche para sousaf\u00f3n, estuche ligero y resistente que se ajusta a los modelos m\u00e1s populares, compartimento de accesorios perfecto para cuello y boquilla, dise\u00f1ado para King 2350 y Conn 20K, incluye ruedas y cerraduras TSA, longitud exterior: 104.14 cm, ancho exterior: 50.80 cm, profundidad exterior: 82.55 cm, peso: 9.07 kg.","og_url":"https:\/\/www.mexicanguitarplayers.com\/en\/tienda\/accesorios\/estuches-y-fundas\/para-alientos-estuches-y-fundas\/estuche-skb-p-sousafon-1skb-380\/","og_site_name":"Mexican Guitar Players","article_modified_time":"2026-04-10T10:49:49+00:00","og_image":[{"width":1200,"height":1200,"url":"https:\/\/www.mexicanguitarplayers.com\/wp-content\/uploads\/2022\/08\/VASKB1SKB380.jpg","type":"image\/jpeg"}],"twitter_card":"summary_large_image","schema":{"@context":"https:\/\/schema.org","@graph":[{"@type":["WebPage","ItemPage"],"@id":"https:\/\/www.mexicanguitarplayers.com\/tienda\/accesorios\/estuches-y-fundas\/para-alientos-estuches-y-fundas\/estuche-skb-p-sousafon-1skb-380\/","url":"https:\/\/www.mexicanguitarplayers.com\/tienda\/accesorios\/estuches-y-fundas\/para-alientos-estuches-y-fundas\/estuche-skb-p-sousafon-1skb-380\/","name":"ESTUCHE SKB P\/SOUSAFON 1SKB-380 - Mexican Guitar Players","isPartOf":{"@id":"https:\/\/www.mexicanguitarplayers.com\/#website"},"primaryImageOfPage":{"@id":"https:\/\/www.mexicanguitarplayers.com\/tienda\/accesorios\/estuches-y-fundas\/para-alientos-estuches-y-fundas\/estuche-skb-p-sousafon-1skb-380\/#primaryimage"},"image":{"@id":"https:\/\/www.mexicanguitarplayers.com\/tienda\/accesorios\/estuches-y-fundas\/para-alientos-estuches-y-fundas\/estuche-skb-p-sousafon-1skb-380\/#primaryimage"},"thumbnailUrl":"https:\/\/www.mexicanguitarplayers.com\/wp-content\/uploads\/2022\/08\/VASKB1SKB380.jpg","datePublished":"2022-08-19T04:24:35+00:00","dateModified":"2026-04-10T10:49:49+00:00","description":"ESTUCHE SKB P\/SOUSAFON 1SKB-380. Estuche para sousaf\u00f3n, estuche ligero y resistente que se ajusta a los modelos m\u00e1s populares, compartimento de accesorios perfecto para cuello y boquilla, dise\u00f1ado para King 2350 y Conn 20K, incluye ruedas y cerraduras TSA, longitud exterior: 104.14 cm, ancho exterior: 50.80 cm, profundidad exterior: 82.55 cm, peso: 9.07 kg.","breadcrumb":{"@id":"https:\/\/www.mexicanguitarplayers.com\/tienda\/accesorios\/estuches-y-fundas\/para-alientos-estuches-y-fundas\/estuche-skb-p-sousafon-1skb-380\/#breadcrumb"},"inLanguage":"en-US","potentialAction":[{"@type":"ReadAction","target":["https:\/\/www.mexicanguitarplayers.com\/tienda\/accesorios\/estuches-y-fundas\/para-alientos-estuches-y-fundas\/estuche-skb-p-sousafon-1skb-380\/"]}]},{"@type":"ImageObject","inLanguage":"en-US","@id":"https:\/\/www.mexicanguitarplayers.com\/tienda\/accesorios\/estuches-y-fundas\/para-alientos-estuches-y-fundas\/estuche-skb-p-sousafon-1skb-380\/#primaryimage","url":"https:\/\/www.mexicanguitarplayers.com\/wp-content\/uploads\/2022\/08\/VASKB1SKB380.jpg","contentUrl":"https:\/\/www.mexicanguitarplayers.com\/wp-content\/uploads\/2022\/08\/VASKB1SKB380.jpg","width":1200,"height":1200},{"@type":"BreadcrumbList","@id":"https:\/\/www.mexicanguitarplayers.com\/tienda\/accesorios\/estuches-y-fundas\/para-alientos-estuches-y-fundas\/estuche-skb-p-sousafon-1skb-380\/#breadcrumb","itemListElement":[{"@type":"ListItem","position":1,"name":"Portada","item":"https:\/\/www.mexicanguitarplayers.com\/"},{"@type":"ListItem","position":2,"name":"Tienda","item":"https:\/\/www.mexicanguitarplayers.com\/tienda\/"},{"@type":"ListItem","position":3,"name":"ESTUCHE SKB P\/SOUSAFON 1SKB-380"}]},{"@type":"WebSite","@id":"https:\/\/www.mexicanguitarplayers.com\/#website","url":"https:\/\/www.mexicanguitarplayers.com\/","name":"Mexican Guitar Players","description":"Website","publisher":{"@id":"https:\/\/www.mexicanguitarplayers.com\/#organization"},"potentialAction":[{"@type":"SearchAction","target":{"@type":"EntryPoint","urlTemplate":"https:\/\/www.mexicanguitarplayers.com\/?s={search_term_string}"},"query-input":{"@type":"PropertyValueSpecification","valueRequired":true,"valueName":"search_term_string"}}],"inLanguage":"en-US"},{"@type":"Organization","@id":"https:\/\/www.mexicanguitarplayers.com\/#organization","name":"Mexican Guitar Players","url":"https:\/\/www.mexicanguitarplayers.com\/","logo":{"@type":"ImageObject","inLanguage":"en-US","@id":"https:\/\/www.mexicanguitarplayers.com\/#\/schema\/logo\/image\/","url":"","contentUrl":"","caption":"Mexican Guitar Players"},"image":{"@id":"https:\/\/www.mexicanguitarplayers.com\/#\/schema\/logo\/image\/"}}]}},"brands":[{"id":609,"name":"SKB","slug":"skb"}],"_links":{"self":[{"href":"https:\/\/www.mexicanguitarplayers.com\/en\/wp-json\/wp\/v2\/product\/21526","targetHints":{"allow":["GET"]}}],"collection":[{"href":"https:\/\/www.mexicanguitarplayers.com\/en\/wp-json\/wp\/v2\/product"}],"about":[{"href":"https:\/\/www.mexicanguitarplayers.com\/en\/wp-json\/wp\/v2\/types\/product"}],"replies":[{"embeddable":true,"href":"https:\/\/www.mexicanguitarplayers.com\/en\/wp-json\/wp\/v2\/comments?post=21526"}],"wp:featuredmedia":[{"embeddable":true,"href":"https:\/\/www.mexicanguitarplayers.com\/en\/wp-json\/wp\/v2\/media\/21525"}],"wp:attachment":[{"href":"https:\/\/www.mexicanguitarplayers.com\/en\/wp-json\/wp\/v2\/media?parent=21526"}],"wp:term":[{"taxonomy":"pwb-brand","embeddable":true,"href":"https:\/\/www.mexicanguitarplayers.com\/en\/wp-json\/wp\/v2\/pwb-brand?post=21526"},{"taxonomy":"product_brand","embeddable":true,"href":"https:\/\/www.mexicanguitarplayers.com\/en\/wp-json\/wp\/v2\/product_brand?post=21526"},{"taxonomy":"product_cat","embeddable":true,"href":"https:\/\/www.mexicanguitarplayers.com\/en\/wp-json\/wp\/v2\/product_cat?post=21526"},{"taxonomy":"product_tag","embeddable":true,"href":"https:\/\/www.mexicanguitarplayers.com\/en\/wp-json\/wp\/v2\/product_tag?post=21526"}],"curies":[{"name":"wp","href":"https:\/\/api.w.org\/{rel}","templated":true}]}}