{"id":21554,"date":"2022-08-19T00:10:24","date_gmt":"2022-08-19T05:10:24","guid":{"rendered":"https:\/\/www.mexicanguitarplayers.com\/tienda\/sin%20categor\u00eda\/estuche-skb-p-guit-clasica-1skb-3\/"},"modified":"2026-05-01T07:31:09","modified_gmt":"2026-05-01T13:31:09","slug":"estuche-skb-p-guit-clasica-1skb-3","status":"publish","type":"product","link":"https:\/\/www.mexicanguitarplayers.com\/en\/tienda\/accesorios\/estuches-y-fundas\/para-guitarra\/para-guitarra-clasica\/estuche-skb-p-guit-clasica-1skb-3\/","title":{"rendered":"SKB P\/GUIT CASE. CLASSIC 1SKB-3"},"content":{"rendered":"<div style=\"text-align: justify\">\n<div>\n<h3>SKB P\/GUIT CASE. CLASSIC 1SKB-3<\/h3>\n<\/div>\n<div>Case for classical guitar, designed for a wide variety of electro-acoustic guitar bodies as well as a wide variety of classical guitar sizes, molded bumper protection, molded feet, interior fully lined with EPS fleece, large compartment with capacity for accessories , Inside Length: 40&quot;, Outside Length: 42&quot;, Outside Width: 18&quot;, Outside Depth: 6.5&quot;, Body Length: 19.5&quot;, Body Depth: 4.5&quot;, Width of Instrument: 15&quot;. , narrow part of the instrument: 29.21 cm, weight: 3.63 kg.<\/div>\n<\/div>","protected":false},"excerpt":{"rendered":"<p>Estuche para guitarra cl\u00e1sica, dise\u00f1ado para una gran variedad de cuerpos de guitarras electroac\u00fasticas, as\u00ed como una gran variedad de tama\u00f1os  de guitarras cl\u00e1sicas, protecci\u00f3n con parachoques moldeado, pies moldeados, interior totalmente forrado con felpa EPS, compartimento de gran tama\u00f1o con capacidad para accesorios, largo interior: 102.24 cm, largo exterior: 107.32 cm, ancho exterior: 45.09 cm, profundidad exterior: 16.51 cm, largo del cuerpo del instrumento: 49.53 cm, profundidad del cuerpo del instrumento: 11.43 cm, parte ancha del instrumento: 38.10 cm, parte angosta del instrumento: 29.21 cm, peso: 3.63 kg.&hellip; <a class=\"kt-excerpt-readmore more-link\" href=\"https:\/\/www.mexicanguitarplayers.com\/en\/tienda\/accesorios\/estuches-y-fundas\/para-guitarra\/para-guitarra-clasica\/estuche-skb-p-guit-clasica-1skb-3\/\">Read more<\/a><\/p>","protected":false},"featured_media":21550,"comment_status":"open","ping_status":"closed","template":"","meta":{"kt_blocks_editor_width":""},"pwb-brand":[609],"product_brand":[],"product_cat":[85,517,566,577],"product_tag":[],"class_list":{"0":"post-21554","1":"product","2":"type-product","3":"status-publish","4":"has-post-thumbnail","6":"pwb-brand-skb","7":"product_cat-accesorios","8":"product_cat-estuches-y-fundas","9":"product_cat-para-guitarra","10":"product_cat-para-guitarra-clasica","11":"product_shipping_class-5-10-kg","13":"first","14":"instock","15":"taxable","16":"shipping-taxable","17":"purchasable","18":"product-type-simple"},"yoast_head":"<!-- This site is optimized with the Yoast SEO plugin v27.5 - https:\/\/yoast.com\/product\/yoast-seo-wordpress\/ -->\n<title>ESTUCHE SKB P\/GUIT. CLASICA 1SKB-3 - Mexican Guitar Players<\/title>\n<meta name=\"description\" content=\"ESTUCHE SKB P\/GUIT. CLASICA 1SKB-3. Estuche para guitarra cl\u00e1sica, dise\u00f1ado para una gran variedad de cuerpos de guitarras electroac\u00fasticas, as\u00ed como una gran variedad de tama\u00f1os de guitarras cl\u00e1sicas, protecci\u00f3n con parachoques moldeado, pies moldeados, interior totalmente forrado con felpa EPS, compartimento de gran tama\u00f1o con capacidad para accesorios, largo interior: 102.24 cm, largo exterior: 107.32 cm, ancho exterior: 45.09 cm, profundidad exterior: 16.51 cm, largo del cuerpo del instrumento: 49.53 cm, profundidad del cuerpo del instrumento: 11.43 cm, parte ancha del instrumento: 38.10 cm, parte angosta del instrumento: 29.21 cm, peso: 3.63 kg.\" \/>\n<meta name=\"robots\" content=\"index, follow, max-snippet:-1, max-image-preview:large, max-video-preview:-1\" \/>\n<link rel=\"canonical\" href=\"https:\/\/www.mexicanguitarplayers.com\/en\/tienda\/accesorios\/estuches-y-fundas\/para-guitarra\/para-guitarra-clasica\/estuche-skb-p-guit-clasica-1skb-3\/\" \/>\n<meta property=\"og:locale\" content=\"en_US\" \/>\n<meta property=\"og:type\" content=\"article\" \/>\n<meta property=\"og:title\" content=\"ESTUCHE SKB P\/GUIT. CLASICA 1SKB-3 - Mexican Guitar Players\" \/>\n<meta property=\"og:description\" content=\"ESTUCHE SKB P\/GUIT. CLASICA 1SKB-3. Estuche para guitarra cl\u00e1sica, dise\u00f1ado para una gran variedad de cuerpos de guitarras electroac\u00fasticas, as\u00ed como una gran variedad de tama\u00f1os de guitarras cl\u00e1sicas, protecci\u00f3n con parachoques moldeado, pies moldeados, interior totalmente forrado con felpa EPS, compartimento de gran tama\u00f1o con capacidad para accesorios, largo interior: 102.24 cm, largo exterior: 107.32 cm, ancho exterior: 45.09 cm, profundidad exterior: 16.51 cm, largo del cuerpo del instrumento: 49.53 cm, profundidad del cuerpo del instrumento: 11.43 cm, parte ancha del instrumento: 38.10 cm, parte angosta del instrumento: 29.21 cm, peso: 3.63 kg.\" \/>\n<meta property=\"og:url\" content=\"https:\/\/www.mexicanguitarplayers.com\/en\/tienda\/accesorios\/estuches-y-fundas\/para-guitarra\/para-guitarra-clasica\/estuche-skb-p-guit-clasica-1skb-3\/\" \/>\n<meta property=\"og:site_name\" content=\"Mexican Guitar Players\" \/>\n<meta property=\"article:modified_time\" content=\"2026-05-01T13:31:09+00:00\" \/>\n<meta property=\"og:image\" content=\"https:\/\/www.mexicanguitarplayers.com\/wp-content\/uploads\/2022\/08\/VASKB1SKB3.png\" \/>\n\t<meta property=\"og:image:width\" content=\"1200\" \/>\n\t<meta property=\"og:image:height\" content=\"1200\" \/>\n\t<meta property=\"og:image:type\" content=\"image\/png\" \/>\n<meta name=\"twitter:card\" content=\"summary_large_image\" \/>\n<script type=\"application\/ld+json\" class=\"yoast-schema-graph\">{\"@context\":\"https:\\\/\\\/schema.org\",\"@graph\":[{\"@type\":[\"WebPage\",\"ItemPage\"],\"@id\":\"https:\\\/\\\/www.mexicanguitarplayers.com\\\/tienda\\\/accesorios\\\/estuches-y-fundas\\\/para-guitarra\\\/para-guitarra-clasica\\\/estuche-skb-p-guit-clasica-1skb-3\\\/\",\"url\":\"https:\\\/\\\/www.mexicanguitarplayers.com\\\/tienda\\\/accesorios\\\/estuches-y-fundas\\\/para-guitarra\\\/para-guitarra-clasica\\\/estuche-skb-p-guit-clasica-1skb-3\\\/\",\"name\":\"ESTUCHE SKB P\\\/GUIT. CLASICA 1SKB-3 - Mexican Guitar Players\",\"isPartOf\":{\"@id\":\"https:\\\/\\\/www.mexicanguitarplayers.com\\\/#website\"},\"primaryImageOfPage\":{\"@id\":\"https:\\\/\\\/www.mexicanguitarplayers.com\\\/tienda\\\/accesorios\\\/estuches-y-fundas\\\/para-guitarra\\\/para-guitarra-clasica\\\/estuche-skb-p-guit-clasica-1skb-3\\\/#primaryimage\"},\"image\":{\"@id\":\"https:\\\/\\\/www.mexicanguitarplayers.com\\\/tienda\\\/accesorios\\\/estuches-y-fundas\\\/para-guitarra\\\/para-guitarra-clasica\\\/estuche-skb-p-guit-clasica-1skb-3\\\/#primaryimage\"},\"thumbnailUrl\":\"https:\\\/\\\/www.mexicanguitarplayers.com\\\/wp-content\\\/uploads\\\/2022\\\/08\\\/VASKB1SKB3.png\",\"datePublished\":\"2022-08-19T05:10:24+00:00\",\"dateModified\":\"2026-05-01T13:31:09+00:00\",\"description\":\"ESTUCHE SKB P\\\/GUIT. CLASICA 1SKB-3. Estuche para guitarra cl\u00e1sica, dise\u00f1ado para una gran variedad de cuerpos de guitarras electroac\u00fasticas, as\u00ed como una gran variedad de tama\u00f1os de guitarras cl\u00e1sicas, protecci\u00f3n con parachoques moldeado, pies moldeados, interior totalmente forrado con felpa EPS, compartimento de gran tama\u00f1o con capacidad para accesorios, largo interior: 102.24 cm, largo exterior: 107.32 cm, ancho exterior: 45.09 cm, profundidad exterior: 16.51 cm, largo del cuerpo del instrumento: 49.53 cm, profundidad del cuerpo del instrumento: 11.43 cm, parte ancha del instrumento: 38.10 cm, parte angosta del instrumento: 29.21 cm, peso: 3.63 kg.\",\"breadcrumb\":{\"@id\":\"https:\\\/\\\/www.mexicanguitarplayers.com\\\/tienda\\\/accesorios\\\/estuches-y-fundas\\\/para-guitarra\\\/para-guitarra-clasica\\\/estuche-skb-p-guit-clasica-1skb-3\\\/#breadcrumb\"},\"inLanguage\":\"en-US\",\"potentialAction\":[{\"@type\":\"ReadAction\",\"target\":[\"https:\\\/\\\/www.mexicanguitarplayers.com\\\/tienda\\\/accesorios\\\/estuches-y-fundas\\\/para-guitarra\\\/para-guitarra-clasica\\\/estuche-skb-p-guit-clasica-1skb-3\\\/\"]}]},{\"@type\":\"ImageObject\",\"inLanguage\":\"en-US\",\"@id\":\"https:\\\/\\\/www.mexicanguitarplayers.com\\\/tienda\\\/accesorios\\\/estuches-y-fundas\\\/para-guitarra\\\/para-guitarra-clasica\\\/estuche-skb-p-guit-clasica-1skb-3\\\/#primaryimage\",\"url\":\"https:\\\/\\\/www.mexicanguitarplayers.com\\\/wp-content\\\/uploads\\\/2022\\\/08\\\/VASKB1SKB3.png\",\"contentUrl\":\"https:\\\/\\\/www.mexicanguitarplayers.com\\\/wp-content\\\/uploads\\\/2022\\\/08\\\/VASKB1SKB3.png\",\"width\":1200,\"height\":1200},{\"@type\":\"BreadcrumbList\",\"@id\":\"https:\\\/\\\/www.mexicanguitarplayers.com\\\/tienda\\\/accesorios\\\/estuches-y-fundas\\\/para-guitarra\\\/para-guitarra-clasica\\\/estuche-skb-p-guit-clasica-1skb-3\\\/#breadcrumb\",\"itemListElement\":[{\"@type\":\"ListItem\",\"position\":1,\"name\":\"Portada\",\"item\":\"https:\\\/\\\/www.mexicanguitarplayers.com\\\/\"},{\"@type\":\"ListItem\",\"position\":2,\"name\":\"Tienda\",\"item\":\"https:\\\/\\\/www.mexicanguitarplayers.com\\\/tienda\\\/\"},{\"@type\":\"ListItem\",\"position\":3,\"name\":\"ESTUCHE SKB P\\\/GUIT. CLASICA 1SKB-3\"}]},{\"@type\":\"WebSite\",\"@id\":\"https:\\\/\\\/www.mexicanguitarplayers.com\\\/#website\",\"url\":\"https:\\\/\\\/www.mexicanguitarplayers.com\\\/\",\"name\":\"Mexican Guitar Players\",\"description\":\"Website\",\"publisher\":{\"@id\":\"https:\\\/\\\/www.mexicanguitarplayers.com\\\/#organization\"},\"potentialAction\":[{\"@type\":\"SearchAction\",\"target\":{\"@type\":\"EntryPoint\",\"urlTemplate\":\"https:\\\/\\\/www.mexicanguitarplayers.com\\\/?s={search_term_string}\"},\"query-input\":{\"@type\":\"PropertyValueSpecification\",\"valueRequired\":true,\"valueName\":\"search_term_string\"}}],\"inLanguage\":\"en-US\"},{\"@type\":\"Organization\",\"@id\":\"https:\\\/\\\/www.mexicanguitarplayers.com\\\/#organization\",\"name\":\"Mexican Guitar Players\",\"url\":\"https:\\\/\\\/www.mexicanguitarplayers.com\\\/\",\"logo\":{\"@type\":\"ImageObject\",\"inLanguage\":\"en-US\",\"@id\":\"https:\\\/\\\/www.mexicanguitarplayers.com\\\/#\\\/schema\\\/logo\\\/image\\\/\",\"url\":\"\",\"contentUrl\":\"\",\"caption\":\"Mexican Guitar Players\"},\"image\":{\"@id\":\"https:\\\/\\\/www.mexicanguitarplayers.com\\\/#\\\/schema\\\/logo\\\/image\\\/\"}}]}<\/script>\n<!-- \/ Yoast SEO plugin. -->","yoast_head_json":{"title":"ESTUCHE SKB P\/GUIT. CLASICA 1SKB-3 - Mexican Guitar Players","description":"ESTUCHE SKB P\/GUIT. CLASICA 1SKB-3. Estuche para guitarra cl\u00e1sica, dise\u00f1ado para una gran variedad de cuerpos de guitarras electroac\u00fasticas, as\u00ed como una gran variedad de tama\u00f1os de guitarras cl\u00e1sicas, protecci\u00f3n con parachoques moldeado, pies moldeados, interior totalmente forrado con felpa EPS, compartimento de gran tama\u00f1o con capacidad para accesorios, largo interior: 102.24 cm, largo exterior: 107.32 cm, ancho exterior: 45.09 cm, profundidad exterior: 16.51 cm, largo del cuerpo del instrumento: 49.53 cm, profundidad del cuerpo del instrumento: 11.43 cm, parte ancha del instrumento: 38.10 cm, parte angosta del instrumento: 29.21 cm, peso: 3.63 kg.","robots":{"index":"index","follow":"follow","max-snippet":"max-snippet:-1","max-image-preview":"max-image-preview:large","max-video-preview":"max-video-preview:-1"},"canonical":"https:\/\/www.mexicanguitarplayers.com\/en\/tienda\/accesorios\/estuches-y-fundas\/para-guitarra\/para-guitarra-clasica\/estuche-skb-p-guit-clasica-1skb-3\/","og_locale":"en_US","og_type":"article","og_title":"ESTUCHE SKB P\/GUIT. CLASICA 1SKB-3 - Mexican Guitar Players","og_description":"ESTUCHE SKB P\/GUIT. CLASICA 1SKB-3. Estuche para guitarra cl\u00e1sica, dise\u00f1ado para una gran variedad de cuerpos de guitarras electroac\u00fasticas, as\u00ed como una gran variedad de tama\u00f1os de guitarras cl\u00e1sicas, protecci\u00f3n con parachoques moldeado, pies moldeados, interior totalmente forrado con felpa EPS, compartimento de gran tama\u00f1o con capacidad para accesorios, largo interior: 102.24 cm, largo exterior: 107.32 cm, ancho exterior: 45.09 cm, profundidad exterior: 16.51 cm, largo del cuerpo del instrumento: 49.53 cm, profundidad del cuerpo del instrumento: 11.43 cm, parte ancha del instrumento: 38.10 cm, parte angosta del instrumento: 29.21 cm, peso: 3.63 kg.","og_url":"https:\/\/www.mexicanguitarplayers.com\/en\/tienda\/accesorios\/estuches-y-fundas\/para-guitarra\/para-guitarra-clasica\/estuche-skb-p-guit-clasica-1skb-3\/","og_site_name":"Mexican Guitar Players","article_modified_time":"2026-05-01T13:31:09+00:00","og_image":[{"width":1200,"height":1200,"url":"https:\/\/www.mexicanguitarplayers.com\/wp-content\/uploads\/2022\/08\/VASKB1SKB3.png","type":"image\/png"}],"twitter_card":"summary_large_image","schema":{"@context":"https:\/\/schema.org","@graph":[{"@type":["WebPage","ItemPage"],"@id":"https:\/\/www.mexicanguitarplayers.com\/tienda\/accesorios\/estuches-y-fundas\/para-guitarra\/para-guitarra-clasica\/estuche-skb-p-guit-clasica-1skb-3\/","url":"https:\/\/www.mexicanguitarplayers.com\/tienda\/accesorios\/estuches-y-fundas\/para-guitarra\/para-guitarra-clasica\/estuche-skb-p-guit-clasica-1skb-3\/","name":"ESTUCHE SKB P\/GUIT. CLASICA 1SKB-3 - Mexican Guitar Players","isPartOf":{"@id":"https:\/\/www.mexicanguitarplayers.com\/#website"},"primaryImageOfPage":{"@id":"https:\/\/www.mexicanguitarplayers.com\/tienda\/accesorios\/estuches-y-fundas\/para-guitarra\/para-guitarra-clasica\/estuche-skb-p-guit-clasica-1skb-3\/#primaryimage"},"image":{"@id":"https:\/\/www.mexicanguitarplayers.com\/tienda\/accesorios\/estuches-y-fundas\/para-guitarra\/para-guitarra-clasica\/estuche-skb-p-guit-clasica-1skb-3\/#primaryimage"},"thumbnailUrl":"https:\/\/www.mexicanguitarplayers.com\/wp-content\/uploads\/2022\/08\/VASKB1SKB3.png","datePublished":"2022-08-19T05:10:24+00:00","dateModified":"2026-05-01T13:31:09+00:00","description":"ESTUCHE SKB P\/GUIT. CLASICA 1SKB-3. Estuche para guitarra cl\u00e1sica, dise\u00f1ado para una gran variedad de cuerpos de guitarras electroac\u00fasticas, as\u00ed como una gran variedad de tama\u00f1os de guitarras cl\u00e1sicas, protecci\u00f3n con parachoques moldeado, pies moldeados, interior totalmente forrado con felpa EPS, compartimento de gran tama\u00f1o con capacidad para accesorios, largo interior: 102.24 cm, largo exterior: 107.32 cm, ancho exterior: 45.09 cm, profundidad exterior: 16.51 cm, largo del cuerpo del instrumento: 49.53 cm, profundidad del cuerpo del instrumento: 11.43 cm, parte ancha del instrumento: 38.10 cm, parte angosta del instrumento: 29.21 cm, peso: 3.63 kg.","breadcrumb":{"@id":"https:\/\/www.mexicanguitarplayers.com\/tienda\/accesorios\/estuches-y-fundas\/para-guitarra\/para-guitarra-clasica\/estuche-skb-p-guit-clasica-1skb-3\/#breadcrumb"},"inLanguage":"en-US","potentialAction":[{"@type":"ReadAction","target":["https:\/\/www.mexicanguitarplayers.com\/tienda\/accesorios\/estuches-y-fundas\/para-guitarra\/para-guitarra-clasica\/estuche-skb-p-guit-clasica-1skb-3\/"]}]},{"@type":"ImageObject","inLanguage":"en-US","@id":"https:\/\/www.mexicanguitarplayers.com\/tienda\/accesorios\/estuches-y-fundas\/para-guitarra\/para-guitarra-clasica\/estuche-skb-p-guit-clasica-1skb-3\/#primaryimage","url":"https:\/\/www.mexicanguitarplayers.com\/wp-content\/uploads\/2022\/08\/VASKB1SKB3.png","contentUrl":"https:\/\/www.mexicanguitarplayers.com\/wp-content\/uploads\/2022\/08\/VASKB1SKB3.png","width":1200,"height":1200},{"@type":"BreadcrumbList","@id":"https:\/\/www.mexicanguitarplayers.com\/tienda\/accesorios\/estuches-y-fundas\/para-guitarra\/para-guitarra-clasica\/estuche-skb-p-guit-clasica-1skb-3\/#breadcrumb","itemListElement":[{"@type":"ListItem","position":1,"name":"Portada","item":"https:\/\/www.mexicanguitarplayers.com\/"},{"@type":"ListItem","position":2,"name":"Tienda","item":"https:\/\/www.mexicanguitarplayers.com\/tienda\/"},{"@type":"ListItem","position":3,"name":"ESTUCHE SKB P\/GUIT. CLASICA 1SKB-3"}]},{"@type":"WebSite","@id":"https:\/\/www.mexicanguitarplayers.com\/#website","url":"https:\/\/www.mexicanguitarplayers.com\/","name":"Mexican Guitar Players","description":"Website","publisher":{"@id":"https:\/\/www.mexicanguitarplayers.com\/#organization"},"potentialAction":[{"@type":"SearchAction","target":{"@type":"EntryPoint","urlTemplate":"https:\/\/www.mexicanguitarplayers.com\/?s={search_term_string}"},"query-input":{"@type":"PropertyValueSpecification","valueRequired":true,"valueName":"search_term_string"}}],"inLanguage":"en-US"},{"@type":"Organization","@id":"https:\/\/www.mexicanguitarplayers.com\/#organization","name":"Mexican Guitar Players","url":"https:\/\/www.mexicanguitarplayers.com\/","logo":{"@type":"ImageObject","inLanguage":"en-US","@id":"https:\/\/www.mexicanguitarplayers.com\/#\/schema\/logo\/image\/","url":"","contentUrl":"","caption":"Mexican Guitar Players"},"image":{"@id":"https:\/\/www.mexicanguitarplayers.com\/#\/schema\/logo\/image\/"}}]}},"brands":[{"id":609,"name":"SKB","slug":"skb"}],"_links":{"self":[{"href":"https:\/\/www.mexicanguitarplayers.com\/en\/wp-json\/wp\/v2\/product\/21554","targetHints":{"allow":["GET"]}}],"collection":[{"href":"https:\/\/www.mexicanguitarplayers.com\/en\/wp-json\/wp\/v2\/product"}],"about":[{"href":"https:\/\/www.mexicanguitarplayers.com\/en\/wp-json\/wp\/v2\/types\/product"}],"replies":[{"embeddable":true,"href":"https:\/\/www.mexicanguitarplayers.com\/en\/wp-json\/wp\/v2\/comments?post=21554"}],"wp:featuredmedia":[{"embeddable":true,"href":"https:\/\/www.mexicanguitarplayers.com\/en\/wp-json\/wp\/v2\/media\/21550"}],"wp:attachment":[{"href":"https:\/\/www.mexicanguitarplayers.com\/en\/wp-json\/wp\/v2\/media?parent=21554"}],"wp:term":[{"taxonomy":"pwb-brand","embeddable":true,"href":"https:\/\/www.mexicanguitarplayers.com\/en\/wp-json\/wp\/v2\/pwb-brand?post=21554"},{"taxonomy":"product_brand","embeddable":true,"href":"https:\/\/www.mexicanguitarplayers.com\/en\/wp-json\/wp\/v2\/product_brand?post=21554"},{"taxonomy":"product_cat","embeddable":true,"href":"https:\/\/www.mexicanguitarplayers.com\/en\/wp-json\/wp\/v2\/product_cat?post=21554"},{"taxonomy":"product_tag","embeddable":true,"href":"https:\/\/www.mexicanguitarplayers.com\/en\/wp-json\/wp\/v2\/product_tag?post=21554"}],"curies":[{"name":"wp","href":"https:\/\/api.w.org\/{rel}","templated":true}]}}