{"id":21614,"date":"2022-08-19T07:52:49","date_gmt":"2022-08-19T12:52:49","guid":{"rendered":"https:\/\/www.mexicanguitarplayers.com\/tienda\/sin%20categor\u00eda\/estuche-skb-p-bajo-electrico-1skb-sc44\/"},"modified":"2026-05-01T07:31:05","modified_gmt":"2026-05-01T13:31:05","slug":"estuche-skb-p-bajo-electrico-1skb-sc44","status":"publish","type":"product","link":"https:\/\/www.mexicanguitarplayers.com\/en\/tienda\/accesorios\/estuches-y-fundas\/para-bajo-estuches-y-fundas\/estuche-skb-p-bajo-electrico-1skb-sc44\/","title":{"rendered":"SKB CASE FOR ELECTRIC BASS 1SKB-SC44"},"content":{"rendered":"<div style=\"text-align: justify\">\n<div>\n<h3>SKB CASE FOR ELECTRIC BASS 1SKB-SC44<\/h3>\n<\/div>\n<div>Case for electric bass, heavy-duty double-pull zipper, molded EPS interior with plush lining, durable 600 denier exterior with rigid foam overlays, exterior accessory bag, carry handle and padded straps, interior length: 46&quot; long Outside: 122.56 cm, Outside Width: 41.91 cm, Outside Depth: 12.70 cm, Body Length: 43.18 cm, Body Depth: 5.08 cm, Wide part of instrument: 34.93 cm, Narrow part of instrument: 29.21 cm , weight: 3.45 kg.<\/div>\n<\/div>","protected":false},"excerpt":{"rendered":"<p>Estuche para bajo el\u00e9ctrico, cierre de doble tracci\u00f3n de alta resistencia, moldeado EPS interior con forro de felpa, denier 600 durable exterior con capas de espuma r\u00edgida, bolsa exterior para accesorios, asa de transporte y correas acolchadas, largo interior: 116.84 cm, largo exterior: 122.56 cm, ancho exterior: 41.91 cm, profundidad exterior: 12.70 cm, largo del cuerpo del instrumento: 43.18 cm, profundidad del cuerpo del instrumento: 5.08 cm, parte ancha del instrumento: 34.93 cm, parte angosta del instrumento: 29.21 cm, peso: 3.45 kg.&hellip; <a class=\"kt-excerpt-readmore more-link\" href=\"https:\/\/www.mexicanguitarplayers.com\/en\/tienda\/accesorios\/estuches-y-fundas\/para-bajo-estuches-y-fundas\/estuche-skb-p-bajo-electrico-1skb-sc44\/\">Read more<\/a><\/p>","protected":false},"featured_media":21611,"comment_status":"open","ping_status":"closed","template":"","meta":{"kt_blocks_editor_width":""},"pwb-brand":[609],"product_brand":[],"product_cat":[85,517,578],"product_tag":[],"class_list":{"0":"post-21614","1":"product","2":"type-product","3":"status-publish","4":"has-post-thumbnail","6":"pwb-brand-skb","7":"product_cat-accesorios","8":"product_cat-estuches-y-fundas","9":"product_cat-para-bajo-estuches-y-fundas","10":"product_shipping_class-10-15-kg","12":"first","13":"instock","14":"taxable","15":"shipping-taxable","16":"purchasable","17":"product-type-simple"},"yoast_head":"<!-- This site is optimized with the Yoast SEO plugin v27.5 - https:\/\/yoast.com\/product\/yoast-seo-wordpress\/ -->\n<title>ESTUCHE SKB P\/BAJO ELECTRICO 1SKB-SC44 - Mexican Guitar Players<\/title>\n<meta name=\"description\" content=\"ESTUCHE SKB P\/BAJO ELECTRICO 1SKB-SC44. Estuche para bajo el\u00e9ctrico, cierre de doble tracci\u00f3n de alta resistencia, moldeado EPS interior con forro de felpa, denier 600 durable exterior con capas de espuma r\u00edgida, bolsa exterior para accesorios, asa de transporte y correas acolchadas, largo interior: 116.84 cm, largo exterior: 122.56 cm, ancho exterior: 41.91 cm, profundidad exterior: 12.70 cm, largo del cuerpo del instrumento: 43.18 cm, profundidad del cuerpo del instrumento: 5.08 cm, parte ancha del instrumento: 34.93 cm, parte angosta del instrumento: 29.21 cm, peso: 3.45 kg.\" \/>\n<meta name=\"robots\" content=\"index, follow, max-snippet:-1, max-image-preview:large, max-video-preview:-1\" \/>\n<link rel=\"canonical\" href=\"https:\/\/www.mexicanguitarplayers.com\/en\/tienda\/accesorios\/estuches-y-fundas\/para-bajo-estuches-y-fundas\/estuche-skb-p-bajo-electrico-1skb-sc44\/\" \/>\n<meta property=\"og:locale\" content=\"en_US\" \/>\n<meta property=\"og:type\" content=\"article\" \/>\n<meta property=\"og:title\" content=\"ESTUCHE SKB P\/BAJO ELECTRICO 1SKB-SC44 - Mexican Guitar Players\" \/>\n<meta property=\"og:description\" content=\"ESTUCHE SKB P\/BAJO ELECTRICO 1SKB-SC44. Estuche para bajo el\u00e9ctrico, cierre de doble tracci\u00f3n de alta resistencia, moldeado EPS interior con forro de felpa, denier 600 durable exterior con capas de espuma r\u00edgida, bolsa exterior para accesorios, asa de transporte y correas acolchadas, largo interior: 116.84 cm, largo exterior: 122.56 cm, ancho exterior: 41.91 cm, profundidad exterior: 12.70 cm, largo del cuerpo del instrumento: 43.18 cm, profundidad del cuerpo del instrumento: 5.08 cm, parte ancha del instrumento: 34.93 cm, parte angosta del instrumento: 29.21 cm, peso: 3.45 kg.\" \/>\n<meta property=\"og:url\" content=\"https:\/\/www.mexicanguitarplayers.com\/en\/tienda\/accesorios\/estuches-y-fundas\/para-bajo-estuches-y-fundas\/estuche-skb-p-bajo-electrico-1skb-sc44\/\" \/>\n<meta property=\"og:site_name\" content=\"Mexican Guitar Players\" \/>\n<meta property=\"article:modified_time\" content=\"2026-05-01T13:31:05+00:00\" \/>\n<meta property=\"og:image\" content=\"https:\/\/www.mexicanguitarplayers.com\/wp-content\/uploads\/2022\/08\/VASKB1SKBSC44.png\" \/>\n\t<meta property=\"og:image:width\" content=\"1200\" \/>\n\t<meta property=\"og:image:height\" content=\"1200\" \/>\n\t<meta property=\"og:image:type\" content=\"image\/png\" \/>\n<meta name=\"twitter:card\" content=\"summary_large_image\" \/>\n<script type=\"application\/ld+json\" class=\"yoast-schema-graph\">{\"@context\":\"https:\\\/\\\/schema.org\",\"@graph\":[{\"@type\":[\"WebPage\",\"ItemPage\"],\"@id\":\"https:\\\/\\\/www.mexicanguitarplayers.com\\\/tienda\\\/accesorios\\\/estuches-y-fundas\\\/para-bajo-estuches-y-fundas\\\/estuche-skb-p-bajo-electrico-1skb-sc44\\\/\",\"url\":\"https:\\\/\\\/www.mexicanguitarplayers.com\\\/tienda\\\/accesorios\\\/estuches-y-fundas\\\/para-bajo-estuches-y-fundas\\\/estuche-skb-p-bajo-electrico-1skb-sc44\\\/\",\"name\":\"ESTUCHE SKB P\\\/BAJO ELECTRICO 1SKB-SC44 - Mexican Guitar Players\",\"isPartOf\":{\"@id\":\"https:\\\/\\\/www.mexicanguitarplayers.com\\\/#website\"},\"primaryImageOfPage\":{\"@id\":\"https:\\\/\\\/www.mexicanguitarplayers.com\\\/tienda\\\/accesorios\\\/estuches-y-fundas\\\/para-bajo-estuches-y-fundas\\\/estuche-skb-p-bajo-electrico-1skb-sc44\\\/#primaryimage\"},\"image\":{\"@id\":\"https:\\\/\\\/www.mexicanguitarplayers.com\\\/tienda\\\/accesorios\\\/estuches-y-fundas\\\/para-bajo-estuches-y-fundas\\\/estuche-skb-p-bajo-electrico-1skb-sc44\\\/#primaryimage\"},\"thumbnailUrl\":\"https:\\\/\\\/www.mexicanguitarplayers.com\\\/wp-content\\\/uploads\\\/2022\\\/08\\\/VASKB1SKBSC44.png\",\"datePublished\":\"2022-08-19T12:52:49+00:00\",\"dateModified\":\"2026-05-01T13:31:05+00:00\",\"description\":\"ESTUCHE SKB P\\\/BAJO ELECTRICO 1SKB-SC44. Estuche para bajo el\u00e9ctrico, cierre de doble tracci\u00f3n de alta resistencia, moldeado EPS interior con forro de felpa, denier 600 durable exterior con capas de espuma r\u00edgida, bolsa exterior para accesorios, asa de transporte y correas acolchadas, largo interior: 116.84 cm, largo exterior: 122.56 cm, ancho exterior: 41.91 cm, profundidad exterior: 12.70 cm, largo del cuerpo del instrumento: 43.18 cm, profundidad del cuerpo del instrumento: 5.08 cm, parte ancha del instrumento: 34.93 cm, parte angosta del instrumento: 29.21 cm, peso: 3.45 kg.\",\"breadcrumb\":{\"@id\":\"https:\\\/\\\/www.mexicanguitarplayers.com\\\/tienda\\\/accesorios\\\/estuches-y-fundas\\\/para-bajo-estuches-y-fundas\\\/estuche-skb-p-bajo-electrico-1skb-sc44\\\/#breadcrumb\"},\"inLanguage\":\"en-US\",\"potentialAction\":[{\"@type\":\"ReadAction\",\"target\":[\"https:\\\/\\\/www.mexicanguitarplayers.com\\\/tienda\\\/accesorios\\\/estuches-y-fundas\\\/para-bajo-estuches-y-fundas\\\/estuche-skb-p-bajo-electrico-1skb-sc44\\\/\"]}]},{\"@type\":\"ImageObject\",\"inLanguage\":\"en-US\",\"@id\":\"https:\\\/\\\/www.mexicanguitarplayers.com\\\/tienda\\\/accesorios\\\/estuches-y-fundas\\\/para-bajo-estuches-y-fundas\\\/estuche-skb-p-bajo-electrico-1skb-sc44\\\/#primaryimage\",\"url\":\"https:\\\/\\\/www.mexicanguitarplayers.com\\\/wp-content\\\/uploads\\\/2022\\\/08\\\/VASKB1SKBSC44.png\",\"contentUrl\":\"https:\\\/\\\/www.mexicanguitarplayers.com\\\/wp-content\\\/uploads\\\/2022\\\/08\\\/VASKB1SKBSC44.png\",\"width\":1200,\"height\":1200},{\"@type\":\"BreadcrumbList\",\"@id\":\"https:\\\/\\\/www.mexicanguitarplayers.com\\\/tienda\\\/accesorios\\\/estuches-y-fundas\\\/para-bajo-estuches-y-fundas\\\/estuche-skb-p-bajo-electrico-1skb-sc44\\\/#breadcrumb\",\"itemListElement\":[{\"@type\":\"ListItem\",\"position\":1,\"name\":\"Portada\",\"item\":\"https:\\\/\\\/www.mexicanguitarplayers.com\\\/\"},{\"@type\":\"ListItem\",\"position\":2,\"name\":\"Tienda\",\"item\":\"https:\\\/\\\/www.mexicanguitarplayers.com\\\/tienda\\\/\"},{\"@type\":\"ListItem\",\"position\":3,\"name\":\"ESTUCHE SKB P\\\/BAJO ELECTRICO 1SKB-SC44\"}]},{\"@type\":\"WebSite\",\"@id\":\"https:\\\/\\\/www.mexicanguitarplayers.com\\\/#website\",\"url\":\"https:\\\/\\\/www.mexicanguitarplayers.com\\\/\",\"name\":\"Mexican Guitar Players\",\"description\":\"Website\",\"publisher\":{\"@id\":\"https:\\\/\\\/www.mexicanguitarplayers.com\\\/#organization\"},\"potentialAction\":[{\"@type\":\"SearchAction\",\"target\":{\"@type\":\"EntryPoint\",\"urlTemplate\":\"https:\\\/\\\/www.mexicanguitarplayers.com\\\/?s={search_term_string}\"},\"query-input\":{\"@type\":\"PropertyValueSpecification\",\"valueRequired\":true,\"valueName\":\"search_term_string\"}}],\"inLanguage\":\"en-US\"},{\"@type\":\"Organization\",\"@id\":\"https:\\\/\\\/www.mexicanguitarplayers.com\\\/#organization\",\"name\":\"Mexican Guitar Players\",\"url\":\"https:\\\/\\\/www.mexicanguitarplayers.com\\\/\",\"logo\":{\"@type\":\"ImageObject\",\"inLanguage\":\"en-US\",\"@id\":\"https:\\\/\\\/www.mexicanguitarplayers.com\\\/#\\\/schema\\\/logo\\\/image\\\/\",\"url\":\"\",\"contentUrl\":\"\",\"caption\":\"Mexican Guitar Players\"},\"image\":{\"@id\":\"https:\\\/\\\/www.mexicanguitarplayers.com\\\/#\\\/schema\\\/logo\\\/image\\\/\"}}]}<\/script>\n<!-- \/ Yoast SEO plugin. -->","yoast_head_json":{"title":"ESTUCHE SKB P\/BAJO ELECTRICO 1SKB-SC44 - Mexican Guitar Players","description":"ESTUCHE SKB P\/BAJO ELECTRICO 1SKB-SC44. Estuche para bajo el\u00e9ctrico, cierre de doble tracci\u00f3n de alta resistencia, moldeado EPS interior con forro de felpa, denier 600 durable exterior con capas de espuma r\u00edgida, bolsa exterior para accesorios, asa de transporte y correas acolchadas, largo interior: 116.84 cm, largo exterior: 122.56 cm, ancho exterior: 41.91 cm, profundidad exterior: 12.70 cm, largo del cuerpo del instrumento: 43.18 cm, profundidad del cuerpo del instrumento: 5.08 cm, parte ancha del instrumento: 34.93 cm, parte angosta del instrumento: 29.21 cm, peso: 3.45 kg.","robots":{"index":"index","follow":"follow","max-snippet":"max-snippet:-1","max-image-preview":"max-image-preview:large","max-video-preview":"max-video-preview:-1"},"canonical":"https:\/\/www.mexicanguitarplayers.com\/en\/tienda\/accesorios\/estuches-y-fundas\/para-bajo-estuches-y-fundas\/estuche-skb-p-bajo-electrico-1skb-sc44\/","og_locale":"en_US","og_type":"article","og_title":"ESTUCHE SKB P\/BAJO ELECTRICO 1SKB-SC44 - Mexican Guitar Players","og_description":"ESTUCHE SKB P\/BAJO ELECTRICO 1SKB-SC44. Estuche para bajo el\u00e9ctrico, cierre de doble tracci\u00f3n de alta resistencia, moldeado EPS interior con forro de felpa, denier 600 durable exterior con capas de espuma r\u00edgida, bolsa exterior para accesorios, asa de transporte y correas acolchadas, largo interior: 116.84 cm, largo exterior: 122.56 cm, ancho exterior: 41.91 cm, profundidad exterior: 12.70 cm, largo del cuerpo del instrumento: 43.18 cm, profundidad del cuerpo del instrumento: 5.08 cm, parte ancha del instrumento: 34.93 cm, parte angosta del instrumento: 29.21 cm, peso: 3.45 kg.","og_url":"https:\/\/www.mexicanguitarplayers.com\/en\/tienda\/accesorios\/estuches-y-fundas\/para-bajo-estuches-y-fundas\/estuche-skb-p-bajo-electrico-1skb-sc44\/","og_site_name":"Mexican Guitar Players","article_modified_time":"2026-05-01T13:31:05+00:00","og_image":[{"width":1200,"height":1200,"url":"https:\/\/www.mexicanguitarplayers.com\/wp-content\/uploads\/2022\/08\/VASKB1SKBSC44.png","type":"image\/png"}],"twitter_card":"summary_large_image","schema":{"@context":"https:\/\/schema.org","@graph":[{"@type":["WebPage","ItemPage"],"@id":"https:\/\/www.mexicanguitarplayers.com\/tienda\/accesorios\/estuches-y-fundas\/para-bajo-estuches-y-fundas\/estuche-skb-p-bajo-electrico-1skb-sc44\/","url":"https:\/\/www.mexicanguitarplayers.com\/tienda\/accesorios\/estuches-y-fundas\/para-bajo-estuches-y-fundas\/estuche-skb-p-bajo-electrico-1skb-sc44\/","name":"ESTUCHE SKB P\/BAJO ELECTRICO 1SKB-SC44 - Mexican Guitar Players","isPartOf":{"@id":"https:\/\/www.mexicanguitarplayers.com\/#website"},"primaryImageOfPage":{"@id":"https:\/\/www.mexicanguitarplayers.com\/tienda\/accesorios\/estuches-y-fundas\/para-bajo-estuches-y-fundas\/estuche-skb-p-bajo-electrico-1skb-sc44\/#primaryimage"},"image":{"@id":"https:\/\/www.mexicanguitarplayers.com\/tienda\/accesorios\/estuches-y-fundas\/para-bajo-estuches-y-fundas\/estuche-skb-p-bajo-electrico-1skb-sc44\/#primaryimage"},"thumbnailUrl":"https:\/\/www.mexicanguitarplayers.com\/wp-content\/uploads\/2022\/08\/VASKB1SKBSC44.png","datePublished":"2022-08-19T12:52:49+00:00","dateModified":"2026-05-01T13:31:05+00:00","description":"ESTUCHE SKB P\/BAJO ELECTRICO 1SKB-SC44. Estuche para bajo el\u00e9ctrico, cierre de doble tracci\u00f3n de alta resistencia, moldeado EPS interior con forro de felpa, denier 600 durable exterior con capas de espuma r\u00edgida, bolsa exterior para accesorios, asa de transporte y correas acolchadas, largo interior: 116.84 cm, largo exterior: 122.56 cm, ancho exterior: 41.91 cm, profundidad exterior: 12.70 cm, largo del cuerpo del instrumento: 43.18 cm, profundidad del cuerpo del instrumento: 5.08 cm, parte ancha del instrumento: 34.93 cm, parte angosta del instrumento: 29.21 cm, peso: 3.45 kg.","breadcrumb":{"@id":"https:\/\/www.mexicanguitarplayers.com\/tienda\/accesorios\/estuches-y-fundas\/para-bajo-estuches-y-fundas\/estuche-skb-p-bajo-electrico-1skb-sc44\/#breadcrumb"},"inLanguage":"en-US","potentialAction":[{"@type":"ReadAction","target":["https:\/\/www.mexicanguitarplayers.com\/tienda\/accesorios\/estuches-y-fundas\/para-bajo-estuches-y-fundas\/estuche-skb-p-bajo-electrico-1skb-sc44\/"]}]},{"@type":"ImageObject","inLanguage":"en-US","@id":"https:\/\/www.mexicanguitarplayers.com\/tienda\/accesorios\/estuches-y-fundas\/para-bajo-estuches-y-fundas\/estuche-skb-p-bajo-electrico-1skb-sc44\/#primaryimage","url":"https:\/\/www.mexicanguitarplayers.com\/wp-content\/uploads\/2022\/08\/VASKB1SKBSC44.png","contentUrl":"https:\/\/www.mexicanguitarplayers.com\/wp-content\/uploads\/2022\/08\/VASKB1SKBSC44.png","width":1200,"height":1200},{"@type":"BreadcrumbList","@id":"https:\/\/www.mexicanguitarplayers.com\/tienda\/accesorios\/estuches-y-fundas\/para-bajo-estuches-y-fundas\/estuche-skb-p-bajo-electrico-1skb-sc44\/#breadcrumb","itemListElement":[{"@type":"ListItem","position":1,"name":"Portada","item":"https:\/\/www.mexicanguitarplayers.com\/"},{"@type":"ListItem","position":2,"name":"Tienda","item":"https:\/\/www.mexicanguitarplayers.com\/tienda\/"},{"@type":"ListItem","position":3,"name":"ESTUCHE SKB P\/BAJO ELECTRICO 1SKB-SC44"}]},{"@type":"WebSite","@id":"https:\/\/www.mexicanguitarplayers.com\/#website","url":"https:\/\/www.mexicanguitarplayers.com\/","name":"Mexican Guitar Players","description":"Website","publisher":{"@id":"https:\/\/www.mexicanguitarplayers.com\/#organization"},"potentialAction":[{"@type":"SearchAction","target":{"@type":"EntryPoint","urlTemplate":"https:\/\/www.mexicanguitarplayers.com\/?s={search_term_string}"},"query-input":{"@type":"PropertyValueSpecification","valueRequired":true,"valueName":"search_term_string"}}],"inLanguage":"en-US"},{"@type":"Organization","@id":"https:\/\/www.mexicanguitarplayers.com\/#organization","name":"Mexican Guitar Players","url":"https:\/\/www.mexicanguitarplayers.com\/","logo":{"@type":"ImageObject","inLanguage":"en-US","@id":"https:\/\/www.mexicanguitarplayers.com\/#\/schema\/logo\/image\/","url":"","contentUrl":"","caption":"Mexican Guitar Players"},"image":{"@id":"https:\/\/www.mexicanguitarplayers.com\/#\/schema\/logo\/image\/"}}]}},"brands":[{"id":609,"name":"SKB","slug":"skb"}],"_links":{"self":[{"href":"https:\/\/www.mexicanguitarplayers.com\/en\/wp-json\/wp\/v2\/product\/21614","targetHints":{"allow":["GET"]}}],"collection":[{"href":"https:\/\/www.mexicanguitarplayers.com\/en\/wp-json\/wp\/v2\/product"}],"about":[{"href":"https:\/\/www.mexicanguitarplayers.com\/en\/wp-json\/wp\/v2\/types\/product"}],"replies":[{"embeddable":true,"href":"https:\/\/www.mexicanguitarplayers.com\/en\/wp-json\/wp\/v2\/comments?post=21614"}],"wp:featuredmedia":[{"embeddable":true,"href":"https:\/\/www.mexicanguitarplayers.com\/en\/wp-json\/wp\/v2\/media\/21611"}],"wp:attachment":[{"href":"https:\/\/www.mexicanguitarplayers.com\/en\/wp-json\/wp\/v2\/media?parent=21614"}],"wp:term":[{"taxonomy":"pwb-brand","embeddable":true,"href":"https:\/\/www.mexicanguitarplayers.com\/en\/wp-json\/wp\/v2\/pwb-brand?post=21614"},{"taxonomy":"product_brand","embeddable":true,"href":"https:\/\/www.mexicanguitarplayers.com\/en\/wp-json\/wp\/v2\/product_brand?post=21614"},{"taxonomy":"product_cat","embeddable":true,"href":"https:\/\/www.mexicanguitarplayers.com\/en\/wp-json\/wp\/v2\/product_cat?post=21614"},{"taxonomy":"product_tag","embeddable":true,"href":"https:\/\/www.mexicanguitarplayers.com\/en\/wp-json\/wp\/v2\/product_tag?post=21614"}],"curies":[{"name":"wp","href":"https:\/\/api.w.org\/{rel}","templated":true}]}}