{"id":21649,"date":"2022-08-19T07:54:10","date_gmt":"2022-08-19T12:54:10","guid":{"rendered":"https:\/\/www.mexicanguitarplayers.com\/tienda\/sin%20categor\u00eda\/funda-skb-p-teclado-1skb-sc76kw\/"},"modified":"2026-04-10T04:49:35","modified_gmt":"2026-04-10T10:49:35","slug":"funda-skb-p-teclado-1skb-sc76kw","status":"publish","type":"product","link":"https:\/\/www.mexicanguitarplayers.com\/en\/tienda\/accesorios\/estuches-y-fundas\/para-teclado\/funda-skb-p-teclado-1skb-sc76kw\/","title":{"rendered":"SKB CASE FOR KEYBOARD 1SKB-SC76KW"},"content":{"rendered":"<div style=\"text-align: justify\">\n<div>\n<h3>SKB CASE FOR KEYBOARD 1SKB-SC76KW<\/h3>\n<\/div>\n<div>SKB keyboard case. Model: 1SKB-SC76KW. For 76-key keyboard. Robust wooden frame. 600 Denier nylon exterior. Skate-type inline wheels for better transport. Stabilizing feet to keep the case upright. Ladders and protection rails. Two outer pockets for storage. Backpack shoulder strap. Inside length: 131.45 cm. Interior Width: 16&quot;. Interior Depth: 17.15&quot;. Inside length: 142.24 cm. Outside width: 45.09cm. Inside Depth: 9&quot; Weight: 8.71 kg.<\/div>\n<\/div>","protected":false},"excerpt":{"rendered":"<p>Funda SKB para teclado. Modelo: 1SKB-SC76KW. Para teclado de 76 teclas. Marco demadera robusta. Exterior de nylon Denier 600. Ruedas en l\u00ednea tipo pat\u00edn para un mejor transporte. Patas estabilizadoras para mantener el estuche de pie. Escalerillas y rieles de protecci\u00f3n. Dos bolsas exteriores para almacenamiento. Correa de hombros tipo mochila. Largo interior: 131.45 cm. Ancho interior: 40.64 cm.Profundidad interior: 17.15 cm. Largo interior: 142.24 cm. Ancho exterior: 45.09cm. Profundidad interior: 22.86 cm. Peso: 8.71 kg.&hellip; <a class=\"kt-excerpt-readmore more-link\" href=\"https:\/\/www.mexicanguitarplayers.com\/en\/tienda\/accesorios\/estuches-y-fundas\/para-teclado\/funda-skb-p-teclado-1skb-sc76kw\/\">Read more<\/a><\/p>","protected":false},"featured_media":21645,"comment_status":"open","ping_status":"closed","template":"","meta":{"kt_blocks_editor_width":""},"pwb-brand":[609],"product_brand":[],"product_cat":[85,517,594],"product_tag":[],"class_list":{"0":"post-21649","1":"product","2":"type-product","3":"status-publish","4":"has-post-thumbnail","6":"pwb-brand-skb","7":"product_cat-accesorios","8":"product_cat-estuches-y-fundas","9":"product_cat-para-teclado","10":"product_shipping_class-25-30-kg","12":"first","13":"instock","14":"taxable","15":"shipping-taxable","16":"purchasable","17":"product-type-simple"},"yoast_head":"<!-- This site is optimized with the Yoast SEO plugin v27.5 - https:\/\/yoast.com\/product\/yoast-seo-wordpress\/ -->\n<title>FUNDA SKB P\/TECLADO 1SKB-SC76KW - Mexican Guitar Players<\/title>\n<meta name=\"description\" content=\"FUNDA SKB P\/TECLADO 1SKB-SC76KW. Funda SKB para teclado. Modelo: 1SKB-SC76KW. Para teclado de 76 teclas. Marco demadera robusta. Exterior de nylon Denier 600. Ruedas en l\u00ednea tipo pat\u00edn para un mejor transporte. Patas estabilizadoras para mantener el estuche de pie. Escalerillas y rieles de protecci\u00f3n. Dos bolsas exteriores para almacenamiento. Correa de hombros tipo mochila. Largo interior: 131.45 cm. Ancho interior: 40.64 cm.Profundidad interior: 17.15 cm. Largo interior: 142.24 cm. Ancho exterior: 45.09cm. Profundidad interior: 22.86 cm. Peso: 8.71 kg.\" \/>\n<meta name=\"robots\" content=\"index, follow, max-snippet:-1, max-image-preview:large, max-video-preview:-1\" \/>\n<link rel=\"canonical\" href=\"https:\/\/www.mexicanguitarplayers.com\/en\/tienda\/accesorios\/estuches-y-fundas\/para-teclado\/funda-skb-p-teclado-1skb-sc76kw\/\" \/>\n<meta property=\"og:locale\" content=\"en_US\" \/>\n<meta property=\"og:type\" content=\"article\" \/>\n<meta property=\"og:title\" content=\"FUNDA SKB P\/TECLADO 1SKB-SC76KW - Mexican Guitar Players\" \/>\n<meta property=\"og:description\" content=\"FUNDA SKB P\/TECLADO 1SKB-SC76KW. Funda SKB para teclado. Modelo: 1SKB-SC76KW. Para teclado de 76 teclas. Marco demadera robusta. Exterior de nylon Denier 600. Ruedas en l\u00ednea tipo pat\u00edn para un mejor transporte. Patas estabilizadoras para mantener el estuche de pie. Escalerillas y rieles de protecci\u00f3n. Dos bolsas exteriores para almacenamiento. Correa de hombros tipo mochila. Largo interior: 131.45 cm. Ancho interior: 40.64 cm.Profundidad interior: 17.15 cm. Largo interior: 142.24 cm. Ancho exterior: 45.09cm. Profundidad interior: 22.86 cm. Peso: 8.71 kg.\" \/>\n<meta property=\"og:url\" content=\"https:\/\/www.mexicanguitarplayers.com\/en\/tienda\/accesorios\/estuches-y-fundas\/para-teclado\/funda-skb-p-teclado-1skb-sc76kw\/\" \/>\n<meta property=\"og:site_name\" content=\"Mexican Guitar Players\" \/>\n<meta property=\"article:modified_time\" content=\"2026-04-10T10:49:35+00:00\" \/>\n<meta property=\"og:image\" content=\"https:\/\/www.mexicanguitarplayers.com\/wp-content\/uploads\/2022\/08\/VASKB1SKBSC76K.jpg\" \/>\n\t<meta property=\"og:image:width\" content=\"1200\" \/>\n\t<meta property=\"og:image:height\" content=\"1200\" \/>\n\t<meta property=\"og:image:type\" content=\"image\/jpeg\" \/>\n<meta name=\"twitter:card\" content=\"summary_large_image\" \/>\n<script type=\"application\/ld+json\" class=\"yoast-schema-graph\">{\"@context\":\"https:\\\/\\\/schema.org\",\"@graph\":[{\"@type\":[\"WebPage\",\"ItemPage\"],\"@id\":\"https:\\\/\\\/www.mexicanguitarplayers.com\\\/tienda\\\/accesorios\\\/estuches-y-fundas\\\/para-teclado\\\/funda-skb-p-teclado-1skb-sc76kw\\\/\",\"url\":\"https:\\\/\\\/www.mexicanguitarplayers.com\\\/tienda\\\/accesorios\\\/estuches-y-fundas\\\/para-teclado\\\/funda-skb-p-teclado-1skb-sc76kw\\\/\",\"name\":\"FUNDA SKB P\\\/TECLADO 1SKB-SC76KW - Mexican Guitar Players\",\"isPartOf\":{\"@id\":\"https:\\\/\\\/www.mexicanguitarplayers.com\\\/#website\"},\"primaryImageOfPage\":{\"@id\":\"https:\\\/\\\/www.mexicanguitarplayers.com\\\/tienda\\\/accesorios\\\/estuches-y-fundas\\\/para-teclado\\\/funda-skb-p-teclado-1skb-sc76kw\\\/#primaryimage\"},\"image\":{\"@id\":\"https:\\\/\\\/www.mexicanguitarplayers.com\\\/tienda\\\/accesorios\\\/estuches-y-fundas\\\/para-teclado\\\/funda-skb-p-teclado-1skb-sc76kw\\\/#primaryimage\"},\"thumbnailUrl\":\"https:\\\/\\\/www.mexicanguitarplayers.com\\\/wp-content\\\/uploads\\\/2022\\\/08\\\/VASKB1SKBSC76K.jpg\",\"datePublished\":\"2022-08-19T12:54:10+00:00\",\"dateModified\":\"2026-04-10T10:49:35+00:00\",\"description\":\"FUNDA SKB P\\\/TECLADO 1SKB-SC76KW. Funda SKB para teclado. Modelo: 1SKB-SC76KW. Para teclado de 76 teclas. Marco demadera robusta. Exterior de nylon Denier 600. Ruedas en l\u00ednea tipo pat\u00edn para un mejor transporte. Patas estabilizadoras para mantener el estuche de pie. Escalerillas y rieles de protecci\u00f3n. Dos bolsas exteriores para almacenamiento. Correa de hombros tipo mochila. Largo interior: 131.45 cm. Ancho interior: 40.64 cm.Profundidad interior: 17.15 cm. Largo interior: 142.24 cm. Ancho exterior: 45.09cm. Profundidad interior: 22.86 cm. Peso: 8.71 kg.\",\"breadcrumb\":{\"@id\":\"https:\\\/\\\/www.mexicanguitarplayers.com\\\/tienda\\\/accesorios\\\/estuches-y-fundas\\\/para-teclado\\\/funda-skb-p-teclado-1skb-sc76kw\\\/#breadcrumb\"},\"inLanguage\":\"en-US\",\"potentialAction\":[{\"@type\":\"ReadAction\",\"target\":[\"https:\\\/\\\/www.mexicanguitarplayers.com\\\/tienda\\\/accesorios\\\/estuches-y-fundas\\\/para-teclado\\\/funda-skb-p-teclado-1skb-sc76kw\\\/\"]}]},{\"@type\":\"ImageObject\",\"inLanguage\":\"en-US\",\"@id\":\"https:\\\/\\\/www.mexicanguitarplayers.com\\\/tienda\\\/accesorios\\\/estuches-y-fundas\\\/para-teclado\\\/funda-skb-p-teclado-1skb-sc76kw\\\/#primaryimage\",\"url\":\"https:\\\/\\\/www.mexicanguitarplayers.com\\\/wp-content\\\/uploads\\\/2022\\\/08\\\/VASKB1SKBSC76K.jpg\",\"contentUrl\":\"https:\\\/\\\/www.mexicanguitarplayers.com\\\/wp-content\\\/uploads\\\/2022\\\/08\\\/VASKB1SKBSC76K.jpg\",\"width\":1200,\"height\":1200},{\"@type\":\"BreadcrumbList\",\"@id\":\"https:\\\/\\\/www.mexicanguitarplayers.com\\\/tienda\\\/accesorios\\\/estuches-y-fundas\\\/para-teclado\\\/funda-skb-p-teclado-1skb-sc76kw\\\/#breadcrumb\",\"itemListElement\":[{\"@type\":\"ListItem\",\"position\":1,\"name\":\"Portada\",\"item\":\"https:\\\/\\\/www.mexicanguitarplayers.com\\\/\"},{\"@type\":\"ListItem\",\"position\":2,\"name\":\"Tienda\",\"item\":\"https:\\\/\\\/www.mexicanguitarplayers.com\\\/tienda\\\/\"},{\"@type\":\"ListItem\",\"position\":3,\"name\":\"FUNDA SKB P\\\/TECLADO 1SKB-SC76KW\"}]},{\"@type\":\"WebSite\",\"@id\":\"https:\\\/\\\/www.mexicanguitarplayers.com\\\/#website\",\"url\":\"https:\\\/\\\/www.mexicanguitarplayers.com\\\/\",\"name\":\"Mexican Guitar Players\",\"description\":\"Website\",\"publisher\":{\"@id\":\"https:\\\/\\\/www.mexicanguitarplayers.com\\\/#organization\"},\"potentialAction\":[{\"@type\":\"SearchAction\",\"target\":{\"@type\":\"EntryPoint\",\"urlTemplate\":\"https:\\\/\\\/www.mexicanguitarplayers.com\\\/?s={search_term_string}\"},\"query-input\":{\"@type\":\"PropertyValueSpecification\",\"valueRequired\":true,\"valueName\":\"search_term_string\"}}],\"inLanguage\":\"en-US\"},{\"@type\":\"Organization\",\"@id\":\"https:\\\/\\\/www.mexicanguitarplayers.com\\\/#organization\",\"name\":\"Mexican Guitar Players\",\"url\":\"https:\\\/\\\/www.mexicanguitarplayers.com\\\/\",\"logo\":{\"@type\":\"ImageObject\",\"inLanguage\":\"en-US\",\"@id\":\"https:\\\/\\\/www.mexicanguitarplayers.com\\\/#\\\/schema\\\/logo\\\/image\\\/\",\"url\":\"\",\"contentUrl\":\"\",\"caption\":\"Mexican Guitar Players\"},\"image\":{\"@id\":\"https:\\\/\\\/www.mexicanguitarplayers.com\\\/#\\\/schema\\\/logo\\\/image\\\/\"}}]}<\/script>\n<!-- \/ Yoast SEO plugin. -->","yoast_head_json":{"title":"FUNDA SKB P\/TECLADO 1SKB-SC76KW - Mexican Guitar Players","description":"FUNDA SKB P\/TECLADO 1SKB-SC76KW. Funda SKB para teclado. Modelo: 1SKB-SC76KW. Para teclado de 76 teclas. Marco demadera robusta. Exterior de nylon Denier 600. Ruedas en l\u00ednea tipo pat\u00edn para un mejor transporte. Patas estabilizadoras para mantener el estuche de pie. Escalerillas y rieles de protecci\u00f3n. Dos bolsas exteriores para almacenamiento. Correa de hombros tipo mochila. Largo interior: 131.45 cm. Ancho interior: 40.64 cm.Profundidad interior: 17.15 cm. Largo interior: 142.24 cm. Ancho exterior: 45.09cm. Profundidad interior: 22.86 cm. Peso: 8.71 kg.","robots":{"index":"index","follow":"follow","max-snippet":"max-snippet:-1","max-image-preview":"max-image-preview:large","max-video-preview":"max-video-preview:-1"},"canonical":"https:\/\/www.mexicanguitarplayers.com\/en\/tienda\/accesorios\/estuches-y-fundas\/para-teclado\/funda-skb-p-teclado-1skb-sc76kw\/","og_locale":"en_US","og_type":"article","og_title":"FUNDA SKB P\/TECLADO 1SKB-SC76KW - Mexican Guitar Players","og_description":"FUNDA SKB P\/TECLADO 1SKB-SC76KW. Funda SKB para teclado. Modelo: 1SKB-SC76KW. Para teclado de 76 teclas. Marco demadera robusta. Exterior de nylon Denier 600. Ruedas en l\u00ednea tipo pat\u00edn para un mejor transporte. Patas estabilizadoras para mantener el estuche de pie. Escalerillas y rieles de protecci\u00f3n. Dos bolsas exteriores para almacenamiento. Correa de hombros tipo mochila. Largo interior: 131.45 cm. Ancho interior: 40.64 cm.Profundidad interior: 17.15 cm. Largo interior: 142.24 cm. Ancho exterior: 45.09cm. Profundidad interior: 22.86 cm. Peso: 8.71 kg.","og_url":"https:\/\/www.mexicanguitarplayers.com\/en\/tienda\/accesorios\/estuches-y-fundas\/para-teclado\/funda-skb-p-teclado-1skb-sc76kw\/","og_site_name":"Mexican Guitar Players","article_modified_time":"2026-04-10T10:49:35+00:00","og_image":[{"width":1200,"height":1200,"url":"https:\/\/www.mexicanguitarplayers.com\/wp-content\/uploads\/2022\/08\/VASKB1SKBSC76K.jpg","type":"image\/jpeg"}],"twitter_card":"summary_large_image","schema":{"@context":"https:\/\/schema.org","@graph":[{"@type":["WebPage","ItemPage"],"@id":"https:\/\/www.mexicanguitarplayers.com\/tienda\/accesorios\/estuches-y-fundas\/para-teclado\/funda-skb-p-teclado-1skb-sc76kw\/","url":"https:\/\/www.mexicanguitarplayers.com\/tienda\/accesorios\/estuches-y-fundas\/para-teclado\/funda-skb-p-teclado-1skb-sc76kw\/","name":"FUNDA SKB P\/TECLADO 1SKB-SC76KW - Mexican Guitar Players","isPartOf":{"@id":"https:\/\/www.mexicanguitarplayers.com\/#website"},"primaryImageOfPage":{"@id":"https:\/\/www.mexicanguitarplayers.com\/tienda\/accesorios\/estuches-y-fundas\/para-teclado\/funda-skb-p-teclado-1skb-sc76kw\/#primaryimage"},"image":{"@id":"https:\/\/www.mexicanguitarplayers.com\/tienda\/accesorios\/estuches-y-fundas\/para-teclado\/funda-skb-p-teclado-1skb-sc76kw\/#primaryimage"},"thumbnailUrl":"https:\/\/www.mexicanguitarplayers.com\/wp-content\/uploads\/2022\/08\/VASKB1SKBSC76K.jpg","datePublished":"2022-08-19T12:54:10+00:00","dateModified":"2026-04-10T10:49:35+00:00","description":"FUNDA SKB P\/TECLADO 1SKB-SC76KW. Funda SKB para teclado. Modelo: 1SKB-SC76KW. Para teclado de 76 teclas. Marco demadera robusta. Exterior de nylon Denier 600. Ruedas en l\u00ednea tipo pat\u00edn para un mejor transporte. Patas estabilizadoras para mantener el estuche de pie. Escalerillas y rieles de protecci\u00f3n. Dos bolsas exteriores para almacenamiento. Correa de hombros tipo mochila. Largo interior: 131.45 cm. Ancho interior: 40.64 cm.Profundidad interior: 17.15 cm. Largo interior: 142.24 cm. Ancho exterior: 45.09cm. Profundidad interior: 22.86 cm. Peso: 8.71 kg.","breadcrumb":{"@id":"https:\/\/www.mexicanguitarplayers.com\/tienda\/accesorios\/estuches-y-fundas\/para-teclado\/funda-skb-p-teclado-1skb-sc76kw\/#breadcrumb"},"inLanguage":"en-US","potentialAction":[{"@type":"ReadAction","target":["https:\/\/www.mexicanguitarplayers.com\/tienda\/accesorios\/estuches-y-fundas\/para-teclado\/funda-skb-p-teclado-1skb-sc76kw\/"]}]},{"@type":"ImageObject","inLanguage":"en-US","@id":"https:\/\/www.mexicanguitarplayers.com\/tienda\/accesorios\/estuches-y-fundas\/para-teclado\/funda-skb-p-teclado-1skb-sc76kw\/#primaryimage","url":"https:\/\/www.mexicanguitarplayers.com\/wp-content\/uploads\/2022\/08\/VASKB1SKBSC76K.jpg","contentUrl":"https:\/\/www.mexicanguitarplayers.com\/wp-content\/uploads\/2022\/08\/VASKB1SKBSC76K.jpg","width":1200,"height":1200},{"@type":"BreadcrumbList","@id":"https:\/\/www.mexicanguitarplayers.com\/tienda\/accesorios\/estuches-y-fundas\/para-teclado\/funda-skb-p-teclado-1skb-sc76kw\/#breadcrumb","itemListElement":[{"@type":"ListItem","position":1,"name":"Portada","item":"https:\/\/www.mexicanguitarplayers.com\/"},{"@type":"ListItem","position":2,"name":"Tienda","item":"https:\/\/www.mexicanguitarplayers.com\/tienda\/"},{"@type":"ListItem","position":3,"name":"FUNDA SKB P\/TECLADO 1SKB-SC76KW"}]},{"@type":"WebSite","@id":"https:\/\/www.mexicanguitarplayers.com\/#website","url":"https:\/\/www.mexicanguitarplayers.com\/","name":"Mexican Guitar Players","description":"Website","publisher":{"@id":"https:\/\/www.mexicanguitarplayers.com\/#organization"},"potentialAction":[{"@type":"SearchAction","target":{"@type":"EntryPoint","urlTemplate":"https:\/\/www.mexicanguitarplayers.com\/?s={search_term_string}"},"query-input":{"@type":"PropertyValueSpecification","valueRequired":true,"valueName":"search_term_string"}}],"inLanguage":"en-US"},{"@type":"Organization","@id":"https:\/\/www.mexicanguitarplayers.com\/#organization","name":"Mexican Guitar Players","url":"https:\/\/www.mexicanguitarplayers.com\/","logo":{"@type":"ImageObject","inLanguage":"en-US","@id":"https:\/\/www.mexicanguitarplayers.com\/#\/schema\/logo\/image\/","url":"","contentUrl":"","caption":"Mexican Guitar Players"},"image":{"@id":"https:\/\/www.mexicanguitarplayers.com\/#\/schema\/logo\/image\/"}}]}},"brands":[{"id":609,"name":"SKB","slug":"skb"}],"_links":{"self":[{"href":"https:\/\/www.mexicanguitarplayers.com\/en\/wp-json\/wp\/v2\/product\/21649","targetHints":{"allow":["GET"]}}],"collection":[{"href":"https:\/\/www.mexicanguitarplayers.com\/en\/wp-json\/wp\/v2\/product"}],"about":[{"href":"https:\/\/www.mexicanguitarplayers.com\/en\/wp-json\/wp\/v2\/types\/product"}],"replies":[{"embeddable":true,"href":"https:\/\/www.mexicanguitarplayers.com\/en\/wp-json\/wp\/v2\/comments?post=21649"}],"wp:featuredmedia":[{"embeddable":true,"href":"https:\/\/www.mexicanguitarplayers.com\/en\/wp-json\/wp\/v2\/media\/21645"}],"wp:attachment":[{"href":"https:\/\/www.mexicanguitarplayers.com\/en\/wp-json\/wp\/v2\/media?parent=21649"}],"wp:term":[{"taxonomy":"pwb-brand","embeddable":true,"href":"https:\/\/www.mexicanguitarplayers.com\/en\/wp-json\/wp\/v2\/pwb-brand?post=21649"},{"taxonomy":"product_brand","embeddable":true,"href":"https:\/\/www.mexicanguitarplayers.com\/en\/wp-json\/wp\/v2\/product_brand?post=21649"},{"taxonomy":"product_cat","embeddable":true,"href":"https:\/\/www.mexicanguitarplayers.com\/en\/wp-json\/wp\/v2\/product_cat?post=21649"},{"taxonomy":"product_tag","embeddable":true,"href":"https:\/\/www.mexicanguitarplayers.com\/en\/wp-json\/wp\/v2\/product_tag?post=21649"}],"curies":[{"name":"wp","href":"https:\/\/api.w.org\/{rel}","templated":true}]}}