{"id":21654,"date":"2022-08-19T07:54:18","date_gmt":"2022-08-19T12:54:18","guid":{"rendered":"https:\/\/www.mexicanguitarplayers.com\/tienda\/sin%20categor\u00eda\/estuche-skb-p-consola-grande-1skb-scpm2\/"},"modified":"2026-04-10T04:49:34","modified_gmt":"2026-04-10T10:49:34","slug":"estuche-skb-p-consola-grande-1skb-scpm2","status":"publish","type":"product","link":"https:\/\/www.mexicanguitarplayers.com\/en\/tienda\/accesorios\/estuches-y-fundas\/cases\/estuche-skb-p-consola-grande-1skb-scpm2\/","title":{"rendered":"SKB CASE FOR LARGE CONSOLE 1SKB-SCPM2"},"content":{"rendered":"<div style=\"text-align: justify\">\n<div>\n<h3>SKB CASE FOR LARGE CONSOLE 1SKB-SCPM2<\/h3>\n<\/div>\n<div>Large console case, fits active speakers like Yamaha DXR10, JBL EON510 or mixers like Mackie (PPM608, PPM1008), Peavey (XR8300, XR8600, XR8600D), Phonic (1062FR, 1062 Plus, 1082FR, 1082 Plus), Kustom ( KPM 8420) and even drawers, durable 600 Denier nylon exterior over rigid plywood core, heavy-duty double-pull latch, padded interior, exterior accessory bag, heavy-duty handles, injection-molded indestructible handle, dual wheels, interior length: 53.98 cm, inside width: 31.75 cm, inside depth: 33.66 cm, outside length: 64.77 cm, outside width: 40.01 cm, outside depth: 40.64 cm, weight: 7.71 kg.<\/div>\n<\/div>","protected":false},"excerpt":{"rendered":"<p>Estuche para consola grande, se adapta a altavoces activos como Yamaha DXR10, JBL EON510 o mezcladoras como Mackie (PPM608, PPM1008), Peavey (XR8300, XR8600, XR8600D), Phonic (1062FR, 1062 Plus, 1082FR, 1082 Plus), Kustom (KPM 8420) e incluso cajones, exterior de durable nylon Denier 600 sobre un n\u00facleo contrachapado r\u00edgido, cierre de doble tracci\u00f3n de alta resistencia, interior acolchado, bolsa exterior para accesorios, resistentes manijas, mango indestructible moldeado por inyecci\u00f3n, ruedas dobles, largo interior: 53.98 cm, ancho interior: 31.75 cm, profundidad interior: 33.66 cm, largo exterior: 64.77 cm, ancho exterior: 40.01 cm, profundidad exterior: 40.64 cm, peso: 7.71 kg.&hellip; <a class=\"kt-excerpt-readmore more-link\" href=\"https:\/\/www.mexicanguitarplayers.com\/en\/tienda\/accesorios\/estuches-y-fundas\/cases\/estuche-skb-p-consola-grande-1skb-scpm2\/\">Read more<\/a><\/p>","protected":false},"featured_media":21650,"comment_status":"open","ping_status":"closed","template":"","meta":{"kt_blocks_editor_width":""},"pwb-brand":[609],"product_brand":[],"product_cat":[85,564,517],"product_tag":[],"class_list":{"0":"post-21654","1":"product","2":"type-product","3":"status-publish","4":"has-post-thumbnail","6":"pwb-brand-skb","7":"product_cat-accesorios","8":"product_cat-cases","9":"product_cat-estuches-y-fundas","10":"product_shipping_class-20-25-kg","12":"first","13":"outofstock","14":"taxable","15":"shipping-taxable","16":"purchasable","17":"product-type-simple"},"yoast_head":"<!-- This site is optimized with the Yoast SEO plugin v27.5 - https:\/\/yoast.com\/product\/yoast-seo-wordpress\/ -->\n<title>ESTUCHE SKB P\/CONSOLA GRANDE 1SKB-SCPM2 - Mexican Guitar Players<\/title>\n<meta name=\"description\" content=\"ESTUCHE SKB P\/CONSOLA GRANDE 1SKB-SCPM2. Estuche para consola grande, se adapta a altavoces activos como Yamaha DXR10, JBL EON510 o mezcladoras como Mackie (PPM608, PPM1008), Peavey (XR8300, XR8600, XR8600D), Phonic (1062FR, 1062 Plus, 1082FR, 1082 Plus), Kustom (KPM 8420) e incluso cajones, exterior de durable nylon Denier 600 sobre un n\u00facleo contrachapado r\u00edgido, cierre de doble tracci\u00f3n de alta resistencia, interior acolchado, bolsa exterior para accesorios, resistentes manijas, mango indestructible moldeado por inyecci\u00f3n, ruedas dobles, largo interior: 53.98 cm, ancho interior: 31.75 cm, profundidad interior: 33.66 cm, largo exterior: 64.77 cm, ancho exterior: 40.01 cm, profundidad exterior: 40.64 cm, peso: 7.71 kg.\" \/>\n<meta name=\"robots\" content=\"index, follow, max-snippet:-1, max-image-preview:large, max-video-preview:-1\" \/>\n<link rel=\"canonical\" href=\"https:\/\/www.mexicanguitarplayers.com\/en\/tienda\/accesorios\/estuches-y-fundas\/cases\/estuche-skb-p-consola-grande-1skb-scpm2\/\" \/>\n<meta property=\"og:locale\" content=\"en_US\" \/>\n<meta property=\"og:type\" content=\"article\" \/>\n<meta property=\"og:title\" content=\"ESTUCHE SKB P\/CONSOLA GRANDE 1SKB-SCPM2 - Mexican Guitar Players\" \/>\n<meta property=\"og:description\" content=\"ESTUCHE SKB P\/CONSOLA GRANDE 1SKB-SCPM2. Estuche para consola grande, se adapta a altavoces activos como Yamaha DXR10, JBL EON510 o mezcladoras como Mackie (PPM608, PPM1008), Peavey (XR8300, XR8600, XR8600D), Phonic (1062FR, 1062 Plus, 1082FR, 1082 Plus), Kustom (KPM 8420) e incluso cajones, exterior de durable nylon Denier 600 sobre un n\u00facleo contrachapado r\u00edgido, cierre de doble tracci\u00f3n de alta resistencia, interior acolchado, bolsa exterior para accesorios, resistentes manijas, mango indestructible moldeado por inyecci\u00f3n, ruedas dobles, largo interior: 53.98 cm, ancho interior: 31.75 cm, profundidad interior: 33.66 cm, largo exterior: 64.77 cm, ancho exterior: 40.01 cm, profundidad exterior: 40.64 cm, peso: 7.71 kg.\" \/>\n<meta property=\"og:url\" content=\"https:\/\/www.mexicanguitarplayers.com\/en\/tienda\/accesorios\/estuches-y-fundas\/cases\/estuche-skb-p-consola-grande-1skb-scpm2\/\" \/>\n<meta property=\"og:site_name\" content=\"Mexican Guitar Players\" \/>\n<meta property=\"article:modified_time\" content=\"2026-04-10T10:49:34+00:00\" \/>\n<meta property=\"og:image\" content=\"https:\/\/www.mexicanguitarplayers.com\/wp-content\/uploads\/2022\/08\/VASKB1SKBSCPM2.jpg\" \/>\n\t<meta property=\"og:image:width\" content=\"1200\" \/>\n\t<meta property=\"og:image:height\" content=\"1200\" \/>\n\t<meta property=\"og:image:type\" content=\"image\/jpeg\" \/>\n<meta name=\"twitter:card\" content=\"summary_large_image\" \/>\n<script type=\"application\/ld+json\" class=\"yoast-schema-graph\">{\"@context\":\"https:\\\/\\\/schema.org\",\"@graph\":[{\"@type\":[\"WebPage\",\"ItemPage\"],\"@id\":\"https:\\\/\\\/www.mexicanguitarplayers.com\\\/tienda\\\/accesorios\\\/estuches-y-fundas\\\/cases\\\/estuche-skb-p-consola-grande-1skb-scpm2\\\/\",\"url\":\"https:\\\/\\\/www.mexicanguitarplayers.com\\\/tienda\\\/accesorios\\\/estuches-y-fundas\\\/cases\\\/estuche-skb-p-consola-grande-1skb-scpm2\\\/\",\"name\":\"ESTUCHE SKB P\\\/CONSOLA GRANDE 1SKB-SCPM2 - Mexican Guitar Players\",\"isPartOf\":{\"@id\":\"https:\\\/\\\/www.mexicanguitarplayers.com\\\/#website\"},\"primaryImageOfPage\":{\"@id\":\"https:\\\/\\\/www.mexicanguitarplayers.com\\\/tienda\\\/accesorios\\\/estuches-y-fundas\\\/cases\\\/estuche-skb-p-consola-grande-1skb-scpm2\\\/#primaryimage\"},\"image\":{\"@id\":\"https:\\\/\\\/www.mexicanguitarplayers.com\\\/tienda\\\/accesorios\\\/estuches-y-fundas\\\/cases\\\/estuche-skb-p-consola-grande-1skb-scpm2\\\/#primaryimage\"},\"thumbnailUrl\":\"https:\\\/\\\/www.mexicanguitarplayers.com\\\/wp-content\\\/uploads\\\/2022\\\/08\\\/VASKB1SKBSCPM2.jpg\",\"datePublished\":\"2022-08-19T12:54:18+00:00\",\"dateModified\":\"2026-04-10T10:49:34+00:00\",\"description\":\"ESTUCHE SKB P\\\/CONSOLA GRANDE 1SKB-SCPM2. Estuche para consola grande, se adapta a altavoces activos como Yamaha DXR10, JBL EON510 o mezcladoras como Mackie (PPM608, PPM1008), Peavey (XR8300, XR8600, XR8600D), Phonic (1062FR, 1062 Plus, 1082FR, 1082 Plus), Kustom (KPM 8420) e incluso cajones, exterior de durable nylon Denier 600 sobre un n\u00facleo contrachapado r\u00edgido, cierre de doble tracci\u00f3n de alta resistencia, interior acolchado, bolsa exterior para accesorios, resistentes manijas, mango indestructible moldeado por inyecci\u00f3n, ruedas dobles, largo interior: 53.98 cm, ancho interior: 31.75 cm, profundidad interior: 33.66 cm, largo exterior: 64.77 cm, ancho exterior: 40.01 cm, profundidad exterior: 40.64 cm, peso: 7.71 kg.\",\"breadcrumb\":{\"@id\":\"https:\\\/\\\/www.mexicanguitarplayers.com\\\/tienda\\\/accesorios\\\/estuches-y-fundas\\\/cases\\\/estuche-skb-p-consola-grande-1skb-scpm2\\\/#breadcrumb\"},\"inLanguage\":\"en-US\",\"potentialAction\":[{\"@type\":\"ReadAction\",\"target\":[\"https:\\\/\\\/www.mexicanguitarplayers.com\\\/tienda\\\/accesorios\\\/estuches-y-fundas\\\/cases\\\/estuche-skb-p-consola-grande-1skb-scpm2\\\/\"]}]},{\"@type\":\"ImageObject\",\"inLanguage\":\"en-US\",\"@id\":\"https:\\\/\\\/www.mexicanguitarplayers.com\\\/tienda\\\/accesorios\\\/estuches-y-fundas\\\/cases\\\/estuche-skb-p-consola-grande-1skb-scpm2\\\/#primaryimage\",\"url\":\"https:\\\/\\\/www.mexicanguitarplayers.com\\\/wp-content\\\/uploads\\\/2022\\\/08\\\/VASKB1SKBSCPM2.jpg\",\"contentUrl\":\"https:\\\/\\\/www.mexicanguitarplayers.com\\\/wp-content\\\/uploads\\\/2022\\\/08\\\/VASKB1SKBSCPM2.jpg\",\"width\":1200,\"height\":1200},{\"@type\":\"BreadcrumbList\",\"@id\":\"https:\\\/\\\/www.mexicanguitarplayers.com\\\/tienda\\\/accesorios\\\/estuches-y-fundas\\\/cases\\\/estuche-skb-p-consola-grande-1skb-scpm2\\\/#breadcrumb\",\"itemListElement\":[{\"@type\":\"ListItem\",\"position\":1,\"name\":\"Portada\",\"item\":\"https:\\\/\\\/www.mexicanguitarplayers.com\\\/\"},{\"@type\":\"ListItem\",\"position\":2,\"name\":\"Tienda\",\"item\":\"https:\\\/\\\/www.mexicanguitarplayers.com\\\/tienda\\\/\"},{\"@type\":\"ListItem\",\"position\":3,\"name\":\"ESTUCHE SKB P\\\/CONSOLA GRANDE 1SKB-SCPM2\"}]},{\"@type\":\"WebSite\",\"@id\":\"https:\\\/\\\/www.mexicanguitarplayers.com\\\/#website\",\"url\":\"https:\\\/\\\/www.mexicanguitarplayers.com\\\/\",\"name\":\"Mexican Guitar Players\",\"description\":\"Website\",\"publisher\":{\"@id\":\"https:\\\/\\\/www.mexicanguitarplayers.com\\\/#organization\"},\"potentialAction\":[{\"@type\":\"SearchAction\",\"target\":{\"@type\":\"EntryPoint\",\"urlTemplate\":\"https:\\\/\\\/www.mexicanguitarplayers.com\\\/?s={search_term_string}\"},\"query-input\":{\"@type\":\"PropertyValueSpecification\",\"valueRequired\":true,\"valueName\":\"search_term_string\"}}],\"inLanguage\":\"en-US\"},{\"@type\":\"Organization\",\"@id\":\"https:\\\/\\\/www.mexicanguitarplayers.com\\\/#organization\",\"name\":\"Mexican Guitar Players\",\"url\":\"https:\\\/\\\/www.mexicanguitarplayers.com\\\/\",\"logo\":{\"@type\":\"ImageObject\",\"inLanguage\":\"en-US\",\"@id\":\"https:\\\/\\\/www.mexicanguitarplayers.com\\\/#\\\/schema\\\/logo\\\/image\\\/\",\"url\":\"\",\"contentUrl\":\"\",\"caption\":\"Mexican Guitar Players\"},\"image\":{\"@id\":\"https:\\\/\\\/www.mexicanguitarplayers.com\\\/#\\\/schema\\\/logo\\\/image\\\/\"}}]}<\/script>\n<!-- \/ Yoast SEO plugin. -->","yoast_head_json":{"title":"ESTUCHE SKB P\/CONSOLA GRANDE 1SKB-SCPM2 - Mexican Guitar Players","description":"ESTUCHE SKB P\/CONSOLA GRANDE 1SKB-SCPM2. Estuche para consola grande, se adapta a altavoces activos como Yamaha DXR10, JBL EON510 o mezcladoras como Mackie (PPM608, PPM1008), Peavey (XR8300, XR8600, XR8600D), Phonic (1062FR, 1062 Plus, 1082FR, 1082 Plus), Kustom (KPM 8420) e incluso cajones, exterior de durable nylon Denier 600 sobre un n\u00facleo contrachapado r\u00edgido, cierre de doble tracci\u00f3n de alta resistencia, interior acolchado, bolsa exterior para accesorios, resistentes manijas, mango indestructible moldeado por inyecci\u00f3n, ruedas dobles, largo interior: 53.98 cm, ancho interior: 31.75 cm, profundidad interior: 33.66 cm, largo exterior: 64.77 cm, ancho exterior: 40.01 cm, profundidad exterior: 40.64 cm, peso: 7.71 kg.","robots":{"index":"index","follow":"follow","max-snippet":"max-snippet:-1","max-image-preview":"max-image-preview:large","max-video-preview":"max-video-preview:-1"},"canonical":"https:\/\/www.mexicanguitarplayers.com\/en\/tienda\/accesorios\/estuches-y-fundas\/cases\/estuche-skb-p-consola-grande-1skb-scpm2\/","og_locale":"en_US","og_type":"article","og_title":"ESTUCHE SKB P\/CONSOLA GRANDE 1SKB-SCPM2 - Mexican Guitar Players","og_description":"ESTUCHE SKB P\/CONSOLA GRANDE 1SKB-SCPM2. Estuche para consola grande, se adapta a altavoces activos como Yamaha DXR10, JBL EON510 o mezcladoras como Mackie (PPM608, PPM1008), Peavey (XR8300, XR8600, XR8600D), Phonic (1062FR, 1062 Plus, 1082FR, 1082 Plus), Kustom (KPM 8420) e incluso cajones, exterior de durable nylon Denier 600 sobre un n\u00facleo contrachapado r\u00edgido, cierre de doble tracci\u00f3n de alta resistencia, interior acolchado, bolsa exterior para accesorios, resistentes manijas, mango indestructible moldeado por inyecci\u00f3n, ruedas dobles, largo interior: 53.98 cm, ancho interior: 31.75 cm, profundidad interior: 33.66 cm, largo exterior: 64.77 cm, ancho exterior: 40.01 cm, profundidad exterior: 40.64 cm, peso: 7.71 kg.","og_url":"https:\/\/www.mexicanguitarplayers.com\/en\/tienda\/accesorios\/estuches-y-fundas\/cases\/estuche-skb-p-consola-grande-1skb-scpm2\/","og_site_name":"Mexican Guitar Players","article_modified_time":"2026-04-10T10:49:34+00:00","og_image":[{"width":1200,"height":1200,"url":"https:\/\/www.mexicanguitarplayers.com\/wp-content\/uploads\/2022\/08\/VASKB1SKBSCPM2.jpg","type":"image\/jpeg"}],"twitter_card":"summary_large_image","schema":{"@context":"https:\/\/schema.org","@graph":[{"@type":["WebPage","ItemPage"],"@id":"https:\/\/www.mexicanguitarplayers.com\/tienda\/accesorios\/estuches-y-fundas\/cases\/estuche-skb-p-consola-grande-1skb-scpm2\/","url":"https:\/\/www.mexicanguitarplayers.com\/tienda\/accesorios\/estuches-y-fundas\/cases\/estuche-skb-p-consola-grande-1skb-scpm2\/","name":"ESTUCHE SKB P\/CONSOLA GRANDE 1SKB-SCPM2 - Mexican Guitar Players","isPartOf":{"@id":"https:\/\/www.mexicanguitarplayers.com\/#website"},"primaryImageOfPage":{"@id":"https:\/\/www.mexicanguitarplayers.com\/tienda\/accesorios\/estuches-y-fundas\/cases\/estuche-skb-p-consola-grande-1skb-scpm2\/#primaryimage"},"image":{"@id":"https:\/\/www.mexicanguitarplayers.com\/tienda\/accesorios\/estuches-y-fundas\/cases\/estuche-skb-p-consola-grande-1skb-scpm2\/#primaryimage"},"thumbnailUrl":"https:\/\/www.mexicanguitarplayers.com\/wp-content\/uploads\/2022\/08\/VASKB1SKBSCPM2.jpg","datePublished":"2022-08-19T12:54:18+00:00","dateModified":"2026-04-10T10:49:34+00:00","description":"ESTUCHE SKB P\/CONSOLA GRANDE 1SKB-SCPM2. Estuche para consola grande, se adapta a altavoces activos como Yamaha DXR10, JBL EON510 o mezcladoras como Mackie (PPM608, PPM1008), Peavey (XR8300, XR8600, XR8600D), Phonic (1062FR, 1062 Plus, 1082FR, 1082 Plus), Kustom (KPM 8420) e incluso cajones, exterior de durable nylon Denier 600 sobre un n\u00facleo contrachapado r\u00edgido, cierre de doble tracci\u00f3n de alta resistencia, interior acolchado, bolsa exterior para accesorios, resistentes manijas, mango indestructible moldeado por inyecci\u00f3n, ruedas dobles, largo interior: 53.98 cm, ancho interior: 31.75 cm, profundidad interior: 33.66 cm, largo exterior: 64.77 cm, ancho exterior: 40.01 cm, profundidad exterior: 40.64 cm, peso: 7.71 kg.","breadcrumb":{"@id":"https:\/\/www.mexicanguitarplayers.com\/tienda\/accesorios\/estuches-y-fundas\/cases\/estuche-skb-p-consola-grande-1skb-scpm2\/#breadcrumb"},"inLanguage":"en-US","potentialAction":[{"@type":"ReadAction","target":["https:\/\/www.mexicanguitarplayers.com\/tienda\/accesorios\/estuches-y-fundas\/cases\/estuche-skb-p-consola-grande-1skb-scpm2\/"]}]},{"@type":"ImageObject","inLanguage":"en-US","@id":"https:\/\/www.mexicanguitarplayers.com\/tienda\/accesorios\/estuches-y-fundas\/cases\/estuche-skb-p-consola-grande-1skb-scpm2\/#primaryimage","url":"https:\/\/www.mexicanguitarplayers.com\/wp-content\/uploads\/2022\/08\/VASKB1SKBSCPM2.jpg","contentUrl":"https:\/\/www.mexicanguitarplayers.com\/wp-content\/uploads\/2022\/08\/VASKB1SKBSCPM2.jpg","width":1200,"height":1200},{"@type":"BreadcrumbList","@id":"https:\/\/www.mexicanguitarplayers.com\/tienda\/accesorios\/estuches-y-fundas\/cases\/estuche-skb-p-consola-grande-1skb-scpm2\/#breadcrumb","itemListElement":[{"@type":"ListItem","position":1,"name":"Portada","item":"https:\/\/www.mexicanguitarplayers.com\/"},{"@type":"ListItem","position":2,"name":"Tienda","item":"https:\/\/www.mexicanguitarplayers.com\/tienda\/"},{"@type":"ListItem","position":3,"name":"ESTUCHE SKB P\/CONSOLA GRANDE 1SKB-SCPM2"}]},{"@type":"WebSite","@id":"https:\/\/www.mexicanguitarplayers.com\/#website","url":"https:\/\/www.mexicanguitarplayers.com\/","name":"Mexican Guitar Players","description":"Website","publisher":{"@id":"https:\/\/www.mexicanguitarplayers.com\/#organization"},"potentialAction":[{"@type":"SearchAction","target":{"@type":"EntryPoint","urlTemplate":"https:\/\/www.mexicanguitarplayers.com\/?s={search_term_string}"},"query-input":{"@type":"PropertyValueSpecification","valueRequired":true,"valueName":"search_term_string"}}],"inLanguage":"en-US"},{"@type":"Organization","@id":"https:\/\/www.mexicanguitarplayers.com\/#organization","name":"Mexican Guitar Players","url":"https:\/\/www.mexicanguitarplayers.com\/","logo":{"@type":"ImageObject","inLanguage":"en-US","@id":"https:\/\/www.mexicanguitarplayers.com\/#\/schema\/logo\/image\/","url":"","contentUrl":"","caption":"Mexican Guitar Players"},"image":{"@id":"https:\/\/www.mexicanguitarplayers.com\/#\/schema\/logo\/image\/"}}]}},"brands":[{"id":609,"name":"SKB","slug":"skb"}],"_links":{"self":[{"href":"https:\/\/www.mexicanguitarplayers.com\/en\/wp-json\/wp\/v2\/product\/21654","targetHints":{"allow":["GET"]}}],"collection":[{"href":"https:\/\/www.mexicanguitarplayers.com\/en\/wp-json\/wp\/v2\/product"}],"about":[{"href":"https:\/\/www.mexicanguitarplayers.com\/en\/wp-json\/wp\/v2\/types\/product"}],"replies":[{"embeddable":true,"href":"https:\/\/www.mexicanguitarplayers.com\/en\/wp-json\/wp\/v2\/comments?post=21654"}],"wp:featuredmedia":[{"embeddable":true,"href":"https:\/\/www.mexicanguitarplayers.com\/en\/wp-json\/wp\/v2\/media\/21650"}],"wp:attachment":[{"href":"https:\/\/www.mexicanguitarplayers.com\/en\/wp-json\/wp\/v2\/media?parent=21654"}],"wp:term":[{"taxonomy":"pwb-brand","embeddable":true,"href":"https:\/\/www.mexicanguitarplayers.com\/en\/wp-json\/wp\/v2\/pwb-brand?post=21654"},{"taxonomy":"product_brand","embeddable":true,"href":"https:\/\/www.mexicanguitarplayers.com\/en\/wp-json\/wp\/v2\/product_brand?post=21654"},{"taxonomy":"product_cat","embeddable":true,"href":"https:\/\/www.mexicanguitarplayers.com\/en\/wp-json\/wp\/v2\/product_cat?post=21654"},{"taxonomy":"product_tag","embeddable":true,"href":"https:\/\/www.mexicanguitarplayers.com\/en\/wp-json\/wp\/v2\/product_tag?post=21654"}],"curies":[{"name":"wp","href":"https:\/\/api.w.org\/{rel}","templated":true}]}}