{"id":21703,"date":"2022-08-19T07:55:46","date_gmt":"2022-08-19T12:55:46","guid":{"rendered":"https:\/\/www.mexicanguitarplayers.com\/tienda\/sin%20categor\u00eda\/estuche-skb-p-guit-electrica-31-4214-op\/"},"modified":"2026-04-10T04:49:29","modified_gmt":"2026-04-10T10:49:29","slug":"estuche-skb-p-guit-electrica-31-4214-op","status":"publish","type":"product","link":"https:\/\/www.mexicanguitarplayers.com\/en\/tienda\/accesorios\/estuches-y-fundas\/para-guitarra\/para-guitarra-electrica\/estuche-skb-p-guit-electrica-31-4214-op\/","title":{"rendered":"SKB P\/GUIT CASE. ELECTRICAL 31-4214-OP"},"content":{"rendered":"<div style=\"text-align: justify\">\n<div>\n<h3>SKB P\/GUIT CASE. ELECTRICAL 31-4214-OP<\/h3>\n<\/div>\n<div>Electric guitar case, ideal for double cut type guitars, made of ultra-high-strength polypropylene copolymer resin, resistant to corrosion, fungus, ultraviolet rays and impacts, sealed joint that makes it completely hermetic, automatic environmental pressure compensating valve , molded hinges, locking latches with TSA system, rubber over-molded handle for easy handling, glide wheels, large accessory compartment, plush-lined interior to accommodate various instrument body shapes with full support on the Neck, Inner Length: 40&quot;, Outside Length: 45.5&quot;, Outside Width: 17.5&quot;, Outside Depth: 6.5&quot;, Body Length: 17&quot;, Body Depth: 3.5&quot;, Width of Instrument: 13.66&quot; cm, narrow part of the instrument: 33.66 cm, weight: 8.62 kg.<\/div>\n<\/div>","protected":false},"excerpt":{"rendered":"<p>Estuche para guitarra el\u00e9ctrica, ideal para guitarras tipo double cut, fabricado con resina de copol\u00edmero de polipropileno de ultra alta resistencia, resistente a la corrosi\u00f3n, hongos, rayos ultravioleta e impactos, junta sellada que lo hace totalmente herm\u00e9tico,  v\u00e1lvula compensadora de presi\u00f3n ambiental autom\u00e1tica, bisagras moldeadas, seguros de bloqueo con sistema TSA, manija de caucho sobre moldeado para un manejo sencillo, ruedas de deslizamiento, gran compartimento para accesorios, interior forrado de felpa para dar cabida a diversas formas de cuerpo del instrumento con un apoyo total en el brazo, largo interior: 102.24 cm, largo exterior: 114.30 cm, ancho exterior: 43.82 cm, profundidad exterior: 16.51 cm, longitud del cuerpo del instrumento: 43.18 cm, profundidad del cuerpo del instrumento: 8.89 cm, parte ancha del instrumento: 33.66 cm, parte angosta del instrumento: 33.66 cm, peso: 8.62 kg.&hellip; <a class=\"kt-excerpt-readmore more-link\" href=\"https:\/\/www.mexicanguitarplayers.com\/en\/tienda\/accesorios\/estuches-y-fundas\/para-guitarra\/para-guitarra-electrica\/estuche-skb-p-guit-electrica-31-4214-op\/\">Read more<\/a><\/p>","protected":false},"featured_media":21699,"comment_status":"open","ping_status":"closed","template":"","meta":{"kt_blocks_editor_width":""},"pwb-brand":[609],"product_brand":[],"product_cat":[85,517,566,567],"product_tag":[],"class_list":{"0":"post-21703","1":"product","2":"type-product","3":"status-publish","4":"has-post-thumbnail","6":"pwb-brand-skb","7":"product_cat-accesorios","8":"product_cat-estuches-y-fundas","9":"product_cat-para-guitarra","10":"product_cat-para-guitarra-electrica","11":"product_shipping_class-15-20-kg","13":"first","14":"outofstock","15":"taxable","16":"shipping-taxable","17":"purchasable","18":"product-type-simple"},"yoast_head":"<!-- This site is optimized with the Yoast SEO plugin v27.5 - https:\/\/yoast.com\/product\/yoast-seo-wordpress\/ -->\n<title>ESTUCHE SKB P\/GUIT. ELECTRICA 31-4214-OP - Mexican Guitar Players<\/title>\n<meta name=\"description\" content=\"ESTUCHE SKB P\/GUIT. ELECTRICA 31-4214-OP. Estuche para guitarra el\u00e9ctrica, ideal para guitarras tipo double cut, fabricado con resina de copol\u00edmero de polipropileno de ultra alta resistencia, resistente a la corrosi\u00f3n, hongos, rayos ultravioleta e impactos, junta sellada que lo hace totalmente herm\u00e9tico, v\u00e1lvula compensadora de presi\u00f3n ambiental autom\u00e1tica, bisagras moldeadas, seguros de bloqueo con sistema TSA, manija de caucho sobre moldeado para un manejo sencillo, ruedas de deslizamiento, gran compartimento para accesorios, interior forrado de felpa para dar cabida a diversas formas de cuerpo del instrumento con un apoyo total en el brazo, largo interior: 102.24 cm, largo exterior: 114.30 cm, ancho exterior: 43.82 cm, profundidad exterior: 16.51 cm, longitud del cuerpo del instrumento: 43.18 cm, profundidad del cuerpo del instrumento: 8.89 cm, parte ancha del instrumento: 33.66 cm, parte angosta del instrumento: 33.66 cm, peso: 8.62 kg.\" \/>\n<meta name=\"robots\" content=\"index, follow, max-snippet:-1, max-image-preview:large, max-video-preview:-1\" \/>\n<link rel=\"canonical\" href=\"https:\/\/www.mexicanguitarplayers.com\/en\/tienda\/accesorios\/estuches-y-fundas\/para-guitarra\/para-guitarra-electrica\/estuche-skb-p-guit-electrica-31-4214-op\/\" \/>\n<meta property=\"og:locale\" content=\"en_US\" \/>\n<meta property=\"og:type\" content=\"article\" \/>\n<meta property=\"og:title\" content=\"ESTUCHE SKB P\/GUIT. ELECTRICA 31-4214-OP - Mexican Guitar Players\" \/>\n<meta property=\"og:description\" content=\"ESTUCHE SKB P\/GUIT. ELECTRICA 31-4214-OP. Estuche para guitarra el\u00e9ctrica, ideal para guitarras tipo double cut, fabricado con resina de copol\u00edmero de polipropileno de ultra alta resistencia, resistente a la corrosi\u00f3n, hongos, rayos ultravioleta e impactos, junta sellada que lo hace totalmente herm\u00e9tico, v\u00e1lvula compensadora de presi\u00f3n ambiental autom\u00e1tica, bisagras moldeadas, seguros de bloqueo con sistema TSA, manija de caucho sobre moldeado para un manejo sencillo, ruedas de deslizamiento, gran compartimento para accesorios, interior forrado de felpa para dar cabida a diversas formas de cuerpo del instrumento con un apoyo total en el brazo, largo interior: 102.24 cm, largo exterior: 114.30 cm, ancho exterior: 43.82 cm, profundidad exterior: 16.51 cm, longitud del cuerpo del instrumento: 43.18 cm, profundidad del cuerpo del instrumento: 8.89 cm, parte ancha del instrumento: 33.66 cm, parte angosta del instrumento: 33.66 cm, peso: 8.62 kg.\" \/>\n<meta property=\"og:url\" content=\"https:\/\/www.mexicanguitarplayers.com\/en\/tienda\/accesorios\/estuches-y-fundas\/para-guitarra\/para-guitarra-electrica\/estuche-skb-p-guit-electrica-31-4214-op\/\" \/>\n<meta property=\"og:site_name\" content=\"Mexican Guitar Players\" \/>\n<meta property=\"article:modified_time\" content=\"2026-04-10T10:49:29+00:00\" \/>\n<meta property=\"og:image\" content=\"https:\/\/www.mexicanguitarplayers.com\/wp-content\/uploads\/2022\/08\/VASKB314214OP.jpg\" \/>\n\t<meta property=\"og:image:width\" content=\"1600\" \/>\n\t<meta property=\"og:image:height\" content=\"800\" \/>\n\t<meta property=\"og:image:type\" content=\"image\/jpeg\" \/>\n<meta name=\"twitter:card\" content=\"summary_large_image\" \/>\n<meta name=\"twitter:label1\" content=\"Est. reading time\" \/>\n\t<meta name=\"twitter:data1\" content=\"1 minute\" \/>\n<script type=\"application\/ld+json\" class=\"yoast-schema-graph\">{\"@context\":\"https:\\\/\\\/schema.org\",\"@graph\":[{\"@type\":[\"WebPage\",\"ItemPage\"],\"@id\":\"https:\\\/\\\/www.mexicanguitarplayers.com\\\/tienda\\\/accesorios\\\/estuches-y-fundas\\\/para-guitarra\\\/para-guitarra-electrica\\\/estuche-skb-p-guit-electrica-31-4214-op\\\/\",\"url\":\"https:\\\/\\\/www.mexicanguitarplayers.com\\\/tienda\\\/accesorios\\\/estuches-y-fundas\\\/para-guitarra\\\/para-guitarra-electrica\\\/estuche-skb-p-guit-electrica-31-4214-op\\\/\",\"name\":\"ESTUCHE SKB P\\\/GUIT. ELECTRICA 31-4214-OP - Mexican Guitar Players\",\"isPartOf\":{\"@id\":\"https:\\\/\\\/www.mexicanguitarplayers.com\\\/#website\"},\"primaryImageOfPage\":{\"@id\":\"https:\\\/\\\/www.mexicanguitarplayers.com\\\/tienda\\\/accesorios\\\/estuches-y-fundas\\\/para-guitarra\\\/para-guitarra-electrica\\\/estuche-skb-p-guit-electrica-31-4214-op\\\/#primaryimage\"},\"image\":{\"@id\":\"https:\\\/\\\/www.mexicanguitarplayers.com\\\/tienda\\\/accesorios\\\/estuches-y-fundas\\\/para-guitarra\\\/para-guitarra-electrica\\\/estuche-skb-p-guit-electrica-31-4214-op\\\/#primaryimage\"},\"thumbnailUrl\":\"https:\\\/\\\/www.mexicanguitarplayers.com\\\/wp-content\\\/uploads\\\/2022\\\/08\\\/VASKB314214OP.jpg\",\"datePublished\":\"2022-08-19T12:55:46+00:00\",\"dateModified\":\"2026-04-10T10:49:29+00:00\",\"description\":\"ESTUCHE SKB P\\\/GUIT. ELECTRICA 31-4214-OP. Estuche para guitarra el\u00e9ctrica, ideal para guitarras tipo double cut, fabricado con resina de copol\u00edmero de polipropileno de ultra alta resistencia, resistente a la corrosi\u00f3n, hongos, rayos ultravioleta e impactos, junta sellada que lo hace totalmente herm\u00e9tico, v\u00e1lvula compensadora de presi\u00f3n ambiental autom\u00e1tica, bisagras moldeadas, seguros de bloqueo con sistema TSA, manija de caucho sobre moldeado para un manejo sencillo, ruedas de deslizamiento, gran compartimento para accesorios, interior forrado de felpa para dar cabida a diversas formas de cuerpo del instrumento con un apoyo total en el brazo, largo interior: 102.24 cm, largo exterior: 114.30 cm, ancho exterior: 43.82 cm, profundidad exterior: 16.51 cm, longitud del cuerpo del instrumento: 43.18 cm, profundidad del cuerpo del instrumento: 8.89 cm, parte ancha del instrumento: 33.66 cm, parte angosta del instrumento: 33.66 cm, peso: 8.62 kg.\",\"breadcrumb\":{\"@id\":\"https:\\\/\\\/www.mexicanguitarplayers.com\\\/tienda\\\/accesorios\\\/estuches-y-fundas\\\/para-guitarra\\\/para-guitarra-electrica\\\/estuche-skb-p-guit-electrica-31-4214-op\\\/#breadcrumb\"},\"inLanguage\":\"en-US\",\"potentialAction\":[{\"@type\":\"ReadAction\",\"target\":[\"https:\\\/\\\/www.mexicanguitarplayers.com\\\/tienda\\\/accesorios\\\/estuches-y-fundas\\\/para-guitarra\\\/para-guitarra-electrica\\\/estuche-skb-p-guit-electrica-31-4214-op\\\/\"]}]},{\"@type\":\"ImageObject\",\"inLanguage\":\"en-US\",\"@id\":\"https:\\\/\\\/www.mexicanguitarplayers.com\\\/tienda\\\/accesorios\\\/estuches-y-fundas\\\/para-guitarra\\\/para-guitarra-electrica\\\/estuche-skb-p-guit-electrica-31-4214-op\\\/#primaryimage\",\"url\":\"https:\\\/\\\/www.mexicanguitarplayers.com\\\/wp-content\\\/uploads\\\/2022\\\/08\\\/VASKB314214OP.jpg\",\"contentUrl\":\"https:\\\/\\\/www.mexicanguitarplayers.com\\\/wp-content\\\/uploads\\\/2022\\\/08\\\/VASKB314214OP.jpg\",\"width\":1600,\"height\":800},{\"@type\":\"BreadcrumbList\",\"@id\":\"https:\\\/\\\/www.mexicanguitarplayers.com\\\/tienda\\\/accesorios\\\/estuches-y-fundas\\\/para-guitarra\\\/para-guitarra-electrica\\\/estuche-skb-p-guit-electrica-31-4214-op\\\/#breadcrumb\",\"itemListElement\":[{\"@type\":\"ListItem\",\"position\":1,\"name\":\"Portada\",\"item\":\"https:\\\/\\\/www.mexicanguitarplayers.com\\\/\"},{\"@type\":\"ListItem\",\"position\":2,\"name\":\"Tienda\",\"item\":\"https:\\\/\\\/www.mexicanguitarplayers.com\\\/tienda\\\/\"},{\"@type\":\"ListItem\",\"position\":3,\"name\":\"ESTUCHE SKB P\\\/GUIT. ELECTRICA 31-4214-OP\"}]},{\"@type\":\"WebSite\",\"@id\":\"https:\\\/\\\/www.mexicanguitarplayers.com\\\/#website\",\"url\":\"https:\\\/\\\/www.mexicanguitarplayers.com\\\/\",\"name\":\"Mexican Guitar Players\",\"description\":\"Website\",\"publisher\":{\"@id\":\"https:\\\/\\\/www.mexicanguitarplayers.com\\\/#organization\"},\"potentialAction\":[{\"@type\":\"SearchAction\",\"target\":{\"@type\":\"EntryPoint\",\"urlTemplate\":\"https:\\\/\\\/www.mexicanguitarplayers.com\\\/?s={search_term_string}\"},\"query-input\":{\"@type\":\"PropertyValueSpecification\",\"valueRequired\":true,\"valueName\":\"search_term_string\"}}],\"inLanguage\":\"en-US\"},{\"@type\":\"Organization\",\"@id\":\"https:\\\/\\\/www.mexicanguitarplayers.com\\\/#organization\",\"name\":\"Mexican Guitar Players\",\"url\":\"https:\\\/\\\/www.mexicanguitarplayers.com\\\/\",\"logo\":{\"@type\":\"ImageObject\",\"inLanguage\":\"en-US\",\"@id\":\"https:\\\/\\\/www.mexicanguitarplayers.com\\\/#\\\/schema\\\/logo\\\/image\\\/\",\"url\":\"\",\"contentUrl\":\"\",\"caption\":\"Mexican Guitar Players\"},\"image\":{\"@id\":\"https:\\\/\\\/www.mexicanguitarplayers.com\\\/#\\\/schema\\\/logo\\\/image\\\/\"}}]}<\/script>\n<!-- \/ Yoast SEO plugin. -->","yoast_head_json":{"title":"ESTUCHE SKB P\/GUIT. ELECTRICA 31-4214-OP - Mexican Guitar Players","description":"ESTUCHE SKB P\/GUIT. ELECTRICA 31-4214-OP. Estuche para guitarra el\u00e9ctrica, ideal para guitarras tipo double cut, fabricado con resina de copol\u00edmero de polipropileno de ultra alta resistencia, resistente a la corrosi\u00f3n, hongos, rayos ultravioleta e impactos, junta sellada que lo hace totalmente herm\u00e9tico, v\u00e1lvula compensadora de presi\u00f3n ambiental autom\u00e1tica, bisagras moldeadas, seguros de bloqueo con sistema TSA, manija de caucho sobre moldeado para un manejo sencillo, ruedas de deslizamiento, gran compartimento para accesorios, interior forrado de felpa para dar cabida a diversas formas de cuerpo del instrumento con un apoyo total en el brazo, largo interior: 102.24 cm, largo exterior: 114.30 cm, ancho exterior: 43.82 cm, profundidad exterior: 16.51 cm, longitud del cuerpo del instrumento: 43.18 cm, profundidad del cuerpo del instrumento: 8.89 cm, parte ancha del instrumento: 33.66 cm, parte angosta del instrumento: 33.66 cm, peso: 8.62 kg.","robots":{"index":"index","follow":"follow","max-snippet":"max-snippet:-1","max-image-preview":"max-image-preview:large","max-video-preview":"max-video-preview:-1"},"canonical":"https:\/\/www.mexicanguitarplayers.com\/en\/tienda\/accesorios\/estuches-y-fundas\/para-guitarra\/para-guitarra-electrica\/estuche-skb-p-guit-electrica-31-4214-op\/","og_locale":"en_US","og_type":"article","og_title":"ESTUCHE SKB P\/GUIT. ELECTRICA 31-4214-OP - Mexican Guitar Players","og_description":"ESTUCHE SKB P\/GUIT. ELECTRICA 31-4214-OP. Estuche para guitarra el\u00e9ctrica, ideal para guitarras tipo double cut, fabricado con resina de copol\u00edmero de polipropileno de ultra alta resistencia, resistente a la corrosi\u00f3n, hongos, rayos ultravioleta e impactos, junta sellada que lo hace totalmente herm\u00e9tico, v\u00e1lvula compensadora de presi\u00f3n ambiental autom\u00e1tica, bisagras moldeadas, seguros de bloqueo con sistema TSA, manija de caucho sobre moldeado para un manejo sencillo, ruedas de deslizamiento, gran compartimento para accesorios, interior forrado de felpa para dar cabida a diversas formas de cuerpo del instrumento con un apoyo total en el brazo, largo interior: 102.24 cm, largo exterior: 114.30 cm, ancho exterior: 43.82 cm, profundidad exterior: 16.51 cm, longitud del cuerpo del instrumento: 43.18 cm, profundidad del cuerpo del instrumento: 8.89 cm, parte ancha del instrumento: 33.66 cm, parte angosta del instrumento: 33.66 cm, peso: 8.62 kg.","og_url":"https:\/\/www.mexicanguitarplayers.com\/en\/tienda\/accesorios\/estuches-y-fundas\/para-guitarra\/para-guitarra-electrica\/estuche-skb-p-guit-electrica-31-4214-op\/","og_site_name":"Mexican Guitar Players","article_modified_time":"2026-04-10T10:49:29+00:00","og_image":[{"width":1600,"height":800,"url":"https:\/\/www.mexicanguitarplayers.com\/wp-content\/uploads\/2022\/08\/VASKB314214OP.jpg","type":"image\/jpeg"}],"twitter_card":"summary_large_image","twitter_misc":{"Est. reading time":"1 minute"},"schema":{"@context":"https:\/\/schema.org","@graph":[{"@type":["WebPage","ItemPage"],"@id":"https:\/\/www.mexicanguitarplayers.com\/tienda\/accesorios\/estuches-y-fundas\/para-guitarra\/para-guitarra-electrica\/estuche-skb-p-guit-electrica-31-4214-op\/","url":"https:\/\/www.mexicanguitarplayers.com\/tienda\/accesorios\/estuches-y-fundas\/para-guitarra\/para-guitarra-electrica\/estuche-skb-p-guit-electrica-31-4214-op\/","name":"ESTUCHE SKB P\/GUIT. ELECTRICA 31-4214-OP - Mexican Guitar Players","isPartOf":{"@id":"https:\/\/www.mexicanguitarplayers.com\/#website"},"primaryImageOfPage":{"@id":"https:\/\/www.mexicanguitarplayers.com\/tienda\/accesorios\/estuches-y-fundas\/para-guitarra\/para-guitarra-electrica\/estuche-skb-p-guit-electrica-31-4214-op\/#primaryimage"},"image":{"@id":"https:\/\/www.mexicanguitarplayers.com\/tienda\/accesorios\/estuches-y-fundas\/para-guitarra\/para-guitarra-electrica\/estuche-skb-p-guit-electrica-31-4214-op\/#primaryimage"},"thumbnailUrl":"https:\/\/www.mexicanguitarplayers.com\/wp-content\/uploads\/2022\/08\/VASKB314214OP.jpg","datePublished":"2022-08-19T12:55:46+00:00","dateModified":"2026-04-10T10:49:29+00:00","description":"ESTUCHE SKB P\/GUIT. ELECTRICA 31-4214-OP. Estuche para guitarra el\u00e9ctrica, ideal para guitarras tipo double cut, fabricado con resina de copol\u00edmero de polipropileno de ultra alta resistencia, resistente a la corrosi\u00f3n, hongos, rayos ultravioleta e impactos, junta sellada que lo hace totalmente herm\u00e9tico, v\u00e1lvula compensadora de presi\u00f3n ambiental autom\u00e1tica, bisagras moldeadas, seguros de bloqueo con sistema TSA, manija de caucho sobre moldeado para un manejo sencillo, ruedas de deslizamiento, gran compartimento para accesorios, interior forrado de felpa para dar cabida a diversas formas de cuerpo del instrumento con un apoyo total en el brazo, largo interior: 102.24 cm, largo exterior: 114.30 cm, ancho exterior: 43.82 cm, profundidad exterior: 16.51 cm, longitud del cuerpo del instrumento: 43.18 cm, profundidad del cuerpo del instrumento: 8.89 cm, parte ancha del instrumento: 33.66 cm, parte angosta del instrumento: 33.66 cm, peso: 8.62 kg.","breadcrumb":{"@id":"https:\/\/www.mexicanguitarplayers.com\/tienda\/accesorios\/estuches-y-fundas\/para-guitarra\/para-guitarra-electrica\/estuche-skb-p-guit-electrica-31-4214-op\/#breadcrumb"},"inLanguage":"en-US","potentialAction":[{"@type":"ReadAction","target":["https:\/\/www.mexicanguitarplayers.com\/tienda\/accesorios\/estuches-y-fundas\/para-guitarra\/para-guitarra-electrica\/estuche-skb-p-guit-electrica-31-4214-op\/"]}]},{"@type":"ImageObject","inLanguage":"en-US","@id":"https:\/\/www.mexicanguitarplayers.com\/tienda\/accesorios\/estuches-y-fundas\/para-guitarra\/para-guitarra-electrica\/estuche-skb-p-guit-electrica-31-4214-op\/#primaryimage","url":"https:\/\/www.mexicanguitarplayers.com\/wp-content\/uploads\/2022\/08\/VASKB314214OP.jpg","contentUrl":"https:\/\/www.mexicanguitarplayers.com\/wp-content\/uploads\/2022\/08\/VASKB314214OP.jpg","width":1600,"height":800},{"@type":"BreadcrumbList","@id":"https:\/\/www.mexicanguitarplayers.com\/tienda\/accesorios\/estuches-y-fundas\/para-guitarra\/para-guitarra-electrica\/estuche-skb-p-guit-electrica-31-4214-op\/#breadcrumb","itemListElement":[{"@type":"ListItem","position":1,"name":"Portada","item":"https:\/\/www.mexicanguitarplayers.com\/"},{"@type":"ListItem","position":2,"name":"Tienda","item":"https:\/\/www.mexicanguitarplayers.com\/tienda\/"},{"@type":"ListItem","position":3,"name":"ESTUCHE SKB P\/GUIT. ELECTRICA 31-4214-OP"}]},{"@type":"WebSite","@id":"https:\/\/www.mexicanguitarplayers.com\/#website","url":"https:\/\/www.mexicanguitarplayers.com\/","name":"Mexican Guitar Players","description":"Website","publisher":{"@id":"https:\/\/www.mexicanguitarplayers.com\/#organization"},"potentialAction":[{"@type":"SearchAction","target":{"@type":"EntryPoint","urlTemplate":"https:\/\/www.mexicanguitarplayers.com\/?s={search_term_string}"},"query-input":{"@type":"PropertyValueSpecification","valueRequired":true,"valueName":"search_term_string"}}],"inLanguage":"en-US"},{"@type":"Organization","@id":"https:\/\/www.mexicanguitarplayers.com\/#organization","name":"Mexican Guitar Players","url":"https:\/\/www.mexicanguitarplayers.com\/","logo":{"@type":"ImageObject","inLanguage":"en-US","@id":"https:\/\/www.mexicanguitarplayers.com\/#\/schema\/logo\/image\/","url":"","contentUrl":"","caption":"Mexican Guitar Players"},"image":{"@id":"https:\/\/www.mexicanguitarplayers.com\/#\/schema\/logo\/image\/"}}]}},"brands":[{"id":609,"name":"SKB","slug":"skb"}],"_links":{"self":[{"href":"https:\/\/www.mexicanguitarplayers.com\/en\/wp-json\/wp\/v2\/product\/21703","targetHints":{"allow":["GET"]}}],"collection":[{"href":"https:\/\/www.mexicanguitarplayers.com\/en\/wp-json\/wp\/v2\/product"}],"about":[{"href":"https:\/\/www.mexicanguitarplayers.com\/en\/wp-json\/wp\/v2\/types\/product"}],"replies":[{"embeddable":true,"href":"https:\/\/www.mexicanguitarplayers.com\/en\/wp-json\/wp\/v2\/comments?post=21703"}],"wp:featuredmedia":[{"embeddable":true,"href":"https:\/\/www.mexicanguitarplayers.com\/en\/wp-json\/wp\/v2\/media\/21699"}],"wp:attachment":[{"href":"https:\/\/www.mexicanguitarplayers.com\/en\/wp-json\/wp\/v2\/media?parent=21703"}],"wp:term":[{"taxonomy":"pwb-brand","embeddable":true,"href":"https:\/\/www.mexicanguitarplayers.com\/en\/wp-json\/wp\/v2\/pwb-brand?post=21703"},{"taxonomy":"product_brand","embeddable":true,"href":"https:\/\/www.mexicanguitarplayers.com\/en\/wp-json\/wp\/v2\/product_brand?post=21703"},{"taxonomy":"product_cat","embeddable":true,"href":"https:\/\/www.mexicanguitarplayers.com\/en\/wp-json\/wp\/v2\/product_cat?post=21703"},{"taxonomy":"product_tag","embeddable":true,"href":"https:\/\/www.mexicanguitarplayers.com\/en\/wp-json\/wp\/v2\/product_tag?post=21703"}],"curies":[{"name":"wp","href":"https:\/\/api.w.org\/{rel}","templated":true}]}}