{"id":21718,"date":"2022-08-19T07:56:18","date_gmt":"2022-08-19T12:56:18","guid":{"rendered":"https:\/\/www.mexicanguitarplayers.com\/tienda\/sin%20categor\u00eda\/estuche-skb-p-microfonos-3i-0907-mc6\/"},"modified":"2026-04-10T04:49:27","modified_gmt":"2026-04-10T10:49:27","slug":"estuche-skb-p-microfonos-3i-0907-mc6","status":"publish","type":"product","link":"https:\/\/www.mexicanguitarplayers.com\/en\/tienda\/accesorios\/estuches-y-fundas\/varios-estuches-y-fundas\/estuche-skb-p-microfonos-3i-0907-mc6\/","title":{"rendered":"SKB CASE FOR MICROPHONES 3I-0907-MC6"},"content":{"rendered":"<div style=\"text-align: justify\">\n<div>\n<h3>SKB CASE FOR MICROPHONES 3I-0907-MC6<\/h3>\n<\/div>\n<div>Microphone case, ultra-high-strength polypropylene copolymer resin, resistant to ultraviolet rays, corrosion and fungus, sealed gasket making it completely airtight, resistant to corrosion damage and impact, molded hinges, ergonomic rubber grip handles Rubber, Foam Cut to Size to Hold 6 Microphones, Inside Length: 9.5&quot;, Inside Width: 7.2&quot;, Inside Depth: 6.2&quot;, Outside Length: 10.7&quot;, Outside Width: 9.5&quot;, Outside Depth: 6.7&quot;, Depth of lid: 1-1\/2&quot;, base depth: 5-1\/2&quot;, weight: 3-1\/2 lbs.<\/div>\n<\/div>","protected":false},"excerpt":{"rendered":"<p>Estuche para micr\u00f3fonos, resina de copol\u00edmero de polipropileno de ultra alta resistencia, resistente a los rayos ultravioleta, corrosi\u00f3n y hongos, junta sellada que lo hace completamente herm\u00e9tico, resistente a los da\u00f1os por corrosi\u00f3n y al impacto, bisagras moldeadas, manijas ergon\u00f3micas con empu\u00f1adura de goma, espuma cortada a medida para contener 6 micr\u00f3fonos, longitud interior: 24.13 cm, ancho interior: 18.73 cm, profundidad interior: 15.56 cm, longitud exterior: 27.13 cm, ancho exterior: 24.61 cm, profundidad exterior: 17.32 cm, profundidad de la tapa: 3.81 cm, profundidad de la base: 13.49 cm, peso: 1.38 kg.&hellip; <a class=\"kt-excerpt-readmore more-link\" href=\"https:\/\/www.mexicanguitarplayers.com\/en\/tienda\/accesorios\/estuches-y-fundas\/varios-estuches-y-fundas\/estuche-skb-p-microfonos-3i-0907-mc6\/\">Read more<\/a><\/p>","protected":false},"featured_media":21715,"comment_status":"open","ping_status":"closed","template":"","meta":{"kt_blocks_editor_width":""},"pwb-brand":[609],"product_brand":[],"product_cat":[85,517,568],"product_tag":[],"class_list":{"0":"post-21718","1":"product","2":"type-product","3":"status-publish","4":"has-post-thumbnail","6":"pwb-brand-skb","7":"product_cat-accesorios","8":"product_cat-estuches-y-fundas","9":"product_cat-varios-estuches-y-fundas","10":"product_shipping_class-0-5-kg","12":"first","13":"instock","14":"taxable","15":"shipping-taxable","16":"purchasable","17":"product-type-simple"},"yoast_head":"<!-- This site is optimized with the Yoast SEO plugin v27.5 - https:\/\/yoast.com\/product\/yoast-seo-wordpress\/ -->\n<title>ESTUCHE SKB P\/MICROFONOS 3I-0907-MC6 - Mexican Guitar Players<\/title>\n<meta name=\"description\" content=\"ESTUCHE SKB P\/MICROFONOS 3I-0907-MC6. Estuche para micr\u00f3fonos, resina de copol\u00edmero de polipropileno de ultra alta resistencia, resistente a los rayos ultravioleta, corrosi\u00f3n y hongos, junta sellada que lo hace completamente herm\u00e9tico, resistente a los da\u00f1os por corrosi\u00f3n y al impacto, bisagras moldeadas, manijas ergon\u00f3micas con empu\u00f1adura de goma, espuma cortada a medida para contener 6 micr\u00f3fonos, longitud interior: 24.13 cm, ancho interior: 18.73 cm, profundidad interior: 15.56 cm, longitud exterior: 27.13 cm, ancho exterior: 24.61 cm, profundidad exterior: 17.32 cm, profundidad de la tapa: 3.81 cm, profundidad de la base: 13.49 cm, peso: 1.38 kg.\" \/>\n<meta name=\"robots\" content=\"index, follow, max-snippet:-1, max-image-preview:large, max-video-preview:-1\" \/>\n<link rel=\"canonical\" href=\"https:\/\/www.mexicanguitarplayers.com\/en\/tienda\/accesorios\/estuches-y-fundas\/varios-estuches-y-fundas\/estuche-skb-p-microfonos-3i-0907-mc6\/\" \/>\n<meta property=\"og:locale\" content=\"en_US\" \/>\n<meta property=\"og:type\" content=\"article\" \/>\n<meta property=\"og:title\" content=\"ESTUCHE SKB P\/MICROFONOS 3I-0907-MC6 - Mexican Guitar Players\" \/>\n<meta property=\"og:description\" content=\"ESTUCHE SKB P\/MICROFONOS 3I-0907-MC6. Estuche para micr\u00f3fonos, resina de copol\u00edmero de polipropileno de ultra alta resistencia, resistente a los rayos ultravioleta, corrosi\u00f3n y hongos, junta sellada que lo hace completamente herm\u00e9tico, resistente a los da\u00f1os por corrosi\u00f3n y al impacto, bisagras moldeadas, manijas ergon\u00f3micas con empu\u00f1adura de goma, espuma cortada a medida para contener 6 micr\u00f3fonos, longitud interior: 24.13 cm, ancho interior: 18.73 cm, profundidad interior: 15.56 cm, longitud exterior: 27.13 cm, ancho exterior: 24.61 cm, profundidad exterior: 17.32 cm, profundidad de la tapa: 3.81 cm, profundidad de la base: 13.49 cm, peso: 1.38 kg.\" \/>\n<meta property=\"og:url\" content=\"https:\/\/www.mexicanguitarplayers.com\/en\/tienda\/accesorios\/estuches-y-fundas\/varios-estuches-y-fundas\/estuche-skb-p-microfonos-3i-0907-mc6\/\" \/>\n<meta property=\"og:site_name\" content=\"Mexican Guitar Players\" \/>\n<meta property=\"article:modified_time\" content=\"2026-04-10T10:49:27+00:00\" \/>\n<meta property=\"og:image\" content=\"https:\/\/www.mexicanguitarplayers.com\/wp-content\/uploads\/2022\/08\/VASKB3I0907MC6.jpg\" \/>\n\t<meta property=\"og:image:width\" content=\"1200\" \/>\n\t<meta property=\"og:image:height\" content=\"1200\" \/>\n\t<meta property=\"og:image:type\" content=\"image\/jpeg\" \/>\n<meta name=\"twitter:card\" content=\"summary_large_image\" \/>\n<script type=\"application\/ld+json\" class=\"yoast-schema-graph\">{\"@context\":\"https:\\\/\\\/schema.org\",\"@graph\":[{\"@type\":[\"WebPage\",\"ItemPage\"],\"@id\":\"https:\\\/\\\/www.mexicanguitarplayers.com\\\/tienda\\\/accesorios\\\/estuches-y-fundas\\\/varios-estuches-y-fundas\\\/estuche-skb-p-microfonos-3i-0907-mc6\\\/\",\"url\":\"https:\\\/\\\/www.mexicanguitarplayers.com\\\/tienda\\\/accesorios\\\/estuches-y-fundas\\\/varios-estuches-y-fundas\\\/estuche-skb-p-microfonos-3i-0907-mc6\\\/\",\"name\":\"ESTUCHE SKB P\\\/MICROFONOS 3I-0907-MC6 - Mexican Guitar Players\",\"isPartOf\":{\"@id\":\"https:\\\/\\\/www.mexicanguitarplayers.com\\\/#website\"},\"primaryImageOfPage\":{\"@id\":\"https:\\\/\\\/www.mexicanguitarplayers.com\\\/tienda\\\/accesorios\\\/estuches-y-fundas\\\/varios-estuches-y-fundas\\\/estuche-skb-p-microfonos-3i-0907-mc6\\\/#primaryimage\"},\"image\":{\"@id\":\"https:\\\/\\\/www.mexicanguitarplayers.com\\\/tienda\\\/accesorios\\\/estuches-y-fundas\\\/varios-estuches-y-fundas\\\/estuche-skb-p-microfonos-3i-0907-mc6\\\/#primaryimage\"},\"thumbnailUrl\":\"https:\\\/\\\/www.mexicanguitarplayers.com\\\/wp-content\\\/uploads\\\/2022\\\/08\\\/VASKB3I0907MC6.jpg\",\"datePublished\":\"2022-08-19T12:56:18+00:00\",\"dateModified\":\"2026-04-10T10:49:27+00:00\",\"description\":\"ESTUCHE SKB P\\\/MICROFONOS 3I-0907-MC6. Estuche para micr\u00f3fonos, resina de copol\u00edmero de polipropileno de ultra alta resistencia, resistente a los rayos ultravioleta, corrosi\u00f3n y hongos, junta sellada que lo hace completamente herm\u00e9tico, resistente a los da\u00f1os por corrosi\u00f3n y al impacto, bisagras moldeadas, manijas ergon\u00f3micas con empu\u00f1adura de goma, espuma cortada a medida para contener 6 micr\u00f3fonos, longitud interior: 24.13 cm, ancho interior: 18.73 cm, profundidad interior: 15.56 cm, longitud exterior: 27.13 cm, ancho exterior: 24.61 cm, profundidad exterior: 17.32 cm, profundidad de la tapa: 3.81 cm, profundidad de la base: 13.49 cm, peso: 1.38 kg.\",\"breadcrumb\":{\"@id\":\"https:\\\/\\\/www.mexicanguitarplayers.com\\\/tienda\\\/accesorios\\\/estuches-y-fundas\\\/varios-estuches-y-fundas\\\/estuche-skb-p-microfonos-3i-0907-mc6\\\/#breadcrumb\"},\"inLanguage\":\"en-US\",\"potentialAction\":[{\"@type\":\"ReadAction\",\"target\":[\"https:\\\/\\\/www.mexicanguitarplayers.com\\\/tienda\\\/accesorios\\\/estuches-y-fundas\\\/varios-estuches-y-fundas\\\/estuche-skb-p-microfonos-3i-0907-mc6\\\/\"]}]},{\"@type\":\"ImageObject\",\"inLanguage\":\"en-US\",\"@id\":\"https:\\\/\\\/www.mexicanguitarplayers.com\\\/tienda\\\/accesorios\\\/estuches-y-fundas\\\/varios-estuches-y-fundas\\\/estuche-skb-p-microfonos-3i-0907-mc6\\\/#primaryimage\",\"url\":\"https:\\\/\\\/www.mexicanguitarplayers.com\\\/wp-content\\\/uploads\\\/2022\\\/08\\\/VASKB3I0907MC6.jpg\",\"contentUrl\":\"https:\\\/\\\/www.mexicanguitarplayers.com\\\/wp-content\\\/uploads\\\/2022\\\/08\\\/VASKB3I0907MC6.jpg\",\"width\":1200,\"height\":1200},{\"@type\":\"BreadcrumbList\",\"@id\":\"https:\\\/\\\/www.mexicanguitarplayers.com\\\/tienda\\\/accesorios\\\/estuches-y-fundas\\\/varios-estuches-y-fundas\\\/estuche-skb-p-microfonos-3i-0907-mc6\\\/#breadcrumb\",\"itemListElement\":[{\"@type\":\"ListItem\",\"position\":1,\"name\":\"Portada\",\"item\":\"https:\\\/\\\/www.mexicanguitarplayers.com\\\/\"},{\"@type\":\"ListItem\",\"position\":2,\"name\":\"Tienda\",\"item\":\"https:\\\/\\\/www.mexicanguitarplayers.com\\\/tienda\\\/\"},{\"@type\":\"ListItem\",\"position\":3,\"name\":\"ESTUCHE SKB P\\\/MICROFONOS 3I-0907-MC6\"}]},{\"@type\":\"WebSite\",\"@id\":\"https:\\\/\\\/www.mexicanguitarplayers.com\\\/#website\",\"url\":\"https:\\\/\\\/www.mexicanguitarplayers.com\\\/\",\"name\":\"Mexican Guitar Players\",\"description\":\"Website\",\"publisher\":{\"@id\":\"https:\\\/\\\/www.mexicanguitarplayers.com\\\/#organization\"},\"potentialAction\":[{\"@type\":\"SearchAction\",\"target\":{\"@type\":\"EntryPoint\",\"urlTemplate\":\"https:\\\/\\\/www.mexicanguitarplayers.com\\\/?s={search_term_string}\"},\"query-input\":{\"@type\":\"PropertyValueSpecification\",\"valueRequired\":true,\"valueName\":\"search_term_string\"}}],\"inLanguage\":\"en-US\"},{\"@type\":\"Organization\",\"@id\":\"https:\\\/\\\/www.mexicanguitarplayers.com\\\/#organization\",\"name\":\"Mexican Guitar Players\",\"url\":\"https:\\\/\\\/www.mexicanguitarplayers.com\\\/\",\"logo\":{\"@type\":\"ImageObject\",\"inLanguage\":\"en-US\",\"@id\":\"https:\\\/\\\/www.mexicanguitarplayers.com\\\/#\\\/schema\\\/logo\\\/image\\\/\",\"url\":\"\",\"contentUrl\":\"\",\"caption\":\"Mexican Guitar Players\"},\"image\":{\"@id\":\"https:\\\/\\\/www.mexicanguitarplayers.com\\\/#\\\/schema\\\/logo\\\/image\\\/\"}}]}<\/script>\n<!-- \/ Yoast SEO plugin. -->","yoast_head_json":{"title":"ESTUCHE SKB P\/MICROFONOS 3I-0907-MC6 - Mexican Guitar Players","description":"ESTUCHE SKB P\/MICROFONOS 3I-0907-MC6. Estuche para micr\u00f3fonos, resina de copol\u00edmero de polipropileno de ultra alta resistencia, resistente a los rayos ultravioleta, corrosi\u00f3n y hongos, junta sellada que lo hace completamente herm\u00e9tico, resistente a los da\u00f1os por corrosi\u00f3n y al impacto, bisagras moldeadas, manijas ergon\u00f3micas con empu\u00f1adura de goma, espuma cortada a medida para contener 6 micr\u00f3fonos, longitud interior: 24.13 cm, ancho interior: 18.73 cm, profundidad interior: 15.56 cm, longitud exterior: 27.13 cm, ancho exterior: 24.61 cm, profundidad exterior: 17.32 cm, profundidad de la tapa: 3.81 cm, profundidad de la base: 13.49 cm, peso: 1.38 kg.","robots":{"index":"index","follow":"follow","max-snippet":"max-snippet:-1","max-image-preview":"max-image-preview:large","max-video-preview":"max-video-preview:-1"},"canonical":"https:\/\/www.mexicanguitarplayers.com\/en\/tienda\/accesorios\/estuches-y-fundas\/varios-estuches-y-fundas\/estuche-skb-p-microfonos-3i-0907-mc6\/","og_locale":"en_US","og_type":"article","og_title":"ESTUCHE SKB P\/MICROFONOS 3I-0907-MC6 - Mexican Guitar Players","og_description":"ESTUCHE SKB P\/MICROFONOS 3I-0907-MC6. Estuche para micr\u00f3fonos, resina de copol\u00edmero de polipropileno de ultra alta resistencia, resistente a los rayos ultravioleta, corrosi\u00f3n y hongos, junta sellada que lo hace completamente herm\u00e9tico, resistente a los da\u00f1os por corrosi\u00f3n y al impacto, bisagras moldeadas, manijas ergon\u00f3micas con empu\u00f1adura de goma, espuma cortada a medida para contener 6 micr\u00f3fonos, longitud interior: 24.13 cm, ancho interior: 18.73 cm, profundidad interior: 15.56 cm, longitud exterior: 27.13 cm, ancho exterior: 24.61 cm, profundidad exterior: 17.32 cm, profundidad de la tapa: 3.81 cm, profundidad de la base: 13.49 cm, peso: 1.38 kg.","og_url":"https:\/\/www.mexicanguitarplayers.com\/en\/tienda\/accesorios\/estuches-y-fundas\/varios-estuches-y-fundas\/estuche-skb-p-microfonos-3i-0907-mc6\/","og_site_name":"Mexican Guitar Players","article_modified_time":"2026-04-10T10:49:27+00:00","og_image":[{"width":1200,"height":1200,"url":"https:\/\/www.mexicanguitarplayers.com\/wp-content\/uploads\/2022\/08\/VASKB3I0907MC6.jpg","type":"image\/jpeg"}],"twitter_card":"summary_large_image","schema":{"@context":"https:\/\/schema.org","@graph":[{"@type":["WebPage","ItemPage"],"@id":"https:\/\/www.mexicanguitarplayers.com\/tienda\/accesorios\/estuches-y-fundas\/varios-estuches-y-fundas\/estuche-skb-p-microfonos-3i-0907-mc6\/","url":"https:\/\/www.mexicanguitarplayers.com\/tienda\/accesorios\/estuches-y-fundas\/varios-estuches-y-fundas\/estuche-skb-p-microfonos-3i-0907-mc6\/","name":"ESTUCHE SKB P\/MICROFONOS 3I-0907-MC6 - Mexican Guitar Players","isPartOf":{"@id":"https:\/\/www.mexicanguitarplayers.com\/#website"},"primaryImageOfPage":{"@id":"https:\/\/www.mexicanguitarplayers.com\/tienda\/accesorios\/estuches-y-fundas\/varios-estuches-y-fundas\/estuche-skb-p-microfonos-3i-0907-mc6\/#primaryimage"},"image":{"@id":"https:\/\/www.mexicanguitarplayers.com\/tienda\/accesorios\/estuches-y-fundas\/varios-estuches-y-fundas\/estuche-skb-p-microfonos-3i-0907-mc6\/#primaryimage"},"thumbnailUrl":"https:\/\/www.mexicanguitarplayers.com\/wp-content\/uploads\/2022\/08\/VASKB3I0907MC6.jpg","datePublished":"2022-08-19T12:56:18+00:00","dateModified":"2026-04-10T10:49:27+00:00","description":"ESTUCHE SKB P\/MICROFONOS 3I-0907-MC6. Estuche para micr\u00f3fonos, resina de copol\u00edmero de polipropileno de ultra alta resistencia, resistente a los rayos ultravioleta, corrosi\u00f3n y hongos, junta sellada que lo hace completamente herm\u00e9tico, resistente a los da\u00f1os por corrosi\u00f3n y al impacto, bisagras moldeadas, manijas ergon\u00f3micas con empu\u00f1adura de goma, espuma cortada a medida para contener 6 micr\u00f3fonos, longitud interior: 24.13 cm, ancho interior: 18.73 cm, profundidad interior: 15.56 cm, longitud exterior: 27.13 cm, ancho exterior: 24.61 cm, profundidad exterior: 17.32 cm, profundidad de la tapa: 3.81 cm, profundidad de la base: 13.49 cm, peso: 1.38 kg.","breadcrumb":{"@id":"https:\/\/www.mexicanguitarplayers.com\/tienda\/accesorios\/estuches-y-fundas\/varios-estuches-y-fundas\/estuche-skb-p-microfonos-3i-0907-mc6\/#breadcrumb"},"inLanguage":"en-US","potentialAction":[{"@type":"ReadAction","target":["https:\/\/www.mexicanguitarplayers.com\/tienda\/accesorios\/estuches-y-fundas\/varios-estuches-y-fundas\/estuche-skb-p-microfonos-3i-0907-mc6\/"]}]},{"@type":"ImageObject","inLanguage":"en-US","@id":"https:\/\/www.mexicanguitarplayers.com\/tienda\/accesorios\/estuches-y-fundas\/varios-estuches-y-fundas\/estuche-skb-p-microfonos-3i-0907-mc6\/#primaryimage","url":"https:\/\/www.mexicanguitarplayers.com\/wp-content\/uploads\/2022\/08\/VASKB3I0907MC6.jpg","contentUrl":"https:\/\/www.mexicanguitarplayers.com\/wp-content\/uploads\/2022\/08\/VASKB3I0907MC6.jpg","width":1200,"height":1200},{"@type":"BreadcrumbList","@id":"https:\/\/www.mexicanguitarplayers.com\/tienda\/accesorios\/estuches-y-fundas\/varios-estuches-y-fundas\/estuche-skb-p-microfonos-3i-0907-mc6\/#breadcrumb","itemListElement":[{"@type":"ListItem","position":1,"name":"Portada","item":"https:\/\/www.mexicanguitarplayers.com\/"},{"@type":"ListItem","position":2,"name":"Tienda","item":"https:\/\/www.mexicanguitarplayers.com\/tienda\/"},{"@type":"ListItem","position":3,"name":"ESTUCHE SKB P\/MICROFONOS 3I-0907-MC6"}]},{"@type":"WebSite","@id":"https:\/\/www.mexicanguitarplayers.com\/#website","url":"https:\/\/www.mexicanguitarplayers.com\/","name":"Mexican Guitar Players","description":"Website","publisher":{"@id":"https:\/\/www.mexicanguitarplayers.com\/#organization"},"potentialAction":[{"@type":"SearchAction","target":{"@type":"EntryPoint","urlTemplate":"https:\/\/www.mexicanguitarplayers.com\/?s={search_term_string}"},"query-input":{"@type":"PropertyValueSpecification","valueRequired":true,"valueName":"search_term_string"}}],"inLanguage":"en-US"},{"@type":"Organization","@id":"https:\/\/www.mexicanguitarplayers.com\/#organization","name":"Mexican Guitar Players","url":"https:\/\/www.mexicanguitarplayers.com\/","logo":{"@type":"ImageObject","inLanguage":"en-US","@id":"https:\/\/www.mexicanguitarplayers.com\/#\/schema\/logo\/image\/","url":"","contentUrl":"","caption":"Mexican Guitar Players"},"image":{"@id":"https:\/\/www.mexicanguitarplayers.com\/#\/schema\/logo\/image\/"}}]}},"brands":[{"id":609,"name":"SKB","slug":"skb"}],"_links":{"self":[{"href":"https:\/\/www.mexicanguitarplayers.com\/en\/wp-json\/wp\/v2\/product\/21718","targetHints":{"allow":["GET"]}}],"collection":[{"href":"https:\/\/www.mexicanguitarplayers.com\/en\/wp-json\/wp\/v2\/product"}],"about":[{"href":"https:\/\/www.mexicanguitarplayers.com\/en\/wp-json\/wp\/v2\/types\/product"}],"replies":[{"embeddable":true,"href":"https:\/\/www.mexicanguitarplayers.com\/en\/wp-json\/wp\/v2\/comments?post=21718"}],"wp:featuredmedia":[{"embeddable":true,"href":"https:\/\/www.mexicanguitarplayers.com\/en\/wp-json\/wp\/v2\/media\/21715"}],"wp:attachment":[{"href":"https:\/\/www.mexicanguitarplayers.com\/en\/wp-json\/wp\/v2\/media?parent=21718"}],"wp:term":[{"taxonomy":"pwb-brand","embeddable":true,"href":"https:\/\/www.mexicanguitarplayers.com\/en\/wp-json\/wp\/v2\/pwb-brand?post=21718"},{"taxonomy":"product_brand","embeddable":true,"href":"https:\/\/www.mexicanguitarplayers.com\/en\/wp-json\/wp\/v2\/product_brand?post=21718"},{"taxonomy":"product_cat","embeddable":true,"href":"https:\/\/www.mexicanguitarplayers.com\/en\/wp-json\/wp\/v2\/product_cat?post=21718"},{"taxonomy":"product_tag","embeddable":true,"href":"https:\/\/www.mexicanguitarplayers.com\/en\/wp-json\/wp\/v2\/product_tag?post=21718"}],"curies":[{"name":"wp","href":"https:\/\/api.w.org\/{rel}","templated":true}]}}