{"id":21724,"date":"2022-08-19T07:56:26","date_gmt":"2022-08-19T12:56:26","guid":{"rendered":"https:\/\/www.mexicanguitarplayers.com\/tienda\/sin%20categor\u00eda\/estuche-skb-p-equipo-div-3i-2222-12be\/"},"modified":"2026-04-10T04:49:25","modified_gmt":"2026-04-10T10:49:25","slug":"estuche-skb-p-equipo-div-3i-2222-12be","status":"publish","type":"product","link":"https:\/\/www.mexicanguitarplayers.com\/en\/tienda\/accesorios\/estuches-y-fundas\/varios-estuches-y-fundas\/estuche-skb-p-equipo-div-3i-2222-12be\/","title":{"rendered":"SKB CASE FOR TEAM DIV. 3I-2222-12BE"},"content":{"rendered":"<div style=\"text-align: justify\">\n<div>\n<h3>SKB CASE FOR TEAM DIV. 3I-2222-12BE<\/h3>\n<\/div>\n<div>Case for miscellaneous equipment, made of ultra-high-strength copolymer resin, resistant to UV rays, solvents, corrosion and fungi, full seal gasket to make it totally hermetic, automatic environmental compensation valve, resistant to corrosion and damage by impact resistant, molded hinge, patented trigger release latch system, padded rubber overmold handle, stainless steel locking loop to accept customer supplied lock, industrial strength injection molded pull handle, inline style casters skid for easy transport, accepts TSA lockouts, interior length: 22.50\u201d inches (57.15 cm), interior width: 22.25\u201d inches (56.52 cm), interior depth: 12.25\u201d inches (31.12 cm), exterior length: 25\u201d inches (63.50 cm), outside width: 24.75\u201d inches (62.87 cm), outside depth: 14.13\u201d inches (35.88 cm), lid depth: 1.88\u201d inches (4.76 cm), depth base d: 10.38\u201d inches (26.35 cm), weight: 9.89 kg.<\/div>\n<\/div>","protected":false},"excerpt":{"rendered":"<p>Miscellaneous Equipment Case, Constructed of Ultra-High Strength Copolymer Resin, UV, Solvent, Corrosion and Fungus Resistant, Full Seal Gasket for Totally Watertight, Environmental Automatic Compensation Valve, Corrosion and Water Damage Resistant impact resistant, molded hinge, patented trigger release locking system, over-molded padded rubber grip, stainless steel locking loop to accept customer supplied lock, industrial strength injection molded pull handle, inline style casters skid for easy transport, accepts TSA lockouts, interior length: 22.50&quot; inches (57.15 cm), interior width: 22.25&quot; inches (56.52 cm), interior depth: 12.25&quot; inches (31.12 cm), exterior length: 25&quot; inches (63.50 cm), Outside Width: 24.75\u201d inches (62.87 cm), Outside Depth: 14.13\u201d inches (35.88 cm), Lid Depth: 1.88\u201d inches (4.76 cm), Deep d of base: 10.38\u201d inches (26.35 cm), weight: 9.89 kg.\u2026 <a class=\"kt-excerpt-readmore more-link\" href=\"https:\/\/www.mexicanguitarplayers.com\/en\/tienda\/accesorios\/estuches-y-fundas\/varios-estuches-y-fundas\/estuche-skb-p-equipo-div-3i-2222-12be\/\">Read more<\/a><\/p>","protected":false},"featured_media":21723,"comment_status":"open","ping_status":"closed","template":"","meta":{"kt_blocks_editor_width":""},"pwb-brand":[609],"product_brand":[],"product_cat":[85,517,568],"product_tag":[],"class_list":{"0":"post-21724","1":"product","2":"type-product","3":"status-publish","4":"has-post-thumbnail","6":"pwb-brand-skb","7":"product_cat-accesorios","8":"product_cat-estuches-y-fundas","9":"product_cat-varios-estuches-y-fundas","10":"product_shipping_class-25-30-kg","12":"first","13":"outofstock","14":"taxable","15":"shipping-taxable","16":"purchasable","17":"product-type-simple"},"yoast_head":"<!-- This site is optimized with the Yoast SEO plugin v27.5 - https:\/\/yoast.com\/product\/yoast-seo-wordpress\/ -->\n<title>ESTUCHE SKB P\/EQUIPO DIV. 3I-2222-12BE - Mexican Guitar Players<\/title>\n<meta name=\"description\" content=\"ESTUCHE SKB P\/EQUIPO DIV. 3I-2222-12BE. Estuche para equipo diverso, fabricado con resina de copol\u00edmero de ultra alta resistencia, resistente a los rayos UV, solventes, corrosi\u00f3n y hongos, junta de sello completo para hacerlo totalmente herm\u00e9tico, v\u00e1lvula de compensaci\u00f3n autom\u00e1tica ambiental, resistente a la corrosi\u00f3n y al da\u00f1o por los impactos, bisagra moldeada, sistema patentado de cierre \u201dtrigger release\u201d, mango de goma acolchado sobremoldeado., lazo de bloqueo de acero inoxidable para aceptar bloqueo suministrado por el cliente, manija de tracci\u00f3n moldeada por inyecci\u00f3n de resistencia industrial, ruedas en l\u00ednea estilo pat\u00edn para facilitar el transporte, acepta cerraduras de bloqueo TSA, longitud interior: 22.50\u201d pulgadas (57.15 cm), ancho interior: 22.25\u201d pulgadas (56.52 cm), profundidad interior: 12.25\u201d pulgadas (31.12 cm), longitud exterior: 25\u201d pulgadas (63.50 cm), ancho exterior: 24.75\u201d pulgadas (62.87 cm), profundidad exterior: 14.13\u201d pulgadas (35.88 cm), profundidad de la tapa: 1.88\u201d pulgadas (4.76 cm), profundidad de la base: 10.38\u201d pulgadas (26.35 cm), peso: 9.89 kg.\" \/>\n<meta name=\"robots\" content=\"index, follow, max-snippet:-1, max-image-preview:large, max-video-preview:-1\" \/>\n<link rel=\"canonical\" href=\"https:\/\/www.mexicanguitarplayers.com\/en\/tienda\/accesorios\/estuches-y-fundas\/varios-estuches-y-fundas\/estuche-skb-p-equipo-div-3i-2222-12be\/\" \/>\n<meta property=\"og:locale\" content=\"en_US\" \/>\n<meta property=\"og:type\" content=\"article\" \/>\n<meta property=\"og:title\" content=\"ESTUCHE SKB P\/EQUIPO DIV. 3I-2222-12BE - Mexican Guitar Players\" \/>\n<meta property=\"og:description\" content=\"ESTUCHE SKB P\/EQUIPO DIV. 3I-2222-12BE. Estuche para equipo diverso, fabricado con resina de copol\u00edmero de ultra alta resistencia, resistente a los rayos UV, solventes, corrosi\u00f3n y hongos, junta de sello completo para hacerlo totalmente herm\u00e9tico, v\u00e1lvula de compensaci\u00f3n autom\u00e1tica ambiental, resistente a la corrosi\u00f3n y al da\u00f1o por los impactos, bisagra moldeada, sistema patentado de cierre \u201dtrigger release\u201d, mango de goma acolchado sobremoldeado., lazo de bloqueo de acero inoxidable para aceptar bloqueo suministrado por el cliente, manija de tracci\u00f3n moldeada por inyecci\u00f3n de resistencia industrial, ruedas en l\u00ednea estilo pat\u00edn para facilitar el transporte, acepta cerraduras de bloqueo TSA, longitud interior: 22.50\u201d pulgadas (57.15 cm), ancho interior: 22.25\u201d pulgadas (56.52 cm), profundidad interior: 12.25\u201d pulgadas (31.12 cm), longitud exterior: 25\u201d pulgadas (63.50 cm), ancho exterior: 24.75\u201d pulgadas (62.87 cm), profundidad exterior: 14.13\u201d pulgadas (35.88 cm), profundidad de la tapa: 1.88\u201d pulgadas (4.76 cm), profundidad de la base: 10.38\u201d pulgadas (26.35 cm), peso: 9.89 kg.\" \/>\n<meta property=\"og:url\" content=\"https:\/\/www.mexicanguitarplayers.com\/en\/tienda\/accesorios\/estuches-y-fundas\/varios-estuches-y-fundas\/estuche-skb-p-equipo-div-3i-2222-12be\/\" \/>\n<meta property=\"og:site_name\" content=\"Mexican Guitar Players\" \/>\n<meta property=\"article:modified_time\" content=\"2026-04-10T10:49:25+00:00\" \/>\n<meta property=\"og:image\" content=\"https:\/\/www.mexicanguitarplayers.com\/wp-content\/uploads\/2022\/08\/VASKB3I222212E.jpg\" \/>\n\t<meta property=\"og:image:width\" content=\"1200\" \/>\n\t<meta property=\"og:image:height\" content=\"1200\" \/>\n\t<meta property=\"og:image:type\" content=\"image\/jpeg\" \/>\n<meta name=\"twitter:card\" content=\"summary_large_image\" \/>\n<meta name=\"twitter:label1\" content=\"Est. reading time\" \/>\n\t<meta name=\"twitter:data1\" content=\"1 minute\" \/>\n<script type=\"application\/ld+json\" class=\"yoast-schema-graph\">{\"@context\":\"https:\\\/\\\/schema.org\",\"@graph\":[{\"@type\":[\"WebPage\",\"ItemPage\"],\"@id\":\"https:\\\/\\\/www.mexicanguitarplayers.com\\\/tienda\\\/accesorios\\\/estuches-y-fundas\\\/varios-estuches-y-fundas\\\/estuche-skb-p-equipo-div-3i-2222-12be\\\/\",\"url\":\"https:\\\/\\\/www.mexicanguitarplayers.com\\\/tienda\\\/accesorios\\\/estuches-y-fundas\\\/varios-estuches-y-fundas\\\/estuche-skb-p-equipo-div-3i-2222-12be\\\/\",\"name\":\"ESTUCHE SKB P\\\/EQUIPO DIV. 3I-2222-12BE - Mexican Guitar Players\",\"isPartOf\":{\"@id\":\"https:\\\/\\\/www.mexicanguitarplayers.com\\\/#website\"},\"primaryImageOfPage\":{\"@id\":\"https:\\\/\\\/www.mexicanguitarplayers.com\\\/tienda\\\/accesorios\\\/estuches-y-fundas\\\/varios-estuches-y-fundas\\\/estuche-skb-p-equipo-div-3i-2222-12be\\\/#primaryimage\"},\"image\":{\"@id\":\"https:\\\/\\\/www.mexicanguitarplayers.com\\\/tienda\\\/accesorios\\\/estuches-y-fundas\\\/varios-estuches-y-fundas\\\/estuche-skb-p-equipo-div-3i-2222-12be\\\/#primaryimage\"},\"thumbnailUrl\":\"https:\\\/\\\/www.mexicanguitarplayers.com\\\/wp-content\\\/uploads\\\/2022\\\/08\\\/VASKB3I222212E.jpg\",\"datePublished\":\"2022-08-19T12:56:26+00:00\",\"dateModified\":\"2026-04-10T10:49:25+00:00\",\"description\":\"ESTUCHE SKB P\\\/EQUIPO DIV. 3I-2222-12BE. Estuche para equipo diverso, fabricado con resina de copol\u00edmero de ultra alta resistencia, resistente a los rayos UV, solventes, corrosi\u00f3n y hongos, junta de sello completo para hacerlo totalmente herm\u00e9tico, v\u00e1lvula de compensaci\u00f3n autom\u00e1tica ambiental, resistente a la corrosi\u00f3n y al da\u00f1o por los impactos, bisagra moldeada, sistema patentado de cierre \u201dtrigger release\u201d, mango de goma acolchado sobremoldeado., lazo de bloqueo de acero inoxidable para aceptar bloqueo suministrado por el cliente, manija de tracci\u00f3n moldeada por inyecci\u00f3n de resistencia industrial, ruedas en l\u00ednea estilo pat\u00edn para facilitar el transporte, acepta cerraduras de bloqueo TSA, longitud interior: 22.50\u201d pulgadas (57.15 cm), ancho interior: 22.25\u201d pulgadas (56.52 cm), profundidad interior: 12.25\u201d pulgadas (31.12 cm), longitud exterior: 25\u201d pulgadas (63.50 cm), ancho exterior: 24.75\u201d pulgadas (62.87 cm), profundidad exterior: 14.13\u201d pulgadas (35.88 cm), profundidad de la tapa: 1.88\u201d pulgadas (4.76 cm), profundidad de la base: 10.38\u201d pulgadas (26.35 cm), peso: 9.89 kg.\",\"breadcrumb\":{\"@id\":\"https:\\\/\\\/www.mexicanguitarplayers.com\\\/tienda\\\/accesorios\\\/estuches-y-fundas\\\/varios-estuches-y-fundas\\\/estuche-skb-p-equipo-div-3i-2222-12be\\\/#breadcrumb\"},\"inLanguage\":\"en-US\",\"potentialAction\":[{\"@type\":\"ReadAction\",\"target\":[\"https:\\\/\\\/www.mexicanguitarplayers.com\\\/tienda\\\/accesorios\\\/estuches-y-fundas\\\/varios-estuches-y-fundas\\\/estuche-skb-p-equipo-div-3i-2222-12be\\\/\"]}]},{\"@type\":\"ImageObject\",\"inLanguage\":\"en-US\",\"@id\":\"https:\\\/\\\/www.mexicanguitarplayers.com\\\/tienda\\\/accesorios\\\/estuches-y-fundas\\\/varios-estuches-y-fundas\\\/estuche-skb-p-equipo-div-3i-2222-12be\\\/#primaryimage\",\"url\":\"https:\\\/\\\/www.mexicanguitarplayers.com\\\/wp-content\\\/uploads\\\/2022\\\/08\\\/VASKB3I222212E.jpg\",\"contentUrl\":\"https:\\\/\\\/www.mexicanguitarplayers.com\\\/wp-content\\\/uploads\\\/2022\\\/08\\\/VASKB3I222212E.jpg\",\"width\":1200,\"height\":1200},{\"@type\":\"BreadcrumbList\",\"@id\":\"https:\\\/\\\/www.mexicanguitarplayers.com\\\/tienda\\\/accesorios\\\/estuches-y-fundas\\\/varios-estuches-y-fundas\\\/estuche-skb-p-equipo-div-3i-2222-12be\\\/#breadcrumb\",\"itemListElement\":[{\"@type\":\"ListItem\",\"position\":1,\"name\":\"Portada\",\"item\":\"https:\\\/\\\/www.mexicanguitarplayers.com\\\/\"},{\"@type\":\"ListItem\",\"position\":2,\"name\":\"Tienda\",\"item\":\"https:\\\/\\\/www.mexicanguitarplayers.com\\\/tienda\\\/\"},{\"@type\":\"ListItem\",\"position\":3,\"name\":\"ESTUCHE SKB P\\\/EQUIPO DIV. 3I-2222-12BE\"}]},{\"@type\":\"WebSite\",\"@id\":\"https:\\\/\\\/www.mexicanguitarplayers.com\\\/#website\",\"url\":\"https:\\\/\\\/www.mexicanguitarplayers.com\\\/\",\"name\":\"Mexican Guitar Players\",\"description\":\"Website\",\"publisher\":{\"@id\":\"https:\\\/\\\/www.mexicanguitarplayers.com\\\/#organization\"},\"potentialAction\":[{\"@type\":\"SearchAction\",\"target\":{\"@type\":\"EntryPoint\",\"urlTemplate\":\"https:\\\/\\\/www.mexicanguitarplayers.com\\\/?s={search_term_string}\"},\"query-input\":{\"@type\":\"PropertyValueSpecification\",\"valueRequired\":true,\"valueName\":\"search_term_string\"}}],\"inLanguage\":\"en-US\"},{\"@type\":\"Organization\",\"@id\":\"https:\\\/\\\/www.mexicanguitarplayers.com\\\/#organization\",\"name\":\"Mexican Guitar Players\",\"url\":\"https:\\\/\\\/www.mexicanguitarplayers.com\\\/\",\"logo\":{\"@type\":\"ImageObject\",\"inLanguage\":\"en-US\",\"@id\":\"https:\\\/\\\/www.mexicanguitarplayers.com\\\/#\\\/schema\\\/logo\\\/image\\\/\",\"url\":\"\",\"contentUrl\":\"\",\"caption\":\"Mexican Guitar Players\"},\"image\":{\"@id\":\"https:\\\/\\\/www.mexicanguitarplayers.com\\\/#\\\/schema\\\/logo\\\/image\\\/\"}}]}<\/script>\n<!-- \/ Yoast SEO plugin. -->","yoast_head_json":{"title":"ESTUCHE SKB P\/EQUIPO DIV. 3I-2222-12BE - Mexican Guitar Players","description":"ESTUCHE SKB P\/EQUIPO DIV. 3I-2222-12BE. Estuche para equipo diverso, fabricado con resina de copol\u00edmero de ultra alta resistencia, resistente a los rayos UV, solventes, corrosi\u00f3n y hongos, junta de sello completo para hacerlo totalmente herm\u00e9tico, v\u00e1lvula de compensaci\u00f3n autom\u00e1tica ambiental, resistente a la corrosi\u00f3n y al da\u00f1o por los impactos, bisagra moldeada, sistema patentado de cierre \u201dtrigger release\u201d, mango de goma acolchado sobremoldeado., lazo de bloqueo de acero inoxidable para aceptar bloqueo suministrado por el cliente, manija de tracci\u00f3n moldeada por inyecci\u00f3n de resistencia industrial, ruedas en l\u00ednea estilo pat\u00edn para facilitar el transporte, acepta cerraduras de bloqueo TSA, longitud interior: 22.50\u201d pulgadas (57.15 cm), ancho interior: 22.25\u201d pulgadas (56.52 cm), profundidad interior: 12.25\u201d pulgadas (31.12 cm), longitud exterior: 25\u201d pulgadas (63.50 cm), ancho exterior: 24.75\u201d pulgadas (62.87 cm), profundidad exterior: 14.13\u201d pulgadas (35.88 cm), profundidad de la tapa: 1.88\u201d pulgadas (4.76 cm), profundidad de la base: 10.38\u201d pulgadas (26.35 cm), peso: 9.89 kg.","robots":{"index":"index","follow":"follow","max-snippet":"max-snippet:-1","max-image-preview":"max-image-preview:large","max-video-preview":"max-video-preview:-1"},"canonical":"https:\/\/www.mexicanguitarplayers.com\/en\/tienda\/accesorios\/estuches-y-fundas\/varios-estuches-y-fundas\/estuche-skb-p-equipo-div-3i-2222-12be\/","og_locale":"en_US","og_type":"article","og_title":"ESTUCHE SKB P\/EQUIPO DIV. 3I-2222-12BE - Mexican Guitar Players","og_description":"ESTUCHE SKB P\/EQUIPO DIV. 3I-2222-12BE. Estuche para equipo diverso, fabricado con resina de copol\u00edmero de ultra alta resistencia, resistente a los rayos UV, solventes, corrosi\u00f3n y hongos, junta de sello completo para hacerlo totalmente herm\u00e9tico, v\u00e1lvula de compensaci\u00f3n autom\u00e1tica ambiental, resistente a la corrosi\u00f3n y al da\u00f1o por los impactos, bisagra moldeada, sistema patentado de cierre \u201dtrigger release\u201d, mango de goma acolchado sobremoldeado., lazo de bloqueo de acero inoxidable para aceptar bloqueo suministrado por el cliente, manija de tracci\u00f3n moldeada por inyecci\u00f3n de resistencia industrial, ruedas en l\u00ednea estilo pat\u00edn para facilitar el transporte, acepta cerraduras de bloqueo TSA, longitud interior: 22.50\u201d pulgadas (57.15 cm), ancho interior: 22.25\u201d pulgadas (56.52 cm), profundidad interior: 12.25\u201d pulgadas (31.12 cm), longitud exterior: 25\u201d pulgadas (63.50 cm), ancho exterior: 24.75\u201d pulgadas (62.87 cm), profundidad exterior: 14.13\u201d pulgadas (35.88 cm), profundidad de la tapa: 1.88\u201d pulgadas (4.76 cm), profundidad de la base: 10.38\u201d pulgadas (26.35 cm), peso: 9.89 kg.","og_url":"https:\/\/www.mexicanguitarplayers.com\/en\/tienda\/accesorios\/estuches-y-fundas\/varios-estuches-y-fundas\/estuche-skb-p-equipo-div-3i-2222-12be\/","og_site_name":"Mexican Guitar Players","article_modified_time":"2026-04-10T10:49:25+00:00","og_image":[{"width":1200,"height":1200,"url":"https:\/\/www.mexicanguitarplayers.com\/wp-content\/uploads\/2022\/08\/VASKB3I222212E.jpg","type":"image\/jpeg"}],"twitter_card":"summary_large_image","twitter_misc":{"Est. reading time":"1 minute"},"schema":{"@context":"https:\/\/schema.org","@graph":[{"@type":["WebPage","ItemPage"],"@id":"https:\/\/www.mexicanguitarplayers.com\/tienda\/accesorios\/estuches-y-fundas\/varios-estuches-y-fundas\/estuche-skb-p-equipo-div-3i-2222-12be\/","url":"https:\/\/www.mexicanguitarplayers.com\/tienda\/accesorios\/estuches-y-fundas\/varios-estuches-y-fundas\/estuche-skb-p-equipo-div-3i-2222-12be\/","name":"ESTUCHE SKB P\/EQUIPO DIV. 3I-2222-12BE - Mexican Guitar Players","isPartOf":{"@id":"https:\/\/www.mexicanguitarplayers.com\/#website"},"primaryImageOfPage":{"@id":"https:\/\/www.mexicanguitarplayers.com\/tienda\/accesorios\/estuches-y-fundas\/varios-estuches-y-fundas\/estuche-skb-p-equipo-div-3i-2222-12be\/#primaryimage"},"image":{"@id":"https:\/\/www.mexicanguitarplayers.com\/tienda\/accesorios\/estuches-y-fundas\/varios-estuches-y-fundas\/estuche-skb-p-equipo-div-3i-2222-12be\/#primaryimage"},"thumbnailUrl":"https:\/\/www.mexicanguitarplayers.com\/wp-content\/uploads\/2022\/08\/VASKB3I222212E.jpg","datePublished":"2022-08-19T12:56:26+00:00","dateModified":"2026-04-10T10:49:25+00:00","description":"ESTUCHE SKB P\/EQUIPO DIV. 3I-2222-12BE. Estuche para equipo diverso, fabricado con resina de copol\u00edmero de ultra alta resistencia, resistente a los rayos UV, solventes, corrosi\u00f3n y hongos, junta de sello completo para hacerlo totalmente herm\u00e9tico, v\u00e1lvula de compensaci\u00f3n autom\u00e1tica ambiental, resistente a la corrosi\u00f3n y al da\u00f1o por los impactos, bisagra moldeada, sistema patentado de cierre \u201dtrigger release\u201d, mango de goma acolchado sobremoldeado., lazo de bloqueo de acero inoxidable para aceptar bloqueo suministrado por el cliente, manija de tracci\u00f3n moldeada por inyecci\u00f3n de resistencia industrial, ruedas en l\u00ednea estilo pat\u00edn para facilitar el transporte, acepta cerraduras de bloqueo TSA, longitud interior: 22.50\u201d pulgadas (57.15 cm), ancho interior: 22.25\u201d pulgadas (56.52 cm), profundidad interior: 12.25\u201d pulgadas (31.12 cm), longitud exterior: 25\u201d pulgadas (63.50 cm), ancho exterior: 24.75\u201d pulgadas (62.87 cm), profundidad exterior: 14.13\u201d pulgadas (35.88 cm), profundidad de la tapa: 1.88\u201d pulgadas (4.76 cm), profundidad de la base: 10.38\u201d pulgadas (26.35 cm), peso: 9.89 kg.","breadcrumb":{"@id":"https:\/\/www.mexicanguitarplayers.com\/tienda\/accesorios\/estuches-y-fundas\/varios-estuches-y-fundas\/estuche-skb-p-equipo-div-3i-2222-12be\/#breadcrumb"},"inLanguage":"en-US","potentialAction":[{"@type":"ReadAction","target":["https:\/\/www.mexicanguitarplayers.com\/tienda\/accesorios\/estuches-y-fundas\/varios-estuches-y-fundas\/estuche-skb-p-equipo-div-3i-2222-12be\/"]}]},{"@type":"ImageObject","inLanguage":"en-US","@id":"https:\/\/www.mexicanguitarplayers.com\/tienda\/accesorios\/estuches-y-fundas\/varios-estuches-y-fundas\/estuche-skb-p-equipo-div-3i-2222-12be\/#primaryimage","url":"https:\/\/www.mexicanguitarplayers.com\/wp-content\/uploads\/2022\/08\/VASKB3I222212E.jpg","contentUrl":"https:\/\/www.mexicanguitarplayers.com\/wp-content\/uploads\/2022\/08\/VASKB3I222212E.jpg","width":1200,"height":1200},{"@type":"BreadcrumbList","@id":"https:\/\/www.mexicanguitarplayers.com\/tienda\/accesorios\/estuches-y-fundas\/varios-estuches-y-fundas\/estuche-skb-p-equipo-div-3i-2222-12be\/#breadcrumb","itemListElement":[{"@type":"ListItem","position":1,"name":"Portada","item":"https:\/\/www.mexicanguitarplayers.com\/"},{"@type":"ListItem","position":2,"name":"Tienda","item":"https:\/\/www.mexicanguitarplayers.com\/tienda\/"},{"@type":"ListItem","position":3,"name":"ESTUCHE SKB P\/EQUIPO DIV. 3I-2222-12BE"}]},{"@type":"WebSite","@id":"https:\/\/www.mexicanguitarplayers.com\/#website","url":"https:\/\/www.mexicanguitarplayers.com\/","name":"Mexican Guitar Players","description":"Website","publisher":{"@id":"https:\/\/www.mexicanguitarplayers.com\/#organization"},"potentialAction":[{"@type":"SearchAction","target":{"@type":"EntryPoint","urlTemplate":"https:\/\/www.mexicanguitarplayers.com\/?s={search_term_string}"},"query-input":{"@type":"PropertyValueSpecification","valueRequired":true,"valueName":"search_term_string"}}],"inLanguage":"en-US"},{"@type":"Organization","@id":"https:\/\/www.mexicanguitarplayers.com\/#organization","name":"Mexican Guitar Players","url":"https:\/\/www.mexicanguitarplayers.com\/","logo":{"@type":"ImageObject","inLanguage":"en-US","@id":"https:\/\/www.mexicanguitarplayers.com\/#\/schema\/logo\/image\/","url":"","contentUrl":"","caption":"Mexican Guitar Players"},"image":{"@id":"https:\/\/www.mexicanguitarplayers.com\/#\/schema\/logo\/image\/"}}]}},"brands":[{"id":609,"name":"SKB","slug":"skb"}],"_links":{"self":[{"href":"https:\/\/www.mexicanguitarplayers.com\/en\/wp-json\/wp\/v2\/product\/21724","targetHints":{"allow":["GET"]}}],"collection":[{"href":"https:\/\/www.mexicanguitarplayers.com\/en\/wp-json\/wp\/v2\/product"}],"about":[{"href":"https:\/\/www.mexicanguitarplayers.com\/en\/wp-json\/wp\/v2\/types\/product"}],"replies":[{"embeddable":true,"href":"https:\/\/www.mexicanguitarplayers.com\/en\/wp-json\/wp\/v2\/comments?post=21724"}],"wp:featuredmedia":[{"embeddable":true,"href":"https:\/\/www.mexicanguitarplayers.com\/en\/wp-json\/wp\/v2\/media\/21723"}],"wp:attachment":[{"href":"https:\/\/www.mexicanguitarplayers.com\/en\/wp-json\/wp\/v2\/media?parent=21724"}],"wp:term":[{"taxonomy":"pwb-brand","embeddable":true,"href":"https:\/\/www.mexicanguitarplayers.com\/en\/wp-json\/wp\/v2\/pwb-brand?post=21724"},{"taxonomy":"product_brand","embeddable":true,"href":"https:\/\/www.mexicanguitarplayers.com\/en\/wp-json\/wp\/v2\/product_brand?post=21724"},{"taxonomy":"product_cat","embeddable":true,"href":"https:\/\/www.mexicanguitarplayers.com\/en\/wp-json\/wp\/v2\/product_cat?post=21724"},{"taxonomy":"product_tag","embeddable":true,"href":"https:\/\/www.mexicanguitarplayers.com\/en\/wp-json\/wp\/v2\/product_tag?post=21724"}],"curies":[{"name":"wp","href":"https:\/\/api.w.org\/{rel}","templated":true}]}}