{"id":21730,"date":"2022-08-19T07:56:36","date_gmt":"2022-08-19T12:56:36","guid":{"rendered":"https:\/\/www.mexicanguitarplayers.com\/tienda\/sin%20categor\u00eda\/estuche-skb-p-equipo-div-3i-4414-10be\/"},"modified":"2026-04-10T04:49:25","modified_gmt":"2026-04-10T10:49:25","slug":"estuche-skb-p-equipo-div-3i-4414-10be","status":"publish","type":"product","link":"https:\/\/www.mexicanguitarplayers.com\/en\/tienda\/accesorios\/estuches-y-fundas\/varios-estuches-y-fundas\/estuche-skb-p-equipo-div-3i-4414-10be\/","title":{"rendered":"SKB CASE FOR TEAM DIV. 3I-4414-10BE"},"content":{"rendered":"<div style=\"text-align: justify\">\n<div>\n<h3>SKB CASE FOR TEAM DIV. 3I-4414-10BE<\/h3>\n<\/div>\n<div>Miscellaneous gear pouch, tow handle, in-line skate wheels for easy portability, convenient push-button release handle, TSA-accepted key lock latches are available, water and dust resistant design, molded hinge for added protection, trigger release latch system, accommodates 5\/16\u201d shackle padlocks, pressure molded rubber over padded grip handle, ambient pressure compensation valve, resistant to UV rays, solvents, corrosion, fungus and impact damage, cap depth: 2\u201d inches (5.08 cm), base depth: 8\u201d inches (20.32 cm), inside length: 44.5\u201d inches (113.03 cm), inside width: 14.5\u201d inches (36.83 cm), inside depth: 10\u201d inches (25.40 cm), outside length: 47\u201d inches (119.38 cm), outside width: 17\u201d inches (43.18 cm), outside depth: 10.84\u201d inches (27.53 cm), weight: 10.38kg.<\/div>\n<\/div>","protected":false},"excerpt":{"rendered":"<p>Estuche para equipo diverso, asa de remolque, ruedas estilo skate en l\u00ednea para facilitar en transporte, c\u00f3modo tirador de liberaci\u00f3n con bot\u00f3n pulsador, los pestillos de bloqueo con llave aceptados por la TSA est\u00e1n disponibles, dise\u00f1o resistente al agua y al polvo, bisagra moldeada para mayor protecci\u00f3n, sistema de pestillo de liberaci\u00f3n de gatillo, tienen capacidad para candados con grillete de 5\/16\u201d, mango de agarre acolchado de goma sobre moldeado a presi\u00f3n, v\u00e1lvula de compensaci\u00f3n de presi\u00f3n ambiental, resistente a los rayos UV, solventes, corrosi\u00f3n, hongos y da\u00f1os por impacto, profundidad de la tapa: 2\u201d pulgadas (5.08 cm), profundidad de la base: 8\u201d pulgadas (20.32 cm), longitud interior: 44.5\u201d pulgadas (113.03 cm), ancho interior: 14.5\u201d pulgadas (36.83 cm), profundidad interior: 10\u201d pulgadas (25.40 cm), longitud exterior: 47\u201d pulgadas (119.38 cm), ancho exterior: 17\u201d pulgadas (43.18 cm), profundidad exterior: 10.84\u201d pulgadas (27.53 cm), peso: 10.38 kg.&hellip; <a class=\"kt-excerpt-readmore more-link\" href=\"https:\/\/www.mexicanguitarplayers.com\/en\/tienda\/accesorios\/estuches-y-fundas\/varios-estuches-y-fundas\/estuche-skb-p-equipo-div-3i-4414-10be\/\">Read more<\/a><\/p>","protected":false},"featured_media":21725,"comment_status":"open","ping_status":"closed","template":"","meta":{"kt_blocks_editor_width":""},"pwb-brand":[609],"product_brand":[],"product_cat":[85,517,568],"product_tag":[],"class_list":{"0":"post-21730","1":"product","2":"type-product","3":"status-publish","4":"has-post-thumbnail","6":"pwb-brand-skb","7":"product_cat-accesorios","8":"product_cat-estuches-y-fundas","9":"product_cat-varios-estuches-y-fundas","10":"product_shipping_class-25-30-kg","12":"first","13":"outofstock","14":"taxable","15":"shipping-taxable","16":"purchasable","17":"product-type-simple"},"yoast_head":"<!-- This site is optimized with the Yoast SEO plugin v27.5 - https:\/\/yoast.com\/product\/yoast-seo-wordpress\/ -->\n<title>ESTUCHE SKB P\/EQUIPO DIV. 3I-4414-10BE - Mexican Guitar Players<\/title>\n<meta name=\"description\" content=\"ESTUCHE SKB P\/EQUIPO DIV. 3I-4414-10BE. Estuche para equipo diverso, asa de remolque, ruedas estilo skate en l\u00ednea para facilitar en transporte, c\u00f3modo tirador de liberaci\u00f3n con bot\u00f3n pulsador, los pestillos de bloqueo con llave aceptados por la TSA est\u00e1n disponibles, dise\u00f1o resistente al agua y al polvo, bisagra moldeada para mayor protecci\u00f3n, sistema de pestillo de liberaci\u00f3n de gatillo, tienen capacidad para candados con grillete de 5\/16\u201d, mango de agarre acolchado de goma sobre moldeado a presi\u00f3n, v\u00e1lvula de compensaci\u00f3n de presi\u00f3n ambiental, resistente a los rayos UV, solventes, corrosi\u00f3n, hongos y da\u00f1os por impacto, profundidad de la tapa: 2\u201d pulgadas (5.08 cm), profundidad de la base: 8\u201d pulgadas (20.32 cm), longitud interior: 44.5\u201d pulgadas (113.03 cm), ancho interior: 14.5\u201d pulgadas (36.83 cm), profundidad interior: 10\u201d pulgadas (25.40 cm), longitud exterior: 47\u201d pulgadas (119.38 cm), ancho exterior: 17\u201d pulgadas (43.18 cm), profundidad exterior: 10.84\u201d pulgadas (27.53 cm), peso: 10.38 kg.\" \/>\n<meta name=\"robots\" content=\"index, follow, max-snippet:-1, max-image-preview:large, max-video-preview:-1\" \/>\n<link rel=\"canonical\" href=\"https:\/\/www.mexicanguitarplayers.com\/en\/tienda\/accesorios\/estuches-y-fundas\/varios-estuches-y-fundas\/estuche-skb-p-equipo-div-3i-4414-10be\/\" \/>\n<meta property=\"og:locale\" content=\"en_US\" \/>\n<meta property=\"og:type\" content=\"article\" \/>\n<meta property=\"og:title\" content=\"ESTUCHE SKB P\/EQUIPO DIV. 3I-4414-10BE - Mexican Guitar Players\" \/>\n<meta property=\"og:description\" content=\"ESTUCHE SKB P\/EQUIPO DIV. 3I-4414-10BE. Estuche para equipo diverso, asa de remolque, ruedas estilo skate en l\u00ednea para facilitar en transporte, c\u00f3modo tirador de liberaci\u00f3n con bot\u00f3n pulsador, los pestillos de bloqueo con llave aceptados por la TSA est\u00e1n disponibles, dise\u00f1o resistente al agua y al polvo, bisagra moldeada para mayor protecci\u00f3n, sistema de pestillo de liberaci\u00f3n de gatillo, tienen capacidad para candados con grillete de 5\/16\u201d, mango de agarre acolchado de goma sobre moldeado a presi\u00f3n, v\u00e1lvula de compensaci\u00f3n de presi\u00f3n ambiental, resistente a los rayos UV, solventes, corrosi\u00f3n, hongos y da\u00f1os por impacto, profundidad de la tapa: 2\u201d pulgadas (5.08 cm), profundidad de la base: 8\u201d pulgadas (20.32 cm), longitud interior: 44.5\u201d pulgadas (113.03 cm), ancho interior: 14.5\u201d pulgadas (36.83 cm), profundidad interior: 10\u201d pulgadas (25.40 cm), longitud exterior: 47\u201d pulgadas (119.38 cm), ancho exterior: 17\u201d pulgadas (43.18 cm), profundidad exterior: 10.84\u201d pulgadas (27.53 cm), peso: 10.38 kg.\" \/>\n<meta property=\"og:url\" content=\"https:\/\/www.mexicanguitarplayers.com\/en\/tienda\/accesorios\/estuches-y-fundas\/varios-estuches-y-fundas\/estuche-skb-p-equipo-div-3i-4414-10be\/\" \/>\n<meta property=\"og:site_name\" content=\"Mexican Guitar Players\" \/>\n<meta property=\"article:modified_time\" content=\"2026-04-10T10:49:25+00:00\" \/>\n<meta property=\"og:image\" content=\"https:\/\/www.mexicanguitarplayers.com\/wp-content\/uploads\/2022\/08\/VASKB3I41410BE.jpg\" \/>\n\t<meta property=\"og:image:width\" content=\"1200\" \/>\n\t<meta property=\"og:image:height\" content=\"1200\" \/>\n\t<meta property=\"og:image:type\" content=\"image\/jpeg\" \/>\n<meta name=\"twitter:card\" content=\"summary_large_image\" \/>\n<meta name=\"twitter:label1\" content=\"Est. reading time\" \/>\n\t<meta name=\"twitter:data1\" content=\"1 minute\" \/>\n<script type=\"application\/ld+json\" class=\"yoast-schema-graph\">{\"@context\":\"https:\\\/\\\/schema.org\",\"@graph\":[{\"@type\":[\"WebPage\",\"ItemPage\"],\"@id\":\"https:\\\/\\\/www.mexicanguitarplayers.com\\\/tienda\\\/accesorios\\\/estuches-y-fundas\\\/varios-estuches-y-fundas\\\/estuche-skb-p-equipo-div-3i-4414-10be\\\/\",\"url\":\"https:\\\/\\\/www.mexicanguitarplayers.com\\\/tienda\\\/accesorios\\\/estuches-y-fundas\\\/varios-estuches-y-fundas\\\/estuche-skb-p-equipo-div-3i-4414-10be\\\/\",\"name\":\"ESTUCHE SKB P\\\/EQUIPO DIV. 3I-4414-10BE - Mexican Guitar Players\",\"isPartOf\":{\"@id\":\"https:\\\/\\\/www.mexicanguitarplayers.com\\\/#website\"},\"primaryImageOfPage\":{\"@id\":\"https:\\\/\\\/www.mexicanguitarplayers.com\\\/tienda\\\/accesorios\\\/estuches-y-fundas\\\/varios-estuches-y-fundas\\\/estuche-skb-p-equipo-div-3i-4414-10be\\\/#primaryimage\"},\"image\":{\"@id\":\"https:\\\/\\\/www.mexicanguitarplayers.com\\\/tienda\\\/accesorios\\\/estuches-y-fundas\\\/varios-estuches-y-fundas\\\/estuche-skb-p-equipo-div-3i-4414-10be\\\/#primaryimage\"},\"thumbnailUrl\":\"https:\\\/\\\/www.mexicanguitarplayers.com\\\/wp-content\\\/uploads\\\/2022\\\/08\\\/VASKB3I41410BE.jpg\",\"datePublished\":\"2022-08-19T12:56:36+00:00\",\"dateModified\":\"2026-04-10T10:49:25+00:00\",\"description\":\"ESTUCHE SKB P\\\/EQUIPO DIV. 3I-4414-10BE. Estuche para equipo diverso, asa de remolque, ruedas estilo skate en l\u00ednea para facilitar en transporte, c\u00f3modo tirador de liberaci\u00f3n con bot\u00f3n pulsador, los pestillos de bloqueo con llave aceptados por la TSA est\u00e1n disponibles, dise\u00f1o resistente al agua y al polvo, bisagra moldeada para mayor protecci\u00f3n, sistema de pestillo de liberaci\u00f3n de gatillo, tienen capacidad para candados con grillete de 5\\\/16\u201d, mango de agarre acolchado de goma sobre moldeado a presi\u00f3n, v\u00e1lvula de compensaci\u00f3n de presi\u00f3n ambiental, resistente a los rayos UV, solventes, corrosi\u00f3n, hongos y da\u00f1os por impacto, profundidad de la tapa: 2\u201d pulgadas (5.08 cm), profundidad de la base: 8\u201d pulgadas (20.32 cm), longitud interior: 44.5\u201d pulgadas (113.03 cm), ancho interior: 14.5\u201d pulgadas (36.83 cm), profundidad interior: 10\u201d pulgadas (25.40 cm), longitud exterior: 47\u201d pulgadas (119.38 cm), ancho exterior: 17\u201d pulgadas (43.18 cm), profundidad exterior: 10.84\u201d pulgadas (27.53 cm), peso: 10.38 kg.\",\"breadcrumb\":{\"@id\":\"https:\\\/\\\/www.mexicanguitarplayers.com\\\/tienda\\\/accesorios\\\/estuches-y-fundas\\\/varios-estuches-y-fundas\\\/estuche-skb-p-equipo-div-3i-4414-10be\\\/#breadcrumb\"},\"inLanguage\":\"en-US\",\"potentialAction\":[{\"@type\":\"ReadAction\",\"target\":[\"https:\\\/\\\/www.mexicanguitarplayers.com\\\/tienda\\\/accesorios\\\/estuches-y-fundas\\\/varios-estuches-y-fundas\\\/estuche-skb-p-equipo-div-3i-4414-10be\\\/\"]}]},{\"@type\":\"ImageObject\",\"inLanguage\":\"en-US\",\"@id\":\"https:\\\/\\\/www.mexicanguitarplayers.com\\\/tienda\\\/accesorios\\\/estuches-y-fundas\\\/varios-estuches-y-fundas\\\/estuche-skb-p-equipo-div-3i-4414-10be\\\/#primaryimage\",\"url\":\"https:\\\/\\\/www.mexicanguitarplayers.com\\\/wp-content\\\/uploads\\\/2022\\\/08\\\/VASKB3I41410BE.jpg\",\"contentUrl\":\"https:\\\/\\\/www.mexicanguitarplayers.com\\\/wp-content\\\/uploads\\\/2022\\\/08\\\/VASKB3I41410BE.jpg\",\"width\":1200,\"height\":1200},{\"@type\":\"BreadcrumbList\",\"@id\":\"https:\\\/\\\/www.mexicanguitarplayers.com\\\/tienda\\\/accesorios\\\/estuches-y-fundas\\\/varios-estuches-y-fundas\\\/estuche-skb-p-equipo-div-3i-4414-10be\\\/#breadcrumb\",\"itemListElement\":[{\"@type\":\"ListItem\",\"position\":1,\"name\":\"Portada\",\"item\":\"https:\\\/\\\/www.mexicanguitarplayers.com\\\/\"},{\"@type\":\"ListItem\",\"position\":2,\"name\":\"Tienda\",\"item\":\"https:\\\/\\\/www.mexicanguitarplayers.com\\\/tienda\\\/\"},{\"@type\":\"ListItem\",\"position\":3,\"name\":\"ESTUCHE SKB P\\\/EQUIPO DIV. 3I-4414-10BE\"}]},{\"@type\":\"WebSite\",\"@id\":\"https:\\\/\\\/www.mexicanguitarplayers.com\\\/#website\",\"url\":\"https:\\\/\\\/www.mexicanguitarplayers.com\\\/\",\"name\":\"Mexican Guitar Players\",\"description\":\"Website\",\"publisher\":{\"@id\":\"https:\\\/\\\/www.mexicanguitarplayers.com\\\/#organization\"},\"potentialAction\":[{\"@type\":\"SearchAction\",\"target\":{\"@type\":\"EntryPoint\",\"urlTemplate\":\"https:\\\/\\\/www.mexicanguitarplayers.com\\\/?s={search_term_string}\"},\"query-input\":{\"@type\":\"PropertyValueSpecification\",\"valueRequired\":true,\"valueName\":\"search_term_string\"}}],\"inLanguage\":\"en-US\"},{\"@type\":\"Organization\",\"@id\":\"https:\\\/\\\/www.mexicanguitarplayers.com\\\/#organization\",\"name\":\"Mexican Guitar Players\",\"url\":\"https:\\\/\\\/www.mexicanguitarplayers.com\\\/\",\"logo\":{\"@type\":\"ImageObject\",\"inLanguage\":\"en-US\",\"@id\":\"https:\\\/\\\/www.mexicanguitarplayers.com\\\/#\\\/schema\\\/logo\\\/image\\\/\",\"url\":\"\",\"contentUrl\":\"\",\"caption\":\"Mexican Guitar Players\"},\"image\":{\"@id\":\"https:\\\/\\\/www.mexicanguitarplayers.com\\\/#\\\/schema\\\/logo\\\/image\\\/\"}}]}<\/script>\n<!-- \/ Yoast SEO plugin. -->","yoast_head_json":{"title":"ESTUCHE SKB P\/EQUIPO DIV. 3I-4414-10BE - Mexican Guitar Players","description":"ESTUCHE SKB P\/EQUIPO DIV. 3I-4414-10BE. Estuche para equipo diverso, asa de remolque, ruedas estilo skate en l\u00ednea para facilitar en transporte, c\u00f3modo tirador de liberaci\u00f3n con bot\u00f3n pulsador, los pestillos de bloqueo con llave aceptados por la TSA est\u00e1n disponibles, dise\u00f1o resistente al agua y al polvo, bisagra moldeada para mayor protecci\u00f3n, sistema de pestillo de liberaci\u00f3n de gatillo, tienen capacidad para candados con grillete de 5\/16\u201d, mango de agarre acolchado de goma sobre moldeado a presi\u00f3n, v\u00e1lvula de compensaci\u00f3n de presi\u00f3n ambiental, resistente a los rayos UV, solventes, corrosi\u00f3n, hongos y da\u00f1os por impacto, profundidad de la tapa: 2\u201d pulgadas (5.08 cm), profundidad de la base: 8\u201d pulgadas (20.32 cm), longitud interior: 44.5\u201d pulgadas (113.03 cm), ancho interior: 14.5\u201d pulgadas (36.83 cm), profundidad interior: 10\u201d pulgadas (25.40 cm), longitud exterior: 47\u201d pulgadas (119.38 cm), ancho exterior: 17\u201d pulgadas (43.18 cm), profundidad exterior: 10.84\u201d pulgadas (27.53 cm), peso: 10.38 kg.","robots":{"index":"index","follow":"follow","max-snippet":"max-snippet:-1","max-image-preview":"max-image-preview:large","max-video-preview":"max-video-preview:-1"},"canonical":"https:\/\/www.mexicanguitarplayers.com\/en\/tienda\/accesorios\/estuches-y-fundas\/varios-estuches-y-fundas\/estuche-skb-p-equipo-div-3i-4414-10be\/","og_locale":"en_US","og_type":"article","og_title":"ESTUCHE SKB P\/EQUIPO DIV. 3I-4414-10BE - Mexican Guitar Players","og_description":"ESTUCHE SKB P\/EQUIPO DIV. 3I-4414-10BE. Estuche para equipo diverso, asa de remolque, ruedas estilo skate en l\u00ednea para facilitar en transporte, c\u00f3modo tirador de liberaci\u00f3n con bot\u00f3n pulsador, los pestillos de bloqueo con llave aceptados por la TSA est\u00e1n disponibles, dise\u00f1o resistente al agua y al polvo, bisagra moldeada para mayor protecci\u00f3n, sistema de pestillo de liberaci\u00f3n de gatillo, tienen capacidad para candados con grillete de 5\/16\u201d, mango de agarre acolchado de goma sobre moldeado a presi\u00f3n, v\u00e1lvula de compensaci\u00f3n de presi\u00f3n ambiental, resistente a los rayos UV, solventes, corrosi\u00f3n, hongos y da\u00f1os por impacto, profundidad de la tapa: 2\u201d pulgadas (5.08 cm), profundidad de la base: 8\u201d pulgadas (20.32 cm), longitud interior: 44.5\u201d pulgadas (113.03 cm), ancho interior: 14.5\u201d pulgadas (36.83 cm), profundidad interior: 10\u201d pulgadas (25.40 cm), longitud exterior: 47\u201d pulgadas (119.38 cm), ancho exterior: 17\u201d pulgadas (43.18 cm), profundidad exterior: 10.84\u201d pulgadas (27.53 cm), peso: 10.38 kg.","og_url":"https:\/\/www.mexicanguitarplayers.com\/en\/tienda\/accesorios\/estuches-y-fundas\/varios-estuches-y-fundas\/estuche-skb-p-equipo-div-3i-4414-10be\/","og_site_name":"Mexican Guitar Players","article_modified_time":"2026-04-10T10:49:25+00:00","og_image":[{"width":1200,"height":1200,"url":"https:\/\/www.mexicanguitarplayers.com\/wp-content\/uploads\/2022\/08\/VASKB3I41410BE.jpg","type":"image\/jpeg"}],"twitter_card":"summary_large_image","twitter_misc":{"Est. reading time":"1 minute"},"schema":{"@context":"https:\/\/schema.org","@graph":[{"@type":["WebPage","ItemPage"],"@id":"https:\/\/www.mexicanguitarplayers.com\/tienda\/accesorios\/estuches-y-fundas\/varios-estuches-y-fundas\/estuche-skb-p-equipo-div-3i-4414-10be\/","url":"https:\/\/www.mexicanguitarplayers.com\/tienda\/accesorios\/estuches-y-fundas\/varios-estuches-y-fundas\/estuche-skb-p-equipo-div-3i-4414-10be\/","name":"ESTUCHE SKB P\/EQUIPO DIV. 3I-4414-10BE - Mexican Guitar Players","isPartOf":{"@id":"https:\/\/www.mexicanguitarplayers.com\/#website"},"primaryImageOfPage":{"@id":"https:\/\/www.mexicanguitarplayers.com\/tienda\/accesorios\/estuches-y-fundas\/varios-estuches-y-fundas\/estuche-skb-p-equipo-div-3i-4414-10be\/#primaryimage"},"image":{"@id":"https:\/\/www.mexicanguitarplayers.com\/tienda\/accesorios\/estuches-y-fundas\/varios-estuches-y-fundas\/estuche-skb-p-equipo-div-3i-4414-10be\/#primaryimage"},"thumbnailUrl":"https:\/\/www.mexicanguitarplayers.com\/wp-content\/uploads\/2022\/08\/VASKB3I41410BE.jpg","datePublished":"2022-08-19T12:56:36+00:00","dateModified":"2026-04-10T10:49:25+00:00","description":"ESTUCHE SKB P\/EQUIPO DIV. 3I-4414-10BE. Estuche para equipo diverso, asa de remolque, ruedas estilo skate en l\u00ednea para facilitar en transporte, c\u00f3modo tirador de liberaci\u00f3n con bot\u00f3n pulsador, los pestillos de bloqueo con llave aceptados por la TSA est\u00e1n disponibles, dise\u00f1o resistente al agua y al polvo, bisagra moldeada para mayor protecci\u00f3n, sistema de pestillo de liberaci\u00f3n de gatillo, tienen capacidad para candados con grillete de 5\/16\u201d, mango de agarre acolchado de goma sobre moldeado a presi\u00f3n, v\u00e1lvula de compensaci\u00f3n de presi\u00f3n ambiental, resistente a los rayos UV, solventes, corrosi\u00f3n, hongos y da\u00f1os por impacto, profundidad de la tapa: 2\u201d pulgadas (5.08 cm), profundidad de la base: 8\u201d pulgadas (20.32 cm), longitud interior: 44.5\u201d pulgadas (113.03 cm), ancho interior: 14.5\u201d pulgadas (36.83 cm), profundidad interior: 10\u201d pulgadas (25.40 cm), longitud exterior: 47\u201d pulgadas (119.38 cm), ancho exterior: 17\u201d pulgadas (43.18 cm), profundidad exterior: 10.84\u201d pulgadas (27.53 cm), peso: 10.38 kg.","breadcrumb":{"@id":"https:\/\/www.mexicanguitarplayers.com\/tienda\/accesorios\/estuches-y-fundas\/varios-estuches-y-fundas\/estuche-skb-p-equipo-div-3i-4414-10be\/#breadcrumb"},"inLanguage":"en-US","potentialAction":[{"@type":"ReadAction","target":["https:\/\/www.mexicanguitarplayers.com\/tienda\/accesorios\/estuches-y-fundas\/varios-estuches-y-fundas\/estuche-skb-p-equipo-div-3i-4414-10be\/"]}]},{"@type":"ImageObject","inLanguage":"en-US","@id":"https:\/\/www.mexicanguitarplayers.com\/tienda\/accesorios\/estuches-y-fundas\/varios-estuches-y-fundas\/estuche-skb-p-equipo-div-3i-4414-10be\/#primaryimage","url":"https:\/\/www.mexicanguitarplayers.com\/wp-content\/uploads\/2022\/08\/VASKB3I41410BE.jpg","contentUrl":"https:\/\/www.mexicanguitarplayers.com\/wp-content\/uploads\/2022\/08\/VASKB3I41410BE.jpg","width":1200,"height":1200},{"@type":"BreadcrumbList","@id":"https:\/\/www.mexicanguitarplayers.com\/tienda\/accesorios\/estuches-y-fundas\/varios-estuches-y-fundas\/estuche-skb-p-equipo-div-3i-4414-10be\/#breadcrumb","itemListElement":[{"@type":"ListItem","position":1,"name":"Portada","item":"https:\/\/www.mexicanguitarplayers.com\/"},{"@type":"ListItem","position":2,"name":"Tienda","item":"https:\/\/www.mexicanguitarplayers.com\/tienda\/"},{"@type":"ListItem","position":3,"name":"ESTUCHE SKB P\/EQUIPO DIV. 3I-4414-10BE"}]},{"@type":"WebSite","@id":"https:\/\/www.mexicanguitarplayers.com\/#website","url":"https:\/\/www.mexicanguitarplayers.com\/","name":"Mexican Guitar Players","description":"Website","publisher":{"@id":"https:\/\/www.mexicanguitarplayers.com\/#organization"},"potentialAction":[{"@type":"SearchAction","target":{"@type":"EntryPoint","urlTemplate":"https:\/\/www.mexicanguitarplayers.com\/?s={search_term_string}"},"query-input":{"@type":"PropertyValueSpecification","valueRequired":true,"valueName":"search_term_string"}}],"inLanguage":"en-US"},{"@type":"Organization","@id":"https:\/\/www.mexicanguitarplayers.com\/#organization","name":"Mexican Guitar Players","url":"https:\/\/www.mexicanguitarplayers.com\/","logo":{"@type":"ImageObject","inLanguage":"en-US","@id":"https:\/\/www.mexicanguitarplayers.com\/#\/schema\/logo\/image\/","url":"","contentUrl":"","caption":"Mexican Guitar Players"},"image":{"@id":"https:\/\/www.mexicanguitarplayers.com\/#\/schema\/logo\/image\/"}}]}},"brands":[{"id":609,"name":"SKB","slug":"skb"}],"_links":{"self":[{"href":"https:\/\/www.mexicanguitarplayers.com\/en\/wp-json\/wp\/v2\/product\/21730","targetHints":{"allow":["GET"]}}],"collection":[{"href":"https:\/\/www.mexicanguitarplayers.com\/en\/wp-json\/wp\/v2\/product"}],"about":[{"href":"https:\/\/www.mexicanguitarplayers.com\/en\/wp-json\/wp\/v2\/types\/product"}],"replies":[{"embeddable":true,"href":"https:\/\/www.mexicanguitarplayers.com\/en\/wp-json\/wp\/v2\/comments?post=21730"}],"wp:featuredmedia":[{"embeddable":true,"href":"https:\/\/www.mexicanguitarplayers.com\/en\/wp-json\/wp\/v2\/media\/21725"}],"wp:attachment":[{"href":"https:\/\/www.mexicanguitarplayers.com\/en\/wp-json\/wp\/v2\/media?parent=21730"}],"wp:term":[{"taxonomy":"pwb-brand","embeddable":true,"href":"https:\/\/www.mexicanguitarplayers.com\/en\/wp-json\/wp\/v2\/pwb-brand?post=21730"},{"taxonomy":"product_brand","embeddable":true,"href":"https:\/\/www.mexicanguitarplayers.com\/en\/wp-json\/wp\/v2\/product_brand?post=21730"},{"taxonomy":"product_cat","embeddable":true,"href":"https:\/\/www.mexicanguitarplayers.com\/en\/wp-json\/wp\/v2\/product_cat?post=21730"},{"taxonomy":"product_tag","embeddable":true,"href":"https:\/\/www.mexicanguitarplayers.com\/en\/wp-json\/wp\/v2\/product_tag?post=21730"}],"curies":[{"name":"wp","href":"https:\/\/api.w.org\/{rel}","templated":true}]}}