{"id":21741,"date":"2022-08-19T07:56:54","date_gmt":"2022-08-19T12:56:54","guid":{"rendered":"https:\/\/www.mexicanguitarplayers.com\/tienda\/sin%20categor\u00eda\/estuche-skb-p-pantalla-lcd-3skb-3237\/"},"modified":"2026-04-10T04:49:23","modified_gmt":"2026-04-10T10:49:23","slug":"estuche-skb-p-pantalla-lcd-3skb-3237","status":"publish","type":"product","link":"https:\/\/www.mexicanguitarplayers.com\/en\/tienda\/accesorios\/estuches-y-fundas\/cases\/estuche-skb-p-pantalla-lcd-3skb-3237\/","title":{"rendered":"SKB CASE FOR LCD SCREEN 3SKB-3237"},"content":{"rendered":"<div style=\"text-align: justify\">\n<div>\n<h3>SKB CASE FOR LCD SCREEN 3SKB-3237<\/h3>\n<\/div>\n<div>Case for 32\u201d to 37\u201d flat panel LCD monitors, rotational molded, impact resistant using LLD and LMD plastic polyethylene, over 20 different foam pieces, meets ATA 300 category 1 specifications (highest standard for air containers), heavy-duty twist locks, transport options, 90 degree lift handles, tilt rear wheels for better mobility, removable locking casters, interior length: 97.79 cm, interior width: 22.86 cm, Outer Length: 42&quot; Outer Width: 13.02&quot; Weight: 40 lbs.<\/div>\n<\/div>","protected":false},"excerpt":{"rendered":"<p>Estuche para monitores LCD de pantalla plana de 32\u201d a 37\u201d pulgadas, moldeado por rotaci\u00f3n, resistente a los impactos utilizando LLD y polietileno pl\u00e1stico LMD, m\u00e1s de 20 diferentes piezas de espuma, cumple con las especificaciones ATA 300 categor\u00eda 1 (el m\u00e1s alto est\u00e1ndar para los contenedores a\u00e9reos), seguros giratorios para trabajo pesado, opciones de transporte, manijas de elevaci\u00f3n de 90 grados, ruedas traseras inclinables para una mejor movilidad, ruedas giratorias de bloqueo desmontables, longitud interior: 97.79 cm, ancho interior: 22.86 cm, longitud exterior: 106.68 cm, ancho exterior: 33.02 cm, peso: 18.82 kg.&hellip; <a class=\"kt-excerpt-readmore more-link\" href=\"https:\/\/www.mexicanguitarplayers.com\/en\/tienda\/accesorios\/estuches-y-fundas\/cases\/estuche-skb-p-pantalla-lcd-3skb-3237\/\">Read more<\/a><\/p>","protected":false},"featured_media":21738,"comment_status":"open","ping_status":"closed","template":"","meta":{"kt_blocks_editor_width":""},"pwb-brand":[609],"product_brand":[],"product_cat":[85,564,517],"product_tag":[],"class_list":{"0":"post-21741","1":"product","2":"type-product","3":"status-publish","4":"has-post-thumbnail","6":"pwb-brand-skb","7":"product_cat-accesorios","8":"product_cat-cases","9":"product_cat-estuches-y-fundas","10":"product_shipping_class-10-15-kg","12":"first","13":"outofstock","14":"taxable","15":"shipping-taxable","16":"purchasable","17":"product-type-simple"},"yoast_head":"<!-- This site is optimized with the Yoast SEO plugin v27.5 - https:\/\/yoast.com\/product\/yoast-seo-wordpress\/ -->\n<title>ESTUCHE SKB P\/PANTALLA LCD 3SKB-3237 - Mexican Guitar Players<\/title>\n<meta name=\"description\" content=\"ESTUCHE SKB P\/PANTALLA LCD 3SKB-3237. Estuche para monitores LCD de pantalla plana de 32\u201d a 37\u201d pulgadas, moldeado por rotaci\u00f3n, resistente a los impactos utilizando LLD y polietileno pl\u00e1stico LMD, m\u00e1s de 20 diferentes piezas de espuma, cumple con las especificaciones ATA 300 categor\u00eda 1 (el m\u00e1s alto est\u00e1ndar para los contenedores a\u00e9reos), seguros giratorios para trabajo pesado, opciones de transporte, manijas de elevaci\u00f3n de 90 grados, ruedas traseras inclinables para una mejor movilidad, ruedas giratorias de bloqueo desmontables, longitud interior: 97.79 cm, ancho interior: 22.86 cm, longitud exterior: 106.68 cm, ancho exterior: 33.02 cm, peso: 18.82 kg.\" \/>\n<meta name=\"robots\" content=\"index, follow, max-snippet:-1, max-image-preview:large, max-video-preview:-1\" \/>\n<link rel=\"canonical\" href=\"https:\/\/www.mexicanguitarplayers.com\/en\/tienda\/accesorios\/estuches-y-fundas\/cases\/estuche-skb-p-pantalla-lcd-3skb-3237\/\" \/>\n<meta property=\"og:locale\" content=\"en_US\" \/>\n<meta property=\"og:type\" content=\"article\" \/>\n<meta property=\"og:title\" content=\"ESTUCHE SKB P\/PANTALLA LCD 3SKB-3237 - Mexican Guitar Players\" \/>\n<meta property=\"og:description\" content=\"ESTUCHE SKB P\/PANTALLA LCD 3SKB-3237. Estuche para monitores LCD de pantalla plana de 32\u201d a 37\u201d pulgadas, moldeado por rotaci\u00f3n, resistente a los impactos utilizando LLD y polietileno pl\u00e1stico LMD, m\u00e1s de 20 diferentes piezas de espuma, cumple con las especificaciones ATA 300 categor\u00eda 1 (el m\u00e1s alto est\u00e1ndar para los contenedores a\u00e9reos), seguros giratorios para trabajo pesado, opciones de transporte, manijas de elevaci\u00f3n de 90 grados, ruedas traseras inclinables para una mejor movilidad, ruedas giratorias de bloqueo desmontables, longitud interior: 97.79 cm, ancho interior: 22.86 cm, longitud exterior: 106.68 cm, ancho exterior: 33.02 cm, peso: 18.82 kg.\" \/>\n<meta property=\"og:url\" content=\"https:\/\/www.mexicanguitarplayers.com\/en\/tienda\/accesorios\/estuches-y-fundas\/cases\/estuche-skb-p-pantalla-lcd-3skb-3237\/\" \/>\n<meta property=\"og:site_name\" content=\"Mexican Guitar Players\" \/>\n<meta property=\"article:modified_time\" content=\"2026-04-10T10:49:23+00:00\" \/>\n<meta property=\"og:image\" content=\"https:\/\/www.mexicanguitarplayers.com\/wp-content\/uploads\/2022\/08\/VASKB3SKB3237.jpg\" \/>\n\t<meta property=\"og:image:width\" content=\"1200\" \/>\n\t<meta property=\"og:image:height\" content=\"1200\" \/>\n\t<meta property=\"og:image:type\" content=\"image\/jpeg\" \/>\n<meta name=\"twitter:card\" content=\"summary_large_image\" \/>\n<script type=\"application\/ld+json\" class=\"yoast-schema-graph\">{\"@context\":\"https:\\\/\\\/schema.org\",\"@graph\":[{\"@type\":[\"WebPage\",\"ItemPage\"],\"@id\":\"https:\\\/\\\/www.mexicanguitarplayers.com\\\/tienda\\\/accesorios\\\/estuches-y-fundas\\\/cases\\\/estuche-skb-p-pantalla-lcd-3skb-3237\\\/\",\"url\":\"https:\\\/\\\/www.mexicanguitarplayers.com\\\/tienda\\\/accesorios\\\/estuches-y-fundas\\\/cases\\\/estuche-skb-p-pantalla-lcd-3skb-3237\\\/\",\"name\":\"ESTUCHE SKB P\\\/PANTALLA LCD 3SKB-3237 - Mexican Guitar Players\",\"isPartOf\":{\"@id\":\"https:\\\/\\\/www.mexicanguitarplayers.com\\\/#website\"},\"primaryImageOfPage\":{\"@id\":\"https:\\\/\\\/www.mexicanguitarplayers.com\\\/tienda\\\/accesorios\\\/estuches-y-fundas\\\/cases\\\/estuche-skb-p-pantalla-lcd-3skb-3237\\\/#primaryimage\"},\"image\":{\"@id\":\"https:\\\/\\\/www.mexicanguitarplayers.com\\\/tienda\\\/accesorios\\\/estuches-y-fundas\\\/cases\\\/estuche-skb-p-pantalla-lcd-3skb-3237\\\/#primaryimage\"},\"thumbnailUrl\":\"https:\\\/\\\/www.mexicanguitarplayers.com\\\/wp-content\\\/uploads\\\/2022\\\/08\\\/VASKB3SKB3237.jpg\",\"datePublished\":\"2022-08-19T12:56:54+00:00\",\"dateModified\":\"2026-04-10T10:49:23+00:00\",\"description\":\"ESTUCHE SKB P\\\/PANTALLA LCD 3SKB-3237. Estuche para monitores LCD de pantalla plana de 32\u201d a 37\u201d pulgadas, moldeado por rotaci\u00f3n, resistente a los impactos utilizando LLD y polietileno pl\u00e1stico LMD, m\u00e1s de 20 diferentes piezas de espuma, cumple con las especificaciones ATA 300 categor\u00eda 1 (el m\u00e1s alto est\u00e1ndar para los contenedores a\u00e9reos), seguros giratorios para trabajo pesado, opciones de transporte, manijas de elevaci\u00f3n de 90 grados, ruedas traseras inclinables para una mejor movilidad, ruedas giratorias de bloqueo desmontables, longitud interior: 97.79 cm, ancho interior: 22.86 cm, longitud exterior: 106.68 cm, ancho exterior: 33.02 cm, peso: 18.82 kg.\",\"breadcrumb\":{\"@id\":\"https:\\\/\\\/www.mexicanguitarplayers.com\\\/tienda\\\/accesorios\\\/estuches-y-fundas\\\/cases\\\/estuche-skb-p-pantalla-lcd-3skb-3237\\\/#breadcrumb\"},\"inLanguage\":\"en-US\",\"potentialAction\":[{\"@type\":\"ReadAction\",\"target\":[\"https:\\\/\\\/www.mexicanguitarplayers.com\\\/tienda\\\/accesorios\\\/estuches-y-fundas\\\/cases\\\/estuche-skb-p-pantalla-lcd-3skb-3237\\\/\"]}]},{\"@type\":\"ImageObject\",\"inLanguage\":\"en-US\",\"@id\":\"https:\\\/\\\/www.mexicanguitarplayers.com\\\/tienda\\\/accesorios\\\/estuches-y-fundas\\\/cases\\\/estuche-skb-p-pantalla-lcd-3skb-3237\\\/#primaryimage\",\"url\":\"https:\\\/\\\/www.mexicanguitarplayers.com\\\/wp-content\\\/uploads\\\/2022\\\/08\\\/VASKB3SKB3237.jpg\",\"contentUrl\":\"https:\\\/\\\/www.mexicanguitarplayers.com\\\/wp-content\\\/uploads\\\/2022\\\/08\\\/VASKB3SKB3237.jpg\",\"width\":1200,\"height\":1200},{\"@type\":\"BreadcrumbList\",\"@id\":\"https:\\\/\\\/www.mexicanguitarplayers.com\\\/tienda\\\/accesorios\\\/estuches-y-fundas\\\/cases\\\/estuche-skb-p-pantalla-lcd-3skb-3237\\\/#breadcrumb\",\"itemListElement\":[{\"@type\":\"ListItem\",\"position\":1,\"name\":\"Portada\",\"item\":\"https:\\\/\\\/www.mexicanguitarplayers.com\\\/\"},{\"@type\":\"ListItem\",\"position\":2,\"name\":\"Tienda\",\"item\":\"https:\\\/\\\/www.mexicanguitarplayers.com\\\/tienda\\\/\"},{\"@type\":\"ListItem\",\"position\":3,\"name\":\"ESTUCHE SKB P\\\/PANTALLA LCD 3SKB-3237\"}]},{\"@type\":\"WebSite\",\"@id\":\"https:\\\/\\\/www.mexicanguitarplayers.com\\\/#website\",\"url\":\"https:\\\/\\\/www.mexicanguitarplayers.com\\\/\",\"name\":\"Mexican Guitar Players\",\"description\":\"Website\",\"publisher\":{\"@id\":\"https:\\\/\\\/www.mexicanguitarplayers.com\\\/#organization\"},\"potentialAction\":[{\"@type\":\"SearchAction\",\"target\":{\"@type\":\"EntryPoint\",\"urlTemplate\":\"https:\\\/\\\/www.mexicanguitarplayers.com\\\/?s={search_term_string}\"},\"query-input\":{\"@type\":\"PropertyValueSpecification\",\"valueRequired\":true,\"valueName\":\"search_term_string\"}}],\"inLanguage\":\"en-US\"},{\"@type\":\"Organization\",\"@id\":\"https:\\\/\\\/www.mexicanguitarplayers.com\\\/#organization\",\"name\":\"Mexican Guitar Players\",\"url\":\"https:\\\/\\\/www.mexicanguitarplayers.com\\\/\",\"logo\":{\"@type\":\"ImageObject\",\"inLanguage\":\"en-US\",\"@id\":\"https:\\\/\\\/www.mexicanguitarplayers.com\\\/#\\\/schema\\\/logo\\\/image\\\/\",\"url\":\"\",\"contentUrl\":\"\",\"caption\":\"Mexican Guitar Players\"},\"image\":{\"@id\":\"https:\\\/\\\/www.mexicanguitarplayers.com\\\/#\\\/schema\\\/logo\\\/image\\\/\"}}]}<\/script>\n<!-- \/ Yoast SEO plugin. -->","yoast_head_json":{"title":"ESTUCHE SKB P\/PANTALLA LCD 3SKB-3237 - Mexican Guitar Players","description":"ESTUCHE SKB P\/PANTALLA LCD 3SKB-3237. Estuche para monitores LCD de pantalla plana de 32\u201d a 37\u201d pulgadas, moldeado por rotaci\u00f3n, resistente a los impactos utilizando LLD y polietileno pl\u00e1stico LMD, m\u00e1s de 20 diferentes piezas de espuma, cumple con las especificaciones ATA 300 categor\u00eda 1 (el m\u00e1s alto est\u00e1ndar para los contenedores a\u00e9reos), seguros giratorios para trabajo pesado, opciones de transporte, manijas de elevaci\u00f3n de 90 grados, ruedas traseras inclinables para una mejor movilidad, ruedas giratorias de bloqueo desmontables, longitud interior: 97.79 cm, ancho interior: 22.86 cm, longitud exterior: 106.68 cm, ancho exterior: 33.02 cm, peso: 18.82 kg.","robots":{"index":"index","follow":"follow","max-snippet":"max-snippet:-1","max-image-preview":"max-image-preview:large","max-video-preview":"max-video-preview:-1"},"canonical":"https:\/\/www.mexicanguitarplayers.com\/en\/tienda\/accesorios\/estuches-y-fundas\/cases\/estuche-skb-p-pantalla-lcd-3skb-3237\/","og_locale":"en_US","og_type":"article","og_title":"ESTUCHE SKB P\/PANTALLA LCD 3SKB-3237 - Mexican Guitar Players","og_description":"ESTUCHE SKB P\/PANTALLA LCD 3SKB-3237. Estuche para monitores LCD de pantalla plana de 32\u201d a 37\u201d pulgadas, moldeado por rotaci\u00f3n, resistente a los impactos utilizando LLD y polietileno pl\u00e1stico LMD, m\u00e1s de 20 diferentes piezas de espuma, cumple con las especificaciones ATA 300 categor\u00eda 1 (el m\u00e1s alto est\u00e1ndar para los contenedores a\u00e9reos), seguros giratorios para trabajo pesado, opciones de transporte, manijas de elevaci\u00f3n de 90 grados, ruedas traseras inclinables para una mejor movilidad, ruedas giratorias de bloqueo desmontables, longitud interior: 97.79 cm, ancho interior: 22.86 cm, longitud exterior: 106.68 cm, ancho exterior: 33.02 cm, peso: 18.82 kg.","og_url":"https:\/\/www.mexicanguitarplayers.com\/en\/tienda\/accesorios\/estuches-y-fundas\/cases\/estuche-skb-p-pantalla-lcd-3skb-3237\/","og_site_name":"Mexican Guitar Players","article_modified_time":"2026-04-10T10:49:23+00:00","og_image":[{"width":1200,"height":1200,"url":"https:\/\/www.mexicanguitarplayers.com\/wp-content\/uploads\/2022\/08\/VASKB3SKB3237.jpg","type":"image\/jpeg"}],"twitter_card":"summary_large_image","schema":{"@context":"https:\/\/schema.org","@graph":[{"@type":["WebPage","ItemPage"],"@id":"https:\/\/www.mexicanguitarplayers.com\/tienda\/accesorios\/estuches-y-fundas\/cases\/estuche-skb-p-pantalla-lcd-3skb-3237\/","url":"https:\/\/www.mexicanguitarplayers.com\/tienda\/accesorios\/estuches-y-fundas\/cases\/estuche-skb-p-pantalla-lcd-3skb-3237\/","name":"ESTUCHE SKB P\/PANTALLA LCD 3SKB-3237 - Mexican Guitar Players","isPartOf":{"@id":"https:\/\/www.mexicanguitarplayers.com\/#website"},"primaryImageOfPage":{"@id":"https:\/\/www.mexicanguitarplayers.com\/tienda\/accesorios\/estuches-y-fundas\/cases\/estuche-skb-p-pantalla-lcd-3skb-3237\/#primaryimage"},"image":{"@id":"https:\/\/www.mexicanguitarplayers.com\/tienda\/accesorios\/estuches-y-fundas\/cases\/estuche-skb-p-pantalla-lcd-3skb-3237\/#primaryimage"},"thumbnailUrl":"https:\/\/www.mexicanguitarplayers.com\/wp-content\/uploads\/2022\/08\/VASKB3SKB3237.jpg","datePublished":"2022-08-19T12:56:54+00:00","dateModified":"2026-04-10T10:49:23+00:00","description":"ESTUCHE SKB P\/PANTALLA LCD 3SKB-3237. Estuche para monitores LCD de pantalla plana de 32\u201d a 37\u201d pulgadas, moldeado por rotaci\u00f3n, resistente a los impactos utilizando LLD y polietileno pl\u00e1stico LMD, m\u00e1s de 20 diferentes piezas de espuma, cumple con las especificaciones ATA 300 categor\u00eda 1 (el m\u00e1s alto est\u00e1ndar para los contenedores a\u00e9reos), seguros giratorios para trabajo pesado, opciones de transporte, manijas de elevaci\u00f3n de 90 grados, ruedas traseras inclinables para una mejor movilidad, ruedas giratorias de bloqueo desmontables, longitud interior: 97.79 cm, ancho interior: 22.86 cm, longitud exterior: 106.68 cm, ancho exterior: 33.02 cm, peso: 18.82 kg.","breadcrumb":{"@id":"https:\/\/www.mexicanguitarplayers.com\/tienda\/accesorios\/estuches-y-fundas\/cases\/estuche-skb-p-pantalla-lcd-3skb-3237\/#breadcrumb"},"inLanguage":"en-US","potentialAction":[{"@type":"ReadAction","target":["https:\/\/www.mexicanguitarplayers.com\/tienda\/accesorios\/estuches-y-fundas\/cases\/estuche-skb-p-pantalla-lcd-3skb-3237\/"]}]},{"@type":"ImageObject","inLanguage":"en-US","@id":"https:\/\/www.mexicanguitarplayers.com\/tienda\/accesorios\/estuches-y-fundas\/cases\/estuche-skb-p-pantalla-lcd-3skb-3237\/#primaryimage","url":"https:\/\/www.mexicanguitarplayers.com\/wp-content\/uploads\/2022\/08\/VASKB3SKB3237.jpg","contentUrl":"https:\/\/www.mexicanguitarplayers.com\/wp-content\/uploads\/2022\/08\/VASKB3SKB3237.jpg","width":1200,"height":1200},{"@type":"BreadcrumbList","@id":"https:\/\/www.mexicanguitarplayers.com\/tienda\/accesorios\/estuches-y-fundas\/cases\/estuche-skb-p-pantalla-lcd-3skb-3237\/#breadcrumb","itemListElement":[{"@type":"ListItem","position":1,"name":"Portada","item":"https:\/\/www.mexicanguitarplayers.com\/"},{"@type":"ListItem","position":2,"name":"Tienda","item":"https:\/\/www.mexicanguitarplayers.com\/tienda\/"},{"@type":"ListItem","position":3,"name":"ESTUCHE SKB P\/PANTALLA LCD 3SKB-3237"}]},{"@type":"WebSite","@id":"https:\/\/www.mexicanguitarplayers.com\/#website","url":"https:\/\/www.mexicanguitarplayers.com\/","name":"Mexican Guitar Players","description":"Website","publisher":{"@id":"https:\/\/www.mexicanguitarplayers.com\/#organization"},"potentialAction":[{"@type":"SearchAction","target":{"@type":"EntryPoint","urlTemplate":"https:\/\/www.mexicanguitarplayers.com\/?s={search_term_string}"},"query-input":{"@type":"PropertyValueSpecification","valueRequired":true,"valueName":"search_term_string"}}],"inLanguage":"en-US"},{"@type":"Organization","@id":"https:\/\/www.mexicanguitarplayers.com\/#organization","name":"Mexican Guitar Players","url":"https:\/\/www.mexicanguitarplayers.com\/","logo":{"@type":"ImageObject","inLanguage":"en-US","@id":"https:\/\/www.mexicanguitarplayers.com\/#\/schema\/logo\/image\/","url":"","contentUrl":"","caption":"Mexican Guitar Players"},"image":{"@id":"https:\/\/www.mexicanguitarplayers.com\/#\/schema\/logo\/image\/"}}]}},"brands":[{"id":609,"name":"SKB","slug":"skb"}],"_links":{"self":[{"href":"https:\/\/www.mexicanguitarplayers.com\/en\/wp-json\/wp\/v2\/product\/21741","targetHints":{"allow":["GET"]}}],"collection":[{"href":"https:\/\/www.mexicanguitarplayers.com\/en\/wp-json\/wp\/v2\/product"}],"about":[{"href":"https:\/\/www.mexicanguitarplayers.com\/en\/wp-json\/wp\/v2\/types\/product"}],"replies":[{"embeddable":true,"href":"https:\/\/www.mexicanguitarplayers.com\/en\/wp-json\/wp\/v2\/comments?post=21741"}],"wp:featuredmedia":[{"embeddable":true,"href":"https:\/\/www.mexicanguitarplayers.com\/en\/wp-json\/wp\/v2\/media\/21738"}],"wp:attachment":[{"href":"https:\/\/www.mexicanguitarplayers.com\/en\/wp-json\/wp\/v2\/media?parent=21741"}],"wp:term":[{"taxonomy":"pwb-brand","embeddable":true,"href":"https:\/\/www.mexicanguitarplayers.com\/en\/wp-json\/wp\/v2\/pwb-brand?post=21741"},{"taxonomy":"product_brand","embeddable":true,"href":"https:\/\/www.mexicanguitarplayers.com\/en\/wp-json\/wp\/v2\/product_brand?post=21741"},{"taxonomy":"product_cat","embeddable":true,"href":"https:\/\/www.mexicanguitarplayers.com\/en\/wp-json\/wp\/v2\/product_cat?post=21741"},{"taxonomy":"product_tag","embeddable":true,"href":"https:\/\/www.mexicanguitarplayers.com\/en\/wp-json\/wp\/v2\/product_tag?post=21741"}],"curies":[{"name":"wp","href":"https:\/\/api.w.org\/{rel}","templated":true}]}}