{"id":21759,"date":"2022-08-19T07:57:27","date_gmt":"2022-08-19T12:57:27","guid":{"rendered":"https:\/\/www.mexicanguitarplayers.com\/tienda\/sin%20categor\u00eda\/rack-skb-12-espacios-3skb-r912u24\/"},"modified":"2026-04-10T04:49:22","modified_gmt":"2026-04-10T10:49:22","slug":"rack-skb-12-espacios-3skb-r912u24","status":"publish","type":"product","link":"https:\/\/www.mexicanguitarplayers.com\/en\/tienda\/accesorios\/para-audio\/rack\/rack-skb-12-espacios-3skb-r912u24\/","title":{"rendered":"RACK SKB 12 SPACES 3SKB-R912U24"},"content":{"rendered":"<div style=\"text-align: justify\">\n<div>\n<h3>RACK SKB 12 SPACES 3SKB-R912U24<\/h3>\n<\/div>\n<div>12-Space Rack, Threaded Steel Rails, Back Rails, Water and Shock Resistant, Gasketed Doors, Pressure Relief Valve, 4.5\u201d Removable Casters, Stacks Securely with Casters On or Off, Recessed Latches , adjustable elastomer shock absorbers, roto-molded for strength, inside width: 19 in., inside height: 21 in., outside depth: 36 in., outside width: 26.5 in., outside height: 30 in., rack depth rail-to-rail: 60.96 cm, depth of rack front rail to back cover: 72.39 cm, depth of cover: 11.43 cm, weight: 37.76 kg. (Exterior height is measured without wheels, with wheels total height is 35\u201d).<\/div>\n<\/div>","protected":false},"excerpt":{"rendered":"<p>12 Space Rack, Threaded Steel Rails, Back Rails, Shock and Water Resistant, Gasketed Doors, Pressure Relief Valve, 4.5&quot; Removable Casters, Stacks Securely with Casters on or Off, Recessed Latches , adjustable elastomer shock absorbers, roto-molded for strength, interior width: 19&quot;, interior height: 21&quot;, exterior depth: 36&quot;, exterior width: 27&quot;, exterior height: 30&quot;, rack depth rail-to-rail: 24&quot;. cm, depth of rack rail front to rear lid: 72.39 cm, depth of lid: 11.43 cm, weight: 37.76 kg. (The exterior height is measured without the wheels, with wheels the total height is 35&quot;).\u2026 <a class=\"kt-excerpt-readmore more-link\" href=\"https:\/\/www.mexicanguitarplayers.com\/en\/tienda\/accesorios\/para-audio\/rack\/rack-skb-12-espacios-3skb-r912u24\/\">Read more<\/a><\/p>","protected":false},"featured_media":21754,"comment_status":"open","ping_status":"closed","template":"","meta":{"kt_blocks_editor_width":""},"pwb-brand":[609],"product_brand":[],"product_cat":[85,410,411],"product_tag":[],"class_list":{"0":"post-21759","1":"product","2":"type-product","3":"status-publish","4":"has-post-thumbnail","6":"pwb-brand-skb","7":"product_cat-accesorios","8":"product_cat-para-audio","9":"product_cat-rack","10":"product_shipping_class-10-15-kg","12":"first","13":"outofstock","14":"taxable","15":"shipping-taxable","16":"purchasable","17":"product-type-simple"},"yoast_head":"<!-- This site is optimized with the Yoast SEO plugin v27.5 - https:\/\/yoast.com\/product\/yoast-seo-wordpress\/ -->\n<title>RACK SKB 12 ESPACIOS 3SKB-R912U24 - Mexican Guitar Players<\/title>\n<meta name=\"description\" content=\"RACK SKB 12 ESPACIOS 3SKB-R912U24. Rack de 12 espacios, rieles de acero enroscados, rieles traseros, resistente al agua y a los golpes, puertas con juntas, v\u00e1lvula de alivio de presi\u00f3n, ruedas extra\u00edbles de 4.5\u201d, se apila de forma segura con las ruedas puestas o no, pestillos empotrados, amortiguadores ajustables de elast\u00f3mero, roto moldeado para mayor resistencia, ancho interior: 48.26 cm, altura interior: 53.34 cm, profundidad exterior: 91.44 cm, ancho exterior: 67.95 cm, altura exterior: 77.47 cm, profundidad de rack riel a riel: 60.96 cm, profundidad de rack riel delantero a tapa trasera: 72.39 cm, profundidad de la tapa: 11.43 cm, peso: 37.76 kg. (La altura exterior se mide sin las ruedas, con ruedas la altura total es de 35\u201d).\" \/>\n<meta name=\"robots\" content=\"index, follow, max-snippet:-1, max-image-preview:large, max-video-preview:-1\" \/>\n<link rel=\"canonical\" href=\"https:\/\/www.mexicanguitarplayers.com\/en\/tienda\/accesorios\/para-audio\/rack\/rack-skb-12-espacios-3skb-r912u24\/\" \/>\n<meta property=\"og:locale\" content=\"en_US\" \/>\n<meta property=\"og:type\" content=\"article\" \/>\n<meta property=\"og:title\" content=\"RACK SKB 12 ESPACIOS 3SKB-R912U24 - Mexican Guitar Players\" \/>\n<meta property=\"og:description\" content=\"RACK SKB 12 ESPACIOS 3SKB-R912U24. Rack de 12 espacios, rieles de acero enroscados, rieles traseros, resistente al agua y a los golpes, puertas con juntas, v\u00e1lvula de alivio de presi\u00f3n, ruedas extra\u00edbles de 4.5\u201d, se apila de forma segura con las ruedas puestas o no, pestillos empotrados, amortiguadores ajustables de elast\u00f3mero, roto moldeado para mayor resistencia, ancho interior: 48.26 cm, altura interior: 53.34 cm, profundidad exterior: 91.44 cm, ancho exterior: 67.95 cm, altura exterior: 77.47 cm, profundidad de rack riel a riel: 60.96 cm, profundidad de rack riel delantero a tapa trasera: 72.39 cm, profundidad de la tapa: 11.43 cm, peso: 37.76 kg. (La altura exterior se mide sin las ruedas, con ruedas la altura total es de 35\u201d).\" \/>\n<meta property=\"og:url\" content=\"https:\/\/www.mexicanguitarplayers.com\/en\/tienda\/accesorios\/para-audio\/rack\/rack-skb-12-espacios-3skb-r912u24\/\" \/>\n<meta property=\"og:site_name\" content=\"Mexican Guitar Players\" \/>\n<meta property=\"article:modified_time\" content=\"2026-04-10T10:49:22+00:00\" \/>\n<meta property=\"og:image\" content=\"https:\/\/www.mexicanguitarplayers.com\/wp-content\/uploads\/2022\/08\/VASKB3SR912U24.jpg\" \/>\n\t<meta property=\"og:image:width\" content=\"1200\" \/>\n\t<meta property=\"og:image:height\" content=\"1200\" \/>\n\t<meta property=\"og:image:type\" content=\"image\/jpeg\" \/>\n<meta name=\"twitter:card\" content=\"summary_large_image\" \/>\n<meta name=\"twitter:label1\" content=\"Est. reading time\" \/>\n\t<meta name=\"twitter:data1\" content=\"1 minute\" \/>\n<script type=\"application\/ld+json\" class=\"yoast-schema-graph\">{\"@context\":\"https:\\\/\\\/schema.org\",\"@graph\":[{\"@type\":[\"WebPage\",\"ItemPage\"],\"@id\":\"https:\\\/\\\/www.mexicanguitarplayers.com\\\/tienda\\\/accesorios\\\/para-audio\\\/rack\\\/rack-skb-12-espacios-3skb-r912u24\\\/\",\"url\":\"https:\\\/\\\/www.mexicanguitarplayers.com\\\/tienda\\\/accesorios\\\/para-audio\\\/rack\\\/rack-skb-12-espacios-3skb-r912u24\\\/\",\"name\":\"RACK SKB 12 ESPACIOS 3SKB-R912U24 - Mexican Guitar Players\",\"isPartOf\":{\"@id\":\"https:\\\/\\\/www.mexicanguitarplayers.com\\\/#website\"},\"primaryImageOfPage\":{\"@id\":\"https:\\\/\\\/www.mexicanguitarplayers.com\\\/tienda\\\/accesorios\\\/para-audio\\\/rack\\\/rack-skb-12-espacios-3skb-r912u24\\\/#primaryimage\"},\"image\":{\"@id\":\"https:\\\/\\\/www.mexicanguitarplayers.com\\\/tienda\\\/accesorios\\\/para-audio\\\/rack\\\/rack-skb-12-espacios-3skb-r912u24\\\/#primaryimage\"},\"thumbnailUrl\":\"https:\\\/\\\/www.mexicanguitarplayers.com\\\/wp-content\\\/uploads\\\/2022\\\/08\\\/VASKB3SR912U24.jpg\",\"datePublished\":\"2022-08-19T12:57:27+00:00\",\"dateModified\":\"2026-04-10T10:49:22+00:00\",\"description\":\"RACK SKB 12 ESPACIOS 3SKB-R912U24. Rack de 12 espacios, rieles de acero enroscados, rieles traseros, resistente al agua y a los golpes, puertas con juntas, v\u00e1lvula de alivio de presi\u00f3n, ruedas extra\u00edbles de 4.5\u201d, se apila de forma segura con las ruedas puestas o no, pestillos empotrados, amortiguadores ajustables de elast\u00f3mero, roto moldeado para mayor resistencia, ancho interior: 48.26 cm, altura interior: 53.34 cm, profundidad exterior: 91.44 cm, ancho exterior: 67.95 cm, altura exterior: 77.47 cm, profundidad de rack riel a riel: 60.96 cm, profundidad de rack riel delantero a tapa trasera: 72.39 cm, profundidad de la tapa: 11.43 cm, peso: 37.76 kg. (La altura exterior se mide sin las ruedas, con ruedas la altura total es de 35\u201d).\",\"breadcrumb\":{\"@id\":\"https:\\\/\\\/www.mexicanguitarplayers.com\\\/tienda\\\/accesorios\\\/para-audio\\\/rack\\\/rack-skb-12-espacios-3skb-r912u24\\\/#breadcrumb\"},\"inLanguage\":\"en-US\",\"potentialAction\":[{\"@type\":\"ReadAction\",\"target\":[\"https:\\\/\\\/www.mexicanguitarplayers.com\\\/tienda\\\/accesorios\\\/para-audio\\\/rack\\\/rack-skb-12-espacios-3skb-r912u24\\\/\"]}]},{\"@type\":\"ImageObject\",\"inLanguage\":\"en-US\",\"@id\":\"https:\\\/\\\/www.mexicanguitarplayers.com\\\/tienda\\\/accesorios\\\/para-audio\\\/rack\\\/rack-skb-12-espacios-3skb-r912u24\\\/#primaryimage\",\"url\":\"https:\\\/\\\/www.mexicanguitarplayers.com\\\/wp-content\\\/uploads\\\/2022\\\/08\\\/VASKB3SR912U24.jpg\",\"contentUrl\":\"https:\\\/\\\/www.mexicanguitarplayers.com\\\/wp-content\\\/uploads\\\/2022\\\/08\\\/VASKB3SR912U24.jpg\",\"width\":1200,\"height\":1200},{\"@type\":\"BreadcrumbList\",\"@id\":\"https:\\\/\\\/www.mexicanguitarplayers.com\\\/tienda\\\/accesorios\\\/para-audio\\\/rack\\\/rack-skb-12-espacios-3skb-r912u24\\\/#breadcrumb\",\"itemListElement\":[{\"@type\":\"ListItem\",\"position\":1,\"name\":\"Portada\",\"item\":\"https:\\\/\\\/www.mexicanguitarplayers.com\\\/\"},{\"@type\":\"ListItem\",\"position\":2,\"name\":\"Tienda\",\"item\":\"https:\\\/\\\/www.mexicanguitarplayers.com\\\/tienda\\\/\"},{\"@type\":\"ListItem\",\"position\":3,\"name\":\"RACK SKB 12 ESPACIOS 3SKB-R912U24\"}]},{\"@type\":\"WebSite\",\"@id\":\"https:\\\/\\\/www.mexicanguitarplayers.com\\\/#website\",\"url\":\"https:\\\/\\\/www.mexicanguitarplayers.com\\\/\",\"name\":\"Mexican Guitar Players\",\"description\":\"Website\",\"publisher\":{\"@id\":\"https:\\\/\\\/www.mexicanguitarplayers.com\\\/#organization\"},\"potentialAction\":[{\"@type\":\"SearchAction\",\"target\":{\"@type\":\"EntryPoint\",\"urlTemplate\":\"https:\\\/\\\/www.mexicanguitarplayers.com\\\/?s={search_term_string}\"},\"query-input\":{\"@type\":\"PropertyValueSpecification\",\"valueRequired\":true,\"valueName\":\"search_term_string\"}}],\"inLanguage\":\"en-US\"},{\"@type\":\"Organization\",\"@id\":\"https:\\\/\\\/www.mexicanguitarplayers.com\\\/#organization\",\"name\":\"Mexican Guitar Players\",\"url\":\"https:\\\/\\\/www.mexicanguitarplayers.com\\\/\",\"logo\":{\"@type\":\"ImageObject\",\"inLanguage\":\"en-US\",\"@id\":\"https:\\\/\\\/www.mexicanguitarplayers.com\\\/#\\\/schema\\\/logo\\\/image\\\/\",\"url\":\"\",\"contentUrl\":\"\",\"caption\":\"Mexican Guitar Players\"},\"image\":{\"@id\":\"https:\\\/\\\/www.mexicanguitarplayers.com\\\/#\\\/schema\\\/logo\\\/image\\\/\"}}]}<\/script>\n<!-- \/ Yoast SEO plugin. -->","yoast_head_json":{"title":"RACK SKB 12 ESPACIOS 3SKB-R912U24 - Mexican Guitar Players","description":"RACK SKB 12 ESPACIOS 3SKB-R912U24. Rack de 12 espacios, rieles de acero enroscados, rieles traseros, resistente al agua y a los golpes, puertas con juntas, v\u00e1lvula de alivio de presi\u00f3n, ruedas extra\u00edbles de 4.5\u201d, se apila de forma segura con las ruedas puestas o no, pestillos empotrados, amortiguadores ajustables de elast\u00f3mero, roto moldeado para mayor resistencia, ancho interior: 48.26 cm, altura interior: 53.34 cm, profundidad exterior: 91.44 cm, ancho exterior: 67.95 cm, altura exterior: 77.47 cm, profundidad de rack riel a riel: 60.96 cm, profundidad de rack riel delantero a tapa trasera: 72.39 cm, profundidad de la tapa: 11.43 cm, peso: 37.76 kg. (La altura exterior se mide sin las ruedas, con ruedas la altura total es de 35\u201d).","robots":{"index":"index","follow":"follow","max-snippet":"max-snippet:-1","max-image-preview":"max-image-preview:large","max-video-preview":"max-video-preview:-1"},"canonical":"https:\/\/www.mexicanguitarplayers.com\/en\/tienda\/accesorios\/para-audio\/rack\/rack-skb-12-espacios-3skb-r912u24\/","og_locale":"en_US","og_type":"article","og_title":"RACK SKB 12 ESPACIOS 3SKB-R912U24 - Mexican Guitar Players","og_description":"RACK SKB 12 ESPACIOS 3SKB-R912U24. Rack de 12 espacios, rieles de acero enroscados, rieles traseros, resistente al agua y a los golpes, puertas con juntas, v\u00e1lvula de alivio de presi\u00f3n, ruedas extra\u00edbles de 4.5\u201d, se apila de forma segura con las ruedas puestas o no, pestillos empotrados, amortiguadores ajustables de elast\u00f3mero, roto moldeado para mayor resistencia, ancho interior: 48.26 cm, altura interior: 53.34 cm, profundidad exterior: 91.44 cm, ancho exterior: 67.95 cm, altura exterior: 77.47 cm, profundidad de rack riel a riel: 60.96 cm, profundidad de rack riel delantero a tapa trasera: 72.39 cm, profundidad de la tapa: 11.43 cm, peso: 37.76 kg. (La altura exterior se mide sin las ruedas, con ruedas la altura total es de 35\u201d).","og_url":"https:\/\/www.mexicanguitarplayers.com\/en\/tienda\/accesorios\/para-audio\/rack\/rack-skb-12-espacios-3skb-r912u24\/","og_site_name":"Mexican Guitar Players","article_modified_time":"2026-04-10T10:49:22+00:00","og_image":[{"width":1200,"height":1200,"url":"https:\/\/www.mexicanguitarplayers.com\/wp-content\/uploads\/2022\/08\/VASKB3SR912U24.jpg","type":"image\/jpeg"}],"twitter_card":"summary_large_image","twitter_misc":{"Est. reading time":"1 minute"},"schema":{"@context":"https:\/\/schema.org","@graph":[{"@type":["WebPage","ItemPage"],"@id":"https:\/\/www.mexicanguitarplayers.com\/tienda\/accesorios\/para-audio\/rack\/rack-skb-12-espacios-3skb-r912u24\/","url":"https:\/\/www.mexicanguitarplayers.com\/tienda\/accesorios\/para-audio\/rack\/rack-skb-12-espacios-3skb-r912u24\/","name":"RACK SKB 12 ESPACIOS 3SKB-R912U24 - Mexican Guitar Players","isPartOf":{"@id":"https:\/\/www.mexicanguitarplayers.com\/#website"},"primaryImageOfPage":{"@id":"https:\/\/www.mexicanguitarplayers.com\/tienda\/accesorios\/para-audio\/rack\/rack-skb-12-espacios-3skb-r912u24\/#primaryimage"},"image":{"@id":"https:\/\/www.mexicanguitarplayers.com\/tienda\/accesorios\/para-audio\/rack\/rack-skb-12-espacios-3skb-r912u24\/#primaryimage"},"thumbnailUrl":"https:\/\/www.mexicanguitarplayers.com\/wp-content\/uploads\/2022\/08\/VASKB3SR912U24.jpg","datePublished":"2022-08-19T12:57:27+00:00","dateModified":"2026-04-10T10:49:22+00:00","description":"RACK SKB 12 ESPACIOS 3SKB-R912U24. Rack de 12 espacios, rieles de acero enroscados, rieles traseros, resistente al agua y a los golpes, puertas con juntas, v\u00e1lvula de alivio de presi\u00f3n, ruedas extra\u00edbles de 4.5\u201d, se apila de forma segura con las ruedas puestas o no, pestillos empotrados, amortiguadores ajustables de elast\u00f3mero, roto moldeado para mayor resistencia, ancho interior: 48.26 cm, altura interior: 53.34 cm, profundidad exterior: 91.44 cm, ancho exterior: 67.95 cm, altura exterior: 77.47 cm, profundidad de rack riel a riel: 60.96 cm, profundidad de rack riel delantero a tapa trasera: 72.39 cm, profundidad de la tapa: 11.43 cm, peso: 37.76 kg. (La altura exterior se mide sin las ruedas, con ruedas la altura total es de 35\u201d).","breadcrumb":{"@id":"https:\/\/www.mexicanguitarplayers.com\/tienda\/accesorios\/para-audio\/rack\/rack-skb-12-espacios-3skb-r912u24\/#breadcrumb"},"inLanguage":"en-US","potentialAction":[{"@type":"ReadAction","target":["https:\/\/www.mexicanguitarplayers.com\/tienda\/accesorios\/para-audio\/rack\/rack-skb-12-espacios-3skb-r912u24\/"]}]},{"@type":"ImageObject","inLanguage":"en-US","@id":"https:\/\/www.mexicanguitarplayers.com\/tienda\/accesorios\/para-audio\/rack\/rack-skb-12-espacios-3skb-r912u24\/#primaryimage","url":"https:\/\/www.mexicanguitarplayers.com\/wp-content\/uploads\/2022\/08\/VASKB3SR912U24.jpg","contentUrl":"https:\/\/www.mexicanguitarplayers.com\/wp-content\/uploads\/2022\/08\/VASKB3SR912U24.jpg","width":1200,"height":1200},{"@type":"BreadcrumbList","@id":"https:\/\/www.mexicanguitarplayers.com\/tienda\/accesorios\/para-audio\/rack\/rack-skb-12-espacios-3skb-r912u24\/#breadcrumb","itemListElement":[{"@type":"ListItem","position":1,"name":"Portada","item":"https:\/\/www.mexicanguitarplayers.com\/"},{"@type":"ListItem","position":2,"name":"Tienda","item":"https:\/\/www.mexicanguitarplayers.com\/tienda\/"},{"@type":"ListItem","position":3,"name":"RACK SKB 12 ESPACIOS 3SKB-R912U24"}]},{"@type":"WebSite","@id":"https:\/\/www.mexicanguitarplayers.com\/#website","url":"https:\/\/www.mexicanguitarplayers.com\/","name":"Mexican Guitar Players","description":"Website","publisher":{"@id":"https:\/\/www.mexicanguitarplayers.com\/#organization"},"potentialAction":[{"@type":"SearchAction","target":{"@type":"EntryPoint","urlTemplate":"https:\/\/www.mexicanguitarplayers.com\/?s={search_term_string}"},"query-input":{"@type":"PropertyValueSpecification","valueRequired":true,"valueName":"search_term_string"}}],"inLanguage":"en-US"},{"@type":"Organization","@id":"https:\/\/www.mexicanguitarplayers.com\/#organization","name":"Mexican Guitar Players","url":"https:\/\/www.mexicanguitarplayers.com\/","logo":{"@type":"ImageObject","inLanguage":"en-US","@id":"https:\/\/www.mexicanguitarplayers.com\/#\/schema\/logo\/image\/","url":"","contentUrl":"","caption":"Mexican Guitar Players"},"image":{"@id":"https:\/\/www.mexicanguitarplayers.com\/#\/schema\/logo\/image\/"}}]}},"brands":[{"id":609,"name":"SKB","slug":"skb"}],"_links":{"self":[{"href":"https:\/\/www.mexicanguitarplayers.com\/en\/wp-json\/wp\/v2\/product\/21759","targetHints":{"allow":["GET"]}}],"collection":[{"href":"https:\/\/www.mexicanguitarplayers.com\/en\/wp-json\/wp\/v2\/product"}],"about":[{"href":"https:\/\/www.mexicanguitarplayers.com\/en\/wp-json\/wp\/v2\/types\/product"}],"replies":[{"embeddable":true,"href":"https:\/\/www.mexicanguitarplayers.com\/en\/wp-json\/wp\/v2\/comments?post=21759"}],"wp:featuredmedia":[{"embeddable":true,"href":"https:\/\/www.mexicanguitarplayers.com\/en\/wp-json\/wp\/v2\/media\/21754"}],"wp:attachment":[{"href":"https:\/\/www.mexicanguitarplayers.com\/en\/wp-json\/wp\/v2\/media?parent=21759"}],"wp:term":[{"taxonomy":"pwb-brand","embeddable":true,"href":"https:\/\/www.mexicanguitarplayers.com\/en\/wp-json\/wp\/v2\/pwb-brand?post=21759"},{"taxonomy":"product_brand","embeddable":true,"href":"https:\/\/www.mexicanguitarplayers.com\/en\/wp-json\/wp\/v2\/product_brand?post=21759"},{"taxonomy":"product_cat","embeddable":true,"href":"https:\/\/www.mexicanguitarplayers.com\/en\/wp-json\/wp\/v2\/product_cat?post=21759"},{"taxonomy":"product_tag","embeddable":true,"href":"https:\/\/www.mexicanguitarplayers.com\/en\/wp-json\/wp\/v2\/product_tag?post=21759"}],"curies":[{"name":"wp","href":"https:\/\/api.w.org\/{rel}","templated":true}]}}